{"id":8206,"date":"2025-12-24T10:10:09","date_gmt":"2025-12-24T10:10:09","guid":{"rendered":"https:\/\/pgvape.com\/?post_type=product&#038;p=8206"},"modified":"2025-12-26T07:44:21","modified_gmt":"2025-12-26T07:44:21","slug":"uor-tornado-30000-30k-zaciagniec-jednorazowy-vape-2-5nikotyna-10smak-wyswietlacz-led-vape-fabryka-hurtownia","status":"publish","type":"product","link":"https:\/\/pgvape.com\/pl\/produkt\/uor-tornado-30000-30k-zaciagniec-jednorazowy-vape-2-5nikotyna-10smak-wyswietlacz-led-vape-fabryka-hurtownia\/","title":{"rendered":"UOR Tornado 30000 30K Puffs Jednorazowe Vape 2% 5%Nikotyna 10Taste Wy\u015bwietlacz LED Vape Fabryka Hurtowa"},"content":{"rendered":"<p><strong>UOR Tornado 30000 30K Puffs Wy\u015bwietlacz LED Jednorazowy d\u0142ugopis Vape<\/strong>\u00a0zosta\u0142 zaprojektowany dla u\u017cytkownik\u00f3w poszukuj\u0105cych d\u0142ugotrwa\u0142ej wydajno\u015bci i g\u0142adkiego, sp\u00f3jnego smaku. .<\/p>\n<p>&nbsp;<\/p>\n<h2><strong><span style=\"font-size: 90%;\">Dane techniczne jednorazowego waporyzatora UOR Tornado 30000 30K Puffs<\/span><\/strong><\/h2>\n<p><strong data-sourcepos=\"11:6-11:37\">Akumulator 650 mAh<\/strong>\u00a0\u2013 Szybkie \u0142adowanie przez USB typu C<\/p>\n<p><strong data-sourcepos=\"12:6-12:34\">28 ml wst\u0119pnie nape\u0142nionego p\u0142ynu E<\/strong>\u00a0\u2013 D\u0142ugotrwa\u0142a stabilno\u015b\u0107 smaku<\/p>\n<p><strong data-sourcepos=\"13:6-13:24\">Cewka siatkowa 1,0 \u03a9<\/strong>\u00a0\u2013 G\u0142adka para i zwi\u0119kszona klarowno\u015b\u0107 smaku<\/p>\n<p><strong data-sourcepos=\"14:7-14:22\">Wy\u015bwietlacz LED<\/strong>\u00a0- Monitoruj szczeg\u00f3\u0142y baterii i u\u017cytkowania w mgnieniu oka<\/p>\n<p><strong data-sourcepos=\"15:6-15:28\">Do 30 000 zaci\u0105gni\u0119\u0107<\/strong>\u00a0\u2013 D\u0142u\u017csza \u017cywotno\u015b\u0107, mniej odpad\u00f3w<\/p>\n<p><strong data-sourcepos=\"16:6-16:33\">10 jednostek w opakowaniu detalicznym<\/strong>\u00a0\u2013 Idealny do handlu detalicznego i hurtowego<\/p>\n<p><strong data-sourcepos=\"17:6-17:33\">Elegancki, ergonomiczny kszta\u0142t<\/strong>\u00a0\u2013 Komfort u\u017cytkowania przez ca\u0142y dzie\u0144<\/p>\n<p>&nbsp;<\/p>\n<h3><strong><span style=\"font-size: 90%;\">UOR Tornado 30000 30K Puffs Jednorazowa lista smak\u00f3w Vape:<\/span><\/strong><\/h3>\n<p><strong>1.L\u00f3d jagodowy<\/strong><\/p>\n<p><strong>2. Nap\u00f3j energetyczny<\/strong><\/p>\n<p><strong>3. L\u00f3d winogronowy<\/strong><\/p>\n<p><strong>4.Kiwi Gujawa z marakuji<\/strong><\/p>\n<p><strong>5. Pan Niebieski<\/strong><\/p>\n<p><strong>6. Brzoskwiniowy l\u00f3d<\/strong><\/p>\n<p><strong>7. Arbuz Truskawkowy<\/strong><\/p>\n<p><strong>8.Truskawkowe Kiwi<\/strong><\/p>\n<p><strong>9.Truskawka Malina Wi\u015bnia<\/strong><\/p>\n<p><strong>10.L\u00f3d arbuzowy<\/strong><\/p>\n<p><strong><img loading=\"lazy\" decoding=\"async\" class=\"alignnone wp-image-8221 size-full\" src=\"https:\/\/pgvape.com\/wp-content\/uploads\/2025\/12\/UOR-Tornado-30000-30K-Puffs-Disposable-Vape-2-5-Nicotin-10Tastes-Vape-Factory-Wholesale-PGvape-Flavor-List.png\" alt=\"Kolorowe jednorazowe d\u0142ugopisy vape z motywem ma\u0142py UOR 30k w smakach takich jak Blueberry Ice, Peach Ice i Strawberry Kiwi.\" width=\"1500\" height=\"1500\" srcset=\"https:\/\/pgvape.com\/wp-content\/uploads\/2025\/12\/UOR-Tornado-30000-30K-Puffs-Disposable-Vape-2-5-Nicotin-10Tastes-Vape-Factory-Wholesale-PGvape-Flavor-List.png 1500w, https:\/\/pgvape.com\/wp-content\/uploads\/2025\/12\/UOR-Tornado-30000-30K-Puffs-Disposable-Vape-2-5-Nicotin-10Tastes-Vape-Factory-Wholesale-PGvape-Flavor-List-360x360.png 360w, https:\/\/pgvape.com\/wp-content\/uploads\/2025\/12\/UOR-Tornado-30000-30K-Puffs-Disposable-Vape-2-5-Nicotin-10Tastes-Vape-Factory-Wholesale-PGvape-Flavor-List-595x595.png 595w, https:\/\/pgvape.com\/wp-content\/uploads\/2025\/12\/UOR-Tornado-30000-30K-Puffs-Disposable-Vape-2-5-Nicotin-10Tastes-Vape-Factory-Wholesale-PGvape-Flavor-List-400x400.png 400w, https:\/\/pgvape.com\/wp-content\/uploads\/2025\/12\/UOR-Tornado-30000-30K-Puffs-Disposable-Vape-2-5-Nicotin-10Tastes-Vape-Factory-Wholesale-PGvape-Flavor-List-768x768.png 768w, https:\/\/pgvape.com\/wp-content\/uploads\/2025\/12\/UOR-Tornado-30000-30K-Puffs-Disposable-Vape-2-5-Nicotin-10Tastes-Vape-Factory-Wholesale-PGvape-Flavor-List-12x12.png 12w, https:\/\/pgvape.com\/wp-content\/uploads\/2025\/12\/UOR-Tornado-30000-30K-Puffs-Disposable-Vape-2-5-Nicotin-10Tastes-Vape-Factory-Wholesale-PGvape-Flavor-List-300x300.png 300w, https:\/\/pgvape.com\/wp-content\/uploads\/2025\/12\/UOR-Tornado-30000-30K-Puffs-Disposable-Vape-2-5-Nicotin-10Tastes-Vape-Factory-Wholesale-PGvape-Flavor-List-600x600.png 600w, https:\/\/pgvape.com\/wp-content\/uploads\/2025\/12\/UOR-Tornado-30000-30K-Puffs-Disposable-Vape-2-5-Nicotin-10Tastes-Vape-Factory-Wholesale-PGvape-Flavor-List-100x100.png 100w\" sizes=\"auto, (max-width: 1500px) 100vw, 1500px\" \/><\/strong><\/p>\n<p>&nbsp;<\/p>\n<h2><strong>Cz\u0119sto zadawane pytania dotycz\u0105ce jednorazowego waporyzatora UOR Tornado 30000 30K Puffs<\/strong><\/h2>\n<p>\u2753 <strong class=\"\">Ile zaci\u0105gni\u0119\u0107 na urz\u0105dzenie?<\/strong><br \/>\n\u2705 Ocena fabryczna <strong class=\"\">30 000 zaci\u0105gni\u0119\u0107<\/strong>\u2014 tygodnie intensywnego u\u017cytkowania.<\/p>\n<p>\u2753 <strong class=\"\">Jak du\u017cy jest zbiornik?<\/strong><br \/>\n\u2705 <strong class=\"\">28ml<\/strong>\u2014du\u017ca pojemno\u015b\u0107 przy mniejszej liczbie wymian.<\/p>\n<p>\u2753 <strong>Czy mo\u017cna go \u0142adowa\u0107?<\/strong><br \/>\n\u2705 <strong>650 mAh<\/strong> bateria + <strong>Typ C<\/strong> port; pe\u0142ne \u0142adowanie w ~30 min.<\/p>\n<p>\u2753 <strong class=\"\">Jakie moce nikotyny s\u0105 oferowane?<\/strong><br \/>\n\u2705 <strong class=\"\">2 %<\/strong> g\u0142adka lub <strong class=\"\">5 %<\/strong> mocny \u2014 wybierz sw\u00f3j hit.<\/p>\n<p>\u2753 <strong>W jaki spos\u00f3b smak pozostaje sp\u00f3jny?<\/strong><br \/>\n\u2705 <strong>Cewka siatkowa 1,0 \u03a9<\/strong> Nagrzewa si\u0119 r\u00f3wnomiernie, tworz\u0105c jedwabiste, aromatyczne chmury.<\/p>\n<p>\u2753 <strong class=\"\">Jak monitorowa\u0107 status?<\/strong><br \/>\n\u2705 <strong class=\"\">Wy\u015bwietlacz LED<\/strong> pokazuje w skr\u00f3cie informacje o baterii i waporyzacji.<\/p>\n<p>\u2753 <strong>Opakowanie gotowe do sprzeda\u017cy detalicznej?<\/strong><br \/>\n\u2705 <strong>10 szt.\/opakowanie<\/strong>\u2014 idealny do p\u00f3\u0142ki lub w\u00f3zka masowego.<\/p>\n<p>&nbsp;<\/p>\n<h3 id=\"brxe-najhln\" class=\"brxe-heading\">Cz\u0119sto zadawane pytania (FAQ)<\/h3>\n<div id=\"brxe-rajiac\" class=\"brxe-text\">\n<p><strong>P: Jakie metody p\u0142atno\u015bci akceptujecie?<\/strong><br \/>\nOdp.: Akceptujemy PayPal, Stripe, przelewy bankowe (obs\u0142ugiwane SEPA), g\u0142\u00f3wne karty kredytowe (Visa, MasterCard, American Express) i p\u0142atno\u015bci w kryptowalutach.<\/p>\n<p><strong>P: Jak d\u0142ugo trwa przygotowanie zam\u00f3wienia?<\/strong><br \/>\nOdp.: Przygotowanie zam\u00f3wienia zajmuje 1-3 dni robocze.<\/p>\n<p><strong>P: Jaki jest czas wysy\u0142ki?<\/strong><br \/>\nOdp.: Czas wysy\u0142ki wynosi 7-14 dni roboczych, w zale\u017cno\u015bci od Twojej lokalizacji. Dostawa towar\u00f3w z europejskich magazyn\u00f3w trwa zazwyczaj 3-6 dni roboczych.<\/p>\n<p><strong>P: Jak mog\u0119 \u015bledzi\u0107 moje zam\u00f3wienie?<\/strong><br \/>\nOdp.: Po wysy\u0142ce otrzymasz wiadomo\u015b\u0107 e-mail z potwierdzeniem i numerem przesy\u0142ki umo\u017cliwiaj\u0105cym \u015bledzenie w czasie rzeczywistym.<\/p>\n<p><strong>P: Jaka jest Twoja polityka zwrot\u00f3w?<\/strong><br \/>\nOdp.: Oferujemy 30-dniow\u0105 polityk\u0119 zwrot\u00f3w lub wymiany. .<\/p>\n<p><strong>P: Czy wyst\u0105pi\u0105 jakie\u015b problemy celne?<br \/>\n<\/strong>Obs\u0142ugujemy wszystkie procedury odprawy celnej, aby zapewni\u0107 Ci bezproblemow\u0105 obs\u0142ug\u0119. .<\/p>\n<p><strong>P: Jakie metody wysy\u0142ki s\u0105 stosowane?<\/strong><br \/>\nWsp\u00f3\u0142pracujemy z firmami UPS\/DHL\/FEDEX\/DPD itp. W zale\u017cno\u015bci od kraju dostawy wybierzemy odpowiedni\u0105 opcj\u0119 wysy\u0142ki, tak aby produkty dotar\u0142y do \u200b\u200bPa\u0144stwa najszybciej jak to mo\u017cliwe.<\/p>\n<p><a href=\"https:\/\/pgvape.com\/pl\/czesto-zadawane-pytania\/\">Kliknij tutaj, aby uzyska\u0107 wi\u0119cej cz\u0119sto zadawanych pyta\u0144<\/a><\/p>\n<p>Szanowni klienci, je\u015bli masz jakiekolwiek pytania dotycz\u0105ce zam\u00f3wienia lub przybycia towaru, skontaktuj si\u0119 z naszym dzia\u0142em obs\u0142ugi klienta. Dzi\u0119kuj\u0119!<\/p>\n<h3 data-sourcepos=\"73:1-73:21\"><strong data-sourcepos=\"73:7-73:21\">Skontaktuj si\u0119 z nami<\/strong><\/h3>\n<div id=\"text-2419739398\" class=\"text\">\n<p><strong data-sourcepos=\"75:3-75:12\">E-mail<\/strong>:\u00a0<a href=\"mailto:support@pgvape.com\"><strong>support@pgvape.com<\/strong><\/a><\/p>\n<p><strong data-sourcepos=\"76:3-76:15\">WhatsApp<\/strong>:\u00a0<a href=\"https:\/\/wa.me\/+8618128481258\"><strong>+86 18128481258<\/strong><\/a><br \/>\n<strong>(Odpowied\u017a w ci\u0105gu 24 godzin w dni robocze)<\/strong><\/p>\n<\/div>\n<h3><strong>Dzi\u0119kujemy za wybranie pgvape.com! .<\/strong><\/h3>\n<\/div>","protected":false},"excerpt":{"rendered":"<p><strong>UOR Tornado 30000<\/strong>\u2014<strong>30 tys. zaci\u0105gni\u0119\u0107<\/strong>, <strong>28ml<\/strong>, <strong>cewka siatkowa<\/strong>, <strong>Wy\u015bwietlacz LED<\/strong>, <strong>Typ C<\/strong>, <strong>2 %\/5 % nic<\/strong>.<strong class=\"\">Wydajno\u015b\u0107 na poziomie burzy, krystalicznie czysta kontrola.<\/strong><\/p>","protected":false},"featured_media":8209,"comment_status":"open","ping_status":"closed","template":"","meta":{"_seopress_robots_primary_cat":"none","_seopress_titles_title":"","_seopress_titles_desc":"","_seopress_robots_index":""},"product_brand":[516,345],"product_cat":[35,515,344],"product_tag":[349,90,79,490,540],"class_list":{"0":"post-8206","1":"product","2":"type-product","3":"status-publish","4":"has-post-thumbnail","6":"product_brand-disposable-vape","7":"product_brand-uor-vape","8":"product_cat-30k-puffs-vape","9":"product_cat-disposable-vape","10":"product_cat-uor-vape","11":"product_tag-30k-puffs-vape","12":"product_tag-disposable-vape","13":"product_tag-led-display","14":"product_tag-minimum-2-pieces","15":"product_tag-uor-tornado-30000","17":"first","18":"instock","19":"sale","20":"shipping-taxable","21":"purchasable","22":"product-type-variable"},"_links":{"self":[{"href":"https:\/\/pgvape.com\/pl\/wp-json\/wp\/v2\/product\/8206","targetHints":{"allow":["GET"]}}],"collection":[{"href":"https:\/\/pgvape.com\/pl\/wp-json\/wp\/v2\/product"}],"about":[{"href":"https:\/\/pgvape.com\/pl\/wp-json\/wp\/v2\/types\/product"}],"replies":[{"embeddable":true,"href":"https:\/\/pgvape.com\/pl\/wp-json\/wp\/v2\/comments?post=8206"}],"wp:featuredmedia":[{"embeddable":true,"href":"https:\/\/pgvape.com\/pl\/wp-json\/wp\/v2\/media\/8209"}],"wp:attachment":[{"href":"https:\/\/pgvape.com\/pl\/wp-json\/wp\/v2\/media?parent=8206"}],"wp:term":[{"taxonomy":"product_brand","embeddable":true,"href":"https:\/\/pgvape.com\/pl\/wp-json\/wp\/v2\/product_brand?post=8206"},{"taxonomy":"product_cat","embeddable":true,"href":"https:\/\/pgvape.com\/pl\/wp-json\/wp\/v2\/product_cat?post=8206"},{"taxonomy":"product_tag","embeddable":true,"href":"https:\/\/pgvape.com\/pl\/wp-json\/wp\/v2\/product_tag?post=8206"}],"curies":[{"name":"wp","href":"https:\/\/api.w.org\/{rel}","templated":true}]}}