{"id":8175,"date":"2025-12-24T08:43:12","date_gmt":"2025-12-24T08:43:12","guid":{"rendered":"https:\/\/pgvape.com\/?post_type=product&#038;p=8175"},"modified":"2025-12-24T08:46:59","modified_gmt":"2025-12-24T08:46:59","slug":"uor-krysztal-12000-12k-zaciagniec-jednorazowy-vape-25nikotyna-12smak-swiatla-rgb-vape-fabryka-hurtownia","status":"publish","type":"product","link":"https:\/\/pgvape.com\/pl\/produkt\/uor-krysztal-12000-12k-zaciagniec-jednorazowy-vape-25nikotyna-12smak-swiatla-rgb-vape-fabryka-hurtownia\/","title":{"rendered":"UOR Crystal 12000 12K Puffs Jednorazowy Vape 2%,5%Nikotyna 12Taste \u015awiat\u0142o RGB Vape Fabryka Hurtowa"},"content":{"rendered":"<p><strong data-sourcepos=\"6:5-6:26\">Kryszta\u0142 UOR 12000<\/strong> to najwy\u017cszej jako\u015bci jednorazowy waporyzator o du\u017cej pojemno\u015bci, zaprojektowany z my\u015bl\u0105 o trwa\u0142o\u015bci, konsystencji smaku i atrakcyjno\u015bci wizualnej. <strong data-sourcepos=\"6:147-6:163\">12 000 zaci\u0105gni\u0119\u0107<\/strong> wspierany przez <strong data-sourcepos=\"6:180-6:206\">Pojemno\u015b\u0107 e-liquidu 18 ml<\/strong>, A <strong data-sourcepos=\"6:210-6:228\">Cewka siatkowa 1,0 \u03a9<\/strong>, oraz <strong data-sourcepos=\"6:236-6:267\">Akumulator o pojemno\u015bci 650 mAh<\/strong>, zapewnia g\u0142adk\u0105 i satysfakcjonuj\u0105c\u0105 par\u0119 przy ka\u017cdym zaci\u0105gni\u0119ciu. <strong data-sourcepos=\"6:335-6:366\">Moc nikotyny 2% lub 5%<\/strong> i 12 fachowo opracowanych smak\u00f3w \u2013 wszystko zapakowane w eleganckie urz\u0105dzenie o przyci\u0105gaj\u0105cym wzrok wygl\u0105dzie <strong data-sourcepos=\"6:454-6:477\">Wska\u017anik \u015bwietlny RGB<\/strong>. .<\/p>\n<p>&nbsp;<\/p>\n<h2><strong><span style=\"font-size: 90%;\">Dane techniczne jednorazowego waporyzatora UOR Crystal 12000 12K Puffs<\/span><\/strong><\/h2>\n<p>\ud83d\udd0b\u00a0<strong data-sourcepos=\"11:6-11:37\">Akumulator o pojemno\u015bci 650 mAh<\/strong>\u00a0\u2013 Szybkie \u0142adowanie przez USB typu C<\/p>\n<p>\ud83d\udca7\u00a0<strong data-sourcepos=\"12:6-12:34\">18 ml wst\u0119pnie nape\u0142nionego e-liquidu<\/strong>\u00a0\u2013 D\u0142ugotrwa\u0142y, stabilny smak<\/p>\n<p>\ud83d\udd25\u00a0<strong data-sourcepos=\"13:6-13:24\">Cewka siatkowa 1,0 \u03a9<\/strong>\u00a0\u2013 G\u0142adka para, zwi\u0119kszona klarowno\u015b\u0107 smaku<\/p>\n<p>\ud83c\udf08\u00a0<strong data-sourcepos=\"14:6-14:29\">Wska\u017anik \u015bwietlny RGB<\/strong>\u00a0\u2013 Nowoczesne wizualne sprz\u0119\u017cenie zwrotne podczas u\u017cytkowania<\/p>\n<p>\ud83d\udca8\u00a0<strong data-sourcepos=\"15:6-15:28\">Do 12 000 zaci\u0105gni\u0119\u0107<\/strong>\u00a0\u2013 Zmniejsza potrzeb\u0119 cz\u0119stych wymian<\/p>\n<p>\ud83d\udc4c\u00a0<strong data-sourcepos=\"16:6-16:32\">Elegancka, przeno\u015bna konstrukcja<\/strong>\u00a0- Wygodnie mie\u015bci si\u0119 w d\u0142oni i kieszeni<\/p>\n<p>\ud83d\udce6\u00a0<strong data-sourcepos=\"17:6-17:33\">10 sztuk w opakowaniu detalicznym<\/strong>\u00a0\u2013 Wygodny w sprzeda\u017cy detalicznej i hurtowej<\/p>\n<p>&nbsp;<\/p>\n<h3><strong><span style=\"font-size: 90%;\">UOR Crystal 12000 12K Puffs Jednorazowa lista smak\u00f3w Vape:<\/span><\/strong><\/h3>\n<p><strong>1.Malina jagodowa<\/strong><\/p>\n<p><strong>2. Wi\u015bniowa Cola<\/strong><\/p>\n<p><strong>3. L\u00f3d winogronowy<\/strong><\/p>\n<p><strong>4.Kiwi Gujawa z marakuji<\/strong><\/p>\n<p><strong>5. Mieszane jagody<\/strong><\/p>\n<p><strong>6. Pan Niebieski<\/strong><\/p>\n<p><strong>7. Brzoskwiniowy l\u00f3d<\/strong><\/p>\n<p><strong>8.Podw\u00f3jne jab\u0142ko<\/strong><\/p>\n<p><strong>9. L\u00f3d truskawkowy<\/strong><\/p>\n<p><strong>10. Arbuz truskawkowy<\/strong><\/p>\n<p><strong>11.Truskawkowe Kiwi<\/strong><\/p>\n<p><strong>12.L\u00f3d arbuzowy<img loading=\"lazy\" decoding=\"async\" class=\"alignnone wp-image-8179 size-full\" src=\"https:\/\/pgvape.com\/wp-content\/uploads\/2025\/12\/UOR-Crystal-12000-12K-Puffs-Disposable-Vape-2-5-Nicotine-12Taste-RGB-Light-Vape-Factory-Wholesale-pgvape-2.png\" alt=\"Niebieski baner promocyjny przedstawiaj\u0105cy jednorazowe butelki do vape UOR Crystal 12K Puffs w r\u00f3\u017cnych smakach z grafik\u0105 ma\u0142py i czerwonym opakowaniem po prawej stronie.\" width=\"2000\" height=\"1125\" srcset=\"https:\/\/pgvape.com\/wp-content\/uploads\/2025\/12\/UOR-Crystal-12000-12K-Puffs-Disposable-Vape-2-5-Nicotine-12Taste-RGB-Light-Vape-Factory-Wholesale-pgvape-2.png 2000w, https:\/\/pgvape.com\/wp-content\/uploads\/2025\/12\/UOR-Crystal-12000-12K-Puffs-Disposable-Vape-2-5-Nicotine-12Taste-RGB-Light-Vape-Factory-Wholesale-pgvape-2-555x312.png 555w, https:\/\/pgvape.com\/wp-content\/uploads\/2025\/12\/UOR-Crystal-12000-12K-Puffs-Disposable-Vape-2-5-Nicotine-12Taste-RGB-Light-Vape-Factory-Wholesale-pgvape-2-595x335.png 595w, https:\/\/pgvape.com\/wp-content\/uploads\/2025\/12\/UOR-Crystal-12000-12K-Puffs-Disposable-Vape-2-5-Nicotine-12Taste-RGB-Light-Vape-Factory-Wholesale-pgvape-2-400x225.png 400w, https:\/\/pgvape.com\/wp-content\/uploads\/2025\/12\/UOR-Crystal-12000-12K-Puffs-Disposable-Vape-2-5-Nicotine-12Taste-RGB-Light-Vape-Factory-Wholesale-pgvape-2-768x432.png 768w, https:\/\/pgvape.com\/wp-content\/uploads\/2025\/12\/UOR-Crystal-12000-12K-Puffs-Disposable-Vape-2-5-Nicotine-12Taste-RGB-Light-Vape-Factory-Wholesale-pgvape-2-1536x864.png 1536w, https:\/\/pgvape.com\/wp-content\/uploads\/2025\/12\/UOR-Crystal-12000-12K-Puffs-Disposable-Vape-2-5-Nicotine-12Taste-RGB-Light-Vape-Factory-Wholesale-pgvape-2-18x10.png 18w, https:\/\/pgvape.com\/wp-content\/uploads\/2025\/12\/UOR-Crystal-12000-12K-Puffs-Disposable-Vape-2-5-Nicotine-12Taste-RGB-Light-Vape-Factory-Wholesale-pgvape-2-600x338.png 600w\" sizes=\"auto, (max-width: 2000px) 100vw, 2000px\" \/><\/strong><\/p>\n<p>&nbsp;<\/p>\n<h2><span style=\"font-size: 90%;\">Cz\u0119sto zadawane pytania dotycz\u0105ce jednorazowego waporyzatora UOR Crystal 12000 12K Puffs<\/span><\/h2>\n<p>\u2753 <strong>Jakie moce nikotyny s\u0105 oferowane?<\/strong><br \/>\n\u2705 <strong>2 %<\/strong> g\u0142adka lub <strong>5 %<\/strong> mocny \u2014 wybierz sw\u00f3j hit.<\/p>\n<p>\u2753 <strong class=\"\">W jaki spos\u00f3b smak pozostaje sp\u00f3jny?<\/strong><br \/>\n\u2705 <strong>18 ml<\/strong> zbiornik + <strong>Cewka siatkowa 1,0 \u03a9<\/strong> = sta\u0142a, bogata moc wyj\u015bciowa.<\/p>\n<p>\u2753 <strong>Czy para jest g\u0142adka?<\/strong><br \/>\n\u2705 <strong>Cewka siatkowa<\/strong> Nagrzewa si\u0119 r\u00f3wnomiernie, tworz\u0105c jedwabiste, aromatyczne chmury.<\/p>\n<p>\u2753 <strong>Czy mo\u017cna go \u0142adowa\u0107?<\/strong><br \/>\n\u2705 <strong>650 mAh<\/strong> bateria + <strong>Typ C<\/strong> port \u2013 szybkie do\u0142adowania.<\/p>\n<p>\u2753 <strong>Sk\u0105d mam wiedzie\u0107, \u017ce to dzia\u0142a?<\/strong><br \/>\n\u2705 <strong>\u015awiat\u0142o RGB<\/strong> \u015bwieci si\u0119 podczas rysowania \u2014 styl + status.<\/p>\n<p>\u2753 <strong>Ile wybor\u00f3w smakowych?<\/strong><br \/>\n\u2705 <strong>12 wyselekcjonowanych mieszanek<\/strong> z <strong>Wi\u015bniowa Cola<\/strong> Do <strong>Gujawa z marakuji kiwi<\/strong>.<\/p>\n<p>\u2753 <strong>Opakowanie gotowe do sprzeda\u017cy detalicznej?<\/strong><br \/>\n\u2705 <strong>10 szt.\/opakowanie<\/strong>\u2014 idealny do p\u00f3\u0142ki lub w\u00f3zka masowego.<\/p>\n<p>&nbsp;<\/p>\n<h3 id=\"brxe-najhln\" class=\"brxe-heading\">Cz\u0119sto zadawane pytania (FAQ)<\/h3>\n<div id=\"brxe-rajiac\" class=\"brxe-text\">\n<p><strong>P: Jakie metody p\u0142atno\u015bci akceptujecie?<\/strong><br \/>\nOdp.: Akceptujemy PayPal, Stripe, przelewy bankowe (obs\u0142ugiwane SEPA), g\u0142\u00f3wne karty kredytowe (Visa, MasterCard, American Express) i p\u0142atno\u015bci w kryptowalutach.<\/p>\n<p><strong>P: Jak d\u0142ugo trwa przygotowanie zam\u00f3wienia?<\/strong><br \/>\nOdp.: Przygotowanie zam\u00f3wienia zajmuje 1-3 dni robocze.<\/p>\n<p><strong>P: Jaki jest czas wysy\u0142ki?<\/strong><br \/>\nOdp.: Czas wysy\u0142ki wynosi 7-14 dni roboczych, w zale\u017cno\u015bci od Twojej lokalizacji. Dostawa towar\u00f3w z europejskich magazyn\u00f3w trwa zazwyczaj 3-6 dni roboczych.<\/p>\n<p><strong>P: Jak mog\u0119 \u015bledzi\u0107 moje zam\u00f3wienie?<\/strong><br \/>\nOdp.: Po wysy\u0142ce otrzymasz wiadomo\u015b\u0107 e-mail z potwierdzeniem i numerem przesy\u0142ki umo\u017cliwiaj\u0105cym \u015bledzenie w czasie rzeczywistym.<\/p>\n<p><strong>P: Jaka jest Twoja polityka zwrot\u00f3w?<\/strong><br \/>\nOdp.: Oferujemy 30-dniow\u0105 polityk\u0119 zwrot\u00f3w lub wymiany. .<\/p>\n<p><strong>P: Czy wyst\u0105pi\u0105 jakie\u015b problemy celne?<br \/>\n<\/strong>Obs\u0142ugujemy wszystkie procedury odprawy celnej, aby zapewni\u0107 Ci bezproblemow\u0105 obs\u0142ug\u0119. .<\/p>\n<p><strong>P: Jakie metody wysy\u0142ki s\u0105 stosowane?<\/strong><br \/>\nWsp\u00f3\u0142pracujemy z firmami UPS\/DHL\/FEDEX\/DPD itp. W zale\u017cno\u015bci od kraju dostawy wybierzemy odpowiedni\u0105 opcj\u0119 wysy\u0142ki, tak aby produkty dotar\u0142y do \u200b\u200bPa\u0144stwa najszybciej jak to mo\u017cliwe.<\/p>\n<p><a href=\"https:\/\/pgvape.com\/pl\/czesto-zadawane-pytania\/\">Kliknij tutaj, aby uzyska\u0107 wi\u0119cej cz\u0119sto zadawanych pyta\u0144<\/a><\/p>\n<p>Szanowni klienci, je\u015bli masz jakiekolwiek pytania dotycz\u0105ce zam\u00f3wienia lub przybycia towaru, skontaktuj si\u0119 z naszym dzia\u0142em obs\u0142ugi klienta. Dzi\u0119kuj\u0119!<\/p>\n<h3 data-sourcepos=\"73:1-73:21\"><strong data-sourcepos=\"73:7-73:21\">Skontaktuj si\u0119 z nami<\/strong><\/h3>\n<div id=\"text-2419739398\" class=\"text\">\n<p><strong data-sourcepos=\"75:3-75:12\">E-mail<\/strong>:\u00a0<a href=\"mailto:support@pgvape.com\"><strong>support@pgvape.com<\/strong><\/a><\/p>\n<p><strong data-sourcepos=\"76:3-76:15\">WhatsApp<\/strong>:\u00a0<a href=\"https:\/\/wa.me\/+8618128481258\"><strong>+86 18128481258<\/strong><\/a><br \/>\n<strong>(Odpowied\u017a w ci\u0105gu 24 godzin w dni robocze)<\/strong><\/p>\n<\/div>\n<h3><strong>Dzi\u0119kujemy za wybranie pgvape.com! .<\/strong><\/h3>\n<\/div>","protected":false},"excerpt":{"rendered":"<p><strong>Kryszta\u0142 UOR 12000<\/strong>\u2014<strong>12 tys. zaci\u0105gni\u0119\u0107<\/strong>, <strong>18 ml<\/strong>, <strong>cewka siatkowa<\/strong>, <strong>Po\u015bwiata RGB<\/strong>, <strong>Typ C<\/strong>, <strong>2 %\/5 % nic<\/strong>.<strong>Kryszta\u0142 na zewn\u0105trz, smak w \u015brodku.<\/strong><\/p>","protected":false},"featured_media":8178,"comment_status":"open","ping_status":"closed","template":"","meta":{"_seopress_robots_primary_cat":"none","_seopress_titles_title":"","_seopress_titles_desc":"","_seopress_robots_index":""},"product_brand":[516,345],"product_cat":[147,515,344],"product_tag":[376,90,490,539,538],"class_list":{"0":"post-8175","1":"product","2":"type-product","3":"status-publish","4":"has-post-thumbnail","6":"product_brand-disposable-vape","7":"product_brand-uor-vape","8":"product_cat-12k-puffs-vape","9":"product_cat-disposable-vape","10":"product_cat-uor-vape","11":"product_tag-12k-puffs-vape","12":"product_tag-disposable-vape","13":"product_tag-minimum-2-pieces","14":"product_tag-rgb-light","15":"product_tag-uor-crystal-12000","17":"first","18":"instock","19":"sale","20":"shipping-taxable","21":"purchasable","22":"product-type-variable"},"_links":{"self":[{"href":"https:\/\/pgvape.com\/pl\/wp-json\/wp\/v2\/product\/8175","targetHints":{"allow":["GET"]}}],"collection":[{"href":"https:\/\/pgvape.com\/pl\/wp-json\/wp\/v2\/product"}],"about":[{"href":"https:\/\/pgvape.com\/pl\/wp-json\/wp\/v2\/types\/product"}],"replies":[{"embeddable":true,"href":"https:\/\/pgvape.com\/pl\/wp-json\/wp\/v2\/comments?post=8175"}],"wp:featuredmedia":[{"embeddable":true,"href":"https:\/\/pgvape.com\/pl\/wp-json\/wp\/v2\/media\/8178"}],"wp:attachment":[{"href":"https:\/\/pgvape.com\/pl\/wp-json\/wp\/v2\/media?parent=8175"}],"wp:term":[{"taxonomy":"product_brand","embeddable":true,"href":"https:\/\/pgvape.com\/pl\/wp-json\/wp\/v2\/product_brand?post=8175"},{"taxonomy":"product_cat","embeddable":true,"href":"https:\/\/pgvape.com\/pl\/wp-json\/wp\/v2\/product_cat?post=8175"},{"taxonomy":"product_tag","embeddable":true,"href":"https:\/\/pgvape.com\/pl\/wp-json\/wp\/v2\/product_tag?post=8175"}],"curies":[{"name":"wp","href":"https:\/\/api.w.org\/{rel}","templated":true}]}}