{"id":8139,"date":"2025-12-23T13:22:00","date_gmt":"2025-12-23T13:22:00","guid":{"rendered":"https:\/\/pgvape.com\/?post_type=product&#038;p=8139"},"modified":"2026-03-15T13:41:59","modified_gmt":"2026-03-15T13:41:59","slug":"vopk-btc-35000-35k-zaciagniec-podwojny-tryb-jednorazowe-vape-regulowany-przeplyw-powietrza-moc-5-nikotyny-10smak-360-zakrzywiony-ekran-vape-fabryka-hurtowa","status":"publish","type":"product","link":"https:\/\/pgvape.com\/pl\/produkt\/vopk-btc-35000-35k-zaciagniec-podwojny-tryb-jednorazowe-vape-regulowany-przeplyw-powietrza-moc-5-nikotyny-10smak-360-zakrzywiony-ekran-vape-fabryka-hurtowa\/","title":{"rendered":"VOPK BTC 35000 35K Puffs Podw\u00f3jny tryb Jednorazowy Vape Regulowana moc przep\u0142ywu powietrza 5%Nikotyna 10Taste 360\u00b0 Zakrzywiony ekran Vape Factory Hurtownia"},"content":{"rendered":"<p><strong data-sourcepos=\"4:46-4:62\">VOPK BTC 35 tys<\/strong>\u2014wysokowydajny jednorazowy waporyzator zaprojektowany z my\u015bl\u0105 o zapewnieniu wyj\u0105tkowego smaku i trwa\u0142o\u015bci. <strong data-sourcepos=\"4:174-4:197\">Cewka z podw\u00f3jn\u0105 siatk\u0105 0,8 \u03a9<\/strong> i znaczny <strong data-sourcepos=\"4:216-4:233\">22ml e-p\u0142ynu<\/strong> pojemno\u015b\u0107, oferuje imponuj\u0105ce <strong data-sourcepos=\"4:268-4:284\">35 000 zaci\u0105gni\u0119\u0107<\/strong> niezmiennie g\u0142adkiej pary.<strong data-sourcepos=\"4:339-4:390\">galwanizacja, farba metaliczna i druk UV<\/strong>\u2014 \u0142\u0105czy w sobie estetyk\u0119 premium z inteligentn\u0105 funkcjonalno\u015bci\u0105, w tym <strong data-sourcepos=\"4:458-4:498\">inteligentny zakrzywiony ekran 360 stopni<\/strong> i regulowane ustawienia mocy. .<img loading=\"lazy\" decoding=\"async\" class=\"alignnone wp-image-8165 size-full\" src=\"https:\/\/pgvape.com\/wp-content\/uploads\/2025\/12\/VOPK-BTC-35000-35K-Puffs-Disposable-Vape-Adjustable-Airflow-Power-5Nicotine-10Taste-Full-Screen-Display-Vape-Factory-Wholesale-12.png\" alt=\"Jednorazowy waporyzator VOPK BTC 35K o tematyce kosmicznej z r\u00f3\u017cowymi i niebieskimi kapsu\u0142kami obok monety Bitcoin, prezentuj\u0105cy tryby Boost i Norm.\" width=\"1200\" height=\"686\" srcset=\"https:\/\/pgvape.com\/wp-content\/uploads\/2025\/12\/VOPK-BTC-35000-35K-Puffs-Disposable-Vape-Adjustable-Airflow-Power-5Nicotine-10Taste-Full-Screen-Display-Vape-Factory-Wholesale-12.png 1200w, https:\/\/pgvape.com\/wp-content\/uploads\/2025\/12\/VOPK-BTC-35000-35K-Puffs-Disposable-Vape-Adjustable-Airflow-Power-5Nicotine-10Taste-Full-Screen-Display-Vape-Factory-Wholesale-12-555x317.png 555w, https:\/\/pgvape.com\/wp-content\/uploads\/2025\/12\/VOPK-BTC-35000-35K-Puffs-Disposable-Vape-Adjustable-Airflow-Power-5Nicotine-10Taste-Full-Screen-Display-Vape-Factory-Wholesale-12-595x340.png 595w, https:\/\/pgvape.com\/wp-content\/uploads\/2025\/12\/VOPK-BTC-35000-35K-Puffs-Disposable-Vape-Adjustable-Airflow-Power-5Nicotine-10Taste-Full-Screen-Display-Vape-Factory-Wholesale-12-400x229.png 400w, https:\/\/pgvape.com\/wp-content\/uploads\/2025\/12\/VOPK-BTC-35000-35K-Puffs-Disposable-Vape-Adjustable-Airflow-Power-5Nicotine-10Taste-Full-Screen-Display-Vape-Factory-Wholesale-12-768x439.png 768w, https:\/\/pgvape.com\/wp-content\/uploads\/2025\/12\/VOPK-BTC-35000-35K-Puffs-Disposable-Vape-Adjustable-Airflow-Power-5Nicotine-10Taste-Full-Screen-Display-Vape-Factory-Wholesale-12-18x10.png 18w, https:\/\/pgvape.com\/wp-content\/uploads\/2025\/12\/VOPK-BTC-35000-35K-Puffs-Disposable-Vape-Adjustable-Airflow-Power-5Nicotine-10Taste-Full-Screen-Display-Vape-Factory-Wholesale-12-600x343.png 600w\" sizes=\"auto, (max-width: 1200px) 100vw, 1200px\" \/><\/p>\n<p>&nbsp;<\/p>\n<h2><span style=\"font-size: 90%;\">VOPK BTC 35000 35K Puffs Jednorazowy Vape z podw\u00f3jnym trybem Dane techniczne:<\/span><\/h2>\n<p><strong data-sourcepos=\"9:6-9:29\">Podw\u00f3jna cewka siatkowa 0,8 \u03a9<\/strong>\u00a0\u2013 Bogaty smak i g\u0119sta produkcja pary.<\/p>\n<p><strong data-sourcepos=\"10:7-10:43\">Dynamiczny zakrzywiony ekran 360 stopni<\/strong>\u00a0\u2013 Inteligentny wy\u015bwietlacz baterii i e-liquidu z mo\u017cliwo\u015bci\u0105 prze\u0142\u0105czania zasilania.<\/p>\n<p><strong data-sourcepos=\"11:6-11:41\">Bateria 850 mAh + \u0142adowanie przez USB-C<\/strong>\u00a0- Mo\u017cliwo\u015b\u0107 \u0142adowania w celu d\u0142ugotrwa\u0142ego u\u017cytkowania.<\/p>\n<p><strong data-end=\"3669\" data-start=\"3655\">Liczba zaci\u0105gni\u0119\u0107 \u2013 <\/strong>Do 35 000 (norma) \/ 25 000 (wzmocnienie)<\/p>\n<p><strong data-sourcepos=\"13:6-13:32\">Pojemno\u015b\u0107 22 ml e-p\u0142ynu<\/strong>\u00a0\u2013 Wst\u0119pnie nape\u0142niony mieszank\u0105 cieczy premium.<\/p>\n<p><strong data-sourcepos=\"14:7-14:37\">Regulowany przep\u0142yw powietrza i moc<\/strong>\u00a0- Dostosuj sw\u00f3j pob\u00f3r i intensywno\u015b\u0107 pary.<\/p>\n<p><strong data-sourcepos=\"15:5-15:23\">Wyko\u0144czenie premium<\/strong>\u00a0\u2013 Galwanizacja, farba metaliczna i druk UV zapewniaj\u0105 wyrafinowany wygl\u0105d.<\/p>\n<p>&nbsp;<\/p>\n<h3><span style=\"font-size: 90%;\">VOPK BTC 35000 35K Puffs Dual Mode Jednorazowa lista smak\u00f3w Vape:<\/span><\/h3>\n<p>1.L\u00f3d arbuzowy<\/p>\n<p>2. Niebieski Razz L\u00f3d<\/p>\n<p>3. Wybuch truskawek<\/p>\n<p>4. Brzoskwinia gruzi\u0144ska<\/p>\n<p>5. Kiwi pasjonuj\u0105ce<\/p>\n<p>6. L\u00f3d pomara\u0144czowo-\u017curawinowo-limonkowy<\/p>\n<p>7. Fajna mi\u0119ta<\/p>\n<p>8. Kwa\u015bny Ananas Mango<\/p>\n<p>9. Bia\u0142a Brzoskwinia Malina<\/p>\n<p>10.Zamro\u017cone ciasto bananowe<img loading=\"lazy\" decoding=\"async\" class=\"alignnone wp-image-8159 size-full\" src=\"https:\/\/pgvape.com\/wp-content\/uploads\/2025\/12\/VOPK-BTC-35000-35K-Puffs-Disposable-Vape-Adjustable-Airflow-Power-5Nicotine-10Taste-Full-Screen-Display-Vape-Factory-Wholesale-7.png\" alt=\"Dziesi\u0119\u0107 kolorowych jednorazowych urz\u0105dze\u0144 do waporyzacji na o\u015bwietlonym neonami wy\u015bwietlaczu, ka\u017cde z etykiet\u0105 smakow\u0105 Banana Taffy Freeze, Cool Mint, Peach.\" width=\"1500\" height=\"1342\" srcset=\"https:\/\/pgvape.com\/wp-content\/uploads\/2025\/12\/VOPK-BTC-35000-35K-Puffs-Disposable-Vape-Adjustable-Airflow-Power-5Nicotine-10Taste-Full-Screen-Display-Vape-Factory-Wholesale-7.png 1500w, https:\/\/pgvape.com\/wp-content\/uploads\/2025\/12\/VOPK-BTC-35000-35K-Puffs-Disposable-Vape-Adjustable-Airflow-Power-5Nicotine-10Taste-Full-Screen-Display-Vape-Factory-Wholesale-7-402x360.png 402w, https:\/\/pgvape.com\/wp-content\/uploads\/2025\/12\/VOPK-BTC-35000-35K-Puffs-Disposable-Vape-Adjustable-Airflow-Power-5Nicotine-10Taste-Full-Screen-Display-Vape-Factory-Wholesale-7-595x532.png 595w, https:\/\/pgvape.com\/wp-content\/uploads\/2025\/12\/VOPK-BTC-35000-35K-Puffs-Disposable-Vape-Adjustable-Airflow-Power-5Nicotine-10Taste-Full-Screen-Display-Vape-Factory-Wholesale-7-400x358.png 400w, https:\/\/pgvape.com\/wp-content\/uploads\/2025\/12\/VOPK-BTC-35000-35K-Puffs-Disposable-Vape-Adjustable-Airflow-Power-5Nicotine-10Taste-Full-Screen-Display-Vape-Factory-Wholesale-7-768x687.png 768w, https:\/\/pgvape.com\/wp-content\/uploads\/2025\/12\/VOPK-BTC-35000-35K-Puffs-Disposable-Vape-Adjustable-Airflow-Power-5Nicotine-10Taste-Full-Screen-Display-Vape-Factory-Wholesale-7-13x12.png 13w, https:\/\/pgvape.com\/wp-content\/uploads\/2025\/12\/VOPK-BTC-35000-35K-Puffs-Disposable-Vape-Adjustable-Airflow-Power-5Nicotine-10Taste-Full-Screen-Display-Vape-Factory-Wholesale-7-600x537.png 600w\" sizes=\"auto, (max-width: 1500px) 100vw, 1500px\" \/><\/p>\n<p>&nbsp;<\/p>\n<h3><span style=\"font-size: 90%;\">Jednorazowy Vape VOPK BTC 35000 35K Puffs Dual Mode <strong>Wideo:<\/strong><\/span><\/h3>\n<p><iframe loading=\"lazy\" title=\"VOPK BTC 35K Puffs Podw\u00f3jny tryb Jednorazowy Vape Regulowany przep\u0142yw powietrza Moc Vape Fabryka Hurtownia pgvape\" width=\"563\" height=\"1000\" src=\"https:\/\/www.youtube.com\/embed\/ZJqTt0qybLA?feature=oembed\" frameborder=\"0\" allow=\"accelerometer; autoplay; clipboard-write; encrypted-media; gyroscope; picture-in-picture; web-share\" referrerpolicy=\"strict-origin-when-cross-origin\" allowfullscreen><\/iframe><\/p>\n<p>&nbsp;<\/p>\n<h2><span style=\"font-size: 90%;\">Cz\u0119sto zadawane pytania dotycz\u0105ce jednorazowego waporyzatora VOPK BTC 35000 35K Puffs Dual Mode<\/span><\/h2>\n<p>\u2753 <strong>Ile zaci\u0105gni\u0119\u0107 na urz\u0105dzenie?<\/strong><br \/>\n\u2705 <strong>35 000 zaci\u0105gni\u0119\u0107<\/strong> w trybie pojedynczego wentylatora (istnieje opcja z dwoma wentylatorami 25K).<\/p>\n<p>\u2753 <strong>Czy mo\u017cna go \u0142adowa\u0107?<\/strong><br \/>\n\u2705 <strong>850 mAh<\/strong> bateria + <strong>Typ C<\/strong> port; pe\u0142ne \u0142adowanie w ~30 min.<\/p>\n<p>\u2753 <strong class=\"\">Czy mog\u0119 regulowa\u0107 moc lub przep\u0142yw powietrza?<\/strong><br \/>\n\u2705 <strong>Regulowana moc<\/strong> + <strong>dolny otw\u00f3r wentylacyjny<\/strong>\u2014 dostosuj si\u0142\u0119 uderzenia i remis.<\/p>\n<p>\u2753 <strong>Jaka cewka jest w \u015brodku?<\/strong><br \/>\n\u2705 <strong>Cewka z podw\u00f3jn\u0105 siatk\u0105 0,8 \u03a9<\/strong>\u2014 szybkie ciep\u0142o, g\u0119sty smak.<\/p>\n<p>\u2753 <strong>Jak monitorowa\u0107 bateri\u0119 lub sok?<\/strong><br \/>\n\u2705 <strong>Zakrzywiony ekran 360\u00b0<\/strong> wida\u0107 <strong>paliwo<\/strong>, <strong>elektryczny<\/strong>, I <strong>tryb zasilania<\/strong> w czasie rzeczywistym.<\/p>\n<p>\u2753 <strong>Czy zawiera aromat kiwi?<\/strong><br \/>\n\u2705 <strong>Pasjonuj\u0105ce Kiwi<\/strong> to charakterystyczna mieszanka \u2013 tropikalna, pikantna i g\u0142adka.<\/p>\n<p>&nbsp;<\/p>\n<h3 id=\"brxe-najhln\" class=\"brxe-heading\">Cz\u0119sto zadawane pytania (FAQ)<\/h3>\n<div id=\"brxe-rajiac\" class=\"brxe-text\">\n<p><strong>P: Jakie metody p\u0142atno\u015bci akceptujecie?<\/strong><br \/>\nOdp.: Akceptujemy PayPal, Stripe, przelewy bankowe (obs\u0142ugiwane SEPA), g\u0142\u00f3wne karty kredytowe (Visa, MasterCard, American Express) i p\u0142atno\u015bci w kryptowalutach.<\/p>\n<p><strong>P: Jak d\u0142ugo trwa przygotowanie zam\u00f3wienia?<\/strong><br \/>\nOdp.: Przygotowanie zam\u00f3wienia zajmuje 1-3 dni robocze.<\/p>\n<p><strong>P: Jaki jest czas wysy\u0142ki?<\/strong><br \/>\nOdp.: Czas wysy\u0142ki wynosi 7-14 dni roboczych, w zale\u017cno\u015bci od Twojej lokalizacji. Dostawa towar\u00f3w z europejskich magazyn\u00f3w trwa zazwyczaj 3-6 dni roboczych.<\/p>\n<p><strong>P: Jak mog\u0119 \u015bledzi\u0107 moje zam\u00f3wienie?<\/strong><br \/>\nOdp.: Po wysy\u0142ce otrzymasz wiadomo\u015b\u0107 e-mail z potwierdzeniem i numerem przesy\u0142ki umo\u017cliwiaj\u0105cym \u015bledzenie w czasie rzeczywistym.<\/p>\n<p><strong>P: Jaka jest Twoja polityka zwrot\u00f3w?<\/strong><br \/>\nOdp.: Oferujemy 30-dniow\u0105 polityk\u0119 zwrot\u00f3w lub wymiany. .<\/p>\n<p><strong>P: Czy wyst\u0105pi\u0105 jakie\u015b problemy celne?<br \/>\n<\/strong>Obs\u0142ugujemy wszystkie procedury odprawy celnej, aby zapewni\u0107 Ci bezproblemow\u0105 obs\u0142ug\u0119. .<\/p>\n<p><strong>P: Jakie metody wysy\u0142ki s\u0105 stosowane?<\/strong><br \/>\nWsp\u00f3\u0142pracujemy z firmami UPS\/DHL\/FEDEX\/DPD itp. W zale\u017cno\u015bci od kraju dostawy wybierzemy odpowiedni\u0105 opcj\u0119 wysy\u0142ki, tak aby produkty dotar\u0142y do \u200b\u200bPa\u0144stwa najszybciej jak to mo\u017cliwe.<\/p>\n<p><a href=\"https:\/\/pgvape.com\/pl\/czesto-zadawane-pytania\/\">Kliknij tutaj, aby uzyska\u0107 wi\u0119cej cz\u0119sto zadawanych pyta\u0144<\/a><\/p>\n<p>Szanowni klienci, je\u015bli masz jakiekolwiek pytania dotycz\u0105ce zam\u00f3wienia lub przybycia towaru, skontaktuj si\u0119 z naszym dzia\u0142em obs\u0142ugi klienta. Dzi\u0119kuj\u0119!<\/p>\n<h3 data-sourcepos=\"73:1-73:21\"><strong data-sourcepos=\"73:7-73:21\">Skontaktuj si\u0119 z nami<\/strong><\/h3>\n<div id=\"text-2419739398\" class=\"text\">\n<p><strong data-sourcepos=\"75:3-75:12\">E-mail<\/strong>:\u00a0<a href=\"mailto:support@pgvape.com\"><strong>support@pgvape.com<\/strong><\/a><\/p>\n<p><strong data-sourcepos=\"76:3-76:15\">WhatsApp<\/strong>:\u00a0<a href=\"https:\/\/wa.me\/+8618128481258\"><strong>+86 18128481258<\/strong><\/a><br \/>\n<strong>(Odpowied\u017a w ci\u0105gu 24 godzin w dni robocze)<\/strong><\/p>\n<\/div>\n<h3><strong>Dzi\u0119kujemy za wybranie pgvape.com! .<\/strong><\/h3>\n<\/div>","protected":false},"excerpt":{"rendered":"<p><strong>VOPK BTC 35 tys<\/strong>\u2014<strong>35 tys. zaci\u0105gni\u0119\u0107<\/strong>, <strong>22 ml oleju mineralnego<\/strong>, <strong>Podw\u00f3jna siatka 0,8 \u03a9<\/strong>, <strong>regulowana moc i przep\u0142yw powietrza<\/strong>, <strong>Zakrzywiony ekran 360\u00b0<\/strong>.<strong>Przekr\u0119\u0107 odpowietrznik, zwi\u0119ksz moc, posmakuj kiwi.<\/strong><\/p>","protected":false},"featured_media":8152,"comment_status":"open","ping_status":"closed","template":"","meta":{"_seopress_robots_primary_cat":"","_seopress_titles_title":"","_seopress_titles_desc":"","_seopress_robots_index":""},"product_brand":[516,218],"product_cat":[197,515,31],"product_tag":[342,537,536,90,415,535],"class_list":{"0":"post-8139","1":"product","2":"type-product","3":"status-publish","4":"has-post-thumbnail","6":"product_brand-disposable-vape","7":"product_brand-vopk-vape","8":"product_cat-35k-puffs-vape","9":"product_cat-disposable-vape","10":"product_cat-vopk-vape","11":"product_tag-35k-puffs-vape","12":"product_tag-360-curved-screen","13":"product_tag-adjustable-airflow-power","14":"product_tag-disposable-vape","15":"product_tag-dual-mode","16":"product_tag-vopk-btc-35000","18":"first","19":"instock","20":"sale","21":"shipping-taxable","22":"purchasable","23":"product-type-variable"},"_links":{"self":[{"href":"https:\/\/pgvape.com\/pl\/wp-json\/wp\/v2\/product\/8139","targetHints":{"allow":["GET"]}}],"collection":[{"href":"https:\/\/pgvape.com\/pl\/wp-json\/wp\/v2\/product"}],"about":[{"href":"https:\/\/pgvape.com\/pl\/wp-json\/wp\/v2\/types\/product"}],"replies":[{"embeddable":true,"href":"https:\/\/pgvape.com\/pl\/wp-json\/wp\/v2\/comments?post=8139"}],"wp:featuredmedia":[{"embeddable":true,"href":"https:\/\/pgvape.com\/pl\/wp-json\/wp\/v2\/media\/8152"}],"wp:attachment":[{"href":"https:\/\/pgvape.com\/pl\/wp-json\/wp\/v2\/media?parent=8139"}],"wp:term":[{"taxonomy":"product_brand","embeddable":true,"href":"https:\/\/pgvape.com\/pl\/wp-json\/wp\/v2\/product_brand?post=8139"},{"taxonomy":"product_cat","embeddable":true,"href":"https:\/\/pgvape.com\/pl\/wp-json\/wp\/v2\/product_cat?post=8139"},{"taxonomy":"product_tag","embeddable":true,"href":"https:\/\/pgvape.com\/pl\/wp-json\/wp\/v2\/product_tag?post=8139"}],"curies":[{"name":"wp","href":"https:\/\/api.w.org\/{rel}","templated":true}]}}