{"id":8111,"date":"2025-12-23T10:25:45","date_gmt":"2025-12-23T10:25:45","guid":{"rendered":"https:\/\/pgvape.com\/?post_type=product&#038;p=8111"},"modified":"2026-03-23T11:08:28","modified_gmt":"2026-03-23T11:08:28","slug":"airmez-fox-140000-140-tys-zaciagniec-6-w-1-smakach-jednorazowy-vape-wysylka-z-ue-fabryka-vape-hurtownia","status":"publish","type":"product","link":"https:\/\/pgvape.com\/pl\/produkt\/airmez-fox-140000-140-tys-zaciagniec-6-w-1-smakach-jednorazowy-vape-wysylka-z-ue-fabryka-vape-hurtownia\/","title":{"rendered":"Airmez FOX 140000 140K Puffs 6 w 1 smaki Jednorazowa przesy\u0142ka Vape z hurtowni Vape Factory w UE"},"content":{"rendered":"<p><strong data-sourcepos=\"2:1-2:81\">Airmez FOX 140K | 140 000 zaci\u0105gni\u0119\u0107 | 45 ml Wst\u0119pnie nape\u0142niony | Magazyn w UE | Pe\u0142ny ekran<br \/>\nAirmez Fox 6 w 1\u00a0 \u2014 prawdziwa pot\u0119ga w jednorazowym waporyzowaniu, zaprojektowana z my\u015bl\u0105 o trwa\u0142o\u015bci, r\u00f3\u017cnorodno\u015bci smak\u00f3w i inteligentnej kontroli. .<br \/>\n<\/strong><\/p>\n<p>&nbsp;<\/p>\n<h2><span style=\"font-size: 90%;\">Airmez FOX 140000 140K Puffs 6 W 1 Smaki Jednorazowy Vape Dane techniczne<\/span><\/h2>\n<p><strong data-sourcepos=\"13:6-13:33\">6 smak\u00f3w w jednym urz\u0105dzeniu<\/strong>\u00a0\u2013 P\u0142ynne prze\u0142\u0105czanie pomi\u0119dzy wieloma saszetkami smakowymi poprzez obr\u00f3t ustnika.<\/p>\n<p><strong data-sourcepos=\"14:7-14:30\">Pe\u0142ny ekran wy\u015bwietlacza<\/strong>\u00a0\u2013 Szybki podgl\u0105d \u017cywotno\u015bci baterii, liczby zaci\u0105gni\u0119\u0107 i aktywnego smaku.<\/p>\n<p><strong data-sourcepos=\"15:6-15:41\">Bateria 650 mAh + \u0142adowanie przez USB-C<\/strong>\u00a0\u2013 Szybkie do\u0142adowania, niezawodne zasilanie na ca\u0142y dzie\u0144.<\/p>\n<p><strong data-sourcepos=\"16:6-16:29\">45 ml ca\u0142kowitego e-p\u0142ynu<\/strong> \u2013 Trzy kapsu\u0142ki o pojemno\u015bci 15 ml z mo\u017cliwo\u015bci\u0105 wielokrotnego nape\u0142niania zapewniaj\u0105 d\u0142u\u017csze u\u017cytkowanie.a<\/p>\n<p><strong data-sourcepos=\"17:6-17:24\">Cewka siatkowa 1,0 \u03a9<\/strong>\u00a0\u2013 G\u0142adka, bogata para i sp\u00f3jne uwalnianie smaku.<\/p>\n<p><strong data-sourcepos=\"18:6-18:41\">Dost\u0119pnych jest 10 kolekcji smakowych<\/strong>\u00a0\u2013 Profesjonalnie wymieszane mieszanki owocowe dla ka\u017cdego podniebienia.<\/p>\n<p><strong data-sourcepos=\"19:6-19:23\">140 000 zaci\u0105gni\u0119\u0107<\/strong>\u00a0\u2013 Wyj\u0105tkowa \u017cywotno\u015b\u0107 dla d\u0142ugotrwa\u0142ego waporyzatora.<\/p>\n<p><strong data-sourcepos=\"20:6-20:28\">Kompaktowy i przeno\u015bny<\/strong>\u00a0\u2013 Lekka, ergonomiczna konstrukcja, idealna do u\u017cytku w podr\u00f3\u017cy.<\/p>\n<p><strong data-sourcepos=\"13:6-13:33\">Wysy\u0142ka z magazynu UE<\/strong>\u00a0\u2013 Szybka, zgodna dostawa bez op\u00f3\u017anie\u0144 celnych.<\/p>\n<p>&nbsp;<\/p>\n<h3><span style=\"font-size: 90%;\">Airmez FOX 140000 140K Ptysie 6 w 1 Smaki Jednorazowe Vape Lista smak\u00f3w:<\/span><\/h3>\n<p>1. L\u00f3d Wi\u015bniowy i Cola oraz L\u00f3d Mango<\/p>\n<p>2. Lodowy owoc smoka, fuzja owocowa i arbuz malinowy<\/p>\n<p>3.Love 66, lemoniada jagodowa i musuj\u0105ca wi\u015bnia<\/p>\n<p>4. Mieszane jagody i niebieska lemoniada Razz oraz jagody wi\u015bniowe<\/p>\n<p>5.Love 66 &amp; Strawberry Kiwi &amp; Peach Mango<\/p>\n<p>6.Peach Ice &amp; Mango Ice &amp; Dr Blue<\/p>\n<p>7.Truskawka Banan &amp; Vimto &amp; Jagoda Wi\u015bnia \u017burawina<\/p>\n<p>8. Lody truskawkowe, r\u00f3\u017cowa lemoniada i posypka do bingo<\/p>\n<p>9.Truskawkowy arbuz i potr\u00f3jny melon oraz niebieski l\u00f3d Razz<\/p>\n<p>10. Arbuz z lodem i bingo oraz mieszane jagody<\/p>\n<p data-sourcepos=\"52:1-52:120\"><em data-sourcepos=\"52:1-52:120\">(Ka\u017cdy zestaw zawiera trzy kapsu\u0142ki smakowe, ka\u017cdy zawieraj\u0105cy dwa r\u00f3\u017cne smaki \u2014 \u0142\u0105cznie sze\u015b\u0107 opcji smakowych na urz\u0105dzenie).<img loading=\"lazy\" decoding=\"async\" class=\"alignnone wp-image-8116 size-full\" src=\"https:\/\/pgvape.com\/wp-content\/uploads\/2025\/12\/Airmez-FOX-140000-140K-Puffs-6-IN-1-Flavors-Disposable-Vape-Shipment-from-EU-Free-Shipping-Vape-Factory-Wholesale-3.png\" alt=\"Jasny baner na jednorazowy vape Airmez Fox 6 w 1, przedstawiaj\u0105cy pastelowe butelki z motywem lisa u\u0142o\u017cone na t\u0119czowym cokole.\" width=\"2000\" height=\"624\" srcset=\"https:\/\/pgvape.com\/wp-content\/uploads\/2025\/12\/Airmez-FOX-140000-140K-Puffs-6-IN-1-Flavors-Disposable-Vape-Shipment-from-EU-Free-Shipping-Vape-Factory-Wholesale-3.png 2000w, https:\/\/pgvape.com\/wp-content\/uploads\/2025\/12\/Airmez-FOX-140000-140K-Puffs-6-IN-1-Flavors-Disposable-Vape-Shipment-from-EU-Free-Shipping-Vape-Factory-Wholesale-3-555x173.png 555w, https:\/\/pgvape.com\/wp-content\/uploads\/2025\/12\/Airmez-FOX-140000-140K-Puffs-6-IN-1-Flavors-Disposable-Vape-Shipment-from-EU-Free-Shipping-Vape-Factory-Wholesale-3-595x186.png 595w, https:\/\/pgvape.com\/wp-content\/uploads\/2025\/12\/Airmez-FOX-140000-140K-Puffs-6-IN-1-Flavors-Disposable-Vape-Shipment-from-EU-Free-Shipping-Vape-Factory-Wholesale-3-400x125.png 400w, https:\/\/pgvape.com\/wp-content\/uploads\/2025\/12\/Airmez-FOX-140000-140K-Puffs-6-IN-1-Flavors-Disposable-Vape-Shipment-from-EU-Free-Shipping-Vape-Factory-Wholesale-3-768x240.png 768w, https:\/\/pgvape.com\/wp-content\/uploads\/2025\/12\/Airmez-FOX-140000-140K-Puffs-6-IN-1-Flavors-Disposable-Vape-Shipment-from-EU-Free-Shipping-Vape-Factory-Wholesale-3-1536x479.png 1536w, https:\/\/pgvape.com\/wp-content\/uploads\/2025\/12\/Airmez-FOX-140000-140K-Puffs-6-IN-1-Flavors-Disposable-Vape-Shipment-from-EU-Free-Shipping-Vape-Factory-Wholesale-3-18x6.png 18w, https:\/\/pgvape.com\/wp-content\/uploads\/2025\/12\/Airmez-FOX-140000-140K-Puffs-6-IN-1-Flavors-Disposable-Vape-Shipment-from-EU-Free-Shipping-Vape-Factory-Wholesale-3-600x187.png 600w\" sizes=\"auto, (max-width: 2000px) 100vw, 2000px\" \/><\/em><\/p>\n<p>&nbsp;<\/p>\n<h3 class=\"auto-hide-last-sibling-br paragraph-pP9ZLC paragraph-element br-paragraph-space\">Dlaczego warto wybra\u0107 europejski magazyn PGVape?<\/h3>\n<p>Szybka wysy\u0142ka: Dostawa do wi\u0119kszo\u015bci kraj\u00f3w UE w ci\u0105gu 3-7 dni roboczych.<\/p>\n<p>Dostawa bezc\u0142owa: Lokalne zapasy w UE zapewniaj\u0105 p\u0142ynn\u0105 i bezc\u0142ow\u0105 wysy\u0142k\u0119.<\/p>\n<p>Autentyczna gwarancja 100%: oryginalne e-papierosy Airmez FOX od certyfikowanych dostawc\u00f3w.<\/p>\n<p>\u015awie\u017ce zapasy: Przechowywane w kontrolowanych warunkach, aby zapewni\u0107 optymaln\u0105 jako\u015b\u0107.<\/p>\n<p>Zaufali Europejczycy: Tysi\u0105ce klient\u00f3w korzysta z szybkich i bezpiecznych us\u0142ug e-papieros\u00f3w oferowanych przez PGVape.<\/p>\n<p>&nbsp;<\/p>\n<h3><span style=\"font-size: 90%;\">Airmez FOX 140000 140K Puffs 6 W 1 Smaki Jednorazowy Vape <strong>Wideo:<\/strong><\/span><\/h3>\n<p><iframe loading=\"lazy\" title=\"Airmez FOX 140K Ptysie 6 W 1 Smaki Jednorazowe Vape Wy\u015bwietlacz LED Vape Fabryka Hurtownia pgvape\" width=\"1020\" height=\"574\" src=\"https:\/\/www.youtube.com\/embed\/1pZDOi-C2qM?feature=oembed\" frameborder=\"0\" allow=\"accelerometer; autoplay; clipboard-write; encrypted-media; gyroscope; picture-in-picture; web-share\" referrerpolicy=\"strict-origin-when-cross-origin\" allowfullscreen><\/iframe><\/p>\n<p>&nbsp;<\/p>\n<h2><span style=\"font-size: 90%;\">Cz\u0119sto zadawane pytania dotycz\u0105ce Airmez FOX 140000 140K Puffs 6 w 1 smakach Jednorazowy waporyzator<\/span><\/h2>\n<p>\u2753Ile zaci\u0105gni\u0119\u0107 mo\u017ce dostarczy\u0107 Airmez Fox?<br \/>\n\u2705 Oferuje do 140 000 zaci\u0105gni\u0119\u0107, zapewniaj\u0105c d\u0142u\u017csz\u0105 podr\u00f3\u017c wapowania i d\u0142ugotrwa\u0142\u0105 satysfakcj\u0119.<\/p>\n<p>\u2753Jaka jest ca\u0142kowita pojemno\u015b\u0107 e-liquidu w urz\u0105dzeniu?<br \/>\n\u2705Posiada trzy zbiorniki o pojemno\u015bci 15 ml, w sumie 45 ml najwy\u017cszej jako\u015bci e-liquidu zapewniaj\u0105cego bogaty, sp\u00f3jny smak.<\/p>\n<p>\u2753Jak prze\u0142\u0105cza\u0107 smaki w Airmez Fox?<br \/>\n\u2705U\u017cyj obrotowego ustnika \u2013 prosty obr\u00f3t pozwala bez wysi\u0142ku prze\u0142\u0105cza\u0107 si\u0119 pomi\u0119dzy sze\u015bcioma unikalnymi smakami.<\/p>\n<p>\u2753Jakie informacje pokazuje wy\u015bwietlacz LED?<br \/>\n\u2705\u017bywy wy\u015bwietlacz LED informuje Ci\u0119 o \u017cywotno\u015bci baterii, liczbie zaci\u0105gni\u0119\u0107 i aktualnym wyborze smaku.<\/p>\n<p>\u2753Jakiego rodzaju cewki u\u017cywa Airmez Fox i jak poprawia to wra\u017cenia?<br \/>\n\u2705Posiada cewk\u0119 siatkow\u0105 o rezystancji 1,0 \u03a9, kt\u00f3ra zapewnia g\u0142adkie, aromatyczne uderzenia i zwi\u0119ksza produkcj\u0119 pary, zapewniaj\u0105c bardziej satysfakcjonuj\u0105ce waporyzacj\u0119.<\/p>\n<p>\u2753Jak na\u0142adowa\u0107 Airmez Fox?<br \/>\n\u2705Wykorzystuje port USB typu C do szybkiego i wydajnego \u0142adowania, zapewniaj\u0105c nieprzerwane wapowanie.<\/p>\n<p>\u2753Czy Airmez Fox jest przeno\u015bny i mo\u017cna go u\u017cywa\u0107 w podr\u00f3\u017cy?<br \/>\n\u2705Tak, jest kompaktowy, lekki i elegancki \u2013 zaprojektowany tak, aby mo\u017cna go by\u0142o \u0142atwo przenosi\u0107 i idealnie pasowa\u0107 do ka\u017cdego stylu \u017cycia.<\/p>\n<p><img decoding=\"async\" class=\"emoji\" role=\"img\" draggable=\"false\" src=\"https:\/\/s.w.org\/images\/core\/emoji\/17.0.2\/svg\/2753.svg\" alt=\"\u2753\" \/>\u00a0<strong class=\"\">Sk\u0105d jest wysy\u0142any?<\/strong><br \/>\n<img decoding=\"async\" class=\"emoji\" role=\"img\" draggable=\"false\" src=\"https:\/\/s.w.org\/images\/core\/emoji\/17.0.2\/svg\/2705.svg\" alt=\"\u2705\" \/>\u00a0<strong>Magazyn UE<\/strong>\u2014szybka, niezawodna i bezc\u0142owa dostawa na terenie ca\u0142ej Europy.<\/p>\n<p>&nbsp;<\/p>\n<h3 id=\"brxe-najhln\" class=\"brxe-heading\">Cz\u0119sto zadawane pytania (FAQ)<\/h3>\n<div id=\"brxe-rajiac\" class=\"brxe-text\">\n<p><strong>P: Jakie metody p\u0142atno\u015bci akceptujecie?<\/strong><br \/>\nOdp.: Akceptujemy PayPal, Stripe, przelewy bankowe (obs\u0142ugiwane SEPA), g\u0142\u00f3wne karty kredytowe (Visa, MasterCard, American Express) i p\u0142atno\u015bci w kryptowalutach.<\/p>\n<p><strong>P: Jak d\u0142ugo trwa przygotowanie zam\u00f3wienia?<\/strong><br \/>\nOdp.: Przygotowanie zam\u00f3wienia zajmuje 1-3 dni robocze.<\/p>\n<p><strong>P: Jaki jest czas wysy\u0142ki?<\/strong><br \/>\nOdp.: Czas wysy\u0142ki wynosi 7-14 dni roboczych, w zale\u017cno\u015bci od Twojej lokalizacji. Dostawa towar\u00f3w z europejskich magazyn\u00f3w trwa zazwyczaj 3-6 dni roboczych.<\/p>\n<p><strong>P: Jak mog\u0119 \u015bledzi\u0107 moje zam\u00f3wienie?<\/strong><br \/>\nOdp.: Po wysy\u0142ce otrzymasz wiadomo\u015b\u0107 e-mail z potwierdzeniem i numerem przesy\u0142ki umo\u017cliwiaj\u0105cym \u015bledzenie w czasie rzeczywistym.<\/p>\n<p><strong>P: Jaka jest Twoja polityka zwrot\u00f3w?<\/strong><br \/>\nOdp.: Oferujemy 30-dniow\u0105 polityk\u0119 zwrot\u00f3w lub wymiany. .<\/p>\n<p><strong>P: Czy wyst\u0105pi\u0105 jakie\u015b problemy celne?<br \/>\n<\/strong>Obs\u0142ugujemy wszystkie procedury odprawy celnej, aby zapewni\u0107 Ci bezproblemow\u0105 obs\u0142ug\u0119. .<\/p>\n<p><strong>P: Jakie metody wysy\u0142ki s\u0105 stosowane?<\/strong><br \/>\nWsp\u00f3\u0142pracujemy z firmami UPS\/DHL\/FEDEX\/DPD itp. W zale\u017cno\u015bci od kraju dostawy wybierzemy odpowiedni\u0105 opcj\u0119 wysy\u0142ki, tak aby produkty dotar\u0142y do \u200b\u200bPa\u0144stwa najszybciej jak to mo\u017cliwe.<\/p>\n<p><a href=\"https:\/\/pgvape.com\/pl\/czesto-zadawane-pytania\/\">Kliknij tutaj, aby uzyska\u0107 wi\u0119cej cz\u0119sto zadawanych pyta\u0144<\/a><\/p>\n<p>Szanowni klienci, je\u015bli masz jakiekolwiek pytania dotycz\u0105ce zam\u00f3wienia lub przybycia towaru, skontaktuj si\u0119 z naszym dzia\u0142em obs\u0142ugi klienta. Dzi\u0119kuj\u0119!<\/p>\n<h3 data-sourcepos=\"73:1-73:21\"><strong data-sourcepos=\"73:7-73:21\">Skontaktuj si\u0119 z nami<\/strong><\/h3>\n<div id=\"text-2419739398\" class=\"text\">\n<p><strong data-sourcepos=\"75:3-75:12\">E-mail<\/strong>:\u00a0<a href=\"mailto:support@pgvape.com\"><strong>support@pgvape.com<\/strong><\/a><\/p>\n<p><strong data-sourcepos=\"76:3-76:15\">WhatsApp<\/strong>:\u00a0<a href=\"https:\/\/wa.me\/+8618128481258\"><strong>+86 18128481258<\/strong><\/a><br \/>\n<strong>(Odpowied\u017a w ci\u0105gu 24 godzin w dni robocze)<\/strong><\/p>\n<\/div>\n<h3><strong>Dzi\u0119kujemy za wybranie pgvape.com! .<\/strong><\/h3>\n<\/div>","protected":false},"excerpt":{"rendered":"<p><strong>Airmez Fox<\/strong>\u2014<strong>140 tys. zaci\u0105gni\u0119\u0107<\/strong>, <strong>45ml<\/strong>, <strong>6-in-1 twist<\/strong>, <strong>cewka siatkowa<\/strong>, <strong>Typ C<\/strong>, <strong>Wy\u015bwietlacz LED<\/strong>.<strong>Obr\u00f3\u0107 raz, wapuj na sze\u015b\u0107 sposob\u00f3w, wytrzymuj miesi\u0105ce. Wysy\u0142ka z UE<\/strong><\/p>","protected":false},"featured_media":8256,"comment_status":"open","ping_status":"closed","template":"","meta":{"_seopress_robots_primary_cat":"none","_seopress_titles_title":"","_seopress_titles_desc":"","_seopress_robots_index":""},"product_brand":[534,516],"product_cat":[529,533,155,515],"product_tag":[531,253,530,90,532,203],"class_list":{"0":"post-8111","1":"product","2":"type-product","3":"status-publish","4":"has-post-thumbnail","6":"product_brand-airmez-fox-vape-eu","7":"product_brand-disposable-vape","8":"product_cat-140k-puffs-vape","9":"product_cat-airmez-fox-vape-eu","10":"product_cat-airmez-fox-vape","11":"product_cat-disposable-vape","12":"product_tag-140k-puffs-vape","13":"product_tag-6-in-1-flavors","14":"product_tag-airmez-fox-140000","15":"product_tag-disposable-vape","16":"product_tag-rotating-flavor-pod-system","17":"product_tag-shipment-from-eu","19":"first","20":"instock","21":"sale","22":"shipping-taxable","23":"purchasable","24":"product-type-variable"},"_links":{"self":[{"href":"https:\/\/pgvape.com\/pl\/wp-json\/wp\/v2\/product\/8111","targetHints":{"allow":["GET"]}}],"collection":[{"href":"https:\/\/pgvape.com\/pl\/wp-json\/wp\/v2\/product"}],"about":[{"href":"https:\/\/pgvape.com\/pl\/wp-json\/wp\/v2\/types\/product"}],"replies":[{"embeddable":true,"href":"https:\/\/pgvape.com\/pl\/wp-json\/wp\/v2\/comments?post=8111"}],"wp:featuredmedia":[{"embeddable":true,"href":"https:\/\/pgvape.com\/pl\/wp-json\/wp\/v2\/media\/8256"}],"wp:attachment":[{"href":"https:\/\/pgvape.com\/pl\/wp-json\/wp\/v2\/media?parent=8111"}],"wp:term":[{"taxonomy":"product_brand","embeddable":true,"href":"https:\/\/pgvape.com\/pl\/wp-json\/wp\/v2\/product_brand?post=8111"},{"taxonomy":"product_cat","embeddable":true,"href":"https:\/\/pgvape.com\/pl\/wp-json\/wp\/v2\/product_cat?post=8111"},{"taxonomy":"product_tag","embeddable":true,"href":"https:\/\/pgvape.com\/pl\/wp-json\/wp\/v2\/product_tag?post=8111"}],"curies":[{"name":"wp","href":"https:\/\/api.w.org\/{rel}","templated":true}]}}