{"id":8084,"date":"2025-12-23T09:35:42","date_gmt":"2025-12-23T09:35:42","guid":{"rendered":"https:\/\/pgvape.com\/?post_type=product&#038;p=8084"},"modified":"2026-03-15T13:36:50","modified_gmt":"2026-03-15T13:36:50","slug":"airmez-fox-140000-140k-zaciagniec-6-w-1-smaki-jednorazowe-vape-obrotowy-system-kapsulek-smakowych-0-2-3-5-nikotyna-10smak-wyswietlacz-led-vape-fabryka-hurtowa","status":"publish","type":"product","link":"https:\/\/pgvape.com\/pl\/produkt\/airmez-fox-140000-140k-zaciagniec-6-w-1-smaki-jednorazowe-vape-obrotowy-system-kapsulek-smakowych-0-2-3-5-nikotyna-10smak-wyswietlacz-led-vape-fabryka-hurtowa\/","title":{"rendered":"Airmez FOX 140000 140K Puffs 6 W 1 Smaki Jednorazowy Vape Obrotowy system kapsu\u0142ek smakowych 0% 2% 3% 5% Nikotyna 10Taste Wy\u015bwietlacz LED Vape Factory Wholesale"},"content":{"rendered":"<p><strong data-sourcepos=\"6:10-6:31\">Airmez Fox 6 w 1<\/strong> \u2014 prawdziwa pot\u0119ga w jednorazowym waporyzacji, zaprojektowana z my\u015bl\u0105 o trwa\u0142o\u015bci, r\u00f3\u017cnorodno\u015bci smak\u00f3w i inteligentnej kontroli. <strong data-sourcepos=\"6:157-6:173\">140 000 zaci\u0105gni\u0119\u0107<\/strong> pojemno\u015b\u0107 i innowacyjno\u015b\u0107 <strong data-sourcepos=\"6:201-6:224\">obrotowy ustnik<\/strong> prze\u0142\u0105czaj\u0105ce si\u0119 pomi\u0119dzy sze\u015bcioma saszetkami smakowymi, to urz\u0105dzenie zapewnia wyj\u0105tkow\u0105 warto\u015b\u0107 i wygod\u0119. <strong data-sourcepos=\"6:426-6:449\">Zbiorniki na e-liquid o pojemno\u015bci 15 ml<\/strong> (\u0142\u0105cznie 45 ml) zapewniaj\u0105 sta\u0142\u0105 wydajno\u015b\u0107 przez wiele tygodni.<\/p>\n<p>&nbsp;<\/p>\n<h2><span style=\"font-size: 90%;\">Airmez FOX 140000 140K Puffs 6 W 1 Smaki Jednorazowy Vape <\/span>Dane techniczne:<\/h2>\n<p><strong data-sourcepos=\"13:6-13:33\">6 smak\u00f3w w jednym urz\u0105dzeniu<\/strong>\u00a0\u2013 P\u0142ynne prze\u0142\u0105czanie pomi\u0119dzy wieloma saszetkami smakowymi poprzez obr\u00f3t ustnika.<\/p>\n<p><strong data-sourcepos=\"14:7-14:30\">Pe\u0142ny ekran wy\u015bwietlacza<\/strong>\u00a0\u2013 Szybki podgl\u0105d \u017cywotno\u015bci baterii, liczby zaci\u0105gni\u0119\u0107 i aktywnego smaku.<\/p>\n<p><strong data-sourcepos=\"15:6-15:41\">Bateria 650 mAh + \u0142adowanie przez USB-C<\/strong>\u00a0\u2013 Szybkie do\u0142adowania, niezawodne zasilanie na ca\u0142y dzie\u0144.<\/p>\n<p><strong data-sourcepos=\"16:6-16:29\">45 ml ca\u0142kowitego e-p\u0142ynu<\/strong>\u00a0\u2013 Trzy kapsu\u0142ki o pojemno\u015bci 15 ml z mo\u017cliwo\u015bci\u0105 wielokrotnego nape\u0142niania zapewniaj\u0105 d\u0142ugotrwa\u0142e u\u017cytkowanie.<\/p>\n<p><strong data-sourcepos=\"17:6-17:24\">Cewka siatkowa 1,0 \u03a9<\/strong>\u00a0\u2013 G\u0142adka, bogata para i sp\u00f3jne uwalnianie smaku.<\/p>\n<p><strong data-sourcepos=\"18:6-18:41\">Dost\u0119pnych jest 10 kolekcji smakowych<\/strong>\u00a0\u2013 Profesjonalnie wymieszane mieszanki owocowe dla ka\u017cdego podniebienia.<\/p>\n<p><strong data-sourcepos=\"19:6-19:23\">140 000 zaci\u0105gni\u0119\u0107<\/strong>\u00a0\u2013 Wyj\u0105tkowa \u017cywotno\u015b\u0107 dla d\u0142ugotrwa\u0142ego waporyzatora.<\/p>\n<p><strong data-sourcepos=\"20:6-20:28\">Kompaktowy i przeno\u015bny<\/strong>\u00a0\u2013 Lekka, ergonomiczna konstrukcja, idealna do u\u017cytku w podr\u00f3\u017cy.<\/p>\n<p>&nbsp;<\/p>\n<h3><span style=\"font-size: 90%;\">Airmez FOX 140000 140K Puffs 6 W 1 Smaki Jednorazowy Vape <\/span>Lista smak\u00f3w:<\/h3>\n<p>1. L\u00f3d Wi\u015bniowy i Cola oraz L\u00f3d Mango<\/p>\n<p>2. Lodowy owoc smoka, fuzja owocowa i arbuz malinowy<\/p>\n<p>3.Love 66, lemoniada jagodowa i musuj\u0105ca wi\u015bnia<\/p>\n<p>4. Mieszane jagody i niebieska lemoniada Razz oraz jagody wi\u015bniowe<\/p>\n<p>5.Love 66 &amp; Strawberry Kiwi &amp; Peach Mango<\/p>\n<p>6.Peach Ice &amp; Mango Ice &amp; Dr Blue<\/p>\n<p>7.Truskawka Banan &amp; Vimto &amp; Jagoda Wi\u015bnia \u017burawina<\/p>\n<p>8. Lody truskawkowe, r\u00f3\u017cowa lemoniada i posypka do bingo<\/p>\n<p>9.Truskawkowy arbuz i potr\u00f3jny melon oraz niebieski l\u00f3d Razz<\/p>\n<p>10. Arbuz z lodem i bingo oraz mieszane jagody<\/p>\n<p data-sourcepos=\"52:1-52:120\"><em data-sourcepos=\"52:1-52:120\">(Ka\u017cdy zestaw zawiera trzy kapsu\u0142ki smakowe, ka\u017cdy zawieraj\u0105cy dwa r\u00f3\u017cne smaki \u2014 \u0142\u0105cznie sze\u015b\u0107 opcji smakowych na urz\u0105dzenie).<img loading=\"lazy\" decoding=\"async\" class=\"alignnone wp-image-8100 size-full\" src=\"https:\/\/pgvape.com\/wp-content\/uploads\/2025\/12\/Airmez-FOX-140000-140K-Puffs-6-IN-1-Flavors-Disposable-Vape-0-2-3-5-Nicotine-10Taste-LED-Dispaly-Vape-Factory-Wholesale-14.png\" alt=\"Jasno\u017c\u00f3\u0142ty baner przedstawiaj\u0105cy jednorazowe butelki do waporyzacji Airmez FOX 6 w 1 w pastelowych kolorach, ustawione w rz\u0119dzie, ze schematami tryb\u00f3w smakowych po lewej stronie.\" width=\"2000\" height=\"624\" srcset=\"https:\/\/pgvape.com\/wp-content\/uploads\/2025\/12\/Airmez-FOX-140000-140K-Puffs-6-IN-1-Flavors-Disposable-Vape-0-2-3-5-Nicotine-10Taste-LED-Dispaly-Vape-Factory-Wholesale-14.png 2000w, https:\/\/pgvape.com\/wp-content\/uploads\/2025\/12\/Airmez-FOX-140000-140K-Puffs-6-IN-1-Flavors-Disposable-Vape-0-2-3-5-Nicotine-10Taste-LED-Dispaly-Vape-Factory-Wholesale-14-555x173.png 555w, https:\/\/pgvape.com\/wp-content\/uploads\/2025\/12\/Airmez-FOX-140000-140K-Puffs-6-IN-1-Flavors-Disposable-Vape-0-2-3-5-Nicotine-10Taste-LED-Dispaly-Vape-Factory-Wholesale-14-595x186.png 595w, https:\/\/pgvape.com\/wp-content\/uploads\/2025\/12\/Airmez-FOX-140000-140K-Puffs-6-IN-1-Flavors-Disposable-Vape-0-2-3-5-Nicotine-10Taste-LED-Dispaly-Vape-Factory-Wholesale-14-400x125.png 400w, https:\/\/pgvape.com\/wp-content\/uploads\/2025\/12\/Airmez-FOX-140000-140K-Puffs-6-IN-1-Flavors-Disposable-Vape-0-2-3-5-Nicotine-10Taste-LED-Dispaly-Vape-Factory-Wholesale-14-768x240.png 768w, https:\/\/pgvape.com\/wp-content\/uploads\/2025\/12\/Airmez-FOX-140000-140K-Puffs-6-IN-1-Flavors-Disposable-Vape-0-2-3-5-Nicotine-10Taste-LED-Dispaly-Vape-Factory-Wholesale-14-1536x479.png 1536w, https:\/\/pgvape.com\/wp-content\/uploads\/2025\/12\/Airmez-FOX-140000-140K-Puffs-6-IN-1-Flavors-Disposable-Vape-0-2-3-5-Nicotine-10Taste-LED-Dispaly-Vape-Factory-Wholesale-14-18x6.png 18w, https:\/\/pgvape.com\/wp-content\/uploads\/2025\/12\/Airmez-FOX-140000-140K-Puffs-6-IN-1-Flavors-Disposable-Vape-0-2-3-5-Nicotine-10Taste-LED-Dispaly-Vape-Factory-Wholesale-14-600x187.png 600w\" sizes=\"auto, (max-width: 2000px) 100vw, 2000px\" \/><\/em><\/p>\n<p>&nbsp;<\/p>\n<h3><span style=\"font-size: 90%;\">Airmez FOX 140000 140K Puffs 6 W 1 Smaki Jednorazowy Vape <strong>Wideo:<\/strong><\/span><\/h3>\n<p><iframe loading=\"lazy\" title=\"Airmez FOX 140K Ptysie 6 W 1 Smaki Jednorazowe Vape Wy\u015bwietlacz LED Vape Fabryka Hurtownia pgvape\" width=\"1020\" height=\"574\" src=\"https:\/\/www.youtube.com\/embed\/1pZDOi-C2qM?feature=oembed\" frameborder=\"0\" allow=\"accelerometer; autoplay; clipboard-write; encrypted-media; gyroscope; picture-in-picture; web-share\" referrerpolicy=\"strict-origin-when-cross-origin\" allowfullscreen><\/iframe><\/p>\n<p>&nbsp;<\/p>\n<h2><span style=\"font-size: 90%;\">Cz\u0119sto zadawane pytania dotycz\u0105ce Airmez FOX 140000 140K Puffs 6 w 1 smakach Jednorazowy waporyzator<\/span><\/h2>\n<p>\u2753 <strong class=\"\">Ile zaci\u0105gni\u0119\u0107 na urz\u0105dzenie?<\/strong><br \/>\n\u2705 Ocena fabryczna <strong>140 000 zaci\u0105gni\u0119\u0107<\/strong>\u2014miesi\u0105ce codziennego wapowania.<\/p>\n<p>\u2753 <strong class=\"\">Jak zmieni\u0107 smaki?<\/strong><br \/>\n\u2705 <strong class=\"\">Obr\u00f3\u0107 ustnik<\/strong>\u2014instantly switch between <strong>six pre-filled blends<\/strong>.<\/p>\n<p>\u2753 <strong>Czy mo\u017cna go \u0142adowa\u0107?<\/strong><br \/>\n\u2705 <strong class=\"\">650 mAh<\/strong> bateria + <strong>Typ C<\/strong> port; pe\u0142ne \u0142adowanie w ~30 min.<\/p>\n<p>\u2753 <strong class=\"\">Jakie moce nikotyny s\u0105 oferowane?<\/strong><br \/>\n\u2705 <strong>2 %, 3 %, 5 %<\/strong> nic-salt \u2014 wybierz przy kasie.<\/p>\n<p>\u2753 <strong>Jak monitorowa\u0107 bateri\u0119 lub sok?<\/strong><br \/>\n\u2705 <strong>Du\u017cy wy\u015bwietlacz LED<\/strong> wida\u0107 <strong>bateria<\/strong>, <strong class=\"\">liczba zaci\u0105gni\u0119\u0107<\/strong> I <strong>aktywny smak<\/strong>.<\/p>\n<p>\u2753 <strong class=\"\">Czy urz\u0105dzenie przecieka?<\/strong><br \/>\n\u2705 <strong class=\"\">Independent sealed tanks<\/strong>\u2014 brak wyciek\u00f3w smakowych.<\/p>\n<p>&nbsp;<\/p>\n<h3 id=\"brxe-najhln\" class=\"brxe-heading\">Cz\u0119sto zadawane pytania (FAQ)<\/h3>\n<div id=\"brxe-rajiac\" class=\"brxe-text\">\n<p><strong>P: Jakie metody p\u0142atno\u015bci akceptujecie?<\/strong><br \/>\nOdp.: Akceptujemy PayPal, Stripe, przelewy bankowe (obs\u0142ugiwane SEPA), g\u0142\u00f3wne karty kredytowe (Visa, MasterCard, American Express) i p\u0142atno\u015bci w kryptowalutach.<\/p>\n<p><strong>P: Jak d\u0142ugo trwa przygotowanie zam\u00f3wienia?<\/strong><br \/>\nOdp.: Przygotowanie zam\u00f3wienia zajmuje 1-3 dni robocze.<\/p>\n<p><strong>P: Jaki jest czas wysy\u0142ki?<\/strong><br \/>\nOdp.: Czas wysy\u0142ki wynosi 7-14 dni roboczych, w zale\u017cno\u015bci od Twojej lokalizacji. Dostawa towar\u00f3w z europejskich magazyn\u00f3w trwa zazwyczaj 3-6 dni roboczych.<\/p>\n<p><strong>P: Jak mog\u0119 \u015bledzi\u0107 moje zam\u00f3wienie?<\/strong><br \/>\nOdp.: Po wysy\u0142ce otrzymasz wiadomo\u015b\u0107 e-mail z potwierdzeniem i numerem przesy\u0142ki umo\u017cliwiaj\u0105cym \u015bledzenie w czasie rzeczywistym.<\/p>\n<p><strong>P: Jaka jest Twoja polityka zwrot\u00f3w?<\/strong><br \/>\nOdp.: Oferujemy 30-dniow\u0105 polityk\u0119 zwrot\u00f3w lub wymiany. .<\/p>\n<p><strong>P: Czy wyst\u0105pi\u0105 jakie\u015b problemy celne?<br \/>\n<\/strong>Obs\u0142ugujemy wszystkie procedury odprawy celnej, aby zapewni\u0107 Ci bezproblemow\u0105 obs\u0142ug\u0119. .<\/p>\n<p><strong>P: Jakie metody wysy\u0142ki s\u0105 stosowane?<\/strong><br \/>\nWsp\u00f3\u0142pracujemy z firmami UPS\/DHL\/FEDEX\/DPD itp. W zale\u017cno\u015bci od kraju dostawy wybierzemy odpowiedni\u0105 opcj\u0119 wysy\u0142ki, tak aby produkty dotar\u0142y do \u200b\u200bPa\u0144stwa najszybciej jak to mo\u017cliwe.<\/p>\n<p><a href=\"https:\/\/pgvape.com\/pl\/czesto-zadawane-pytania\/\">Kliknij tutaj, aby uzyska\u0107 wi\u0119cej cz\u0119sto zadawanych pyta\u0144<\/a><\/p>\n<p>Szanowni klienci, je\u015bli masz jakiekolwiek pytania dotycz\u0105ce zam\u00f3wienia lub przybycia towaru, skontaktuj si\u0119 z naszym dzia\u0142em obs\u0142ugi klienta. Dzi\u0119kuj\u0119!<\/p>\n<h3 data-sourcepos=\"73:1-73:21\"><strong data-sourcepos=\"73:7-73:21\">Skontaktuj si\u0119 z nami<\/strong><\/h3>\n<div id=\"text-2419739398\" class=\"text\">\n<p><strong data-sourcepos=\"75:3-75:12\">E-mail<\/strong>:\u00a0<a href=\"mailto:support@pgvape.com\"><strong>support@pgvape.com<\/strong><\/a><\/p>\n<p><strong data-sourcepos=\"76:3-76:15\">WhatsApp<\/strong>:\u00a0<a href=\"https:\/\/wa.me\/+8618128481258\"><strong>+86 18128481258<\/strong><\/a><br \/>\n<strong>(Odpowied\u017a w ci\u0105gu 24 godzin w dni robocze)<\/strong><\/p>\n<\/div>\n<h3><strong>Dzi\u0119kujemy za wybranie pgvape.com! .<\/strong><\/h3>\n<\/div>","protected":false},"excerpt":{"rendered":"<p><strong>Airmez Fox<\/strong>\u2014<strong>140 tys. zaci\u0105gni\u0119\u0107<\/strong>, <strong>45ml<\/strong>, <strong>6-in-1 twist<\/strong>, <strong>cewka siatkowa<\/strong>, <strong>Typ C<\/strong>, <strong>Wy\u015bwietlacz LED<\/strong>.<strong>Obr\u00f3\u0107 raz, wapuj na sze\u015b\u0107 sposob\u00f3w i wytrzymuj przez miesi\u0105ce.<\/strong><\/p>","protected":false},"featured_media":8087,"comment_status":"open","ping_status":"closed","template":"","meta":{"_seopress_robots_primary_cat":"","_seopress_titles_title":"","_seopress_titles_desc":"","_seopress_robots_index":""},"product_brand":[154,516],"product_cat":[529,155,515],"product_tag":[531,253,530,90,532],"class_list":{"0":"post-8084","1":"product","2":"type-product","3":"status-publish","4":"has-post-thumbnail","6":"product_brand-airmez-fox-vape","7":"product_brand-disposable-vape","8":"product_cat-140k-puffs-vape","9":"product_cat-airmez-fox-vape","10":"product_cat-disposable-vape","11":"product_tag-140k-puffs-vape","12":"product_tag-6-in-1-flavors","13":"product_tag-airmez-fox-140000","14":"product_tag-disposable-vape","15":"product_tag-rotating-flavor-pod-system","17":"first","18":"instock","19":"sale","20":"shipping-taxable","21":"purchasable","22":"product-type-variable"},"_links":{"self":[{"href":"https:\/\/pgvape.com\/pl\/wp-json\/wp\/v2\/product\/8084","targetHints":{"allow":["GET"]}}],"collection":[{"href":"https:\/\/pgvape.com\/pl\/wp-json\/wp\/v2\/product"}],"about":[{"href":"https:\/\/pgvape.com\/pl\/wp-json\/wp\/v2\/types\/product"}],"replies":[{"embeddable":true,"href":"https:\/\/pgvape.com\/pl\/wp-json\/wp\/v2\/comments?post=8084"}],"wp:featuredmedia":[{"embeddable":true,"href":"https:\/\/pgvape.com\/pl\/wp-json\/wp\/v2\/media\/8087"}],"wp:attachment":[{"href":"https:\/\/pgvape.com\/pl\/wp-json\/wp\/v2\/media?parent=8084"}],"wp:term":[{"taxonomy":"product_brand","embeddable":true,"href":"https:\/\/pgvape.com\/pl\/wp-json\/wp\/v2\/product_brand?post=8084"},{"taxonomy":"product_cat","embeddable":true,"href":"https:\/\/pgvape.com\/pl\/wp-json\/wp\/v2\/product_cat?post=8084"},{"taxonomy":"product_tag","embeddable":true,"href":"https:\/\/pgvape.com\/pl\/wp-json\/wp\/v2\/product_tag?post=8084"}],"curies":[{"name":"wp","href":"https:\/\/api.w.org\/{rel}","templated":true}]}}