{"id":7998,"date":"2025-12-22T14:15:23","date_gmt":"2025-12-22T14:15:23","guid":{"rendered":"https:\/\/pgvape.com\/?post_type=product&#038;p=7998"},"modified":"2026-02-20T18:01:05","modified_gmt":"2026-02-20T18:01:05","slug":"jelen-bar-triple-pro-75000-75-tys-zaciagniec-3-w-1-potrojny-smak-rotacja-jednorazowe-vape-wysylka-z-ue-led-inteligentny-ekran-vape-factory-direct","status":"publish","type":"product","link":"https:\/\/pgvape.com\/pl\/produkt\/jelen-bar-triple-pro-75000-75-tys-zaciagniec-3-w-1-potrojny-smak-rotacja-jednorazowe-vape-wysylka-z-ue-led-inteligentny-ekran-vape-factory-direct\/","title":{"rendered":"Stag Bar Triple Pro 75000 75 tys. Zaci\u0105gni\u0119\u0107 3 w 1 Potr\u00f3jny smak Rotacja Jednorazowy Vape Przesy\u0142ka z UE LED Inteligentny ekran Vape Factory Direct"},"content":{"rendered":"<p data-sourcepos=\"1:1-2:66\"><strong data-sourcepos=\"2:1-2:66\">Jele\u0144 75 tys. | <\/strong>Poznaj Stagbar 75K \u2013 jednorazowy waporyzator o du\u017cej pojemno\u015bci, zaprojektowany z my\u015bl\u0105 o d\u0142ugotrwa\u0142ej wydajno\u015bci i r\u00f3\u017cnorodno\u015bci smak\u00f3w. <strong data-sourcepos=\"4:126-4:141\">75,000 puff<\/strong> lifespan and a <strong data-sourcepos=\"4:157-4:190\">system rotacji potr\u00f3jnego smaku<\/strong>, to pot\u0119ga wygody i wytrzyma\u0142o\u015bci. .<\/p>\n<p>&nbsp;<\/p>\n<h2><span style=\"font-size: 90%;\">Stag Bar Triple Pro 75000 75k Puffs 3 w 1 Smaki Jednorazowy Vape Specyfikacja<\/span><\/h2>\n<p><strong data-sourcepos=\"9:6-9:27\">Kapsu\u0142ka o potr\u00f3jnym smaku<\/strong>\u00a0\u2013 Z \u0142atwo\u015bci\u0105 prze\u0142\u0105czaj si\u0119 pomi\u0119dzy trzema wst\u0119pnie nape\u0142nionymi smakami.<\/p>\n<p><strong data-sourcepos=\"10:7-10:27\">Inteligentny ekran LED<\/strong>\u00a0\u2013 Zawsze szybko sprawdzaj poziom na\u0142adowania baterii i e-liquidu.<\/p>\n<p><strong data-sourcepos=\"11:6-11:41\">Bateria 650 mAh + \u0142adowanie przez USB-C<\/strong>\u00a0\u2013 Szybkie do\u0142adowania, d\u0142ugotrwa\u0142a moc.<\/p>\n<p><strong data-sourcepos=\"12:5-12:25\">Potr\u00f3jna cewka siatkowa<\/strong>\u00a0\u2013 Intensywny smak, g\u0119sta para i sta\u0142a wydajno\u015b\u0107.<\/p>\n<p><strong data-sourcepos=\"13:6-13:33\">Wysy\u0142ka z magazynu UE<\/strong>\u00a0\u2013 Szybka, zgodna z przepisami podatkowymi dostawa na terenie ca\u0142ej Europy.<\/p>\n<p><strong data-sourcepos=\"14:6-14:22\">75 000 zaci\u0105gni\u0119\u0107<\/strong>\u00a0\u2013 Wyj\u0105tkowa trwa\u0142o\u015b\u0107 przy d\u0142ugotrwa\u0142ym u\u017cytkowaniu.<\/p>\n<p>&nbsp;<\/p>\n<h3><span style=\"font-size: 90%;\">Stag Bar Triple Pro 75000 75k Puffs 3 w 1 Smaki Jednorazowa lista smak\u00f3w Vape<\/span><\/h3>\n<p>1. L\u00f3d truskawkowy, kiwi i jagodowy oraz l\u00f3d arbuzowy<\/p>\n<p>2. Niebieski Razz Ice &amp; Cranberry Grape &amp; Truskawkowy Arbuz<\/p>\n<p>3. Truskawkowe winogrona i maliny Arbuz i l\u00f3d jagodowy<\/p>\n<p>4.Potr\u00f3jny melon i brzoskwinia, mango, ananas i l\u00f3d truskawkowy<\/p>\n<p>5. L\u00f3d jagodowy, l\u00f3d wi\u015bniowy i limonka cytrynowa<\/p>\n<p>6.Malinowy arbuz i truskawka kiwi i niebieski l\u00f3d Razz<\/p>\n<p>7. Wi\u015bniowy l\u00f3d i truskawka, kiwi i podw\u00f3jne jab\u0142ko<\/p>\n<p>8. Arbuzowa guma balonowa, niebieski l\u00f3d Razz i potr\u00f3jny melon<\/p>\n<p>9. L\u00f3d truskawkowy i l\u00f3d arbuzowy i limonka cytrynowa<\/p>\n<p>10. Arbuz L\u00f3d i Truskawka Winogrono i Brzoskwinia Mango Ananas<img loading=\"lazy\" decoding=\"async\" class=\"alignnone wp-image-8003 size-full\" src=\"https:\/\/pgvape.com\/wp-content\/uploads\/2025\/12\/Stagbar-Triple-Pro-75000-75k-Puffs-3-in-1-Flavors-Disposable-Vape-Hipment-From-EU-Free-Shipping-Vape-Factory-Direct-3.png\" alt=\"Kolorowa linia jednorazowych waporyzator\u00f3w Stagbar Triple Pro z postaciami z kresk\u00f3wek, ma\u0142pami, 75 tys. zaci\u0105gni\u0119\u0107, produktem 3 w 1 i logo magazynu UE.\" width=\"1500\" height=\"483\" srcset=\"https:\/\/pgvape.com\/wp-content\/uploads\/2025\/12\/Stagbar-Triple-Pro-75000-75k-Puffs-3-in-1-Flavors-Disposable-Vape-Hipment-From-EU-Free-Shipping-Vape-Factory-Direct-3.png 1500w, https:\/\/pgvape.com\/wp-content\/uploads\/2025\/12\/Stagbar-Triple-Pro-75000-75k-Puffs-3-in-1-Flavors-Disposable-Vape-Hipment-From-EU-Free-Shipping-Vape-Factory-Direct-3-555x179.png 555w, https:\/\/pgvape.com\/wp-content\/uploads\/2025\/12\/Stagbar-Triple-Pro-75000-75k-Puffs-3-in-1-Flavors-Disposable-Vape-Hipment-From-EU-Free-Shipping-Vape-Factory-Direct-3-595x192.png 595w, https:\/\/pgvape.com\/wp-content\/uploads\/2025\/12\/Stagbar-Triple-Pro-75000-75k-Puffs-3-in-1-Flavors-Disposable-Vape-Hipment-From-EU-Free-Shipping-Vape-Factory-Direct-3-400x129.png 400w, https:\/\/pgvape.com\/wp-content\/uploads\/2025\/12\/Stagbar-Triple-Pro-75000-75k-Puffs-3-in-1-Flavors-Disposable-Vape-Hipment-From-EU-Free-Shipping-Vape-Factory-Direct-3-768x247.png 768w, https:\/\/pgvape.com\/wp-content\/uploads\/2025\/12\/Stagbar-Triple-Pro-75000-75k-Puffs-3-in-1-Flavors-Disposable-Vape-Hipment-From-EU-Free-Shipping-Vape-Factory-Direct-3-18x6.png 18w, https:\/\/pgvape.com\/wp-content\/uploads\/2025\/12\/Stagbar-Triple-Pro-75000-75k-Puffs-3-in-1-Flavors-Disposable-Vape-Hipment-From-EU-Free-Shipping-Vape-Factory-Direct-3-600x193.png 600w\" sizes=\"auto, (max-width: 1500px) 100vw, 1500px\" \/><\/p>\n<p>&nbsp;<\/p>\n<h3><span style=\"font-size: 90%;\">Stag Bar Triple Pro 75000 75k Puffs 3 w 1 Smaki Jednorazowe wideo Vape:<\/span><\/h3>\n<p>&nbsp;<\/p>\n<h3 class=\"auto-hide-last-sibling-br paragraph-pP9ZLC paragraph-element br-paragraph-space\">Dlaczego warto wybra\u0107 europejski magazyn PGVape?<\/h3>\n<p>Szybka wysy\u0142ka: Dostawa do wi\u0119kszo\u015bci kraj\u00f3w UE w ci\u0105gu 3-7 dni roboczych.<\/p>\n<p>Dostawa bezc\u0142owa: Lokalne zapasy w UE zapewniaj\u0105 p\u0142ynn\u0105 i bezc\u0142ow\u0105 wysy\u0142k\u0119.<\/p>\n<p>100% Autentyczna gwarancja: Oryginalna <span style=\"font-size: 90%;\">Bar Jelenia <\/span>e-papierosy od certyfikowanych dostawc\u00f3w.<\/p>\n<p>\u015awie\u017ce zapasy: Przechowywane w kontrolowanych warunkach, aby zapewni\u0107 optymaln\u0105 jako\u015b\u0107.<\/p>\n<p>Zaufali Europejczycy: Tysi\u0105ce klient\u00f3w korzysta z szybkich i bezpiecznych us\u0142ug e-papieros\u00f3w oferowanych przez PGVape.<\/p>\n<p>&nbsp;<\/p>\n<h2 class=\"header-vfC6AV auto-hide-last-sibling-br\"><span style=\"font-size: 90%;\">Cz\u0119sto zadawane pytania dotycz\u0105ce Stag Bar Triple Pro 75000 75k Puffs Jednorazowy waporyzator o smakach 3 w 1<\/span><\/h2>\n<p>\u2753 <strong>Ile w sumie zaci\u0105gni\u0119\u0107?<\/strong><br \/>\n\u2705 Ocena fabryczna <strong>75 000 zaci\u0105gni\u0119\u0107<\/strong>\u2014 tygodnie lub miesi\u0105ce u\u017cytkowania.<\/p>\n<p>\u2753 <strong class=\"\">Jak zmieni\u0107 smaki?<\/strong><br \/>\n\u2705 <strong>Selektor 3 w 1<\/strong>\u2014 przekr\u0119\u0107 lub kliknij, aby przeskakiwa\u0107 pomi\u0119dzy <strong>trzy wst\u0119pnie nape\u0142nione smaki<\/strong>.<\/p>\n<p>\u2753 <strong class=\"\">Czy mo\u017cna go \u0142adowa\u0107?<\/strong><br \/>\n\u2705 <strong>650 mAh<\/strong> bateria + <strong>Typ C<\/strong> port; pe\u0142ne \u0142adowanie w ~30 min.<\/p>\n<p>\u2753 <strong>Jak sprawdzi\u0107 bateri\u0119 lub sok?<\/strong><br \/>\n\u2705 <strong>Inteligentny ekran LED<\/strong> wy\u015bwietla oba poziomy w czasie rzeczywistym.<\/p>\n<p>\u2753 <strong>Sk\u0105d jest wysy\u0142any?<\/strong><br \/>\n\u2705 <strong>Magazyn UE<\/strong>\u2014szybka dostawa na terenie ca\u0142ej Europy.<\/p>\n<p>&nbsp;<\/p>\n<h3 id=\"brxe-najhln\" class=\"brxe-heading\">Cz\u0119sto zadawane pytania (FAQ)<\/h3>\n<div id=\"brxe-rajiac\" class=\"brxe-text\">\n<p><strong>P: Jakie metody p\u0142atno\u015bci akceptujecie?<\/strong><br \/>\nOdp.: Akceptujemy PayPal, Stripe, przelewy bankowe (obs\u0142ugiwane SEPA), g\u0142\u00f3wne karty kredytowe (Visa, MasterCard, American Express) i p\u0142atno\u015bci w kryptowalutach.<\/p>\n<p><strong>P: Jak d\u0142ugo trwa przygotowanie zam\u00f3wienia?<\/strong><br \/>\nOdp.: Przygotowanie zam\u00f3wienia zajmuje 1-3 dni robocze.<\/p>\n<p><strong>P: Jaki jest czas wysy\u0142ki?<\/strong><br \/>\nOdp.: Czas wysy\u0142ki wynosi 7-14 dni roboczych, w zale\u017cno\u015bci od Twojej lokalizacji.<\/p>\n<p><strong>P: Jak mog\u0119 \u015bledzi\u0107 moje zam\u00f3wienie?<\/strong><br \/>\nOdp.: Po wysy\u0142ce otrzymasz wiadomo\u015b\u0107 e-mail z potwierdzeniem i numerem przesy\u0142ki umo\u017cliwiaj\u0105cym \u015bledzenie w czasie rzeczywistym.<\/p>\n<p><strong>P: Jaka jest Twoja polityka zwrot\u00f3w?<\/strong><br \/>\nOdp.: Oferujemy 30-dniow\u0105 polityk\u0119 zwrot\u00f3w lub wymiany. .<\/p>\n<p><strong>P: Czy wyst\u0105pi\u0105 jakie\u015b problemy celne?<br \/>\n<\/strong>Obs\u0142ugujemy wszystkie procedury odprawy celnej, aby zapewni\u0107 Ci bezproblemow\u0105 obs\u0142ug\u0119. .<\/p>\n<p><strong>P: Jakie metody wysy\u0142ki s\u0105 stosowane?<\/strong><br \/>\nWsp\u00f3\u0142pracujemy z firmami UPS\/DHL\/FEDEX\/DPD itp. W zale\u017cno\u015bci od kraju dostawy wybierzemy odpowiedni\u0105 opcj\u0119 wysy\u0142ki, tak aby produkty dotar\u0142y do \u200b\u200bPa\u0144stwa najszybciej jak to mo\u017cliwe.<\/p>\n<p><a href=\"https:\/\/pgvape.com\/pl\/czesto-zadawane-pytania\/\">Kliknij tutaj, aby uzyska\u0107 wi\u0119cej cz\u0119sto zadawanych pyta\u0144<\/a><\/p>\n<p>Szanowni klienci, je\u015bli masz jakiekolwiek pytania dotycz\u0105ce zam\u00f3wienia lub przybycia towaru, skontaktuj si\u0119 z naszym dzia\u0142em obs\u0142ugi klienta. Dzi\u0119kuj\u0119!<\/p>\n<h3 data-sourcepos=\"73:1-73:21\"><strong data-sourcepos=\"73:7-73:21\">Skontaktuj si\u0119 z nami<\/strong><\/h3>\n<div id=\"text-2419739398\" class=\"text\">\n<p><strong data-sourcepos=\"75:3-75:12\">E-mail<\/strong>:\u00a0<a href=\"mailto:support@pgvape.com\"><strong>support@pgvape.com<\/strong><\/a><\/p>\n<p><strong data-sourcepos=\"76:3-76:15\">WhatsApp<\/strong>:\u00a0<a href=\"https:\/\/wa.me\/+8618128481258\"><strong>+86 18128481258<\/strong><\/a><br \/>\n<strong>(Odpowied\u017a w ci\u0105gu 24 godzin w dni robocze)<\/strong><\/p>\n<\/div>\n<h3><strong>Dzi\u0119kujemy za wybranie pgvape.com! .<\/strong><\/h3>\n<\/div>","protected":false},"excerpt":{"rendered":"<p><strong>Stagbar 75K<\/strong>\u2014<strong>75 tys. zaci\u0105gni\u0119\u0107<\/strong>, <strong>potr\u00f3jna siatka<\/strong>, <strong>3 smaki<\/strong>, <strong>Typ C<\/strong>, <strong>inteligentny ekran<\/strong>, <strong>EU stock<\/strong>.<strong>Wybierz trzy, wapuj d\u0142ugo i wysy\u0142aj szybko.<\/strong><\/p>","protected":false},"featured_media":8001,"comment_status":"open","ping_status":"closed","template":"","meta":{"_seopress_robots_primary_cat":"none","_seopress_titles_title":"","_seopress_titles_desc":"","_seopress_robots_index":""},"product_brand":[516,193],"product_cat":[326,515,192],"product_tag":[526,525,90,203,524],"class_list":{"0":"post-7998","1":"product","2":"type-product","3":"status-publish","4":"has-post-thumbnail","6":"product_brand-disposable-vape","7":"product_brand-stag-bar-vape","8":"product_cat-75k-puffs-vape","9":"product_cat-disposable-vape","10":"product_cat-stag-bar-vape","11":"product_tag-3-in-1-triple-flavor-rotation","12":"product_tag-75k-puffs-vape","13":"product_tag-disposable-vape","14":"product_tag-shipment-from-eu","15":"product_tag-stag-bar-triple-pro-75000","17":"first","18":"outofstock","19":"sale","20":"shipping-taxable","21":"purchasable","22":"product-type-variable"},"_links":{"self":[{"href":"https:\/\/pgvape.com\/pl\/wp-json\/wp\/v2\/product\/7998","targetHints":{"allow":["GET"]}}],"collection":[{"href":"https:\/\/pgvape.com\/pl\/wp-json\/wp\/v2\/product"}],"about":[{"href":"https:\/\/pgvape.com\/pl\/wp-json\/wp\/v2\/types\/product"}],"replies":[{"embeddable":true,"href":"https:\/\/pgvape.com\/pl\/wp-json\/wp\/v2\/comments?post=7998"}],"wp:featuredmedia":[{"embeddable":true,"href":"https:\/\/pgvape.com\/pl\/wp-json\/wp\/v2\/media\/8001"}],"wp:attachment":[{"href":"https:\/\/pgvape.com\/pl\/wp-json\/wp\/v2\/media?parent=7998"}],"wp:term":[{"taxonomy":"product_brand","embeddable":true,"href":"https:\/\/pgvape.com\/pl\/wp-json\/wp\/v2\/product_brand?post=7998"},{"taxonomy":"product_cat","embeddable":true,"href":"https:\/\/pgvape.com\/pl\/wp-json\/wp\/v2\/product_cat?post=7998"},{"taxonomy":"product_tag","embeddable":true,"href":"https:\/\/pgvape.com\/pl\/wp-json\/wp\/v2\/product_tag?post=7998"}],"curies":[{"name":"wp","href":"https:\/\/api.w.org\/{rel}","templated":true}]}}