{"id":7965,"date":"2025-12-19T10:44:48","date_gmt":"2025-12-19T10:44:48","guid":{"rendered":"https:\/\/pgvape.com\/?post_type=product&#038;p=7965"},"modified":"2026-03-15T13:36:50","modified_gmt":"2026-03-15T13:36:50","slug":"bang-legend-geek-60000-60k-zaciagniec-jednorazowe-vape-regulowany-przeplyw-powietrza-tryb-turbo-0-5-nikotyna-12-smakow-inteligentny-ekran-vape-fabryka-hurtownia","status":"publish","type":"product","link":"https:\/\/pgvape.com\/pl\/produkt\/bang-legend-geek-60000-60k-zaciagniec-jednorazowe-vape-regulowany-przeplyw-powietrza-tryb-turbo-0-5-nikotyna-12-smakow-inteligentny-ekran-vape-fabryka-hurtownia\/","title":{"rendered":"Bang Legend Geek 60000 60K Puffs Jednorazowy Vape Regulowany przep\u0142yw powietrza i tryb Turbo 0%\u20135% Nikotyna 12 smak\u00f3w Inteligentny ekran Vape Fabryka hurtownia"},"content":{"rendered":"<p>Jednorazowe zaci\u0105gni\u0119cia Bang Legend Geek 60000 60K\u00a0<strong>Vape<\/strong>\u00a0zosta\u0142 zaprojektowany dla waper\u00f3w poszukuj\u0105cych maksymalnej wydajno\u015bci i dostosowania.\u00a0<strong>cewka siatkowa<\/strong>\u00a0gwarantuje g\u0142adk\u0105 par\u0119 i bogaty, sp\u00f3jny smak.\u00a0<strong>e-p\u0142yn<\/strong>\u00a0okienko i 12 wybranych smak\u00f3w, to urz\u0105dzenie r\u00f3wnowa\u017cy codzienn\u0105 przyjemno\u015b\u0107 z d\u0142ugoterminow\u0105 warto\u015bci\u0105, a wszystko to mie\u015bci si\u0119 w kompaktowej, ergonomicznej obudowie, idealnej do u\u017cytku w podr\u00f3\u017cy.<\/p>\n<p>&nbsp;<\/p>\n<h2><span style=\"font-size: 90%;\">Dane techniczne jednorazowego vape Bang Legend Geek 60000 60K Puffs<\/span><\/h2>\n<p><strong>Pufy<\/strong>: A\u017c do <strong class=\"\">60,000<\/strong><\/p>\n<p><strong>E-ciecz<\/strong>: <strong>19ml<\/strong> wst\u0119pnie nape\u0142niony<\/p>\n<p><strong>Nikotyna<\/strong>: <strong class=\"\">2 %, 3 %, 5 %<\/strong> opcje soli<\/p>\n<p><strong>Bateria<\/strong>: <strong>850 mAh<\/strong>, <strong>Typ C<\/strong> szybkie \u0142adowanie<\/p>\n<p><strong>Cewka<\/strong>: <strong class=\"\">Siatka 1,0 \u03a9<\/strong><\/p>\n<p><strong>Przep\u0142yw powietrza<\/strong>: <strong class=\"\">Nastawny<\/strong> (ciasny \u2192 przewiewny)<\/p>\n<p><strong>Tryb<\/strong>: <strong class=\"\">Turbo<\/strong> zwi\u0119kszenie mocy<\/p>\n<p><strong>Okno<\/strong>: <strong>Jasne<\/strong> przegl\u0105darka sok\u00f3w<\/p>\n<p>&nbsp;<\/p>\n<h3><span style=\"font-size: 90%;\">Bang Legend Geek 60000 60K Puffs Jednorazowa lista smak\u00f3w Vape<\/span><\/h3>\n<p>1. Arbuz truskawkowy<\/p>\n<p>2.L\u00f3d jagodowy<\/p>\n<p>3.Malina jagodowa<\/p>\n<p>4. Truskawkowe Kiwi<\/p>\n<p>5.Truskawkowy Banan<\/p>\n<p>6. L\u00f3d winogronowy<\/p>\n<p>7. Truskawkowe Mango<\/p>\n<p>8.Kiwi Gujawa z marakuji<\/p>\n<p>9.Mamba<\/p>\n<p>10. Mi\u0142o\u015b\u0107 66<\/p>\n<p>11. Mieszane jagody<\/p>\n<p>12.Brzoskwiniowy l\u00f3d<img loading=\"lazy\" decoding=\"async\" class=\"alignnone wp-image-7982 size-full\" src=\"https:\/\/pgvape.com\/wp-content\/uploads\/2025\/12\/Bang-Legend-Geek-60000-60K-Puffs-Disposable-Vape-Adjustable-Airflow-Turbo-Mode-0\u20135-Nicotine-12Tastes-Smart-Screen-Vape-Factory-Wholesale-2.png\" alt=\"Rz\u0119dy jednorazowych urz\u0105dze\u0144 do waporyzacji Bang Legend w jasnych kolorach z etykietami smakowymi, na neonowofioletowym tle.\" width=\"1800\" height=\"900\" srcset=\"https:\/\/pgvape.com\/wp-content\/uploads\/2025\/12\/Bang-Legend-Geek-60000-60K-Puffs-Disposable-Vape-Adjustable-Airflow-Turbo-Mode-0\u20135-Nicotine-12Tastes-Smart-Screen-Vape-Factory-Wholesale-2.png 1800w, https:\/\/pgvape.com\/wp-content\/uploads\/2025\/12\/Bang-Legend-Geek-60000-60K-Puffs-Disposable-Vape-Adjustable-Airflow-Turbo-Mode-0\u20135-Nicotine-12Tastes-Smart-Screen-Vape-Factory-Wholesale-2-555x278.png 555w, https:\/\/pgvape.com\/wp-content\/uploads\/2025\/12\/Bang-Legend-Geek-60000-60K-Puffs-Disposable-Vape-Adjustable-Airflow-Turbo-Mode-0\u20135-Nicotine-12Tastes-Smart-Screen-Vape-Factory-Wholesale-2-595x298.png 595w, https:\/\/pgvape.com\/wp-content\/uploads\/2025\/12\/Bang-Legend-Geek-60000-60K-Puffs-Disposable-Vape-Adjustable-Airflow-Turbo-Mode-0\u20135-Nicotine-12Tastes-Smart-Screen-Vape-Factory-Wholesale-2-400x200.png 400w, https:\/\/pgvape.com\/wp-content\/uploads\/2025\/12\/Bang-Legend-Geek-60000-60K-Puffs-Disposable-Vape-Adjustable-Airflow-Turbo-Mode-0\u20135-Nicotine-12Tastes-Smart-Screen-Vape-Factory-Wholesale-2-768x384.png 768w, https:\/\/pgvape.com\/wp-content\/uploads\/2025\/12\/Bang-Legend-Geek-60000-60K-Puffs-Disposable-Vape-Adjustable-Airflow-Turbo-Mode-0\u20135-Nicotine-12Tastes-Smart-Screen-Vape-Factory-Wholesale-2-1536x768.png 1536w, https:\/\/pgvape.com\/wp-content\/uploads\/2025\/12\/Bang-Legend-Geek-60000-60K-Puffs-Disposable-Vape-Adjustable-Airflow-Turbo-Mode-0\u20135-Nicotine-12Tastes-Smart-Screen-Vape-Factory-Wholesale-2-18x9.png 18w, https:\/\/pgvape.com\/wp-content\/uploads\/2025\/12\/Bang-Legend-Geek-60000-60K-Puffs-Disposable-Vape-Adjustable-Airflow-Turbo-Mode-0\u20135-Nicotine-12Tastes-Smart-Screen-Vape-Factory-Wholesale-2-600x300.png 600w\" sizes=\"auto, (max-width: 1800px) 100vw, 1800px\" \/><\/p>\n<p>&nbsp;<\/p>\n<h3><span style=\"font-size: 90%;\">Bang Legend Geek 60000 60K Puffs Jednorazowy Vape <strong>Wideo:<\/strong><\/span><\/h3>\n<p><iframe loading=\"lazy\" title=\"Bang Legend Geek 60K Puffs Jednorazowy Vape Regulowany przep\u0142yw powietrza i tryb Turbo Hurtownia fabryczna pgvape\" width=\"1020\" height=\"574\" src=\"https:\/\/www.youtube.com\/embed\/cip3IqgQwM4?feature=oembed\" frameborder=\"0\" allow=\"accelerometer; autoplay; clipboard-write; encrypted-media; gyroscope; picture-in-picture; web-share\" referrerpolicy=\"strict-origin-when-cross-origin\" allowfullscreen><\/iframe><\/p>\n<p>&nbsp;<\/p>\n<h2 class=\"header-vfC6AV auto-hide-last-sibling-br\"><span style=\"font-size: 90%;\">Cz\u0119sto zadawane pytania dotycz\u0105ce jednorazowego waporyzatora Bang Legend Geek 60000 60K Puffs<\/span><\/h2>\n<p>\u2753Dlaczego warto wybra\u0107 jednorazowe zaci\u0105gni\u0119cia Bang Legend Geek 60000 60K\u00a0<strong>Vape<\/strong>?<br \/>\n\u2705 Zapewnia do 60 000 zaci\u0105gni\u0119\u0107, oferuj\u0105c wyj\u0105tkowo d\u0142ug\u0105 \u017cywotno\u015b\u0107, kt\u00f3ra ogranicza liczb\u0119 wymian i maksymalizuje warto\u015b\u0107.<\/p>\n<p>\u2753Co wyr\u00f3\u017cnia jego dzia\u0142anie?<br \/>\n\u2705 1,0 \u03a9 <strong style=\"font-size: 14.4px;\">cewka siatkowa<\/strong><span style=\"font-size: 14.4px;\">\u00a0zapewnia szybkie nagrzewanie, p\u0142ynne zaci\u0105ganie i bogaty, sp\u00f3jny smak przy ka\u017cdym zaci\u0105gni\u0119ciu.<\/span><\/p>\n<p>\u2753Czy u\u017cytkownicy mog\u0105 dostosowywa\u0107 swoje\u00a0<strong>wapowanie<\/strong> do\u015bwiadczenie?<br \/>\n\u2705 Tak, regulowany przep\u0142yw powietrza i tryb Turbo pozwalaj\u0105 u\u017cytkownikom prze\u0142\u0105cza\u0107 si\u0119 pomi\u0119dzy p\u0142ynnymi zaci\u0105gni\u0119ciami i uderzeniami ze zwi\u0119kszon\u0105 moc\u0105.<\/p>\n<p>\u2753Czy jest niezawodny w codziennym, d\u0142ugotrwa\u0142ym u\u017cytkowaniu?<br \/>\n\u2705 Zdecydowanie. <strong style=\"font-size: 14.4px;\">wapowanie<\/strong><span style=\"font-size: 14.4px;\">\u00a0przy minimalnych przestojach.<\/span><\/p>\n<p>\u2753Dlaczego jest wygodny w u\u017cyciu?<br \/>\n\u2705Przejrzyste <strong style=\"font-size: 14.4px;\">e-p\u0142yn<\/strong><span style=\"font-size: 14.4px;\">\u00a0okienko i 12 opcji smakowych sprawiaj\u0105, \u017ce Bang Legend Geek 60000 jest zar\u00f3wno przyjazny dla u\u017cytkownika, jak i bardzo wszechstronny.<\/span><\/p>\n<p>&nbsp;<\/p>\n<h3 id=\"brxe-najhln\" class=\"brxe-heading\">Cz\u0119sto zadawane pytania (FAQ)<\/h3>\n<div id=\"brxe-rajiac\" class=\"brxe-text\">\n<p><strong>P: Jakie metody p\u0142atno\u015bci akceptujecie?<\/strong><br \/>\nOdp.: Akceptujemy PayPal, Stripe, przelewy bankowe (obs\u0142ugiwane SEPA), g\u0142\u00f3wne karty kredytowe (Visa, MasterCard, American Express) i p\u0142atno\u015bci w kryptowalutach.<\/p>\n<p><strong>P: Jak d\u0142ugo trwa przygotowanie zam\u00f3wienia?<\/strong><br \/>\nOdp.: Przygotowanie zam\u00f3wienia zajmuje 1-3 dni robocze.<\/p>\n<p><strong>P: Jaki jest czas wysy\u0142ki?<\/strong><br \/>\nOdp.: Czas wysy\u0142ki wynosi 7-14 dni roboczych, w zale\u017cno\u015bci od Twojej lokalizacji.<\/p>\n<p><strong>P: Jak mog\u0119 \u015bledzi\u0107 moje zam\u00f3wienie?<\/strong><br \/>\nOdp.: Po wysy\u0142ce otrzymasz wiadomo\u015b\u0107 e-mail z potwierdzeniem i numerem przesy\u0142ki umo\u017cliwiaj\u0105cym \u015bledzenie w czasie rzeczywistym.<\/p>\n<p><strong>P: Jaka jest Twoja polityka zwrot\u00f3w?<\/strong><br \/>\nOdp.: Oferujemy 30-dniow\u0105 polityk\u0119 zwrot\u00f3w lub wymiany. .<\/p>\n<p><strong>P: Czy wyst\u0105pi\u0105 jakie\u015b problemy celne?<br \/>\n<\/strong>Obs\u0142ugujemy wszystkie procedury odprawy celnej, aby zapewni\u0107 Ci bezproblemow\u0105 obs\u0142ug\u0119. .<\/p>\n<p><strong>P: Jakie metody wysy\u0142ki s\u0105 stosowane?<\/strong><br \/>\nWsp\u00f3\u0142pracujemy z firmami UPS\/DHL\/FEDEX\/DPD itp. W zale\u017cno\u015bci od kraju dostawy wybierzemy odpowiedni\u0105 opcj\u0119 wysy\u0142ki, tak aby produkty dotar\u0142y do \u200b\u200bPa\u0144stwa najszybciej jak to mo\u017cliwe.<\/p>\n<p><a href=\"https:\/\/pgvape.com\/pl\/czesto-zadawane-pytania\/\">Kliknij tutaj, aby uzyska\u0107 wi\u0119cej cz\u0119sto zadawanych pyta\u0144<\/a><\/p>\n<p>Szanowni klienci, je\u015bli masz jakiekolwiek pytania dotycz\u0105ce zam\u00f3wienia lub przybycia towaru, skontaktuj si\u0119 z naszym dzia\u0142em obs\u0142ugi klienta. Dzi\u0119kuj\u0119!<\/p>\n<h3 data-sourcepos=\"73:1-73:21\"><strong data-sourcepos=\"73:7-73:21\">Skontaktuj si\u0119 z nami<\/strong><\/h3>\n<div id=\"text-2419739398\" class=\"text\">\n<p><strong data-sourcepos=\"75:3-75:12\">E-mail<\/strong>:\u00a0<a href=\"mailto:support@pgvape.com\"><strong>support@pgvape.com<\/strong><\/a><\/p>\n<p><strong data-sourcepos=\"76:3-76:15\">WhatsApp<\/strong>:\u00a0<a href=\"https:\/\/wa.me\/+8618128481258\"><strong>+86 18128481258<\/strong><\/a><br \/>\n<strong>(Odpowied\u017a w ci\u0105gu 24 godzin w dni robocze)<\/strong><\/p>\n<\/div>\n<h3><strong>Dzi\u0119kujemy za wybranie pgvape.com! .<\/strong><\/h3>\n<\/div>","protected":false},"excerpt":{"rendered":"<p><strong>Bang Legend Geek 60 tys<\/strong>\u2014<strong>60 tys. zaci\u0105gni\u0119\u0107<\/strong>, <strong>19ml<\/strong>, <strong>Turbo + kontrola przep\u0142ywu powietrza<\/strong>, <strong>cewka siatkowa<\/strong>, <strong>Typ C<\/strong>, <strong>inteligentne okno<\/strong>.<strong class=\"\">Moc, kt\u00f3r\u0105 widzisz, smak, kt\u00f3ry czujesz.<\/strong><\/p>","protected":false},"featured_media":7983,"comment_status":"open","ping_status":"closed","template":"","meta":{"_seopress_robots_primary_cat":"","_seopress_titles_title":"","_seopress_titles_desc":"","_seopress_robots_index":""},"product_brand":[72,516],"product_cat":[48,71,515],"product_tag":[315,135,522,90,523],"class_list":{"0":"post-7965","1":"product","2":"type-product","3":"status-publish","4":"has-post-thumbnail","6":"product_brand-bang-legend-vape","7":"product_brand-disposable-vape","8":"product_cat-60k-puffs-vape","9":"product_cat-bang-legend-vape","10":"product_cat-disposable-vape","11":"product_tag-60k-puffs-vape","12":"product_tag-adjustable-airflow","13":"product_tag-bang-legend-geek-60000","14":"product_tag-disposable-vape","15":"product_tag-turbo-mode","17":"first","18":"instock","19":"sale","20":"shipping-taxable","21":"purchasable","22":"product-type-variable"},"_links":{"self":[{"href":"https:\/\/pgvape.com\/pl\/wp-json\/wp\/v2\/product\/7965","targetHints":{"allow":["GET"]}}],"collection":[{"href":"https:\/\/pgvape.com\/pl\/wp-json\/wp\/v2\/product"}],"about":[{"href":"https:\/\/pgvape.com\/pl\/wp-json\/wp\/v2\/types\/product"}],"replies":[{"embeddable":true,"href":"https:\/\/pgvape.com\/pl\/wp-json\/wp\/v2\/comments?post=7965"}],"wp:featuredmedia":[{"embeddable":true,"href":"https:\/\/pgvape.com\/pl\/wp-json\/wp\/v2\/media\/7983"}],"wp:attachment":[{"href":"https:\/\/pgvape.com\/pl\/wp-json\/wp\/v2\/media?parent=7965"}],"wp:term":[{"taxonomy":"product_brand","embeddable":true,"href":"https:\/\/pgvape.com\/pl\/wp-json\/wp\/v2\/product_brand?post=7965"},{"taxonomy":"product_cat","embeddable":true,"href":"https:\/\/pgvape.com\/pl\/wp-json\/wp\/v2\/product_cat?post=7965"},{"taxonomy":"product_tag","embeddable":true,"href":"https:\/\/pgvape.com\/pl\/wp-json\/wp\/v2\/product_tag?post=7965"}],"curies":[{"name":"wp","href":"https:\/\/api.w.org\/{rel}","templated":true}]}}