{"id":7934,"date":"2025-12-17T13:57:20","date_gmt":"2025-12-17T13:57:20","guid":{"rendered":"https:\/\/pgvape.com\/?post_type=product&#038;p=7934"},"modified":"2026-03-15T13:36:50","modified_gmt":"2026-03-15T13:36:50","slug":"bang-king-city-50000-50k-zaciagniec-jednorazowe-vape-city-charakterystyczne-wzory-0-2-3-5-nikotyna-12-smakow-inteligentny-ekran-oled-vape-factory-direct","status":"publish","type":"product","link":"https:\/\/pgvape.com\/pl\/produkt\/bang-king-city-50000-50k-zaciagniec-jednorazowe-vape-city-charakterystyczne-wzory-0-2-3-5-nikotyna-12-smakow-inteligentny-ekran-oled-vape-factory-direct\/","title":{"rendered":"Bang King City 50000 50K Puffs Jednorazowe Vape City Landmark Designs 0% 2% 3% 5% Nikotyna 12Smaki Inteligentny ekran OLED Vape Factory Direct"},"content":{"rendered":"<p>Bang King City 50K wygl\u0105da naprawd\u0119 fajnie \u2013 to urz\u0105dzenie jednorazowe\u00a0<strong>Vape<\/strong>\u00a0Zawiera s\u0142ynne zabytki miasta (takie jak Krzywa Wie\u017ca w Pizie czy Statua Wolno\u015bci), aby uzyska\u0107 stylowy, przyci\u0105gaj\u0105cy wzrok design.\u00a0<strong>E-ciecz<\/strong>\u00a0Pojemno\u015b\u0107 i akumulator 650 mAh z \u0142adowaniem typu C zapewniaj\u0105cym wygodne odzyskiwanie energii.\u00a0<strong>E-ciecz<\/strong>\u00a0Poziomy w czasie rzeczywistym, zapewniaj\u0105c p\u0142ynno\u015b\u0107\u00a0<strong>Wapowanie<\/strong>\u00a0Do\u015bwiadczenie.\u00a0<strong>Wapowanie<\/strong>.<\/p>\n<p>&nbsp;<\/p>\n<h2><span style=\"font-size: 90%;\">Dane techniczne jednorazowego vape Bang King City 50000 50K Puffs<\/span><\/h2>\n<p><strong data-sourcepos=\"11:6-11:29\">Kultowe projekty miast<\/strong>\u00a0\u2013 Wizualnie wyr\u00f3\u017cniaj\u0105ca si\u0119 grafika w stylu kolekcjonerskim.<\/p>\n<p><strong data-sourcepos=\"12:6-12:27\">Inteligentny ekran OLED<\/strong>\u00a0\u2013 Pokazuje \u017cywotno\u015b\u0107 baterii i poziom e-liquidu w czasie rzeczywistym.<\/p>\n<p><strong data-sourcepos=\"13:6-13:32\">Ogromna bateria 650 mAh<\/strong>\u00a0\u2013 Mo\u017cliwo\u015b\u0107 \u0142adowania przez USB typu C w celu wygodnego do\u0142adowania.<\/p>\n<p><strong data-sourcepos=\"14:6-14:33\">45 ml wst\u0119pnie nape\u0142nionego e-p\u0142ynu<\/strong>\u00a0\u2013 D\u0142ugotrwa\u0142e u\u017cytkowanie dla d\u0142ugotrwa\u0142ej przyjemno\u015bci.<\/p>\n<p><strong data-sourcepos=\"15:6-15:28\">Zaawansowana cewka siatkowa<\/strong>\u00a0\u2013 G\u0142adka, aromatyczna para o sta\u0142ej wydajno\u015bci.<\/p>\n<p><strong data-sourcepos=\"16:6-16:26\">Opcje nikotynowe<\/strong>\u00a0\u2013 Dost\u0119pne w wersjach 0%, 2%, 3% i 5%.<\/p>\n<p><strong>Funkcja projektowa<\/strong>: Stylowe projekty charakterystycznych obiekt\u00f3w miasta<\/p>\n<p>&nbsp;<\/p>\n<h3><span style=\"font-size: 90%;\">Bang King City 50000 50K Puffs Lista smak\u00f3w jednorazowego waporyzatora<\/span><\/h3>\n<p>1. Pan Niebieski<\/p>\n<p>2. Niebieski Razz L\u00f3d<\/p>\n<p>3. Arbuz Truskawkowy<\/p>\n<p>4. L\u00f3d arbuzowy<\/p>\n<p>5.Truskawkowy Banan<\/p>\n<p>6. Owoce tropikalne<\/p>\n<p>7. Potr\u00f3jny l\u00f3d jagodowy<\/p>\n<p>8. Soczysty l\u00f3d brzoskwiniowy<\/p>\n<p>9.Truskawkowe Kiwi<\/p>\n<p>10. Arbuz brzoskwiniowo-mango<\/p>\n<p>11.Kiwi Gujawa z marakuji<\/p>\n<p>12. L\u00f3d winogronowy<img loading=\"lazy\" decoding=\"async\" class=\"alignnone wp-image-7941 size-full\" src=\"https:\/\/pgvape.com\/wp-content\/uploads\/2025\/12\/Bang-King-City-50000-50K-Puffs-Disposable-Vape-City-Landmark-Designs-0-2-3-5-Nicotine-12Tastes-Vape-Factory-Direct-pgvape-5.png\" alt=\"\" width=\"1500\" height=\"1492\" srcset=\"https:\/\/pgvape.com\/wp-content\/uploads\/2025\/12\/Bang-King-City-50000-50K-Puffs-Disposable-Vape-City-Landmark-Designs-0-2-3-5-Nicotine-12Tastes-Vape-Factory-Direct-pgvape-5.png 1500w, https:\/\/pgvape.com\/wp-content\/uploads\/2025\/12\/Bang-King-City-50000-50K-Puffs-Disposable-Vape-City-Landmark-Designs-0-2-3-5-Nicotine-12Tastes-Vape-Factory-Direct-pgvape-5-362x360.png 362w, https:\/\/pgvape.com\/wp-content\/uploads\/2025\/12\/Bang-King-City-50000-50K-Puffs-Disposable-Vape-City-Landmark-Designs-0-2-3-5-Nicotine-12Tastes-Vape-Factory-Direct-pgvape-5-595x592.png 595w, https:\/\/pgvape.com\/wp-content\/uploads\/2025\/12\/Bang-King-City-50000-50K-Puffs-Disposable-Vape-City-Landmark-Designs-0-2-3-5-Nicotine-12Tastes-Vape-Factory-Direct-pgvape-5-400x398.png 400w, https:\/\/pgvape.com\/wp-content\/uploads\/2025\/12\/Bang-King-City-50000-50K-Puffs-Disposable-Vape-City-Landmark-Designs-0-2-3-5-Nicotine-12Tastes-Vape-Factory-Direct-pgvape-5-768x764.png 768w, https:\/\/pgvape.com\/wp-content\/uploads\/2025\/12\/Bang-King-City-50000-50K-Puffs-Disposable-Vape-City-Landmark-Designs-0-2-3-5-Nicotine-12Tastes-Vape-Factory-Direct-pgvape-5-12x12.png 12w, https:\/\/pgvape.com\/wp-content\/uploads\/2025\/12\/Bang-King-City-50000-50K-Puffs-Disposable-Vape-City-Landmark-Designs-0-2-3-5-Nicotine-12Tastes-Vape-Factory-Direct-pgvape-5-600x597.png 600w, https:\/\/pgvape.com\/wp-content\/uploads\/2025\/12\/Bang-King-City-50000-50K-Puffs-Disposable-Vape-City-Landmark-Designs-0-2-3-5-Nicotine-12Tastes-Vape-Factory-Direct-pgvape-5-100x100.png 100w\" sizes=\"auto, (max-width: 1500px) 100vw, 1500px\" \/><\/p>\n<p>&nbsp;<\/p>\n<h3><span style=\"font-size: 90%;\">Jednorazowy Vape Bang King City 50000 50K Puffs <strong>Wideo:<\/strong><\/span><\/h3>\n<p>&nbsp;<\/p>\n<h2 class=\"header-vfC6AV auto-hide-last-sibling-br\"><span style=\"font-size: 90%;\">Cz\u0119sto zadawane pytania dotycz\u0105ce jednorazowego waporyzatora Bang King City 50000 50K Puffs<\/span><\/h2>\n<p>\u2753Ile zaci\u0105gni\u0119\u0107 mo\u017ce wykona\u0107 Bang King City 50K\u00a0<strong>Vape<\/strong> Dostarcza\u0107?<br \/>\n\u2705 Oferuje do 50 000 zaci\u0105gni\u0119\u0107, zapewniaj\u0105c d\u0142ugotrwa\u0142\u0105 trwa\u0142o\u015b\u0107 <strong style=\"font-size: 14.4px;\">Wapowanie<\/strong><span style=\"font-size: 14.4px;\">\u00a0Bez cz\u0119stych wymian.<\/span><\/p>\n<p>\u2753Co to jest\u00a0<strong>E-ciecz<\/strong> Pojemno\u015b\u0107 i specyfikacja baterii?<br \/>\n\u2705Ma du\u017c\u0105 pojemno\u015b\u0107 45 ml <strong style=\"font-size: 14.4px;\">E-ciecz<\/strong><span style=\"font-size: 14.4px;\">\u00a0Pojemno\u015b\u0107 i akumulator 650 mAh z \u0142adowaniem typu C dla wygody.<\/span><\/p>\n<p>\u2753Jakie moce nikotyny s\u0105 dost\u0119pne w tym celu\u00a0<strong>Vape<\/strong>?<br \/>\n\u2705Wybierz nikotyn\u0119 0% \/ 2% \/ 3% \/ 5%, pasuj\u0105c\u0105 do r\u00f3\u017cnych <strong style=\"font-size: 14.4px;\">Wapowanie<\/strong><span style=\"font-size: 14.4px;\">\u00a0Preferencje.<\/span><\/p>\n<p>\u2753Co sprawia, \u017ce\u00a0<strong>Vape<\/strong>\u2019Wyr\u00f3\u017cnia si\u0119 projekt?<br \/>\n\u2705 Zawiera stylowe projekty charakterystycznych obiekt\u00f3w miasta (takie jak Krzywa Wie\u017ca w Pizie czy Statua Wolno\u015bci), dzi\u0119ki czemu przyci\u0105ga wzrok i jest wyj\u0105tkowy.<\/p>\n<p>\u2753Jak mog\u0119 monitorowa\u0107 bateri\u0119 i\u00a0<strong>E-ciecz<\/strong> Poziomy?<br \/>\n\u2705Wbudowany ekran wyra\u017anie wy\u015bwietla czas pracy baterii w czasie rzeczywistym i <strong style=\"font-size: 14.4px;\">E-ciecz<\/strong><span style=\"font-size: 14.4px;\">\u00a0Poziomy do \u015bwiadomego u\u017cytku.<\/span><\/p>\n<p>\u2753Czy to\u00a0<strong>Vape<\/strong> \u0141atwe \u0142adowanie?<br \/>\n\u2705Tak, wykorzystuje \u0142adowanie typu C \u2013 powszechn\u0105 i wygodn\u0105 metod\u0119 \u0142adowania w celu szybkiego odzyskiwania energii.<\/p>\n<p>\u2753Ile smak\u00f3w jest dost\u0119pnych do wyboru?<br \/>\n\u2705Do wyboru jest 12 r\u00f3\u017cnych smak\u00f3w, obejmuj\u0105cych profile smakowe owocowe, lodowe i mieszane.<\/p>\n<p>&nbsp;<\/p>\n<h3 id=\"brxe-najhln\" class=\"brxe-heading\">Cz\u0119sto zadawane pytania (FAQ)<\/h3>\n<div id=\"brxe-rajiac\" class=\"brxe-text\">\n<p><strong>P: Jakie metody p\u0142atno\u015bci akceptujecie?<\/strong><br \/>\nOdp.: Akceptujemy PayPal, Stripe, przelewy bankowe (obs\u0142ugiwane SEPA), g\u0142\u00f3wne karty kredytowe (Visa, MasterCard, American Express) i p\u0142atno\u015bci w kryptowalutach.<\/p>\n<p><strong>P: Jak d\u0142ugo trwa przygotowanie zam\u00f3wienia?<\/strong><br \/>\nOdp.: Przygotowanie zam\u00f3wienia zajmuje 1-3 dni robocze.<\/p>\n<p><strong>P: Jaki jest czas wysy\u0142ki?<\/strong><br \/>\nOdp.: Czas wysy\u0142ki wynosi 7-14 dni roboczych, w zale\u017cno\u015bci od Twojej lokalizacji.<\/p>\n<p><strong>P: Jak mog\u0119 \u015bledzi\u0107 moje zam\u00f3wienie?<\/strong><br \/>\nOdp.: Po wysy\u0142ce otrzymasz wiadomo\u015b\u0107 e-mail z potwierdzeniem i numerem przesy\u0142ki umo\u017cliwiaj\u0105cym \u015bledzenie w czasie rzeczywistym.<\/p>\n<p><strong>P: Jaka jest Twoja polityka zwrot\u00f3w?<\/strong><br \/>\nOdp.: Oferujemy 30-dniow\u0105 polityk\u0119 zwrot\u00f3w lub wymiany. .<\/p>\n<p><strong>P: Czy wyst\u0105pi\u0105 jakie\u015b problemy celne?<br \/>\n<\/strong>Obs\u0142ugujemy wszystkie procedury odprawy celnej, aby zapewni\u0107 Ci bezproblemow\u0105 obs\u0142ug\u0119. .<\/p>\n<p><strong>P: Jakie metody wysy\u0142ki s\u0105 stosowane?<\/strong><br \/>\nWsp\u00f3\u0142pracujemy z firmami UPS\/DHL\/FEDEX\/DPD itp. W zale\u017cno\u015bci od kraju dostawy wybierzemy odpowiedni\u0105 opcj\u0119 wysy\u0142ki, tak aby produkty dotar\u0142y do \u200b\u200bPa\u0144stwa najszybciej jak to mo\u017cliwe.<\/p>\n<p><a href=\"https:\/\/pgvape.com\/pl\/czesto-zadawane-pytania\/\">Kliknij tutaj, aby uzyska\u0107 wi\u0119cej cz\u0119sto zadawanych pyta\u0144<\/a><\/p>\n<p>Szanowni klienci, je\u015bli masz jakiekolwiek pytania dotycz\u0105ce zam\u00f3wienia lub przybycia towaru, skontaktuj si\u0119 z naszym dzia\u0142em obs\u0142ugi klienta. Dzi\u0119kuj\u0119!<\/p>\n<h3 data-sourcepos=\"73:1-73:21\"><strong data-sourcepos=\"73:7-73:21\">Skontaktuj si\u0119 z nami<\/strong><\/h3>\n<div id=\"text-2419739398\" class=\"text\">\n<p><strong data-sourcepos=\"75:3-75:12\">E-mail<\/strong>:\u00a0<a href=\"mailto:support@pgvape.com\"><strong>support@pgvape.com<\/strong><\/a><\/p>\n<p><strong data-sourcepos=\"76:3-76:15\">WhatsApp<\/strong>:\u00a0<a href=\"https:\/\/wa.me\/+8618128481258\"><strong>+86 18128481258<\/strong><\/a><br \/>\n<strong>(Odpowied\u017a w ci\u0105gu 24 godzin w dni robocze)<\/strong><\/p>\n<\/div>\n<h3><strong>Dzi\u0119kujemy za wybranie pgvape.com! .<\/strong><\/h3>\n<\/div>","protected":false},"excerpt":{"rendered":"<p><strong>Bang King City 50 tys<\/strong>\u2014<strong>50 tys. zaci\u0105gni\u0119\u0107<\/strong>, <strong>45ml<\/strong>, <strong>prze\u0142omowy styl<\/strong>, <strong>inteligentny ekran<\/strong>, <strong>Typ C<\/strong>, <strong>0-5 % nic<\/strong>.<strong>Zwiedzaj \u015bwiat, wapuj miasto.<\/strong><\/p>","protected":false},"featured_media":7937,"comment_status":"open","ping_status":"closed","template":"","meta":{"_seopress_robots_primary_cat":"","_seopress_titles_title":"","_seopress_titles_desc":"","_seopress_robots_index":""},"product_brand":[19,516],"product_cat":[61,18,515],"product_tag":[318,520,521,90],"class_list":{"0":"post-7934","1":"product","2":"type-product","3":"status-publish","4":"has-post-thumbnail","6":"product_brand-bang-king-vape","7":"product_brand-disposable-vape","8":"product_cat-50k-puffs-vape","9":"product_cat-bang-king-vape","10":"product_cat-disposable-vape","11":"product_tag-50k-puffs-vape","12":"product_tag-bang-king-city-50000","13":"product_tag-city-landmark-designs","14":"product_tag-disposable-vape","16":"first","17":"instock","18":"sale","19":"shipping-taxable","20":"purchasable","21":"product-type-variable"},"_links":{"self":[{"href":"https:\/\/pgvape.com\/pl\/wp-json\/wp\/v2\/product\/7934","targetHints":{"allow":["GET"]}}],"collection":[{"href":"https:\/\/pgvape.com\/pl\/wp-json\/wp\/v2\/product"}],"about":[{"href":"https:\/\/pgvape.com\/pl\/wp-json\/wp\/v2\/types\/product"}],"replies":[{"embeddable":true,"href":"https:\/\/pgvape.com\/pl\/wp-json\/wp\/v2\/comments?post=7934"}],"wp:featuredmedia":[{"embeddable":true,"href":"https:\/\/pgvape.com\/pl\/wp-json\/wp\/v2\/media\/7937"}],"wp:attachment":[{"href":"https:\/\/pgvape.com\/pl\/wp-json\/wp\/v2\/media?parent=7934"}],"wp:term":[{"taxonomy":"product_brand","embeddable":true,"href":"https:\/\/pgvape.com\/pl\/wp-json\/wp\/v2\/product_brand?post=7934"},{"taxonomy":"product_cat","embeddable":true,"href":"https:\/\/pgvape.com\/pl\/wp-json\/wp\/v2\/product_cat?post=7934"},{"taxonomy":"product_tag","embeddable":true,"href":"https:\/\/pgvape.com\/pl\/wp-json\/wp\/v2\/product_tag?post=7934"}],"curies":[{"name":"wp","href":"https:\/\/api.w.org\/{rel}","templated":true}]}}