{"id":7904,"date":"2025-12-17T12:50:31","date_gmt":"2025-12-17T12:50:31","guid":{"rendered":"https:\/\/pgvape.com\/?post_type=product&#038;p=7904"},"modified":"2026-03-15T13:36:50","modified_gmt":"2026-03-15T13:36:50","slug":"bang-lider-stoll-300000-300k-zaciagniec-6-w-1-jednorazowy-vape-0-2-3-5-nikotyna-12-smakow-inteligentny-ekran-vape-factory-direct","status":"publish","type":"product","link":"https:\/\/pgvape.com\/pl\/produkt\/bang-lider-stoll-300000-300k-zaciagniec-6-w-1-jednorazowy-vape-0-2-3-5-nikotyna-12-smakow-inteligentny-ekran-vape-factory-direct\/","title":{"rendered":"Bang Leader Stoll 300000 300K Puffs 6 w 1 Jednorazowy Vape 0% 2% 3% 5% Nikotyna 12 Smak\u00f3w Inteligentny Ekran Vape Factory Direct"},"content":{"rendered":"<p>Bang Leader Stoll to rewolucja: 300 000 zaci\u0105gni\u0119\u0107, sze\u015b\u0107 smak\u00f3w w jednej kapsu\u0142ce i trwa\u0142a bateria.\u00a0<strong>Vape<\/strong>\u00a0\u0141\u0105czy niezr\u00f3wnan\u0105 trwa\u0142o\u015b\u0107 z wszechstronnymi opcjami smakowymi.\u00a0<strong>Cewki siatkowe<\/strong>, Zapewnia g\u0142adk\u0105, bogatsz\u0105 chmur\u0119 i intensywny smak dzi\u0119ki rozszerzonemu obszarowi grzewczemu.\u00a0<strong>Wapowanie<\/strong>\u00a0Rozwi\u0105zanie zaprojektowane do d\u0142ugotrwa\u0142ego u\u017cytkowania.<\/p>\n<p>&nbsp;<\/p>\n<h2><span style=\"font-size: 90%;\">Bang Leader Stoll 300000 300K Puffs 6 w 1 Jednorazowy Vape Dane techniczne<\/span><\/h2>\n<p><strong data-sourcepos=\"11:5-11:35\">\u00a0Niezr\u00f3wnane 300 000 zaci\u0105gni\u0119\u0107<\/strong>: Wiod\u0105ca w bran\u017cy pojemno\u015b\u0107 zaprojektowana z my\u015bl\u0105 o ekstremalnej trwa\u0142o\u015bci.<\/p>\n<p><strong data-sourcepos=\"12:5-12:33\">\u00a06 smak\u00f3w w 1 urz\u0105dzeniu<\/strong>: W obrotowym systemie kapsu\u0142 mie\u015bci si\u0119 sze\u015b\u0107 r\u00f3\u017cnych zbiornik\u00f3w na smak.<\/p>\n<p><strong data-sourcepos=\"13:5-13:30\">\u00a0Inteligentny wy\u015bwietlacz OLED<\/strong>: Monitorowanie w czasie rzeczywistym procentu baterii i poszczeg\u00f3lnych poziom\u00f3w e-liquidu.<\/p>\n<p><strong data-sourcepos=\"14:5-14:31\">\u00a0Szybkie \u0142adowanie przez USB-C<\/strong>: Bateria 650 mAh umo\u017cliwia szybkie do\u0142adowania, minimalizuj\u0105c przestoje.<\/p>\n<p><strong data-sourcepos=\"15:5-15:31\">\u00a0Zaawansowane cewki siatkowe<\/strong>: Zapewnia bogaty smak i g\u0119st\u0105 produkcj\u0119 pary od pierwszego do ostatniego zaci\u0105gni\u0119cia.<\/p>\n<p><strong data-sourcepos=\"16:5-16:34\">\u00a0Konfigurowalna nikotyna<\/strong>: Dost\u0119pne w mocach nikotyny 0%, 2%, 3% i 5%.<\/p>\n<p><strong data-sourcepos=\"17:5-17:33\">\u00a0Intuicyjne pokr\u0119t\u0142o smaku<\/strong>: Bez wysi\u0142ku obracaj si\u0119 pomi\u0119dzy sze\u015bcioma wst\u0119pnie nape\u0142nionymi komorami smakowymi.<\/p>\n<p>&nbsp;<\/p>\n<h3><span style=\"font-size: 90%;\">Bang Leader Stoll 300000 300K Puffs 6 w 1 Jednorazowa lista smak\u00f3w Vape<\/span><\/h3>\n<p>1. Arbuz L\u00f3d &amp; Red Bull &amp; Truskawka Kiwi i Jagoda L\u00f3d &amp; Cytryna Limonka i Truskawka Arbuz<\/p>\n<p>2.Truskawka Banan i Podw\u00f3jne Jab\u0142ko i Malina Arbuz i Kwa\u015bne Mango Ananas i Owoce Tropikalne i Cytrynowa Brzoskwinia<\/p>\n<p>3.Ananasowy kokos i Blue Razz oraz mieszane jagody i mango, brzoskwinia i jagoda, malina i truskawka, wanilia.<\/p>\n<p>4. Brzoskwiniowa jagoda i potr\u00f3jny melon i l\u00f3d winogronowy i l\u00f3d czarnego smoka i musuj\u0105cy l\u00f3d wi\u015bniowy i \u017celkowy mi\u015b<\/p>\n<p>5.Rainbow Candy &amp; Cherry Cola Ice &amp; Love 666 &amp; Mango Ice &amp; Blueberry Wata Cukrowa i Brzoskwinia Ice<\/p>\n<p>6. L\u00f3d z aloesu liczi i r\u00f3\u017cowa lemoniada i l\u00f3d lodowcowy i ig\u0142a sosnowa Mi\u0119ta i czarna porzeczka L\u00f3d i arbuz Cytryna<\/p>\n<p>7. Arbuz L\u00f3d i Mieszanka Jag\u00f3d i Jab\u0142ko, Gruszka i Bor\u00f3wka, Mi\u0119ta i Czas Letni i Brzoskwinia<\/p>\n<p>8. Nap\u00f3j energetyczny &amp; L\u00f3d brzoskwiniowy &amp; L\u00f3d z mango &amp; Jagoda Goji &amp; Czarna porzeczka &amp; Mamba<\/p>\n<p>9. Wi\u015bniowa cola i jagoda, malina i czarny smok, l\u00f3d i t\u0119czowe cukierki oraz l\u00f3d Fuji i arbuz, kwa\u015bna brzoskwinia<\/p>\n<p>10.Red Bull i truskawka, kiwi i truskawka, banan i liczi, l\u00f3d i arbuz, jagody i marakuja, mango<\/p>\n<p>11.Red Bull Cola L\u00f3d i Truskawka Malina Wi\u015bnia i Je\u017cyna Smoczy Owoc i Cytryna Limonka i Malina Pompa i Arbuz Kiwi<\/p>\n<p>12.Cola L\u00f3d i Nap\u00f3j Energetyczny I L\u00f3d Wi\u015bniowy i Melon Marakuja i L\u00f3d Je\u017cynowy i Jab\u0142ko Kiwi<img loading=\"lazy\" decoding=\"async\" class=\"alignnone wp-image-7909 size-full\" src=\"https:\/\/pgvape.com\/wp-content\/uploads\/2025\/12\/Bang-Leader-Stoll-300000-300K-Puffs-6-in-1-Disposable-Vape-0-2-3-5-Nicotine-12Tastes-Smart-Screen-Vape-Factory-Direct-3.png\" alt=\"\" width=\"1280\" height=\"1518\" srcset=\"https:\/\/pgvape.com\/wp-content\/uploads\/2025\/12\/Bang-Leader-Stoll-300000-300K-Puffs-6-in-1-Disposable-Vape-0-2-3-5-Nicotine-12Tastes-Smart-Screen-Vape-Factory-Direct-3.png 1280w, https:\/\/pgvape.com\/wp-content\/uploads\/2025\/12\/Bang-Leader-Stoll-300000-300K-Puffs-6-in-1-Disposable-Vape-0-2-3-5-Nicotine-12Tastes-Smart-Screen-Vape-Factory-Direct-3-304x360.png 304w, https:\/\/pgvape.com\/wp-content\/uploads\/2025\/12\/Bang-Leader-Stoll-300000-300K-Puffs-6-in-1-Disposable-Vape-0-2-3-5-Nicotine-12Tastes-Smart-Screen-Vape-Factory-Direct-3-595x706.png 595w, https:\/\/pgvape.com\/wp-content\/uploads\/2025\/12\/Bang-Leader-Stoll-300000-300K-Puffs-6-in-1-Disposable-Vape-0-2-3-5-Nicotine-12Tastes-Smart-Screen-Vape-Factory-Direct-3-337x400.png 337w, https:\/\/pgvape.com\/wp-content\/uploads\/2025\/12\/Bang-Leader-Stoll-300000-300K-Puffs-6-in-1-Disposable-Vape-0-2-3-5-Nicotine-12Tastes-Smart-Screen-Vape-Factory-Direct-3-768x911.png 768w, https:\/\/pgvape.com\/wp-content\/uploads\/2025\/12\/Bang-Leader-Stoll-300000-300K-Puffs-6-in-1-Disposable-Vape-0-2-3-5-Nicotine-12Tastes-Smart-Screen-Vape-Factory-Direct-3-10x12.png 10w, https:\/\/pgvape.com\/wp-content\/uploads\/2025\/12\/Bang-Leader-Stoll-300000-300K-Puffs-6-in-1-Disposable-Vape-0-2-3-5-Nicotine-12Tastes-Smart-Screen-Vape-Factory-Direct-3-600x712.png 600w\" sizes=\"auto, (max-width: 1280px) 100vw, 1280px\" \/><\/p>\n<p>&nbsp;<\/p>\n<h3><span style=\"font-size: 90%;\">Bang Leader Stoll 300000 300K Puffs 6 w 1 Jednorazowy Vape <strong>Wideo:<\/strong><\/span><\/h3>\n<p>&nbsp;<\/p>\n<h2 class=\"header-vfC6AV auto-hide-last-sibling-br\"><span style=\"font-size: 90%;\">Cz\u0119sto zadawane pytania dotycz\u0105ce Bang Leader Stoll 300000 300K Puffs 6 w 1 Jednorazowy waporyzator<\/span><\/h2>\n<p>\u2753Ile zaci\u0105gni\u0119\u0107 mo\u017ce utrzyma\u0107 przyw\u00f3dc\u0119 wybuchu 300 tys\u00a0<strong>Vape<\/strong> Dostarcza\u0107?<br \/>\n\u2705 Oferuje do 300 000 zaci\u0105gni\u0119\u0107, zapewniaj\u0105c wyj\u0105tkowo d\u0142ugotrwa\u0142e dzia\u0142anie <strong style=\"font-size: 14.4px;\">Wapowanie<\/strong><span style=\"font-size: 14.4px;\">\u00a0Bez cz\u0119stych wymian urz\u0105dze\u0144.<\/span><\/p>\n<p>\u2753Jakie moce nikotyny s\u0105 dost\u0119pne w tym celu\u00a0<strong>Vape<\/strong>?<br \/>\n\u2705Wybierz nikotyn\u0119 0% \/ 2% \/ 3% \/ 5% \u2013 pasuje do r\u00f3\u017cnych preferencji, od produkt\u00f3w beznikotynowych po alternatywne dla papieros\u00f3w.<\/p>\n<p>\u2753Jak zmieni\u0107 smaki w\u00a0<strong>Vape<\/strong>?<br \/>\n\u2705Posiada system smak\u00f3w 6 w 1 \u2013 \u0142atwo prze\u0142\u0105czaj si\u0119 pomi\u0119dzy sze\u015bcioma r\u00f3\u017cnymi smakami w jednym urz\u0105dzeniu, kiedy tylko chcesz co\u015b zmieni\u0107.<\/p>\n<p>\u2753Jaka jest \u017cywotno\u015b\u0107 baterii i pr\u0119dko\u015b\u0107 \u0142adowania\u00a0<strong>Vape<\/strong>?<br \/>\n\u2705Bateria 650 mAh wytrzymuje ca\u0142y dzie\u0144 na jednym \u0142adowaniu, a port typu C umo\u017cliwia 30-minutowe szybkie \u0142adowanie, aby unikn\u0105\u0107 przestoj\u00f3w.<\/p>\n<p>\u2753Jak dzia\u0142a\u00a0<strong>Vape<\/strong> Zapewni\u0107 g\u0142adki smak i par\u0119?<br \/>\n\u2705Wyposa\u017ca <strong style=\"font-size: 14.4px;\">Cewki siatkowe<\/strong><span style=\"font-size: 14.4px;\">\u00a0Z rozszerzonym obszarem grzewczym, zwi\u0119kszaj\u0105cym intensywno\u015b\u0107 smaku i wytwarzaj\u0105cym g\u0142adkie, bogatsze chmury.<\/span><\/p>\n<p>\u2753Jak mog\u0119 monitorowa\u0107 bateri\u0119 i\u00a0<strong>E-ciecz<\/strong> Poziomy?<br \/>\n\u2705Wyra\u017any inteligentny ekran wy\u015bwietla czas pracy baterii w czasie rzeczywistym i <strong style=\"font-size: 14.4px;\">E-ciecz<\/strong><span style=\"font-size: 14.4px;\">\u00a0Poziomy w skr\u00f3cie, dzi\u0119ki czemu masz kontrol\u0119.<\/span><\/p>\n<p>\u2753Czy to\u00a0<strong>Vape<\/strong> Nadaje si\u0119 do zakup\u00f3w hurtowych?<br \/>\n\u2705Tak, jest przeznaczony do sprzeda\u017cy hurtowej dzi\u0119ki wyj\u0105tkowo du\u017cej pojemno\u015bci zaci\u0105gni\u0119cia, wszechstronnym opcjom smakowym i niezawodnemu dzia\u0142aniu \u2013 idealny do sklep\u00f3w detalicznych i zam\u00f3wie\u0144 masowych<\/p>\n<p>&nbsp;<\/p>\n<h3 id=\"brxe-najhln\" class=\"brxe-heading\">Cz\u0119sto zadawane pytania (FAQ)<\/h3>\n<div id=\"brxe-rajiac\" class=\"brxe-text\">\n<p><strong>P: Jakie metody p\u0142atno\u015bci akceptujecie?<\/strong><br \/>\nOdp.: Akceptujemy PayPal, Stripe, przelewy bankowe (obs\u0142ugiwane SEPA), g\u0142\u00f3wne karty kredytowe (Visa, MasterCard, American Express) i p\u0142atno\u015bci w kryptowalutach.<\/p>\n<p><strong>P: Jak d\u0142ugo trwa przygotowanie zam\u00f3wienia?<\/strong><br \/>\nOdp.: Przygotowanie zam\u00f3wienia zajmuje 1-3 dni robocze.<\/p>\n<p><strong>P: Jaki jest czas wysy\u0142ki?<\/strong><br \/>\nOdp.: Czas wysy\u0142ki wynosi 7-14 dni roboczych, w zale\u017cno\u015bci od Twojej lokalizacji.<\/p>\n<p><strong>P: Jak mog\u0119 \u015bledzi\u0107 moje zam\u00f3wienie?<\/strong><br \/>\nOdp.: Po wysy\u0142ce otrzymasz wiadomo\u015b\u0107 e-mail z potwierdzeniem i numerem przesy\u0142ki umo\u017cliwiaj\u0105cym \u015bledzenie w czasie rzeczywistym.<\/p>\n<p><strong>P: Jaka jest Twoja polityka zwrot\u00f3w?<\/strong><br \/>\nOdp.: Oferujemy 30-dniow\u0105 polityk\u0119 zwrot\u00f3w lub wymiany. .<\/p>\n<p><strong>P: Czy wyst\u0105pi\u0105 jakie\u015b problemy celne?<br \/>\n<\/strong>Obs\u0142ugujemy wszystkie procedury odprawy celnej, aby zapewni\u0107 Ci bezproblemow\u0105 obs\u0142ug\u0119. .<\/p>\n<p><strong>P: Jakie metody wysy\u0142ki s\u0105 stosowane?<\/strong><br \/>\nWsp\u00f3\u0142pracujemy z firmami UPS\/DHL\/FEDEX\/DPD itp. W zale\u017cno\u015bci od kraju dostawy wybierzemy odpowiedni\u0105 opcj\u0119 wysy\u0142ki, tak aby produkty dotar\u0142y do \u200b\u200bPa\u0144stwa najszybciej jak to mo\u017cliwe.<\/p>\n<p><a href=\"https:\/\/pgvape.com\/pl\/czesto-zadawane-pytania\/\">Kliknij tutaj, aby uzyska\u0107 wi\u0119cej cz\u0119sto zadawanych pyta\u0144<\/a><\/p>\n<p>Szanowni klienci, je\u015bli masz jakiekolwiek pytania dotycz\u0105ce zam\u00f3wienia lub przybycia towaru, skontaktuj si\u0119 z naszym dzia\u0142em obs\u0142ugi klienta. Dzi\u0119kuj\u0119!<\/p>\n<h3 data-sourcepos=\"73:1-73:21\"><strong data-sourcepos=\"73:7-73:21\">Skontaktuj si\u0119 z nami<\/strong><\/h3>\n<div id=\"text-2419739398\" class=\"text\">\n<p><strong data-sourcepos=\"75:3-75:12\">E-mail<\/strong>:\u00a0<a href=\"mailto:support@pgvape.com\"><strong>support@pgvape.com<\/strong><\/a><\/p>\n<p><strong data-sourcepos=\"76:3-76:15\">WhatsApp<\/strong>:\u00a0<a href=\"https:\/\/wa.me\/+8618128481258\"><strong>+86 18128481258<\/strong><\/a><br \/>\n<strong>(Odpowied\u017a w ci\u0105gu 24 godzin w dni robocze)<\/strong><\/p>\n<\/div>\n<h3><strong>Dzi\u0119kujemy za wybranie pgvape.com! .<\/strong><\/h3>\n<\/div>","protected":false},"excerpt":{"rendered":"<p><strong>Bang Leader Stoll 300 tys<\/strong>\u2014<strong>300 000 zaci\u0105gni\u0119\u0107<\/strong>, <strong>65 ml<\/strong>, <strong>6 smak\u00f3w<\/strong>, <strong>cewka siatkowa<\/strong>, <strong>Typ C<\/strong>, <strong>inteligentny ekran<\/strong>.<strong>Przekr\u0119\u0107, kliknij, wapuj przez miesi\u0105ce.<\/strong><\/p>","protected":false},"featured_media":7907,"comment_status":"open","ping_status":"closed","template":"","meta":{"_seopress_robots_primary_cat":"none","_seopress_titles_title":"%%post_title%% %%sep%% %%sitetitle%%","_seopress_titles_desc":"","_seopress_robots_index":""},"product_brand":[54,516],"product_cat":[517,32,515],"product_tag":[519,122,518,90,490],"class_list":{"0":"post-7904","1":"product","2":"type-product","3":"status-publish","4":"has-post-thumbnail","6":"product_brand-bang-leader-vape","7":"product_brand-disposable-vape","8":"product_cat-300k-puffs-vape","9":"product_cat-bang-leader-vape","10":"product_cat-disposable-vape","11":"product_tag-300k-puffs-vape","12":"product_tag-6-in-1","13":"product_tag-bang-leader-stoll-300000","14":"product_tag-disposable-vape","15":"product_tag-minimum-2-pieces","17":"first","18":"instock","19":"sale","20":"shipping-taxable","21":"purchasable","22":"product-type-variable"},"_links":{"self":[{"href":"https:\/\/pgvape.com\/pl\/wp-json\/wp\/v2\/product\/7904","targetHints":{"allow":["GET"]}}],"collection":[{"href":"https:\/\/pgvape.com\/pl\/wp-json\/wp\/v2\/product"}],"about":[{"href":"https:\/\/pgvape.com\/pl\/wp-json\/wp\/v2\/types\/product"}],"replies":[{"embeddable":true,"href":"https:\/\/pgvape.com\/pl\/wp-json\/wp\/v2\/comments?post=7904"}],"wp:featuredmedia":[{"embeddable":true,"href":"https:\/\/pgvape.com\/pl\/wp-json\/wp\/v2\/media\/7907"}],"wp:attachment":[{"href":"https:\/\/pgvape.com\/pl\/wp-json\/wp\/v2\/media?parent=7904"}],"wp:term":[{"taxonomy":"product_brand","embeddable":true,"href":"https:\/\/pgvape.com\/pl\/wp-json\/wp\/v2\/product_brand?post=7904"},{"taxonomy":"product_cat","embeddable":true,"href":"https:\/\/pgvape.com\/pl\/wp-json\/wp\/v2\/product_cat?post=7904"},{"taxonomy":"product_tag","embeddable":true,"href":"https:\/\/pgvape.com\/pl\/wp-json\/wp\/v2\/product_tag?post=7904"}],"curies":[{"name":"wp","href":"https:\/\/api.w.org\/{rel}","templated":true}]}}