{"id":7678,"date":"2025-12-08T10:24:12","date_gmt":"2025-12-08T10:24:12","guid":{"rendered":"https:\/\/pgvape.com\/?post_type=product&#038;p=7678"},"modified":"2026-03-15T13:36:50","modified_gmt":"2026-03-15T13:36:50","slug":"bang-king-triple-50000-50k-zaciagniec-3-w-1-jednorazowy-vape-0-2-3-5-nikotyna-12-smakow-inteligentny-ekran-dotykowy-vape-factory-direct","status":"publish","type":"product","link":"https:\/\/pgvape.com\/pl\/produkt\/bang-king-triple-50000-50k-zaciagniec-3-w-1-jednorazowy-vape-0-2-3-5-nikotyna-12-smakow-inteligentny-ekran-dotykowy-vape-factory-direct\/","title":{"rendered":"Bang King Triple 50000 50K Puffs 3 w 1 Jednorazowy Vape 0% 2% 3% 5% Nikotyna 12 Smak\u00f3w Inteligentny Ekran Dotykowy Vape Factory Direct"},"content":{"rendered":"<p data-sourcepos=\"8:1-8:411\">Zdefiniuj na nowo swoje do\u015bwiadczenia z wapowaniem dzi\u0119ki <strong data-sourcepos=\"8:42-8:67\">Bang King Triple 50000 zaci\u0105gni\u0119\u0107<\/strong>\u2014 arcydzie\u0142o wytrzyma\u0142o\u015bci i innowacji. <strong data-sourcepos=\"8:183-8:215\">masywny, wst\u0119pnie nape\u0142niony zbiornik o pojemno\u015bci 35 ml<\/strong> i inteligentny <strong data-sourcepos=\"8:235-8:268\">system rotacji potr\u00f3jnego smaku<\/strong>. .<\/p>\n<p data-sourcepos=\"10:1-10:280\">Prowadzony przez zaawansowanych <strong data-sourcepos=\"10:20-10:44\">technologia cewek siatkowych<\/strong>, wytwarza wyj\u0105tkowo bogaty smak i g\u0119st\u0105, satysfakcjonuj\u0105c\u0105 par\u0119 od pierwszego do ostatniego zaci\u0105gni\u0119cia. <strong data-sourcepos=\"10:190-10:212\">inteligentny ekran dotykowy<\/strong>, zapewniaj\u0105c aktualizacje w czasie rzeczywistym dotycz\u0105ce ilo\u015bci e-liquidu i stanu baterii.<\/p>\n<p>&nbsp;<\/p>\n<h2><span style=\"font-size: 90%;\">Dane techniczne jednorazowego waporyzatora Bang King Triple 50000 50K Puffs 3 w 1<\/span><\/h2>\n<p><strong>Pufy<\/strong>: A\u017c do <strong>50,000<\/strong><\/p>\n<p><strong>E-ciecz<\/strong>: <strong class=\"\">35ml<\/strong> wst\u0119pnie nape\u0142niony<\/p>\n<p><strong>Nikotyna<\/strong>: <strong>0 %, 2 %, 3 %, 5 %<\/strong> (zgodny z normami UE)<\/p>\n<p><strong>Bateria<\/strong>: <strong>600 mAh<\/strong>, <strong>Typ C<\/strong> 30-minutowe \u0142adowanie<\/p>\n<p><strong>Cewka<\/strong>: <strong class=\"\">Siatka 1,0 \u03a9<\/strong><\/p>\n<p><strong>Wy\u015bwietlacz<\/strong>: <strong>Inteligentny ekran dotykowy<\/strong> (bateria i sok)<\/p>\n<p><strong>Prze\u0142\u0105cznik<\/strong>: <strong>Skr\u0119t o 180\u00b0<\/strong> selektor potr\u00f3jnego smaku<\/p>\n<p><strong>Rysowa\u0107<\/strong>: G\u0142adki <strong>MTL<\/strong>, bez gonienia za chmurami<\/p>\n<p>&nbsp;<\/p>\n<h3><span style=\"font-size: 90%;\">Bang King Triple 50000 50K Puffs 3 w 1 Jednorazowa lista smak\u00f3w Vape<\/span><\/h3>\n<p><strong class=\"\">1. Niebieski Razz Ice \/ Lush Ice<\/strong><\/p>\n<p><strong>2.L\u00f3d truskawkowy\/l\u00f3d arbuzowy<\/strong><\/p>\n<p><strong>3.L\u00f3d Brzoskwiniowy \/ L\u00f3d Mango<\/strong><\/p>\n<p><strong>4.L\u00f3d Arbuzowy\/Brzoskwiniowe Mango<\/strong><\/p>\n<p><strong class=\"\">5. Arbuz Truskawkowy \/ Red Bull<\/strong><\/p>\n<p><strong>6. Mieszane jagody \/ l\u00f3d wi\u015bniowy<\/strong><\/p>\n<p><strong class=\"\">7.Kiwi Gujawa z marakuji \/ Kiwi truskawkowe<\/strong><\/p>\n<p><strong class=\"\">8. L\u00f3d bananowy \/ L\u00f3d truskawkowy<\/strong><\/p>\n<p><strong>9. Podw\u00f3jny l\u00f3d jab\u0142kowy \/ winogronowy<\/strong><\/p>\n<p><strong>10. Pi\u00f1a Colada \/ Owoce Tropikalne<\/strong><\/p>\n<p><strong>11. Cytryna na linii \/ Mr Blue<\/strong><\/p>\n<p><strong>12. Ch\u0142odny l\u00f3d mi\u0119towy \/ jagodowy<\/strong><\/p>\n<p>&nbsp;<\/p>\n<h3><span style=\"font-size: 90%;\">Bang King Triple 50000 50K Puffs 3 w 1 jednorazowy waporyzator <strong>Wideo:<\/strong><\/span><\/h3>\n<p>&nbsp;<\/p>\n<h2 class=\"header-vfC6AV auto-hide-last-sibling-br\"><span style=\"font-size: 90%;\">Cz\u0119sto zadawane pytania dotycz\u0105ce jednorazowego waporyzatora Bang King Triple 50000 50K Puffs 3 w 1<\/span><\/h2>\n<p>\u2753 <strong class=\"\">Jak zmieni\u0107 smaki?<\/strong><br \/>\n\u2705 <strong>Obr\u00f3\u0107 ustnik o 180\u00b0<\/strong>\u2014 natychmiast przeskocz do nast\u0119pnego <strong>trzy wbudowane smaki<\/strong>.<\/p>\n<p>\u2753 <strong>Ile w sumie zaci\u0105gni\u0119\u0107?<\/strong><br \/>\n\u2705 Ocena fabryczna <strong>50 000 zaci\u0105gni\u0119\u0107<\/strong> we wszystkich trzech komorach.<\/p>\n<p>\u2753 <strong>Czy mo\u017cna go \u0142adowa\u0107?<\/strong><br \/>\n\u2705 <strong>600 mAh<\/strong> bateria + <strong>Typ C<\/strong> port; pe\u0142ne \u0142adowanie w ~30 min.<\/p>\n<p>\u2753 <strong>Jakie moce nikotyny s\u0105 oferowane?<\/strong><br \/>\n\u2705 <strong>0 %, 2 %, 3 %, 5 %<\/strong>\u2014g\u0142adkie uderzenie w gard\u0142o, standard UE.<\/p>\n<p>\u2753 <strong>Jak sprawdzi\u0107 bateri\u0119 lub e-liquid?<\/strong><br \/>\n\u2705 <strong>Inteligentny ekran dotykowy<\/strong> wy\u015bwietla oba poziomy na pierwszy rzut oka.<\/p>\n<p>\u2753 <strong>Czy urz\u0105dzenie przecieka?<\/strong><br \/>\n\u2705 <strong>Zapobieganie wyciekom<\/strong> potr\u00f3jne komory utrzymuj\u0105 kieszenie w czysto\u015bci.<\/p>\n<p>&nbsp;<\/p>\n<h3 id=\"brxe-najhln\" class=\"brxe-heading\">Cz\u0119sto zadawane pytania (FAQ)<\/h3>\n<div id=\"brxe-rajiac\" class=\"brxe-text\">\n<p><strong>P: Jakie metody p\u0142atno\u015bci akceptujecie?<\/strong><br \/>\nOdp.: Akceptujemy PayPal, Stripe, przelewy bankowe (obs\u0142ugiwane SEPA), g\u0142\u00f3wne karty kredytowe (Visa, MasterCard, American Express) i p\u0142atno\u015bci w kryptowalutach.<\/p>\n<p><strong>P: Jak d\u0142ugo trwa przygotowanie zam\u00f3wienia?<\/strong><br \/>\nOdp.: Przygotowanie zam\u00f3wienia zajmuje 1-3 dni robocze.<\/p>\n<p><strong>P: Jaki jest czas wysy\u0142ki?<\/strong><br \/>\nOdp.: Czas wysy\u0142ki wynosi 7-14 dni roboczych, w zale\u017cno\u015bci od Twojej lokalizacji.<\/p>\n<p><strong>P: Jak mog\u0119 \u015bledzi\u0107 moje zam\u00f3wienie?<\/strong><br \/>\nOdp.: Po wysy\u0142ce otrzymasz wiadomo\u015b\u0107 e-mail z potwierdzeniem i numerem przesy\u0142ki umo\u017cliwiaj\u0105cym \u015bledzenie w czasie rzeczywistym.<\/p>\n<p><strong>P: Jaka jest Twoja polityka zwrot\u00f3w?<\/strong><br \/>\nOdp.: Oferujemy 30-dniow\u0105 polityk\u0119 zwrot\u00f3w lub wymiany. .<\/p>\n<p><strong>P: Czy wyst\u0105pi\u0105 jakie\u015b problemy celne?<br \/>\n<\/strong>Obs\u0142ugujemy wszystkie procedury odprawy celnej, aby zapewni\u0107 Ci bezproblemow\u0105 obs\u0142ug\u0119. .<\/p>\n<p><strong>P: Jakie metody wysy\u0142ki s\u0105 stosowane?<\/strong><br \/>\nWsp\u00f3\u0142pracujemy z firmami UPS\/DHL\/FEDEX\/DPD itp. W zale\u017cno\u015bci od kraju dostawy wybierzemy odpowiedni\u0105 opcj\u0119 wysy\u0142ki, tak aby produkty dotar\u0142y do \u200b\u200bPa\u0144stwa najszybciej jak to mo\u017cliwe.<\/p>\n<p><a href=\"https:\/\/pgvape.com\/pl\/czesto-zadawane-pytania\/\">Kliknij tutaj, aby uzyska\u0107 wi\u0119cej cz\u0119sto zadawanych pyta\u0144<\/a><\/p>\n<p>Szanowni klienci, je\u015bli masz jakiekolwiek pytania dotycz\u0105ce zam\u00f3wienia lub przybycia towaru, skontaktuj si\u0119 z naszym dzia\u0142em obs\u0142ugi klienta. Dzi\u0119kuj\u0119!<\/p>\n<h3 data-sourcepos=\"73:1-73:21\"><strong data-sourcepos=\"73:7-73:21\">Skontaktuj si\u0119 z nami<\/strong><\/h3>\n<div id=\"text-2419739398\" class=\"text\">\n<p><strong data-sourcepos=\"75:3-75:12\">E-mail<\/strong>:\u00a0<a href=\"mailto:support@pgvape.com\"><strong>support@pgvape.com<\/strong><\/a><\/p>\n<p><strong data-sourcepos=\"76:3-76:15\">WhatsApp<\/strong>:\u00a0<a href=\"https:\/\/wa.me\/+8618128481258\"><strong>+86 18128481258<\/strong><\/a><br \/>\n<strong>(Odpowied\u017a w ci\u0105gu 24 godzin w dni robocze)<\/strong><\/p>\n<\/div>\n<h3><strong>Dzi\u0119kujemy za wybranie pgvape.com! .<\/strong><\/h3>\n<\/div>","protected":false},"excerpt":{"rendered":"<p><strong>Bang King Triple 50000<\/strong>\u2014<strong>50 tys. zaci\u0105gni\u0119\u0107<\/strong>, <strong>35ml<\/strong>, <strong>Smaki 3 w 1<\/strong>, <strong>cewka siatkowa<\/strong>, <strong>Typ C<\/strong>, <strong>ekran dotykowy<\/strong>.<strong>Przekr\u0119\u0107 raz, spr\u00f3buj trzy, wapuj na zawsze.<\/strong><\/p>","protected":false},"featured_media":7681,"comment_status":"open","ping_status":"closed","template":"","meta":{"_seopress_robots_primary_cat":"none","_seopress_titles_title":"","_seopress_titles_desc":"","_seopress_robots_index":""},"product_brand":[19,516],"product_cat":[61,18,515],"product_tag":[46,318,510,90,511],"class_list":{"0":"post-7678","1":"product","2":"type-product","3":"status-publish","4":"has-post-thumbnail","6":"product_brand-bang-king-vape","7":"product_brand-disposable-vape","8":"product_cat-50k-puffs-vape","9":"product_cat-bang-king-vape","10":"product_cat-disposable-vape","11":"product_tag-3-in-1","12":"product_tag-50k-puffs-vape","13":"product_tag-bang-king-triple-50000","14":"product_tag-disposable-vape","15":"product_tag-eu-norm-compliant","17":"first","18":"instock","19":"sale","20":"shipping-taxable","21":"purchasable","22":"product-type-variable"},"_links":{"self":[{"href":"https:\/\/pgvape.com\/pl\/wp-json\/wp\/v2\/product\/7678","targetHints":{"allow":["GET"]}}],"collection":[{"href":"https:\/\/pgvape.com\/pl\/wp-json\/wp\/v2\/product"}],"about":[{"href":"https:\/\/pgvape.com\/pl\/wp-json\/wp\/v2\/types\/product"}],"replies":[{"embeddable":true,"href":"https:\/\/pgvape.com\/pl\/wp-json\/wp\/v2\/comments?post=7678"}],"wp:featuredmedia":[{"embeddable":true,"href":"https:\/\/pgvape.com\/pl\/wp-json\/wp\/v2\/media\/7681"}],"wp:attachment":[{"href":"https:\/\/pgvape.com\/pl\/wp-json\/wp\/v2\/media?parent=7678"}],"wp:term":[{"taxonomy":"product_brand","embeddable":true,"href":"https:\/\/pgvape.com\/pl\/wp-json\/wp\/v2\/product_brand?post=7678"},{"taxonomy":"product_cat","embeddable":true,"href":"https:\/\/pgvape.com\/pl\/wp-json\/wp\/v2\/product_cat?post=7678"},{"taxonomy":"product_tag","embeddable":true,"href":"https:\/\/pgvape.com\/pl\/wp-json\/wp\/v2\/product_tag?post=7678"}],"curies":[{"name":"wp","href":"https:\/\/api.w.org\/{rel}","templated":true}]}}