{"id":7618,"date":"2025-12-07T12:11:58","date_gmt":"2025-12-07T12:11:58","guid":{"rendered":"https:\/\/pgvape.com\/?post_type=product&#038;p=7618"},"modified":"2026-04-09T14:44:17","modified_gmt":"2026-04-09T14:44:17","slug":"solaris-szampan-30000-30-tys-zaciagniec-jednorazowy-vape-2-nikotyna-10-smakow-vape-factory-direct","status":"publish","type":"product","link":"https:\/\/pgvape.com\/pl\/produkt\/solaris-szampan-30000-30-tys-zaciagniec-jednorazowy-vape-2-nikotyna-10-smakow-vape-factory-direct\/","title":{"rendered":"Solaris Champagne 30000 30k Puffs Jednorazowy Vape 2%\u00a0Nikotyna 10 smak\u00f3w Vape Factory Direct"},"content":{"rendered":"<p>Solaris Szampan 30000 Ptysi Jednorazowe <strong>Vape<\/strong>\u00a0Oferuje imponuj\u0105ce 30 000 zaci\u0105gni\u0119\u0107, zapewniaj\u0105c d\u0142ugotrwa\u0142\u0105 trwa\u0142o\u015b\u0107\u00a0<strong>Wapowanie<\/strong>\u00a0Przyjemno\u015b\u0107 do codziennego u\u017cytku lub w podr\u00f3\u017cy.\u00a0<strong>E-ciecz<\/strong> Pojemno\u015b\u0107, opcje 2%Nikotyny i 1,0 \u03a9 <strong>Cewka siatkowa<\/strong>\u00a0(Standard dla bogatego smaku), zapewnia sp\u00f3jn\u0105 par\u0119 i satysfakcjonuj\u0105cy smak.\u00a0<strong>Vape<\/strong>\u00a0Zaprojektowany z my\u015bl\u0105 o niezawodno\u015bci i aromatycznych do\u015bwiadczeniach.<\/p>\n<p>&nbsp;<\/p>\n<h2><span style=\"font-size: 90%;\">Dane techniczne jednorazowego waporyzatora Solaris Champagne 30000 30k Puffs<\/span><\/h2>\n<p><strong>Pufy<\/strong>: \u2248 <strong class=\"\">30 000<\/strong><\/p>\n<p><strong>E-ciecz<\/strong>: <strong class=\"\">20 ml<\/strong><\/p>\n<p><strong>Nikotyna<\/strong>:<strong class=\"\">2%<\/strong><\/p>\n<p><strong>Bateria<\/strong>: <strong>600 mAh<\/strong>, <strong>Typ C<\/strong> szybkie \u0142adowanie<\/p>\n<p><strong>Cewka<\/strong>: 1,0 \u03a9\u00a0<strong>Cewka siatkowa<\/strong><\/p>\n<p><strong>Typ<\/strong>: Jednorazowe, aktywowane przez losowanie<\/p>\n<p>&nbsp;<\/p>\n<h3><span style=\"font-size: 90%;\">Solaris Champagne 30000 30 tys. Puff\u00f3w Jednorazowa lista smak\u00f3w Vape<\/span><\/h3>\n<p>1.Truskawkowe Kiwi<\/p>\n<p>2. Niebieska wi\u015bnia Razz<\/p>\n<p>3. Mieszane jagody<\/p>\n<p>4.Malina jagodowa<\/p>\n<p>5.Whitegrape Champagne<\/p>\n<p>6. Soczysta brzoskwinia<\/p>\n<p>7. Arbuz Truskawkowy<\/p>\n<p>8. L\u00f3d arbuzowy<\/p>\n<p>9.Potr\u00f3jne mango<\/p>\n<p>10.Mamba<\/p>\n<p>11. Mango z marakuji<\/p>\n<p>12. Owoce tropikalne<\/p>\n<p>13. Owoc smoka wi\u015bniowego<\/p>\n<p>14. Szampan z czerwonej brzoskwini<\/p>\n<p>15. Wi\u015bniowa Cola<\/p>\n<p>16.Nap\u00f3j energetyczny<\/p>\n<p>17. Mi\u0142o\u015b\u0107 66<\/p>\n<p>18. Wi\u015bniowa Jagoda<\/p>\n<p>19.Pink Lemonade<\/p>\n<p>20.Podw\u00f3jne jab\u0142ko<\/p>\n<p><strong><img loading=\"lazy\" decoding=\"async\" class=\"alignnone wp-image-7623 size-full\" src=\"https:\/\/pgvape.com\/wp-content\/uploads\/2025\/12\/Humo-AZUL-Champagne-30000-30k-Puffs-Disposable-Vape-2-Nicotine-10Tastes-Vape-Factory-Direct-pgvape-3.png\" alt=\"Plakat promocyjny zatytu\u0142owany \u201c10 FLAVORS\u201d przedstawiaj\u0105cy dziesi\u0119\u0107 jednorazowych vape\u00f3w w czarnych butelkach po szampanie, oznaczonych etykiet\u0105 Humo AZUL, ka\u017cdy umieszczony na kolorowym tle owocowym i oznaczony smakami: arbuz lodowy, arbuz winogronowy, arbuz truskawkowy, szampan z bia\u0142ych winogron, soczysta brzoskwinia, malina jagodowa, mieszane jagody, wi\u015bnia Blue Razz, truskawka kiwi i potr\u00f3jne mango.\" width=\"1800\" height=\"1437\" srcset=\"https:\/\/pgvape.com\/wp-content\/uploads\/2025\/12\/Humo-AZUL-Champagne-30000-30k-Puffs-Disposable-Vape-2-Nicotine-10Tastes-Vape-Factory-Direct-pgvape-3.png 1800w, https:\/\/pgvape.com\/wp-content\/uploads\/2025\/12\/Humo-AZUL-Champagne-30000-30k-Puffs-Disposable-Vape-2-Nicotine-10Tastes-Vape-Factory-Direct-pgvape-3-451x360.png 451w, https:\/\/pgvape.com\/wp-content\/uploads\/2025\/12\/Humo-AZUL-Champagne-30000-30k-Puffs-Disposable-Vape-2-Nicotine-10Tastes-Vape-Factory-Direct-pgvape-3-595x475.png 595w, https:\/\/pgvape.com\/wp-content\/uploads\/2025\/12\/Humo-AZUL-Champagne-30000-30k-Puffs-Disposable-Vape-2-Nicotine-10Tastes-Vape-Factory-Direct-pgvape-3-400x319.png 400w, https:\/\/pgvape.com\/wp-content\/uploads\/2025\/12\/Humo-AZUL-Champagne-30000-30k-Puffs-Disposable-Vape-2-Nicotine-10Tastes-Vape-Factory-Direct-pgvape-3-768x613.png 768w, https:\/\/pgvape.com\/wp-content\/uploads\/2025\/12\/Humo-AZUL-Champagne-30000-30k-Puffs-Disposable-Vape-2-Nicotine-10Tastes-Vape-Factory-Direct-pgvape-3-1536x1226.png 1536w, https:\/\/pgvape.com\/wp-content\/uploads\/2025\/12\/Humo-AZUL-Champagne-30000-30k-Puffs-Disposable-Vape-2-Nicotine-10Tastes-Vape-Factory-Direct-pgvape-3-15x12.png 15w, https:\/\/pgvape.com\/wp-content\/uploads\/2025\/12\/Humo-AZUL-Champagne-30000-30k-Puffs-Disposable-Vape-2-Nicotine-10Tastes-Vape-Factory-Direct-pgvape-3-600x479.png 600w\" sizes=\"auto, (max-width: 1800px) 100vw, 1800px\" \/><\/strong><\/p>\n<p>&nbsp;<\/p>\n<h3><span style=\"font-size: 90%;\">Humo AZUL Champagne 30000 30k Puffs Jednorazowy Vape <strong>Wideo:<\/strong><\/span><\/h3>\n<p><iframe loading=\"lazy\" title=\"Humo AZUL Champagne 30000 30k Puffs Jednorazowy Vape 10 smak\u00f3w Vape Factory Direct pgvape\" width=\"563\" height=\"1000\" src=\"https:\/\/www.youtube.com\/embed\/4RibXcW0cwI?feature=oembed\" frameborder=\"0\" allow=\"accelerometer; autoplay; clipboard-write; encrypted-media; gyroscope; picture-in-picture; web-share\" referrerpolicy=\"strict-origin-when-cross-origin\" allowfullscreen><\/iframe><\/p>\n<p>&nbsp;<\/p>\n<h2 class=\"header-vfC6AV auto-hide-last-sibling-br\"><span style=\"font-size: 90%;\">Cz\u0119sto zadawane pytania dotycz\u0105ce jednorazowego waporyzatora Humo Solaris 30000 30k Puffs<\/span><\/h2>\n<p>\u2753Ile zaci\u0105gni\u0119\u0107 to jednorazowa ilo\u015b\u0107\u00a0<strong>Vape<\/strong>\u00a0Oferta?<br \/>\n\u2705Wystarcza do 30 000 zaci\u0105gni\u0119\u0107, zapewniaj\u0105c d\u0142ugotrwa\u0142\u0105 trwa\u0142o\u015b\u0107\u00a0<strong>Wapowanie<\/strong>\u00a0Bez cz\u0119stych wymian urz\u0105dze\u0144.<\/p>\n<p>\u2753Jakie moce nikotyny s\u0105 dost\u0119pne?<br \/>\n\u2705Wybierz nikotyn\u0119 2%, odpowiedni\u0105 do umiarkowanej lub mocnej <strong>Wapowanie<\/strong>\u00a0Preferencje.<\/p>\n<p>\u2753Ile\u00a0<strong>E-ciecz<\/strong>\u00a0Czy urz\u0105dzenie si\u0119 trzyma?<br \/>\n\u2705Posiada 20 ml\u00a0<strong>E-ciecz<\/strong>\u00a0Pojemno\u015b\u0107 zapewniaj\u0105ca wydajno\u015b\u0107 30 000 zaci\u0105gni\u0119\u0107.<\/p>\n<p>\u2753Jak \u0142adowa\u0107\u00a0<strong>Vape<\/strong>?<br \/>\n\u2705Wykorzystuje \u0142adowark\u0119 typu C do \u0142adowania akumulatora 600 mAh, umo\u017cliwiaj\u0105c szybkie odzyskanie energii.<\/p>\n<p>\u2753Czy istniej\u0105 r\u00f3\u017cne opcje smakowe do wyboru?<br \/>\n\u2705Tak, oferuje 10 smak\u00f3w, w tym owocowe, lodowe i mieszane, aby zaspokoi\u0107 r\u00f3\u017cne gusta.<\/p>\n<p>\u2753Czy to\u00a0<strong>Vape<\/strong>\u00a0\u0141atwy w u\u017cyciu na co dzie\u0144 czy w podr\u00f3\u017cy?<br \/>\n\u2705Tak, jest to jednorazowe, wst\u0119pnie nape\u0142nione urz\u0105dzenie, kt\u00f3re nie wymaga ponownego nape\u0142niania \u2013 kompaktowe i wygodne w ka\u017cdej chwili\u00a0<strong>Wapowanie<\/strong>.<\/p>\n<p>&nbsp;<\/p>\n<h3 id=\"brxe-najhln\" class=\"brxe-heading\">Cz\u0119sto zadawane pytania (FAQ)<\/h3>\n<div id=\"brxe-rajiac\" class=\"brxe-text\">\n<p><strong>P: Jakie metody p\u0142atno\u015bci akceptujecie?<\/strong><br \/>\nOdp.: Akceptujemy PayPal, Stripe, przelewy bankowe (obs\u0142ugiwane SEPA), g\u0142\u00f3wne karty kredytowe (Visa, MasterCard, American Express) i p\u0142atno\u015bci w kryptowalutach.<\/p>\n<p><strong>P: Jak d\u0142ugo trwa przygotowanie zam\u00f3wienia?<\/strong><br \/>\nOdp.: Przygotowanie zam\u00f3wienia zajmuje 1-3 dni robocze.<\/p>\n<p><strong>P: Jaki jest czas wysy\u0142ki?<\/strong><br \/>\nOdp.: Czas wysy\u0142ki wynosi 7-14 dni roboczych, w zale\u017cno\u015bci od Twojej lokalizacji.<\/p>\n<p><strong>P: Jak mog\u0119 \u015bledzi\u0107 moje zam\u00f3wienie?<\/strong><br \/>\nOdp.: Po wysy\u0142ce otrzymasz wiadomo\u015b\u0107 e-mail z potwierdzeniem i numerem przesy\u0142ki umo\u017cliwiaj\u0105cym \u015bledzenie w czasie rzeczywistym.<\/p>\n<p><strong>P: Jaka jest Twoja polityka zwrot\u00f3w?<\/strong><br \/>\nOdp.: Oferujemy 30-dniow\u0105 polityk\u0119 zwrot\u00f3w lub wymiany. .<\/p>\n<p><strong>P: Czy wyst\u0105pi\u0105 jakie\u015b problemy celne?<br \/>\n<\/strong>Obs\u0142ugujemy wszystkie procedury odprawy celnej, aby zapewni\u0107 Ci bezproblemow\u0105 obs\u0142ug\u0119. .<\/p>\n<p><strong>P: Jakie metody wysy\u0142ki s\u0105 stosowane?<\/strong><br \/>\nWsp\u00f3\u0142pracujemy z firmami UPS\/DHL\/FEDEX\/DPD itp. W zale\u017cno\u015bci od kraju dostawy wybierzemy odpowiedni\u0105 opcj\u0119 wysy\u0142ki, tak aby produkty dotar\u0142y do \u200b\u200bPa\u0144stwa najszybciej jak to mo\u017cliwe.<\/p>\n<p><a href=\"https:\/\/pgvape.com\/pl\/czesto-zadawane-pytania\/\">Kliknij tutaj, aby uzyska\u0107 wi\u0119cej cz\u0119sto zadawanych pyta\u0144<\/a><\/p>\n<p>Szanowni klienci, je\u015bli masz jakiekolwiek pytania dotycz\u0105ce zam\u00f3wienia lub przybycia towaru, skontaktuj si\u0119 z naszym dzia\u0142em obs\u0142ugi klienta. Dzi\u0119kuj\u0119!<\/p>\n<h3 data-sourcepos=\"73:1-73:21\"><strong data-sourcepos=\"73:7-73:21\">Skontaktuj si\u0119 z nami<\/strong><\/h3>\n<div id=\"text-2419739398\" class=\"text\">\n<p><strong data-sourcepos=\"75:3-75:12\">E-mail<\/strong>:\u00a0<a href=\"mailto:support@pgvape.com\"><strong>support@pgvape.com<\/strong><\/a><\/p>\n<p><strong data-sourcepos=\"76:3-76:15\">WhatsApp<\/strong>:\u00a0<a href=\"https:\/\/wa.me\/+8618128481258\"><strong>+86 18128481258<\/strong><\/a><br \/>\n<strong>(Odpowied\u017a w ci\u0105gu 24 godzin w dni robocze)<\/strong><\/p>\n<\/div>\n<h3><strong>Dzi\u0119kujemy za wybranie pgvape.com! .<\/strong><\/h3>\n<\/div>","protected":false},"excerpt":{"rendered":"<p><strong>30 tys. zaci\u0105gni\u0119\u0107<\/strong>\u2014<strong>20 ml<\/strong>, <strong>Typ C<\/strong> na\u0142adowa\u0107, <strong>2 %\/5 % nic<\/strong>, <strong>10 owocowych smak\u00f3w<\/strong>.<strong class=\"\">D\u0142uga \u017cywotno\u015b\u0107, odwa\u017cny smak, bez k\u0142opot\u00f3w.<\/strong><\/p>","protected":false},"featured_media":7621,"comment_status":"open","ping_status":"closed","template":"","meta":{"_seopress_robots_primary_cat":"none","_seopress_titles_title":"","_seopress_titles_desc":"","_seopress_robots_index":""},"product_brand":[516,513],"product_cat":[35,515,512],"product_tag":[349,90,514,620],"class_list":{"0":"post-7618","1":"product","2":"type-product","3":"status-publish","4":"has-post-thumbnail","6":"product_brand-disposable-vape","7":"product_brand-solaris-champagne-vape","8":"product_cat-30k-puffs-vape","9":"product_cat-disposable-vape","10":"product_cat-solaris-champagne-vape","11":"product_tag-30k-puffs-vape","12":"product_tag-disposable-vape","13":"product_tag-solaris-champagne-30000","14":"product_tag-solaris-vape","16":"first","17":"instock","18":"sale","19":"shipping-taxable","20":"purchasable","21":"product-type-variable"},"_links":{"self":[{"href":"https:\/\/pgvape.com\/pl\/wp-json\/wp\/v2\/product\/7618","targetHints":{"allow":["GET"]}}],"collection":[{"href":"https:\/\/pgvape.com\/pl\/wp-json\/wp\/v2\/product"}],"about":[{"href":"https:\/\/pgvape.com\/pl\/wp-json\/wp\/v2\/types\/product"}],"replies":[{"embeddable":true,"href":"https:\/\/pgvape.com\/pl\/wp-json\/wp\/v2\/comments?post=7618"}],"wp:featuredmedia":[{"embeddable":true,"href":"https:\/\/pgvape.com\/pl\/wp-json\/wp\/v2\/media\/7621"}],"wp:attachment":[{"href":"https:\/\/pgvape.com\/pl\/wp-json\/wp\/v2\/media?parent=7618"}],"wp:term":[{"taxonomy":"product_brand","embeddable":true,"href":"https:\/\/pgvape.com\/pl\/wp-json\/wp\/v2\/product_brand?post=7618"},{"taxonomy":"product_cat","embeddable":true,"href":"https:\/\/pgvape.com\/pl\/wp-json\/wp\/v2\/product_cat?post=7618"},{"taxonomy":"product_tag","embeddable":true,"href":"https:\/\/pgvape.com\/pl\/wp-json\/wp\/v2\/product_tag?post=7618"}],"curies":[{"name":"wp","href":"https:\/\/api.w.org\/{rel}","templated":true}]}}