{"id":7586,"date":"2025-12-07T10:10:00","date_gmt":"2025-12-07T10:10:00","guid":{"rendered":"https:\/\/pgvape.com\/?post_type=product&#038;p=7586"},"modified":"2026-03-15T13:32:42","modified_gmt":"2026-03-15T13:32:42","slug":"bang-lider-18000-18k-zaciagniec-jednorazowy-vape-0-2-3-5-nikotyna-12-smakow-vape-factory-direct","status":"publish","type":"product","link":"https:\/\/pgvape.com\/pl\/produkt\/bang-lider-18000-18k-zaciagniec-jednorazowy-vape-0-2-3-5-nikotyna-12-smakow-vape-factory-direct\/","title":{"rendered":"Bang Leader 18000 18K Puffs Jednorazowy Vape 0% 2% 3% 5% Nikotyna 12 Smak\u00f3w Vape Factory Direct"},"content":{"rendered":"<p>Zaprojektowany z my\u015bl\u0105 o niezawodno\u015bci i wydajno\u015bci, The <strong data-sourcepos=\"7:49-7:92\">Jednorazowy waporyzator Bang Leader 18000 Puffs<\/strong> \u0141\u0105czy d\u0142u\u017csz\u0105 trwa\u0142o\u015b\u0107 z nowoczesn\u0105 wygod\u0105. <strong data-sourcepos=\"7:167-7:198\">Akumulator 650 mAh<\/strong> Z wygodnym <strong data-sourcepos=\"7:215-7:234\">\u0141adowanie typu C<\/strong>, to urz\u0105dzenie zapewnia ci\u0105g\u0142\u0105 zabaw\u0119 bez kompromis\u00f3w. <strong data-sourcepos=\"7:310-7:330\">System cewek siatkowych<\/strong> Zwi\u0119ksza klarowno\u015b\u0107 smaku i produkcj\u0119 pary, a op\u0142ywowy, mieszcz\u0105cy si\u0119 w kieszeni kszta\u0142t zapewnia wygodne codzienne u\u017cytkowanie. .<\/p>\n<p>&nbsp;<\/p>\n<h2><span style=\"font-size: 90%;\">Specyfikacja jednorazowego waporyzatora Bang Leader 18000 18K Puffs<\/span><\/h2>\n<p><strong>Pufy<\/strong>: A\u017c do <strong>18,000<\/strong><\/p>\n<p><strong>Bateria<\/strong>: <strong>650 mAh<\/strong>, <strong>Typ C<\/strong> szybkie \u0142adowanie (~30 min)<\/p>\n<p><strong>Cewka<\/strong>: <strong>Siatka 1,0 \u03a9<\/strong><\/p>\n<p><strong>Nikotyna<\/strong>: <strong>0 %, 2 %, 3 %, 5 %<\/strong><\/p>\n<p><strong>Projekt<\/strong>: Ultracienki, odporny na wycieki, mieszcz\u0105cy si\u0119 w kieszeni<\/p>\n<p><strong>Przep\u0142yw powietrza<\/strong>: <strong>Naprawiono p\u0142ynne losowanie MTL<\/strong><\/p>\n<p>&nbsp;<\/p>\n<h3><span style=\"font-size: 90%;\">Bang Leader 18000 18K Puffs Lista smak\u00f3w jednorazowego waporyzatora<\/span><\/h3>\n<p><strong data-sourcepos=\"21:4-21:23\">1.Truskawkowe Kiwi<\/strong><\/p>\n<p><strong data-sourcepos=\"22:4-22:29\">2. Arbuz truskawkowy<\/strong><\/p>\n<p><strong data-sourcepos=\"23:4-23:16\">3. Czerwony Byk<\/strong><\/p>\n<p><strong data-sourcepos=\"24:4-24:20\">4. Mieszane owoce<\/strong><\/p>\n<p><strong data-sourcepos=\"25:4-25:27\">5.Malina jagodowa<\/strong><\/p>\n<p><strong data-sourcepos=\"26:4-26:28\">6. Arbuz jagodowy<\/strong><\/p>\n<p><strong data-sourcepos=\"27:4-27:17\">7. L\u00f3d winogronowy<\/strong><\/p>\n<p><strong data-sourcepos=\"28:4-28:34\">8. L\u00f3d malinowo-brzoskwiniowy Mojito<\/strong><\/p>\n<p><strong data-sourcepos=\"29:4-29:22\">9. L\u00f3d arbuzowy<\/strong><\/p>\n<p><strong data-sourcepos=\"30:5-30:29\">10. Arbuz malinowy<\/strong><\/p>\n<p><strong data-sourcepos=\"31:5-31:17\">11. L\u00f3d z Col\u0105<\/strong><\/p>\n<p><strong data-sourcepos=\"32:5-32:31\">12. Arbuz Mango Brzoskwiniowy<img loading=\"lazy\" decoding=\"async\" class=\"alignnone wp-image-7591 size-full\" src=\"https:\/\/pgvape.com\/wp-content\/uploads\/2025\/12\/Bang-Leader-18000-Puffs-Disposable-Vape-0-2-3-5-Nicotine-12Tastes-Rechargeable-Vape-Factory-Direct-3.png\" alt=\"Baner promocyjny jednorazowych waporyzator\u00f3w Bang Leader 18000 puffs, przedstawiaj\u0105cy du\u017ce kolorowe urz\u0105dzenia na postumentach po lewej stronie, logo marki i du\u017cy nag\u0142\u00f3wek \u201c18000 Puffs\u201d oraz siatk\u0119 po prawej stronie dwunastu urz\u0105dze\u0144 do waporyzacji w r\u00f3\u017cnych smakach, oznaczonych smakami takimi jak truskawka kiwi, jagoda malina, l\u00f3d winogronowy, l\u00f3d arbuzowy, l\u00f3d cola i arbuz mango i brzoskwini.\" width=\"1800\" height=\"810\" srcset=\"https:\/\/pgvape.com\/wp-content\/uploads\/2025\/12\/Bang-Leader-18000-Puffs-Disposable-Vape-0-2-3-5-Nicotine-12Tastes-Rechargeable-Vape-Factory-Direct-3.png 1800w, https:\/\/pgvape.com\/wp-content\/uploads\/2025\/12\/Bang-Leader-18000-Puffs-Disposable-Vape-0-2-3-5-Nicotine-12Tastes-Rechargeable-Vape-Factory-Direct-3-555x250.png 555w, https:\/\/pgvape.com\/wp-content\/uploads\/2025\/12\/Bang-Leader-18000-Puffs-Disposable-Vape-0-2-3-5-Nicotine-12Tastes-Rechargeable-Vape-Factory-Direct-3-595x268.png 595w, https:\/\/pgvape.com\/wp-content\/uploads\/2025\/12\/Bang-Leader-18000-Puffs-Disposable-Vape-0-2-3-5-Nicotine-12Tastes-Rechargeable-Vape-Factory-Direct-3-400x180.png 400w, https:\/\/pgvape.com\/wp-content\/uploads\/2025\/12\/Bang-Leader-18000-Puffs-Disposable-Vape-0-2-3-5-Nicotine-12Tastes-Rechargeable-Vape-Factory-Direct-3-768x346.png 768w, https:\/\/pgvape.com\/wp-content\/uploads\/2025\/12\/Bang-Leader-18000-Puffs-Disposable-Vape-0-2-3-5-Nicotine-12Tastes-Rechargeable-Vape-Factory-Direct-3-1536x691.png 1536w, https:\/\/pgvape.com\/wp-content\/uploads\/2025\/12\/Bang-Leader-18000-Puffs-Disposable-Vape-0-2-3-5-Nicotine-12Tastes-Rechargeable-Vape-Factory-Direct-3-18x8.png 18w, https:\/\/pgvape.com\/wp-content\/uploads\/2025\/12\/Bang-Leader-18000-Puffs-Disposable-Vape-0-2-3-5-Nicotine-12Tastes-Rechargeable-Vape-Factory-Direct-3-600x270.png 600w\" sizes=\"auto, (max-width: 1800px) 100vw, 1800px\" \/><\/strong><\/p>\n<p>&nbsp;<\/p>\n<h3><span style=\"font-size: 90%;\">Bang Leader 18000 18K Puffs Jednorazowe wideo Vape:<\/span><\/h3>\n<p>&nbsp;<\/p>\n<h2 class=\"header-vfC6AV auto-hide-last-sibling-br\"><span style=\"font-size: 90%;\">Cz\u0119sto zadawane pytania dotycz\u0105ce jednorazowego waporyzatora Bang Leader 18000 18K Puffs<\/span><\/h2>\n<p>\u2753 <strong>Ile zaci\u0105gni\u0119\u0107 na urz\u0105dzenie?<\/strong><br \/>\n\u2705 Ocena fabryczna <strong>18 000 zaci\u0105gni\u0119\u0107<\/strong>\u2014 tygodnie codziennego wapowania.<\/p>\n<p>\u2753 <strong>Czy mo\u017cna go \u0142adowa\u0107?<\/strong><br \/>\n\u2705 Tak, <strong>650 mAh<\/strong> bateria + <strong>Typ C<\/strong> port; pe\u0142ne \u0142adowanie w ~30 min.<\/p>\n<p>\u2753 <strong>Jaka cewka jest w \u015brodku?<\/strong><br \/>\n\u2705 <strong>Cewka siatkowa 1,0 \u03a9<\/strong>\u2014wi\u0119ksza powierzchnia grzewcza, g\u0119stszy smak.<\/p>\n<p>\u2753 <strong>Czy mog\u0119 wybra\u0107 moc nikotyny?<br \/>\n<\/strong>\u2705 <strong>0 %, 2 %, 3 %, 5 %<\/strong> opcje solne \u2013 wybierz przed koszykiem.<\/p>\n<p>\u2753 <strong>Czy potrzebne jest uzupe\u0142nienie lub konserwacja?<\/strong><br \/>\n\u2705 <strong>Zerowe utrzymanie<\/strong>\u2014wst\u0119pnie nape\u0142niony, wst\u0119pnie na\u0142adowany, aktywowany losowaniem.<\/p>\n<p>&nbsp;<\/p>\n<h3 id=\"brxe-najhln\" class=\"brxe-heading\">Cz\u0119sto zadawane pytania (FAQ)<\/h3>\n<div id=\"brxe-rajiac\" class=\"brxe-text\">\n<p><strong>P: Jakie metody p\u0142atno\u015bci akceptujecie?<\/strong><br \/>\nOdp.: Akceptujemy PayPal, Stripe, przelewy bankowe (obs\u0142ugiwane SEPA), g\u0142\u00f3wne karty kredytowe (Visa, MasterCard, American Express) i p\u0142atno\u015bci w kryptowalutach.<\/p>\n<p><strong>P: Jak d\u0142ugo trwa przygotowanie zam\u00f3wienia?<\/strong><br \/>\nOdp.: Przygotowanie zam\u00f3wienia zajmuje 1-3 dni robocze.<\/p>\n<p><strong>P: Jaki jest czas wysy\u0142ki?<\/strong><br \/>\nOdp.: Czas wysy\u0142ki wynosi 7-14 dni roboczych, w zale\u017cno\u015bci od Twojej lokalizacji.<\/p>\n<p><strong>P: Jak mog\u0119 \u015bledzi\u0107 moje zam\u00f3wienie?<\/strong><br \/>\nOdp.: Po wysy\u0142ce otrzymasz wiadomo\u015b\u0107 e-mail z potwierdzeniem i numerem przesy\u0142ki umo\u017cliwiaj\u0105cym \u015bledzenie w czasie rzeczywistym.<\/p>\n<p><strong>P: Jaka jest Twoja polityka zwrot\u00f3w?<\/strong><br \/>\nOdp.: Oferujemy 30-dniow\u0105 polityk\u0119 zwrot\u00f3w lub wymiany. .<\/p>\n<p><strong>P: Czy wyst\u0105pi\u0105 jakie\u015b problemy celne?<br \/>\n<\/strong>Obs\u0142ugujemy wszystkie procedury odprawy celnej, aby zapewni\u0107 Ci bezproblemow\u0105 obs\u0142ug\u0119. .<\/p>\n<p><strong>P: Jakie metody wysy\u0142ki s\u0105 stosowane?<\/strong><br \/>\nWsp\u00f3\u0142pracujemy z firmami UPS\/DHL\/FEDEX\/DPD itp. W zale\u017cno\u015bci od kraju dostawy wybierzemy odpowiedni\u0105 opcj\u0119 wysy\u0142ki, tak aby produkty dotar\u0142y do \u200b\u200bPa\u0144stwa najszybciej jak to mo\u017cliwe.<\/p>\n<p><a href=\"https:\/\/pgvape.com\/pl\/czesto-zadawane-pytania\/\">Kliknij tutaj, aby uzyska\u0107 wi\u0119cej cz\u0119sto zadawanych pyta\u0144<\/a><\/p>\n<p>Szanowni klienci, je\u015bli masz jakiekolwiek pytania dotycz\u0105ce zam\u00f3wienia lub przybycia towaru, skontaktuj si\u0119 z naszym dzia\u0142em obs\u0142ugi klienta. Dzi\u0119kuj\u0119!<\/p>\n<h3 data-sourcepos=\"73:1-73:21\"><strong data-sourcepos=\"73:7-73:21\">Skontaktuj si\u0119 z nami<\/strong><\/h3>\n<div id=\"text-2419739398\" class=\"text\">\n<p><strong data-sourcepos=\"75:3-75:12\">E-mail<\/strong>:\u00a0<a href=\"mailto:support@pgvape.com\"><strong>support@pgvape.com<\/strong><\/a><\/p>\n<p><strong data-sourcepos=\"76:3-76:15\">WhatsApp<\/strong>:\u00a0<a href=\"https:\/\/wa.me\/+8618128481258\"><strong>+86 18128481258<\/strong><\/a><br \/>\n<strong>(Odpowied\u017a w ci\u0105gu 24 godzin w dni robocze)<\/strong><\/p>\n<\/div>\n<h3><strong>Dzi\u0119kujemy za wybranie pgvape.com! .<\/strong><\/h3>\n<\/div>","protected":false},"excerpt":{"rendered":"<p><strong>Lider Bangu 18000<\/strong>\u2014<strong>18 tys. zaci\u0105gni\u0119\u0107<\/strong>, <strong>Typ C<\/strong> szybkie \u0142adowanie, <strong>Siatka 1,0 \u03a9<\/strong>, <strong>12 smak\u00f3w<\/strong>, <strong>0-5 % nic<\/strong>.<strong>Waporyzuj d\u0142ugo, \u0142aduj szybko, smakuj wi\u0119cej.<\/strong><\/p>","protected":false},"featured_media":7589,"comment_status":"open","ping_status":"closed","template":"","meta":{"_seopress_robots_primary_cat":"none","_seopress_titles_title":"","_seopress_titles_desc":"","_seopress_robots_index":""},"product_brand":[54,516],"product_cat":[236,32,515],"product_tag":[499,498,90,500],"class_list":{"0":"post-7586","1":"product","2":"type-product","3":"status-publish","4":"has-post-thumbnail","6":"product_brand-bang-leader-vape","7":"product_brand-disposable-vape","8":"product_cat-18k-puffs-vape","9":"product_cat-bang-leader-vape","10":"product_cat-disposable-vape","11":"product_tag-18k-puffs-vape","12":"product_tag-bang-leader-18000","13":"product_tag-disposable-vape","14":"product_tag-fixed-smooth-mtl-draw","16":"first","17":"instock","18":"sale","19":"shipping-taxable","20":"purchasable","21":"product-type-variable"},"_links":{"self":[{"href":"https:\/\/pgvape.com\/pl\/wp-json\/wp\/v2\/product\/7586","targetHints":{"allow":["GET"]}}],"collection":[{"href":"https:\/\/pgvape.com\/pl\/wp-json\/wp\/v2\/product"}],"about":[{"href":"https:\/\/pgvape.com\/pl\/wp-json\/wp\/v2\/types\/product"}],"replies":[{"embeddable":true,"href":"https:\/\/pgvape.com\/pl\/wp-json\/wp\/v2\/comments?post=7586"}],"wp:featuredmedia":[{"embeddable":true,"href":"https:\/\/pgvape.com\/pl\/wp-json\/wp\/v2\/media\/7589"}],"wp:attachment":[{"href":"https:\/\/pgvape.com\/pl\/wp-json\/wp\/v2\/media?parent=7586"}],"wp:term":[{"taxonomy":"product_brand","embeddable":true,"href":"https:\/\/pgvape.com\/pl\/wp-json\/wp\/v2\/product_brand?post=7586"},{"taxonomy":"product_cat","embeddable":true,"href":"https:\/\/pgvape.com\/pl\/wp-json\/wp\/v2\/product_cat?post=7586"},{"taxonomy":"product_tag","embeddable":true,"href":"https:\/\/pgvape.com\/pl\/wp-json\/wp\/v2\/product_tag?post=7586"}],"curies":[{"name":"wp","href":"https:\/\/api.w.org\/{rel}","templated":true}]}}