{"id":7555,"date":"2025-12-07T09:52:05","date_gmt":"2025-12-07T09:52:05","guid":{"rendered":"https:\/\/pgvape.com\/?post_type=product&#038;p=7555"},"modified":"2026-03-05T14:37:54","modified_gmt":"2026-03-05T14:37:54","slug":"bang-lider-30000-30k-zaciagniec-podwojny-smak-jednorazowe-vape-0-2-3-5-nikotynowy-wyswietlacz-lcd-vape-factory-direct","status":"publish","type":"product","link":"https:\/\/pgvape.com\/pl\/produkt\/bang-lider-30000-30k-zaciagniec-podwojny-smak-jednorazowe-vape-0-2-3-5-nikotynowy-wyswietlacz-lcd-vape-factory-direct\/","title":{"rendered":"Bang Leader 30000 30k Ptysi Podw\u00f3jny Smak Jednorazowy Vape 0% 2% 3% 5% Nikotynowy Wy\u015bwietlacz LCD Vape Factory Direct"},"content":{"rendered":"<p>Do\u015bwiadcz wyj\u0105tkowej wydajno\u015bci dzi\u0119ki <strong data-sourcepos=\"7:45-7:88\">Jednorazowy waporyzator Bang Leader 30000 Puffs<\/strong> \u2013 Urz\u0105dzenie najwy\u017cszej klasy \u0142\u0105cz\u0105ce imponuj\u0105c\u0105 trwa\u0142o\u015b\u0107 z najnowocze\u015bniejszymi innowacjami. <strong data-sourcepos=\"7:292-7:314\">12 r\u00f3\u017cnorodnych smak\u00f3w<\/strong>, Zaawansowany <strong data-sourcepos=\"7:325-7:347\">Siatkowe przewody grzejne<\/strong>, I elegancka, ergonomiczna konstrukcja, to jednorazowe urz\u0105dzenie zapewnia wyj\u0105tkowe wytwarzanie pary i sp\u00f3jno\u015b\u0107 smaku, zapewniaj\u0105c naprawd\u0119 satysfakcjonuj\u0105ce sesje wapowania.<img loading=\"lazy\" decoding=\"async\" class=\"alignnone wp-image-7566 size-full\" src=\"https:\/\/pgvape.com\/wp-content\/uploads\/2025\/12\/Bang-leader-30000-30k-Puffs-Double-Taste-Disposable-Vape-0-2-3-5-Nicotine-12Tastes-LCD-Display-Vape-Factory-Direct-9.png\" alt=\"Dwa jednorazowe urz\u0105dzenia do waporyzacji w jaskrawych kolorach \u2014 jedno neonowo zielone i jedno cyjanowo-niebieskie \u2014 ka\u017cde z ilustracj\u0105 rycz\u0105cego kota i brandingiem &#039;BANG LEADER&#039;, unosz\u0105ce si\u0119 nad \u015bwiec\u0105cym turkusowym coko\u0142em na geometrycznym tle, z pobliskimi ikonami przedstawiaj\u0105cymi 36 ml, 550 mAh, 30 000 zaci\u0105gni\u0119\u0107, cewk\u0119 siatkow\u0105 i grafik\u0119 przedstawiaj\u0105c\u0105 obracaj\u0105c\u0105 si\u0119 uchwyt na papierosy.\" width=\"1920\" height=\"899\" srcset=\"https:\/\/pgvape.com\/wp-content\/uploads\/2025\/12\/Bang-leader-30000-30k-Puffs-Double-Taste-Disposable-Vape-0-2-3-5-Nicotine-12Tastes-LCD-Display-Vape-Factory-Direct-9.png 1920w, https:\/\/pgvape.com\/wp-content\/uploads\/2025\/12\/Bang-leader-30000-30k-Puffs-Double-Taste-Disposable-Vape-0-2-3-5-Nicotine-12Tastes-LCD-Display-Vape-Factory-Direct-9-555x260.png 555w, https:\/\/pgvape.com\/wp-content\/uploads\/2025\/12\/Bang-leader-30000-30k-Puffs-Double-Taste-Disposable-Vape-0-2-3-5-Nicotine-12Tastes-LCD-Display-Vape-Factory-Direct-9-595x279.png 595w, https:\/\/pgvape.com\/wp-content\/uploads\/2025\/12\/Bang-leader-30000-30k-Puffs-Double-Taste-Disposable-Vape-0-2-3-5-Nicotine-12Tastes-LCD-Display-Vape-Factory-Direct-9-400x187.png 400w, https:\/\/pgvape.com\/wp-content\/uploads\/2025\/12\/Bang-leader-30000-30k-Puffs-Double-Taste-Disposable-Vape-0-2-3-5-Nicotine-12Tastes-LCD-Display-Vape-Factory-Direct-9-768x360.png 768w, https:\/\/pgvape.com\/wp-content\/uploads\/2025\/12\/Bang-leader-30000-30k-Puffs-Double-Taste-Disposable-Vape-0-2-3-5-Nicotine-12Tastes-LCD-Display-Vape-Factory-Direct-9-1536x719.png 1536w, https:\/\/pgvape.com\/wp-content\/uploads\/2025\/12\/Bang-leader-30000-30k-Puffs-Double-Taste-Disposable-Vape-0-2-3-5-Nicotine-12Tastes-LCD-Display-Vape-Factory-Direct-9-18x8.png 18w, https:\/\/pgvape.com\/wp-content\/uploads\/2025\/12\/Bang-leader-30000-30k-Puffs-Double-Taste-Disposable-Vape-0-2-3-5-Nicotine-12Tastes-LCD-Display-Vape-Factory-Direct-9-600x281.png 600w\" sizes=\"auto, (max-width: 1920px) 100vw, 1920px\" \/><\/p>\n<p>&nbsp;<\/p>\n<h2><span style=\"font-size: 90%;\">Specyfikacja jednorazowego waporyzatora Bang Leader 30000 30k Puffs Double Taste<\/span><\/h2>\n<p><strong data-sourcepos=\"12:3-12:21\">Pojemno\u015b\u0107 zaci\u0105gni\u0119cia:<\/strong>\u00a0A\u017c do\u00a0<strong data-sourcepos=\"12:28-12:44\">30 000 zaci\u0105gni\u0119\u0107<\/strong><\/p>\n<p><strong data-sourcepos=\"13:3-13:23\">Obj\u0119to\u015b\u0107 p\u0142ynu E:<\/strong>\u00a0<strong data-sourcepos=\"13:24-13:32\">36ml<\/strong><\/p>\n<p><strong data-sourcepos=\"14:3-14:15\">Bateria:<\/strong>\u00a0<strong data-sourcepos=\"14:16-14:37\">Zintegrowany 550 mAh<\/strong>\u00a0Z \u0142adowaniem USB<\/p>\n<p><strong data-sourcepos=\"15:3-15:15\">Wy\u015bwietlacz:<\/strong>\u00a0Interaktywny ekran LCD pokazuj\u0105cy stan baterii i e-liquidu<\/p>\n<p><strong data-sourcepos=\"16:3-16:17\">Typ cewki:<\/strong>\u00a0<strong data-sourcepos=\"16:18-16:36\">Drut siatkowy 1,0 \u03a9<\/strong>\u00a0Dla doskona\u0142ego ogrzewania<\/p>\n<p><strong data-sourcepos=\"17:3-17:16\">Cechy:<\/strong>\u00a0<strong data-sourcepos=\"17:17-17:39\">Regulowany przep\u0142yw powietrza<\/strong>\u00a0\u2022\u00a0<strong data-sourcepos=\"17:42-17:60\">Rysowanie-aktywowane<\/strong>\u00a0\u2022\u00a0<strong data-sourcepos=\"17:63-17:90\">Kompaktowa, przeno\u015bna konstrukcja<\/strong><\/p>\n<p><strong data-sourcepos=\"18:3-18:24\">Opcje nikotyny:<\/strong>\u00a0<strong data-sourcepos=\"18:25-18:46\">0%, 2%, 3% lub 5%<\/strong><\/p>\n<p>&nbsp;<\/p>\n<h3><span style=\"font-size: 90%;\">Bang Leader 30000 30 tys. Puff\u00f3w Double Taste Lista smak\u00f3w jednorazowego waporyzatora<\/span><\/h3>\n<p><strong data-sourcepos=\"24:4-24:39\">1.L\u00f3d arbuzowy\/mi\u0119ta jagodowa<\/strong><\/p>\n<p><strong data-sourcepos=\"25:4-25:41\">2.L\u00f3d Arbuzowy\/Mango Truskawkowe<\/strong><\/p>\n<p><strong data-sourcepos=\"26:4-26:56\">3. Arbuz truskawkowy \/ Gujawa z marakuji kiwi<\/strong><\/p>\n<p><strong data-sourcepos=\"27:4-27:41\">4. Arbuz truskawkowy \/ l\u00f3d winogronowy<\/strong><\/p>\n<p><strong data-sourcepos=\"28:4-28:52\">5.Jagoda Malina \/ Brzoskwinia Mango Arbuz<\/strong><\/p>\n<p><strong data-sourcepos=\"29:4-29:48\">6.Malina jagodowa \/ Mieszanka sple\u015bnia\u0142ych owoc\u00f3w<\/strong><\/p>\n<p><strong data-sourcepos=\"30:4-30:40\">7. L\u00f3d jagodowy \/ L\u00f3d czarnego smoka<\/strong><\/p>\n<p><strong data-sourcepos=\"31:4-31:41\">8.L\u00f3d jagodowy \/banan truskawkowy<\/strong><\/p>\n<p><strong data-sourcepos=\"32:4-32:39\">9. Arbuz Red Bull \/ Jagodowy<\/strong><\/p>\n<p><strong data-sourcepos=\"33:5-33:43\">10. Cukierki Red Bull \/ Arbuz<\/strong><\/p>\n<p><strong data-sourcepos=\"34:5-34:36\">11.Truskawkowe Kiwi \/ L\u00f3d Brzoskwiniowy<\/strong><\/p>\n<p><strong data-sourcepos=\"35:5-35:47\">12.Truskawka Kiwi \/ Kwa\u015bne Jab\u0142ko Malina<img loading=\"lazy\" decoding=\"async\" class=\"alignnone wp-image-7561 size-full\" src=\"https:\/\/pgvape.com\/wp-content\/uploads\/2025\/12\/Bang-leader-30000-30k-Puffs-Double-Taste-Disposable-Vape-0-2-3-5-Nicotine-12Tastes-LCD-Display-Vape-Factory-Direct-4.png\" alt=\"Rz\u0105d dwunastu prostok\u0105tnych jednorazowych urz\u0105dze\u0144 do waporyzacji &#039;Bang Leader&#039; w jaskrawych kolorach z czarnymi ustnikami, ka\u017cde opatrzone stylizowanym logo g\u0142owy tygrysa i nazwami smak\u00f3w na panelach o \u017cywym gradiencie na fioletowym, dymnym tle oraz nag\u0142\u00f3wkiem &#039;Bang Leader 30k Puffs Double Taste Disposable Vape&#039; u g\u00f3ry.\" width=\"1600\" height=\"1026\" srcset=\"https:\/\/pgvape.com\/wp-content\/uploads\/2025\/12\/Bang-leader-30000-30k-Puffs-Double-Taste-Disposable-Vape-0-2-3-5-Nicotine-12Tastes-LCD-Display-Vape-Factory-Direct-4.png 1600w, https:\/\/pgvape.com\/wp-content\/uploads\/2025\/12\/Bang-leader-30000-30k-Puffs-Double-Taste-Disposable-Vape-0-2-3-5-Nicotine-12Tastes-LCD-Display-Vape-Factory-Direct-4-555x356.png 555w, https:\/\/pgvape.com\/wp-content\/uploads\/2025\/12\/Bang-leader-30000-30k-Puffs-Double-Taste-Disposable-Vape-0-2-3-5-Nicotine-12Tastes-LCD-Display-Vape-Factory-Direct-4-595x382.png 595w, https:\/\/pgvape.com\/wp-content\/uploads\/2025\/12\/Bang-leader-30000-30k-Puffs-Double-Taste-Disposable-Vape-0-2-3-5-Nicotine-12Tastes-LCD-Display-Vape-Factory-Direct-4-400x257.png 400w, https:\/\/pgvape.com\/wp-content\/uploads\/2025\/12\/Bang-leader-30000-30k-Puffs-Double-Taste-Disposable-Vape-0-2-3-5-Nicotine-12Tastes-LCD-Display-Vape-Factory-Direct-4-768x492.png 768w, https:\/\/pgvape.com\/wp-content\/uploads\/2025\/12\/Bang-leader-30000-30k-Puffs-Double-Taste-Disposable-Vape-0-2-3-5-Nicotine-12Tastes-LCD-Display-Vape-Factory-Direct-4-1536x985.png 1536w, https:\/\/pgvape.com\/wp-content\/uploads\/2025\/12\/Bang-leader-30000-30k-Puffs-Double-Taste-Disposable-Vape-0-2-3-5-Nicotine-12Tastes-LCD-Display-Vape-Factory-Direct-4-18x12.png 18w, https:\/\/pgvape.com\/wp-content\/uploads\/2025\/12\/Bang-leader-30000-30k-Puffs-Double-Taste-Disposable-Vape-0-2-3-5-Nicotine-12Tastes-LCD-Display-Vape-Factory-Direct-4-600x385.png 600w\" sizes=\"auto, (max-width: 1600px) 100vw, 1600px\" \/><\/strong><\/p>\n<p>&nbsp;<\/p>\n<h3><span style=\"font-size: 90%;\">Bang Leader 30000 30k Puffs Double Taste Jednorazowe wideo Vape:<\/span><\/h3>\n<p>&nbsp;<\/p>\n<h2 class=\"header-vfC6AV auto-hide-last-sibling-br\"><span style=\"font-size: 90%;\">Cz\u0119sto zadawane pytania na temat jednorazowego waporyzatora Bang Leader 30000 30k Puffs Double Taste<\/span><\/h2>\n<p>\u2753 <strong class=\"\">Jak zamieni\u0107 oba smaki?<\/strong><br \/>\n\u2705 <strong>Podw\u00f3jny smak<\/strong> struktura \u2014 przesu\u0144, aby prze\u0142\u0105cza\u0107 si\u0119 pomi\u0119dzy <strong>sparowane smaki<\/strong> natychmiast.<\/p>\n<p>\u2753 <strong class=\"\">Ile zaci\u0105gni\u0119\u0107 na urz\u0105dzenie?<\/strong><br \/>\n\u2705 Ocena fabryczna <strong>do 30 000 zaci\u0105gni\u0119\u0107<\/strong>, rzeczywista liczba r\u00f3\u017cni si\u0119 w zale\u017cno\u015bci od si\u0142y naci\u0105gu.<\/p>\n<p>\u2753 <strong class=\"\">Jak sprawdzi\u0107 bateri\u0119 lub p\u0142yn?<\/strong><br \/>\n\u2705 <strong class=\"\">Cyfrowy wy\u015bwietlacz LCD<\/strong> pokazuje w czasie rzeczywistym <strong>bateria<\/strong> I <strong>pozosta\u0142y e-liquid<\/strong>.<\/p>\n<p>\u2753 <strong class=\"\">Jakie moce nikotyny s\u0105 dost\u0119pne?<\/strong><br \/>\n\u2705 <strong class=\"\">0 %, 2 %, 3 %, 5 %<\/strong>\u2014potwierd\u017a wersj\u0119 przy sk\u0142adaniu zam\u00f3wienia.<\/p>\n<p>\u2753 <strong class=\"\">Czy urz\u0105dzenie mo\u017cna \u0142adowa\u0107?<\/strong><br \/>\n\u2705Wbudowany <strong class=\"\">550 mAh<\/strong> bateria z <strong class=\"\">Typ C<\/strong> port do szybkiego do\u0142adowania.<\/p>\n<p>\u2753 <strong class=\"\">Czy mog\u0119 regulowa\u0107 przep\u0142yw powietrza?<\/strong><br \/>\n\u2705 <strong class=\"\">Regulowany przep\u0142yw powietrza<\/strong> pozwala wybra\u0107 <strong class=\"\">ciasny, \u015bredni lub otwarty<\/strong> rysowa\u0107.<\/p>\n<p>&nbsp;<\/p>\n<h3 id=\"brxe-najhln\" class=\"brxe-heading\">Cz\u0119sto zadawane pytania (FAQ)<\/h3>\n<div id=\"brxe-rajiac\" class=\"brxe-text\">\n<p><strong>P: Jakie metody p\u0142atno\u015bci akceptujecie?<\/strong><br \/>\nOdp.: Akceptujemy PayPal, Stripe, przelewy bankowe (obs\u0142ugiwane SEPA), g\u0142\u00f3wne karty kredytowe (Visa, MasterCard, American Express) i p\u0142atno\u015bci w kryptowalutach.<\/p>\n<p><strong>P: Jak d\u0142ugo trwa przygotowanie zam\u00f3wienia?<\/strong><br \/>\nOdp.: Przygotowanie zam\u00f3wienia zajmuje 1-3 dni robocze.<\/p>\n<p><strong>P: Jaki jest czas wysy\u0142ki?<\/strong><br \/>\nOdp.: Czas wysy\u0142ki wynosi 7-14 dni roboczych, w zale\u017cno\u015bci od Twojej lokalizacji.<\/p>\n<p><strong>P: Jak mog\u0119 \u015bledzi\u0107 moje zam\u00f3wienie?<\/strong><br \/>\nOdp.: Po wysy\u0142ce otrzymasz wiadomo\u015b\u0107 e-mail z potwierdzeniem i numerem przesy\u0142ki umo\u017cliwiaj\u0105cym \u015bledzenie w czasie rzeczywistym.<\/p>\n<p><strong>P: Jaka jest Twoja polityka zwrot\u00f3w?<\/strong><br \/>\nOdp.: Oferujemy 30-dniow\u0105 polityk\u0119 zwrot\u00f3w lub wymiany. .<\/p>\n<p><strong>P: Czy wyst\u0105pi\u0105 jakie\u015b problemy celne?<br \/>\n<\/strong>Obs\u0142ugujemy wszystkie procedury odprawy celnej, aby zapewni\u0107 Ci bezproblemow\u0105 obs\u0142ug\u0119. .<\/p>\n<p><strong>P: Jakie metody wysy\u0142ki s\u0105 stosowane?<\/strong><br \/>\nWsp\u00f3\u0142pracujemy z firmami UPS\/DHL\/FEDEX\/DPD itp. W zale\u017cno\u015bci od kraju dostawy wybierzemy odpowiedni\u0105 opcj\u0119 wysy\u0142ki, tak aby produkty dotar\u0142y do \u200b\u200bPa\u0144stwa najszybciej jak to mo\u017cliwe.<\/p>\n<p><a href=\"https:\/\/pgvape.com\/pl\/czesto-zadawane-pytania\/\">Kliknij tutaj, aby uzyska\u0107 wi\u0119cej cz\u0119sto zadawanych pyta\u0144<\/a><\/p>\n<p>Szanowni klienci, je\u015bli masz jakiekolwiek pytania dotycz\u0105ce zam\u00f3wienia lub przybycia towaru, skontaktuj si\u0119 z naszym dzia\u0142em obs\u0142ugi klienta. Dzi\u0119kuj\u0119!<\/p>\n<h3 data-sourcepos=\"73:1-73:21\"><strong data-sourcepos=\"73:7-73:21\">Skontaktuj si\u0119 z nami<\/strong><\/h3>\n<div id=\"text-2419739398\" class=\"text\">\n<p><strong data-sourcepos=\"75:3-75:12\">E-mail<\/strong>:\u00a0<a href=\"mailto:support@pgvape.com\"><strong>support@pgvape.com<\/strong><\/a><\/p>\n<p><strong data-sourcepos=\"76:3-76:15\">WhatsApp<\/strong>:\u00a0<a href=\"https:\/\/wa.me\/+8618128481258\"><strong>+86 18128481258<\/strong><\/a><br \/>\n<strong>(Odpowied\u017a w ci\u0105gu 24 godzin w dni robocze)<\/strong><\/p>\n<\/div>\n<h3><strong>Dzi\u0119kujemy za wybranie pgvape.com! .<\/strong><\/h3>\n<\/div>","protected":false},"excerpt":{"rendered":"<p><strong>Lider Bangu 30000<\/strong> \u2014 <strong>30 tys. zaci\u0105gni\u0119\u0107<\/strong>, <strong>36 ml<\/strong>, <strong>Podw\u00f3jny smak<\/strong>, <strong>Wy\u015bwietlacz LCD<\/strong>, <strong>Siatka 1,0 \u03a9<\/strong>, <strong>Typ C<\/strong>, <strong>Regulowany przep\u0142yw powietrza<\/strong>, <strong>0-5% Nic<\/strong>. <strong>Przesuwaj, prze\u0142\u0105czaj, delektuj si\u0119<\/strong>.<\/p>","protected":false},"featured_media":7560,"comment_status":"open","ping_status":"closed","template":"","meta":{"_seopress_robots_primary_cat":"none","_seopress_titles_title":"","_seopress_titles_desc":"","_seopress_robots_index":""},"product_brand":[54,516],"product_cat":[35,32,515],"product_tag":[349,497,90,68,352],"class_list":{"0":"post-7555","1":"product","2":"type-product","3":"status-publish","4":"has-post-thumbnail","6":"product_brand-bang-leader-vape","7":"product_brand-disposable-vape","8":"product_cat-30k-puffs-vape","9":"product_cat-bang-leader-vape","10":"product_cat-disposable-vape","11":"product_tag-30k-puffs-vape","12":"product_tag-bang-leader-30000","13":"product_tag-disposable-vape","14":"product_tag-double-taste","15":"product_tag-dual-pod","17":"first","18":"outofstock","19":"sale","20":"shipping-taxable","21":"purchasable","22":"product-type-variable"},"_links":{"self":[{"href":"https:\/\/pgvape.com\/pl\/wp-json\/wp\/v2\/product\/7555","targetHints":{"allow":["GET"]}}],"collection":[{"href":"https:\/\/pgvape.com\/pl\/wp-json\/wp\/v2\/product"}],"about":[{"href":"https:\/\/pgvape.com\/pl\/wp-json\/wp\/v2\/types\/product"}],"replies":[{"embeddable":true,"href":"https:\/\/pgvape.com\/pl\/wp-json\/wp\/v2\/comments?post=7555"}],"wp:featuredmedia":[{"embeddable":true,"href":"https:\/\/pgvape.com\/pl\/wp-json\/wp\/v2\/media\/7560"}],"wp:attachment":[{"href":"https:\/\/pgvape.com\/pl\/wp-json\/wp\/v2\/media?parent=7555"}],"wp:term":[{"taxonomy":"product_brand","embeddable":true,"href":"https:\/\/pgvape.com\/pl\/wp-json\/wp\/v2\/product_brand?post=7555"},{"taxonomy":"product_cat","embeddable":true,"href":"https:\/\/pgvape.com\/pl\/wp-json\/wp\/v2\/product_cat?post=7555"},{"taxonomy":"product_tag","embeddable":true,"href":"https:\/\/pgvape.com\/pl\/wp-json\/wp\/v2\/product_tag?post=7555"}],"curies":[{"name":"wp","href":"https:\/\/api.w.org\/{rel}","templated":true}]}}