{"id":7525,"date":"2025-12-07T08:12:42","date_gmt":"2025-12-07T08:12:42","guid":{"rendered":"https:\/\/pgvape.com\/?post_type=product&#038;p=7525"},"modified":"2026-03-15T13:32:42","modified_gmt":"2026-03-15T13:32:42","slug":"bang-lider-120000-120k-zaciagniec-2-w-1-podwojny-smak-jednorazowe-vape-magnetyczny-przelacznik-suwakowy-0-2-3-5-nikotyny-12-smakow-vape-factory-direct","status":"publish","type":"product","link":"https:\/\/pgvape.com\/pl\/produkt\/bang-lider-120000-120k-zaciagniec-2-w-1-podwojny-smak-jednorazowe-vape-magnetyczny-przelacznik-suwakowy-0-2-3-5-nikotyny-12-smakow-vape-factory-direct\/","title":{"rendered":"Bang Leader 120000 120K Puffs 2 w 1 Podw\u00f3jny smak Jednorazowy magnetyczny prze\u0142\u0105cznik suwakowy Vape 0% 2% 3% 5% Nikotyna 12 smak\u00f3w Vape Factory Direct"},"content":{"rendered":"<p>Bang Leader 120K zosta\u0142 zaprojektowany dla waper\u00f3w, kt\u00f3rzy chc\u0105 nieograniczonej wolno\u015bci smakowej. .<\/p>\n<p>&nbsp;<\/p>\n<h2><span style=\"font-size: 90%;\">Specyfikacja jednorazowego waporyzatora Bang Leader 120k 2 w 1 o podw\u00f3jnym smaku<\/span><\/h2>\n<p>Magnetyczny prze\u0142\u0105cznik suwakowy o podw\u00f3jnym smaku \u2013 natychmiastowe przej\u015bcie mi\u0119dzy dwoma kapsu\u0142kami smakowymi<\/p>\n<p>Bezprecedensowe 120 000 zaci\u0105gni\u0119\u0107 \u2013 wiod\u0105ca w bran\u017cy trwa\u0142o\u015b\u0107<\/p>\n<p>W zestawie dwie wst\u0119pnie nape\u0142nione kapsu\u0142ki smakowe \u2013 sparowane dla maksymalnej harmonii<\/p>\n<p>Zaawansowana cewka siatkowa \u2013 bogatszy smak, g\u0142adsza para<\/p>\n<p>Inteligentny wy\u015bwietlacz OLED \u2014 monitorowanie w czasie rzeczywistym stanu baterii, e-liquidu i aktywnego kana\u0142u smakowego<\/p>\n<p>Ulepszona struktura zapobiegaj\u0105ca wyciekom \u2013 wieloszczelna ochrona<\/p>\n<p>Ergonomiczna konstrukcja \u2013 elegancki profil z matowym teksturowanym wyko\u0144czeniem<\/p>\n<p>&nbsp;<\/p>\n<h3><span style=\"font-size: 90%;\">Bang Leader 120k 2 w 1 Jednorazowa lista smak\u00f3w Vape o podw\u00f3jnym smaku<\/span><\/h3>\n<p>1.Niebieski Razz i mi\u0142o\u015b\u0107 66<\/p>\n<p>2. Gujawa z truskawkami, wi\u015bniami i kiwi z marakuji<\/p>\n<p>3. Arbuzowa guma balonowa i mieszanka owoc\u00f3w<\/p>\n<p>4. Piesta truskawkowo-bananowo-wi\u015bniowa<\/p>\n<p>5. Arbuz lodowy i brzoskwiniowe mango<\/p>\n<p>6. L\u00f3d jagodowy i cytryna malinowa<\/p>\n<p>7. Czerwona energia i l\u00f3d winogronowy<\/p>\n<p>8. Truskawkowy arbuz i nap\u00f3j pomara\u0144czowy<\/p>\n<p>9.Cola lodowa i wi\u015bniowa \u017curawina<\/p>\n<p>10.L\u00f3d jagodowy i czarna porzeczka<\/p>\n<p>11.Malinowy Mojito Brzoskwiniowy Ice &amp; Lady Killer<\/p>\n<p>12.Arbuzowy l\u00f3d i truskawkowa mamba<\/p>\n<p>&nbsp;<\/p>\n<h3><span style=\"font-size: 90%;\">Bang Leader 120k 2 w 1 Jednorazowy Vape Video o podw\u00f3jnym smaku:<\/span><\/h3>\n<p>&nbsp;<\/p>\n<h2 class=\"header-vfC6AV auto-hide-last-sibling-br\"><span style=\"font-size: 90%;\">Cz\u0119sto zadawane pytania dotycz\u0105ce jednorazowego waporyzatora Bang Leader 120k 2 w 1 o podw\u00f3jnym smaku<\/span><\/h2>\n<p>\u2753 Jak zmieni\u0107 smak?<br \/>\n\u2705 Magnetyczna prowadnica Push-Pull \u2014 natychmiastowa zamiana dw\u00f3ch smak\u00f3w, bez przycisk\u00f3w i bez czekania.<\/p>\n<p>\u2753 Ile zaci\u0105gni\u0119\u0107 mog\u0119 uzyska\u0107?<br \/>\n\u2705 Do 120 000 zaci\u0105gni\u0119\u0107, zale\u017cy od si\u0142y naci\u0105gu i przep\u0142ywu powietrza.<\/p>\n<p>\u2753 Czy zmiana smak\u00f3w szkodzi cewce?<br \/>\n\u2705 Nie, niezale\u017cne \u015bcie\u017cki olejowe utrzymuj\u0105 sta\u0142\u0105 wydajno\u015b\u0107 cewki.<\/p>\n<p>\u2753 Jaka cewka znajduje si\u0119 w \u015brodku?<br \/>\n\u2705 Cewka siatkowa nowej generacji \u2014 szybsze nagrzewanie, bogatszy smak, g\u0142adszy wdech.<\/p>\n<p>\u2753 Czy mog\u0119 u\u017cywa\u0107 obu smak\u00f3w na raz?<br \/>\n\u2705 Nie, jeden smak na raz; Przesu\u0144, aby zmieni\u0107.<\/p>\n<p>\u2753 Czy przep\u0142yw powietrza jest regulowany?<br \/>\n\u2705 Tak, wybierz losowanie ciasne, \u015brednie lub otwarte.<\/p>\n<p>\u2753 Jak sprawdzi\u0107 bateri\u0119 lub p\u0142yn?<br \/>\n\u2705 Inteligentny wy\u015bwietlacz pokazuje bateri\u0119, e-liquid, liczb\u0119 zaci\u0105gni\u0119\u0107 i aktywny aromat.<\/p>\n<p>\u2753 Czy nikotyn\u0119 mo\u017cna dostosowa\u0107?<br \/>\n\u2705 Opcje 0%\/2%\/3%\/5% \u2014 sprawd\u017a wersj\u0119 przed zakupem.<\/p>\n<p>\u2753 A co je\u015bli posmakuj\u0119 spalonego hitu?<br \/>\n\u2705 Wstrzymaj pobieranie, sprawd\u017a przep\u0142yw powietrza, upewnij si\u0119, \u017ce pozosta\u0142 olej; Je\u015bli problem utrzymuje si\u0119, skontaktuj si\u0119 z pomoc\u0105 techniczn\u0105.<\/p>\n<p>\u2753 Czy urz\u0105dzenie mo\u017cna \u0142adowa\u0107?<br \/>\n\u2705 Tak, szybkie \u0142adowanie typu C w celu szybkiego odzyskiwania energii.<\/p>\n<p>\u2753 Przyjazny dla pocz\u0105tkuj\u0105cych?<br \/>\n\u2705 Absolutnie \u2014 aktywowane losowaniem, bez uzupe\u0142niania, bez konserwacji.<\/p>\n<p>\u2753 Czy aromaty s\u0105 wst\u0119pnie nape\u0142nione i szczelne?<br \/>\n\u2705 Tak, wst\u0119pnie nape\u0142nione, uszczelnione komory zbudowane z my\u015bl\u0105 o czystym i stabilnym wapowaniu.<\/p>\n<p>&nbsp;<\/p>\n<h3 id=\"brxe-najhln\" class=\"brxe-heading\">Cz\u0119sto zadawane pytania (FAQ)<\/h3>\n<div id=\"brxe-rajiac\" class=\"brxe-text\">\n<p><strong>P: Jakie metody p\u0142atno\u015bci akceptujecie?<\/strong><br \/>\nOdp.: Akceptujemy PayPal, Stripe, przelewy bankowe (obs\u0142ugiwane SEPA), g\u0142\u00f3wne karty kredytowe (Visa, MasterCard, American Express) i p\u0142atno\u015bci w kryptowalutach.<\/p>\n<p><strong>P: Jak d\u0142ugo trwa przygotowanie zam\u00f3wienia?<\/strong><br \/>\nOdp.: Przygotowanie zam\u00f3wienia zajmuje 1-3 dni robocze.<\/p>\n<p><strong>P: Jaki jest czas wysy\u0142ki?<\/strong><br \/>\nOdp.: Czas wysy\u0142ki wynosi 7-14 dni roboczych, w zale\u017cno\u015bci od Twojej lokalizacji.<\/p>\n<p><strong>P: Jak mog\u0119 \u015bledzi\u0107 moje zam\u00f3wienie?<\/strong><br \/>\nOdp.: Po wysy\u0142ce otrzymasz wiadomo\u015b\u0107 e-mail z potwierdzeniem i numerem przesy\u0142ki umo\u017cliwiaj\u0105cym \u015bledzenie w czasie rzeczywistym.<\/p>\n<p><strong>P: Jaka jest Twoja polityka zwrot\u00f3w?<\/strong><br \/>\nOdp.: Oferujemy 30-dniow\u0105 polityk\u0119 zwrot\u00f3w lub wymiany. .<\/p>\n<p><strong>P: Czy wyst\u0105pi\u0105 jakie\u015b problemy celne?<br \/>\n<\/strong>Obs\u0142ugujemy wszystkie procedury odprawy celnej, aby zapewni\u0107 Ci bezproblemow\u0105 obs\u0142ug\u0119. .<\/p>\n<p><strong>P: Jakie metody wysy\u0142ki s\u0105 stosowane?<\/strong><br \/>\nWsp\u00f3\u0142pracujemy z firmami UPS\/DHL\/FEDEX\/DPD itp. W zale\u017cno\u015bci od kraju dostawy wybierzemy odpowiedni\u0105 opcj\u0119 wysy\u0142ki, tak aby produkty dotar\u0142y do \u200b\u200bPa\u0144stwa najszybciej jak to mo\u017cliwe.<\/p>\n<p><a href=\"https:\/\/pgvape.com\/pl\/czesto-zadawane-pytania\/\">Kliknij tutaj, aby uzyska\u0107 wi\u0119cej cz\u0119sto zadawanych pyta\u0144<\/a><\/p>\n<p>Szanowni klienci, je\u015bli masz jakiekolwiek pytania dotycz\u0105ce zam\u00f3wienia lub przybycia towaru, skontaktuj si\u0119 z naszym dzia\u0142em obs\u0142ugi klienta. Dzi\u0119kuj\u0119!<\/p>\n<h3 data-sourcepos=\"73:1-73:21\"><strong data-sourcepos=\"73:7-73:21\">Skontaktuj si\u0119 z nami<\/strong><\/h3>\n<div id=\"text-2419739398\" class=\"text\">\n<p><strong data-sourcepos=\"75:3-75:12\">E-mail<\/strong>:\u00a0<a href=\"mailto:support@pgvape.com\"><strong>support@pgvape.com<\/strong><\/a><\/p>\n<p><strong data-sourcepos=\"76:3-76:15\">WhatsApp<\/strong>:\u00a0<a href=\"https:\/\/wa.me\/+8618128481258\"><strong>+86 18128481258<\/strong><\/a><br \/>\n<strong>(Odpowied\u017a w ci\u0105gu 24 godzin w dni robocze)<\/strong><\/p>\n<\/div>\n<h3><strong>Dzi\u0119kujemy za wybranie pgvape.com! .<\/strong><\/h3>\n<\/div>","protected":false},"excerpt":{"rendered":"<p><strong>Lider Bangu 120 tys<\/strong> \u2014 <strong>120 000 zaci\u0105gni\u0119\u0107<\/strong>, <strong>Magnetyczny prze\u0142\u0105cznik podw\u00f3jnego smaku<\/strong>, <strong>Cewka siatkowa nowej generacji<\/strong>, <strong>Inteligentny wy\u015bwietlacz<\/strong>, <strong>Regulowany przep\u0142yw powietrza<\/strong>, <strong>Typ C<\/strong> Szybkie \u0142adowanie. <strong>Przesu\u0144 raz, spr\u00f3buj dwa razy, wapuj na zawsze<\/strong>.<\/p>","protected":false},"featured_media":7528,"comment_status":"open","ping_status":"closed","template":"","meta":{"_seopress_robots_primary_cat":"none","_seopress_titles_title":"","_seopress_titles_desc":"","_seopress_robots_index":""},"product_brand":[54,516],"product_cat":[69,32,515],"product_tag":[354,495,494,90,496],"class_list":{"0":"post-7525","1":"product","2":"type-product","3":"status-publish","4":"has-post-thumbnail","6":"product_brand-bang-leader-vape","7":"product_brand-disposable-vape","8":"product_cat-120k-puffs-vape","9":"product_cat-bang-leader-vape","10":"product_cat-disposable-vape","11":"product_tag-120k-puffs-vape","12":"product_tag-2-in-1-dual-flavor","13":"product_tag-bang-leader-120000","14":"product_tag-disposable-vape","15":"product_tag-magnetic-slide-switch","17":"first","18":"instock","19":"sale","20":"shipping-taxable","21":"purchasable","22":"product-type-variable"},"_links":{"self":[{"href":"https:\/\/pgvape.com\/pl\/wp-json\/wp\/v2\/product\/7525","targetHints":{"allow":["GET"]}}],"collection":[{"href":"https:\/\/pgvape.com\/pl\/wp-json\/wp\/v2\/product"}],"about":[{"href":"https:\/\/pgvape.com\/pl\/wp-json\/wp\/v2\/types\/product"}],"replies":[{"embeddable":true,"href":"https:\/\/pgvape.com\/pl\/wp-json\/wp\/v2\/comments?post=7525"}],"wp:featuredmedia":[{"embeddable":true,"href":"https:\/\/pgvape.com\/pl\/wp-json\/wp\/v2\/media\/7528"}],"wp:attachment":[{"href":"https:\/\/pgvape.com\/pl\/wp-json\/wp\/v2\/media?parent=7525"}],"wp:term":[{"taxonomy":"product_brand","embeddable":true,"href":"https:\/\/pgvape.com\/pl\/wp-json\/wp\/v2\/product_brand?post=7525"},{"taxonomy":"product_cat","embeddable":true,"href":"https:\/\/pgvape.com\/pl\/wp-json\/wp\/v2\/product_cat?post=7525"},{"taxonomy":"product_tag","embeddable":true,"href":"https:\/\/pgvape.com\/pl\/wp-json\/wp\/v2\/product_tag?post=7525"}],"curies":[{"name":"wp","href":"https:\/\/api.w.org\/{rel}","templated":true}]}}