{"id":7499,"date":"2025-12-06T12:28:15","date_gmt":"2025-12-06T12:28:15","guid":{"rendered":"https:\/\/pgvape.com\/?post_type=product&#038;p=7499"},"modified":"2026-03-15T13:32:42","modified_gmt":"2026-03-15T13:32:42","slug":"bang-lider-stoll-100000-100-tys-zaciagniec-4-w-1-smaki-jednorazowy-vape-0-2-3-5-nikotyny-quad-tank10-smakow-tpd-certyfikowany-vape-factory-direct","status":"publish","type":"product","link":"https:\/\/pgvape.com\/pl\/produkt\/bang-lider-stoll-100000-100-tys-zaciagniec-4-w-1-smaki-jednorazowy-vape-0-2-3-5-nikotyny-quad-tank10-smakow-tpd-certyfikowany-vape-factory-direct\/","title":{"rendered":"Bang Leader Stoll 100000 100K Puffs 4 w 1 Smaki Jednorazowe Vape 0% 2% 3% 5% Nikotyna Quad Tank10Tastes TPD Certified Vape Factory Direct"},"content":{"rendered":"<p>Zarz\u0105dzaj swoim kr\u00f3lestwem waporyzacji za pomoc\u0105 <strong data-sourcepos=\"7:33-7:72\">Bang Leader Stoll 4 w 1 100 tys. zaci\u0105gni\u0119\u0107<\/strong> \u2013 Imperialny spadkobierca doskona\u0142o\u015bci smaku. <strong data-sourcepos=\"7:141-7:173\">System wk\u0142ad\u00f3w z czterema smakami<\/strong>, To suwerenne urz\u0105dzenie umo\u017cliwia z wdzi\u0119kiem prze\u0142\u0105czanie si\u0119 pomi\u0119dzy czterema kr\u00f3lewskimi posiad\u0142o\u015bciami za pomoc\u0105 jednego obrotu korony. <strong data-sourcepos=\"7:315-7:333\">Bateria 850 mAh<\/strong> Z B\u0142yskawic\u0105 <strong data-sourcepos=\"7:349-7:368\">\u0141adowanie typu C<\/strong>, Zabezpiecza Tw\u00f3j tron \u200b\u200ba\u017c do <strong data-sourcepos=\"7:404-7:421\">100 000 zaci\u0105gni\u0119\u0107<\/strong> Nieprzerwanego Majestatu. <strong data-sourcepos=\"7:452-7:470\">Cewka z poczw\u00f3rn\u0105 siatk\u0105<\/strong> Rozpala g\u0119ste chmury i krystalicznie czyste smaki, a wszystko to zamkni\u0119te w kr\u00f3lewskim stylu pasuj\u0105cym do tronu. .<\/p>\n<p>&nbsp;<\/p>\n<h2><span style=\"font-size: 90%;\">Specyfikacja jednorazowego waporyzatora Bang Leader Stoll 100K Puffs 4 w 1 o smaku<\/span><\/h2>\n<p><strong data-sourcepos=\"12:3-12:20\">Pojemno\u015b\u0107 zaci\u0105gni\u0119cia<\/strong>: Do 100 000 zaci\u0105gni\u0119\u0107<\/p>\n<p><strong data-sourcepos=\"13:3-13:14\">Bateria<\/strong>:\u00a0<strong data-sourcepos=\"13:16-13:39\">Akumulator 850 mAh<\/strong>\u00a0Z\u00a0<strong data-sourcepos=\"13:45-13:69\">Szybkie \u0142adowanie typu C<\/strong><\/p>\n<p><strong data-sourcepos=\"14:3-14:24\">Pojemno\u015b\u0107 e-cieczy<\/strong>:\u00a0<strong data-sourcepos=\"14:26-14:38\">14 ml \u00d7 4<\/strong>\u00a0Niezale\u017cne czo\u0142gi<\/p>\n<p><strong data-sourcepos=\"15:3-15:11\">Cewka<\/strong>:\u00a0<strong data-sourcepos=\"15:13-15:36\">Cewka z poczw\u00f3rn\u0105 siatk\u0105 1,0 \u03a9<\/strong><\/p>\n<p><strong data-sourcepos=\"16:3-16:24\">Si\u0142a nikotyny<\/strong>: Regulowany \u2013\u00a0<strong data-sourcepos=\"16:39-16:57\">0%, 2%, 3%, 5%<\/strong><\/p>\n<p><strong data-sourcepos=\"17:3-17:20\">Orzecznictwo<\/strong>:\u00a0<strong data-sourcepos=\"17:22-17:39\">Certyfikat TPD<\/strong>\u00a0Dla rynk\u00f3w UE<\/p>\n<p>&nbsp;<\/p>\n<h3><span style=\"font-size: 90%;\">Bang Leader Stoll\u00a0 100 tys. ptysi\u00f3w 4 w 1 smaki Jednorazowa lista smak\u00f3w Vape<\/span><\/h3>\n<p>1. Cytryna Limonka i Arbuz L\u00f3d i Czarny Smok L\u00f3d i Smoczy Owoc Truskawka i Mi\u0142o\u015b\u0107 666<\/p>\n<p>2. Waniliowa cola i cytryna brzoskwinia i truskawka lody malinowe i wi\u015bniowe oraz lody winogronowe<\/p>\n<p>3. Winogrono i l\u00f3d z liczi, jagody brzoskwiniowe i kiwi Marakuja Gujawa<\/p>\n<p>4.L\u00f3d arbuzowy i truskawkowy, mango i jagodowy, musuj\u0105ca wi\u015bnia<\/p>\n<p>5. Truskawkowy arbuz i wi\u015bniowa cola oraz soczysty l\u00f3d brzoskwiniowy i grejpfrutowy od\u015bwie\u017cacz<\/p>\n<p>6. Cytrynowo-limonkowy i truskawkowy, malinowy arbuz i gazowana wi\u015bnia<\/p>\n<p>7. R\u00f3\u017cowa lemoniada i kiwi, marakuja, gujawa, brzoskwinia, jagody i truskawka, banan<\/p>\n<p>8.Truskawkowe Mango i Blue Razz Lemoniada i Lody Waniliowe i Kwa\u015bna Potr\u00f3jna Jagoda<\/p>\n<p>9. Mieszanka jag\u00f3d i wi\u015bni Cytryna i truskawka Kiwi i truskawka Arbuz Guma balonowa<\/p>\n<p>10.Mojito i Monster Mango oraz Lady Killer i r\u00f3\u017cowa lemoniada<img loading=\"lazy\" decoding=\"async\" class=\"alignnone wp-image-7504 size-full\" src=\"https:\/\/pgvape.com\/wp-content\/uploads\/2025\/12\/Bang-Leader-Stoll-100K-Puffs-4-in-1-Flavors-Disposable-Vape-0-2-3-5-Nicotines-Quad-Tank-10Tastes-TPD-Certified-Vape-Factory-Direct-PGvape-3.png\" alt=\"Dziesi\u0119\u0107 kolorowych jednorazowych urz\u0105dze\u0144 do waporyzacji u\u0142o\u017conych w dw\u00f3ch rz\u0119dach na jasnoniebieskim tle, ka\u017cde z odwa\u017cn\u0105 grafik\u0105 o tematyce zwierz\u0119cej, czarn\u0105 podstaw\u0105 z okr\u0105g\u0142ymi wy\u015bwietlaczami cyfrowymi i nadrukowanymi nazwami smak\u00f3w owocowych pod spodem.\" width=\"1800\" height=\"1670\" srcset=\"https:\/\/pgvape.com\/wp-content\/uploads\/2025\/12\/Bang-Leader-Stoll-100K-Puffs-4-in-1-Flavors-Disposable-Vape-0-2-3-5-Nicotines-Quad-Tank-10Tastes-TPD-Certified-Vape-Factory-Direct-PGvape-3.png 1800w, https:\/\/pgvape.com\/wp-content\/uploads\/2025\/12\/Bang-Leader-Stoll-100K-Puffs-4-in-1-Flavors-Disposable-Vape-0-2-3-5-Nicotines-Quad-Tank-10Tastes-TPD-Certified-Vape-Factory-Direct-PGvape-3-388x360.png 388w, https:\/\/pgvape.com\/wp-content\/uploads\/2025\/12\/Bang-Leader-Stoll-100K-Puffs-4-in-1-Flavors-Disposable-Vape-0-2-3-5-Nicotines-Quad-Tank-10Tastes-TPD-Certified-Vape-Factory-Direct-PGvape-3-595x552.png 595w, https:\/\/pgvape.com\/wp-content\/uploads\/2025\/12\/Bang-Leader-Stoll-100K-Puffs-4-in-1-Flavors-Disposable-Vape-0-2-3-5-Nicotines-Quad-Tank-10Tastes-TPD-Certified-Vape-Factory-Direct-PGvape-3-400x371.png 400w, https:\/\/pgvape.com\/wp-content\/uploads\/2025\/12\/Bang-Leader-Stoll-100K-Puffs-4-in-1-Flavors-Disposable-Vape-0-2-3-5-Nicotines-Quad-Tank-10Tastes-TPD-Certified-Vape-Factory-Direct-PGvape-3-768x713.png 768w, https:\/\/pgvape.com\/wp-content\/uploads\/2025\/12\/Bang-Leader-Stoll-100K-Puffs-4-in-1-Flavors-Disposable-Vape-0-2-3-5-Nicotines-Quad-Tank-10Tastes-TPD-Certified-Vape-Factory-Direct-PGvape-3-1536x1425.png 1536w, https:\/\/pgvape.com\/wp-content\/uploads\/2025\/12\/Bang-Leader-Stoll-100K-Puffs-4-in-1-Flavors-Disposable-Vape-0-2-3-5-Nicotines-Quad-Tank-10Tastes-TPD-Certified-Vape-Factory-Direct-PGvape-3-13x12.png 13w, https:\/\/pgvape.com\/wp-content\/uploads\/2025\/12\/Bang-Leader-Stoll-100K-Puffs-4-in-1-Flavors-Disposable-Vape-0-2-3-5-Nicotines-Quad-Tank-10Tastes-TPD-Certified-Vape-Factory-Direct-PGvape-3-600x557.png 600w\" sizes=\"auto, (max-width: 1800px) 100vw, 1800px\" \/><\/p>\n<p>&nbsp;<\/p>\n<h3><span style=\"font-size: 90%;\">Bang Leader Stoll 100K Puffs 4 w 1 Smaki Jednorazowy Vape <strong>Wideo:<\/strong><\/span><\/h3>\n<p>&nbsp;<\/p>\n<h2><span style=\"font-size: 90%;\">Cz\u0119sto zadawane pytania na temat Bang Leader Stoll 100K Puffs 4 w 1 Smaki Jednorazowy Vape<\/span><\/h2>\n<p data-sourcepos=\"34:1-36:100\">\u2753 <strong data-sourcepos=\"35:3-35:48\">Jak prze\u0142\u0105cza\u0107 si\u0119 pomi\u0119dzy czterema smakami?<\/strong><br \/>\n\u2705Prosty obr\u00f3t podstawy prze\u0142\u0105cza <strong data-sourcepos=\"36:43-36:68\">Wk\u0142ad \u201ecztery w jednym\u201d.<\/strong> Do Twojego nast\u0119pnego dominacji smakowej.<\/p>\n<p data-sourcepos=\"38:1-39:84\">\u2753 <strong data-sourcepos=\"38:3-38:45\">Jakie moce nikotyny s\u0105 dost\u0119pne?<\/strong><br \/>\n\u2705 Wybierz swoje panowanie <strong data-sourcepos=\"39:26-39:47\">0%, 2%, 3% lub 5%<\/strong> Aby dopasowa\u0107 si\u0119 do Twoich imperialnych preferencji.<\/p>\n<p data-sourcepos=\"41:1-42:128\">\u2753 <strong data-sourcepos=\"41:3-41:35\">Czy urz\u0105dzenie posiada certyfikat TPD?<br \/>\n<\/strong> \u2705Tak. <strong data-sourcepos=\"42:12-42:33\">Lider Bangu Stoll<\/strong> Jest w pe\u0142ni <strong data-sourcepos=\"42:43-42:60\">Certyfikat TPD<\/strong>, Zapewnienie uzasadnionej suwerenno\u015bci na wszystkich terytoriach europejskich.<\/p>\n<p data-sourcepos=\"44:1-45:155\">\u2753 <strong data-sourcepos=\"44:3-44:55\">W jaki spos\u00f3b cewka z poczw\u00f3rn\u0105 siatk\u0105 poprawia wydajno\u015b\u0107?<br \/>\n<\/strong> \u2705 <strong data-sourcepos=\"45:7-45:27\">Konstrukcja z czterema siatkami<\/strong> Tworzy czterokrotnie wi\u0119ksz\u0105 powierzchni\u0119 grzewcz\u0105, generuj\u0105c natychmiastowy, niezmiennie bogaty smak i g\u0119sto\u015b\u0107 pi\u00f3ropusza godn\u0105 korony.<\/p>\n<p>&nbsp;<\/p>\n<h3 id=\"brxe-najhln\" class=\"brxe-heading\">Cz\u0119sto zadawane pytania (FAQ)<\/h3>\n<div id=\"brxe-rajiac\" class=\"brxe-text\">\n<p><strong>P: Jakie metody p\u0142atno\u015bci akceptujecie?<\/strong><br \/>\nOdp.: Akceptujemy PayPal, Stripe, przelewy bankowe (obs\u0142ugiwane SEPA), g\u0142\u00f3wne karty kredytowe (Visa, MasterCard, American Express) i p\u0142atno\u015bci w kryptowalutach.<\/p>\n<p><strong>P: Jak d\u0142ugo trwa przygotowanie zam\u00f3wienia?<\/strong><br \/>\nOdp.: Przygotowanie zam\u00f3wienia zajmuje 1-3 dni robocze.<\/p>\n<p><strong>P: Jaki jest czas wysy\u0142ki?<\/strong><br \/>\nOdp.: Czas wysy\u0142ki wynosi 7-14 dni roboczych, w zale\u017cno\u015bci od Twojej lokalizacji.<\/p>\n<p><strong>P: Jak mog\u0119 \u015bledzi\u0107 moje zam\u00f3wienie?<\/strong><br \/>\nOdp.: Po wysy\u0142ce otrzymasz wiadomo\u015b\u0107 e-mail z potwierdzeniem i numerem przesy\u0142ki umo\u017cliwiaj\u0105cym \u015bledzenie w czasie rzeczywistym.<\/p>\n<p><strong>P: Jaka jest Twoja polityka zwrot\u00f3w?<\/strong><br \/>\nOdp.: Oferujemy 30-dniow\u0105 polityk\u0119 zwrot\u00f3w lub wymiany. .<\/p>\n<p><strong>P: Czy wyst\u0105pi\u0105 jakie\u015b problemy celne?<br \/>\n<\/strong>Obs\u0142ugujemy wszystkie procedury odprawy celnej, aby zapewni\u0107 Ci bezproblemow\u0105 obs\u0142ug\u0119. .<\/p>\n<p><strong>P: Jakie metody wysy\u0142ki s\u0105 stosowane?<\/strong><br \/>\nWsp\u00f3\u0142pracujemy z firmami UPS\/DHL\/FEDEX\/DPD itp. W zale\u017cno\u015bci od kraju dostawy wybierzemy odpowiedni\u0105 opcj\u0119 wysy\u0142ki, tak aby produkty dotar\u0142y do \u200b\u200bPa\u0144stwa najszybciej jak to mo\u017cliwe.<\/p>\n<p><a href=\"https:\/\/pgvape.com\/pl\/czesto-zadawane-pytania\/\">Kliknij tutaj, aby uzyska\u0107 wi\u0119cej cz\u0119sto zadawanych pyta\u0144<\/a><\/p>\n<p>Szanowni klienci, je\u015bli masz jakiekolwiek pytania dotycz\u0105ce zam\u00f3wienia lub przybycia towaru, skontaktuj si\u0119 z naszym dzia\u0142em obs\u0142ugi klienta. Dzi\u0119kuj\u0119!<\/p>\n<h3 data-sourcepos=\"73:1-73:21\"><strong data-sourcepos=\"73:7-73:21\">Skontaktuj si\u0119 z nami<\/strong><\/h3>\n<div id=\"text-2419739398\" class=\"text\">\n<p><strong data-sourcepos=\"75:3-75:12\">E-mail<\/strong>:\u00a0<a href=\"mailto:support@pgvape.com\"><strong>support@pgvape.com<\/strong><\/a><\/p>\n<p><strong data-sourcepos=\"76:3-76:15\">WhatsApp<\/strong>:\u00a0<a href=\"https:\/\/wa.me\/+8618128481258\"><strong>+86 18128481258<\/strong><\/a><br \/>\n<strong>(Odpowied\u017a w ci\u0105gu 24 godzin w dni robocze)<\/strong><\/p>\n<\/div>\n<h3><strong>Dzi\u0119kujemy za wybranie pgvape.com! .<\/strong><\/h3>\n<\/div>","protected":false},"excerpt":{"rendered":"<p><strong>Bang Leader Stoll 4 w 1<\/strong> \u2014 <strong>100 000 zaci\u0105gni\u0119\u0107<\/strong>, <strong>Poczw\u00f3rne zbiorniki o pojemno\u015bci 14 ml<\/strong>, <strong>Poczw\u00f3rna siatka 1,0 \u03a9<\/strong>, <strong>850 Mah Typ C<\/strong>, <strong>4 Krainy Smak\u00f3w<\/strong>, <strong>0-5% Nikotyna<\/strong>. <strong>Rz\u0105d\u017a d\u0142u\u017cej, prze\u0142\u0105czaj si\u0119 szybciej, Vape Royal<\/strong>.<\/p>","protected":false},"featured_media":7502,"comment_status":"open","ping_status":"closed","template":"","meta":{"_seopress_robots_primary_cat":"none","_seopress_titles_title":"%%post_title%% %%sep%% %%sitetitle%%","_seopress_titles_desc":"","_seopress_robots_index":""},"product_brand":[54,516],"product_cat":[170,32,515],"product_tag":[395,53,491,90,492,493],"class_list":{"0":"post-7499","1":"product","2":"type-product","3":"status-publish","4":"has-post-thumbnail","6":"product_brand-bang-leader-vape","7":"product_brand-disposable-vape","8":"product_cat-100k-puffs-vape","9":"product_cat-bang-leader-vape","10":"product_cat-disposable-vape","11":"product_tag-100k-puffs-vape","12":"product_tag-4-in-1-flavors","13":"product_tag-bang-leader-stoll-100000","14":"product_tag-disposable-vape","15":"product_tag-quad-tank","16":"product_tag-tpd-certified","18":"first","19":"instock","20":"sale","21":"shipping-taxable","22":"purchasable","23":"product-type-variable"},"_links":{"self":[{"href":"https:\/\/pgvape.com\/pl\/wp-json\/wp\/v2\/product\/7499","targetHints":{"allow":["GET"]}}],"collection":[{"href":"https:\/\/pgvape.com\/pl\/wp-json\/wp\/v2\/product"}],"about":[{"href":"https:\/\/pgvape.com\/pl\/wp-json\/wp\/v2\/types\/product"}],"replies":[{"embeddable":true,"href":"https:\/\/pgvape.com\/pl\/wp-json\/wp\/v2\/comments?post=7499"}],"wp:featuredmedia":[{"embeddable":true,"href":"https:\/\/pgvape.com\/pl\/wp-json\/wp\/v2\/media\/7502"}],"wp:attachment":[{"href":"https:\/\/pgvape.com\/pl\/wp-json\/wp\/v2\/media?parent=7499"}],"wp:term":[{"taxonomy":"product_brand","embeddable":true,"href":"https:\/\/pgvape.com\/pl\/wp-json\/wp\/v2\/product_brand?post=7499"},{"taxonomy":"product_cat","embeddable":true,"href":"https:\/\/pgvape.com\/pl\/wp-json\/wp\/v2\/product_cat?post=7499"},{"taxonomy":"product_tag","embeddable":true,"href":"https:\/\/pgvape.com\/pl\/wp-json\/wp\/v2\/product_tag?post=7499"}],"curies":[{"name":"wp","href":"https:\/\/api.w.org\/{rel}","templated":true}]}}