{"id":7257,"date":"2025-12-01T09:41:03","date_gmt":"2025-12-01T09:41:03","guid":{"rendered":"https:\/\/pgvape.com\/?post_type=product&#038;p=7257"},"modified":"2026-03-15T13:32:42","modified_gmt":"2026-03-15T13:32:42","slug":"bang-king-triple-100000-100-tys-zaciagniec-3-w-1-smaki-jednorazowe-vape-potrojne-cewki-siatkowe-vape-factory-direct","status":"publish","type":"product","link":"https:\/\/pgvape.com\/pl\/produkt\/bang-king-triple-100000-100-tys-zaciagniec-3-w-1-smaki-jednorazowe-vape-potrojne-cewki-siatkowe-vape-factory-direct\/","title":{"rendered":"Bang King Triple 100000 100K Puffs 3 w 1 Smaki Jednorazowe Vape Triple\u00a0Mesh Cewki Vape Factory Direct"},"content":{"rendered":"<p>Bang King \u2013 urz\u0105dzenie wielofunkcyjne\u00a0<strong>Vape<\/strong>\u00a0To zosta\u0142o zbudowane, aby przetrwa\u0107.\u00a0<strong>Cewka siatkowa<\/strong>\u00a0Oto sekret \u2013 sprawia, \u017ce \u200b\u200bka\u017cde losowanie jest wyj\u0105tkowo g\u0142adkie i pe\u0142ne smaku. .<\/p>\n<p>&nbsp;<\/p>\n<h2><span style=\"font-size: 90%;\">Bang King Triple 100000 100K Puffs 3 w 1 Jednorazowy Vape Dane techniczne<\/span><\/h2>\n<p><strong>Poziom nikotyny<\/strong>: Wybierz moc nikotyny 0%, 2%, 3% lub 5% \u2013 odpowiada potrzebom, od os\u00f3b bez nikotyny po spo\u017cycie alternatywne do papieros\u00f3w.<\/p>\n<p><strong>Liczba puf\u00f3w<\/strong>: 100 000 zaci\u0105gni\u0119\u0107 \u2013 czas dostawy wyd\u0142u\u017cony\u00a0<strong>Wapowanie<\/strong>\u00a0Trwa\u0142o\u015b\u0107 bez cz\u0119stych wymian i marnotrawstwa.<\/p>\n<p><strong>System smakowy<\/strong>: 3 smaki w 1 - \u0142atwo prze\u0142\u0105czaj si\u0119 pomi\u0119dzy trzema r\u00f3\u017cnymi smakami, gdy masz ochot\u0119 na zmian\u0119.<\/p>\n<p><strong>Bateria i \u0142adowanie<\/strong>: Akumulator 650 mAh \u2013 wytrzymuje ca\u0142y dzie\u0144 na jednym \u0142adowaniu, z portem typu C umo\u017cliwiaj\u0105cym szybkie tankowanie w 30 minut.<\/p>\n<p><strong>Technologia cewki<\/strong>: 1,0 oma potr\u00f3jnego\u00a0<strong>Cewki siatkowe<\/strong>\u00a0\u2013 Rozszerzony obszar grzewczy zwi\u0119ksza produkcj\u0119 pary i intensywno\u015b\u0107 smaku, zapewniaj\u0105c g\u0142adkie, bogatsze chmury.<\/p>\n<p>&nbsp;<\/p>\n<h3><span style=\"font-size: 90%;\">Bang King Triple 100000 100K Puffs 3 w 1 Jednorazowa lista smak\u00f3w Vape<\/span><\/h3>\n<p>1. Arbuz lodowy, Red Bull i truskawkowy kiwi<\/p>\n<p>2. Cytryna, limonka i truskawka, arbuz i l\u00f3d jagodowy<\/p>\n<p>3.Truskawkowy Banan i Cytryna Limonka i Malinowy Arbuz<\/p>\n<p>4.Truskawkowe Kiwi i Kwa\u015bne Mango Ananas i Red Bull<\/p>\n<p>5 Owoce tropikalne i truskawka, arbuz i cytrynowa brzoskwinia<\/p>\n<p>6.Ananas, kokos i truskawka, banan i niebieski Razz<\/p>\n<p>7.Truskawka Malina &amp; Potr\u00f3jny Melon &amp; Ananas Kwa\u015bnego Mango<\/p>\n<p>8.Malinowy Arbuz i Truskawka Kiwi i Mango Brzoskwinia<\/p>\n<p>9. Truskawkowo-waniliowa cola, jagodowa, malinowa i cytrynowo-limonkowa<\/p>\n<p>10. Lody arbuzowo-truskawkowe i potr\u00f3jny melon<img loading=\"lazy\" decoding=\"async\" class=\"alignnone wp-image-7335 size-full\" src=\"https:\/\/pgvape.com\/wp-content\/uploads\/2025\/12\/Bang-King-Triple-100K-Puffs-3-in-1-Disposable-Vape-pgvape-12.png\" alt=\"Rz\u0105d dziesi\u0119ciu kolorowych jednorazowych urz\u0105dze\u0144 do waporyzacji ze stylizowan\u0105 grafik\u0105 or\u0142a pod pogrubionym nag\u0142\u00f3wkiem &quot;10 smak\u00f3w&quot;, ikony urz\u0105dze\u0144 dla cewki typu C, 650 mAh, 18 ml \u00d7 3 i 1,0 \u03a9 powy\u017cej oraz oznaczone nazwy smak\u00f3w z ma\u0142ymi ikonami owoc\u00f3w widocznymi pod ka\u017cdym urz\u0105dzeniem.\" width=\"1800\" height=\"1312\" srcset=\"https:\/\/pgvape.com\/wp-content\/uploads\/2025\/12\/Bang-King-Triple-100K-Puffs-3-in-1-Disposable-Vape-pgvape-12.png 1800w, https:\/\/pgvape.com\/wp-content\/uploads\/2025\/12\/Bang-King-Triple-100K-Puffs-3-in-1-Disposable-Vape-pgvape-12-494x360.png 494w, https:\/\/pgvape.com\/wp-content\/uploads\/2025\/12\/Bang-King-Triple-100K-Puffs-3-in-1-Disposable-Vape-pgvape-12-595x434.png 595w, https:\/\/pgvape.com\/wp-content\/uploads\/2025\/12\/Bang-King-Triple-100K-Puffs-3-in-1-Disposable-Vape-pgvape-12-400x292.png 400w, https:\/\/pgvape.com\/wp-content\/uploads\/2025\/12\/Bang-King-Triple-100K-Puffs-3-in-1-Disposable-Vape-pgvape-12-768x560.png 768w, https:\/\/pgvape.com\/wp-content\/uploads\/2025\/12\/Bang-King-Triple-100K-Puffs-3-in-1-Disposable-Vape-pgvape-12-1536x1120.png 1536w, https:\/\/pgvape.com\/wp-content\/uploads\/2025\/12\/Bang-King-Triple-100K-Puffs-3-in-1-Disposable-Vape-pgvape-12-16x12.png 16w, https:\/\/pgvape.com\/wp-content\/uploads\/2025\/12\/Bang-King-Triple-100K-Puffs-3-in-1-Disposable-Vape-pgvape-12-600x437.png 600w\" sizes=\"auto, (max-width: 1800px) 100vw, 1800px\" \/><\/p>\n<p>&nbsp;<\/p>\n<h3><span style=\"font-size: 90%;\">Bang King Triple 100000 100K Puffs 3 w 1 Jednorazowe wideo Vape:<\/span><\/h3>\n<p>&nbsp;<\/p>\n<h2 class=\"header-vfC6AV auto-hide-last-sibling-br\"><span style=\"font-size: 90%;\">Cz\u0119sto zadawane pytania dotycz\u0105ce Bang King Triple 100000 100K Puffs Jednorazowy waporyzator 3 w 1<\/span><\/h2>\n<div class=\"auto-hide-last-sibling-br paragraph-pP9ZLC paragraph-element br-paragraph-space\"><strong>\u2753Jakie opcje nikotyny s\u0105 dost\u0119pne dla tego Vape?<\/strong><\/div>\n<div class=\"auto-hide-last-sibling-br paragraph-pP9ZLC paragraph-element br-paragraph-space\"><span style=\"font-size: 14.4px;\"><span style=\"font-size: 14.4px;\">\u2705Wybierz moc nikotyny 0%, 2%, 3% lub 5% \u2013 odpowiada potrzebom niezawieraj\u0105cym nikotyny, o zmniejszonym spo\u017cyciu lub zast\u0119puj\u0105cym papierosy.<\/span><\/span><\/div>\n<div><\/div>\n<div class=\"auto-hide-last-sibling-br paragraph-pP9ZLC paragraph-element br-paragraph-space\"><strong>\u2753Ile zaci\u0105gni\u0119\u0107 mo\u017ce dostarczy\u0107 waporyzator Bang King 100K?<\/strong><\/div>\n<div class=\"auto-hide-last-sibling-br paragraph-pP9ZLC paragraph-element br-paragraph-space\"><span style=\"font-size: 14.4px;\">\u2705 Oferuje do 100 000 zaci\u0105gni\u0119\u0107, zapewniaj\u0105c d\u0142ugotrwa\u0142\u0105 trwa\u0142o\u015b\u0107 <\/span><strong style=\"font-size: 14.4px;\">Wapowanie<\/strong><span style=\"font-size: 14.4px;\"><span style=\"font-size: 14.4px;\"> Bez ci\u0105g\u0142ej wymiany urz\u0105dze\u0144.<\/span><\/span><\/div>\n<div><\/div>\n<div class=\"auto-hide-last-sibling-br paragraph-pP9ZLC paragraph-element br-paragraph-space\"><strong>\u2753Czy mog\u0119 zmienia\u0107 smaki na tym samym urz\u0105dzeniu Vape?<\/strong><\/div>\n<div class=\"auto-hide-last-sibling-br paragraph-pP9ZLC paragraph-element br-paragraph-space\"><span style=\"font-size: 14.4px;\"><span style=\"font-size: 14.4px;\">\u2705Tak, to system smakowy 3 w 1 \u2013 \u0142atwo prze\u0142\u0105czaj si\u0119 pomi\u0119dzy trzema r\u00f3\u017cnymi smakami, kiedy tylko chcesz co\u015b zmieni\u0107.<\/span><\/span><\/div>\n<div><\/div>\n<div class=\"auto-hide-last-sibling-br paragraph-pP9ZLC paragraph-element br-paragraph-space\"><strong>\u2753Jaka jest \u017cywotno\u015b\u0107 baterii i pr\u0119dko\u015b\u0107 \u0142adowania waporyzatora?<\/strong><\/div>\n<div class=\"auto-hide-last-sibling-br paragraph-pP9ZLC paragraph-element br-paragraph-space\"><span style=\"font-size: 14.4px;\"><span style=\"font-size: 14.4px;\">\u2705Wyposa\u017cony w akumulator o pojemno\u015bci 650 mAh, kt\u00f3ry wytrzymuje ca\u0142y dzie\u0144, oraz port typu C umo\u017cliwiaj\u0105cy 30-minutowe szybkie \u0142adowanie.<\/span><\/span><\/div>\n<div class=\"auto-hide-last-sibling-br paragraph-pP9ZLC paragraph-element br-paragraph-space\"><\/div>\n<div class=\"auto-hide-last-sibling-br paragraph-pP9ZLC paragraph-element br-paragraph-space\"><strong>\u2753W jaki spos\u00f3b waporyzator zapewnia g\u0142adki smak i par\u0119?<\/strong><\/div>\n<div class=\"auto-hide-last-sibling-br paragraph-pP9ZLC paragraph-element br-paragraph-space\">\u2705Posiada potr\u00f3jn\u0105 rezystancj\u0119 1,0 Ohm\u00a0<strong>Cewki siatkowe<\/strong>\u00a0Z rozszerzonym obszarem grzewczym, poprawiaj\u0105cym smak i wytwarzaj\u0105cym g\u0142adkie, bogatsze chmury.<\/div>\n<div class=\"auto-hide-last-sibling-br paragraph-pP9ZLC paragraph-element br-paragraph-space\">\n<p>&nbsp;<\/p>\n<h3 id=\"brxe-najhln\" class=\"brxe-heading\">Cz\u0119sto zadawane pytania (FAQ)<\/h3>\n<div id=\"brxe-rajiac\" class=\"brxe-text\">\n<p><strong>P: Jakie metody p\u0142atno\u015bci akceptujecie?<\/strong><br \/>\nOdp.: Akceptujemy PayPal, Stripe, przelewy bankowe (obs\u0142ugiwane SEPA), g\u0142\u00f3wne karty kredytowe (Visa, MasterCard, American Express) i p\u0142atno\u015bci w kryptowalutach.<\/p>\n<p><strong>P: Jak d\u0142ugo trwa przygotowanie zam\u00f3wienia?<\/strong><br \/>\nOdp.: Przygotowanie zam\u00f3wienia zajmuje 1-3 dni robocze.<\/p>\n<p><strong>P: Jaki jest czas wysy\u0142ki?<\/strong><br \/>\nOdp.: Czas wysy\u0142ki wynosi 7-14 dni roboczych, w zale\u017cno\u015bci od Twojej lokalizacji.<\/p>\n<p><strong>P: Jak mog\u0119 \u015bledzi\u0107 moje zam\u00f3wienie?<\/strong><br \/>\nOdp.: Po wysy\u0142ce otrzymasz wiadomo\u015b\u0107 e-mail z potwierdzeniem i numerem przesy\u0142ki umo\u017cliwiaj\u0105cym \u015bledzenie w czasie rzeczywistym.<\/p>\n<p><strong>P: Jaka jest Twoja polityka zwrot\u00f3w?<\/strong><br \/>\nOdp.: Oferujemy 30-dniow\u0105 polityk\u0119 zwrot\u00f3w lub wymiany. .<\/p>\n<p><strong>P: Czy wyst\u0105pi\u0105 jakie\u015b problemy celne?<br \/>\n<\/strong>Obs\u0142ugujemy wszystkie procedury odprawy celnej, aby zapewni\u0107 Ci bezproblemow\u0105 obs\u0142ug\u0119. .<\/p>\n<p><strong>P: Jakie metody wysy\u0142ki s\u0105 stosowane?<\/strong><br \/>\nWsp\u00f3\u0142pracujemy z firmami UPS\/DHL\/FEDEX\/DPD itp. W zale\u017cno\u015bci od kraju dostawy wybierzemy odpowiedni\u0105 opcj\u0119 wysy\u0142ki, tak aby produkty dotar\u0142y do \u200b\u200bPa\u0144stwa najszybciej jak to mo\u017cliwe.<\/p>\n<p><a href=\"https:\/\/pgvape.com\/pl\/czesto-zadawane-pytania\/\">Kliknij tutaj, aby uzyska\u0107 wi\u0119cej cz\u0119sto zadawanych pyta\u0144<\/a><\/p>\n<p>Szanowni klienci, je\u015bli masz jakiekolwiek pytania dotycz\u0105ce zam\u00f3wienia lub przybycia towaru, skontaktuj si\u0119 z naszym dzia\u0142em obs\u0142ugi klienta. Dzi\u0119kuj\u0119!<\/p>\n<h3 data-sourcepos=\"73:1-73:21\"><strong data-sourcepos=\"73:7-73:21\">Skontaktuj si\u0119 z nami<\/strong><\/h3>\n<div id=\"text-2419739398\" class=\"text\">\n<p><strong data-sourcepos=\"75:3-75:12\">E-mail<\/strong>:\u00a0<a href=\"mailto:support@pgvape.com\"><strong>support@pgvape.com<\/strong><\/a><\/p>\n<p><strong data-sourcepos=\"76:3-76:15\">WhatsApp<\/strong>:\u00a0<a href=\"https:\/\/wa.me\/+8618128481258\"><strong>+86 18128481258<\/strong><\/a><br \/>\n<strong>(Odpowied\u017a w ci\u0105gu 24 godzin w dni robocze)<\/strong><\/p>\n<\/div>\n<h3><strong>Dzi\u0119kujemy za wybranie pgvape.com! .<\/strong><\/h3>\n<\/div>\n<\/div>","protected":false},"excerpt":{"rendered":"<p><strong>Bang King 100 tys<\/strong> \u2014 <strong>100 000 zaci\u0105gni\u0119\u0107<\/strong>, <strong>Smaki 3 w 1<\/strong>, <strong>Potr\u00f3jna cewka siatkowa<\/strong>, <strong>650 Mah Typ C<\/strong>, <strong>0-5% Nikotyna<\/strong>. <strong>Jedno urz\u0105dzenie, trzy smaki, nieko\u0144cz\u0105ce si\u0119 chmury<\/strong>.<\/p>","protected":false},"featured_media":7324,"comment_status":"open","ping_status":"closed","template":"","meta":{"_seopress_robots_primary_cat":"none","_seopress_titles_title":"%%post_title%% %%sep%% %%sitetitle%%","_seopress_titles_desc":"","_seopress_robots_index":""},"product_brand":[19,516],"product_cat":[170,18,515],"product_tag":[395,24,327,488,90,489],"class_list":{"0":"post-7257","1":"product","2":"type-product","3":"status-publish","4":"has-post-thumbnail","6":"product_brand-bang-king-vape","7":"product_brand-disposable-vape","8":"product_cat-100k-puffs-vape","9":"product_cat-bang-king-vape","10":"product_cat-disposable-vape","11":"product_tag-100k-puffs-vape","12":"product_tag-3-in-1-flavors","13":"product_tag-bang-king-triple","14":"product_tag-bang-king-triple-100000","15":"product_tag-disposable-vape","16":"product_tag-triple-mesh-coils","18":"first","19":"instock","20":"sale","21":"shipping-taxable","22":"purchasable","23":"product-type-variable"},"_links":{"self":[{"href":"https:\/\/pgvape.com\/pl\/wp-json\/wp\/v2\/product\/7257","targetHints":{"allow":["GET"]}}],"collection":[{"href":"https:\/\/pgvape.com\/pl\/wp-json\/wp\/v2\/product"}],"about":[{"href":"https:\/\/pgvape.com\/pl\/wp-json\/wp\/v2\/types\/product"}],"replies":[{"embeddable":true,"href":"https:\/\/pgvape.com\/pl\/wp-json\/wp\/v2\/comments?post=7257"}],"wp:featuredmedia":[{"embeddable":true,"href":"https:\/\/pgvape.com\/pl\/wp-json\/wp\/v2\/media\/7324"}],"wp:attachment":[{"href":"https:\/\/pgvape.com\/pl\/wp-json\/wp\/v2\/media?parent=7257"}],"wp:term":[{"taxonomy":"product_brand","embeddable":true,"href":"https:\/\/pgvape.com\/pl\/wp-json\/wp\/v2\/product_brand?post=7257"},{"taxonomy":"product_cat","embeddable":true,"href":"https:\/\/pgvape.com\/pl\/wp-json\/wp\/v2\/product_cat?post=7257"},{"taxonomy":"product_tag","embeddable":true,"href":"https:\/\/pgvape.com\/pl\/wp-json\/wp\/v2\/product_tag?post=7257"}],"curies":[{"name":"wp","href":"https:\/\/api.w.org\/{rel}","templated":true}]}}