{"id":7211,"date":"2025-11-29T13:06:56","date_gmt":"2025-11-29T13:06:56","guid":{"rendered":"https:\/\/pgvape.com\/?post_type=product&#038;p=7211"},"modified":"2026-03-15T13:32:42","modified_gmt":"2026-03-15T13:32:42","slug":"vapmod-archer-60000-60k-zaciagniec-3-poziomy-kontroli-lodu-jednorazowy-vape-wyswietlacz-led-rgb-vape-factory-direct","status":"publish","type":"product","link":"https:\/\/pgvape.com\/pl\/produkt\/vapmod-archer-60000-60k-zaciagniec-3-poziomy-kontroli-lodu-jednorazowy-vape-wyswietlacz-led-rgb-vape-factory-direct\/","title":{"rendered":"Vapmod Archer 60000 60K Puffs 3-poziomowa kontrola lodu Jednorazowy Vape Wy\u015bwietlacz LED RGB Vape Factory Direct"},"content":{"rendered":"<p>Wyrusz w niesamowity maraton wapowania z <strong data-sourcepos=\"7:49-7:84\">Jednorazowa kapsu\u0142a Archer 60K Puffs<\/strong>. <strong data-sourcepos=\"7:149-7:166\">40ml E-liquidu<\/strong> I zasilane przez niezawodnego <strong data-sourcepos=\"7:193-7:211\">Bateria 900 mAh<\/strong>. <strong data-sourcepos=\"7:258-7:278\">Potr\u00f3jna cewka siatkowa<\/strong> Generuje wyj\u0105tkowo g\u0119st\u0105 par\u0119 i bogaty smak. <strong data-sourcepos=\"7:346-7:369\">3-poziomowa kontrola ICE<\/strong> System I Wibruj\u0105cy <strong data-sourcepos=\"7:391-7:410\">Wy\u015bwietlacz LED RGB<\/strong>, Archer zapewnia idealnie skalibrowane, nieskazitelne wra\u017cenia przy ka\u017cdym zaci\u0105gni\u0119ciu. .<\/p>\n<p>&nbsp;<\/p>\n<h2><span style=\"font-size: 90%;\">Vapmod Archer 60000 60K Puffs Ice Control Jednorazowy Vape <strong data-sourcepos=\"10:5-10:31\">Dane techniczne<\/strong><\/span><\/h2>\n<p><strong>Liczba puf\u00f3w<\/strong>: Do 60 000 zaci\u0105gni\u0119\u0107 \u2013 zapewnia najwy\u017csz\u0105 jako\u015b\u0107\u00a0<strong>Wapowanie<\/strong>\u00a0Maraton dla d\u0142ugotrwa\u0142ej przyjemno\u015bci.<\/p>\n<p><strong>Pojemno\u015b\u0107 e-cieczy<\/strong>: 40 ml \u2013 wst\u0119pnie nape\u0142nione znaczn\u0105 obj\u0119to\u015bci\u0105 zapewniaj\u0105c\u0105 wydajno\u015b\u0107 60 000 zaci\u0105gni\u0119\u0107.<\/p>\n<p><strong>Pojemno\u015b\u0107 baterii<\/strong>: 900 mAh \u2013 solidne \u017ar\u00f3d\u0142o zasilania dopasowane do trwa\u0142o\u015bci urz\u0105dzenia\u00a0<strong>Wapowanie<\/strong>\u00a0zdolno\u015b\u0107.<\/p>\n<p><strong>Typ cewki<\/strong>: Potr\u00f3jny\u00a0<strong>Cewka siatkowa<\/strong>\u00a0\u2013 Tworzy g\u0119st\u0105 par\u0119 i niezwykle bogaty smak dla premium ptysi\u00f3w.<\/p>\n<p><strong>Kontrola ch\u0142odzenia<\/strong>: 3-poziomowa kontrola ICE \u2013 precyzyjnie dostosowuje intensywno\u015b\u0107 ch\u0142odzenia, aby osi\u0105gn\u0105\u0107 optymalne wra\u017cenia.<\/p>\n<p><strong>Funkcja wy\u015bwietlania<\/strong>: Wy\u015bwietlacz LED RGB \u2013 kolorowy ekran, kt\u00f3ry informuje Ci\u0119 o najwa\u017cniejszych sprawach\u00a0<strong>Wapowanie<\/strong>\u00a0Informacje.<\/p>\n<p>&nbsp;<\/p>\n<h3><span style=\"font-size: 90%;\">Vapmod Archer 60000 60K Puffs Ice Control Jednorazowy Vape <strong data-sourcepos=\"22:5-22:20\">Lista smak\u00f3w<\/strong><\/span><\/h3>\n<p><strong data-sourcepos=\"22:5-22:20\">1. Czarny l\u00f3d winogronowy<\/strong><\/p>\n<p><strong data-sourcepos=\"22:5-22:20\">2.L\u00f3d jagodowy<\/strong><\/p>\n<p><strong data-sourcepos=\"22:5-22:20\">3.Malina jagodowa<\/strong><\/p>\n<p><strong data-sourcepos=\"22:5-22:20\">4. L\u00f3d z jag\u00f3d winogronowych<\/strong><\/p>\n<p><strong data-sourcepos=\"22:5-22:20\">5. Soczysty l\u00f3d brzoskwiniowy<\/strong><\/p>\n<p><strong data-sourcepos=\"22:5-22:20\">6.Brzoskwiniowo-arbuzowo-mango<\/strong><\/p>\n<p><strong data-sourcepos=\"22:5-22:20\">7. L\u00f3d arbuzowy\u00a0\u00a0<\/strong><\/p>\n<p>&nbsp;<\/p>\n<h3><span style=\"font-size: 90%;\">Vapmod Archer 60000 60K Puffs Ice Control Jednorazowy Vape <strong>Wideo<\/strong>:<\/span><\/h3>\n<p>&nbsp;<\/p>\n<h2><span style=\"font-size: 90%;\">Cz\u0119sto zadawane pytania dotycz\u0105ce Vapmod Archer 60000 60K Puffs Ice Control Jednorazowy waporyzator<\/span><\/h2>\n<p><strong>\u2753Ile zaci\u0105gni\u0119\u0107 mo\u017ce dostarczy\u0107 jednorazowa kapsu\u0142a Archer 60K?<\/strong><br \/>\n\u2705Oferuje do 60 000 zaci\u0105gni\u0119\u0107, zapewniaj\u0105c doskona\u0142e wra\u017cenia z maratonu wapowania.<\/p>\n<p><strong>\u2753Jaka jest pojemno\u015b\u0107 e-liquidu w tym urz\u0105dzeniu Vape?<\/strong><br \/>\n\u2705Jest fabrycznie nape\u0142niony 40 ml e-p\u0142ynu, kt\u00f3ry zapewnia d\u0142ugotrwa\u0142\u0105 wydajno\u015b\u0107 60 000 zaci\u0105gni\u0119\u0107.<\/p>\n<p><strong>\u2753Jakiego rodzaju cewki u\u017cywa Archer 60K do aromatyzowania?<\/strong><br \/>\n\u2705 Zawiera cewk\u0119 z potr\u00f3jn\u0105 siatk\u0105, kt\u00f3ra tworzy g\u0119st\u0105 par\u0119 i niezwykle bogaty smak.<\/p>\n<p><strong>\u2753Czy mog\u0119 regulowa\u0107 intensywno\u015b\u0107 ch\u0142odzenia\u00a0vape\u2019a?<\/strong><br \/>\n\u2705Tak, ma 3-poziomow\u0105 kontrol\u0119 ICE, aby precyzyjnie dostosowa\u0107 ch\u0142odzenie i osi\u0105gn\u0105\u0107 optymalne wra\u017cenia.<\/p>\n<p><strong>\u2753Jakie \u017ar\u00f3d\u0142o zasilania posiada urz\u0105dzenie?<\/strong><br \/>\n\u2705Jest wyposa\u017cony w solidn\u0105 bateri\u0119 900 mAh, odpowiadaj\u0105c\u0105 mo\u017cliwo\u015bciom d\u0142ugotrwa\u0142ego waporyzacji.<\/p>\n<div>\n<div class=\"auto-hide-last-sibling-br paragraph-pP9ZLC paragraph-element br-paragraph-space\"><strong>\u2753Czy urz\u0105dzenie ma wy\u015bwietlacz informuj\u0105cy o wapowaniu?<\/strong><br \/>\n\u2705Tak, ma kolorowy wy\u015bwietlacz LED RGB, kt\u00f3ry informuje Ci\u0119 o niezb\u0119dnych szczeg\u00f3\u0142ach u\u017cytkowania.<\/div>\n<div class=\"auto-hide-last-sibling-br paragraph-pP9ZLC paragraph-element br-paragraph-space\">\n<p>&nbsp;<\/p>\n<h3 id=\"brxe-najhln\" class=\"brxe-heading\">Cz\u0119sto zadawane pytania (FAQ)<\/h3>\n<div id=\"brxe-rajiac\" class=\"brxe-text\">\n<p><strong>P: Jakie metody p\u0142atno\u015bci akceptujecie?<\/strong><br \/>\nOdp.: Akceptujemy PayPal, Stripe, przelewy bankowe (obs\u0142ugiwane SEPA), g\u0142\u00f3wne karty kredytowe (Visa, MasterCard, American Express) i p\u0142atno\u015bci w kryptowalutach.<\/p>\n<p><strong>P: Jak d\u0142ugo trwa przygotowanie zam\u00f3wienia?<\/strong><br \/>\nOdp.: Przygotowanie zam\u00f3wienia zajmuje 1-3 dni robocze.<\/p>\n<p><strong>P: Jaki jest czas wysy\u0142ki?<\/strong><br \/>\nOdp.: Czas wysy\u0142ki wynosi 7-14 dni roboczych, w zale\u017cno\u015bci od Twojej lokalizacji.<\/p>\n<p><strong>P: Jak mog\u0119 \u015bledzi\u0107 moje zam\u00f3wienie?<\/strong><br \/>\nOdp.: Po wysy\u0142ce otrzymasz wiadomo\u015b\u0107 e-mail z potwierdzeniem i numerem przesy\u0142ki umo\u017cliwiaj\u0105cym \u015bledzenie w czasie rzeczywistym.<\/p>\n<p><strong>P: Jaka jest Twoja polityka zwrot\u00f3w?<\/strong><br \/>\nOdp.: Oferujemy 30-dniow\u0105 polityk\u0119 zwrot\u00f3w lub wymiany. .<\/p>\n<p><strong>P: Czy wyst\u0105pi\u0105 jakie\u015b problemy celne?<br \/>\n<\/strong>Obs\u0142ugujemy wszystkie procedury odprawy celnej, aby zapewni\u0107 Ci bezproblemow\u0105 obs\u0142ug\u0119. .<\/p>\n<p><strong>P: Jakie metody wysy\u0142ki s\u0105 stosowane?<\/strong><br \/>\nWsp\u00f3\u0142pracujemy z firmami UPS\/DHL\/FEDEX\/DPD itp. W zale\u017cno\u015bci od kraju dostawy wybierzemy odpowiedni\u0105 opcj\u0119 wysy\u0142ki, tak aby produkty dotar\u0142y do \u200b\u200bPa\u0144stwa najszybciej jak to mo\u017cliwe.<\/p>\n<p><a href=\"https:\/\/pgvape.com\/pl\/czesto-zadawane-pytania\/\">Kliknij tutaj, aby uzyska\u0107 wi\u0119cej cz\u0119sto zadawanych pyta\u0144<\/a><\/p>\n<p>Szanowni klienci, je\u015bli masz jakiekolwiek pytania dotycz\u0105ce zam\u00f3wienia lub przybycia towaru, skontaktuj si\u0119 z naszym dzia\u0142em obs\u0142ugi klienta. Dzi\u0119kuj\u0119!<\/p>\n<h3 data-sourcepos=\"73:1-73:21\"><strong data-sourcepos=\"73:7-73:21\">Skontaktuj si\u0119 z nami<\/strong><\/h3>\n<div id=\"text-2419739398\" class=\"text\">\n<p><strong data-sourcepos=\"75:3-75:12\">E-mail<\/strong>:\u00a0<a href=\"mailto:support@pgvape.com\"><strong>support@pgvape.com<\/strong><\/a><\/p>\n<p><strong data-sourcepos=\"76:3-76:15\">WhatsApp<\/strong>:\u00a0<a href=\"https:\/\/wa.me\/+8618128481258\"><strong>+86 18128481258<\/strong><\/a><br \/>\n<strong>(Odpowied\u017a w ci\u0105gu 24 godzin w dni robocze)<\/strong><\/p>\n<\/div>\n<h3><strong>Dzi\u0119kujemy za wybranie pgvape.com! .<\/strong><\/h3>\n<\/div>\n<\/div>\n<\/div>","protected":false},"excerpt":{"rendered":"<p><span style=\"font-size: 90%;\">Vapmod <\/span>Jednorazowa kapsu\u0142a Archer 60K Puffs jest trwa\u0142a\u00a0<strong>Vape<\/strong>\u00a0Z 60 000 zaci\u0105gni\u0119\u0107, 40 ml\u00a0<strong>E-ciecz<\/strong>, Potr\u00f3jny\u00a0<strong>Cewka siatkowa<\/strong>, 3-poziomowe sterowanie ICE i wy\u015bwietlacz RGB \u2014 najwy\u017csza jako\u015b\u0107\u00a0<strong>Wapowanie<\/strong>\u00a0trwa\u0142o\u015b\u0107 i bogaty smak.<\/p>","protected":false},"featured_media":7221,"comment_status":"open","ping_status":"closed","template":"","meta":{"_seopress_robots_primary_cat":"none","_seopress_titles_title":"","_seopress_titles_desc":"","_seopress_robots_index":""},"product_brand":[516,483],"product_cat":[48,515,482],"product_tag":[485,315,90,486,487,484],"class_list":{"0":"post-7211","1":"product","2":"type-product","3":"status-publish","4":"has-post-thumbnail","6":"product_brand-disposable-vape","7":"product_brand-vapmod-vape","8":"product_cat-60k-puffs-vape","9":"product_cat-disposable-vape","10":"product_cat-vapmod-vape","11":"product_tag-3-level-ice-control","12":"product_tag-60k-puffs-vape","13":"product_tag-disposable-vape","14":"product_tag-rgb-led-display","15":"product_tag-triple-mesh-coil","16":"product_tag-vapmod-archer-60000","18":"first","19":"instock","20":"sale","21":"shipping-taxable","22":"purchasable","23":"product-type-variable"},"_links":{"self":[{"href":"https:\/\/pgvape.com\/pl\/wp-json\/wp\/v2\/product\/7211","targetHints":{"allow":["GET"]}}],"collection":[{"href":"https:\/\/pgvape.com\/pl\/wp-json\/wp\/v2\/product"}],"about":[{"href":"https:\/\/pgvape.com\/pl\/wp-json\/wp\/v2\/types\/product"}],"replies":[{"embeddable":true,"href":"https:\/\/pgvape.com\/pl\/wp-json\/wp\/v2\/comments?post=7211"}],"wp:featuredmedia":[{"embeddable":true,"href":"https:\/\/pgvape.com\/pl\/wp-json\/wp\/v2\/media\/7221"}],"wp:attachment":[{"href":"https:\/\/pgvape.com\/pl\/wp-json\/wp\/v2\/media?parent=7211"}],"wp:term":[{"taxonomy":"product_brand","embeddable":true,"href":"https:\/\/pgvape.com\/pl\/wp-json\/wp\/v2\/product_brand?post=7211"},{"taxonomy":"product_cat","embeddable":true,"href":"https:\/\/pgvape.com\/pl\/wp-json\/wp\/v2\/product_cat?post=7211"},{"taxonomy":"product_tag","embeddable":true,"href":"https:\/\/pgvape.com\/pl\/wp-json\/wp\/v2\/product_tag?post=7211"}],"curies":[{"name":"wp","href":"https:\/\/api.w.org\/{rel}","templated":true}]}}