{"id":7181,"date":"2025-11-29T11:09:31","date_gmt":"2025-11-29T11:09:31","guid":{"rendered":"https:\/\/pgvape.com\/?post_type=product&#038;p=7181"},"modified":"2026-03-29T08:44:30","modified_gmt":"2026-03-29T08:44:30","slug":"vaprivee-50000-50-tys-zaciagniec-podwojny-tryb-jednorazowe-vape-diamentowa-torebka-w-stylu-design-vape-factory-direct","status":"publish","type":"product","link":"https:\/\/pgvape.com\/pl\/produkt\/vaprivee-50000-50-tys-zaciagniec-podwojny-tryb-jednorazowe-vape-diamentowa-torebka-w-stylu-design-vape-factory-direct\/","title":{"rendered":"Vaprivee 50000 50K Puffs Dual Mode Jednorazowa torebka Vape Diamond Style Design Vape Factory Direct"},"content":{"rendered":"<p>Urz\u0105dzenie Vaprivee 50000 Puffs, d\u0142ugotrwa\u0142e\u00a0<strong>Vape<\/strong>\u00a0Stworzony dla u\u017cytkownik\u00f3w, kt\u00f3rzy oczekuj\u0105 stabilnej wydajno\u015bci, bogatego smaku i niepowtarzalnego wygl\u0105du.\u00a0<strong>Vape<\/strong>.\u00a0<strong>Cewki siatkowe<\/strong>, regulowany przep\u0142yw powietrza i r\u0119cznie robione wyko\u0144czenie w formie naklejki w kszta\u0142cie diamentu, urz\u0105dzenie \u0142\u0105czy styl i funkcjonalno\u015b\u0107 w jedn\u0105 kompaktow\u0105 obudow\u0119.\u00a0<strong>Wapowanie<\/strong>\u00a0Prze\u017cyj ca\u0142y dzie\u0144.<\/p>\n<p>&nbsp;<\/p>\n<h2><span style=\"font-size: 90%;\">Vaprivee 50000 50K Puffs Specyfikacja jednorazowego vape z podw\u00f3jnym trybem<\/span><\/h2>\n<p><strong>Tryby wydajno\u015bci zaci\u0105gni\u0119cia<\/strong>: Wybierz pomi\u0119dzy trybami 50 tys. (mi\u0119kki) i 30 tys. (boost) do d\u0142ugotrwa\u0142ego u\u017cytkowania, idealny do ca\u0142odziennego u\u017cytkowania lub w podr\u00f3\u017cy\u00a0<strong>Wapowanie<\/strong>.<\/p>\n<p><strong>Rzemios\u0142o i projektowanie<\/strong>: Diamentowe wyko\u0144czenie \u2013 kszta\u0142t inspirowany torebk\u0105 z r\u0119cznie robion\u0105 naklejk\u0105 w kszta\u0142cie diamentu, zapewniaj\u0105c\u0105 przyci\u0105gaj\u0105cy wzrok, doskona\u0142y wygl\u0105d i wygodny uchwyt.<\/p>\n<p><strong>Pojemno\u015b\u0107 smaku i\u00a0E-Liquidu<\/strong>: Pot\u0119\u017cne dzia\u0142anie smakowe \u2013 podw\u00f3jne\u00a0<strong>Cewki siatkowe<\/strong>\u00a0Zapewnij sta\u0142\u0105 par\u0119 i \u015bwie\u017cy smak od pierwszego do ostatniego zaci\u0105gni\u0119cia, wspierane przez du\u017c\u0105 pojemno\u015b\u0107 20 ml\u00a0<strong>E-ciecz<\/strong>\u00a0Pojemno\u015b\u0107.<\/p>\n<p><strong>System przep\u0142ywu powietrza<\/strong>: Regulowany system przep\u0142ywu powietrza \u2013 dostosuj sw\u00f3j wlot od ciasnego do otwartego, aby uzyska\u0107 delikatniejsz\u0105 par\u0119 lub bardziej intensywne chmury.<\/p>\n<p><strong>Bateria i \u0142adowanie<\/strong>: Niezawodna bateria i \u0142adowanie \u2013 Bateria 900 mAh zapewnia d\u0142ugie godziny pracy i wygodne szybkie \u0142adowanie typu C.<\/p>\n<p><strong>Funkcja wy\u015bwietlania<\/strong>: Mega ekran LED \u2013 wyra\u017anie wy\u015bwietla poziom na\u0142adowania baterii, tryb zaci\u0105gania i inne istotne informacje u\u0142atwiaj\u0105ce obs\u0142ug\u0119.<\/p>\n<p><strong>Opcje nikotynowe<\/strong>: 0% \/ 2% \/ 3% \/ 5% Nikotyna \u2013 odpowiednia zar\u00f3wno dla lekkich, jak i ci\u0119\u017ckich u\u017cytkownik\u00f3w, z mo\u017cliwo\u015bci\u0105 dostosowania mocy.<\/p>\n<p>&nbsp;<\/p>\n<h3><span style=\"font-size: 90%;\">Vaprivee 50000 50K Puffs Dual Mode Jednorazowa lista smak\u00f3w Vape<\/span><\/h3>\n<p>1. Dmuchnij<\/p>\n<p>2.Niebieska cytryna Razz<\/p>\n<p>3.Wi\u015bniowe Jab\u0142ko<\/p>\n<p>4. \u017belki-Misie z Col\u0105<\/p>\n<p>5.Podw\u00f3jne mango<\/p>\n<p>6. L\u00f3d winogronowy<\/p>\n<p>7.Mangostan Rambutan Longan<\/p>\n<p>8. Mi\u0119towe cukierki z Miami<\/p>\n<p>9.Truskawka Malina Cytryna<\/p>\n<p>10.Arbuz Ananas Malina<\/p>\n<p>11.Arbuz<\/p>\n<p>12. Bia\u0142a Brzoskwinia Malina<\/p>\n<p>&nbsp;<\/p>\n<h3><span style=\"font-size: 90%;\">Vaprivee 50000 50K Puffs Jednorazowe wideo Vape z podw\u00f3jnym trybem:<\/span><\/h3>\n<p><iframe loading=\"lazy\" title=\"Vaprivee 50K Puffs Dual Mode Jednorazowa torebka Vape Diamond Style Design Vape Factory Direct pgvape\" width=\"563\" height=\"1000\" src=\"https:\/\/www.youtube.com\/embed\/QGCQr7F2wOE?feature=oembed\" frameborder=\"0\" allow=\"accelerometer; autoplay; clipboard-write; encrypted-media; gyroscope; picture-in-picture; web-share\" referrerpolicy=\"strict-origin-when-cross-origin\" allowfullscreen><\/iframe><\/p>\n<p>&nbsp;<\/p>\n<h2 class=\"header-vfC6AV auto-hide-last-sibling-br\"><span style=\"font-size: 90%;\">Cz\u0119sto zadawane pytania dotycz\u0105ce jednorazowego Vaprivee 50000 50K Puffs Dual Mode<\/span><\/h2>\n<p data-sourcepos=\"37:1-39:109\">\u2753 <strong data-sourcepos=\"38:3-38:36\">Jaka jest ca\u0142kowita liczba zaci\u0105gni\u0119\u0107?<\/strong><br \/>\n\u2705 Urz\u0105dzenie zapewnia jedno i drugie <strong data-sourcepos=\"39:30-39:46\">50 000 zaci\u0105gni\u0119\u0107<\/strong> W trybie normalnym Or <strong data-sourcepos=\"39:65-39:81\">30 000 zaci\u0105gni\u0119\u0107<\/strong> Podczas korzystania z ustawie\u0144 wzmocnienia.<\/p>\n<p data-sourcepos=\"41:1-42:68\">\u2753 <strong data-sourcepos=\"41:3-41:39\">Czy ma regulowany przep\u0142yw powietrza?<\/strong><br \/>\n\u2705Tak, <strong data-sourcepos=\"42:12-42:28\">Pokr\u0119t\u0142o przep\u0142ywu powietrza<\/strong> Umo\u017cliwia personalizacj\u0119 stylu rysowania.<\/p>\n<p data-sourcepos=\"44:1-45:69\">\u2753 <strong data-sourcepos=\"44:3-44:34\">Czy akumulator jest wymienny?<\/strong><br \/>\n\u2705 Nie, ale ma du\u017c\u0105 wbudowan\u0105 obudow\u0119 <strong data-sourcepos=\"45:35-45:66\">Akumulator 900 mAh<\/strong>.<\/p>\n<p data-sourcepos=\"47:1-48:78\">\u2753 <strong data-sourcepos=\"47:3-47:44\">Jakie moce nikotyny s\u0105 oferowane?<br \/>\n<\/strong> \u2705 Mo\u017cesz wybiera\u0107 spo\u015br\u00f3d <strong data-sourcepos=\"48:23-48:44\">0%, 2%, 3% lub 5%<\/strong> Aby dopasowa\u0107 r\u00f3\u017cne preferencje.<\/p>\n<p data-sourcepos=\"50:1-51:78\">\u2753 <strong data-sourcepos=\"50:3-50:48\">Sk\u0105d mam wiedzie\u0107, kiedy ko\u0144czy si\u0119 e-liquid?<\/strong><br \/>\n\u2705 Przezroczyste boczne okienko umo\u017cliwia wizualn\u0105 kontrol\u0119 poziomu cieczy w dowolnym momencie.<\/p>\n<p>&nbsp;<\/p>\n<h3 id=\"brxe-najhln\" class=\"brxe-heading\">Cz\u0119sto zadawane pytania (FAQ)<\/h3>\n<div id=\"brxe-rajiac\" class=\"brxe-text\">\n<p><strong>P: Jakie metody p\u0142atno\u015bci akceptujecie?<\/strong><br \/>\nOdp.: Akceptujemy PayPal, Stripe, przelewy bankowe (obs\u0142ugiwane SEPA), g\u0142\u00f3wne karty kredytowe (Visa, MasterCard, American Express) i p\u0142atno\u015bci w kryptowalutach.<\/p>\n<p><strong>P: Jak d\u0142ugo trwa przygotowanie zam\u00f3wienia?<\/strong><br \/>\nOdp.: Przygotowanie zam\u00f3wienia zajmuje 1-3 dni robocze.<\/p>\n<p><strong>P: Jaki jest czas wysy\u0142ki?<\/strong><br \/>\nOdp.: Czas wysy\u0142ki wynosi 7-14 dni roboczych, w zale\u017cno\u015bci od Twojej lokalizacji.<\/p>\n<p><strong>P: Jak mog\u0119 \u015bledzi\u0107 moje zam\u00f3wienie?<\/strong><br \/>\nOdp.: Po wysy\u0142ce otrzymasz wiadomo\u015b\u0107 e-mail z potwierdzeniem i numerem przesy\u0142ki umo\u017cliwiaj\u0105cym \u015bledzenie w czasie rzeczywistym.<\/p>\n<p><strong>P: Jaka jest Twoja polityka zwrot\u00f3w?<\/strong><br \/>\nOdp.: Oferujemy 30-dniow\u0105 polityk\u0119 zwrot\u00f3w lub wymiany. .<\/p>\n<p><strong>P: Czy wyst\u0105pi\u0105 jakie\u015b problemy celne?<br \/>\n<\/strong>Obs\u0142ugujemy wszystkie procedury odprawy celnej, aby zapewni\u0107 Ci bezproblemow\u0105 obs\u0142ug\u0119. .<\/p>\n<p><strong>P: Jakie metody wysy\u0142ki s\u0105 stosowane?<\/strong><br \/>\nWsp\u00f3\u0142pracujemy z firmami UPS\/DHL\/FEDEX\/DPD itp. W zale\u017cno\u015bci od kraju dostawy wybierzemy odpowiedni\u0105 opcj\u0119 wysy\u0142ki, tak aby produkty dotar\u0142y do \u200b\u200bPa\u0144stwa najszybciej jak to mo\u017cliwe.<\/p>\n<p><a href=\"https:\/\/pgvape.com\/pl\/czesto-zadawane-pytania\/\">Kliknij tutaj, aby uzyska\u0107 wi\u0119cej cz\u0119sto zadawanych pyta\u0144<\/a><\/p>\n<p>Szanowni klienci, je\u015bli masz jakiekolwiek pytania dotycz\u0105ce zam\u00f3wienia lub przybycia towaru, skontaktuj si\u0119 z naszym dzia\u0142em obs\u0142ugi klienta. Dzi\u0119kuj\u0119!<\/p>\n<h3 data-sourcepos=\"73:1-73:21\"><strong data-sourcepos=\"73:7-73:21\">Skontaktuj si\u0119 z nami<\/strong><\/h3>\n<div id=\"text-2419739398\" class=\"text\">\n<p><strong data-sourcepos=\"75:3-75:12\">E-mail<\/strong>:\u00a0<a href=\"mailto:support@pgvape.com\"><strong>support@pgvape.com<\/strong><\/a><\/p>\n<p><strong data-sourcepos=\"76:3-76:15\">WhatsApp<\/strong>:\u00a0<a href=\"https:\/\/wa.me\/+8618128481258\"><strong>+86 18128481258<\/strong><\/a><br \/>\n<strong>(Odpowied\u017a w ci\u0105gu 24 godzin w dni robocze)<\/strong><\/p>\n<\/div>\n<h3><strong>Dzi\u0119kujemy za wybranie pgvape.com! .<\/strong><\/h3>\n<\/div>","protected":false},"excerpt":{"rendered":"<p>Vaprivee 50000 Puffs to stylowa torebka zaprojektowana\u00a0<strong>Vape<\/strong>\u00a0Z Dualem\u00a0<strong>Cewki siatkowe<\/strong>, 20ml\u00a0<strong>E-ciecz<\/strong>, Tryby zaci\u0105gni\u0119cia 50K\/30K, regulowany przep\u0142yw powietrza i opcje nikotyny 0%-5% \u2013 zapewniaj\u0105ce d\u0142ugotrwa\u0142e i modne\u00a0<strong>Wapowanie<\/strong>\u00a0Przyjemno\u015b\u0107.<\/p>","protected":false},"featured_media":7193,"comment_status":"open","ping_status":"closed","template":"","meta":{"_seopress_robots_primary_cat":"none","_seopress_titles_title":"","_seopress_titles_desc":"","_seopress_robots_index":""},"product_brand":[516,478],"product_cat":[61,515,477],"product_tag":[318,480,90,415,475,479],"class_list":{"0":"post-7181","1":"product","2":"type-product","3":"status-publish","4":"has-post-thumbnail","6":"product_brand-disposable-vape","7":"product_brand-vaprivee-vape","8":"product_cat-50k-puffs-vape","9":"product_cat-disposable-vape","10":"product_cat-vaprivee-vape","11":"product_tag-50k-puffs-vape","12":"product_tag-diamond-handbag-style-design","13":"product_tag-disposable-vape","14":"product_tag-dual-mode","15":"product_tag-mtlmouth-to-lung","16":"product_tag-vaprivee-50000","18":"first","19":"instock","20":"sale","21":"shipping-taxable","22":"purchasable","23":"product-type-variable"},"_links":{"self":[{"href":"https:\/\/pgvape.com\/pl\/wp-json\/wp\/v2\/product\/7181","targetHints":{"allow":["GET"]}}],"collection":[{"href":"https:\/\/pgvape.com\/pl\/wp-json\/wp\/v2\/product"}],"about":[{"href":"https:\/\/pgvape.com\/pl\/wp-json\/wp\/v2\/types\/product"}],"replies":[{"embeddable":true,"href":"https:\/\/pgvape.com\/pl\/wp-json\/wp\/v2\/comments?post=7181"}],"wp:featuredmedia":[{"embeddable":true,"href":"https:\/\/pgvape.com\/pl\/wp-json\/wp\/v2\/media\/7193"}],"wp:attachment":[{"href":"https:\/\/pgvape.com\/pl\/wp-json\/wp\/v2\/media?parent=7181"}],"wp:term":[{"taxonomy":"product_brand","embeddable":true,"href":"https:\/\/pgvape.com\/pl\/wp-json\/wp\/v2\/product_brand?post=7181"},{"taxonomy":"product_cat","embeddable":true,"href":"https:\/\/pgvape.com\/pl\/wp-json\/wp\/v2\/product_cat?post=7181"},{"taxonomy":"product_tag","embeddable":true,"href":"https:\/\/pgvape.com\/pl\/wp-json\/wp\/v2\/product_tag?post=7181"}],"curies":[{"name":"wp","href":"https:\/\/api.w.org\/{rel}","templated":true}]}}