{"id":6985,"date":"2025-11-25T09:02:33","date_gmt":"2025-11-25T09:02:33","guid":{"rendered":"https:\/\/pgvape.com\/?post_type=product&#038;p=6985"},"modified":"2025-12-15T11:55:06","modified_gmt":"2025-12-15T11:55:06","slug":"bang-king-triple-100000-100k-zaciagniec-jednorazowe-vape-swiateczne-specjalne-3-w-1-smaki-ograniczone-swiateczne-pudelko-upominkowe","status":"publish","type":"product","link":"https:\/\/pgvape.com\/pl\/produkt\/bang-king-triple-100000-100k-zaciagniec-jednorazowe-vape-swiateczne-specjalne-3-w-1-smaki-ograniczone-swiateczne-pudelko-upominkowe\/","title":{"rendered":"Bang King Triple 100000 100K Puffs Jednorazowe Vape Christmas Special \u2013 3 w 1 smakach Limitowane \u015bwi\u0105teczne pude\u0142ko upominkowe"},"content":{"rendered":"<p>\u015awi\u0119tuj sezon \u015bwi\u0105teczny dzi\u0119ki \u015bwi\u0105tecznej edycji Bang King Triple 100K, wyposa\u017conej w magiczny, regulowany system smakowy 3 w 1 i ogromn\u0105 pojemno\u015b\u0107 100 000 zaci\u0105gni\u0119\u0107, zaprojektowan\u0105 z my\u015bl\u0105 o d\u0142ugotrwa\u0142ej \u015bwi\u0105tecznej rado\u015bci.\u00a0<strong>Cewka siatkowa<\/strong>\u00a0Technologia zapewniaj\u0105ca bogatszy smak i g\u0119stsz\u0105 par\u0119, wyposa\u017cona w akumulator o du\u017cej pojemno\u015bci + szybkie \u0142adowanie typu C i wyposa\u017cona w potr\u00f3jn\u0105 komor\u0119 zapobiegaj\u0105c\u0105 wyciekom, zapewniaj\u0105c\u0105 g\u0142adk\u0105 nikotyn\u0119 i mocny aromat.\u00a0<strong>Vape<\/strong>\u00a0Urz\u0105dzenie na okres \u015bwi\u0105teczny.<\/p>\n<p>&nbsp;<\/p>\n<h2><span style=\"font-size: 90%;\">Specjalne specyfikacje \u015bwi\u0105teczne Bang King Triple 100K Puffs<\/span><\/h2>\n<p><strong>Typ wydania<\/strong>: Pude\u0142ko upominkowe z limitowanej edycji \u015bwi\u0105tecznej \u2014 pe\u0142ny zestaw 12 urz\u0105dze\u0144<\/p>\n<p><strong>Liczba puf\u00f3w<\/strong>: 100 000 zaci\u0105gni\u0119\u0107 na urz\u0105dzenie zapewnia wyj\u0105tkowo d\u0142ug\u0105 sezonow\u0105 przyjemno\u015b\u0107<\/p>\n<p><strong>System smakowy<\/strong>: Regulowany system smakowy 3 w 1 (3X24ml\u00a0<strong>E-ciecz<\/strong>) \u2014 Prze\u0142\u0105czaj pomi\u0119dzy 3 czystymi smakami lub mieszaj, aby uzyska\u0107 wyj\u0105tkowe do\u015bwiadczenia<\/p>\n<p><strong>Styl projektowania<\/strong>: Projekt o tematyce \u015bwi\u0105tecznej z grafik\u0105 p\u0142atk\u00f3w \u015bniegu i \u015bwi\u0105tecznymi kolorami<\/p>\n<p><strong>Technologia cewki<\/strong>:\u00a0<strong>Cewka siatkowa<\/strong>\u00a0Technologia zapewniaj\u0105ca bogatszy smak i g\u0119stsz\u0105 par\u0119<\/p>\n<p><strong>Bateria i \u0142adowanie<\/strong>: Akumulator o du\u017cej pojemno\u015bci + \u0142adowanie typu C<\/p>\n<p><strong>Funkcja struktury<\/strong>: Potr\u00f3jna komora zapobiegaj\u0105ca wyciekom<\/p>\n<p><strong>Wydajno\u015b\u0107 wyj\u015bciowa<\/strong>: G\u0142adka nikotyna i silny smak<\/p>\n<p><strong>Obowi\u0105zuj\u0105ce scenariusze<\/strong>: Idealny na prezenty, wystawy detaliczne i kampanie \u015bwi\u0105teczne<\/p>\n<p>&nbsp;<\/p>\n<h3><span style=\"font-size: 90%;\">\u015awi\u0105teczna specjalna lista smak\u00f3w Bang King Triple 100K Puffs<\/span><\/h3>\n<p>1. Arbuz lodowy, Red Bull i truskawkowy kiwi<\/p>\n<p>2. Cytryna, limonka i truskawka, arbuz i l\u00f3d jagodowy<\/p>\n<p>3.Truskawkowo-bananowo-malinowo-arbuzowo-r\u00f3\u017cowa lemoniada<\/p>\n<p>4.Niebieski Razz Wi\u015bnia i Cool Mint &amp; Peach Mango<\/p>\n<p>5. Owoce tropikalne i truskawka, arbuz i brzoskwinia cytrynowa<\/p>\n<p>6.Ananas, kokos i truskawka, banan i niebieski Razz<\/p>\n<p>7. L\u00f3d truskawkowo-waniliowy i brzoskwiniowy oraz l\u00f3d czarnego smoka<\/p>\n<p>8. Bujny l\u00f3d i kiwi, marakuja, gujawa i s\u0142omkowe mango<\/p>\n<p>9. Truskawkowy arbuz i l\u00f3d arbuzowy oraz niebieski l\u00f3d Razz<\/p>\n<p>10.Lemoniada jagodowa i truskawkowa Pompka Red Bull i truskawkowa<\/p>\n<p>11.Podw\u00f3jne jab\u0142ko, owocowa fuzja i l\u00f3d ananasowy<\/p>\n<p>12.Cola lodowa i Mr Blue &amp; Cherry Cola<img loading=\"lazy\" decoding=\"async\" class=\"alignnone wp-image-6991 size-full\" src=\"https:\/\/pgvape.com\/wp-content\/uploads\/2025\/11\/pgvape-Bang-King-Triple-100K-Puffs-Christmas-Special-3.png\" alt=\"Dwana\u015bcie jednorazowych urz\u0105dze\u0144 do waporyzacji w jaskrawych kolorach, u\u0142o\u017conych w dw\u00f3ch rz\u0119dach pod du\u017cym nag\u0142\u00f3wkiem &quot;3 w 1&quot; i &quot;12 smak\u00f3w&quot;, przy czym ka\u017cda tuba zawiera niepowtarzaln\u0105 ilustracj\u0119 \u015bwi\u0105teczn\u0105 lub owocow\u0105 oraz nazw\u0119 smaku z ma\u0142ymi ikonami specyfikacji (Typ-C, 600 mAh, 24 ml \u00d7 3) u g\u00f3ry.\" width=\"1500\" height=\"1305\" srcset=\"https:\/\/pgvape.com\/wp-content\/uploads\/2025\/11\/pgvape-Bang-King-Triple-100K-Puffs-Christmas-Special-3.png 1500w, https:\/\/pgvape.com\/wp-content\/uploads\/2025\/11\/pgvape-Bang-King-Triple-100K-Puffs-Christmas-Special-3-414x360.png 414w, https:\/\/pgvape.com\/wp-content\/uploads\/2025\/11\/pgvape-Bang-King-Triple-100K-Puffs-Christmas-Special-3-595x518.png 595w, https:\/\/pgvape.com\/wp-content\/uploads\/2025\/11\/pgvape-Bang-King-Triple-100K-Puffs-Christmas-Special-3-400x348.png 400w, https:\/\/pgvape.com\/wp-content\/uploads\/2025\/11\/pgvape-Bang-King-Triple-100K-Puffs-Christmas-Special-3-768x668.png 768w, https:\/\/pgvape.com\/wp-content\/uploads\/2025\/11\/pgvape-Bang-King-Triple-100K-Puffs-Christmas-Special-3-14x12.png 14w, https:\/\/pgvape.com\/wp-content\/uploads\/2025\/11\/pgvape-Bang-King-Triple-100K-Puffs-Christmas-Special-3-600x522.png 600w\" sizes=\"auto, (max-width: 1500px) 100vw, 1500px\" \/><\/p>\n<p>&nbsp;<\/p>\n<h3><span style=\"font-size: 90%;\">\u015awi\u0105teczny specjalny teledysk Bang King Triple 100K Puffs<strong>:<\/strong><\/span><\/h3>\n<p>&nbsp;<\/p>\n<h2 class=\"header-vfC6AV auto-hide-last-sibling-br\"><span style=\"font-size: 90%;\">Cz\u0119sto zadawane pytania dotycz\u0105ce oferty \u015bwi\u0105tecznej Bang King Triple 100K Puffs<\/span><\/h2>\n<div class=\"auto-hide-last-sibling-br paragraph-pP9ZLC paragraph-element br-paragraph-space\">\n<p>\u2753Ile zaci\u0105gni\u0119\u0107 oferuje Bang King Triple 100K?<br \/>\n<span style=\"font-size: 14.4px;\">\u2705Wystarcza do 100 000 zaci\u0105gni\u0119\u0107, w zale\u017cno\u015bci od osobistych nawyk\u00f3w u\u017cytkowania.<\/span><\/p>\n<\/div>\n<div class=\"auto-hide-last-sibling-br paragraph-pP9ZLC paragraph-element br-paragraph-space\">\n<p>\u2753Robi to\u00a0<strong>Vape<\/strong>\u00a0Korzystanie z urz\u0105dzenia\u00a0<strong>Cewka siatkowa<\/strong>\u00a0Technologia?<br \/>\n<span style=\"font-size: 14.4px;\">\u2705Tak. <\/span><strong style=\"font-size: 14.4px;\">Cewka siatkowa<\/strong><span style=\"font-size: 14.4px;\">\u00a0Dla mocniejszej pary, szybszego ogrzewania i lepszej przejrzysto\u015bci smaku.<\/span><\/p>\n<\/div>\n<div class=\"auto-hide-last-sibling-br paragraph-pP9ZLC paragraph-element br-paragraph-space\">\n<p>\u2753Czy s\u0105 trzy smaki w jednym\u00a0<strong>Vape<\/strong>\u00a0Urz\u0105dzenie?<br \/>\n<span style=\"font-size: 14.4px;\">\u2705Tak. .<\/span><\/p>\n<\/div>\n<div class=\"auto-hide-last-sibling-br paragraph-pP9ZLC paragraph-element br-paragraph-space\">\n<p>\u2753Czy\u00a0<strong>Vape<\/strong>\u00a0Bateria urz\u0105dzenia nadaje si\u0119 do ponownego na\u0142adowania?<br \/>\n<span style=\"font-size: 14.4px;\">\u2705Tak, jest wyposa\u017cony w akumulator zapewniaj\u0105cy pe\u0142n\u0105 moc <\/span><strong style=\"font-size: 14.4px;\">E-ciecz<\/strong><span style=\"font-size: 14.4px;\">\u00a0Mo\u017cna wykorzysta\u0107 pojemno\u015b\u0107.<\/span><\/p>\n<\/div>\n<div class=\"auto-hide-last-sibling-br paragraph-pP9ZLC paragraph-element br-paragraph-space\">\n<p>\u2753Jak d\u0142ugo trwa\u00a0<strong>Vape<\/strong>\u00a0Urz\u0105dzenie ostatnie?<br \/>\n<span style=\"font-size: 14.4px;\">\u2705 D\u0142ugo\u015b\u0107 \u017cycia r\u00f3\u017cni si\u0119 w zale\u017cno\u015bci od cz\u0119stotliwo\u015bci zaci\u0105gania, ale w przypadku wi\u0119kszo\u015bci u\u017cytkownik\u00f3w zwykle trwa od tygodni do miesi\u0119cy.<\/span><\/p>\n<\/div>\n<div class=\"auto-hide-last-sibling-br paragraph-pP9ZLC paragraph-element br-paragraph-space\">\n<p>\u2753Czy The Bang King Triple 100K\u00a0<strong>Vape<\/strong>\u00a0Urz\u0105dzenie bezpieczne w u\u017cyciu?<br \/>\n<span style=\"font-size: 14.4px;\">\u2705Tak. <\/span><strong style=\"font-size: 14.4px;\">E-ciecz<\/strong><span style=\"font-size: 14.4px;\">\u00a0Sk\u0142adniki.<\/span><\/p>\n<\/div>\n<div class=\"auto-hide-last-sibling-br paragraph-pP9ZLC paragraph-element br-paragraph-space\">\u2753Czy mog\u0119 kupi\u0107 tylko kilka pozycji z zestawu upominkowego?<br \/>\n\u2705Nie, jest to \u015bwi\u0105teczny zestaw upominkowy z limitowanej edycji i nie mo\u017cna kupi\u0107 pojedynczych element\u00f3w. .<\/div>\n<div class=\"auto-hide-last-sibling-br paragraph-pP9ZLC paragraph-element br-paragraph-space\">\n<p>&nbsp;<\/p>\n<h3 id=\"brxe-najhln\" class=\"brxe-heading\">Cz\u0119sto zadawane pytania (FAQ)<\/h3>\n<div id=\"brxe-rajiac\" class=\"brxe-text\">\n<p><strong>P: Jakie metody p\u0142atno\u015bci akceptujecie?<\/strong><br \/>\nOdp.: Akceptujemy PayPal, Stripe, przelewy bankowe (obs\u0142ugiwane SEPA), g\u0142\u00f3wne karty kredytowe (Visa, MasterCard, American Express) i p\u0142atno\u015bci w kryptowalutach.<\/p>\n<p><strong>P: Jak d\u0142ugo trwa przygotowanie zam\u00f3wienia?<\/strong><br \/>\nOdp.: Przygotowanie zam\u00f3wienia zajmuje 1-3 dni robocze.<\/p>\n<p><strong>P: Jaki jest czas wysy\u0142ki?<\/strong><br \/>\nOdp.: Czas wysy\u0142ki wynosi 7-14 dni roboczych, w zale\u017cno\u015bci od Twojej lokalizacji.<\/p>\n<p><strong>P: Jak mog\u0119 \u015bledzi\u0107 moje zam\u00f3wienie?<\/strong><br \/>\nOdp.: Po wysy\u0142ce otrzymasz wiadomo\u015b\u0107 e-mail z potwierdzeniem i numerem przesy\u0142ki umo\u017cliwiaj\u0105cym \u015bledzenie w czasie rzeczywistym.<\/p>\n<p><strong>P: Jaka jest Twoja polityka zwrot\u00f3w?<\/strong><br \/>\nOdp.: Oferujemy 30-dniow\u0105 polityk\u0119 zwrot\u00f3w lub wymiany. .<\/p>\n<p><strong>P: Czy wyst\u0105pi\u0105 jakie\u015b problemy celne?<br \/>\n<\/strong>Obs\u0142ugujemy wszystkie procedury odprawy celnej, aby zapewni\u0107 Ci bezproblemow\u0105 obs\u0142ug\u0119. .<\/p>\n<p><strong>P: Jakie metody wysy\u0142ki s\u0105 stosowane?<\/strong><br \/>\nWsp\u00f3\u0142pracujemy z firmami UPS\/DHL\/FEDEX\/DPD itp. W zale\u017cno\u015bci od kraju dostawy wybierzemy odpowiedni\u0105 opcj\u0119 wysy\u0142ki, tak aby produkty dotar\u0142y do \u200b\u200bPa\u0144stwa najszybciej jak to mo\u017cliwe.<\/p>\n<p><a href=\"https:\/\/pgvape.com\/pl\/czesto-zadawane-pytania\/\">Kliknij tutaj, aby uzyska\u0107 wi\u0119cej cz\u0119sto zadawanych pyta\u0144<\/a><\/p>\n<p>Szanowni klienci, je\u015bli masz jakiekolwiek pytania dotycz\u0105ce zam\u00f3wienia lub przybycia towaru, skontaktuj si\u0119 z naszym dzia\u0142em obs\u0142ugi klienta. Dzi\u0119kuj\u0119!<\/p>\n<h3 data-sourcepos=\"73:1-73:21\"><strong data-sourcepos=\"73:7-73:21\">Skontaktuj si\u0119 z nami<\/strong><\/h3>\n<div id=\"text-2419739398\" class=\"text\">\n<p><strong data-sourcepos=\"75:3-75:12\">E-mail<\/strong>:\u00a0<a href=\"mailto:support@pgvape.com\"><strong>support@pgvape.com<\/strong><\/a><\/p>\n<p><strong data-sourcepos=\"76:3-76:15\">WhatsApp<\/strong>:\u00a0<a href=\"https:\/\/wa.me\/+8618128481258\"><strong>+86 18128481258<\/strong><\/a><br \/>\n<strong>(Odpowied\u017a w ci\u0105gu 24 godzin w dni robocze)<\/strong><\/p>\n<\/div>\n<h3><strong>Dzi\u0119kujemy za wybranie pgvape.com! .<\/strong><\/h3>\n<\/div>\n<\/div>","protected":false},"excerpt":{"rendered":"<p>Edycja \u015bwi\u0105teczna Bang King Triple 100K jest limitowana\u00a0<strong>Vape<\/strong>\u00a0Urz\u0105dzenie z 100 000 zaci\u0105gni\u0119\u0107, regulowany system smakowy 3 w 1 (3X24ml\u00a0<strong>E-ciecz<\/strong>),\u00a0<strong>Cewka siatkowa<\/strong>\u00a0Technologia, akumulator i \u015bwi\u0105teczny design \u2014 idealne na \u015bwi\u0105teczne prezenty i trwa\u0142e\u00a0<strong>Wapowanie<\/strong>\u00a0Rado\u015b\u0107.<\/p>","protected":false},"featured_media":6989,"comment_status":"open","ping_status":"closed","template":"","meta":{"_seopress_robots_primary_cat":"none","_seopress_titles_title":"","_seopress_titles_desc":"","_seopress_robots_index":""},"product_brand":[19,516],"product_cat":[170,18,515],"product_tag":[395,24,327,474,475],"class_list":{"0":"post-6985","1":"product","2":"type-product","3":"status-publish","4":"has-post-thumbnail","6":"product_brand-bang-king-vape","7":"product_brand-disposable-vape","8":"product_cat-100k-puffs-vape","9":"product_cat-bang-king-vape","10":"product_cat-disposable-vape","11":"product_tag-100k-puffs-vape","12":"product_tag-3-in-1-flavors","13":"product_tag-bang-king-triple","14":"product_tag-christmas-special","15":"product_tag-mtlmouth-to-lung","17":"first","18":"instock","19":"sale","20":"shipping-taxable","21":"purchasable","22":"product-type-variable"},"_links":{"self":[{"href":"https:\/\/pgvape.com\/pl\/wp-json\/wp\/v2\/product\/6985","targetHints":{"allow":["GET"]}}],"collection":[{"href":"https:\/\/pgvape.com\/pl\/wp-json\/wp\/v2\/product"}],"about":[{"href":"https:\/\/pgvape.com\/pl\/wp-json\/wp\/v2\/types\/product"}],"replies":[{"embeddable":true,"href":"https:\/\/pgvape.com\/pl\/wp-json\/wp\/v2\/comments?post=6985"}],"wp:featuredmedia":[{"embeddable":true,"href":"https:\/\/pgvape.com\/pl\/wp-json\/wp\/v2\/media\/6989"}],"wp:attachment":[{"href":"https:\/\/pgvape.com\/pl\/wp-json\/wp\/v2\/media?parent=6985"}],"wp:term":[{"taxonomy":"product_brand","embeddable":true,"href":"https:\/\/pgvape.com\/pl\/wp-json\/wp\/v2\/product_brand?post=6985"},{"taxonomy":"product_cat","embeddable":true,"href":"https:\/\/pgvape.com\/pl\/wp-json\/wp\/v2\/product_cat?post=6985"},{"taxonomy":"product_tag","embeddable":true,"href":"https:\/\/pgvape.com\/pl\/wp-json\/wp\/v2\/product_tag?post=6985"}],"curies":[{"name":"wp","href":"https:\/\/api.w.org\/{rel}","templated":true}]}}