{"id":6772,"date":"2025-11-18T10:43:49","date_gmt":"2025-11-18T10:43:49","guid":{"rendered":"https:\/\/pgvape.com\/?post_type=product&#038;p=6772"},"modified":"2026-03-15T13:32:42","modified_gmt":"2026-03-15T13:32:42","slug":"jnr-panda-25500-puffs-jednorazowy-vape-2x10ml-butelki-do-napelniania-vape-factory-direct","status":"publish","type":"product","link":"https:\/\/pgvape.com\/pl\/produkt\/jnr-panda-25500-puffs-jednorazowy-vape-2x10ml-butelki-do-napelniania-vape-factory-direct\/","title":{"rendered":"Jednorazowy waporyzator JNR PANDA 25500 Puffs \u2014 2 x 10 ml Butelki uzupe\u0142niaj\u0105ce Vape Factory Direct"},"content":{"rendered":"<p data-sourcepos=\"9:1-9:398\">Wejd\u017a do nowej generacji waporyzacji dzi\u0119ki <strong data-sourcepos=\"9:46-9:71\">Pufy JNR PANDA 25500<\/strong>, Ten innowacyjny jednorazowy i \u0142adowalny e-papieros przesuwa granice nawet do <strong data-sourcepos=\"9:189-9:205\">25 500 zaci\u0105gni\u0119\u0107<\/strong>, dzi\u0119ki innowacyjnemu systemowi zbiornika e-liquidu i wysokiej wydajno\u015bci <strong data-sourcepos=\"9:281-9:299\">Bateria 850 mAh<\/strong>. <strong data-sourcepos=\"11:72-11:85\">JNR PANDA<\/strong> integruje A <strong data-sourcepos=\"11:99-11:117\">Podw\u00f3jna cewka siatkowa<\/strong>, wielokolorowe \u015bwiat\u0142o oddechowe i wska\u017anik poziomu na\u0142adowania baterii.<\/p>\n<p>&nbsp;<\/p>\n<h2><span style=\"font-size: 90%;\">Jednorazowy waporyzator JNR PANDA 25500 Puffs <strong data-sourcepos=\"10:5-10:31\">Dane techniczne<\/strong><\/span><\/h2>\n<p><strong data-sourcepos=\"20:5-20:19\">Liczba puf\u00f3w<\/strong>: Oko\u0142o 25 500 zaci\u0105gni\u0119\u0107<\/p>\n<p><strong data-sourcepos=\"21:5-21:26\">Si\u0142a nikotyny<\/strong>: 2% (20 mg soli nikotyny)<\/p>\n<p><strong data-sourcepos=\"22:5-22:26\">W zestawie e-liquid<\/strong>:\u00a0<strong data-sourcepos=\"22:28-22:55\">2 butelki uzupe\u0142niaj\u0105ce o pojemno\u015bci 10 ml<\/strong><\/p>\n<p><strong data-sourcepos=\"23:5-23:16\">Bateria<\/strong>: 850 mAh, mo\u017cliwo\u015b\u0107 \u0142adowania przez\u00a0<strong data-sourcepos=\"23:43-23:58\">Port typu C<\/strong><\/p>\n<p><strong data-sourcepos=\"24:5-24:13\">Cewka<\/strong>:\u00a0<strong data-sourcepos=\"24:15-24:33\">Podw\u00f3jna cewka siatkowa<\/strong><\/p>\n<p><strong data-sourcepos=\"25:5-25:17\">Cechy<\/strong>: Inteligentny ekran baterii, wielokolorowa dioda LED oddychania<\/p>\n<p>&nbsp;<\/p>\n<h3><span style=\"font-size: 90%;\">Jednorazowy waporyzator JNR PANDA 25500 Puffs <strong data-sourcepos=\"22:5-22:20\">Lista smak\u00f3w<\/strong><\/span><\/h3>\n<p>1. Mro\u017cone dzikie jagody<\/p>\n<p>2.Jagoda Kwa\u015bna Malina<\/p>\n<p>3.Nowy lodowy arbuz<\/p>\n<p>4. Nowe podw\u00f3jne jab\u0142ko<\/p>\n<p>5.Nowa lodowa brzoskwinia<\/p>\n<p>6. Lodowa wi\u015bnia<\/p>\n<p>7. Lodowa Truskawka<\/p>\n<p>8. Arbuz Truskawka*<\/p>\n<p>9.Nowe Kiwi Truskawkowe*<\/p>\n<p>10.Wakacje*<img loading=\"lazy\" decoding=\"async\" class=\"alignnone wp-image-6785 size-full\" src=\"https:\/\/pgvape.com\/wp-content\/uploads\/2025\/11\/pgvape-JNR-PANDA-25500-Puffs-Disposable-Vape-5.png\" alt=\"Dziesi\u0119\u0107 kolorowych jednorazowych urz\u0105dze\u0144 do waporyzacji JNR Panda z metalowymi nak\u0142adkami ustawionych w szeregu na niebieskim tle pod nag\u0142\u00f3wkiem \u201cUwolnij swoj\u0105 ciekawo\u015b\u0107 smaku\u201d i \u201c25500 PUFFS\u201d, ka\u017cde urz\u0105dzenie oznaczone innym smakiem (Jagodowy Kwa\u015bny Malina, Wi\u015bniowy Ice, Podw\u00f3jne Jab\u0142ko, Peach Ice, Strawberry Kiwi, Arbuz Ice, Strawberry Ice, Strawberry Arbuz Ice, Summer Holiday, Wild Berries Ice).\" width=\"1920\" height=\"1080\" srcset=\"https:\/\/pgvape.com\/wp-content\/uploads\/2025\/11\/pgvape-JNR-PANDA-25500-Puffs-Disposable-Vape-5.png 1920w, https:\/\/pgvape.com\/wp-content\/uploads\/2025\/11\/pgvape-JNR-PANDA-25500-Puffs-Disposable-Vape-5-555x312.png 555w, https:\/\/pgvape.com\/wp-content\/uploads\/2025\/11\/pgvape-JNR-PANDA-25500-Puffs-Disposable-Vape-5-595x335.png 595w, https:\/\/pgvape.com\/wp-content\/uploads\/2025\/11\/pgvape-JNR-PANDA-25500-Puffs-Disposable-Vape-5-400x225.png 400w, https:\/\/pgvape.com\/wp-content\/uploads\/2025\/11\/pgvape-JNR-PANDA-25500-Puffs-Disposable-Vape-5-768x432.png 768w, https:\/\/pgvape.com\/wp-content\/uploads\/2025\/11\/pgvape-JNR-PANDA-25500-Puffs-Disposable-Vape-5-1536x864.png 1536w, https:\/\/pgvape.com\/wp-content\/uploads\/2025\/11\/pgvape-JNR-PANDA-25500-Puffs-Disposable-Vape-5-18x10.png 18w, https:\/\/pgvape.com\/wp-content\/uploads\/2025\/11\/pgvape-JNR-PANDA-25500-Puffs-Disposable-Vape-5-600x338.png 600w, https:\/\/pgvape.com\/wp-content\/uploads\/2025\/11\/pgvape-JNR-PANDA-25500-Puffs-Disposable-Vape-5-60x34.png 60w\" sizes=\"auto, (max-width: 1920px) 100vw, 1920px\" \/><\/p>\n<p>&nbsp;<\/p>\n<h3><span style=\"font-size: 90%;\">Jednorazowy waporyzator JNR PANDA 25500 Puffs <strong>Wideo<\/strong>:<\/span><\/h3>\n<p><iframe loading=\"lazy\" title=\"JNR PANDA 25500 Puffs Jednorazowy Vape 2x 10ml Butelki do nape\u0142niania Inteligentny ekran Vape Factory Direct pgvape\" width=\"1020\" height=\"574\" src=\"https:\/\/www.youtube.com\/embed\/KXyqSTl7o1M?feature=oembed\" frameborder=\"0\" allow=\"accelerometer; autoplay; clipboard-write; encrypted-media; gyroscope; picture-in-picture; web-share\" referrerpolicy=\"strict-origin-when-cross-origin\" allowfullscreen><\/iframe><\/p>\n<p>&nbsp;<\/p>\n<h2><span style=\"font-size: 90%;\">Cz\u0119sto zadawane pytania dotycz\u0105ce jednorazowego waporyzatora JNR PANDA 25500 Puffs<\/span><\/h2>\n<p data-sourcepos=\"40:1-41:147\">\u2753 <strong data-sourcepos=\"40:3-40:58\">Ile zaci\u0105gni\u0119\u0107 faktycznie zapewnia JNR PANDA?<br \/>\n<\/strong>\u2705Tak, poprzez swoj\u0105 innowacyjno\u015b\u0107 <strong data-sourcepos=\"41:31-41:72\">System podw\u00f3jnych zbiornik\u00f3w na e-liquid o pojemno\u015bci 2x10 ml<\/strong> i du\u017ca bateria, <strong data-sourcepos=\"41:96-41:109\">JNR PANDA<\/strong> zosta\u0142 zaprojektowany z my\u015bl\u0105 o wyj\u0105tkowej \u017cywotno\u015bci.<\/p>\n<p data-sourcepos=\"43:1-44:112\">\u2753 <strong data-sourcepos=\"43:3-43:58\">Jaki jest cel \u201c\u015awiat\u0142a oddychaj\u0105cego kolorami\u201d?<br \/>\n<\/strong> \u2705 Dynamicznie odzwierciedla stan baterii urz\u0105dzenia i tryb pracy, poprawiaj\u0105c interaktywne wra\u017cenia.<\/p>\n<p data-sourcepos=\"46:1-47:86\">\u2753 <strong data-sourcepos=\"46:3-46:34\">Jak na\u0142adowa\u0107 urz\u0105dzenie?<\/strong><br \/>\n\u2705Wystarczy pod\u0142\u0105czy\u0107 standard <strong data-sourcepos=\"47:29-47:45\">Kabel typu C<\/strong> do zasilacza lub portu USB komputera.<\/p>\n<p>&nbsp;<\/p>\n<h3 id=\"brxe-najhln\" class=\"brxe-heading\">Cz\u0119sto zadawane pytania (FAQ)<\/h3>\n<div id=\"brxe-rajiac\" class=\"brxe-text\">\n<p><strong>P: Jakie metody p\u0142atno\u015bci akceptujecie?<\/strong><br \/>\nOdp.: Akceptujemy PayPal, Stripe, przelewy bankowe (obs\u0142ugiwane SEPA), g\u0142\u00f3wne karty kredytowe (Visa, MasterCard, American Express) i p\u0142atno\u015bci w kryptowalutach.<\/p>\n<p><strong>P: Jak d\u0142ugo trwa przygotowanie zam\u00f3wienia?<\/strong><br \/>\nOdp.: Przygotowanie zam\u00f3wienia zajmuje 1-3 dni robocze.<\/p>\n<p><strong>P: Jaki jest czas wysy\u0142ki?<\/strong><br \/>\nOdp.: Czas wysy\u0142ki wynosi 7-14 dni roboczych, w zale\u017cno\u015bci od Twojej lokalizacji.<\/p>\n<p><strong>P: Jak mog\u0119 \u015bledzi\u0107 moje zam\u00f3wienie?<\/strong><br \/>\nOdp.: Po wysy\u0142ce otrzymasz wiadomo\u015b\u0107 e-mail z potwierdzeniem i numerem przesy\u0142ki umo\u017cliwiaj\u0105cym \u015bledzenie w czasie rzeczywistym.<\/p>\n<p><strong>P: Jaka jest Twoja polityka zwrot\u00f3w?<\/strong><br \/>\nOdp.: Oferujemy 30-dniow\u0105 polityk\u0119 zwrot\u00f3w lub wymiany. .<\/p>\n<p><strong>P: Czy wyst\u0105pi\u0105 jakie\u015b problemy celne?<br \/>\n<\/strong>Obs\u0142ugujemy wszystkie procedury odprawy celnej, aby zapewni\u0107 Ci bezproblemow\u0105 obs\u0142ug\u0119. .<\/p>\n<p><strong>P: Jakie metody wysy\u0142ki s\u0105 stosowane?<\/strong><br \/>\nWsp\u00f3\u0142pracujemy z firmami UPS\/DHL\/FEDEX\/DPD itp. W zale\u017cno\u015bci od kraju dostawy wybierzemy odpowiedni\u0105 opcj\u0119 wysy\u0142ki, tak aby produkty dotar\u0142y do \u200b\u200bPa\u0144stwa najszybciej jak to mo\u017cliwe.<\/p>\n<p><a href=\"https:\/\/pgvape.com\/pl\/czesto-zadawane-pytania\/\">Kliknij tutaj, aby uzyska\u0107 wi\u0119cej cz\u0119sto zadawanych pyta\u0144<\/a><\/p>\n<p>Szanowni klienci, je\u015bli masz jakiekolwiek pytania dotycz\u0105ce zam\u00f3wienia lub przybycia towaru, skontaktuj si\u0119 z naszym dzia\u0142em obs\u0142ugi klienta. Dzi\u0119kuj\u0119!<\/p>\n<h3 data-sourcepos=\"73:1-73:21\"><strong data-sourcepos=\"73:7-73:21\">Skontaktuj si\u0119 z nami<\/strong><\/h3>\n<div id=\"text-2419739398\" class=\"text\">\n<p><strong data-sourcepos=\"75:3-75:12\">E-mail<\/strong>:\u00a0<a href=\"mailto:support@pgvape.com\"><strong>support@pgvape.com<\/strong><\/a><\/p>\n<p><strong data-sourcepos=\"76:3-76:15\">WhatsApp<\/strong>:\u00a0<a href=\"https:\/\/wa.me\/+8618128481258\"><strong>+86 18128481258<\/strong><\/a><br \/>\n<strong>(Odpowied\u017a w ci\u0105gu 24 godzin w dni robocze)<\/strong><\/p>\n<\/div>\n<h3><strong>Dzi\u0119kujemy za wybranie pgvape.com! .<\/strong><\/h3>\n<\/div>","protected":false},"excerpt":{"rendered":"<p>Wysokowydajny jednorazowy waporyzator oferuj\u0105cy ok <strong data-sourcepos=\"23:59-23:75\">25 500 zaci\u0105gni\u0119\u0107<\/strong>. <strong data-sourcepos=\"23:90-23:100\">850 mAh<\/strong> akumulator z \u0142adowaniem typu C, a <strong data-sourcepos=\"23:133-23:151\">Podw\u00f3jna cewka siatkowa<\/strong>, I <strong data-sourcepos=\"23:157-23:177\">S\u00f3l nikotynowa 2%<\/strong> e-liquid zapewniaj\u0105cy bogaty smak i g\u0142adkie uderzenie. <strong data-sourcepos=\"23:232-23:256\">inteligentny ekran baterii<\/strong> i wielokolorowy wska\u017anik LED informuj\u0105 Ci\u0119 o stanie zasilania, co czyni go idealnym wyborem dla u\u017cytkownik\u00f3w, dla kt\u00f3rych priorytetem jest wygoda i wydajno\u015b\u0107.<\/p>","protected":false},"featured_media":6781,"comment_status":"open","ping_status":"closed","template":"","meta":{"_seopress_robots_primary_cat":"none","_seopress_titles_title":"","_seopress_titles_desc":"","_seopress_robots_index":""},"product_brand":[516,228],"product_cat":[470,515,29],"product_tag":[473,472,90,471,136,204],"class_list":{"0":"post-6772","1":"product","2":"type-product","3":"status-publish","4":"has-post-thumbnail","6":"product_brand-disposable-vape","7":"product_brand-jnr-vape","8":"product_cat-25-5k-puffs-vape","9":"product_cat-disposable-vape","10":"product_cat-jnr-vape","11":"product_tag-2-x-10ml-refill-bottles","12":"product_tag-25-5k-puffs-vape","13":"product_tag-disposable-vape","14":"product_tag-jnr-panda-25500","15":"product_tag-smart-screen","16":"product_tag-vape-factory-direct","18":"first","19":"instock","20":"sale","21":"shipping-taxable","22":"purchasable","23":"product-type-variable"},"_links":{"self":[{"href":"https:\/\/pgvape.com\/pl\/wp-json\/wp\/v2\/product\/6772","targetHints":{"allow":["GET"]}}],"collection":[{"href":"https:\/\/pgvape.com\/pl\/wp-json\/wp\/v2\/product"}],"about":[{"href":"https:\/\/pgvape.com\/pl\/wp-json\/wp\/v2\/types\/product"}],"replies":[{"embeddable":true,"href":"https:\/\/pgvape.com\/pl\/wp-json\/wp\/v2\/comments?post=6772"}],"wp:featuredmedia":[{"embeddable":true,"href":"https:\/\/pgvape.com\/pl\/wp-json\/wp\/v2\/media\/6781"}],"wp:attachment":[{"href":"https:\/\/pgvape.com\/pl\/wp-json\/wp\/v2\/media?parent=6772"}],"wp:term":[{"taxonomy":"product_brand","embeddable":true,"href":"https:\/\/pgvape.com\/pl\/wp-json\/wp\/v2\/product_brand?post=6772"},{"taxonomy":"product_cat","embeddable":true,"href":"https:\/\/pgvape.com\/pl\/wp-json\/wp\/v2\/product_cat?post=6772"},{"taxonomy":"product_tag","embeddable":true,"href":"https:\/\/pgvape.com\/pl\/wp-json\/wp\/v2\/product_tag?post=6772"}],"curies":[{"name":"wp","href":"https:\/\/api.w.org\/{rel}","templated":true}]}}