{"id":6733,"date":"2025-11-18T09:04:43","date_gmt":"2025-11-18T09:04:43","guid":{"rendered":"https:\/\/pgvape.com\/?post_type=product&#038;p=6733"},"modified":"2026-03-15T13:15:56","modified_gmt":"2026-03-15T13:15:56","slug":"jnr-aurora-27000-27k-zaciagniec-jednorazowy-vape-tpd-certyfikowany-system-kapsulek-z-mozliwoscia-ponownego-napelniania-vape-factory-direct","status":"publish","type":"product","link":"https:\/\/pgvape.com\/pl\/produkt\/jnr-aurora-27000-27k-zaciagniec-jednorazowy-vape-tpd-certyfikowany-system-kapsulek-z-mozliwoscia-ponownego-napelniania-vape-factory-direct\/","title":{"rendered":"JNR Aurora 27000 27K Puffs Jednorazowy Vape Certyfikat TPD System kapsu\u0142 z mo\u017cliwo\u015bci\u0105 ponownego nape\u0142niania Vape Factory Direct"},"content":{"rendered":"<p>Poznaj najwy\u017csz\u0105 innowacj\u0119 w Vapingu dzi\u0119ki <strong data-sourcepos=\"5:55-5:77\">Zestaw kapsu\u0142y JNR Aurora<\/strong>. <strong data-sourcepos=\"5:93-5:112\">Jednorazowy Vape<\/strong> Mieszanki niezr\u00f3wnane <strong data-sourcepos=\"5:130-5:147\">Pojemno\u015b\u0107 zaci\u0105gni\u0119cia<\/strong> Z ekologicznym designem. <strong data-sourcepos=\"5:196-5:214\">Wst\u0119pnie nape\u0142niony zasobnik<\/strong> i A <strong data-sourcepos=\"5:221-5:242\">Butelka wielokrotnego u\u017cytku<\/strong> Do elastycznego u\u017cytkowania. .<\/p>\n<p>&nbsp;<\/p>\n<h2><span style=\"font-size: 90%;\">JNR Aurora 27000 | 27K Puff Jednorazowy Vape <strong data-sourcepos=\"10:5-10:31\">Dane techniczneSzczeg\u00f3\u0142y funkcji<\/strong><\/span><\/h2>\n<p><strong><span style=\"font-size: 90%;\">Wydajno\u015b\u0107 zaci\u0105gni\u0119cia do 27 000 zaci\u0105gni\u0119\u0107<\/span><\/strong><\/p>\n<p><strong><span style=\"font-size: 90%;\">Si\u0142a nikotyny 2% (20 mg soli nikotyny)<\/span><\/strong><\/p>\n<p><strong><span style=\"font-size: 90%;\">Pojemno\u015b\u0107 e-liquidu 2 ml fabrycznie nape\u0142niona kapsu\u0142ka + 10 ml butelka uzupe\u0142niaj\u0105ca<\/span><\/strong><\/p>\n<p><strong><span style=\"font-size: 90%;\">Bateria 900 mAh, \u0142adowalna (typ C)<\/span><\/strong><\/p>\n<p><strong><span style=\"font-size: 90%;\">Cewka Podw\u00f3jna cewka siatkowa (1,0 \u03a9)<\/span><\/strong><\/p>\n<p><strong><span style=\"font-size: 90%;\">Wy\u015bwietl inteligentny ekran ze wska\u017anikami LED<\/span><\/strong><\/p>\n<p><strong><span style=\"font-size: 90%;\">\u0141adowanie Szybkie \u0142adowanie typu C<\/span><\/strong><\/p>\n<p><strong><span style=\"font-size: 90%;\">Certyfikat Zgodny z TPD<\/span><\/strong><\/p>\n<p>&nbsp;<\/p>\n<h3><span style=\"font-size: 90%;\">JNR Aurora 27000 | 27K Puff Jednorazowy Vape <strong data-sourcepos=\"22:5-22:20\">Lista smak\u00f3w<\/strong><\/span><\/h3>\n<p>1. Jagoda Czerwona Malina<\/p>\n<p>2. Kiwi z marakuji<\/p>\n<p>3.L\u00f3d arbuzowo-truskawkowy<\/p>\n<p>4. L\u00f3d arbuzowy<\/p>\n<p>5. Mieszane jagody<\/p>\n<p>6. Niebieska wi\u015bnia Razz<\/p>\n<p>7. Letni l\u00f3d brzoskwiniowy<\/p>\n<p>8. L\u00f3d Truskawkowy<\/p>\n<p>9. Gazowana cola wi\u015bniowa<\/p>\n<p>10.Arbuzowa guma balonowa<\/p>\n<p>11. Jagoda brzoskwiniowa<\/p>\n<p>12. Wi\u015bniowy zamro\u017cony arbuz<\/p>\n<p>13.L\u00f3d z jagodami i granatami<\/p>\n<p>14.Truskawkowe Kiwi<\/p>\n<p>15.Jagoda Malina Wi\u015bnia<img loading=\"lazy\" decoding=\"async\" class=\"alignnone wp-image-7339 size-full\" src=\"https:\/\/pgvape.com\/wp-content\/uploads\/2025\/11\/JNR-Aurora-27000-Puff-Disposable-Vape-pgvape-4.png\" alt=\"Baner promocyjny dla JNR przedstawiaj\u0105cy kolorowy zestaw 15 metalowych jednorazowych urz\u0105dze\u0144 do waporyzacji ustawionych w rz\u0119dach na tle g\u00f3rskim przypominaj\u0105cym zorz\u0119 polarn\u0105, z pogrubionym nag\u0142\u00f3wkiem &#039;15 ekscytuj\u0105cych nowych smak\u00f3w!&#039;, notatk\u0105 &#039;Oko\u0142o 27 000 zaci\u0105gni\u0119\u0107&#039; i nazwami smak\u00f3w pod ka\u017cdym urz\u0105dzeniem.\" width=\"1920\" height=\"1080\" srcset=\"https:\/\/pgvape.com\/wp-content\/uploads\/2025\/11\/JNR-Aurora-27000-Puff-Disposable-Vape-pgvape-4.png 1920w, https:\/\/pgvape.com\/wp-content\/uploads\/2025\/11\/JNR-Aurora-27000-Puff-Disposable-Vape-pgvape-4-555x312.png 555w, https:\/\/pgvape.com\/wp-content\/uploads\/2025\/11\/JNR-Aurora-27000-Puff-Disposable-Vape-pgvape-4-595x335.png 595w, https:\/\/pgvape.com\/wp-content\/uploads\/2025\/11\/JNR-Aurora-27000-Puff-Disposable-Vape-pgvape-4-400x225.png 400w, https:\/\/pgvape.com\/wp-content\/uploads\/2025\/11\/JNR-Aurora-27000-Puff-Disposable-Vape-pgvape-4-768x432.png 768w, https:\/\/pgvape.com\/wp-content\/uploads\/2025\/11\/JNR-Aurora-27000-Puff-Disposable-Vape-pgvape-4-1536x864.png 1536w, https:\/\/pgvape.com\/wp-content\/uploads\/2025\/11\/JNR-Aurora-27000-Puff-Disposable-Vape-pgvape-4-18x10.png 18w, https:\/\/pgvape.com\/wp-content\/uploads\/2025\/11\/JNR-Aurora-27000-Puff-Disposable-Vape-pgvape-4-600x338.png 600w\" sizes=\"auto, (max-width: 1920px) 100vw, 1920px\" \/><\/p>\n<p>&nbsp;<\/p>\n<h3><span style=\"font-size: 90%;\">JNR Aurora 27000 | 27K Puff Jednorazowy Vape <strong>Wideo<\/strong>:<\/span><\/h3>\n<p><iframe loading=\"lazy\" title=\"JNR Aurora 27K Puffs Jednorazowy Vape Certyfikat TPD System kapsu\u0142 z mo\u017cliwo\u015bci\u0105 ponownego nape\u0142niania Vape Factory Direct pgvape\" width=\"1020\" height=\"574\" src=\"https:\/\/www.youtube.com\/embed\/1x1PTYH79CA?feature=oembed\" frameborder=\"0\" allow=\"accelerometer; autoplay; clipboard-write; encrypted-media; gyroscope; picture-in-picture; web-share\" referrerpolicy=\"strict-origin-when-cross-origin\" allowfullscreen><\/iframe><\/p>\n<p>&nbsp;<\/p>\n<h2><span style=\"font-size: 90%;\">Cz\u0119sto zadawane pytania dotycz\u0105ce JNR Aurora 27000 | 27K Puff Jednorazowy waporyzator<\/span><\/h2>\n<p data-sourcepos=\"49:1-50:121\">\u2753 <strong data-sourcepos=\"49:3-49:42\">Czy to urz\u0105dzenie ma naprawd\u0119 certyfikat TPD?<\/strong><br \/>\n\u2705Tak, <strong data-sourcepos=\"50:12-50:26\">JNR Aurora<\/strong> jest w pe\u0142ni <strong data-sourcepos=\"50:36-50:53\">Certyfikat TPD<\/strong>, spe\u0142niaj\u0105c wszystkie regulacje UE dotycz\u0105ce bezpiecznej i legalnej dystrybucji.<\/p>\n<p data-sourcepos=\"52:1-53:96\">\u2753 <strong data-sourcepos=\"52:3-52:35\">Co znajduje si\u0119 w pude\u0142ku?<\/strong><br \/>\n\u2705 Ka\u017cdy zestaw zawiera g\u0142\u00f3wny korpus urz\u0105dzenia, jeden <strong data-sourcepos=\"53:47-53:64\">Wst\u0119pnie nape\u0142niony zasobnik<\/strong>, i jeden <strong data-sourcepos=\"53:74-53:95\">Butelka wielokrotnego u\u017cytku<\/strong>.<\/p>\n<p data-sourcepos=\"55:1-56:122\">\u2753 <strong data-sourcepos=\"55:3-55:43\">Jak dzia\u0142a system wielokrotnego nape\u0142niania?<\/strong><br \/>\n\u2705 Zacznij od <strong data-sourcepos=\"56:18-56:39\">Fabrycznie nape\u0142niona kapsu\u0142ka o pojemno\u015bci 2 ml<\/strong>, a nast\u0119pnie u\u017cyj dostarczonego <strong data-sourcepos=\"56:63-56:78\">Butelka 10 ml<\/strong> aby r\u0119cznie nape\u0142ni\u0107 t\u0119 sam\u0105 kapsu\u0142\u0119, gdy jest pusta.<\/p>\n<p data-sourcepos=\"61:1-62:127\">\u2753 <strong data-sourcepos=\"61:3-61:45\">Kto jest idealnym u\u017cytkownikiem tego urz\u0105dzenia?<br \/>\n<\/strong> \u2705 Jest idealny dla waper\u00f3w poszukuj\u0105cych <strong data-sourcepos=\"62:37-62:60\">Urz\u0105dzenie o d\u0142ugiej \u017cywotno\u015bci<\/strong> z dodatkow\u0105 zalet\u0105 A <strong data-sourcepos=\"62:89-62:110\">Opcja wielokrotnego nape\u0142niania<\/strong> aby zmniejszy\u0107 ilo\u015b\u0107 odpad\u00f3w.<\/p>\n<p data-sourcepos=\"40:1-41:184\">\u2753 <strong data-sourcepos=\"40:3-40:67\">Co odr\u00f3\u017cnia to urz\u0105dzenie od tradycyjnych wyrob\u00f3w jednorazowego u\u017cytku?<\/strong><br \/>\n\u2705 Zachowuj\u0105c wygod\u0119 jednorazowego u\u017cytku, wprowadza produkt przyjazny dla \u015brodowiska <strong data-sourcepos=\"41:75-41:99\">Komponent do wielokrotnego nape\u0142niania<\/strong> Znacz\u0105co mniejsze oddzia\u0142ywanie na \u015brodowisko w por\u00f3wnaniu ze standardowymi urz\u0105dzeniami jednorazowego u\u017cytku.<\/p>\n<p data-sourcepos=\"43:1-44:114\">\u2753 <strong data-sourcepos=\"43:3-43:59\">W jaki spos\u00f3b wy\u015bwietlacz poprawia og\u00f3lne wra\u017cenia?<\/strong><br \/>\n\u2705 Inteligentny interfejs stale monitoruje podstawowe wska\u017aniki, takie jak pozosta\u0142a p\u0142ynno\u015b\u0107 i aktualny poziom mocy<\/p>\n<p data-sourcepos=\"46:1-47:78\">\u2753 <strong data-sourcepos=\"46:3-46:39\">Czy wymagana jest specjalna konserwacja?<br \/>\n<\/strong> \u2705 Rutynowe czyszczenie pomi\u0119dzy uzupe\u0142nieniami maksymalizuje wydajno\u015b\u0107 i integralno\u015b\u0107 smaku<\/p>\n<p>&nbsp;<\/p>\n<h3 id=\"brxe-najhln\" class=\"brxe-heading\">Cz\u0119sto zadawane pytania (FAQ)<\/h3>\n<div id=\"brxe-rajiac\" class=\"brxe-text\">\n<p><strong>P: Jakie metody p\u0142atno\u015bci akceptujecie?<\/strong><br \/>\nOdp.: Akceptujemy PayPal, Stripe, przelewy bankowe (obs\u0142ugiwane SEPA), g\u0142\u00f3wne karty kredytowe (Visa, MasterCard, American Express) i p\u0142atno\u015bci w kryptowalutach.<\/p>\n<p><strong>P: Jak d\u0142ugo trwa przygotowanie zam\u00f3wienia?<\/strong><br \/>\nOdp.: Przygotowanie zam\u00f3wienia zajmuje 1-3 dni robocze.<\/p>\n<p><strong>P: Jaki jest czas wysy\u0142ki?<\/strong><br \/>\nOdp.: Czas wysy\u0142ki wynosi 7-14 dni roboczych, w zale\u017cno\u015bci od Twojej lokalizacji.<\/p>\n<p><strong>P: Jak mog\u0119 \u015bledzi\u0107 moje zam\u00f3wienie?<\/strong><br \/>\nOdp.: Po wysy\u0142ce otrzymasz wiadomo\u015b\u0107 e-mail z potwierdzeniem i numerem przesy\u0142ki umo\u017cliwiaj\u0105cym \u015bledzenie w czasie rzeczywistym.<\/p>\n<p><strong>P: Jaka jest Twoja polityka zwrot\u00f3w?<\/strong><br \/>\nOdp.: Oferujemy 30-dniow\u0105 polityk\u0119 zwrot\u00f3w lub wymiany. .<\/p>\n<p><strong>P: Czy wyst\u0105pi\u0105 jakie\u015b problemy celne?<br \/>\n<\/strong>Obs\u0142ugujemy wszystkie procedury odprawy celnej, aby zapewni\u0107 Ci bezproblemow\u0105 obs\u0142ug\u0119. .<\/p>\n<p><strong>P: Jakie metody wysy\u0142ki s\u0105 stosowane?<\/strong><br \/>\nWsp\u00f3\u0142pracujemy z firmami UPS\/DHL\/FEDEX\/DPD itp. W zale\u017cno\u015bci od kraju dostawy wybierzemy odpowiedni\u0105 opcj\u0119 wysy\u0142ki, tak aby produkty dotar\u0142y do \u200b\u200bPa\u0144stwa najszybciej jak to mo\u017cliwe.<\/p>\n<p><a href=\"https:\/\/pgvape.com\/pl\/czesto-zadawane-pytania\/\">Kliknij tutaj, aby uzyska\u0107 wi\u0119cej cz\u0119sto zadawanych pyta\u0144<\/a><\/p>\n<p>Szanowni klienci, je\u015bli masz jakiekolwiek pytania dotycz\u0105ce zam\u00f3wienia lub przybycia towaru, skontaktuj si\u0119 z naszym dzia\u0142em obs\u0142ugi klienta. Dzi\u0119kuj\u0119!<\/p>\n<h3 data-sourcepos=\"73:1-73:21\"><strong data-sourcepos=\"73:7-73:21\">Skontaktuj si\u0119 z nami<\/strong><\/h3>\n<div id=\"text-2419739398\" class=\"text\">\n<p><strong data-sourcepos=\"75:3-75:12\">E-mail<\/strong>:\u00a0<a href=\"mailto:support@pgvape.com\"><strong>support@pgvape.com<\/strong><\/a><\/p>\n<p><strong data-sourcepos=\"76:3-76:15\">WhatsApp<\/strong>:\u00a0<a href=\"https:\/\/wa.me\/+8618128481258\"><strong>+86 18128481258<\/strong><\/a><br \/>\n<strong>(Odpowied\u017a w ci\u0105gu 24 godzin w dni robocze)<\/strong><\/p>\n<\/div>\n<h3><strong>Dzi\u0119kujemy za wybranie pgvape.com! .<\/strong><\/h3>\n<\/div>","protected":false},"excerpt":{"rendered":"<p><strong>Kolorowe \u015bwiat\u0142o oddechowe:<\/strong>\u00a0Kolorowe, oddychaj\u0105ce \u015bwiat\u0142o dodaje odrobin\u0119 elegancji, dzi\u0119ki dynamicznym efektom wizualnym ka\u017cde zaci\u0105gni\u0119cie si\u0119 staje si\u0119 bardziej ekscytuj\u0105ce.<br \/>\n<strong>Wymienny zestaw kapsu\u0142:<\/strong>\u00a0Ciesz si\u0119 tym, co najlepsze z obu \u015bwiat\u00f3w dzi\u0119ki fabrycznie nape\u0142nionej kapsu\u0142ce o pojemno\u015bci 2 ml i butelce wielokrotnego u\u017cytku o pojemno\u015bci 10 ml, kt\u00f3re zapewniaj\u0105 elastyczno\u015b\u0107 i d\u0142u\u017csze u\u017cytkowanie, zapewniaj\u0105c satysfakcjonuj\u0105ce wra\u017cenia.<br \/>\n<strong><b>Waporyzator z certyfikatem TPD:<\/b><\/strong>\u00a0\u00a0Certyfikat TPD potwierdzaj\u0105cy bezpiecze\u0144stwo i zgodno\u015b\u0107, zapewniaj\u0105cy pewno\u015b\u0107 waporyzacji zgodnie z najwy\u017cszymi standardami.<\/p>\n<p>&nbsp;<\/p>","protected":false},"featured_media":7336,"comment_status":"open","ping_status":"closed","template":"","meta":{"_seopress_robots_primary_cat":"none","_seopress_titles_title":"","_seopress_titles_desc":"","_seopress_robots_index":""},"product_brand":[516,228],"product_cat":[469,515,29],"product_tag":[],"class_list":{"0":"post-6733","1":"product","2":"type-product","3":"status-publish","4":"has-post-thumbnail","6":"product_brand-disposable-vape","7":"product_brand-jnr-vape","8":"product_cat-27k-puffs-vape","9":"product_cat-disposable-vape","10":"product_cat-jnr-vape","12":"first","13":"instock","14":"sale","15":"shipping-taxable","16":"purchasable","17":"product-type-variable"},"_links":{"self":[{"href":"https:\/\/pgvape.com\/pl\/wp-json\/wp\/v2\/product\/6733","targetHints":{"allow":["GET"]}}],"collection":[{"href":"https:\/\/pgvape.com\/pl\/wp-json\/wp\/v2\/product"}],"about":[{"href":"https:\/\/pgvape.com\/pl\/wp-json\/wp\/v2\/types\/product"}],"replies":[{"embeddable":true,"href":"https:\/\/pgvape.com\/pl\/wp-json\/wp\/v2\/comments?post=6733"}],"wp:featuredmedia":[{"embeddable":true,"href":"https:\/\/pgvape.com\/pl\/wp-json\/wp\/v2\/media\/7336"}],"wp:attachment":[{"href":"https:\/\/pgvape.com\/pl\/wp-json\/wp\/v2\/media?parent=6733"}],"wp:term":[{"taxonomy":"product_brand","embeddable":true,"href":"https:\/\/pgvape.com\/pl\/wp-json\/wp\/v2\/product_brand?post=6733"},{"taxonomy":"product_cat","embeddable":true,"href":"https:\/\/pgvape.com\/pl\/wp-json\/wp\/v2\/product_cat?post=6733"},{"taxonomy":"product_tag","embeddable":true,"href":"https:\/\/pgvape.com\/pl\/wp-json\/wp\/v2\/product_tag?post=6733"}],"curies":[{"name":"wp","href":"https:\/\/api.w.org\/{rel}","templated":true}]}}