{"id":672,"date":"2025-09-25T11:05:00","date_gmt":"2025-09-25T11:05:00","guid":{"rendered":"https:\/\/pgvape.com\/?post_type=product&#038;p=672"},"modified":"2025-12-15T13:40:20","modified_gmt":"2025-12-15T13:40:20","slug":"bang-king-ice-cool-60000-60k-zaciagniec-regulowany-poziom-lodu-jednorazowy-vape-z-ekranem-led-vape-factory-direct","status":"publish","type":"product","link":"https:\/\/pgvape.com\/pl\/produkt\/bang-king-ice-cool-60000-60k-zaciagniec-regulowany-poziom-lodu-jednorazowy-vape-z-ekranem-led-vape-factory-direct\/","title":{"rendered":"Bang King Ice Cool 60000 60k Puffs Regulowany poziom lodu Jednorazowy Vape Z ekranem LED Vape Factory Direct"},"content":{"rendered":"<p><strong data-sourcepos=\"6:5-6:55\">Jednorazowy Vape Bang King Ice Cool 60000 Puffs<\/strong><span class=\"CustomP_animated_char__m3r9w\">\u00a0<\/span><span class=\"CustomP_animated_char__m3r9w\">dostarcza<\/span><span class=\"CustomP_animated_char__m3r9w\">\u00a0<\/span><strong data-sourcepos=\"6:65-6:91\">ostateczne dostosowanie<\/strong> z <strong data-sourcepos=\"6:97-6:124\">5 regulowanych poziom\u00f3w lodu<\/strong>, <strong data-sourcepos=\"6:126-6:142\">60 000 zaci\u0105gni\u0119\u0107<\/strong>, I <strong data-sourcepos=\"6:148-6:177\">Opcje nikotynowe 2%\/3%\/5%<\/strong>. <strong data-sourcepos=\"6:191-6:209\">Cewka siatkowa 1,0 \u03a9<\/strong> dla bogatego smaku, <strong data-sourcepos=\"6:227-6:253\">Pojemno\u015b\u0107 e-liquidu 25 ml<\/strong>, i <strong data-sourcepos=\"6:262-6:293\">Akumulator o pojemno\u015bci 850 mAh<\/strong> z <strong data-sourcepos=\"6:299-6:318\">\u0141adowanie typu C<\/strong><span class=\"CustomP_animated_char__m3r9w\">,<\/span><span class=\"CustomP_animated_char__m3r9w\">\u00a0<\/span><span class=\"CustomP_animated_char__m3r9w\">To<\/span><span class=\"CustomP_animated_char__m3r9w\">\u2019<\/span><span class=\"CustomP_animated_char__m3r9w\">S<\/span><span class=\"CustomP_animated_char__m3r9w\">\u00a0<\/span><span class=\"CustomP_animated_char__m3r9w\">wybudowany<\/span><span class=\"CustomP_animated_char__m3r9w\">\u00a0<\/span><span class=\"CustomP_animated_char__m3r9w\">Do<\/span><span class=\"CustomP_animated_char__m3r9w\">\u00a0<\/span><span class=\"CustomP_animated_char__m3r9w\">wydajno\u015b\u0107<\/span><span class=\"CustomP_animated_char__m3r9w\">.<\/span><span class=\"CustomP_animated_char__m3r9w\">\u00a0<\/span><span class=\"CustomP_animated_char__m3r9w\">The<\/span><span class=\"CustomP_animated_char__m3r9w\">\u00a0<\/span><strong data-sourcepos=\"6:352-6:366\">Ekran LED<\/strong> \u015bledzi liczb\u0119 zaci\u0105gni\u0119\u0107, bateri\u0119 i intensywno\u015b\u0107 ch\u0142odzenia w czasie rzeczywistym. <strong data-sourcepos=\"6:440-6:461\">10 sztuk w pude\u0142ku<\/strong> z <strong data-sourcepos=\"6:467-6:485\">12 lodowych smak\u00f3w<\/strong><span class=\"CustomP_animated_char__m3r9w\">,<\/span><span class=\"CustomP_animated_char__m3r9w\">\u00a0<\/span><span class=\"CustomP_animated_char__m3r9w\">To<\/span><span class=\"CustomP_animated_char__m3r9w\">\u2019<\/span><span class=\"CustomP_animated_char__m3r9w\">S<\/span><span class=\"CustomP_animated_char__m3r9w\">\u00a0<\/span><span class=\"CustomP_animated_char__m3r9w\">doskona\u0142y<\/span><span class=\"CustomP_animated_char__m3r9w\">\u00a0<\/span><span class=\"CustomP_animated_char__m3r9w\">Do<\/span><span class=\"CustomP_animated_char__m3r9w\">\u00a0<\/span><span class=\"CustomP_animated_char__m3r9w\">detali\u015bci<\/span><span class=\"CustomP_animated_char__m3r9w\">\u00a0<\/span><span class=\"CustomP_animated_char__m3r9w\">I<\/span><span class=\"CustomP_animated_char__m3r9w\">\u00a0<\/span><span class=\"CustomP_animated_char__m3r9w\">mentol<\/span><span class=\"CustomP_animated_char__m3r9w\">\u2013<\/span><span class=\"CustomP_animated_char__m3r9w\">kochaj\u0105cy<\/span><span class=\"CustomP_animated_char__m3r9w\">\u00a0<\/span><span class=\"CustomP_animated_char__m3r9w\">waperzy<\/span><span class=\"CustomP_animated_char__m3r9w\">.<\/span><\/p>\n<p>&nbsp;<\/p>\n<h2><span style=\"font-size: 90%;\">Bang King Ice Cool 60000 | 60k Puffs Regulowany poziom lodu Jednorazowy Vape Dane techniczne produktu:<\/span><\/h2>\n<p><strong data-sourcepos=\"11:3-11:18\">Liczba zaci\u0105gni\u0119\u0107:<\/strong>\u00a0<strong data-sourcepos=\"11:19-11:35\">60 000 zaci\u0105gni\u0119\u0107<\/strong>\u00a0(Przed\u0142u\u017cona trwa\u0142o\u015b\u0107)<\/p>\n<p><strong data-sourcepos=\"12:3-12:16\">Nikotyna:<\/strong>\u00a0<strong data-sourcepos=\"12:17-12:33\">2% \/ 3% \/ 5%<\/strong>\u00a0(Od g\u0142adkiego do mocnego uderzenia w gard\u0142o)<\/p>\n<p><strong data-sourcepos=\"13:3-13:22\">Uk\u0142ad ch\u0142odzenia:<\/strong>\u00a0<strong data-sourcepos=\"13:23-13:50\">5 regulowanych poziom\u00f3w lodu<\/strong>\u00a0(Dostosuj intensywno\u015b\u0107 mentolu)<\/p>\n<p><strong data-sourcepos=\"14:3-14:16\">E-p\u0142yn:<\/strong>\u00a0<strong data-sourcepos=\"14:17-14:34\">Pojemno\u015b\u0107 25 ml<\/strong>\u00a0(Mniej uzupe\u0142nie\u0144)<\/p>\n<p><strong data-sourcepos=\"15:3-15:12\">Cewka:<\/strong>\u00a0<strong data-sourcepos=\"15:13-15:26\">Siatka 1,0 \u03a9<\/strong>\u00a0(Zoptymalizowany smak i para)<\/p>\n<p><strong data-sourcepos=\"16:3-16:15\">Bateria:<\/strong>\u00a0<strong data-sourcepos=\"16:16-16:39\">Akumulator 850 mAh<\/strong>\u00a0+\u00a0<strong data-sourcepos=\"16:42-16:66\">Szybkie \u0142adowanie typu C<\/strong><\/p>\n<p><strong data-sourcepos=\"17:3-17:15\">Wy\u015bwietlacz:<\/strong>\u00a0<strong data-sourcepos=\"17:16-17:30\">Ekran LED<\/strong>\u00a0(\u015aledzenie statystyk w czasie rzeczywistym)<\/p>\n<p><strong data-sourcepos=\"18:3-18:17\">Opakowanie:<\/strong>\u00a0<strong data-sourcepos=\"18:18-18:32\">10 sztuk\/pude\u0142ko<\/strong>\u00a0(Gotowo\u015b\u0107 do sprzeda\u017cy detalicznej\/hurtowej)<\/p>\n<p>&nbsp;<\/p>\n<h3><span style=\"font-size: 90%;\">Bang King Ice Cool 60000 | 60 tys. zaci\u0105gni\u0119\u0107 Regulowany poziom lodu Jednorazowy Vape Lista smak\u00f3w:<\/span><\/h3>\n<p>1. Niebieski Razz L\u00f3d<\/p>\n<p>2. Arbuz truskawkowy<\/p>\n<p>3. L\u00f3d arbuzowy<\/p>\n<p>4.Brzoskwiniowy l\u00f3d<\/p>\n<p>5. L\u00f3d winogronowy<\/p>\n<p>6. Straszna Jagoda<\/p>\n<p>7. Wi\u015bniowy Strazz<\/p>\n<p>8.Magia mango<\/p>\n<p>9. Truskawkowy Smoczy Owoc<\/p>\n<p>10. Krew tygrysa<\/p>\n<p>11. Letni plusk<\/p>\n<p>12. Kwa\u015bny, bujny \u017cel do \u017cucia<br \/>\n<img loading=\"lazy\" decoding=\"async\" class=\"alignnone wp-image-688 size-full\" src=\"https:\/\/pgvape.com\/wp-content\/uploads\/2025\/09\/Pgvape-Bang-King-Ice-Cool-6000-60K-Puffs-Adjustable-Ice-Level-Disposable-Vape-14.png\" alt=\"Kolorowy plakat reklamuj\u0105cy jednorazowy waporyzator Bangking \u201cIce Cool\u201d, przedstawiaj\u0105cy dwa du\u017ce bia\u0142o-z\u0142ote urz\u0105dzenia, specyfikacj\u0119 produktu (p\u0142yn e-liquid 25 ml, akumulator 850 mAh, \u0142adowanie typu C, 5 regulowanych poziom\u00f3w ch\u0142odzenia i do 60 tys. zaci\u0105gni\u0119\u0107) oraz siatk\u0119 12 mniejszych urz\u0105dze\u0144 w jaskrawe wzory oznaczonych smakami takimi jak Blue Razz Ice, Strawberry Watermelon, Watermelon Ice, Peach Ice, .\" width=\"872\" height=\"1500\" srcset=\"https:\/\/pgvape.com\/wp-content\/uploads\/2025\/09\/Pgvape-Bang-King-Ice-Cool-6000-60K-Puffs-Adjustable-Ice-Level-Disposable-Vape-14.png 872w, https:\/\/pgvape.com\/wp-content\/uploads\/2025\/09\/Pgvape-Bang-King-Ice-Cool-6000-60K-Puffs-Adjustable-Ice-Level-Disposable-Vape-14-209x360.png 209w, https:\/\/pgvape.com\/wp-content\/uploads\/2025\/09\/Pgvape-Bang-King-Ice-Cool-6000-60K-Puffs-Adjustable-Ice-Level-Disposable-Vape-14-595x1024.png 595w, https:\/\/pgvape.com\/wp-content\/uploads\/2025\/09\/Pgvape-Bang-King-Ice-Cool-6000-60K-Puffs-Adjustable-Ice-Level-Disposable-Vape-14-233x400.png 233w, https:\/\/pgvape.com\/wp-content\/uploads\/2025\/09\/Pgvape-Bang-King-Ice-Cool-6000-60K-Puffs-Adjustable-Ice-Level-Disposable-Vape-14-768x1321.png 768w, https:\/\/pgvape.com\/wp-content\/uploads\/2025\/09\/Pgvape-Bang-King-Ice-Cool-6000-60K-Puffs-Adjustable-Ice-Level-Disposable-Vape-14-7x12.png 7w, https:\/\/pgvape.com\/wp-content\/uploads\/2025\/09\/Pgvape-Bang-King-Ice-Cool-6000-60K-Puffs-Adjustable-Ice-Level-Disposable-Vape-14-600x1032.png 600w, https:\/\/pgvape.com\/wp-content\/uploads\/2025\/09\/Pgvape-Bang-King-Ice-Cool-6000-60K-Puffs-Adjustable-Ice-Level-Disposable-Vape-14-23x40.png 23w\" sizes=\"auto, (max-width: 872px) 100vw, 872px\" \/><\/p>\n<h2><\/h2>\n<h2><span style=\"font-size: 90%;\">Cz\u0119sto zadawane pytania dotycz\u0105ce Bang King Ice Cool 60000 | 60 tys. zaci\u0105gni\u0119\u0107 Regulowany poziom lodu Jednorazowy waporyzator:<\/span><\/h2>\n<p data-sourcepos=\"39:1-40:97\">\u2753 <strong data-sourcepos=\"39:3-39:40\">Jak dzia\u0142a regulacja lodu?<br \/>\n<\/strong> \u2705 Przejd\u017a dalej <strong data-sourcepos=\"40:17-40:37\">5 poziom\u00f3w ch\u0142odzenia<\/strong> (1=\u0142agodny \u2192 5=mro\u017cenie) dla spersonalizowanej intensywno\u015bci mentolu.<\/p>\n<p data-sourcepos=\"42:1-43:94\">\u2753 <strong data-sourcepos=\"42:3-42:39\">Czy jako\u015b\u0107 pary jest sta\u0142a?<br \/>\n<\/strong> \u2705 <strong data-sourcepos=\"43:3-43:21\">Cewka siatkowa 1,0 \u03a9<\/strong> zapewnia <strong data-sourcepos=\"43:30-43:49\">30% wi\u0119cej smaku<\/strong> I <strong data-sourcepos=\"43:54-43:72\">g\u0142adsze rysunki<\/strong> w por\u00f3wnaniu ze standardowymi cewkami.<\/p>\n<p data-sourcepos=\"45:1-46:90\">\u2753 <strong data-sourcepos=\"45:3-45:38\">Jak d\u0142ugo wytrzymuje bateria?<\/strong><br \/>\n\u2705 <strong data-sourcepos=\"46:3-46:21\">Bateria 850 mAh<\/strong> obs\u0142uguje <strong data-sourcepos=\"46:31-46:46\">dni u\u017cytkowania<\/strong>; <strong data-sourcepos=\"46:48-46:58\">Typ C<\/strong> \u0142aduje si\u0119 <strong data-sourcepos=\"46:72-46:87\">~45 minut<\/strong>.<\/p>\n<p data-sourcepos=\"48:1-49:91\">\u2753 <strong data-sourcepos=\"48:3-48:27\">Dla kogo jest idealny?<br \/>\n<\/strong> \u2705 <strong data-sourcepos=\"49:3-49:26\">Mi\u0142o\u015bnicy mentolu<\/strong> + <strong data-sourcepos=\"49:29-49:42\">detali\u015bci<\/strong> poszukuj\u0105cych wysokomar\u017cowych, bogatych w funkcje urz\u0105dze\u0144 jednorazowego u\u017cytku.<\/p>\n<p>&nbsp;<\/p>\n<h3 id=\"brxe-najhln\" class=\"brxe-heading\">Cz\u0119sto zadawane pytania (FAQ)<\/h3>\n<div id=\"brxe-rajiac\" class=\"brxe-text\">\n<p><strong>P: Jakie metody p\u0142atno\u015bci akceptujecie?<\/strong><br \/>\nOdp.: Akceptujemy PayPal, Stripe, przelewy bankowe (obs\u0142ugiwane SEPA), g\u0142\u00f3wne karty kredytowe (Visa, MasterCard, American Express) i p\u0142atno\u015bci w kryptowalutach.<\/p>\n<p><strong>P: Jak d\u0142ugo trwa przygotowanie zam\u00f3wienia?<\/strong><br \/>\nOdp.: Przygotowanie zam\u00f3wienia zajmuje 1-3 dni robocze.<\/p>\n<p><strong>P: Jaki jest czas wysy\u0142ki?<\/strong><br \/>\nOdp.: Czas wysy\u0142ki wynosi 7-14 dni roboczych, w zale\u017cno\u015bci od Twojej lokalizacji.<\/p>\n<p><strong>P: Jak mog\u0119 \u015bledzi\u0107 moje zam\u00f3wienie?<\/strong><br \/>\nOdp.: Po wysy\u0142ce otrzymasz wiadomo\u015b\u0107 e-mail z potwierdzeniem i numerem przesy\u0142ki umo\u017cliwiaj\u0105cym \u015bledzenie w czasie rzeczywistym.<\/p>\n<p><strong>P: Jaka jest Twoja polityka zwrot\u00f3w?<\/strong><br \/>\nOdp.: Oferujemy 30-dniow\u0105 polityk\u0119 zwrot\u00f3w lub wymiany. .<\/p>\n<p><strong>P: Czy wyst\u0105pi\u0105 jakie\u015b problemy celne?<br \/>\n<\/strong>Obs\u0142ugujemy wszystkie procedury odprawy celnej, aby zapewni\u0107 Ci bezproblemow\u0105 obs\u0142ug\u0119. .<\/p>\n<p><strong>P: Jakie metody wysy\u0142ki s\u0105 stosowane?<\/strong><br \/>\nWsp\u00f3\u0142pracujemy z firmami UPS\/DHL\/FEDEX\/DPD itp. W zale\u017cno\u015bci od kraju dostawy wybierzemy odpowiedni\u0105 opcj\u0119 wysy\u0142ki, tak aby produkty dotar\u0142y do \u200b\u200bPa\u0144stwa najszybciej jak to mo\u017cliwe.<\/p>\n<p><a href=\"https:\/\/pgvape.com\/pl\/czesto-zadawane-pytania\/\">Kliknij tutaj, aby uzyska\u0107 wi\u0119cej cz\u0119sto zadawanych pyta\u0144<\/a><\/p>\n<p>Szanowni klienci, je\u015bli masz jakiekolwiek pytania dotycz\u0105ce zam\u00f3wienia lub przybycia towaru, skontaktuj si\u0119 z naszym dzia\u0142em obs\u0142ugi klienta. Dzi\u0119kuj\u0119!<\/p>\n<h3 data-sourcepos=\"73:1-73:21\"><strong data-sourcepos=\"73:7-73:21\">Skontaktuj si\u0119 z nami<\/strong><\/h3>\n<div id=\"text-2419739398\" class=\"text\">\n<p><strong data-sourcepos=\"75:3-75:12\">E-mail<\/strong>:\u00a0<a href=\"mailto:support@pgvape.com\"><strong>support@pgvape.com<\/strong><\/a><\/p>\n<p><strong data-sourcepos=\"76:3-76:15\">WhatsApp<\/strong>: <a href=\"https:\/\/wa.me\/+8618128481258\"><strong>+86 18128481258<\/strong><\/a><br \/>\n<strong>(Odpowied\u017a w ci\u0105gu 24 godzin w dni robocze)<\/strong><\/p>\n<\/div>\n<h3><strong>Dzi\u0119kujemy za wybranie pgvape.com! .<\/strong><\/h3>\n<\/div>","protected":false},"excerpt":{"rendered":"<p>Z <strong data-sourcepos=\"54:6-54:19\">60 tys. zaci\u0105gni\u0119\u0107<\/strong>, <strong data-sourcepos=\"54:21-54:47\">regulowane ch\u0142odzenie lodem<\/strong>, I <strong data-sourcepos=\"54:53-54:75\">cewki z siatki premium<\/strong>, , <strong data-sourcepos=\"54:81-54:107\">Bang King Ice Cool 60K<\/strong> dominuje na rynku waporyzator\u00f3w mentolowych. <strong data-sourcepos=\"54:143-54:157\">12 smak\u00f3w<\/strong> I <strong data-sourcepos=\"54:162-54:184\">inteligentne \u015bledzenie LED<\/strong> zaspokoi\u0107 wszystkie preferencje.<\/p>","protected":false},"featured_media":675,"comment_status":"open","ping_status":"closed","template":"","meta":{"_seopress_robots_primary_cat":"none","_seopress_titles_title":"","_seopress_titles_desc":"","_seopress_robots_index":""},"product_brand":[19,516],"product_cat":[48,18,515],"product_tag":[51,52,57,58,59,60],"class_list":{"0":"post-672","1":"product","2":"type-product","3":"status-publish","4":"has-post-thumbnail","6":"product_brand-bang-king-vape","7":"product_brand-disposable-vape","8":"product_cat-60k-puffs-vape","9":"product_cat-bang-king-vape","10":"product_cat-disposable-vape","11":"product_tag-60k-puffs","12":"product_tag-60k-vape","13":"product_tag-adjustable-ice-level","14":"product_tag-bang-king-ice-cool-60000","15":"product_tag-mouth-to-lung-mtl","16":"product_tag-smart-screen-display","18":"first","19":"instock","20":"sale","21":"shipping-taxable","22":"purchasable","23":"product-type-variable"},"_links":{"self":[{"href":"https:\/\/pgvape.com\/pl\/wp-json\/wp\/v2\/product\/672","targetHints":{"allow":["GET"]}}],"collection":[{"href":"https:\/\/pgvape.com\/pl\/wp-json\/wp\/v2\/product"}],"about":[{"href":"https:\/\/pgvape.com\/pl\/wp-json\/wp\/v2\/types\/product"}],"replies":[{"embeddable":true,"href":"https:\/\/pgvape.com\/pl\/wp-json\/wp\/v2\/comments?post=672"}],"wp:featuredmedia":[{"embeddable":true,"href":"https:\/\/pgvape.com\/pl\/wp-json\/wp\/v2\/media\/675"}],"wp:attachment":[{"href":"https:\/\/pgvape.com\/pl\/wp-json\/wp\/v2\/media?parent=672"}],"wp:term":[{"taxonomy":"product_brand","embeddable":true,"href":"https:\/\/pgvape.com\/pl\/wp-json\/wp\/v2\/product_brand?post=672"},{"taxonomy":"product_cat","embeddable":true,"href":"https:\/\/pgvape.com\/pl\/wp-json\/wp\/v2\/product_cat?post=672"},{"taxonomy":"product_tag","embeddable":true,"href":"https:\/\/pgvape.com\/pl\/wp-json\/wp\/v2\/product_tag?post=672"}],"curies":[{"name":"wp","href":"https:\/\/api.w.org\/{rel}","templated":true}]}}