{"id":6685,"date":"2025-11-18T06:12:37","date_gmt":"2025-11-18T06:12:37","guid":{"rendered":"https:\/\/pgvape.com\/?post_type=product&#038;p=6685"},"modified":"2026-03-15T13:15:56","modified_gmt":"2026-03-15T13:15:56","slug":"jnr-rage-gorilla-55000-55k-puffs-jednorazowe-vape-podwojna-siatka-cewki-vape-factory-direct","status":"publish","type":"product","link":"https:\/\/pgvape.com\/pl\/produkt\/jnr-rage-gorilla-55000-55k-puffs-jednorazowe-vape-podwojna-siatka-cewki-vape-factory-direct\/","title":{"rendered":"JNR Rage Gorilla 55000 55K Puffs Jednorazowy Vape Dual Mesh Cewka Vape Factory Direct"},"content":{"rendered":"<p><strong data-sourcepos=\"8:5-8:29\">JNR Rage Gorilla 55K<\/strong> zapewnia surow\u0105 moc i wytrzyma\u0142o\u015b\u0107 <strong data-sourcepos=\"8:68-8:93\">55 000 kolosalnych zaci\u0105gni\u0119\u0107<\/strong> i ogromna pojemno\u015b\u0107 e-liquidu **42 ml. <strong data-sourcepos=\"8:147-8:178\">Akumulator o pojemno\u015bci 950 mAh<\/strong> i wyposa\u017cony <strong data-sourcepos=\"8:197-8:216\">podw\u00f3jne cewki siatkowe<\/strong>, to urz\u0105dzenie jest przeznaczone dla waper\u00f3w, kt\u00f3rzy nie godz\u0105 si\u0119 na kompromisy <strong data-sourcepos=\"8:278-8:291\">d\u0142ugowieczno\u015b\u0107<\/strong>, <strong data-sourcepos=\"8:293-8:313\">intensywno\u015b\u0107 smaku<\/strong>, I <strong data-sourcepos=\"8:319-8:339\">produkcja pary<\/strong>.<img loading=\"lazy\" decoding=\"async\" class=\"alignnone wp-image-7359 size-full\" src=\"https:\/\/pgvape.com\/wp-content\/uploads\/2025\/11\/JNR-Rage-Gorilla-55K-Puffs-Disposable-Vape-pgvape-4.png\" alt=\"Odwa\u017cna reklama przedstawiaj\u0105ca dwa jednorazowe urz\u0105dzenia do waporyzacji JNR &quot;RageGorilla&quot; ozdobione grafik\u0105 ognistego, opancerzonego goryla, jedno z napisem Cherry Cola, wraz z pude\u0142kami produkt\u00f3w i ikonami z list\u0105 funkcji \u2013 do 55 000 zaci\u0105gni\u0119\u0107, e-liquid o pojemno\u015bci 42 ml, inteligentny ekran, cewka z podw\u00f3jn\u0105 siatk\u0105, USB typu C i 950 mAh \u2013 na tle dramatycznego wulkanicznego nieba.\" width=\"1920\" height=\"1080\" srcset=\"https:\/\/pgvape.com\/wp-content\/uploads\/2025\/11\/JNR-Rage-Gorilla-55K-Puffs-Disposable-Vape-pgvape-4.png 1920w, https:\/\/pgvape.com\/wp-content\/uploads\/2025\/11\/JNR-Rage-Gorilla-55K-Puffs-Disposable-Vape-pgvape-4-555x312.png 555w, https:\/\/pgvape.com\/wp-content\/uploads\/2025\/11\/JNR-Rage-Gorilla-55K-Puffs-Disposable-Vape-pgvape-4-595x335.png 595w, https:\/\/pgvape.com\/wp-content\/uploads\/2025\/11\/JNR-Rage-Gorilla-55K-Puffs-Disposable-Vape-pgvape-4-400x225.png 400w, https:\/\/pgvape.com\/wp-content\/uploads\/2025\/11\/JNR-Rage-Gorilla-55K-Puffs-Disposable-Vape-pgvape-4-768x432.png 768w, https:\/\/pgvape.com\/wp-content\/uploads\/2025\/11\/JNR-Rage-Gorilla-55K-Puffs-Disposable-Vape-pgvape-4-1536x864.png 1536w, https:\/\/pgvape.com\/wp-content\/uploads\/2025\/11\/JNR-Rage-Gorilla-55K-Puffs-Disposable-Vape-pgvape-4-18x10.png 18w, https:\/\/pgvape.com\/wp-content\/uploads\/2025\/11\/JNR-Rage-Gorilla-55K-Puffs-Disposable-Vape-pgvape-4-600x338.png 600w\" sizes=\"auto, (max-width: 1920px) 100vw, 1920px\" \/><\/p>\n<p>&nbsp;<\/p>\n<h3><span style=\"font-size: 90%;\">JNR Rage Gorilla 55000 | 55K Puffs Jednorazowy Vape <strong data-sourcepos=\"10:5-10:31\">Dane techniczne<\/strong><\/span><\/h3>\n<p><strong data-sourcepos=\"19:3-19:17\">Liczba puf\u00f3w<\/strong>: 55 000 zaci\u0105gni\u0119\u0107<\/p>\n<p><strong data-sourcepos=\"20:3-20:15\">E-ciecz<\/strong>: 42 ml fabrycznie nape\u0142nione (nikotyna 2%)<\/p>\n<p><strong data-sourcepos=\"21:3-21:14\">Bateria<\/strong>: 950 mAh (\u0142adowanie przez USB-C)<\/p>\n<p><strong data-sourcepos=\"22:3-22:11\">Cewka<\/strong>: Podw\u00f3jna siatka dla optymalnej wydajno\u015bci.<\/p>\n<p><strong data-sourcepos=\"23:3-23:17\">Wymiary<\/strong>: 55 x 34 x 119 mm<\/p>\n<p>&nbsp;<\/p>\n<h3><span style=\"font-size: 90%;\">JNR Rage Gorilla 55000 | 55K Puffs Jednorazowy Vape <strong data-sourcepos=\"22:5-22:20\">Lista smak\u00f3w<\/strong><\/span><\/h3>\n<p><strong data-sourcepos=\"27:5-27:23\">1.L\u00f3d truskawkowy<\/strong><\/p>\n<p><strong data-sourcepos=\"28:5-28:20\">2. Wi\u015bniowa Cola<\/strong><\/p>\n<p><strong data-sourcepos=\"29:5-29:23\">3. L\u00f3d arbuzowy<\/strong><\/p>\n<p><strong data-sourcepos=\"30:5-30:25\">4. Niebieska wi\u015bnia Razz<\/strong><\/p>\n<p><strong data-sourcepos=\"31:5-31:24\">5.Truskawkowe Kiwi<\/strong><\/p>\n<p><strong data-sourcepos=\"32:5-32:22\">6. Soczyste brzoskwinie<\/strong><\/p>\n<p><strong data-sourcepos=\"33:5-33:22\">7.L\u00f3d jagodowy<\/strong><\/p>\n<p><strong data-sourcepos=\"34:5-34:22\">8. Mieszane jagody<\/strong><\/p>\n<p><strong data-sourcepos=\"35:5-35:21\">9.Podw\u00f3jne jab\u0142ko<\/strong><\/p>\n<p><strong data-sourcepos=\"36:5-36:21\">10. Wi\u015bniowa Jagoda<\/strong><\/p>\n<p><strong data-sourcepos=\"37:5-37:35\">11.Jagoda Malina Wi\u015bnia<\/strong><\/p>\n<p><strong data-sourcepos=\"38:5-38:34\">12.L\u00f3d arbuzowo-truskawkowy<\/strong><\/p>\n<p><strong data-sourcepos=\"39:5-39:28\">13. L\u00f3d arbuzowy z kiwi<\/strong><\/p>\n<p><strong data-sourcepos=\"40:5-40:33\">14.Jagoda Kwa\u015bna Malina<\/strong><\/p>\n<p><strong data-sourcepos=\"41:5-41:25\">15. Bia\u0142a brzoskwinia Razz<\/strong><\/p>\n<p><strong data-sourcepos=\"42:5-42:28\">16. Mango Marakuja<\/strong><\/p>\n<p><strong data-sourcepos=\"43:5-43:31\">17. Arbuz brzoskwiniowo-mango<\/strong><\/p>\n<p><strong data-sourcepos=\"44:5-44:29\">18.Arbuzowa guma balonowa<\/strong><\/p>\n<p><strong data-sourcepos=\"45:5-45:26\">19.Truskawkowy Banan<\/strong><\/p>\n<p><strong data-sourcepos=\"46:5-46:27\">20.Kiwi Pasja Gujawa<img loading=\"lazy\" decoding=\"async\" class=\"alignnone wp-image-7360 size-full\" src=\"https:\/\/pgvape.com\/wp-content\/uploads\/2025\/11\/JNR-Rage-Gorilla-55K-Puffs-Disposable-Vape-pgvape-5.png\" alt=\"Plakat promocyjny JNR przedstawiaj\u0105cy 20 kolorowych jednorazowych urz\u0105dze\u0144 do waporyzacji z grafik\u0105 z motywem goryla, oznaczonych r\u00f3\u017cnymi owocowymi i lodowymi smakami, pod nag\u0142\u00f3wkiem \u201c20 ekscytuj\u0105cych nowych smak\u00f3w! Do 55 000 zaci\u0105gni\u0119\u0107\u201d, logo i strona internetowa JNR w rogu na zadymionym tle.\" width=\"1920\" height=\"1080\" srcset=\"https:\/\/pgvape.com\/wp-content\/uploads\/2025\/11\/JNR-Rage-Gorilla-55K-Puffs-Disposable-Vape-pgvape-5.png 1920w, https:\/\/pgvape.com\/wp-content\/uploads\/2025\/11\/JNR-Rage-Gorilla-55K-Puffs-Disposable-Vape-pgvape-5-555x312.png 555w, https:\/\/pgvape.com\/wp-content\/uploads\/2025\/11\/JNR-Rage-Gorilla-55K-Puffs-Disposable-Vape-pgvape-5-595x335.png 595w, https:\/\/pgvape.com\/wp-content\/uploads\/2025\/11\/JNR-Rage-Gorilla-55K-Puffs-Disposable-Vape-pgvape-5-400x225.png 400w, https:\/\/pgvape.com\/wp-content\/uploads\/2025\/11\/JNR-Rage-Gorilla-55K-Puffs-Disposable-Vape-pgvape-5-768x432.png 768w, https:\/\/pgvape.com\/wp-content\/uploads\/2025\/11\/JNR-Rage-Gorilla-55K-Puffs-Disposable-Vape-pgvape-5-1536x864.png 1536w, https:\/\/pgvape.com\/wp-content\/uploads\/2025\/11\/JNR-Rage-Gorilla-55K-Puffs-Disposable-Vape-pgvape-5-18x10.png 18w, https:\/\/pgvape.com\/wp-content\/uploads\/2025\/11\/JNR-Rage-Gorilla-55K-Puffs-Disposable-Vape-pgvape-5-600x338.png 600w\" sizes=\"auto, (max-width: 1920px) 100vw, 1920px\" \/><\/strong><\/p>\n<p>&nbsp;<\/p>\n<h3><span style=\"font-size: 90%;\">JNR Rage Gorilla 55000 | 55K Puffs Jednorazowy Vape <strong>Wideo<\/strong>:<\/span><\/h3>\n<p><iframe loading=\"lazy\" title=\"JNR Rage Gorilla 55K Puffs Jednorazowy Vape Podw\u00f3jna cewka z siatk\u0105 Inteligentny ekran | Vape Factory Direct pgvape\" width=\"1020\" height=\"574\" src=\"https:\/\/www.youtube.com\/embed\/hWtpWtyxD0c?feature=oembed\" frameborder=\"0\" allow=\"accelerometer; autoplay; clipboard-write; encrypted-media; gyroscope; picture-in-picture; web-share\" referrerpolicy=\"strict-origin-when-cross-origin\" allowfullscreen><\/iframe><\/p>\n<p>&nbsp;<\/p>\n<h2><span style=\"font-size: 90%;\">Cz\u0119sto zadawane pytania na temat JNR Rage Gorilla 55000 | 55K Puffs Jednorazowy Vape<\/span><\/h2>\n<p data-sourcepos=\"49:1-50:85\">\u2753 <strong data-sourcepos=\"49:3-49:46\">Czy tak du\u017ce urz\u0105dzenie sprawia wra\u017cenie przeno\u015bnego?<\/strong><br \/>\n\u2705Pomimo swojej mocy, kompaktowy <strong data-sourcepos=\"50:34-50:51\">Konstrukcja 139,7 g<\/strong> jest ergonomiczny i przyjazny dla kieszeni.<\/p>\n<p data-sourcepos=\"52:1-53:76\">\u2753 <strong data-sourcepos=\"52:3-52:57\">W jaki spos\u00f3b cewki z podw\u00f3jn\u0105 siatk\u0105 poprawiaj\u0105 wra\u017cenia?<\/strong><br \/>\n\u2705 Zapewniaj\u0105 <strong data-sourcepos=\"53:16-53:40\">jednoczesne ogrzewanie<\/strong> dla bogatszego smaku i g\u0119stszej pary.<\/p>\n<p data-sourcepos=\"55:1-56:90\">\u2753 <strong data-sourcepos=\"55:3-55:46\">Jaka jest zawarta moc nikotyny?<\/strong><br \/>\n\u2705 Ka\u017cde urz\u0105dzenie jest fabrycznie nape\u0142nione <strong data-sourcepos=\"56:37-56:64\">S\u00f3l nikotynowa 2% (20mg).<\/strong> aby uzyska\u0107 g\u0142adkie i mocne uderzenie.<\/p>\n<p data-sourcepos=\"58:1-59:93\">\u2753 <strong data-sourcepos=\"58:3-58:38\">Czy \u017cywotno\u015b\u0107 baterii jest wystarczaj\u0105ca?<\/strong><br \/>\n\u2705 Ogromny <strong data-sourcepos=\"59:12-59:30\">Bateria 950 mAh<\/strong> zapewnia, \u017ce \u200b\u200burz\u0105dzenie wytrzyma ca\u0142\u0105 pojemno\u015b\u0107 e-liquidu.<\/p>\n<p data-sourcepos=\"61:1-62:92\">\u2753 <strong data-sourcepos=\"61:3-61:42\">Kt\u00f3re smaki ciesz\u0105 si\u0119 najwi\u0119ksz\u0105 popularno\u015bci\u0105?<br \/>\n<\/strong> \u2705 <strong data-sourcepos=\"62:3-62:21\">Lody Truskawkowe<\/strong>, <strong data-sourcepos=\"62:23-62:41\">Arbuzowy l\u00f3d<\/strong>, I <strong data-sourcepos=\"62:47-62:64\">Soczyste brzoskwinie<\/strong> niezmiennie najwy\u017cej oceniane.<\/p>\n<p>&nbsp;<\/p>\n<h3 id=\"brxe-najhln\" class=\"brxe-heading\">Cz\u0119sto zadawane pytania (FAQ)<\/h3>\n<div id=\"brxe-rajiac\" class=\"brxe-text\">\n<p><strong>P: Jakie metody p\u0142atno\u015bci akceptujecie?<\/strong><br \/>\nOdp.: Akceptujemy PayPal, Stripe, przelewy bankowe (obs\u0142ugiwane SEPA), g\u0142\u00f3wne karty kredytowe (Visa, MasterCard, American Express) i p\u0142atno\u015bci w kryptowalutach.<\/p>\n<p><strong>P: Jak d\u0142ugo trwa przygotowanie zam\u00f3wienia?<\/strong><br \/>\nOdp.: Przygotowanie zam\u00f3wienia zajmuje 1-3 dni robocze.<\/p>\n<p><strong>P: Jaki jest czas wysy\u0142ki?<\/strong><br \/>\nOdp.: Czas wysy\u0142ki wynosi 7-14 dni roboczych, w zale\u017cno\u015bci od Twojej lokalizacji.<\/p>\n<p><strong>P: Jak mog\u0119 \u015bledzi\u0107 moje zam\u00f3wienie?<\/strong><br \/>\nOdp.: Po wysy\u0142ce otrzymasz wiadomo\u015b\u0107 e-mail z potwierdzeniem i numerem przesy\u0142ki umo\u017cliwiaj\u0105cym \u015bledzenie w czasie rzeczywistym.<\/p>\n<p><strong>P: Jaka jest Twoja polityka zwrot\u00f3w?<\/strong><br \/>\nOdp.: Oferujemy 30-dniow\u0105 polityk\u0119 zwrot\u00f3w lub wymiany. .<\/p>\n<p><strong>P: Czy wyst\u0105pi\u0105 jakie\u015b problemy celne?<br \/>\n<\/strong>Obs\u0142ugujemy wszystkie procedury odprawy celnej, aby zapewni\u0107 Ci bezproblemow\u0105 obs\u0142ug\u0119. .<\/p>\n<p><strong>P: Jakie metody wysy\u0142ki s\u0105 stosowane?<\/strong><br \/>\nWsp\u00f3\u0142pracujemy z firmami UPS\/DHL\/FEDEX\/DPD itp. W zale\u017cno\u015bci od kraju dostawy wybierzemy odpowiedni\u0105 opcj\u0119 wysy\u0142ki, tak aby produkty dotar\u0142y do \u200b\u200bPa\u0144stwa najszybciej jak to mo\u017cliwe.<\/p>\n<p><a href=\"https:\/\/pgvape.com\/pl\/czesto-zadawane-pytania\/\">Kliknij tutaj, aby uzyska\u0107 wi\u0119cej cz\u0119sto zadawanych pyta\u0144<\/a><\/p>\n<p>Szanowni klienci, je\u015bli masz jakiekolwiek pytania dotycz\u0105ce zam\u00f3wienia lub przybycia towaru, skontaktuj si\u0119 z naszym dzia\u0142em obs\u0142ugi klienta. Dzi\u0119kuj\u0119!<\/p>\n<h3 data-sourcepos=\"73:1-73:21\"><strong data-sourcepos=\"73:7-73:21\">Skontaktuj si\u0119 z nami<\/strong><\/h3>\n<div id=\"text-2419739398\" class=\"text\">\n<p><strong data-sourcepos=\"75:3-75:12\">E-mail<\/strong>:\u00a0<a href=\"mailto:support@pgvape.com\"><strong>support@pgvape.com<\/strong><\/a><\/p>\n<p><strong data-sourcepos=\"76:3-76:15\">WhatsApp<\/strong>:\u00a0<a href=\"https:\/\/wa.me\/+8618128481258\"><strong>+86 18128481258<\/strong><\/a><br \/>\n<strong>(Odpowied\u017a w ci\u0105gu 24 godzin w dni robocze)<\/strong><\/p>\n<\/div>\n<h3><strong>Dzi\u0119kujemy za wybranie pgvape.com! .<\/strong><\/h3>\n<\/div>","protected":false},"excerpt":{"rendered":"<p>Zaprojektowany z my\u015bl\u0105 o wytrzyma\u0142o\u015bci <strong data-sourcepos=\"70:31-70:55\">JNR Rage Gorilla 55K<\/strong> paczki <strong data-sourcepos=\"70:62-70:78\">55 000 zaci\u0105gni\u0119\u0107<\/strong>, <strong data-sourcepos=\"70:80-70:99\">podw\u00f3jne cewki siatkowe<\/strong>, oraz <strong data-sourcepos=\"70:107-70:125\">Bateria 950 mAh<\/strong> aby zdominowa\u0107 Twoj\u0105 rutyn\u0119 wapowania.<\/p>","protected":false},"featured_media":7356,"comment_status":"open","ping_status":"closed","template":"","meta":{"_seopress_robots_primary_cat":"none","_seopress_titles_title":"%%post_title%% %%sep%% %%sitetitle%%","_seopress_titles_desc":"","_seopress_robots_index":""},"product_brand":[516,228],"product_cat":[466,515,29],"product_tag":[468,90,257,467,136,204],"class_list":{"0":"post-6685","1":"product","2":"type-product","3":"status-publish","4":"has-post-thumbnail","6":"product_brand-disposable-vape","7":"product_brand-jnr-vape","8":"product_cat-55k-puffs-vape","9":"product_cat-disposable-vape","10":"product_cat-jnr-vape","11":"product_tag-55k-puffs-vape","12":"product_tag-disposable-vape","13":"product_tag-dual-mesh-coil","14":"product_tag-jnr-rage-gorilla-55000","15":"product_tag-smart-screen","16":"product_tag-vape-factory-direct","18":"first","19":"instock","20":"sale","21":"shipping-taxable","22":"purchasable","23":"product-type-variable"},"_links":{"self":[{"href":"https:\/\/pgvape.com\/pl\/wp-json\/wp\/v2\/product\/6685","targetHints":{"allow":["GET"]}}],"collection":[{"href":"https:\/\/pgvape.com\/pl\/wp-json\/wp\/v2\/product"}],"about":[{"href":"https:\/\/pgvape.com\/pl\/wp-json\/wp\/v2\/types\/product"}],"replies":[{"embeddable":true,"href":"https:\/\/pgvape.com\/pl\/wp-json\/wp\/v2\/comments?post=6685"}],"wp:featuredmedia":[{"embeddable":true,"href":"https:\/\/pgvape.com\/pl\/wp-json\/wp\/v2\/media\/7356"}],"wp:attachment":[{"href":"https:\/\/pgvape.com\/pl\/wp-json\/wp\/v2\/media?parent=6685"}],"wp:term":[{"taxonomy":"product_brand","embeddable":true,"href":"https:\/\/pgvape.com\/pl\/wp-json\/wp\/v2\/product_brand?post=6685"},{"taxonomy":"product_cat","embeddable":true,"href":"https:\/\/pgvape.com\/pl\/wp-json\/wp\/v2\/product_cat?post=6685"},{"taxonomy":"product_tag","embeddable":true,"href":"https:\/\/pgvape.com\/pl\/wp-json\/wp\/v2\/product_tag?post=6685"}],"curies":[{"name":"wp","href":"https:\/\/api.w.org\/{rel}","templated":true}]}}