{"id":6192,"date":"2025-11-15T07:22:31","date_gmt":"2025-11-15T07:22:31","guid":{"rendered":"https:\/\/pgvape.com\/?post_type=product&#038;p=6192"},"modified":"2026-04-18T15:31:10","modified_gmt":"2026-04-18T15:31:10","slug":"bang-lider-20000-20-tys-zaciagniec-jednorazowy-vape-wysylka-z-ue-bezplatna-wysylka-vape-factory-direct","status":"publish","type":"product","link":"https:\/\/pgvape.com\/pl\/produkt\/bang-lider-20000-20-tys-zaciagniec-jednorazowy-vape-wysylka-z-ue-bezplatna-wysylka-vape-factory-direct\/","title":{"rendered":"Bang Leader 20000 | 20K Puff\u00f3w Jednorazowy Vape | Wysy\u0142ka z UE | Bezp\u0142atna wysy\u0142ka | Vape Factory Direct"},"content":{"rendered":"<p><strong data-sourcepos=\"4:5-4:48\">Jednorazowy waporyzator Bang Leader 20000 Puffs<\/strong>\u00a0dostarcza\u00a0<strong data-sourcepos=\"4:58-4:83\">przed\u0142u\u017con\u0105 satysfakcj\u0119<\/strong>\u00a0z\u00a0<strong data-sourcepos=\"4:89-4:105\">20 000 zaci\u0105gni\u0119\u0107<\/strong>\u00a0I\u00a0<strong data-sourcepos=\"4:110-4:136\">Pojemno\u015b\u0107 e-liquidu 28 ml<\/strong>.\u00a0<strong data-sourcepos=\"4:148-4:167\">podw\u00f3jne cewki siatkowe<\/strong>\u00a0Do\u00a0<strong data-sourcepos=\"4:172-4:191\">wzmocniony smak<\/strong>, <strong data-sourcepos=\"4:203-4:235\">opcje<\/strong>\u00a0aby spe\u0142ni\u0107 wszystkie preferencje.\u00a0<strong data-sourcepos=\"4:265-4:296\">Akumulator o pojemno\u015bci 650 mAh<\/strong>\u00a0z\u00a0<strong data-sourcepos=\"4:302-4:321\">\u0141adowanie typu C<\/strong>\u00a0zapewnia niezawodne dzia\u0142anie.\u00a0<strong data-sourcepos=\"4:364-4:386\">12 smak\u00f3w premium<\/strong>\u00a0W\u00a0<strong data-sourcepos=\"4:390-4:424\">opakowanie gotowe do sprzeda\u017cy detalicznej zawieraj\u0105ce 10 sztuk<\/strong>.<br \/>\nBang Leader 20K Wysy\u0142any bezpo\u015brednio z naszego magazynu w UE, gwarantuje szybk\u0105, woln\u0105 od podatku dostaw\u0119 i autentyczno\u015b\u0107 100% \u2013 zapewniaj\u0105c najwy\u017cszej jako\u015bci wra\u017cenia z waporyzacji prosto pod Twoje drzwi.<\/p>\n<p>&nbsp;<\/p>\n<h2><span style=\"font-size: 90%;\">Bang Leader 20000 | 20K Puff\u00f3w Jednorazowy Vape\u00a0<strong data-sourcepos=\"6:5-6:27\">Dane techniczne<\/strong><\/span><\/h2>\n<p><strong data-sourcepos=\"7:3-7:17\">Liczba puf\u00f3w<\/strong>:\u00a0<strong data-sourcepos=\"7:19-7:35\">20 000 zaci\u0105gni\u0119\u0107<\/strong><\/p>\n<p><strong data-sourcepos=\"8:3-8:15\">E-ciecz<\/strong>:\u00a0<strong data-sourcepos=\"8:17-8:34\">Pojemno\u015b\u0107 28ml<\/strong><\/p>\n<p><strong data-sourcepos=\"9:3-9:15\">Nikotyna<\/strong>:\u00a0<strong data-sourcepos=\"9:17-9:38\">2%<\/strong><\/p>\n<p><strong data-sourcepos=\"10:3-10:11\">Cewka<\/strong>:\u00a0<strong data-sourcepos=\"10:13-10:32\">Podw\u00f3jne cewki siatkowe<\/strong><\/p>\n<p><strong data-sourcepos=\"11:3-11:14\">Bateria<\/strong>:\u00a0<strong data-sourcepos=\"11:16-11:39\">Akumulator o pojemno\u015bci 650 mAh<\/strong><\/p>\n<p><strong data-sourcepos=\"12:3-12:15\">\u0141adowanie<\/strong>:\u00a0<strong data-sourcepos=\"12:17-12:41\">Szybkie \u0142adowanie typu C<\/strong><\/p>\n<p><strong data-sourcepos=\"13:3-13:13\">Projekt<\/strong>:\u00a0<strong data-sourcepos=\"13:15-13:41\">Lekki i przeno\u015bny<\/strong><\/p>\n<p><strong data-sourcepos=\"14:3-14:14\">Smaki<\/strong>:\u00a0<strong data-sourcepos=\"14:16-14:30\">12 opcji<\/strong><\/p>\n<p><strong data-sourcepos=\"15:3-15:16\">Opakowanie<\/strong>:\u00a0<strong data-sourcepos=\"15:18-15:40\">10 sztuk\/pude\u0142ko wystawowe<\/strong><\/p>\n<p><strong data-sourcepos=\"15:3-15:28\">Wysy\u0142ka z magazynu UE<\/strong>\u00a0\u2013 Szybka dostawa bez podatku<\/p>\n<p>&nbsp;<\/p>\n<h3><span style=\"font-size: 90%;\">Bang Leader 20000 | 20K Puff\u00f3w Jednorazowy Vape\u00a0<strong data-sourcepos=\"17:5-17:25\">Wyb\u00f3r smaku<\/strong><\/span><\/h3>\n<p><strong data-sourcepos=\"18:4-18:22\">1.L\u00f3d arbuzowy<\/strong><\/p>\n<p><strong data-sourcepos=\"19:4-19:23\">2.Truskawkowe Kiwi<\/strong><\/p>\n<p><strong data-sourcepos=\"20:4-20:22\">3.L\u00f3d truskawkowy<\/strong><\/p>\n<p><strong data-sourcepos=\"21:4-21:19\">4.Brzoskwinia Mango<\/strong><\/p>\n<p><strong data-sourcepos=\"22:4-22:27\">5.Malina jagodowa<\/strong><\/p>\n<p><strong data-sourcepos=\"23:4-23:22\">6. Jagoda Mi\u0119ta<\/strong><\/p>\n<p><strong data-sourcepos=\"24:4-24:17\">7.Wymieszaj owoce<\/strong><\/p>\n<p><strong data-sourcepos=\"25:4-25:29\">8. Arbuz Truskawkowy<\/strong><\/p>\n<p><strong data-sourcepos=\"26:4-26:17\">9. L\u00f3d winogronowy<\/strong><\/p>\n<p><strong data-sourcepos=\"27:5-27:30\">10. Arbuzowa guma balonowa<\/strong><\/p>\n<p><strong data-sourcepos=\"28:5-28:22\">11.L\u00f3d jagodowy<\/strong><\/p>\n<p><strong data-sourcepos=\"29:5-29:18\">12.Brzoskwiniowy l\u00f3d<img loading=\"lazy\" decoding=\"async\" class=\"alignnone wp-image-6210 size-full\" src=\"https:\/\/pgvape.com\/wp-content\/uploads\/2025\/11\/pgvape-Bang-Leader-20000-20K-Puffs-Rechargeable-Disposable-Vape-Shipment-from-EU-Free-Shipping-16.png\" alt=\"Plakat promocyjny jednorazowych waporyzator\u00f3w BANG LEADER 20000 puffs, przedstawiaj\u0105cy dwa du\u017ce urz\u0105dzenia po prawej stronie i 12 smak\u00f3w po lewej stronie (Arbuz Ice, Strawberry Kiwi, Strawberry Ice, Mango Peach, Blueberry Raspberry, Blueberry Mint, Mix Fruit, Strawberry Watermelon, Grape Ice, Arbuz Ice, Blueberry Ice, Peach Ice), z ikonami oznaczaj\u0105cymi .\" width=\"1779\" height=\"1000\" srcset=\"https:\/\/pgvape.com\/wp-content\/uploads\/2025\/11\/pgvape-Bang-Leader-20000-20K-Puffs-Rechargeable-Disposable-Vape-Shipment-from-EU-Free-Shipping-16.png 1779w, https:\/\/pgvape.com\/wp-content\/uploads\/2025\/11\/pgvape-Bang-Leader-20000-20K-Puffs-Rechargeable-Disposable-Vape-Shipment-from-EU-Free-Shipping-16-555x312.png 555w, https:\/\/pgvape.com\/wp-content\/uploads\/2025\/11\/pgvape-Bang-Leader-20000-20K-Puffs-Rechargeable-Disposable-Vape-Shipment-from-EU-Free-Shipping-16-595x334.png 595w, https:\/\/pgvape.com\/wp-content\/uploads\/2025\/11\/pgvape-Bang-Leader-20000-20K-Puffs-Rechargeable-Disposable-Vape-Shipment-from-EU-Free-Shipping-16-400x225.png 400w, https:\/\/pgvape.com\/wp-content\/uploads\/2025\/11\/pgvape-Bang-Leader-20000-20K-Puffs-Rechargeable-Disposable-Vape-Shipment-from-EU-Free-Shipping-16-768x432.png 768w, https:\/\/pgvape.com\/wp-content\/uploads\/2025\/11\/pgvape-Bang-Leader-20000-20K-Puffs-Rechargeable-Disposable-Vape-Shipment-from-EU-Free-Shipping-16-1536x863.png 1536w, https:\/\/pgvape.com\/wp-content\/uploads\/2025\/11\/pgvape-Bang-Leader-20000-20K-Puffs-Rechargeable-Disposable-Vape-Shipment-from-EU-Free-Shipping-16-18x10.png 18w, https:\/\/pgvape.com\/wp-content\/uploads\/2025\/11\/pgvape-Bang-Leader-20000-20K-Puffs-Rechargeable-Disposable-Vape-Shipment-from-EU-Free-Shipping-16-600x337.png 600w, https:\/\/pgvape.com\/wp-content\/uploads\/2025\/11\/pgvape-Bang-Leader-20000-20K-Puffs-Rechargeable-Disposable-Vape-Shipment-from-EU-Free-Shipping-16-60x34.png 60w\" sizes=\"auto, (max-width: 1779px) 100vw, 1779px\" \/><\/strong><\/p>\n<p>&nbsp;<\/p>\n<h3><span style=\"font-size: 90%;\">Bang Leader 20000 | 20K Puff\u00f3w Jednorazowy Vape\u00a0<strong>Wideo<\/strong>:<\/span><\/h3>\n<p>&nbsp;<\/p>\n<h3 class=\"auto-hide-last-sibling-br paragraph-pP9ZLC paragraph-element br-paragraph-space\"><span style=\"font-size: 90%;\">Dlaczego warto wybra\u0107 europejski magazyn PGVape?<\/span><\/h3>\n<p>Szybka wysy\u0142ka: Dostawa do wi\u0119kszo\u015bci kraj\u00f3w UE w ci\u0105gu 3-7 dni roboczych.<\/p>\n<p>Dostawa bezc\u0142owa: Lokalne zapasy w UE zapewniaj\u0105 p\u0142ynn\u0105 i bezc\u0142ow\u0105 wysy\u0142k\u0119.<\/p>\n<p>Autentyczna gwarancja 100%: oryginalne e-papierosy Bang Leader od certyfikowanych dostawc\u00f3w.<\/p>\n<p>\u015awie\u017ce zapasy: Przechowywane w kontrolowanych warunkach, aby zapewni\u0107 optymaln\u0105 jako\u015b\u0107.<\/p>\n<p>Zaufali Europejczycy: Tysi\u0105ce klient\u00f3w korzysta z szybkich i bezpiecznych us\u0142ug e-papieros\u00f3w oferowanych przez PGVape.<\/p>\n<p>&nbsp;<\/p>\n<h2><span style=\"font-size: 90%;\">Cz\u0119sto zadawane pytania dotycz\u0105ce Bang Leader 20000 | 20K Puff\u00f3w Jednorazowy Vape<\/span><\/h2>\n<p data-sourcepos=\"32:1-33:91\">\u2753\u00a0<strong data-sourcepos=\"32:3-32:48\">Co wyr\u00f3\u017cnia jako\u015b\u0107 pary?<\/strong><br \/>\n\u2705\u00a0<strong data-sourcepos=\"33:3-33:22\">Podw\u00f3jne cewki siatkowe<\/strong>\u00a0dostarcza\u0107\u00a0<strong data-sourcepos=\"33:31-33:50\">30% wi\u0119cej smaku<\/strong>\u00a0ni\u017c standardowe jednorazowe opakowania z pojedyncz\u0105 cewk\u0105.<\/p>\n<p data-sourcepos=\"35:1-36:87\">\u2753\u00a0<strong data-sourcepos=\"35:3-35:38\">Jak d\u0142ugo wytrzymuje bateria?<\/strong><br \/>\n\u2705\u00a0<strong data-sourcepos=\"36:3-36:22\">Pojemno\u015b\u0107 650 mAh<\/strong>\u00a0obs\u0142uguje\u00a0<strong data-sourcepos=\"36:32-36:48\">przed\u0142u\u017cone u\u017cytkowanie<\/strong>;\u00a0<strong data-sourcepos=\"36:69-36:84\">~60 minut<\/strong>.<\/p>\n<p data-sourcepos=\"38:1-39:84\">\u2753\u00a0<strong data-sourcepos=\"38:3-38:35\">Czy to nadaje si\u0119 do sprzeda\u017cy detalicznej?<\/strong><br \/>\n\u2705\u00a0<strong data-sourcepos=\"39:3-39:28\">Pude\u0142ka ekspozycyjne na 10 sztuk<\/strong>\u00a0z\u00a0<strong data-sourcepos=\"39:34-39:59\">jasne oznaczenie smaku<\/strong>\u00a0zmaksymalizowa\u0107 atrakcyjno\u015b\u0107 na p\u00f3\u0142ce.<\/p>\n<p data-sourcepos=\"41:1-42:97\">\u2753\u00a0<strong data-sourcepos=\"41:3-41:29\">Dla kogo jest to idealne rozwi\u0105zanie?<br \/>\n<\/strong>\u2705\u00a0Idealny dla chc\u0105cych vaper\u00f3w\u00a0<strong data-sourcepos=\"42:30-42:58\">d\u0142ugotrwa\u0142e dzia\u0142anie<\/strong>\u00a0bez po\u015bwi\u0119ce\u0144\u00a0<strong data-sourcepos=\"42:79-42:94\">ruchliwo\u015b\u0107<\/strong>.<\/p>\n<p data-sourcepos=\"41:1-42:97\">\u2753\u00a0<strong data-sourcepos=\"50:3-50:42\">Sk\u0105d jest wysy\u0142any ten produkt?<\/strong><br \/>\n\u2705\u00a0Bezpo\u015brednio z\u00a0<strong data-sourcepos=\"51:15-51:32\">Magazyny UE<\/strong>\u00a0Do\u00a0<strong data-sourcepos=\"51:37-51:64\">szybka dostawa bez podatku<\/strong>.<\/p>\n<p>&nbsp;<\/p>\n<h3 id=\"brxe-najhln\" class=\"brxe-heading\">Cz\u0119sto zadawane pytania (FAQ)<\/h3>\n<div id=\"brxe-rajiac\" class=\"brxe-text\">\n<p><strong>P: Jakie metody p\u0142atno\u015bci akceptujecie?<\/strong><br \/>\nOdp.: Akceptujemy PayPal, Stripe, przelewy bankowe (obs\u0142ugiwane SEPA), g\u0142\u00f3wne karty kredytowe (Visa, MasterCard, American Express) i p\u0142atno\u015bci w kryptowalutach.<\/p>\n<p><strong>P: Jak d\u0142ugo trwa przygotowanie zam\u00f3wienia?<\/strong><br \/>\nOdp.: Przygotowanie zam\u00f3wienia zajmuje 1-3 dni robocze.<\/p>\n<p><strong>P: Jaki jest czas wysy\u0142ki?<\/strong><br \/>\nOdp.: Czas wysy\u0142ki wynosi 7-14 dni roboczych, w zale\u017cno\u015bci od Twojej lokalizacji. Dostawa towar\u00f3w z europejskich magazyn\u00f3w trwa zazwyczaj 3-6 dni roboczych.<\/p>\n<p><strong>P: Jak mog\u0119 \u015bledzi\u0107 moje zam\u00f3wienie?<\/strong><br \/>\nOdp.: Po wysy\u0142ce otrzymasz wiadomo\u015b\u0107 e-mail z potwierdzeniem i numerem przesy\u0142ki umo\u017cliwiaj\u0105cym \u015bledzenie w czasie rzeczywistym.<\/p>\n<p><strong>P: Jaka jest Twoja polityka zwrot\u00f3w?<\/strong><br \/>\nOdp.: Oferujemy 30-dniow\u0105 polityk\u0119 zwrot\u00f3w lub wymiany. .<\/p>\n<p><strong>P: Czy wyst\u0105pi\u0105 jakie\u015b problemy celne?<br \/>\n<\/strong>Obs\u0142ugujemy wszystkie procedury odprawy celnej, aby zapewni\u0107 Ci bezproblemow\u0105 obs\u0142ug\u0119. .<\/p>\n<p><strong>P: Jakie metody wysy\u0142ki s\u0105 stosowane?<\/strong><br \/>\nWsp\u00f3\u0142pracujemy z firmami UPS\/DHL\/FEDEX\/DPD itp. W zale\u017cno\u015bci od kraju dostawy wybierzemy odpowiedni\u0105 opcj\u0119 wysy\u0142ki, tak aby produkty dotar\u0142y do \u200b\u200bPa\u0144stwa najszybciej jak to mo\u017cliwe.<\/p>\n<p><a href=\"https:\/\/pgvape.com\/pl\/czesto-zadawane-pytania\/\">Kliknij tutaj, aby uzyska\u0107 wi\u0119cej cz\u0119sto zadawanych pyta\u0144<\/a><\/p>\n<p>Szanowni klienci, je\u015bli masz jakiekolwiek pytania dotycz\u0105ce zam\u00f3wienia lub przybycia towaru, skontaktuj si\u0119 z naszym dzia\u0142em obs\u0142ugi klienta. Dzi\u0119kuj\u0119!<\/p>\n<h3 data-sourcepos=\"73:1-73:21\"><strong data-sourcepos=\"73:7-73:21\">Skontaktuj si\u0119 z nami<\/strong><\/h3>\n<div id=\"text-2419739398\" class=\"text\">\n<p><strong data-sourcepos=\"75:3-75:12\">E-mail<\/strong>:\u00a0<a href=\"mailto:support@pgvape.com\"><strong>support@pgvape.com<\/strong><\/a><\/p>\n<p><strong data-sourcepos=\"76:3-76:15\">WhatsApp<\/strong>:\u00a0<a href=\"https:\/\/wa.me\/+8618128481258\"><strong>+86 18128481258<\/strong><\/a><br \/>\n<strong>(Odpowied\u017a w ci\u0105gu 24 godzin w dni robocze)<\/strong><\/p>\n<\/div>\n<h3><strong>Dzi\u0119kujemy za wybranie pgvape.com! .<\/strong><\/h3>\n<\/div>","protected":false},"excerpt":{"rendered":"<p><strong data-sourcepos=\"45:5-45:32\">Bang Leader 20000 zaci\u0105gni\u0119\u0107<\/strong>\u00a0\u0142\u0105czy\u00a0<strong data-sourcepos=\"45:42-45:71\">wydajno\u015b\u0107 o du\u017cej pojemno\u015bci<\/strong>,\u00a0<strong data-sourcepos=\"45:73-45:97\">technologi\u0119 podw\u00f3jnej cewki<\/strong>, I\u00a0<strong data-sourcepos=\"45:103-45:124\">12 opcji smakowych<\/strong>\u00a0w\u00a0<strong data-sourcepos=\"45:130-45:156\">elegancka, przeno\u015bna konstrukcja<\/strong>.<\/p>","protected":false},"featured_media":6212,"comment_status":"open","ping_status":"closed","template":"","meta":{"_seopress_robots_primary_cat":"none","_seopress_titles_title":"","_seopress_titles_desc":"","_seopress_robots_index":""},"product_brand":[54,516],"product_cat":[515,461,84],"product_tag":[367,366,90,459,203],"class_list":{"0":"post-6192","1":"product","2":"type-product","3":"status-publish","4":"has-post-thumbnail","6":"product_brand-bang-leader-vape","7":"product_brand-disposable-vape","8":"product_cat-disposable-vape","9":"product_cat-bang-leader-vape-eu","10":"product_cat-20k-puffs-vape","11":"product_tag-20k-puffs-vape","12":"product_tag-bang-leader-20000","13":"product_tag-disposable-vape","14":"product_tag-free-shipping","15":"product_tag-shipment-from-eu","17":"first","18":"instock","19":"sale","20":"shipping-taxable","21":"purchasable","22":"product-type-variable"},"_links":{"self":[{"href":"https:\/\/pgvape.com\/pl\/wp-json\/wp\/v2\/product\/6192","targetHints":{"allow":["GET"]}}],"collection":[{"href":"https:\/\/pgvape.com\/pl\/wp-json\/wp\/v2\/product"}],"about":[{"href":"https:\/\/pgvape.com\/pl\/wp-json\/wp\/v2\/types\/product"}],"replies":[{"embeddable":true,"href":"https:\/\/pgvape.com\/pl\/wp-json\/wp\/v2\/comments?post=6192"}],"wp:featuredmedia":[{"embeddable":true,"href":"https:\/\/pgvape.com\/pl\/wp-json\/wp\/v2\/media\/6212"}],"wp:attachment":[{"href":"https:\/\/pgvape.com\/pl\/wp-json\/wp\/v2\/media?parent=6192"}],"wp:term":[{"taxonomy":"product_brand","embeddable":true,"href":"https:\/\/pgvape.com\/pl\/wp-json\/wp\/v2\/product_brand?post=6192"},{"taxonomy":"product_cat","embeddable":true,"href":"https:\/\/pgvape.com\/pl\/wp-json\/wp\/v2\/product_cat?post=6192"},{"taxonomy":"product_tag","embeddable":true,"href":"https:\/\/pgvape.com\/pl\/wp-json\/wp\/v2\/product_tag?post=6192"}],"curies":[{"name":"wp","href":"https:\/\/api.w.org\/{rel}","templated":true}]}}