{"id":6121,"date":"2025-11-14T13:29:33","date_gmt":"2025-11-14T13:29:33","guid":{"rendered":"https:\/\/pgvape.com\/?post_type=product&#038;p=6121"},"modified":"2026-04-18T15:31:10","modified_gmt":"2026-04-18T15:31:10","slug":"bang-lider-80000-80-tys-zaciagniec-3-w-1-potrojne-smaki-jednorazowy-vape-wysylka-z-ue-darmowa-wysylka-vape-bezposrednio-z-fabryki","status":"publish","type":"product","link":"https:\/\/pgvape.com\/pl\/produkt\/bang-lider-80000-80-tys-zaciagniec-3-w-1-potrojne-smaki-jednorazowy-vape-wysylka-z-ue-darmowa-wysylka-vape-bezposrednio-z-fabryki\/","title":{"rendered":"Bang Leader 80000 | 80K Ptysi 3 w 1 Potr\u00f3jne Smaki Jednorazowy Vape | Wysy\u0142ka z UE | Bezp\u0142atna wysy\u0142ka | Vape Factory Direct"},"content":{"rendered":"<p><strong>Bang Leader 80000 80K Puffs Jednorazowy Vape<\/strong> to najlepszy wyb\u00f3r dla os\u00f3b poszukuj\u0105cych r\u00f3\u017cnorodno\u015bci, trwa\u0142o\u015bci i wydajno\u015bci na najwy\u017cszym poziomie. .<br \/>\nBang Leader 80K Wysy\u0142any bezpo\u015brednio z naszego magazynu w UE, gwarantuje szybk\u0105, woln\u0105 od podatku dostaw\u0119 i autentyczno\u015b\u0107 100% \u2013 zapewniaj\u0105c najwy\u017cszej jako\u015bci wra\u017cenia z waporyzacji prosto pod Twoje drzwi.<\/p>\n<p>&nbsp;<\/p>\n<h2><span style=\"font-size: 90%;\">Bang Leader 80000 | 80K Ptysi 3 w 1 Potr\u00f3jne Smaki Jednorazowy Vape Dane techniczne produktu:<\/span><\/h2>\n<p><strong>Pojemno\u015b\u0107 zaci\u0105gni\u0119cia:<\/strong>\u00a0Do 80 000 zaci\u0105gni\u0119\u0107<\/p>\n<p><strong>Pojemno\u015b\u0107 e-cieczy:<\/strong>\u00a078 ml fabrycznie nape\u0142nione (3 saszetki po 26 ml ka\u017cda)<\/p>\n<p><strong>Typ cewki:<\/strong>\u00a0Cewka siatkowa 1,0 \u03a9<\/p>\n<p><strong>Pojemno\u015b\u0107 baterii:<\/strong>\u00a0Akumulator o pojemno\u015bci 850 mAh<\/p>\n<p><strong>Port \u0142adowania:<\/strong>\u00a0Szybkie \u0142adowanie typu C<\/p>\n<p><strong>Opcje nikotyny:<\/strong>,2%<\/p>\n<p><strong>System smakowy:<\/strong>\u00a0Konfiguracja potr\u00f3jnego smaku 3 w 1<\/p>\n<p><strong>Dost\u0119pne smaki:<\/strong>\u00a012 dynamicznych kombinacji smakowych<\/p>\n<p><strong>Ruchliwo\u015b\u0107:<\/strong>\u00a0Kompaktowa i ergonomiczna konstrukcja do u\u017cytku w podr\u00f3\u017cy<\/p>\n<p><strong data-sourcepos=\"15:3-15:28\">Wysy\u0142ka z magazynu UE<\/strong>\u00a0\u2013 Szybka dostawa bez podatku<\/p>\n<p>&nbsp;<\/p>\n<h3><span style=\"font-size: 90%;\">Bang Leader 80000 | 80K Ptysi 3 w 1 Potr\u00f3jne Smaki Jednorazowe Vape Lista Smak\u00f3w:<\/span><\/h3>\n<p><strong>1.L\u00f3d Arbuzowy + Truskawka I Mango + Banan<\/strong><\/p>\n<p><strong>2.Malinowy Mojito Brzoskwiniowy L\u00f3d + Truskawka I Arbuz Kiwi Marakuja Gujawa<\/strong><\/p>\n<p><strong>3.Truskawka i arbuz + l\u00f3d winogronowy + t\u0119czowe cukierki<\/strong><\/p>\n<p><strong>4.Cola Ice + Jagoda Malina + Peach Mango Arbuz<\/strong><\/p>\n<p><strong>5.Arbuz Bor\u00f3wkowy + Mango Truskawkowe + Czarna Porzeczka<\/strong><\/p>\n<p><strong>6.L\u00f3d jagodowy + l\u00f3d czarnego smoka + brzoskwinia mango<\/strong><\/p>\n<p><strong>7. L\u00f3d Jagodowy + Truskawka I Banan + Mieszanka Jag\u00f3d<\/strong><\/p>\n<p><strong>8.Red Bull + Jagoda Arbuz Jab\u0142ko Gruszka<\/strong><\/p>\n<p><strong>9.Red Bull + Arbuzowe Cukierki B\u0105belkowe + Lody Truskawkowe<\/strong><\/p>\n<p><strong>10.Truskawkowe Kiwi + L\u00f3d Brzoskwiniowy + Wi\u015bniowa Cola<\/strong><\/p>\n<p><strong>11.Kiwi Passion + L\u00f3d z Liczi + Mango Peach Sosna<\/strong><\/p>\n<p><strong>12.L\u00f3d Awokado +Limonka Cytrynowa +Malina Arbuzowa<img loading=\"lazy\" decoding=\"async\" class=\"alignnone wp-image-6133 size-full\" src=\"https:\/\/pgvape.com\/wp-content\/uploads\/2025\/11\/Pgvape-Bang-Leader-80000-80K-Puffs-3-in-1-Triple-Flavors-Disposable-Vape-Shipment-from-EU-Free-Shipping-4.png\" alt=\"Kolorowy plakat produktu przedstawiaj\u0105cy dwana\u015bcie gradientowych jednorazowych urz\u0105dze\u0144 do waporyzacji Bang Leader, ka\u017cde z logo kresk\u00f3wkowej ma\u0142py i etykiet\u0105 &#039;80 000 zaci\u0105gni\u0119\u0107&#039;, promuj\u0105cy &#039;Potr\u00f3jne smaki 3 w 1&#039; i zawieraj\u0105cy list\u0119 r\u00f3\u017cnych kombinacji smak\u00f3w owocowych wraz z ikonami typu C, 80 000 zaci\u0105gni\u0119\u0107 i podw\u00f3jn\u0105 siatk\u0105.\" width=\"1900\" height=\"1900\" srcset=\"https:\/\/pgvape.com\/wp-content\/uploads\/2025\/11\/Pgvape-Bang-Leader-80000-80K-Puffs-3-in-1-Triple-Flavors-Disposable-Vape-Shipment-from-EU-Free-Shipping-4.png 1900w, https:\/\/pgvape.com\/wp-content\/uploads\/2025\/11\/Pgvape-Bang-Leader-80000-80K-Puffs-3-in-1-Triple-Flavors-Disposable-Vape-Shipment-from-EU-Free-Shipping-4-360x360.png 360w, https:\/\/pgvape.com\/wp-content\/uploads\/2025\/11\/Pgvape-Bang-Leader-80000-80K-Puffs-3-in-1-Triple-Flavors-Disposable-Vape-Shipment-from-EU-Free-Shipping-4-595x595.png 595w, https:\/\/pgvape.com\/wp-content\/uploads\/2025\/11\/Pgvape-Bang-Leader-80000-80K-Puffs-3-in-1-Triple-Flavors-Disposable-Vape-Shipment-from-EU-Free-Shipping-4-400x400.png 400w, https:\/\/pgvape.com\/wp-content\/uploads\/2025\/11\/Pgvape-Bang-Leader-80000-80K-Puffs-3-in-1-Triple-Flavors-Disposable-Vape-Shipment-from-EU-Free-Shipping-4-768x768.png 768w, https:\/\/pgvape.com\/wp-content\/uploads\/2025\/11\/Pgvape-Bang-Leader-80000-80K-Puffs-3-in-1-Triple-Flavors-Disposable-Vape-Shipment-from-EU-Free-Shipping-4-1536x1536.png 1536w, https:\/\/pgvape.com\/wp-content\/uploads\/2025\/11\/Pgvape-Bang-Leader-80000-80K-Puffs-3-in-1-Triple-Flavors-Disposable-Vape-Shipment-from-EU-Free-Shipping-4-12x12.png 12w, https:\/\/pgvape.com\/wp-content\/uploads\/2025\/11\/Pgvape-Bang-Leader-80000-80K-Puffs-3-in-1-Triple-Flavors-Disposable-Vape-Shipment-from-EU-Free-Shipping-4-300x300.png 300w, https:\/\/pgvape.com\/wp-content\/uploads\/2025\/11\/Pgvape-Bang-Leader-80000-80K-Puffs-3-in-1-Triple-Flavors-Disposable-Vape-Shipment-from-EU-Free-Shipping-4-600x600.png 600w, https:\/\/pgvape.com\/wp-content\/uploads\/2025\/11\/Pgvape-Bang-Leader-80000-80K-Puffs-3-in-1-Triple-Flavors-Disposable-Vape-Shipment-from-EU-Free-Shipping-4-100x100.png 100w, https:\/\/pgvape.com\/wp-content\/uploads\/2025\/11\/Pgvape-Bang-Leader-80000-80K-Puffs-3-in-1-Triple-Flavors-Disposable-Vape-Shipment-from-EU-Free-Shipping-4-40x40.png 40w\" sizes=\"auto, (max-width: 1900px) 100vw, 1900px\" \/><\/strong><\/p>\n<p>&nbsp;<\/p>\n<h3><span style=\"font-size: 90%;\">Bang Leader 80000 | 80K Puffs 3 w 1 Potr\u00f3jne Smaki Jednorazowy Vape\u00a0<strong>Wideo:<\/strong><\/span><\/h3>\n<p><iframe loading=\"lazy\" title=\"Bang Leader 80K Puffs 3 w 1 smaki Jednorazowy Vape z akumulatorowym Vape Hurtownia fabryczna pgvape\" width=\"563\" height=\"1000\" src=\"https:\/\/www.youtube.com\/embed\/-_eUSKzsdRY?feature=oembed\" frameborder=\"0\" allow=\"accelerometer; autoplay; clipboard-write; encrypted-media; gyroscope; picture-in-picture; web-share\" referrerpolicy=\"strict-origin-when-cross-origin\" allowfullscreen><\/iframe><\/p>\n<p>&nbsp;<\/p>\n<h3 class=\"auto-hide-last-sibling-br paragraph-pP9ZLC paragraph-element br-paragraph-space\"><span style=\"font-size: 90%;\">Dlaczego warto wybra\u0107 europejski magazyn PGVape?<\/span><\/h3>\n<p>Szybka wysy\u0142ka: Dostawa do wi\u0119kszo\u015bci kraj\u00f3w UE w ci\u0105gu 3-7 dni roboczych.<\/p>\n<p>Dostawa bezc\u0142owa: Lokalne zapasy w UE zapewniaj\u0105 p\u0142ynn\u0105 i bezc\u0142ow\u0105 wysy\u0142k\u0119.<\/p>\n<p>Autentyczna gwarancja 100%: oryginalne e-papierosy Bang Leader od certyfikowanych dostawc\u00f3w.<\/p>\n<p>\u015awie\u017ce zapasy: Przechowywane w kontrolowanych warunkach, aby zapewni\u0107 optymaln\u0105 jako\u015b\u0107.<\/p>\n<p>Zaufali Europejczycy: Tysi\u0105ce klient\u00f3w korzysta z szybkich i bezpiecznych us\u0142ug e-papieros\u00f3w oferowanych przez PGVape.<\/p>\n<p>&nbsp;<\/p>\n<h2><span style=\"font-size: 90%;\">Cz\u0119sto zadawane pytania dotycz\u0105ce Bang Leader 80000 | 80K Puffs Jednorazowy waporyzator 3 w 1 o potr\u00f3jnych smakach<\/span><\/h2>\n<p data-sourcepos=\"33:1-34:75\">\u2753 <strong data-sourcepos=\"33:3-33:39\">Jak dzia\u0142a system 3 w 1?<br \/>\n<\/strong> \u2705 Trzy oddzielne kapsu\u0142ki o pojemno\u015bci 26 ml umo\u017cliwiaj\u0105 natychmiastow\u0105 zmian\u0119 smaku w jednym urz\u0105dzeniu.<\/p>\n<p data-sourcepos=\"36:1-37:75\">\u2753 <strong data-sourcepos=\"36:3-36:47\">Czy bateria wystarczy na 80 tys. zaci\u0105gni\u0119\u0107?<\/strong><br \/>\n\u2705 <strong data-sourcepos=\"37:7-37:25\">Bateria 850 mAh<\/strong> z <strong data-sourcepos=\"37:31-37:50\">\u0141adowanie typu C<\/strong> obs\u0142uguje d\u0142ugotrwa\u0142e u\u017cytkowanie.<\/p>\n<p data-sourcepos=\"39:1-40:73\">\u2753 <strong data-sourcepos=\"39:3-39:40\">Co sprawia, \u017ce \u200b\u200bcewka siatkowa jest wyj\u0105tkowa?<br \/>\n<\/strong> \u2705 <strong data-sourcepos=\"40:3-40:21\">Cewka siatkowa 1,0 \u03a9<\/strong> dostarcza <strong data-sourcepos=\"40:31-40:50\">50% wi\u0119cej smaku<\/strong> ni\u017c standardowe cewki.<\/p>\n<p>\u2753\u00a0<strong data-sourcepos=\"50:3-50:42\">Sk\u0105d jest wysy\u0142any ten produkt?<\/strong><br \/>\n\u2705\u00a0Bezpo\u015brednio z\u00a0<strong data-sourcepos=\"51:15-51:32\">Magazyny UE<\/strong>\u00a0Do\u00a0<strong data-sourcepos=\"51:37-51:64\">szybka dostawa bez podatku<\/strong>.<\/p>\n<p data-sourcepos=\"45:1-46:65\">\u2753 <strong data-sourcepos=\"45:3-45:36\">Czy smaki mo\u017cna personalizowa\u0107?<br \/>\n<\/strong> \u2705 Wst\u0119pnie ustawione kombinacje premium \u2013 idealne dla odkrywc\u00f3w smak\u00f3w!<\/p>\n<p>&nbsp;<\/p>\n<h3 id=\"brxe-najhln\" class=\"brxe-heading\">Cz\u0119sto zadawane pytania (FAQ)<\/h3>\n<div id=\"brxe-rajiac\" class=\"brxe-text\">\n<p><strong>P: Jakie metody p\u0142atno\u015bci akceptujecie?<\/strong><br \/>\nOdp.: Akceptujemy PayPal, Stripe, przelewy bankowe (obs\u0142ugiwane SEPA), g\u0142\u00f3wne karty kredytowe (Visa, MasterCard, American Express) i p\u0142atno\u015bci w kryptowalutach.<\/p>\n<p><strong>P: Jak d\u0142ugo trwa przygotowanie zam\u00f3wienia?<\/strong><br \/>\nOdp.: Przygotowanie zam\u00f3wienia zajmuje 1-3 dni robocze.<\/p>\n<p><strong>P: Jaki jest czas wysy\u0142ki?<\/strong><br \/>\nOdp.: Czas wysy\u0142ki wynosi 7-14 dni roboczych, w zale\u017cno\u015bci od Twojej lokalizacji. Dostawa towar\u00f3w z europejskich magazyn\u00f3w trwa zazwyczaj 3-6 dni roboczych.<\/p>\n<p><strong>P: Jak mog\u0119 \u015bledzi\u0107 moje zam\u00f3wienie?<\/strong><br \/>\nOdp.: Po wysy\u0142ce otrzymasz wiadomo\u015b\u0107 e-mail z potwierdzeniem i numerem przesy\u0142ki umo\u017cliwiaj\u0105cym \u015bledzenie w czasie rzeczywistym.<\/p>\n<p><strong>P: Jaka jest Twoja polityka zwrot\u00f3w?<\/strong><br \/>\nOdp.: Oferujemy 30-dniow\u0105 polityk\u0119 zwrot\u00f3w lub wymiany. .<\/p>\n<p><strong>P: Czy wyst\u0105pi\u0105 jakie\u015b problemy celne?<br \/>\n<\/strong>Obs\u0142ugujemy wszystkie procedury odprawy celnej, aby zapewni\u0107 Ci bezproblemow\u0105 obs\u0142ug\u0119. .<\/p>\n<p><strong>P: Jakie metody wysy\u0142ki s\u0105 stosowane?<\/strong><br \/>\nWsp\u00f3\u0142pracujemy z firmami UPS\/DHL\/FEDEX\/DPD itp. W zale\u017cno\u015bci od kraju dostawy wybierzemy odpowiedni\u0105 opcj\u0119 wysy\u0142ki, tak aby produkty dotar\u0142y do \u200b\u200bPa\u0144stwa najszybciej jak to mo\u017cliwe.<\/p>\n<p><a href=\"https:\/\/pgvape.com\/pl\/czesto-zadawane-pytania\/\">Kliknij tutaj, aby uzyska\u0107 wi\u0119cej cz\u0119sto zadawanych pyta\u0144<\/a><\/p>\n<p>Szanowni klienci, je\u015bli masz jakiekolwiek pytania dotycz\u0105ce zam\u00f3wienia lub przybycia towaru, skontaktuj si\u0119 z naszym dzia\u0142em obs\u0142ugi klienta. Dzi\u0119kuj\u0119!<\/p>\n<h3 data-sourcepos=\"73:1-73:21\"><strong data-sourcepos=\"73:7-73:21\">Skontaktuj si\u0119 z nami<\/strong><\/h3>\n<div id=\"text-2419739398\" class=\"text\">\n<p><strong data-sourcepos=\"75:3-75:12\">E-mail<\/strong>:\u00a0<a href=\"mailto:support@pgvape.com\"><strong>support@pgvape.com<\/strong><\/a><\/p>\n<p><strong data-sourcepos=\"76:3-76:15\">WhatsApp<\/strong>:\u00a0<a href=\"https:\/\/wa.me\/+8618128481258\"><strong>+86 18128481258<\/strong><\/a><br \/>\n<strong>(Odpowied\u017a w ci\u0105gu 24 godzin w dni robocze)<\/strong><\/p>\n<\/div>\n<h3><strong>Dzi\u0119kujemy za wybranie pgvape.com! .<\/strong><\/h3>\n<\/div>","protected":false},"excerpt":{"rendered":"<p>\u201cNigdy si\u0119 nie znud\u017a <strong data-sourcepos=\"49:23-49:48\">trzy smaki premium<\/strong> w jednym eleganckim urz\u0105dzeniu! <strong data-sourcepos=\"49:74-49:98\">The<\/strong> Wydajno\u015b\u0107 80 000 zaci\u0105gni\u0119\u0107 <strong data-sourcepos=\"49:122-49:135\">cewka siatkowa<\/strong> gwarantuje maksimum smaku. \u201d<\/p>","protected":false},"featured_media":6130,"comment_status":"open","ping_status":"closed","template":"","meta":{"_seopress_robots_primary_cat":"none","_seopress_titles_title":"","_seopress_titles_desc":"","_seopress_robots_index":""},"product_brand":[54,516],"product_cat":[515,461,41],"product_tag":[56,465,55,90,459,203],"class_list":{"0":"post-6121","1":"product","2":"type-product","3":"status-publish","4":"has-post-thumbnail","6":"product_brand-bang-leader-vape","7":"product_brand-disposable-vape","8":"product_cat-disposable-vape","9":"product_cat-bang-leader-vape-eu","10":"product_cat-80k-puffs-vape","11":"product_tag-3-in-1-triple-flavors","12":"product_tag-80k-puffs-vape","13":"product_tag-bang-leader-80000","14":"product_tag-disposable-vape","15":"product_tag-free-shipping","16":"product_tag-shipment-from-eu","18":"first","19":"instock","20":"sale","21":"shipping-taxable","22":"purchasable","23":"product-type-variable"},"_links":{"self":[{"href":"https:\/\/pgvape.com\/pl\/wp-json\/wp\/v2\/product\/6121","targetHints":{"allow":["GET"]}}],"collection":[{"href":"https:\/\/pgvape.com\/pl\/wp-json\/wp\/v2\/product"}],"about":[{"href":"https:\/\/pgvape.com\/pl\/wp-json\/wp\/v2\/types\/product"}],"replies":[{"embeddable":true,"href":"https:\/\/pgvape.com\/pl\/wp-json\/wp\/v2\/comments?post=6121"}],"wp:featuredmedia":[{"embeddable":true,"href":"https:\/\/pgvape.com\/pl\/wp-json\/wp\/v2\/media\/6130"}],"wp:attachment":[{"href":"https:\/\/pgvape.com\/pl\/wp-json\/wp\/v2\/media?parent=6121"}],"wp:term":[{"taxonomy":"product_brand","embeddable":true,"href":"https:\/\/pgvape.com\/pl\/wp-json\/wp\/v2\/product_brand?post=6121"},{"taxonomy":"product_cat","embeddable":true,"href":"https:\/\/pgvape.com\/pl\/wp-json\/wp\/v2\/product_cat?post=6121"},{"taxonomy":"product_tag","embeddable":true,"href":"https:\/\/pgvape.com\/pl\/wp-json\/wp\/v2\/product_tag?post=6121"}],"curies":[{"name":"wp","href":"https:\/\/api.w.org\/{rel}","templated":true}]}}