{"id":6086,"date":"2025-11-14T11:45:53","date_gmt":"2025-11-14T11:45:53","guid":{"rendered":"https:\/\/pgvape.com\/?post_type=product&#038;p=6086"},"modified":"2026-04-18T15:31:11","modified_gmt":"2026-04-18T15:31:11","slug":"bang-lider-50000-50-tys-zaciagniec-podwojne-smaki-jednorazowe-vape-wysylka-z-ue-darmowa-wysylka-vape-factory-direct","status":"publish","type":"product","link":"https:\/\/pgvape.com\/pl\/produkt\/bang-lider-50000-50-tys-zaciagniec-podwojne-smaki-jednorazowe-vape-wysylka-z-ue-darmowa-wysylka-vape-factory-direct\/","title":{"rendered":"Bang Leader 50000 | 50K Puffs Podw\u00f3jny Smak Jednorazowy Vape | Wysy\u0142ka z UE | Bezp\u0142atna wysy\u0142ka | Vape Factory Direct"},"content":{"rendered":"<p><strong data-sourcepos=\"6:5-6:59\">Jednorazowy Vape Bang Leader 50K Puffs Dual Favours<\/strong>\u00a0na nowo definiuje przed\u0142u\u017cone wapowanie\u00a0<strong data-sourcepos=\"6:91-6:107\">50 000 zaci\u0105gni\u0119\u0107<\/strong>\u00a0z masywu\u00a0<strong data-sourcepos=\"6:123-6:149\">Pojemno\u015b\u0107 e-liquidu 36 ml<\/strong>, zasilany przez A\u00a0<strong data-sourcepos=\"6:164-6:195\">Akumulator o pojemno\u015bci 650 mAh<\/strong><span class=\"CustomP_animated_char__m3r9w\">.<\/span><span class=\"CustomP_animated_char__m3r9w\">\u00a0<\/span><span class=\"CustomP_animated_char__m3r9w\">Zawiera<\/span><span class=\"CustomP_animated_char__m3r9w\">\u00a0<\/span><strong data-sourcepos=\"6:207-6:226\">podw\u00f3jne cewki siatkowe<\/strong>\u00a0I\u00a0<strong data-sourcepos=\"6:231-6:253\">regulowana moc<\/strong>, zapewnia bogat\u0105 i g\u0142adk\u0105 par\u0119.\u00a0<strong data-sourcepos=\"6:291-6:315\">Szybkie \u0142adowanie typu C<\/strong><span class=\"CustomP_animated_char__m3r9w\">\u00a0<\/span><span class=\"CustomP_animated_char__m3r9w\">I<\/span><span class=\"CustomP_animated_char__m3r9w\">\u00a0<\/span><strong data-sourcepos=\"6:320-6:337\">inteligentny wy\u015bwietlacz<\/strong><span class=\"CustomP_animated_char__m3r9w\">\u00a0<\/span><span class=\"CustomP_animated_char__m3r9w\">(<\/span><span class=\"CustomP_animated_char__m3r9w\">seans<\/span><span class=\"CustomP_animated_char__m3r9w\">\u00a0<\/span><span class=\"CustomP_animated_char__m3r9w\">bateria<\/span><span class=\"CustomP_animated_char__m3r9w\">\/<\/span><span class=\"CustomP_animated_char__m3r9w\">mi<\/span><span class=\"CustomP_animated_char__m3r9w\">\u2013<\/span><span class=\"CustomP_animated_char__m3r9w\">p\u0142yn<\/span><span class=\"CustomP_animated_char__m3r9w\">\u00a0<\/span><span class=\"CustomP_animated_char__m3r9w\">poziomy<\/span><span class=\"CustomP_animated_char__m3r9w\">)<\/span><span class=\"CustomP_animated_char__m3r9w\">\u00a0<\/span><span class=\"CustomP_animated_char__m3r9w\">zapewni\u0107<\/span><span class=\"CustomP_animated_char__m3r9w\">\u00a0<\/span><span class=\"CustomP_animated_char__m3r9w\">wygoda<\/span><span class=\"CustomP_animated_char__m3r9w\">,<\/span><span class=\"CustomP_animated_char__m3r9w\">\u00a0<\/span><span class=\"CustomP_animated_char__m3r9w\">chwila<\/span><span class=\"CustomP_animated_char__m3r9w\">\u00a0<\/span><strong data-sourcepos=\"6:398-6:429\">12 kombinacji o dw\u00f3ch smakach<\/strong><span class=\"CustomP_animated_char__m3r9w\">\u00a0<\/span><span class=\"CustomP_animated_char__m3r9w\">oferta<\/span><span class=\"CustomP_animated_char__m3r9w\">\u00a0<\/span><span class=\"CustomP_animated_char__m3r9w\">niezr\u00f3wnany<\/span><span class=\"CustomP_animated_char__m3r9w\">\u00a0<\/span><span class=\"CustomP_animated_char__m3r9w\">r\u00f3\u017cnorodno\u015b\u0107<\/span><span class=\"CustomP_animated_char__m3r9w\">\u2013<\/span><span class=\"CustomP_animated_char__m3r9w\">smak<\/span><span class=\"CustomP_animated_char__m3r9w\">\u00a0<\/span><span class=\"CustomP_animated_char__m3r9w\">kombinacje<\/span><span class=\"CustomP_animated_char__m3r9w\">*<\/span><span class=\"CustomP_animated_char__m3r9w\">*<\/span><span class=\"CustomP_animated_char__m3r9w\">\u00a0<\/span><span class=\"CustomP_animated_char__m3r9w\">oferta<\/span><span class=\"CustomP_animated_char__m3r9w\">\u00a0<\/span><span class=\"CustomP_animated_char__m3r9w\">niezr\u00f3wnany<\/span><span class=\"CustomP_animated_char__m3r9w\">\u00a0<\/span><span class=\"CustomP_animated_char__m3r9w\">r\u00f3\u017cnorodno\u015b\u0107<\/span><span class=\"CustomP_animated_char__m3r9w\">.<\/span><span class=\"CustomP_animated_char__m3r9w\">\u00a0<\/span><span class=\"CustomP_animated_char__m3r9w\">Pakowane<\/span><span class=\"CustomP_animated_char__m3r9w\">\u00a0<\/span><strong data-sourcepos=\"6:510-6:531\">10 sztuk w pude\u0142ku<\/strong><span class=\"CustomP_animated_char__m3r9w\">,<\/span><span class=\"CustomP_animated_char__m3r9w\">\u00a0<\/span><span class=\"CustomP_animated_char__m3r9w\">To<\/span><span class=\"CustomP_animated_char__m3r9w\">\u2018<\/span><span class=\"CustomP_animated_char__m3r9w\">S<\/span><span class=\"CustomP_animated_char__m3r9w\">\u00a0<\/span><span class=\"CustomP_animated_char__m3r9w\">doskona\u0142y<\/span><span class=\"CustomP_animated_char__m3r9w\">\u00a0<\/span><span class=\"CustomP_animated_char__m3r9w\">Do<\/span><span class=\"CustomP_animated_char__m3r9w\">\u00a0<\/span><span class=\"CustomP_animated_char__m3r9w\">detali\u015bci<\/span><span class=\"CustomP_animated_char__m3r9w\">\u00a0<\/span><span class=\"CustomP_animated_char__m3r9w\">I<\/span><span class=\"CustomP_animated_char__m3r9w\">\u00a0<\/span><span class=\"CustomP_animated_char__m3r9w\">smak<\/span><span class=\"CustomP_animated_char__m3r9w\">*<\/span><span class=\"CustomP_animated_char__m3r9w\">*<\/span><span class=\"CustomP_animated_char__m3r9w\">,<\/span><span class=\"CustomP_animated_char__m3r9w\">\u00a0<\/span><span class=\"CustomP_animated_char__m3r9w\">To<\/span><span class=\"CustomP_animated_char__m3r9w\">\u2018<\/span><span class=\"CustomP_animated_char__m3r9w\">S<\/span><span class=\"CustomP_animated_char__m3r9w\">\u00a0<\/span><span class=\"CustomP_animated_char__m3r9w\">doskona\u0142y<\/span><span class=\"CustomP_animated_char__m3r9w\">\u00a0<\/span><span class=\"CustomP_animated_char__m3r9w\">Do<\/span><span class=\"CustomP_animated_char__m3r9w\">\u00a0<\/span><span class=\"CustomP_animated_char__m3r9w\">detali\u015bci<\/span><span class=\"CustomP_animated_char__m3r9w\">\u00a0<\/span><span class=\"CustomP_animated_char__m3r9w\">I<\/span><span class=\"CustomP_animated_char__m3r9w\">\u00a0<\/span><span class=\"CustomP_animated_char__m3r9w\">smak<\/span><span class=\"CustomP_animated_char__m3r9w\">\u2013<\/span><span class=\"CustomP_animated_char__m3r9w\">szukaj\u0105c<\/span><span class=\"CustomP_animated_char__m3r9w\">\u00a0<\/span><span class=\"CustomP_animated_char__m3r9w\">waperzy<\/span><span class=\"CustomP_animated_char__m3r9w\">.<br \/>\nBang Leader 50K Wysy\u0142any bezpo\u015brednio z naszego magazynu w UE, gwarantuje szybk\u0105, woln\u0105 od podatku dostaw\u0119 i autentyczno\u015b\u0107 100% \u2013 zapewniaj\u0105c najwy\u017cszej jako\u015bci wra\u017cenia z waporyzacji prosto pod Twoje drzwi.<br \/>\n<\/span><\/p>\n<p>&nbsp;<\/p>\n<h2><span style=\"font-size: 90%;\">Bang Leader 50000 | 50K Puffs Dual Favours Jednorazowy Vape Specyfikacja produktu<\/span><\/h2>\n<p><strong data-sourcepos=\"11:3-11:24\">Opcje nikotyny:<\/strong> <strong data-sourcepos=\"11:25-11:46\">2%<\/strong><\/p>\n<p><strong data-sourcepos=\"12:3-12:18\">Liczba zaci\u0105gni\u0119\u0107:<\/strong>\u00a0<strong data-sourcepos=\"12:19-12:35\">50 000 zaci\u0105gni\u0119\u0107<\/strong><span class=\"CustomP_animated_char__m3r9w\">\u00a0<\/span><span class=\"CustomP_animated_char__m3r9w\">(<\/span><span class=\"CustomP_animated_char__m3r9w\">Ult<\/span><span class=\"CustomP_animated_char__m3r9w\">ra<\/span><span class=\"CustomP_animated_char__m3r9w\">\u2013<\/span><span class=\"CustomP_animated_char__m3r9w\">d\u0142ugi<\/span><span class=\"CustomP_animated_char__m3r9w\">\u00a0<\/span><span class=\"CustomP_animated_char__m3r9w\">\u017cywotno\u015b\u0107<\/span><span class=\"CustomP_animated_char__m3r9w\">)<\/span><\/p>\n<p><strong data-sourcepos=\"13:3-13:25\">Pojemno\u015b\u0107 e-cieczy:<\/strong>\u00a0<strong data-sourcepos=\"13:26-13:34\">36ml<\/strong><span class=\"CustomP_animated_char__m3r9w\">\u00a0<\/span><span class=\"CustomP_animated_char__m3r9w\">(<\/span><span class=\"CustomP_animated_char__m3r9w\">Przemys\u0142<\/span><span class=\"CustomP_animated_char__m3r9w\">\u2013<\/span><span class=\"CustomP_animated_char__m3r9w\">prowadz\u0105cy<\/span><span class=\"CustomP_animated_char__m3r9w\">\u00a0<\/span><span class=\"CustomP_animated_char__m3r9w\">tom<\/span><span class=\"CustomP_animated_char__m3r9w\">)<\/span><\/p>\n<p><strong data-sourcepos=\"14:3-14:15\">Bateria:<\/strong>\u00a0<strong data-sourcepos=\"14:16-14:39\">Akumulator 650 mAh<\/strong>\u00a0+\u00a0<strong data-sourcepos=\"14:42-14:66\">Szybkie \u0142adowanie typu C<\/strong><\/p>\n<p><strong data-sourcepos=\"15:3-15:12\">Cewka:<\/strong>\u00a0<strong data-sourcepos=\"15:13-15:26\">Podw\u00f3jna siatka<\/strong><span class=\"CustomP_animated_char__m3r9w\">\u00a0<\/span><span class=\"CustomP_animated_char__m3r9w\">(<\/span><span class=\"CustomP_animated_char__m3r9w\">Wzmocniony<\/span><span class=\"CustomP_animated_char__m3r9w\">\u00a0<\/span><span class=\"CustomP_animated_char__m3r9w\">smak<\/span><span class=\"CustomP_animated_char__m3r9w\">\u00a0<\/span><span class=\"CustomP_animated_char__m3r9w\">&amp;<\/span><span class=\"CustomP_animated_char__m3r9w\">\u00a0<\/span><span class=\"CustomP_animated_char__m3r9w\">para<\/span><span class=\"CustomP_animated_char__m3r9w\">\u00a0<\/span><span class=\"CustomP_animated_char__m3r9w\">g\u0119sto\u015b\u0107<\/span><span class=\"CustomP_animated_char__m3r9w\">)<\/span><\/p>\n<p><strong data-sourcepos=\"16:3-16:21\">Personalizacja:<\/strong>\u00a0<strong data-sourcepos=\"16:22-16:44\">Regulowana moc<\/strong><span class=\"CustomP_animated_char__m3r9w\">\u00a0<\/span><span class=\"CustomP_animated_char__m3r9w\">(<\/span><span class=\"CustomP_animated_char__m3r9w\">Ogon<\/span><span class=\"CustomP_animated_char__m3r9w\">Lub<\/span><span class=\"CustomP_animated_char__m3r9w\">\u00a0<\/span><span class=\"CustomP_animated_char__m3r9w\">tw\u00f3j<\/span><span class=\"CustomP_animated_char__m3r9w\">\u00a0<\/span><span class=\"CustomP_animated_char__m3r9w\">wapowanie<\/span><span class=\"CustomP_animated_char__m3r9w\">\u00a0<\/span><span class=\"CustomP_animated_char__m3r9w\">intensywno\u015b\u0107<\/span><span class=\"CustomP_animated_char__m3r9w\">)<\/span><\/p>\n<p><strong data-sourcepos=\"17:3-17:15\">Wy\u015bwietlacz:<\/strong>\u00a0<strong data-sourcepos=\"17:16-17:59\">Monitorowanie baterii i e-cieczy w czasie rzeczywistym<\/strong><\/p>\n<p><strong data-sourcepos=\"18:3-18:21\">System smakowy:<\/strong>\u00a0<strong data-sourcepos=\"18:22-18:53\">12 kombinacji o podw\u00f3jnym smaku<\/strong><span class=\"CustomP_animated_char__m3r9w\">\u00a0<\/span><span class=\"CustomP_animated_char__m3r9w\">(<\/span><span class=\"CustomP_animated_char__m3r9w\">Miesza\u0107<\/span><span class=\"CustomP_animated_char__m3r9w\">\u00a0<\/span><span class=\"CustomP_animated_char__m3r9w\">&amp;<\/span><span class=\"CustomP_animated_char__m3r9w\">\u00a0<\/span><span class=\"CustomP_animated_char__m3r9w\">mecz<\/span><span class=\"CustomP_animated_char__m3r9w\">\u00a0<\/span><span class=\"CustomP_animated_char__m3r9w\">profile<\/span><span class=\"CustomP_animated_char__m3r9w\">)<\/span><\/p>\n<p><strong data-sourcepos=\"19:3-19:17\">Opakowanie:<\/strong>\u00a0<strong data-sourcepos=\"19:18-19:32\">10 sztuk\/pude\u0142ko<\/strong><span class=\"CustomP_animated_char__m3r9w\">\u00a0<\/span><span class=\"CustomP_animated_char__m3r9w\">(<\/span><span class=\"CustomP_animated_char__m3r9w\">Sprzeda\u017c detaliczna<\/span><span class=\"CustomP_animated_char__m3r9w\">\u2013<\/span><span class=\"CustomP_animated_char__m3r9w\">gotowy<\/span><span class=\"CustomP_animated_char__m3r9w\">)<\/span><\/p>\n<p><strong data-sourcepos=\"15:3-15:28\">Wysy\u0142ka z magazynu UE<\/strong>\u00a0\u2013 Szybka dostawa bez podatku<\/p>\n<p>&nbsp;<\/p>\n<h3><span style=\"font-size: 90%;\">Bang Leader 50000 | 50K Puffs Podw\u00f3jne smaki Jednorazowa lista smak\u00f3w Vape<\/span><\/h3>\n<p>1.Truskawka Malina Wi\u015bnia L\u00f3d \/ Wi\u015bnia<\/p>\n<p>2. Arbuz Truskawka \/ Arbuz<\/p>\n<p>3. Czarne winogrona \/ zielone winogrona<\/p>\n<p>4.Gruszka Jab\u0142kowa \/ Guawa z Marakui Kiwi<\/p>\n<p>5. Lemoniada Ananasowa \/ Limonka Cytrynowa<\/p>\n<p>6.L\u00f3d bananowy \/ Mango<\/p>\n<p>7.Jagoda Kwa\u015bna Malina \/ Bor\u00f3wka<\/p>\n<p>8.Wi\u015bniowa Cola \/ R\u00f3\u017cowa Lemoniada<\/p>\n<p>9.Lemoniada jagodowo-malinowa \/ L\u00f3d truskawkowo-malinowo-wi\u015bniowy<\/p>\n<p>10.Truskawkowe Kiwi \/ L\u00f3d Truskawkowy<\/p>\n<p>11. Marakuja Ananasowa \/ L\u00f3d Ananasowy<\/p>\n<p>12.Malinowe Mojito \/ Wi\u015bniowo-Malinowo-Limonkowe<img loading=\"lazy\" decoding=\"async\" class=\"alignnone wp-image-6108 size-full\" src=\"https:\/\/pgvape.com\/wp-content\/uploads\/2025\/11\/Pgvape-Bang-eader-50000-50K-Puffs-Dual-Flavors-Disposable-Vape-Shipment-from-EU-Free-Shipping-2.png\" alt=\"Siatka kolorowych, kompaktowych urz\u0105dze\u0144 w stylu vape, u\u0142o\u017conych w rz\u0119dach na niebieskim tle z motywem kosmicznym, ka\u017cda jednostka o sze\u015bciok\u0105tnej obudowie wyposa\u017cona w centralny czarny wy\u015bwietlacz ze wska\u017anikami numerycznymi i s\u0142upkowymi oraz ma\u0142\u0105 grafik\u0119 lub logo na korpusie.\" width=\"1500\" height=\"1054\" srcset=\"https:\/\/pgvape.com\/wp-content\/uploads\/2025\/11\/Pgvape-Bang-eader-50000-50K-Puffs-Dual-Flavors-Disposable-Vape-Shipment-from-EU-Free-Shipping-2.png 1500w, https:\/\/pgvape.com\/wp-content\/uploads\/2025\/11\/Pgvape-Bang-eader-50000-50K-Puffs-Dual-Flavors-Disposable-Vape-Shipment-from-EU-Free-Shipping-2-512x360.png 512w, https:\/\/pgvape.com\/wp-content\/uploads\/2025\/11\/Pgvape-Bang-eader-50000-50K-Puffs-Dual-Flavors-Disposable-Vape-Shipment-from-EU-Free-Shipping-2-595x418.png 595w, https:\/\/pgvape.com\/wp-content\/uploads\/2025\/11\/Pgvape-Bang-eader-50000-50K-Puffs-Dual-Flavors-Disposable-Vape-Shipment-from-EU-Free-Shipping-2-400x281.png 400w, https:\/\/pgvape.com\/wp-content\/uploads\/2025\/11\/Pgvape-Bang-eader-50000-50K-Puffs-Dual-Flavors-Disposable-Vape-Shipment-from-EU-Free-Shipping-2-768x540.png 768w, https:\/\/pgvape.com\/wp-content\/uploads\/2025\/11\/Pgvape-Bang-eader-50000-50K-Puffs-Dual-Flavors-Disposable-Vape-Shipment-from-EU-Free-Shipping-2-18x12.png 18w, https:\/\/pgvape.com\/wp-content\/uploads\/2025\/11\/Pgvape-Bang-eader-50000-50K-Puffs-Dual-Flavors-Disposable-Vape-Shipment-from-EU-Free-Shipping-2-600x422.png 600w, https:\/\/pgvape.com\/wp-content\/uploads\/2025\/11\/Pgvape-Bang-eader-50000-50K-Puffs-Dual-Flavors-Disposable-Vape-Shipment-from-EU-Free-Shipping-2-57x40.png 57w\" sizes=\"auto, (max-width: 1500px) 100vw, 1500px\" \/><\/p>\n<p>&nbsp;<\/p>\n<h3><span style=\"font-size: 90%;\">Bang Leader 50000 | 50K Puffs Jednorazowy Vape o podw\u00f3jnych smakach\u00a0<strong>Wideo:<\/strong><\/span><\/h3>\n<p><iframe loading=\"lazy\" title=\"Bang Leader 50K Puffs Podw\u00f3jne Smaki Jednorazowy Vape Z Ekranem Vape Fabryka Hurtowa pgvape\" width=\"563\" height=\"1000\" src=\"https:\/\/www.youtube.com\/embed\/dgqkXChaUXk?feature=oembed\" frameborder=\"0\" allow=\"accelerometer; autoplay; clipboard-write; encrypted-media; gyroscope; picture-in-picture; web-share\" referrerpolicy=\"strict-origin-when-cross-origin\" allowfullscreen><\/iframe><\/p>\n<p>&nbsp;<\/p>\n<h3 class=\"auto-hide-last-sibling-br paragraph-pP9ZLC paragraph-element br-paragraph-space\"><span style=\"font-size: 90%;\">Dlaczego warto wybra\u0107 europejski magazyn PGVape?<\/span><\/h3>\n<p>Szybka wysy\u0142ka: Dostawa do wi\u0119kszo\u015bci kraj\u00f3w UE w ci\u0105gu 3-7 dni roboczych.<\/p>\n<p>Dostawa bezc\u0142owa: Lokalne zapasy w UE zapewniaj\u0105 p\u0142ynn\u0105 i bezc\u0142ow\u0105 wysy\u0142k\u0119.<\/p>\n<p>Autentyczna gwarancja 100%: oryginalne e-papierosy Bang Leader\u00a0 od certyfikowanych dostawc\u00f3w.<\/p>\n<p>\u015awie\u017ce zapasy: Przechowywane w kontrolowanych warunkach, aby zapewni\u0107 optymaln\u0105 jako\u015b\u0107.<\/p>\n<p>Zaufali Europejczycy: Tysi\u0105ce klient\u00f3w korzysta z szybkich i bezpiecznych us\u0142ug e-papieros\u00f3w oferowanych przez PGVape.<\/p>\n<p>&nbsp;<\/p>\n<h2><span style=\"font-size: 90%;\">Cz\u0119sto zadawane pytania dotycz\u0105ce Bang Leader 50000 | 50K Puffs Dual Favours Jednorazowy waporyzator<\/span><\/h2>\n<p data-sourcepos=\"40:1-41:74\">\u2753\u00a0<strong data-sourcepos=\"40:3-40:37\">Jak osi\u0105ga 50 tys. zaci\u0105gni\u0119\u0107?<\/strong><br \/>\n\u2705\u00a0<strong data-sourcepos=\"41:3-41:20\">36ml e-p\u0142ynu<\/strong>\u00a0+\u00a0<strong data-sourcepos=\"41:23-41:52\">wydajne cewki z podw\u00f3jn\u0105 siatk\u0105<\/strong>\u00a0zmaksymalizowa\u0107 trwa\u0142o\u015b\u0107.<\/p>\n<p data-sourcepos=\"43:1-44:107\">\u2753\u00a0<strong data-sourcepos=\"43:3-43:43\">Czy mog\u0119 \u0142atwo prze\u0142\u0105cza\u0107 si\u0119 mi\u0119dzy smakami?<\/strong><br \/>\n\u2705\u00a0Tak!\u00a0<strong data-sourcepos=\"44:8-44:43\">12 wst\u0119pnie zmieszanych kombinacji o dw\u00f3ch smakach<\/strong>\u00a0umo\u017cliwiaj\u0105 prze\u0142\u0105czanie pomi\u0119dzy smakami (np.,\u00a0<strong data-sourcepos=\"44:81-44:103\">L\u00f3d Bananowy \u2192 Mango<\/strong>).<\/p>\n<p data-sourcepos=\"46:1-47:93\">\u2753\u00a0<strong data-sourcepos=\"46:3-46:31\">Czy bateria jest niezawodna?<\/strong><br \/>\n\u2705\u00a0The\u00a0<strong data-sourcepos=\"47:7-47:25\">Bateria 650 mAh<\/strong>\u00a0wspiera ca\u0142odzienne u\u017cytkowanie, z\u00a0<strong data-sourcepos=\"47:53-47:72\">\u0141adowanie typu C<\/strong>\u00a0do szybkiego tankowania.<\/p>\n<p data-sourcepos=\"49:1-50:109\">\u2753\u00a0<strong data-sourcepos=\"49:3-49:26\">Dla kogo jest to najlepsze rozwi\u0105zanie?<br \/>\n<\/strong>\u2705\u00a0Waperzy chc\u0105\u00a0<strong data-sourcepos=\"50:18-50:34\">przed\u0142u\u017cone u\u017cytkowanie<\/strong>\u00a0+\u00a0<strong data-sourcepos=\"50:37-50:55\">odmiana smaku<\/strong>, i detali\u015bci poszukuj\u0105cy\u00a0<strong data-sourcepos=\"50:79-50:106\">artyku\u0142y jednorazowego u\u017cytku o wysokim popycie<\/strong>.<\/p>\n<p data-sourcepos=\"49:1-50:109\">\u2753\u00a0<strong data-sourcepos=\"50:3-50:42\">Sk\u0105d jest wysy\u0142any ten produkt?<\/strong><br \/>\n\u2705\u00a0Bezpo\u015brednio z\u00a0<strong data-sourcepos=\"51:15-51:32\">Magazyny UE<\/strong>\u00a0Do\u00a0<strong data-sourcepos=\"51:37-51:64\">szybka dostawa bez podatku<\/strong>.<\/p>\n<p>&nbsp;<\/p>\n<h3 id=\"brxe-najhln\" class=\"brxe-heading\">Cz\u0119sto zadawane pytania (FAQ)<\/h3>\n<div id=\"brxe-rajiac\" class=\"brxe-text\">\n<p><strong>P: Jakie metody p\u0142atno\u015bci akceptujecie?<\/strong><br \/>\nOdp.: Akceptujemy PayPal, Stripe, przelewy bankowe (obs\u0142ugiwane SEPA), g\u0142\u00f3wne karty kredytowe (Visa, MasterCard, American Express) i p\u0142atno\u015bci w kryptowalutach.<\/p>\n<p><strong>P: Jak d\u0142ugo trwa przygotowanie zam\u00f3wienia?<\/strong><br \/>\nOdp.: Przygotowanie zam\u00f3wienia zajmuje 1-3 dni robocze.<\/p>\n<p><strong>P: Jaki jest czas wysy\u0142ki?<\/strong><br \/>\nOdp.: Czas wysy\u0142ki wynosi 7-14 dni roboczych, w zale\u017cno\u015bci od Twojej lokalizacji. Dostawa towar\u00f3w z europejskich magazyn\u00f3w trwa zazwyczaj 3-6 dni roboczych.<\/p>\n<p><strong>P: Jak mog\u0119 \u015bledzi\u0107 moje zam\u00f3wienie?<\/strong><br \/>\nOdp.: Po wysy\u0142ce otrzymasz wiadomo\u015b\u0107 e-mail z potwierdzeniem i numerem przesy\u0142ki umo\u017cliwiaj\u0105cym \u015bledzenie w czasie rzeczywistym.<\/p>\n<p><strong>P: Jaka jest Twoja polityka zwrot\u00f3w?<\/strong><br \/>\nOdp.: Oferujemy 30-dniow\u0105 polityk\u0119 zwrot\u00f3w lub wymiany. .<\/p>\n<p><strong>P: Czy wyst\u0105pi\u0105 jakie\u015b problemy celne?<br \/>\n<\/strong>Obs\u0142ugujemy wszystkie procedury odprawy celnej, aby zapewni\u0107 Ci bezproblemow\u0105 obs\u0142ug\u0119. .<\/p>\n<p><strong>P: Jakie metody wysy\u0142ki s\u0105 stosowane?<\/strong><br \/>\nWsp\u00f3\u0142pracujemy z firmami UPS\/DHL\/FEDEX\/DPD itp. W zale\u017cno\u015bci od kraju dostawy wybierzemy odpowiedni\u0105 opcj\u0119 wysy\u0142ki, tak aby produkty dotar\u0142y do \u200b\u200bPa\u0144stwa najszybciej jak to mo\u017cliwe.<\/p>\n<p><a href=\"https:\/\/pgvape.com\/pl\/czesto-zadawane-pytania\/\">Kliknij tutaj, aby uzyska\u0107 wi\u0119cej cz\u0119sto zadawanych pyta\u0144<\/a><\/p>\n<p>Szanowni klienci, je\u015bli masz jakiekolwiek pytania dotycz\u0105ce zam\u00f3wienia lub przybycia towaru, skontaktuj si\u0119 z naszym dzia\u0142em obs\u0142ugi klienta. Dzi\u0119kuj\u0119!<\/p>\n<h3 data-sourcepos=\"73:1-73:21\"><strong data-sourcepos=\"73:7-73:21\">Skontaktuj si\u0119 z nami<\/strong><\/h3>\n<div id=\"text-2419739398\" class=\"text\">\n<p><strong data-sourcepos=\"75:3-75:12\">E-mail<\/strong>:\u00a0<a href=\"mailto:support@pgvape.com\"><strong>support@pgvape.com<\/strong><\/a><\/p>\n<p><strong data-sourcepos=\"76:3-76:15\">WhatsApp<\/strong>:\u00a0<a href=\"https:\/\/wa.me\/+8618128481258\"><strong>+86 18128481258<\/strong><\/a><br \/>\n<strong>(Odpowied\u017a w ci\u0105gu 24 godzin w dni robocze)<\/strong><\/p>\n<\/div>\n<h3><strong>Dzi\u0119kujemy za wybranie pgvape.com! .<\/strong><\/h3>\n<\/div>","protected":false},"excerpt":{"rendered":"<p>Z\u00a0<strong data-sourcepos=\"55:6-55:19\">50 tys. zaci\u0105gni\u0119\u0107<\/strong>,\u00a0<strong data-sourcepos=\"55:21-55:48\">elastyczno\u015b\u0107 w dw\u00f3ch smakach<\/strong>, I\u00a0<strong data-sourcepos=\"55:54-55:76\">cewki z siatki premium<\/strong>, ,\u00a0<strong data-sourcepos=\"55:82-55:101\">Lider Bangu 50 tys<\/strong>\u00a0to prawdziwa gratka dla mi\u0142o\u015bnik\u00f3w smak\u00f3w.\u00a0<strong data-sourcepos=\"55:142-55:164\">Opakowanie 10 sztuk<\/strong>\u00a0zapewnia atrakcyjno\u015b\u0107 detaliczn\u0105.<\/p>","protected":false},"featured_media":6107,"comment_status":"open","ping_status":"closed","template":"","meta":{"_seopress_robots_primary_cat":"none","_seopress_titles_title":"","_seopress_titles_desc":"","_seopress_robots_index":""},"product_brand":[54],"product_cat":[515,461,61],"product_tag":[318,63,90,66,459,203],"class_list":{"0":"post-6086","1":"product","2":"type-product","3":"status-publish","4":"has-post-thumbnail","6":"product_brand-bang-leader-vape","7":"product_cat-disposable-vape","8":"product_cat-bang-leader-vape-eu","9":"product_cat-50k-puffs-vape","10":"product_tag-50k-puffs-vape","11":"product_tag-bang-leader-50000","12":"product_tag-disposable-vape","13":"product_tag-dual-flavors","14":"product_tag-free-shipping","15":"product_tag-shipment-from-eu","17":"first","18":"instock","19":"sale","20":"shipping-taxable","21":"purchasable","22":"product-type-variable"},"_links":{"self":[{"href":"https:\/\/pgvape.com\/pl\/wp-json\/wp\/v2\/product\/6086","targetHints":{"allow":["GET"]}}],"collection":[{"href":"https:\/\/pgvape.com\/pl\/wp-json\/wp\/v2\/product"}],"about":[{"href":"https:\/\/pgvape.com\/pl\/wp-json\/wp\/v2\/types\/product"}],"replies":[{"embeddable":true,"href":"https:\/\/pgvape.com\/pl\/wp-json\/wp\/v2\/comments?post=6086"}],"wp:featuredmedia":[{"embeddable":true,"href":"https:\/\/pgvape.com\/pl\/wp-json\/wp\/v2\/media\/6107"}],"wp:attachment":[{"href":"https:\/\/pgvape.com\/pl\/wp-json\/wp\/v2\/media?parent=6086"}],"wp:term":[{"taxonomy":"product_brand","embeddable":true,"href":"https:\/\/pgvape.com\/pl\/wp-json\/wp\/v2\/product_brand?post=6086"},{"taxonomy":"product_cat","embeddable":true,"href":"https:\/\/pgvape.com\/pl\/wp-json\/wp\/v2\/product_cat?post=6086"},{"taxonomy":"product_tag","embeddable":true,"href":"https:\/\/pgvape.com\/pl\/wp-json\/wp\/v2\/product_tag?post=6086"}],"curies":[{"name":"wp","href":"https:\/\/api.w.org\/{rel}","templated":true}]}}