{"id":6058,"date":"2025-11-14T10:25:52","date_gmt":"2025-11-14T10:25:52","guid":{"rendered":"https:\/\/pgvape.com\/?post_type=product&#038;p=6058"},"modified":"2026-04-18T15:31:11","modified_gmt":"2026-04-18T15:31:11","slug":"bang-lider-110000-110-tys-zaciagniec-6-w-1-smaki-jednorazowy-vape-wysylka-z-ue-darmowa-wysylka-vape-bezposrednio-z-fabryki","status":"publish","type":"product","link":"https:\/\/pgvape.com\/pl\/produkt\/bang-lider-110000-110-tys-zaciagniec-6-w-1-smaki-jednorazowy-vape-wysylka-z-ue-darmowa-wysylka-vape-bezposrednio-z-fabryki\/","title":{"rendered":"Bang Leader 110000 | 110 tys. Puff\u00f3w 6 w 1 Smaki Jednorazowy Vape | Wysy\u0142ka z UE | Bezp\u0142atna wysy\u0142ka | Vape Factory Direct"},"content":{"rendered":"<p><strong data-sourcepos=\"6:5-6:47\">Jednorazowy waporyzator Bang Leader 110K Puffs<\/strong>\u00a0rewolucjonizuje d\u0142ugotrwa\u0142e wapowanie dzi\u0119ki wiod\u0105cemu w bran\u017cy\u00a0<strong data-sourcepos=\"6:105-6:135\">Liczba zaci\u0105gni\u0119\u0107 100 000\u2013110 000<\/strong>, nap\u0119dzany innowacyjnym rozwi\u0105zaniem\u00a0<strong data-sourcepos=\"6:162-6:184\">system potr\u00f3jny<\/strong>\u00a0I\u00a0<strong data-sourcepos=\"6:189-6:209\">cewka z potr\u00f3jn\u0105 siatk\u0105<\/strong>\u00a0technologia.\u00a0<strong data-sourcepos=\"6:232-6:263\">6 konfigurowalnych tryb\u00f3w smakowych<\/strong> (pojedyncze lub mieszane smaki)\u00a0i\u00a0<strong data-sourcepos=\"6:337-6:368\">Akumulator o pojemno\u015bci 850 mAh<\/strong>\u00a0z\u00a0<strong data-sourcepos=\"6:374-6:398\">Szybkie \u0142adowanie typu C<\/strong>, to urz\u0105dzenie zapewnia niezr\u00f3wnan\u0105 wszechstronno\u015b\u0107.\u00a0<strong data-sourcepos=\"6:451-6:465\">Ekran LED<\/strong>\u00a0zapewnia monitorowanie w czasie rzeczywistym stanu baterii i jej wykorzystania, podczas gdy\u00a0<strong data-sourcepos=\"6:524-6:556\">Opakowanie hurtowe 10 sztuk<\/strong>\u00a0sprawia, \u017ce \u200b\u200bjest to idealne rozwi\u0105zanie dla sprzedawc\u00f3w detalicznych.<br \/>\nBang Leader 110K Wysy\u0142ka bezpo\u015brednio z naszego <b>Magazyn UE<\/b>, ,\u00a0 gwarancje <b>szybka dostawa bez podatku<\/b>\u00a0i autentyczno\u015b\u0107 100% \u2014 zapewniaj\u0105 najwy\u017cszej klasy wra\u017cenia z waporyzacji prosto pod Twoje drzwi.<\/p>\n<p>&nbsp;<\/p>\n<h2><span style=\"font-size: 90%;\">Bang Leader 110000 | 110k Puffs 6 w 1 Smaki Jednorazowy Vape Specyfikacja produktu<\/span><\/h2>\n<p><strong data-sourcepos=\"11:3-11:18\">Liczba zaci\u0105gni\u0119\u0107:<\/strong>\u00a0<strong data-sourcepos=\"11:19-11:44\">100 000-110 000 zaci\u0105gni\u0119\u0107<\/strong>\u00a0(Niezr\u00f3wnana trwa\u0142o\u015b\u0107)<\/p>\n<p><strong data-sourcepos=\"12:3-12:16\">Nikotyna:<\/strong>\u00a0<strong data-sourcepos=\"12:17-12:33\">2%\u00a0<\/strong><\/p>\n<p><strong data-sourcepos=\"13:3-13:21\">System smakowy:<\/strong><strong data-sourcepos=\"14:5-14:17\">6 tryb\u00f3w:<\/strong>\u00a0<strong data-sourcepos=\"14:18-14:44\">A, B, C, A+B, A+C, B+C<\/strong>\u00a0(Mieszaj i dopasowuj smaki)<\/p>\n<p><strong data-sourcepos=\"15:5-15:25\">Potr\u00f3jne zbiorniki na olej<\/strong>\u00a0(Dodatkowe zbiorniki oleju** (obs\u0142uguj\u0105 kombinacje wielu smak\u00f3w)<\/p>\n<p><strong data-sourcepos=\"16:3-16:12\">Cewka:<\/strong>\u00a0<strong data-sourcepos=\"16:13-16:33\">Potr\u00f3jna cewka siatkowa<\/strong>\u00a0(Szybsze nagrzewanie, bogatsza para)<\/p>\n<p><strong data-sourcepos=\"17:3-17:15\">Bateria:<\/strong>\u00a0<strong data-sourcepos=\"17:16-17:39\">Akumulator 850 mAh<\/strong>\u00a0(Z\u00a0<strong data-sourcepos=\"17:46-17:56\">Typ C<\/strong>\u00a0szybkie \u0142adowanie)<\/p>\n<p><strong data-sourcepos=\"18:3-18:15\">Wy\u015bwietlacz:<\/strong>\u00a0<strong data-sourcepos=\"18:16-18:30\">Ekran LED<\/strong>\u00a0(Liczba zaci\u0105gni\u0119\u0107 i wska\u017anik baterii)<\/p>\n<p><strong data-sourcepos=\"19:3-19:17\">Opakowanie:<\/strong>\u00a0<strong data-sourcepos=\"19:18-19:33\">10 szt.\/opak<\/strong>\u00a0(Gotowy do sprzeda\u017cy detalicznej)<\/p>\n<p><strong data-sourcepos=\"15:3-15:28\">Wysy\u0142ka z magazynu UE<\/strong>\u00a0\u2013 Szybka dostawa bez podatku<\/p>\n<p>&nbsp;<\/p>\n<h3><span style=\"font-size: 90%;\">Bang Leader 110000 | 110 tys. zaci\u0105gni\u0119\u0107 6 w 1 smakach Jednorazowa lista smak\u00f3w Vape<\/span><\/h3>\n<p>1. Arbuz L\u00f3d \/ Truskawkowy Mamba \/ Truskawkowy Arbuz \/ Arbuz Ice Truskawkowy Mamba \/ Arbuzowy Ice Truskawkowy Arbuz \/ Truskawkowy Mamba Truskawkowy Arbuz<\/p>\n<p>2.Fuji Ice \/ Winogrono Jab\u0142kowe \/ Granat Wi\u015bniowy \/ Winogrono Fuji Ice Jab\u0142ko \/ Granat Fuji Ice Wi\u015bniowy \/ Winogron Jab\u0142kowy Granat Wi\u015bniowy<\/p>\n<p>3. L\u00f3d jagodowy \/ Cytryna malinowa \/ Guma balonowa arbuzowa \/ L\u00f3d jagodowy Malinowa cytryna \/ L\u00f3d jagodowy Arbuzowa guma balonowa \/ Malinowo-cytrynowa Arbuzowa guma balonowa<\/p>\n<p>4. Bor\u00f3wki Maliny \/ Kwa\u015bne Ananasy Pomara\u0144cze \/ Maliny Arbuzy \/ Bor\u00f3wki Maliny Kwa\u015bne Ananasy Pomara\u0144cze \/ Bor\u00f3wki Maliny Maliny Arbuzy \/ Kwa\u015bne Ananasy Pomara\u0144cze Maliny Arbuz<\/p>\n<p>5. L\u00f3d winogronowy \/ Brzoskwinia mango \/ Arbuz jagodowy \/ L\u00f3d winogronowy Mango brzoskwinia \/ L\u00f3d winogronowy Arbuz jagodowy \/ Brzoskwinia mango Jagoda arbuz<\/p>\n<p>6. L\u00f3d truskawkowy \/ Brzoskwinia Cytryna \/ Kiwi Marakuja Gujawa \/ L\u00f3d truskawkowy Brzoskwinia Cytryna \/ L\u00f3d truskawkowy Kiwi Marakuja Gujawa \/ Brzoskwinia Cytryna Kiwi Marakuja Gujawa<\/p>\n<p>7.Ananasowy Kokos \/ Bor\u00f3wka Red Bull \/ Arbuz L\u00f3d \/ Ananas Kokos Jagoda Red Bull \/ Ananas Kokos Arbuz L\u00f3d \/ Jagoda Red Bull Arbuz L\u00f3d<\/p>\n<p>8.Truskawkowe Kiwi \/ Jagodowo-Kokosowe \/ Mieszane Jagody \/ Truskawkowe Kiwi Bor\u00f3wkowo-Kokosowe \/ Truskawkowe Kiwi Mieszane Jagodowe \/ Jagodowo-Kokosowe Mieszane Jagody<\/p>\n<p>9.Lemon Romance \/ Jagoda Malina \/ Brzoskwinia Mentol \/ Lemon Romance Jagoda Malina \/ Lemon Romance Peach Mentol \/ Jagoda Malina Brzoskwinia Mentol<\/p>\n<p>10.Brzoskwiniowy l\u00f3d \/ Czarna porzeczka Ananasowy \/ Zielone jab\u0142ko Kiwi \/ Brzoskwiniowy l\u00f3d Czarna porzeczka Ananasowy l\u00f3d \/ Brzoskwiniowy l\u00f3d Zielone jab\u0142ko Kiwi \/ Czarna porzeczka Ananas L\u00f3d Zielone jab\u0142ko Kiwi<img loading=\"lazy\" decoding=\"async\" class=\"alignnone wp-image-6063 size-full\" src=\"https:\/\/pgvape.com\/wp-content\/uploads\/2025\/11\/Pgvape-Bang-Leader-110k-Puffs-6-in-1-Flavors-Disposable-Vape-Shipment-from-EU-Free-Shipping-3.png\" alt=\"Siatka dwunastu kolorowych, gradientowych jednorazowych urz\u0105dze\u0144 do waporyzacji, oznaczonych \u201c6 w 1\u201d, ka\u017cde z ilustracj\u0105 kresk\u00f3wkowej ma\u0142py, cyfrowymi ikonami wy\u015bwietlacza i ma\u0142ymi etykietami o wielu smakach poni\u017cej, przedstawione na lodowatym niebieskim tle.\" width=\"1080\" height=\"1080\" srcset=\"https:\/\/pgvape.com\/wp-content\/uploads\/2025\/11\/Pgvape-Bang-Leader-110k-Puffs-6-in-1-Flavors-Disposable-Vape-Shipment-from-EU-Free-Shipping-3.png 1080w, https:\/\/pgvape.com\/wp-content\/uploads\/2025\/11\/Pgvape-Bang-Leader-110k-Puffs-6-in-1-Flavors-Disposable-Vape-Shipment-from-EU-Free-Shipping-3-360x360.png 360w, https:\/\/pgvape.com\/wp-content\/uploads\/2025\/11\/Pgvape-Bang-Leader-110k-Puffs-6-in-1-Flavors-Disposable-Vape-Shipment-from-EU-Free-Shipping-3-595x595.png 595w, https:\/\/pgvape.com\/wp-content\/uploads\/2025\/11\/Pgvape-Bang-Leader-110k-Puffs-6-in-1-Flavors-Disposable-Vape-Shipment-from-EU-Free-Shipping-3-400x400.png 400w, https:\/\/pgvape.com\/wp-content\/uploads\/2025\/11\/Pgvape-Bang-Leader-110k-Puffs-6-in-1-Flavors-Disposable-Vape-Shipment-from-EU-Free-Shipping-3-768x768.png 768w, https:\/\/pgvape.com\/wp-content\/uploads\/2025\/11\/Pgvape-Bang-Leader-110k-Puffs-6-in-1-Flavors-Disposable-Vape-Shipment-from-EU-Free-Shipping-3-12x12.png 12w, https:\/\/pgvape.com\/wp-content\/uploads\/2025\/11\/Pgvape-Bang-Leader-110k-Puffs-6-in-1-Flavors-Disposable-Vape-Shipment-from-EU-Free-Shipping-3-300x300.png 300w, https:\/\/pgvape.com\/wp-content\/uploads\/2025\/11\/Pgvape-Bang-Leader-110k-Puffs-6-in-1-Flavors-Disposable-Vape-Shipment-from-EU-Free-Shipping-3-600x600.png 600w, https:\/\/pgvape.com\/wp-content\/uploads\/2025\/11\/Pgvape-Bang-Leader-110k-Puffs-6-in-1-Flavors-Disposable-Vape-Shipment-from-EU-Free-Shipping-3-100x100.png 100w, https:\/\/pgvape.com\/wp-content\/uploads\/2025\/11\/Pgvape-Bang-Leader-110k-Puffs-6-in-1-Flavors-Disposable-Vape-Shipment-from-EU-Free-Shipping-3-40x40.png 40w\" sizes=\"auto, (max-width: 1080px) 100vw, 1080px\" \/><\/p>\n<p>&nbsp;<\/p>\n<h3><span style=\"font-size: 90%;\">Bang Leader 110000 | 110k Puffs 6 w 1 Smaki Jednorazowy Vape\u00a0<strong>Wideo:<\/strong><\/span><\/h3>\n<p><iframe loading=\"lazy\" title=\"Bang Leader 110k Puffs 6 w 1 Smaki Jednorazowe Vape Regulowane tryby smakowe z ekranem LED pgvape\" width=\"563\" height=\"1000\" src=\"https:\/\/www.youtube.com\/embed\/RcaN8oRy9z4?feature=oembed\" frameborder=\"0\" allow=\"accelerometer; autoplay; clipboard-write; encrypted-media; gyroscope; picture-in-picture; web-share\" referrerpolicy=\"strict-origin-when-cross-origin\" allowfullscreen><\/iframe><\/p>\n<p>&nbsp;<\/p>\n<h3 class=\"auto-hide-last-sibling-br paragraph-pP9ZLC paragraph-element br-paragraph-space\"><span style=\"font-size: 90%;\">Dlaczego warto wybra\u0107 europejski magazyn PGVape?<\/span><\/h3>\n<p>Szybka wysy\u0142ka: Dostawa do wi\u0119kszo\u015bci kraj\u00f3w UE w ci\u0105gu 3-7 dni roboczych.<\/p>\n<p>Dostawa bezc\u0142owa: Lokalne zapasy w UE zapewniaj\u0105 p\u0142ynn\u0105 i bezc\u0142ow\u0105 wysy\u0142k\u0119.<\/p>\n<p>100% Autentyczna gwarancja: oryginalne e-papierosy Bang Leader od certyfikowanych dostawc\u00f3w.<\/p>\n<p>\u015awie\u017ce zapasy: Przechowywane w kontrolowanych warunkach, aby zapewni\u0107 optymaln\u0105 jako\u015b\u0107.<\/p>\n<p>Zaufali Europejczycy: Tysi\u0105ce klient\u00f3w korzysta z szybkich i bezpiecznych us\u0142ug e-papieros\u00f3w oferowanych przez PGVape.<\/p>\n<p>&nbsp;<\/p>\n<h2 class=\"header-vfC6AV auto-hide-last-sibling-br\"><span style=\"font-size: 90%;\">Cz\u0119sto zadawane pytania dotycz\u0105ce Bang Leader 110000 | 110k Puffs 6 w 1 Smaki Jednorazowy Vape<\/span><\/h2>\n<p data-sourcepos=\"38:1-39:92\">\u2753\u00a0<strong data-sourcepos=\"38:3-38:38\">Jak osi\u0105ga 110 tys. zaci\u0105gni\u0119\u0107?<\/strong><br \/>\n\u2705\u00a0<strong data-sourcepos=\"39:3-39:23\">Potr\u00f3jne zbiorniki na olej<\/strong>\u00a0+\u00a0<strong data-sourcepos=\"39:26-39:44\">Bateria 850 mAh<\/strong>\u00a0+\u00a0<strong data-sourcepos=\"39:47-39:71\">wydajne cewki siatkowe<\/strong>\u00a0zmaksymalizowa\u0107 \u017cywotno\u015b\u0107.<\/p>\n<p data-sourcepos=\"41:1-42:124\">\u2753\u00a0<strong data-sourcepos=\"41:3-41:25\">Czy mog\u0119 miesza\u0107 smaki?<\/strong><br \/>\n\u2705\u00a0Tak!\u00a0<strong data-sourcepos=\"42:16-42:35\">dowolne 2-3 smaki<\/strong>\u00a0ze zbiornik\u00f3w\u00a0<strong data-sourcepos=\"42:55-42:72\">niestandardowe mieszanki<\/strong>\u00a0(np.,\u00a0<strong data-sourcepos=\"42:80-42:120\">L\u00f3d jagodowy + guma balonowa arbuzowa<\/strong>).<\/p>\n<p data-sourcepos=\"44:1-45:86\">\u2753\u00a0<strong data-sourcepos=\"44:3-44:27\">Czy jest przyjazny dla u\u017cytkownika?<\/strong><br \/>\n\u2705\u00a0The\u00a0<strong data-sourcepos=\"45:7-45:21\">Ekran LED<\/strong>\u00a0\u015bledzi u\u017cycie i\u00a0<strong data-sourcepos=\"45:40-45:59\">\u0141adowanie typu C<\/strong>\u00a0zapewnia szybkie do\u0142adowania.<\/p>\n<p data-sourcepos=\"47:1-48:88\">\u2753\u00a0<strong data-sourcepos=\"47:3-47:26\">Dla kogo jest to najlepsze rozwi\u0105zanie?<\/strong><br \/>\n\u2705\u00a0Maj\u0105cy ochot\u0119 na ci\u0119\u017ckie waporyzatory\u00a0<strong data-sourcepos=\"48:24-48:37\">d\u0142ugowieczno\u015b\u0107<\/strong>\u00a0+ detali\u015bci poszukuj\u0105cy\u00a0<strong data-sourcepos=\"48:58-48:85\">jednorazowe, wysokomar\u017cowe<\/strong>.<\/p>\n<p>\u2753\u00a0<strong data-sourcepos=\"50:3-50:42\">Sk\u0105d jest wysy\u0142any ten produkt?<\/strong><br \/>\n\u2705\u00a0Bezpo\u015brednio z\u00a0<strong data-sourcepos=\"51:15-51:32\">Magazyny UE<\/strong>\u00a0Do\u00a0<strong data-sourcepos=\"51:37-51:64\">szybka dostawa bez podatku<\/strong>.<\/p>\n<p>&nbsp;<\/p>\n<h3 id=\"brxe-najhln\" class=\"brxe-heading\">Cz\u0119sto zadawane pytania (FAQ)<\/h3>\n<div id=\"brxe-rajiac\" class=\"brxe-text\">\n<p><strong>P: Jakie metody p\u0142atno\u015bci akceptujecie?<\/strong><br \/>\nOdp.: Akceptujemy PayPal, Stripe, przelewy bankowe (obs\u0142ugiwane SEPA), g\u0142\u00f3wne karty kredytowe (Visa, MasterCard, American Express) i p\u0142atno\u015bci w kryptowalutach.<\/p>\n<p><strong>P: Jak d\u0142ugo trwa przygotowanie zam\u00f3wienia?<\/strong><br \/>\nOdp.: Przygotowanie zam\u00f3wienia zajmuje 1-3 dni robocze.<\/p>\n<p><strong>P: Jaki jest czas wysy\u0142ki?<\/strong><br \/>\nOdp.: Czas wysy\u0142ki wynosi 7-14 dni roboczych, w zale\u017cno\u015bci od Twojej lokalizacji. Dostawa towar\u00f3w z europejskich magazyn\u00f3w trwa zazwyczaj 3-6 dni roboczych.<\/p>\n<p><strong>P: Jak mog\u0119 \u015bledzi\u0107 moje zam\u00f3wienie?<\/strong><br \/>\nOdp.: Po wysy\u0142ce otrzymasz wiadomo\u015b\u0107 e-mail z potwierdzeniem i numerem przesy\u0142ki umo\u017cliwiaj\u0105cym \u015bledzenie w czasie rzeczywistym.<\/p>\n<p><strong>P: Jaka jest Twoja polityka zwrot\u00f3w?<\/strong><br \/>\nOdp.: Oferujemy 30-dniow\u0105 polityk\u0119 zwrot\u00f3w lub wymiany. .<\/p>\n<p><strong>P: Czy wyst\u0105pi\u0105 jakie\u015b problemy celne?<br \/>\n<\/strong>Obs\u0142ugujemy wszystkie procedury odprawy celnej, aby zapewni\u0107 Ci bezproblemow\u0105 obs\u0142ug\u0119. .<\/p>\n<p><strong>P: Jakie metody wysy\u0142ki s\u0105 stosowane?<\/strong><br \/>\nWsp\u00f3\u0142pracujemy z firmami UPS\/DHL\/FEDEX\/DPD itp. W zale\u017cno\u015bci od kraju dostawy wybierzemy odpowiedni\u0105 opcj\u0119 wysy\u0142ki, tak aby produkty dotar\u0142y do \u200b\u200bPa\u0144stwa najszybciej jak to mo\u017cliwe.<\/p>\n<p><a href=\"https:\/\/pgvape.com\/pl\/czesto-zadawane-pytania\/\">Kliknij tutaj, aby uzyska\u0107 wi\u0119cej cz\u0119sto zadawanych pyta\u0144<\/a><\/p>\n<p>Szanowni klienci, je\u015bli masz jakiekolwiek pytania dotycz\u0105ce zam\u00f3wienia lub przybycia towaru, skontaktuj si\u0119 z naszym dzia\u0142em obs\u0142ugi klienta. Dzi\u0119kuj\u0119!<\/p>\n<h3 data-sourcepos=\"73:1-73:21\"><strong data-sourcepos=\"73:7-73:21\">Skontaktuj si\u0119 z nami<\/strong><\/h3>\n<div id=\"text-2419739398\" class=\"text\">\n<p><strong data-sourcepos=\"75:3-75:12\">E-mail<\/strong>:\u00a0<a href=\"mailto:support@pgvape.com\"><strong>support@pgvape.com<\/strong><\/a><\/p>\n<p><strong data-sourcepos=\"76:3-76:15\">WhatsApp<\/strong>:\u00a0<a href=\"https:\/\/wa.me\/+8618128481258\"><strong>+86 18128481258<\/strong><\/a><br \/>\n<strong>(Odpowied\u017a w ci\u0105gu 24 godzin w dni robocze)<\/strong><\/p>\n<\/div>\n<h3><strong>Dzi\u0119kujemy za wybranie pgvape.com! .<\/strong><\/h3>\n<\/div>","protected":false},"excerpt":{"rendered":"<p>Z\u00a0<strong data-sourcepos=\"53:6-53:20\">110 tys. zaci\u0105gni\u0119\u0107<\/strong>,\u00a0<strong data-sourcepos=\"53:22-53:53\">personalizacja potr\u00f3jnego smaku<\/strong>, I\u00a0<strong data-sourcepos=\"53:59-53:81\">cewki z siatki premium<\/strong>, ,\u00a0<strong data-sourcepos=\"53:87-53:107\">Lider Bangu 110 tys<\/strong>\u00a0dominuje na rynku vape o du\u017cej pojemno\u015bci.\u00a0<strong data-sourcepos=\"53:159-53:189\">mi\u0142o\u015bnik\u00f3w pogoni za smakiem<\/strong>\u00a0I\u00a0<strong data-sourcepos=\"53:194-53:213\">nabywcy biznesowi<\/strong>.<\/p>","protected":false},"featured_media":6061,"comment_status":"open","ping_status":"closed","template":"","meta":{"_seopress_robots_primary_cat":"none","_seopress_titles_title":"","_seopress_titles_desc":"","_seopress_robots_index":""},"product_brand":[54],"product_cat":[515,461,119],"product_tag":[361,253,460,90,459,203],"class_list":{"0":"post-6058","1":"product","2":"type-product","3":"status-publish","4":"has-post-thumbnail","6":"product_brand-bang-leader-vape","7":"product_cat-disposable-vape","8":"product_cat-bang-leader-vape-eu","9":"product_cat-110k-puffs-vape","10":"product_tag-110k-puffs-vape","11":"product_tag-6-in-1-flavors","12":"product_tag-bang-leader-110000","13":"product_tag-disposable-vape","14":"product_tag-free-shipping","15":"product_tag-shipment-from-eu","17":"first","18":"instock","19":"sale","20":"shipping-taxable","21":"purchasable","22":"product-type-variable"},"_links":{"self":[{"href":"https:\/\/pgvape.com\/pl\/wp-json\/wp\/v2\/product\/6058","targetHints":{"allow":["GET"]}}],"collection":[{"href":"https:\/\/pgvape.com\/pl\/wp-json\/wp\/v2\/product"}],"about":[{"href":"https:\/\/pgvape.com\/pl\/wp-json\/wp\/v2\/types\/product"}],"replies":[{"embeddable":true,"href":"https:\/\/pgvape.com\/pl\/wp-json\/wp\/v2\/comments?post=6058"}],"wp:featuredmedia":[{"embeddable":true,"href":"https:\/\/pgvape.com\/pl\/wp-json\/wp\/v2\/media\/6061"}],"wp:attachment":[{"href":"https:\/\/pgvape.com\/pl\/wp-json\/wp\/v2\/media?parent=6058"}],"wp:term":[{"taxonomy":"product_brand","embeddable":true,"href":"https:\/\/pgvape.com\/pl\/wp-json\/wp\/v2\/product_brand?post=6058"},{"taxonomy":"product_cat","embeddable":true,"href":"https:\/\/pgvape.com\/pl\/wp-json\/wp\/v2\/product_cat?post=6058"},{"taxonomy":"product_tag","embeddable":true,"href":"https:\/\/pgvape.com\/pl\/wp-json\/wp\/v2\/product_tag?post=6058"}],"curies":[{"name":"wp","href":"https:\/\/api.w.org\/{rel}","templated":true}]}}