{"id":6033,"date":"2025-11-14T09:15:57","date_gmt":"2025-11-14T09:15:57","guid":{"rendered":"https:\/\/pgvape.com\/?post_type=product&#038;p=6033"},"modified":"2026-04-18T15:31:11","modified_gmt":"2026-04-18T15:31:11","slug":"bang-king-25000-25k-zaciagniec-podwojny-magazyn-jednorazowe-vape-wysylka-z-ue-darmowa-wysylka-vape-factory-direct","status":"publish","type":"product","link":"https:\/\/pgvape.com\/pl\/produkt\/bang-king-25000-25k-zaciagniec-podwojny-magazyn-jednorazowe-vape-wysylka-z-ue-darmowa-wysylka-vape-factory-direct\/","title":{"rendered":"Bang King 25000 | 25K Puffs Double Warehouse Jednorazowy Vape | Wysy\u0142ka z UE | Bezp\u0142atna wysy\u0142ka | Vape Factory Direct"},"content":{"rendered":"<p><strong data-sourcepos=\"4:5-4:67\">Jednorazowy pojemnik na e-papierosa Bang King 25000 Puffs Double Warehouse<\/strong>\u00a0dostarcza\u00a0<strong data-sourcepos=\"4:77-4:109\">przed\u0142u\u017cona satysfakcja z wapowania<\/strong>\u00a0z jego\u00a0<strong data-sourcepos=\"4:119-4:138\">system podw\u00f3jny<\/strong>\u00a0I\u00a0<strong data-sourcepos=\"4:143-4:167\">Pojemno\u015b\u0107 25 000 zaci\u0105gni\u0119\u0107<\/strong>.\u00a0<strong data-sourcepos=\"4:179-4:220\">dwa nape\u0142nione kapsu\u0142ki o pojemno\u015bci 23 ml (\u0142\u0105cznie 46 ml)<\/strong>,\u00a0<strong data-sourcepos=\"4:222-4:242\">Cewka siatkowa 1,0 oma<\/strong>, I\u00a0<strong data-sourcepos=\"4:248-4:279\">Akumulator o pojemno\u015bci 650 mAh<\/strong>, ,\u00a0<strong data-sourcepos=\"4:351-4:375\">Port \u0142adowania typu C<\/strong>\u00a0zapewnia wygodne do\u0142adowania.<br \/>\nWysy\u0142ka bezpo\u015brednio z naszego\u00a0<b>Magazyn UE<\/b>, gwarantuje Bang King 25K <b>szybka dostawa bez podatku<\/b>\u00a0i autentyczno\u015b\u0107 100% \u2014 zapewniaj\u0105 najwy\u017cszej klasy wra\u017cenia z waporyzacji prosto pod Twoje drzwi.<\/p>\n<p>&nbsp;<\/p>\n<h2><span style=\"font-size: 90%;\">Bang King 25000 | 25K Puffs Double Warehouse Jednorazowy Vape Specyfikacja produktu<\/span><\/h2>\n<p><strong data-sourcepos=\"7:3-7:17\">Liczba zaci\u0105gni\u0119\u0107<\/strong>: 25 000 zaci\u0105gni\u0119\u0107<\/p>\n<p><strong data-sourcepos=\"8:3-8:24\">Pojemno\u015b\u0107 e-cieczy<\/strong>: 46 ml (23 ml x 2 kapsu\u0142ki)<\/p>\n<p><strong data-sourcepos=\"9:3-9:11\">Cewka<\/strong>: Cewka siatkowa 1,0 oma<\/p>\n<p><strong data-sourcepos=\"10:3-10:25\">Mocne strony nikotyny<\/strong>: 2%<\/p>\n<p><strong data-sourcepos=\"11:3-11:14\">Bateria<\/strong>: Akumulator 650 mAh<\/p>\n<p><strong data-sourcepos=\"12:3-12:15\">\u0141adowanie<\/strong>: Port typu C<\/p>\n<p><strong data-sourcepos=\"13:3-13:17\">System kapsu\u0142<\/strong>: Podw\u00f3jne, wst\u0119pnie nape\u0142nione kapsu\u0142ki<\/p>\n<p><strong data-sourcepos=\"14:3-14:21\">Opcje smakowe<\/strong>: 12 odmian<\/p>\n<p><strong data-sourcepos=\"15:3-15:28\">Wysy\u0142ka z magazynu UE<\/strong>\u00a0\u2013 Szybka dostawa bez podatku<\/p>\n<p>&nbsp;<\/p>\n<h3><span style=\"font-size: 90%;\">Bang King 25000 | 25K Puffs Double Warehouse Jednorazowy wyb\u00f3r smak\u00f3w Vape<\/span><\/h3>\n<p><strong data-sourcepos=\"17:4-17:21\">1. Niebieski Razz L\u00f3d<\/strong><\/p>\n<p><strong data-sourcepos=\"18:4-18:23\">2. Soczysty l\u00f3d brzoskwiniowy<\/strong><\/p>\n<p><strong data-sourcepos=\"19:4-19:29\">3. Arbuz Truskawkowy<\/strong><\/p>\n<p><strong data-sourcepos=\"20:4-20:22\">4. L\u00f3d arbuzowy<\/strong><\/p>\n<p><strong data-sourcepos=\"21:4-21:25\">5.Truskawkowy Banan<\/strong><\/p>\n<p><strong data-sourcepos=\"22:4-22:22\">6. Kwa\u015bny l\u00f3d jab\u0142kowy<\/strong><\/p>\n<p><strong data-sourcepos=\"23:4-23:24\">7. Potr\u00f3jny l\u00f3d jagodowy<\/strong><\/p>\n<p><strong data-sourcepos=\"24:4-24:22\">8. Owoce tropikalne<\/strong><\/p>\n<p><strong data-sourcepos=\"25:4-25:19\">9.Wi\u015bniowa Bomba<\/strong><\/p>\n<p><strong data-sourcepos=\"26:5-26:18\">10. L\u00f3d winogronowy<\/strong><\/p>\n<p><strong data-sourcepos=\"27:5-27:20\">11.Brzoskwiniowe Mango<\/strong><\/p>\n<p><strong data-sourcepos=\"28:5-28:25\">12.Truskawkowe Mango<img loading=\"lazy\" decoding=\"async\" class=\"alignnone wp-image-6045 size-full\" src=\"https:\/\/pgvape.com\/wp-content\/uploads\/2025\/11\/pgvape-Bang-King-25000-25K-Puffs-Double-Warehouse-Disposable-VapeShipment-from-EU-Free-Shipping-10.png\" alt=\"Neonowa reklama przedstawiaj\u0105ca dwana\u015bcie prostok\u0105tnych jednorazowych urz\u0105dze\u0144 do waporyzacji w jaskrawych kolorach ustawionych w dw\u00f3ch rz\u0119dach \u2013 ka\u017cde z logo korony i napisem &#039;25 000 PUFFS&#039; \u2013 z du\u017cym purpurowym nag\u0142\u00f3wkiem &#039;25 000 PUFFS&#039;, plakietkami &#039;Darmowa wysy\u0142ka&#039; i &#039;Wysy\u0142ka z UE&#039; oraz \u017cywe t\u0142o w stylu graffiti.\" width=\"1500\" height=\"967\" srcset=\"https:\/\/pgvape.com\/wp-content\/uploads\/2025\/11\/pgvape-Bang-King-25000-25K-Puffs-Double-Warehouse-Disposable-VapeShipment-from-EU-Free-Shipping-10.png 1500w, https:\/\/pgvape.com\/wp-content\/uploads\/2025\/11\/pgvape-Bang-King-25000-25K-Puffs-Double-Warehouse-Disposable-VapeShipment-from-EU-Free-Shipping-10-555x358.png 555w, https:\/\/pgvape.com\/wp-content\/uploads\/2025\/11\/pgvape-Bang-King-25000-25K-Puffs-Double-Warehouse-Disposable-VapeShipment-from-EU-Free-Shipping-10-595x384.png 595w, https:\/\/pgvape.com\/wp-content\/uploads\/2025\/11\/pgvape-Bang-King-25000-25K-Puffs-Double-Warehouse-Disposable-VapeShipment-from-EU-Free-Shipping-10-400x258.png 400w, https:\/\/pgvape.com\/wp-content\/uploads\/2025\/11\/pgvape-Bang-King-25000-25K-Puffs-Double-Warehouse-Disposable-VapeShipment-from-EU-Free-Shipping-10-768x495.png 768w, https:\/\/pgvape.com\/wp-content\/uploads\/2025\/11\/pgvape-Bang-King-25000-25K-Puffs-Double-Warehouse-Disposable-VapeShipment-from-EU-Free-Shipping-10-18x12.png 18w, https:\/\/pgvape.com\/wp-content\/uploads\/2025\/11\/pgvape-Bang-King-25000-25K-Puffs-Double-Warehouse-Disposable-VapeShipment-from-EU-Free-Shipping-10-600x387.png 600w, https:\/\/pgvape.com\/wp-content\/uploads\/2025\/11\/pgvape-Bang-King-25000-25K-Puffs-Double-Warehouse-Disposable-VapeShipment-from-EU-Free-Shipping-10-60x40.png 60w\" sizes=\"auto, (max-width: 1500px) 100vw, 1500px\" \/><\/strong><\/p>\n<p>&nbsp;<\/p>\n<h3><span style=\"font-size: 90%;\">Bang King 25000 | 25K Puffs Double Warehouse Jednorazowe wideo:<\/span><\/h3>\n<p>&nbsp;<\/p>\n<h3 class=\"auto-hide-last-sibling-br paragraph-pP9ZLC paragraph-element br-paragraph-space\"><span style=\"font-size: 90%;\">Dlaczego warto wybra\u0107 europejski magazyn PGVape?<\/span><\/h3>\n<p>Szybka wysy\u0142ka: Dostawa do wi\u0119kszo\u015bci kraj\u00f3w UE w ci\u0105gu 3-7 dni roboczych.<\/p>\n<p>Dostawa bezc\u0142owa: Lokalne zapasy w UE zapewniaj\u0105 p\u0142ynn\u0105 i bezc\u0142ow\u0105 wysy\u0142k\u0119.<\/p>\n<p>Autentyczna gwarancja 100%: oryginalne e-papierosy Bang King od certyfikowanych dostawc\u00f3w.<\/p>\n<p>\u015awie\u017ce zapasy: Przechowywane w kontrolowanych warunkach, aby zapewni\u0107 optymaln\u0105 jako\u015b\u0107.<\/p>\n<p>Zaufali Europejczycy: Tysi\u0105ce klient\u00f3w korzysta z szybkich i bezpiecznych us\u0142ug e-papieros\u00f3w oferowanych przez PGVape.<\/p>\n<p>&nbsp;<\/p>\n<h2><span style=\"font-size: 90%;\">Cz\u0119sto zadawane pytania dotycz\u0105ce Bang King 25000 | 25K Puffs Double Warehouse Jednorazowy waporyzator<\/span><\/h2>\n<p data-sourcepos=\"31:1-32:87\">\u2753\u00a0<strong data-sourcepos=\"31:3-31:41\">Jak dzia\u0142a system z dwoma kapsu\u0142ami?<\/strong><br \/>\n\u2705\u00a0Funkcje\u00a0<strong data-sourcepos=\"32:12-32:40\">dwie nape\u0142nione kapsu\u0142ki o pojemno\u015bci 23 ml<\/strong>\u00a0Do\u00a0<strong data-sourcepos=\"32:45-32:61\">przed\u0142u\u017cone u\u017cytkowanie<\/strong>\u00a0I\u00a0<strong data-sourcepos=\"32:66-32:84\">odmiana smaku<\/strong>.<\/p>\n<p data-sourcepos=\"34:1-35:74\">\u2753\u00a0<strong data-sourcepos=\"34:3-34:48\">Co wyr\u00f3\u017cnia jako\u015b\u0107 pary?<\/strong><br \/>\n\u2705\u00a0<strong data-sourcepos=\"35:3-35:23\">Cewka siatkowa 1,0 oma<\/strong>\u00a0dostarcza\u00a0<strong data-sourcepos=\"35:33-35:71\">p\u0142ynna, aromatyczna produkcja pary<\/strong>.<\/p>\n<p data-sourcepos=\"37:1-38:75\">\u2753\u00a0<strong data-sourcepos=\"37:3-37:38\">Jak d\u0142ugo wytrzymuje bateria?<\/strong><br \/>\n\u2705\u00a0<strong data-sourcepos=\"38:3-38:34\">Akumulator o pojemno\u015bci 650 mAh<\/strong>\u00a0obs\u0142uguje\u00a0<strong data-sourcepos=\"38:44-38:72\">przed\u0142u\u017cone sesje wapowania<\/strong>.<\/p>\n<p data-sourcepos=\"40:1-41:66\">\u2753\u00a0<strong data-sourcepos=\"40:3-40:28\">Czy \u0142adowanie jest \u0142atwe?<\/strong><br \/>\n\u2705\u00a0<strong data-sourcepos=\"41:3-41:22\">\u0141adowanie typu C<\/strong>\u00a0zapewnia\u00a0<strong data-sourcepos=\"41:32-41:63\">szybkie i wygodne do\u0142adowania<\/strong>.<\/p>\n<p data-sourcepos=\"43:1-44:52\">\u2753\u00a0<strong data-sourcepos=\"43:3-43:43\">Jakie opcje nikotyny s\u0105 dost\u0119pne?<br \/>\n<\/strong>\u2705\u00a0Wybierz z\u00a0<strong data-sourcepos=\"44:15-44:49\">0%\/2%\/3%\/5% moc nikotyny<\/strong>.<\/p>\n<p data-sourcepos=\"43:1-44:52\">\u2753\u00a0<strong data-sourcepos=\"50:3-50:42\">Sk\u0105d jest wysy\u0142any ten produkt?<\/strong><br \/>\n\u2705\u00a0Bezpo\u015brednio z\u00a0<strong data-sourcepos=\"51:15-51:32\">Magazyny UE<\/strong>\u00a0Do\u00a0<strong data-sourcepos=\"51:37-51:64\">szybka dostawa bez podatku<\/strong>.<\/p>\n<p>&nbsp;<\/p>\n<h3 id=\"brxe-najhln\" class=\"brxe-heading\">Cz\u0119sto zadawane pytania (FAQ)<\/h3>\n<div id=\"brxe-rajiac\" class=\"brxe-text\">\n<p><strong>P: Jakie metody p\u0142atno\u015bci akceptujecie?<\/strong><br \/>\nOdp.: Akceptujemy PayPal, Stripe, przelewy bankowe (obs\u0142ugiwane SEPA), g\u0142\u00f3wne karty kredytowe (Visa, MasterCard, American Express) i p\u0142atno\u015bci w kryptowalutach.<\/p>\n<p><strong>P: Jak d\u0142ugo trwa przygotowanie zam\u00f3wienia?<\/strong><br \/>\nOdp.: Przygotowanie zam\u00f3wienia zajmuje 1-3 dni robocze.<\/p>\n<p><strong>P: Jaki jest czas wysy\u0142ki?<\/strong><br \/>\nOdp.: Czas wysy\u0142ki wynosi 7-14 dni roboczych, w zale\u017cno\u015bci od Twojej lokalizacji. Dostawa towar\u00f3w z europejskich magazyn\u00f3w trwa zazwyczaj 3-6 dni roboczych.<\/p>\n<p><strong>P: Jak mog\u0119 \u015bledzi\u0107 moje zam\u00f3wienie?<\/strong><br \/>\nOdp.: Po wysy\u0142ce otrzymasz wiadomo\u015b\u0107 e-mail z potwierdzeniem i numerem przesy\u0142ki umo\u017cliwiaj\u0105cym \u015bledzenie w czasie rzeczywistym.<\/p>\n<p><strong>P: Jaka jest Twoja polityka zwrot\u00f3w?<\/strong><br \/>\nOdp.: Oferujemy 30-dniow\u0105 polityk\u0119 zwrot\u00f3w lub wymiany. .<\/p>\n<p><strong>P: Czy wyst\u0105pi\u0105 jakie\u015b problemy celne?<br \/>\n<\/strong>Obs\u0142ugujemy wszystkie procedury odprawy celnej, aby zapewni\u0107 Ci bezproblemow\u0105 obs\u0142ug\u0119. .<\/p>\n<p><strong>P: Jakie metody wysy\u0142ki s\u0105 stosowane?<\/strong><br \/>\nWsp\u00f3\u0142pracujemy z firmami UPS\/DHL\/FEDEX\/DPD itp. W zale\u017cno\u015bci od kraju dostawy wybierzemy odpowiedni\u0105 opcj\u0119 wysy\u0142ki, tak aby produkty dotar\u0142y do \u200b\u200bPa\u0144stwa najszybciej jak to mo\u017cliwe.<\/p>\n<p><a href=\"https:\/\/pgvape.com\/pl\/czesto-zadawane-pytania\/\">Kliknij tutaj, aby uzyska\u0107 wi\u0119cej cz\u0119sto zadawanych pyta\u0144<\/a><\/p>\n<p>Szanowni klienci, je\u015bli masz jakiekolwiek pytania dotycz\u0105ce zam\u00f3wienia lub przybycia towaru, skontaktuj si\u0119 z naszym dzia\u0142em obs\u0142ugi klienta. Dzi\u0119kuj\u0119!<\/p>\n<h3 data-sourcepos=\"73:1-73:21\"><strong data-sourcepos=\"73:7-73:21\">Skontaktuj si\u0119 z nami<\/strong><\/h3>\n<div id=\"text-2419739398\" class=\"text\">\n<p><strong data-sourcepos=\"75:3-75:12\">E-mail<\/strong>:\u00a0<a href=\"mailto:support@pgvape.com\"><strong>support@pgvape.com<\/strong><\/a><\/p>\n<p><strong data-sourcepos=\"76:3-76:15\">WhatsApp<\/strong>:\u00a0<a href=\"https:\/\/wa.me\/+8618128481258\"><strong>+86 18128481258<\/strong><\/a><br \/>\n<strong>(Odpowied\u017a w ci\u0105gu 24 godzin w dni robocze)<\/strong><\/p>\n<\/div>\n<h3><strong>Dzi\u0119kujemy za wybranie pgvape.com! .<\/strong><\/h3>\n<\/div>","protected":false},"excerpt":{"rendered":"<p><strong data-sourcepos=\"47:5-47:30\">Bang King 25000 zaci\u0105gni\u0119\u0107<\/strong>\u00a0oferty\u00a0<strong data-sourcepos=\"47:38-47:62\">wygoda w postaci dw\u00f3ch kapsu\u0142<\/strong>,\u00a0<strong data-sourcepos=\"47:64-47:90\">zwi\u0119kszona pojemno\u015b\u0107 46 ml<\/strong>, I\u00a0<strong data-sourcepos=\"47:96-47:120\">technologia cewek siatkowych<\/strong>\u00a0z\u00a0<strong data-sourcepos=\"47:126-47:147\">12 opcji smakowych<\/strong>\u00a0dla satysfakcjonuj\u0105cego do\u015bwiadczenia wapowania.<\/p>","protected":false},"featured_media":6044,"comment_status":"open","ping_status":"closed","template":"","meta":{"_seopress_robots_primary_cat":"none","_seopress_titles_title":"","_seopress_titles_desc":"","_seopress_robots_index":""},"product_brand":[19,516],"product_cat":[515,462,94],"product_tag":[351,350,90,322,459,203],"class_list":{"0":"post-6033","1":"product","2":"type-product","3":"status-publish","4":"has-post-thumbnail","6":"product_brand-bang-king-vape","7":"product_brand-disposable-vape","8":"product_cat-disposable-vape","9":"product_cat-bang-king-vape-eu","10":"product_cat-25k-puffs-vape","11":"product_tag-25k-puffs-vape","12":"product_tag-bang-king-25000","13":"product_tag-disposable-vape","14":"product_tag-double-warehouse","15":"product_tag-free-shipping","16":"product_tag-shipment-from-eu","17":"product_shipping_class-overseas-warehouse","19":"first","20":"instock","21":"sale","22":"shipping-taxable","23":"purchasable","24":"product-type-variable"},"_links":{"self":[{"href":"https:\/\/pgvape.com\/pl\/wp-json\/wp\/v2\/product\/6033","targetHints":{"allow":["GET"]}}],"collection":[{"href":"https:\/\/pgvape.com\/pl\/wp-json\/wp\/v2\/product"}],"about":[{"href":"https:\/\/pgvape.com\/pl\/wp-json\/wp\/v2\/types\/product"}],"replies":[{"embeddable":true,"href":"https:\/\/pgvape.com\/pl\/wp-json\/wp\/v2\/comments?post=6033"}],"wp:featuredmedia":[{"embeddable":true,"href":"https:\/\/pgvape.com\/pl\/wp-json\/wp\/v2\/media\/6044"}],"wp:attachment":[{"href":"https:\/\/pgvape.com\/pl\/wp-json\/wp\/v2\/media?parent=6033"}],"wp:term":[{"taxonomy":"product_brand","embeddable":true,"href":"https:\/\/pgvape.com\/pl\/wp-json\/wp\/v2\/product_brand?post=6033"},{"taxonomy":"product_cat","embeddable":true,"href":"https:\/\/pgvape.com\/pl\/wp-json\/wp\/v2\/product_cat?post=6033"},{"taxonomy":"product_tag","embeddable":true,"href":"https:\/\/pgvape.com\/pl\/wp-json\/wp\/v2\/product_tag?post=6033"}],"curies":[{"name":"wp","href":"https:\/\/api.w.org\/{rel}","templated":true}]}}