{"id":5953,"date":"2025-11-14T08:07:02","date_gmt":"2025-11-14T08:07:02","guid":{"rendered":"https:\/\/pgvape.com\/?post_type=product&#038;p=5953"},"modified":"2026-04-18T15:31:11","modified_gmt":"2026-04-18T15:31:11","slug":"bang-king-30000-30k-zaciagniec-podwojny-smak-jednorazowe-vape-wysylka-z-ue-darmowa-wysylka-vape-factory-direct","status":"publish","type":"product","link":"https:\/\/pgvape.com\/pl\/produkt\/bang-king-30000-30k-zaciagniec-podwojny-smak-jednorazowe-vape-wysylka-z-ue-darmowa-wysylka-vape-factory-direct\/","title":{"rendered":"Bang King 30000 | 30K Puffs Double Taste Jednorazowy Vape | Wysy\u0142ka z UE | Bezp\u0142atna wysy\u0142ka | Vape Factory Direct"},"content":{"rendered":"<p><strong data-sourcepos=\"4:5-4:58\">Jednorazowy waporyzator Bang King 30000Puffs Double Taste<\/strong>\u00a0dostarcza\u00a0<strong data-sourcepos=\"4:68-4:96\">przed\u0142u\u017cona przyjemno\u015b\u0107 z wapowania<\/strong>\u00a0z jego\u00a0<strong data-sourcepos=\"4:106-4:128\">system podw\u00f3jnego smaku<\/strong>\u00a0I\u00a0<strong data-sourcepos=\"4:133-4:157\">Pojemno\u015b\u0107 30 000 zaci\u0105gni\u0119\u0107<\/strong>.\u00a0<strong data-sourcepos=\"4:171-4:191\">Cewka siatkowa 1,0 oma<\/strong>\u00a0Do\u00a0<strong data-sourcepos=\"4:196-4:223\">p\u0142ynna produkcja pary<\/strong>\u00a0I\u00a0<strong data-sourcepos=\"4:228-4:254\">Pojemno\u015b\u0107 e-liquidu 36 ml<\/strong>, ,\u00a0<strong data-sourcepos=\"4:334-4:365\">Akumulator o pojemno\u015bci 550 mAh<\/strong>\u00a0z\u00a0<strong data-sourcepos=\"4:371-4:390\">\u0141adowanie typu C<\/strong>\u00a0I\u00a0<strong data-sourcepos=\"4:395-4:410\">Wy\u015bwietlacz LED<\/strong>\u00a0zapewnia wygod\u0119 u\u017cytkowania.<br \/>\nWysy\u0142ka bezpo\u015brednio z naszego\u00a0<b>Magazyn UE<\/b>, gwarantuje Bang King 50K\u00a0<b>szybka dostawa bez podatku<\/b>\u00a0i autentyczno\u015b\u0107 100% \u2014 zapewniaj\u0105 najwy\u017cszej klasy wra\u017cenia z waporyzacji prosto pod Twoje drzwi.<\/p>\n<p>&nbsp;<\/p>\n<h2><span style=\"font-size: 90%;\">Bang King 30000 | 30K Puffs Double Taste Jednorazowy waporyzator Dane techniczne produktu<\/span><\/h2>\n<p><strong data-sourcepos=\"7:3-7:17\">Liczba zaci\u0105gni\u0119\u0107<\/strong>: 30 000 zaci\u0105gni\u0119\u0107<\/p>\n<p><strong data-sourcepos=\"8:3-8:11\">Cewka<\/strong>: Cewka siatkowa 1,0 oma<\/p>\n<p><strong data-sourcepos=\"9:3-9:24\">Pojemno\u015b\u0107 e-cieczy<\/strong>: 36ml<\/p>\n<p><strong data-sourcepos=\"10:3-10:25\">Mocne strony nikotyny<\/strong>: 2%<\/p>\n<p><strong data-sourcepos=\"11:3-11:14\">Bateria<\/strong>: Akumulator 550 mAh<\/p>\n<p><strong data-sourcepos=\"12:3-12:15\">\u0141adowanie<\/strong>: Port typu C<\/p>\n<p><strong data-sourcepos=\"13:3-13:14\">Wy\u015bwietlacz<\/strong>: Cyfrowy ekran LED<\/p>\n<p><strong data-sourcepos=\"14:3-14:14\">Funkcja<\/strong>: Technologia podw\u00f3jnego smaku<\/p>\n<p><strong data-sourcepos=\"15:3-15:16\">Opakowanie<\/strong>: 10 sztuk w pude\u0142ku wystawowym<\/p>\n<p><strong data-sourcepos=\"15:3-15:28\">Wysy\u0142ka z magazynu UE<\/strong>\u00a0\u2013 Szybka dostawa bez podatku<\/p>\n<p>&nbsp;<\/p>\n<h3><span style=\"font-size: 90%;\">Bang King 30000 | 30K Puffs Double Taste Jednorazowe kombinacje smak\u00f3w Vape<\/span><\/h3>\n<p><strong data-sourcepos=\"18:4-18:39\">1. Lodowy arbuz i mi\u0119ta jagodowa<\/strong><\/p>\n<p><strong data-sourcepos=\"19:4-19:41\">2. Lodowy arbuz i mango truskawkowe<\/strong><\/p>\n<p><strong data-sourcepos=\"20:4-20:56\">3. Gujawa z arbuza i kiwi z marakuji i truskawek<\/strong><\/p>\n<p><strong data-sourcepos=\"21:4-21:41\">4. Truskawkowy arbuz i l\u00f3d winogronowy<\/strong><\/p>\n<p><strong data-sourcepos=\"22:4-22:40\">5. L\u00f3d jagodowy i l\u00f3d czarnego smoka<\/strong><\/p>\n<p><strong data-sourcepos=\"23:4-23:41\">6. Lody jagodowe i banan truskawkowy<\/strong><\/p>\n<p><strong data-sourcepos=\"24:4-24:39\">7. Arbuz Red Bull i Jagodowy<\/strong><\/p>\n<p><strong data-sourcepos=\"25:4-25:42\">8. Cukierki b\u0105belkowe Red Bull i Arbuz<\/strong><\/p>\n<p><strong data-sourcepos=\"26:4-26:52\">9. Arbuz z jagodami, malinami i brzoskwiniami i mango<\/strong><\/p>\n<p><strong data-sourcepos=\"27:5-27:42\">10. Jagoda, Malina i Mieszanka Owoc\u00f3w<\/strong><\/p>\n<p><strong data-sourcepos=\"28:5-28:36\">11. L\u00f3d truskawkowy, kiwi i brzoskwiniowy<\/strong><\/p>\n<p><strong data-sourcepos=\"29:5-29:47\">12.Truskawka Kiwi i Kwa\u015bne Jab\u0142ko Malina<br \/>\n<img loading=\"lazy\" decoding=\"async\" class=\"alignnone wp-image-5962 size-full\" src=\"https:\/\/pgvape.com\/wp-content\/uploads\/2025\/11\/pgvape-Bang-King-30000-30K-Puffs-Double-Taste-Disposable-Vape-Shipment-from-EU-Free-Shipping-3.png\" alt=\"Dwana\u015bcie jaskrawo kolorowych jednorazowych urz\u0105dze\u0144 do waporyzacji Bang King u\u0142o\u017conych w siatk\u0119, ka\u017cde z pionowym czarnym paskiem brandingowym, stylizowan\u0105 grafik\u0105 zwierz\u0119cia lub ma\u0142py z przodu, gradientowym t\u0142em i ma\u0142ymi ikonami owoc\u00f3w poni\u017cej wskazuj\u0105cymi r\u00f3\u017cne smaki.\" width=\"1000\" height=\"1639\" srcset=\"https:\/\/pgvape.com\/wp-content\/uploads\/2025\/11\/pgvape-Bang-King-30000-30K-Puffs-Double-Taste-Disposable-Vape-Shipment-from-EU-Free-Shipping-3.png 1000w, https:\/\/pgvape.com\/wp-content\/uploads\/2025\/11\/pgvape-Bang-King-30000-30K-Puffs-Double-Taste-Disposable-Vape-Shipment-from-EU-Free-Shipping-3-220x360.png 220w, https:\/\/pgvape.com\/wp-content\/uploads\/2025\/11\/pgvape-Bang-King-30000-30K-Puffs-Double-Taste-Disposable-Vape-Shipment-from-EU-Free-Shipping-3-595x975.png 595w, https:\/\/pgvape.com\/wp-content\/uploads\/2025\/11\/pgvape-Bang-King-30000-30K-Puffs-Double-Taste-Disposable-Vape-Shipment-from-EU-Free-Shipping-3-244x400.png 244w, https:\/\/pgvape.com\/wp-content\/uploads\/2025\/11\/pgvape-Bang-King-30000-30K-Puffs-Double-Taste-Disposable-Vape-Shipment-from-EU-Free-Shipping-3-768x1259.png 768w, https:\/\/pgvape.com\/wp-content\/uploads\/2025\/11\/pgvape-Bang-King-30000-30K-Puffs-Double-Taste-Disposable-Vape-Shipment-from-EU-Free-Shipping-3-937x1536.png 937w, https:\/\/pgvape.com\/wp-content\/uploads\/2025\/11\/pgvape-Bang-King-30000-30K-Puffs-Double-Taste-Disposable-Vape-Shipment-from-EU-Free-Shipping-3-7x12.png 7w, https:\/\/pgvape.com\/wp-content\/uploads\/2025\/11\/pgvape-Bang-King-30000-30K-Puffs-Double-Taste-Disposable-Vape-Shipment-from-EU-Free-Shipping-3-600x983.png 600w, https:\/\/pgvape.com\/wp-content\/uploads\/2025\/11\/pgvape-Bang-King-30000-30K-Puffs-Double-Taste-Disposable-Vape-Shipment-from-EU-Free-Shipping-3-24x40.png 24w\" sizes=\"auto, (max-width: 1000px) 100vw, 1000px\" \/><\/strong><\/p>\n<p>&nbsp;<\/p>\n<h3><span style=\"font-size: 90%;\">Bang King 30000 | 30K Puffs Double Taste Jednorazowe wideo:<\/span><\/h3>\n<p>&nbsp;<\/p>\n<h3 class=\"auto-hide-last-sibling-br paragraph-pP9ZLC paragraph-element br-paragraph-space\">Dlaczego warto wybra\u0107 europejski magazyn PGVape?<\/h3>\n<p>Szybka wysy\u0142ka: Dostawa do wi\u0119kszo\u015bci kraj\u00f3w UE w ci\u0105gu 3-7 dni roboczych.<\/p>\n<p>Dostawa bezc\u0142owa: Lokalne zapasy w UE zapewniaj\u0105 p\u0142ynn\u0105 i bezc\u0142ow\u0105 wysy\u0142k\u0119.<\/p>\n<p>100% Autentyczna gwarancja: oryginalne e-papierosy Bang King 30K od certyfikowanych dostawc\u00f3w.<\/p>\n<p>\u015awie\u017ce zapasy: Przechowywane w kontrolowanych warunkach, aby zapewni\u0107 optymaln\u0105 jako\u015b\u0107.<\/p>\n<p>Zaufali Europejczycy: Tysi\u0105ce klient\u00f3w korzysta z szybkich i bezpiecznych us\u0142ug e-papieros\u00f3w oferowanych przez PGVape.<\/p>\n<p>&nbsp;<\/p>\n<h2><span style=\"font-size: 90%;\">Cz\u0119sto zadawane pytania dotycz\u0105ce Bang King 30000 | 30K Puffs Double Taste Jednorazowy waporyzator<\/span><\/h2>\n<p data-sourcepos=\"32:1-33:79\">\u2753\u00a0<strong data-sourcepos=\"32:3-32:46\">Jak dzia\u0142a funkcja podw\u00f3jnego smaku?<\/strong><br \/>\n\u2705\u00a0\u0141atwo prze\u0142\u0105czaj si\u0119 mi\u0119dzy\u00a0<strong data-sourcepos=\"33:25-33:50\">dwa r\u00f3\u017cne smaki<\/strong>\u00a0w jednym urz\u0105dzeniu dla r\u00f3\u017cnorodno\u015bci.<\/p>\n<p data-sourcepos=\"35:1-36:75\">\u2753\u00a0<strong data-sourcepos=\"35:3-35:36\">Jak d\u0142ugo b\u0119dzie trwa\u0142 ten waporyzator?<\/strong><br \/>\n\u2705\u00a0Z\u00a0<strong data-sourcepos=\"36:8-36:24\">30 000 zaci\u0105gni\u0119\u0107<\/strong>\u00a0I\u00a0<strong data-sourcepos=\"36:29-36:46\">Pojemno\u015b\u0107 36 ml<\/strong>, zapewnia d\u0142u\u017csze u\u017cytkowanie.<\/p>\n<p data-sourcepos=\"38:1-39:73\">\u2753\u00a0<strong data-sourcepos=\"38:3-38:41\">Co wp\u0142ywa na dobr\u0105 jako\u015b\u0107 pary?<\/strong><br \/>\n\u2705\u00a0The\u00a0<strong data-sourcepos=\"39:7-39:27\">Cewka siatkowa 1,0 oma<\/strong>\u00a0zapewnia p\u0142ynn\u0105, aromatyczn\u0105 produkcj\u0119 pary.<\/p>\n<p data-sourcepos=\"41:1-42:69\">\u2753\u00a0<strong data-sourcepos=\"41:3-41:47\">Czy mog\u0119 sprawdzi\u0107 poziom baterii i e-liquidu?<\/strong><br \/>\n\u2705\u00a0The\u00a0<strong data-sourcepos=\"42:7-42:22\">Wy\u015bwietlacz LED<\/strong>\u00a0pokazuje pozosta\u0142y poziom baterii i e-liquidu.<\/p>\n<p data-sourcepos=\"44:1-45:74\">\u2753\u00a0<strong data-sourcepos=\"44:3-44:30\">Czy \u0142atwo jest na\u0142adowa\u0107 akumulator?<br \/>\n<\/strong>\u2705\u00a0The\u00a0<strong data-sourcepos=\"45:7-45:31\">Port \u0142adowania typu C<\/strong>\u00a0pozwala na szybkie i wygodne \u0142adowanie.<\/p>\n<p>\u2753\u00a0<strong data-sourcepos=\"50:3-50:42\">Sk\u0105d jest wysy\u0142any ten produkt?<\/strong><br \/>\n\u2705\u00a0Bezpo\u015brednio z\u00a0<strong data-sourcepos=\"51:15-51:32\">Magazyny UE<\/strong>\u00a0Do\u00a0<strong data-sourcepos=\"51:37-51:64\">szybka dostawa bez podatku<\/strong>.<\/p>\n<p>&nbsp;<\/p>\n<h3 id=\"brxe-najhln\" class=\"brxe-heading\">Cz\u0119sto zadawane pytania (FAQ)<\/h3>\n<div id=\"brxe-rajiac\" class=\"brxe-text\">\n<p><strong>P: Jakie metody p\u0142atno\u015bci akceptujecie?<\/strong><br \/>\nOdp.: Akceptujemy PayPal, Stripe, przelewy bankowe (obs\u0142ugiwane SEPA), g\u0142\u00f3wne karty kredytowe (Visa, MasterCard, American Express) i p\u0142atno\u015bci w kryptowalutach.<\/p>\n<p><strong>P: Jak d\u0142ugo trwa przygotowanie zam\u00f3wienia?<\/strong><br \/>\nOdp.: Przygotowanie zam\u00f3wienia zajmuje 1-3 dni robocze.<\/p>\n<p><strong>P: Jaki jest czas wysy\u0142ki?<\/strong><br \/>\nOdp.: Czas wysy\u0142ki wynosi 7-14 dni roboczych, w zale\u017cno\u015bci od Twojej lokalizacji. Dostawa towar\u00f3w z europejskich magazyn\u00f3w trwa zazwyczaj 3-6 dni roboczych.<\/p>\n<p><strong>P: Jak mog\u0119 \u015bledzi\u0107 moje zam\u00f3wienie?<\/strong><br \/>\nOdp.: Po wysy\u0142ce otrzymasz wiadomo\u015b\u0107 e-mail z potwierdzeniem i numerem przesy\u0142ki umo\u017cliwiaj\u0105cym \u015bledzenie w czasie rzeczywistym.<\/p>\n<p><strong>P: Jaka jest Twoja polityka zwrot\u00f3w?<\/strong><br \/>\nOdp.: Oferujemy 30-dniow\u0105 polityk\u0119 zwrot\u00f3w lub wymiany. .<\/p>\n<p><strong>P: Czy wyst\u0105pi\u0105 jakie\u015b problemy celne?<br \/>\n<\/strong>Obs\u0142ugujemy wszystkie procedury odprawy celnej, aby zapewni\u0107 Ci bezproblemow\u0105 obs\u0142ug\u0119. .<\/p>\n<p><strong>P: Jakie metody wysy\u0142ki s\u0105 stosowane?<\/strong><br \/>\nWsp\u00f3\u0142pracujemy z firmami UPS\/DHL\/FEDEX\/DPD itp. W zale\u017cno\u015bci od kraju dostawy wybierzemy odpowiedni\u0105 opcj\u0119 wysy\u0142ki, tak aby produkty dotar\u0142y do \u200b\u200bPa\u0144stwa najszybciej jak to mo\u017cliwe.<\/p>\n<p><a href=\"https:\/\/pgvape.com\/pl\/czesto-zadawane-pytania\/\">Kliknij tutaj, aby uzyska\u0107 wi\u0119cej cz\u0119sto zadawanych pyta\u0144<\/a><\/p>\n<p>Szanowni klienci, je\u015bli masz jakiekolwiek pytania dotycz\u0105ce zam\u00f3wienia lub przybycia towaru, skontaktuj si\u0119 z naszym dzia\u0142em obs\u0142ugi klienta. Dzi\u0119kuj\u0119!<\/p>\n<h3 data-sourcepos=\"73:1-73:21\"><strong data-sourcepos=\"73:7-73:21\">Skontaktuj si\u0119 z nami<\/strong><\/h3>\n<div id=\"text-2419739398\" class=\"text\">\n<p><strong data-sourcepos=\"75:3-75:12\">E-mail<\/strong>:\u00a0<a href=\"mailto:support@pgvape.com\"><strong>support@pgvape.com<\/strong><\/a><\/p>\n<p><strong data-sourcepos=\"76:3-76:15\">WhatsApp<\/strong>:\u00a0<a href=\"https:\/\/wa.me\/+8618128481258\"><strong>+86 18128481258<\/strong><\/a><br \/>\n<strong>(Odpowied\u017a w ci\u0105gu 24 godzin w dni robocze)<\/strong><\/p>\n<\/div>\n<h3><strong>Dzi\u0119kujemy za wybranie pgvape.com! .<\/strong><\/h3>\n<\/div>","protected":false},"excerpt":{"rendered":"<p><strong data-sourcepos=\"48:5-48:29\">Bang King 30000 zaci\u0105gni\u0119\u0107<\/strong>\u00a0oferty\u00a0<strong data-sourcepos=\"48:37-48:64\">wszechstronno\u015b\u0107 w dw\u00f3ch smakach<\/strong>,\u00a0<strong data-sourcepos=\"48:66-48:92\">zwi\u0119kszona pojemno\u015b\u0107 36 ml<\/strong>, I\u00a0<strong data-sourcepos=\"48:98-48:122\">technologia cewek siatkowych<\/strong>\u00a0dla satysfakcjonuj\u0105cego do\u015bwiadczenia wapowania\u00a0<strong data-sourcepos=\"48:163-48:189\">12 kombinacji smakowych<\/strong><\/p>","protected":false},"featured_media":5963,"comment_status":"open","ping_status":"closed","template":"","meta":{"_seopress_robots_primary_cat":"none","_seopress_titles_title":"","_seopress_titles_desc":"","_seopress_robots_index":""},"product_brand":[19,516],"product_cat":[515,462,35],"product_tag":[349,348,90,68,459,203],"class_list":{"0":"post-5953","1":"product","2":"type-product","3":"status-publish","4":"has-post-thumbnail","6":"product_brand-bang-king-vape","7":"product_brand-disposable-vape","8":"product_cat-disposable-vape","9":"product_cat-bang-king-vape-eu","10":"product_cat-30k-puffs-vape","11":"product_tag-30k-puffs-vape","12":"product_tag-bang-king-30000","13":"product_tag-disposable-vape","14":"product_tag-double-taste","15":"product_tag-free-shipping","16":"product_tag-shipment-from-eu","18":"first","19":"instock","20":"sale","21":"shipping-taxable","22":"purchasable","23":"product-type-variable"},"_links":{"self":[{"href":"https:\/\/pgvape.com\/pl\/wp-json\/wp\/v2\/product\/5953","targetHints":{"allow":["GET"]}}],"collection":[{"href":"https:\/\/pgvape.com\/pl\/wp-json\/wp\/v2\/product"}],"about":[{"href":"https:\/\/pgvape.com\/pl\/wp-json\/wp\/v2\/types\/product"}],"replies":[{"embeddable":true,"href":"https:\/\/pgvape.com\/pl\/wp-json\/wp\/v2\/comments?post=5953"}],"wp:featuredmedia":[{"embeddable":true,"href":"https:\/\/pgvape.com\/pl\/wp-json\/wp\/v2\/media\/5963"}],"wp:attachment":[{"href":"https:\/\/pgvape.com\/pl\/wp-json\/wp\/v2\/media?parent=5953"}],"wp:term":[{"taxonomy":"product_brand","embeddable":true,"href":"https:\/\/pgvape.com\/pl\/wp-json\/wp\/v2\/product_brand?post=5953"},{"taxonomy":"product_cat","embeddable":true,"href":"https:\/\/pgvape.com\/pl\/wp-json\/wp\/v2\/product_cat?post=5953"},{"taxonomy":"product_tag","embeddable":true,"href":"https:\/\/pgvape.com\/pl\/wp-json\/wp\/v2\/product_tag?post=5953"}],"curies":[{"name":"wp","href":"https:\/\/api.w.org\/{rel}","templated":true}]}}