{"id":5885,"date":"2025-11-14T06:43:27","date_gmt":"2025-11-14T06:43:27","guid":{"rendered":"https:\/\/pgvape.com\/?post_type=product&#038;p=5885"},"modified":"2026-04-18T15:31:11","modified_gmt":"2026-04-18T15:31:11","slug":"bang-king-50000-50k-ptysiow-jednorazowy-vape-o-podwojnym-smaku-wysylka-z-ue-darmowa-wysylka-vape-bezposrednio-z-fabryki","status":"publish","type":"product","link":"https:\/\/pgvape.com\/pl\/produkt\/bang-king-50000-50k-ptysiow-jednorazowy-vape-o-podwojnym-smaku-wysylka-z-ue-darmowa-wysylka-vape-bezposrednio-z-fabryki\/","title":{"rendered":"Bang King 50000 | 50K Puffs Jednorazowy Vape o podw\u00f3jnym smaku | Wysy\u0142ka z UE | Bezp\u0142atna wysy\u0142ka | Vape Factory Direct"},"content":{"rendered":"<p><strong data-sourcepos=\"4:5-4:22\">Bang King 50 tys<\/strong> na nowo definiuje jednorazowe wapowanie za pomoc\u0105 <strong data-sourcepos=\"4:56-4:83\">50 000 bardzo d\u0142ugich zaci\u0105gni\u0119\u0107<\/strong>, <strong data-sourcepos=\"4:85-4:111\">Pojemno\u015b\u0107 e-liquidu 50 ml<\/strong>, I <strong data-sourcepos=\"4:117-4:143\">technologia podw\u00f3jnego smaku<\/strong>. <strong data-sourcepos=\"4:158-4:189\">Akumulator o pojemno\u015bci 850 mAh<\/strong>, <strong data-sourcepos=\"4:191-4:209\">Cewka siatkowa 1,0 \u03a9<\/strong>, I <strong data-sourcepos=\"4:215-4:237\">regulowany przep\u0142yw powietrza<\/strong>, to urz\u0105dzenie zapewnia <strong data-sourcepos=\"4:260-4:285\">niezr\u00f3wnana wszechstronno\u015b\u0107<\/strong> I <strong data-sourcepos=\"4:290-4:313\">wydajno\u015b\u0107 premium<\/strong> w jednym eleganckim opakowaniu.<br \/>\nWysy\u0142ka bezpo\u015brednio z naszego\u00a0<b>Magazyn UE<\/b>, gwarantuje Bang King 50K <b>szybka dostawa bez podatku<\/b>\u00a0i autentyczno\u015b\u0107 100% \u2014 zapewniaj\u0105 najwy\u017cszej klasy wra\u017cenia z waporyzacji prosto pod Twoje drzwi.<\/p>\n<p>&nbsp;<\/p>\n<h2><span style=\"font-size: 90%;\">Bang King 50000 | 50K Puffs Jednorazowy waporyzator o podw\u00f3jnym smaku\u00a0<strong data-sourcepos=\"10:5-10:27\">Dane techniczne<\/strong><\/span><\/h2>\n<p><strong data-sourcepos=\"18:3-18:17\">Liczba puf\u00f3w<\/strong>: 50 000 zaci\u0105gni\u0119\u0107<\/p>\n<p><strong data-sourcepos=\"19:3-19:15\">E-ciecz<\/strong>: 50ml (2 smaki na urz\u0105dzenie)<\/p>\n<p><strong data-sourcepos=\"20:3-20:14\">Bateria<\/strong>: 850 mAh (\u0142adowalny akumulator typu C)<\/p>\n<p><strong data-sourcepos=\"21:3-21:11\">Cewka<\/strong>: siatka 1,0 \u03a9<\/p>\n<p><strong data-sourcepos=\"22:3-22:15\">Nikotyna<\/strong>: 2%<\/p>\n<p><strong data-sourcepos=\"23:3-23:14\">Przep\u0142yw powietrza<\/strong>: Regulowany<\/p>\n<p><strong data-sourcepos=\"24:3-24:14\">Wy\u015bwietlacz<\/strong>: Wska\u017aniki baterii i e-p\u0142yn\u00f3w<\/p>\n<p><strong data-sourcepos=\"15:3-15:28\">Wysy\u0142ka z magazynu UE<\/strong> \u2013 Szybka dostawa bez podatku<\/p>\n<p>&nbsp;<\/p>\n<h3><span style=\"font-size: 90%;\">Bang King 50000 | 50K Puffs Jednorazowy waporyzator o podw\u00f3jnym smaku\u00a0<strong data-sourcepos=\"23:5-23:28\">Duety smakowe<\/strong><\/span><\/h3>\n<p><strong data-sourcepos=\"24:4-24:39\">1.L\u00f3d arbuzowy | Jagodowo-mi\u0119towy<\/strong><\/p>\n<p><strong data-sourcepos=\"25:4-25:41\">2.L\u00f3d arbuzowy | Wi\u015bnia jagodowa<\/strong><\/p>\n<p><strong data-sourcepos=\"26:4-26:46\">3. L\u00f3d jagodowy | Arbuz brzoskwiniowo-mango<\/strong><\/p>\n<p><strong data-sourcepos=\"27:4-27:33\">4.L\u00f3d jagodowy | L\u00f3d brzoskwiniowy<\/strong><\/p>\n<p><strong data-sourcepos=\"28:4-28:41\">5.Jagoda Malina | Mieszanka Jag\u00f3d<\/strong><\/p>\n<p><strong data-sourcepos=\"29:4-29:39\">6.Jagoda Malina | L\u00f3d winogronowy<\/strong><\/p>\n<p><strong data-sourcepos=\"30:4-30:36\">7.Red Bull | Truskawkowy Banan<\/strong><\/p>\n<p><strong data-sourcepos=\"31:4-31:39\">8.Red Bull | Arbuz jagodowy<\/strong><\/p>\n<p><strong data-sourcepos=\"32:4-32:48\">9.Truskawkowa Mango | Arbuzowa Guma Balonowa<\/strong><\/p>\n<p><strong data-sourcepos=\"33:5-33:43\">10.Truskawkowe Mango | Truskawkowe Kiwi<\/strong><\/p>\n<p><strong data-sourcepos=\"34:5-34:49\">11.Truskawkowy Arbuz | Czarny Smok L\u00f3d<\/strong><\/p>\n<p><strong data-sourcepos=\"35:5-35:57\">12.Truskawkowy Arbuz | Kiwi Marakuja Gujawa<img loading=\"lazy\" decoding=\"async\" class=\"alignnone wp-image-5891 size-full\" src=\"https:\/\/pgvape.com\/wp-content\/uploads\/2025\/11\/pgvape-Bang-King-50000-50K-Puffs-Double-Flavor-Disposable-Vape-12Tastes-with-Airflow-Control-Shipment-from-EU-Free-Shipping-4.png\" alt=\"Siatka kolorowych jednorazowych urz\u0105dze\u0144 do waporyzacji przedstawiona w parach wzor\u00f3w o dw\u00f3ch smakach na niebieskim gradientowym tle z du\u017cym nag\u0142\u00f3wkiem \u201c50 000 PUFFS\u201d, ikonami regulowanego przep\u0142ywu powietrza, ekranem cyfrowym i cewk\u0105 siatkow\u0105, etykietami z informacj\u0105 50 ML, 850 MAH i TYPE-C, logo Dual Flavour i ma\u0142\u0105 notatk\u0105 \u2018Wysy\u0142ka z UE \u2013 bezp\u0142atna wysy\u0142ka\u2019.\" width=\"1000\" height=\"1000\" srcset=\"https:\/\/pgvape.com\/wp-content\/uploads\/2025\/11\/pgvape-Bang-King-50000-50K-Puffs-Double-Flavor-Disposable-Vape-12Tastes-with-Airflow-Control-Shipment-from-EU-Free-Shipping-4.png 1000w, https:\/\/pgvape.com\/wp-content\/uploads\/2025\/11\/pgvape-Bang-King-50000-50K-Puffs-Double-Flavor-Disposable-Vape-12Tastes-with-Airflow-Control-Shipment-from-EU-Free-Shipping-4-360x360.png 360w, https:\/\/pgvape.com\/wp-content\/uploads\/2025\/11\/pgvape-Bang-King-50000-50K-Puffs-Double-Flavor-Disposable-Vape-12Tastes-with-Airflow-Control-Shipment-from-EU-Free-Shipping-4-595x595.png 595w, https:\/\/pgvape.com\/wp-content\/uploads\/2025\/11\/pgvape-Bang-King-50000-50K-Puffs-Double-Flavor-Disposable-Vape-12Tastes-with-Airflow-Control-Shipment-from-EU-Free-Shipping-4-400x400.png 400w, https:\/\/pgvape.com\/wp-content\/uploads\/2025\/11\/pgvape-Bang-King-50000-50K-Puffs-Double-Flavor-Disposable-Vape-12Tastes-with-Airflow-Control-Shipment-from-EU-Free-Shipping-4-768x768.png 768w, https:\/\/pgvape.com\/wp-content\/uploads\/2025\/11\/pgvape-Bang-King-50000-50K-Puffs-Double-Flavor-Disposable-Vape-12Tastes-with-Airflow-Control-Shipment-from-EU-Free-Shipping-4-12x12.png 12w, https:\/\/pgvape.com\/wp-content\/uploads\/2025\/11\/pgvape-Bang-King-50000-50K-Puffs-Double-Flavor-Disposable-Vape-12Tastes-with-Airflow-Control-Shipment-from-EU-Free-Shipping-4-300x300.png 300w, https:\/\/pgvape.com\/wp-content\/uploads\/2025\/11\/pgvape-Bang-King-50000-50K-Puffs-Double-Flavor-Disposable-Vape-12Tastes-with-Airflow-Control-Shipment-from-EU-Free-Shipping-4-600x600.png 600w, https:\/\/pgvape.com\/wp-content\/uploads\/2025\/11\/pgvape-Bang-King-50000-50K-Puffs-Double-Flavor-Disposable-Vape-12Tastes-with-Airflow-Control-Shipment-from-EU-Free-Shipping-4-100x100.png 100w, https:\/\/pgvape.com\/wp-content\/uploads\/2025\/11\/pgvape-Bang-King-50000-50K-Puffs-Double-Flavor-Disposable-Vape-12Tastes-with-Airflow-Control-Shipment-from-EU-Free-Shipping-4-40x40.png 40w\" sizes=\"auto, (max-width: 1000px) 100vw, 1000px\" \/><\/strong><\/p>\n<p>&nbsp;<\/p>\n<h3><span style=\"font-size: 90%;\">Bang King 50000 | 50K Puffs Double Flavour Jednorazowe wideo:<\/span><\/h3>\n<p>&nbsp;<\/p>\n<h3 class=\"auto-hide-last-sibling-br paragraph-pP9ZLC paragraph-element br-paragraph-space\"><span style=\"font-size: 90%;\">Dlaczego warto wybra\u0107 europejski magazyn PGVape?<\/span><\/h3>\n<p>Szybka wysy\u0142ka: Dostawa do wi\u0119kszo\u015bci kraj\u00f3w UE w ci\u0105gu 3-7 dni roboczych.<\/p>\n<p>Dostawa bezc\u0142owa: Lokalne zapasy w UE zapewniaj\u0105 p\u0142ynn\u0105 i bezc\u0142ow\u0105 wysy\u0142k\u0119.<\/p>\n<p>100% Autentyczna gwarancja: oryginalne e-papierosy Bang King 50K od certyfikowanych dostawc\u00f3w.<\/p>\n<p>\u015awie\u017ce zapasy: Przechowywane w kontrolowanych warunkach, aby zapewni\u0107 optymaln\u0105 jako\u015b\u0107.<\/p>\n<p>Zaufali Europejczycy: Tysi\u0105ce klient\u00f3w korzysta z szybkich i bezpiecznych us\u0142ug e-papieros\u00f3w oferowanych przez PGVape.<\/p>\n<p>&nbsp;<\/p>\n<h2><span style=\"font-size: 90%;\">Cz\u0119sto zadawane pytania dotycz\u0105ce Bang King 50000 | 50K Puffs Jednorazowy waporyzator o podw\u00f3jnym smaku<\/span><\/h2>\n<p data-sourcepos=\"41:1-42:80\">\u2753 <strong data-sourcepos=\"41:3-41:44\">Jak dzia\u0142a system podw\u00f3jnego smaku?<\/strong><br \/>\n\u2705 \u0141atwe prze\u0142\u0105czanie pomi\u0119dzy <strong data-sourcepos=\"42:25-42:51\">dwa fabrycznie za\u0142adowane smaki<\/strong> w jednym urz\u0105dzeniu dla r\u00f3\u017cnorodno\u015bci.<\/p>\n<p data-sourcepos=\"44:1-45:78\">\u2753 <strong data-sourcepos=\"44:3-44:47\">Czy bateria wystarczy na 50 tys. zaci\u0105gni\u0119\u0107?<\/strong><br \/>\n\u2705 <strong data-sourcepos=\"45:7-45:25\">Bateria 850 mAh<\/strong> mo\u017cna \u0142adowa\u0107 przez <strong data-sourcepos=\"45:46-45:56\">Typ C<\/strong> do ci\u0105g\u0142ego u\u017cytkowania.<\/p>\n<p data-sourcepos=\"47:1-48:61\">\u2753 <strong data-sourcepos=\"47:3-47:32\">Czy mog\u0119 regulowa\u0107 przep\u0142yw powietrza?<\/strong><br \/>\n\u2705 Tak! <strong data-sourcepos=\"48:33-48:58\">ciasne MTL do przewiewnego DTL<\/strong>.<\/p>\n<p data-sourcepos=\"50:1-51:67\">\u2753 <strong data-sourcepos=\"50:3-50:42\">Sk\u0105d jest wysy\u0142any ten produkt?<\/strong><br \/>\n\u2705 Bezpo\u015brednio od <strong data-sourcepos=\"51:15-51:32\">Magazyny UE<\/strong> Do <strong data-sourcepos=\"51:37-51:64\">szybka dostawa bez podatku<\/strong>.<\/p>\n<p data-sourcepos=\"53:1-54:77\">\u2753 <strong data-sourcepos=\"53:3-53:42\">Kt\u00f3re po\u0142\u0105czenie smak\u00f3w jest najpopularniejsze?<\/strong><br \/>\n\u2705 <strong data-sourcepos=\"54:3-54:21\">Mieszanki Red Bulla<\/strong> I <strong data-sourcepos=\"54:26-54:58\">Mieszanki Truskawkowo-Arbuzowe<\/strong> s\u0105 bestsellerami.<\/p>\n<p>&nbsp;<\/p>\n<h3 id=\"brxe-najhln\" class=\"brxe-heading\">Cz\u0119sto zadawane pytania (FAQ)<\/h3>\n<div id=\"brxe-rajiac\" class=\"brxe-text\">\n<p><strong>P: Jakie metody p\u0142atno\u015bci akceptujecie?<\/strong><br \/>\nOdp.: Akceptujemy PayPal, Stripe, przelewy bankowe (obs\u0142ugiwane SEPA), g\u0142\u00f3wne karty kredytowe (Visa, MasterCard, American Express) i p\u0142atno\u015bci w kryptowalutach.<\/p>\n<p><strong>P: Jak d\u0142ugo trwa przygotowanie zam\u00f3wienia?<\/strong><br \/>\nOdp.: Przygotowanie zam\u00f3wienia zajmuje 1-3 dni robocze.<\/p>\n<p><strong>P: Jaki jest czas wysy\u0142ki?<\/strong><br \/>\nOdp.: Czas wysy\u0142ki wynosi 7-14 dni roboczych, w zale\u017cno\u015bci od Twojej lokalizacji. Dostawa towar\u00f3w z europejskich magazyn\u00f3w trwa zazwyczaj 3-6 dni roboczych.<\/p>\n<p><strong>P: Jak mog\u0119 \u015bledzi\u0107 moje zam\u00f3wienie?<\/strong><br \/>\nOdp.: Po wysy\u0142ce otrzymasz wiadomo\u015b\u0107 e-mail z potwierdzeniem i numerem przesy\u0142ki umo\u017cliwiaj\u0105cym \u015bledzenie w czasie rzeczywistym.<\/p>\n<p><strong>P: Jaka jest Twoja polityka zwrot\u00f3w?<\/strong><br \/>\nOdp.: Oferujemy 30-dniow\u0105 polityk\u0119 zwrot\u00f3w lub wymiany. .<\/p>\n<p><strong>P: Czy wyst\u0105pi\u0105 jakie\u015b problemy celne?<br \/>\n<\/strong>Obs\u0142ugujemy wszystkie procedury odprawy celnej, aby zapewni\u0107 Ci bezproblemow\u0105 obs\u0142ug\u0119. .<\/p>\n<p><strong>P: Jakie metody wysy\u0142ki s\u0105 stosowane?<\/strong><br \/>\nWsp\u00f3\u0142pracujemy z firmami UPS\/DHL\/FEDEX\/DPD itp. W zale\u017cno\u015bci od kraju dostawy wybierzemy odpowiedni\u0105 opcj\u0119 wysy\u0142ki, tak aby produkty dotar\u0142y do \u200b\u200bPa\u0144stwa najszybciej jak to mo\u017cliwe.<\/p>\n<p><a href=\"https:\/\/pgvape.com\/pl\/czesto-zadawane-pytania\/\">Kliknij tutaj, aby uzyska\u0107 wi\u0119cej cz\u0119sto zadawanych pyta\u0144<\/a><\/p>\n<p>Szanowni klienci, je\u015bli masz jakiekolwiek pytania dotycz\u0105ce zam\u00f3wienia lub przybycia towaru, skontaktuj si\u0119 z naszym dzia\u0142em obs\u0142ugi klienta. Dzi\u0119kuj\u0119!<\/p>\n<h3 data-sourcepos=\"73:1-73:21\"><strong data-sourcepos=\"73:7-73:21\">Skontaktuj si\u0119 z nami<\/strong><\/h3>\n<div id=\"text-2419739398\" class=\"text\">\n<p><strong data-sourcepos=\"75:3-75:12\">E-mail<\/strong>:\u00a0<a href=\"mailto:support@pgvape.com\"><strong>support@pgvape.com<\/strong><\/a><\/p>\n<p><strong data-sourcepos=\"76:3-76:15\">WhatsApp<\/strong>:\u00a0<a href=\"https:\/\/wa.me\/+8618128481258\"><strong>+86 18128481258<\/strong><\/a><br \/>\n<strong>(Odpowied\u017a w ci\u0105gu 24 godzin w dni robocze)<\/strong><\/p>\n<\/div>\n<h3><strong>Dzi\u0119kujemy za wybranie pgvape.com! .<\/strong><\/h3>\n<\/div>","protected":false},"excerpt":{"rendered":"<p><strong data-sourcepos=\"57:5-57:22\">Bang King 50 tys<\/strong> oferty <strong data-sourcepos=\"57:30-57:46\">50 000 zaci\u0105gni\u0119\u0107<\/strong>, <strong data-sourcepos=\"57:48-57:78\">dwa smaki w jednym urz\u0105dzeniu<\/strong>, I <strong data-sourcepos=\"57:84-57:106\">regulowany przep\u0142yw powietrza<\/strong> \u2013 idealny dla <strong data-sourcepos=\"57:121-57:138\">mi\u0142o\u015bnik\u00f3w smak\u00f3w<\/strong> kt\u00f3rzy \u017c\u0105daj\u0105 <strong data-sourcepos=\"57:150-57:177\">r\u00f3\u017cnorodno\u015b\u0107 i wydajno\u015b\u0107<\/strong>.<\/p>","protected":false},"featured_media":5888,"comment_status":"open","ping_status":"closed","template":"","meta":{"_seopress_robots_primary_cat":"none","_seopress_titles_title":"","_seopress_titles_desc":"","_seopress_robots_index":""},"product_brand":[19,516],"product_cat":[515,462,61],"product_tag":[318,338,90,339,459,203],"class_list":{"0":"post-5885","1":"product","2":"type-product","3":"status-publish","4":"has-post-thumbnail","6":"product_brand-bang-king-vape","7":"product_brand-disposable-vape","8":"product_cat-disposable-vape","9":"product_cat-bang-king-vape-eu","10":"product_cat-50k-puffs-vape","11":"product_tag-50k-puffs-vape","12":"product_tag-bang-king-50000","13":"product_tag-disposable-vape","14":"product_tag-double-flavor","15":"product_tag-free-shipping","16":"product_tag-shipment-from-eu","18":"first","19":"instock","20":"sale","21":"shipping-taxable","22":"purchasable","23":"product-type-variable"},"_links":{"self":[{"href":"https:\/\/pgvape.com\/pl\/wp-json\/wp\/v2\/product\/5885","targetHints":{"allow":["GET"]}}],"collection":[{"href":"https:\/\/pgvape.com\/pl\/wp-json\/wp\/v2\/product"}],"about":[{"href":"https:\/\/pgvape.com\/pl\/wp-json\/wp\/v2\/types\/product"}],"replies":[{"embeddable":true,"href":"https:\/\/pgvape.com\/pl\/wp-json\/wp\/v2\/comments?post=5885"}],"wp:featuredmedia":[{"embeddable":true,"href":"https:\/\/pgvape.com\/pl\/wp-json\/wp\/v2\/media\/5888"}],"wp:attachment":[{"href":"https:\/\/pgvape.com\/pl\/wp-json\/wp\/v2\/media?parent=5885"}],"wp:term":[{"taxonomy":"product_brand","embeddable":true,"href":"https:\/\/pgvape.com\/pl\/wp-json\/wp\/v2\/product_brand?post=5885"},{"taxonomy":"product_cat","embeddable":true,"href":"https:\/\/pgvape.com\/pl\/wp-json\/wp\/v2\/product_cat?post=5885"},{"taxonomy":"product_tag","embeddable":true,"href":"https:\/\/pgvape.com\/pl\/wp-json\/wp\/v2\/product_tag?post=5885"}],"curies":[{"name":"wp","href":"https:\/\/api.w.org\/{rel}","templated":true}]}}