{"id":5852,"date":"2025-11-14T05:17:37","date_gmt":"2025-11-14T05:17:37","guid":{"rendered":"https:\/\/pgvape.com\/?post_type=product&#038;p=5852"},"modified":"2026-04-18T15:31:12","modified_gmt":"2026-04-18T15:31:12","slug":"bang-blaze-60000-60-tys-zaciagniec-4-w-1-smaki-jednorazowy-vape-wysylka-z-ue-darmowa-wysylka-vape-bezposrednio-z-fabryki","status":"publish","type":"product","link":"https:\/\/pgvape.com\/pl\/produkt\/bang-blaze-60000-60-tys-zaciagniec-4-w-1-smaki-jednorazowy-vape-wysylka-z-ue-darmowa-wysylka-vape-bezposrednio-z-fabryki\/","title":{"rendered":"Bang Blaze 60000 | 60 tys. Puff\u00f3w 4 w 1 Smaki Jednorazowy Vape | Wysy\u0142ka z UE | Bezp\u0142atna wysy\u0142ka | Vape Factory Direct"},"content":{"rendered":"<p><strong>Bang Blaze 60000 Jednorazowy Vape<\/strong> Pi\u00f3ro na nowo definiuje wszechstronno\u015b\u0107 <strong>Smak 4 w 1<\/strong> tryb, pozwalaj\u0105cy na \u0142atwe prze\u0142\u0105czanie pomi\u0119dzy czterema unikalnymi smakami. <strong>60 ml wst\u0119pnie nape\u0142nionego e-liquidu<\/strong> pojemno\u015b\u0107, zapewnia do <strong>60 000 zaci\u0105gni\u0119\u0107<\/strong> dla d\u0142u\u017cszej przyjemno\u015bci bez cz\u0119stego uzupe\u0142niania. <strong>Cewka siatkowa 1,0 \u03a9<\/strong> zapewnia g\u0142adk\u0105, bogat\u0105 par\u0119 i precyzyjny smak. <strong>Akumulator o pojemno\u015bci 650 mAh<\/strong> bateria z szybk\u0105 <strong>Typ C<\/strong> \u0142adowanie i wyposa\u017cony w inteligentny ekran cyfrowy do monitorowania stanu baterii i cieczy w czasie rzeczywistym, to eleganckie urz\u0105dzenie oferuje konfigurowalne, najwy\u017cszej jako\u015bci wra\u017cenia z waporyzacji dzi\u0119ki 12 ekscytuj\u0105cym kombinacjom smakowym.<br \/>\nWysy\u0142ka bezpo\u015brednio z naszego\u00a0<b>Magazyn UE<\/b>, gwarantuje Bang Blaze 60K\u00a0<b>szybka dostawa bez podatku<\/b>\u00a0i autentyczno\u015b\u0107 100% \u2014 zapewniaj\u0105 najwy\u017cszej klasy wra\u017cenia z waporyzacji prosto pod Twoje drzwi.<\/p>\n<p>&nbsp;<\/p>\n<h2><span style=\"font-size: 90%;\">Bang Blaze 60000 | 60k Puffs 4 w 1 Smaki Jednorazowy Vape Dane techniczne produktu:<\/span><\/h2>\n<p><strong>Pojemno\u015b\u0107 zaci\u0105gni\u0119cia:<\/strong>\u00a0Do 60 000 zaci\u0105gni\u0119\u0107<\/p>\n<p><strong>Pojemno\u015b\u0107 e-cieczy:<\/strong>\u00a0Wst\u0119pnie nape\u0142niony zbiornik o pojemno\u015bci 60 ml<\/p>\n<p><strong>Typ cewki:<\/strong>\u00a0Cewka siatkowa 1,0 \u03a9<\/p>\n<p><strong>Bateria:<\/strong>\u00a0Akumulator o pojemno\u015bci 650 mAh<\/p>\n<p><strong>Port \u0142adowania:<\/strong>\u00a0Szybkie \u0142adowanie typu C<\/p>\n<p><strong>Mocne strony nikotyny:<\/strong>\u00a0 2%,<\/p>\n<p><strong>Wy\u015bwietlacz:<\/strong>\u00a0Inteligentny cyfrowy ekran pokazuj\u0105cy poziom baterii i e-p\u0142ynu<\/p>\n<p><strong>System smakowy:<\/strong>\u00a0Tryb smakowy 4 w 1 (prze\u0142\u0105czanie pomi\u0119dzy czterema smakami)<\/p>\n<p><strong>Wymiary:<\/strong>\u00a0Kompaktowa i przeno\u015bna konstrukcja<\/p>\n<p><strong>Opcje smakowe:<\/strong>\u00a012 doskona\u0142ych kombinacji smakowych<\/p>\n<p>&nbsp;<\/p>\n<h3><span style=\"font-size: 90%;\">Bang Blaze 60000 | 60k Puffs 4 w 1 Smaki Jednorazowe Vape Lista smak\u00f3w:<\/span><\/h3>\n<p>1.L\u00f3d arbuzowy i jagodowa mi\u0119ta oraz l\u00f3d Fuji i limonka<\/p>\n<p>2. Arbuz lodowy i jagoda wi\u015bniowa i letnia oraz kwa\u015bny ananas mango<\/p>\n<p>3. Lody jagodowe i brzoskwiniowe, t\u0119czowe cukierki i cytrynowa kwa\u015bna pomara\u0144cza<\/p>\n<p>4.Jagodowy l\u00f3d i brzoskwiniowo-mango Arbuz i nami\u0119tny poca\u0142unek oraz Melonowe jab\u0142ko<\/p>\n<p>5.Malina jagodowa i mieszane jagody oraz wi\u015bnia kalifornijska i mango z marakuji<\/p>\n<p>6. Lody jagodowe, malinowe i winogronowe oraz lody jagodowe i melony z aloesem i mango<\/p>\n<p>7. Nap\u00f3j energetyczny i truskawka, banan i mango, brzoskwinia, morela i marakuja, kiwi, limonka<\/p>\n<p>8. Nap\u00f3j energetyczny i jagoda, arbuz, kwa\u015bne jab\u0142ko, malina i \u017celek-mi\u015b<\/p>\n<p>9. Guma balonowa z truskawkami, mango i arbuzem oraz czerwone mojito i mi\u0142o\u015b\u010766<\/p>\n<p>10.Truskawka Mango i Truskawka Kiwi i Jab\u0142ko Winogrono i Arbuz Smoczy Owoc<\/p>\n<p>11.Truskawkowy arbuz i czarny l\u00f3d oraz trzyna\u015bcie melon\u00f3w i winogron \u017curawinowych<\/p>\n<p>12.Truskawkowy Arbuz i Kiwi Marakuja Gujawa i Mango L\u00f3d i Arbuz Kwa\u015bna Brzoskwinia<img loading=\"lazy\" decoding=\"async\" class=\"alignnone wp-image-5870 size-full\" src=\"https:\/\/pgvape.com\/wp-content\/uploads\/2025\/11\/Bang-Blaze-60000-60k-Puffs-4-in-1-Flavors-Disposable-Vape-With-Digital-Screen-Vape-Factory-Wholesale-16.png\" alt=\"Siatka dwunastu kolorowych jednorazowych urz\u0105dze\u0144 do waporyzacji Bang Blaze z gradientowymi korpusami i logo w kszta\u0142cie korony, ka\u017cde oznaczone &quot;60000 4w1&quot; i przedstawiaj\u0105ce posta\u0107 z kresk\u00f3wki ma\u0142py oraz ma\u0142e nazwy o smakach owocowych (arbuz, jagody, mango i inne mieszane smaki) poni\u017cej.\" width=\"1800\" height=\"1546\" srcset=\"https:\/\/pgvape.com\/wp-content\/uploads\/2025\/11\/Bang-Blaze-60000-60k-Puffs-4-in-1-Flavors-Disposable-Vape-With-Digital-Screen-Vape-Factory-Wholesale-16.png 1800w, https:\/\/pgvape.com\/wp-content\/uploads\/2025\/11\/Bang-Blaze-60000-60k-Puffs-4-in-1-Flavors-Disposable-Vape-With-Digital-Screen-Vape-Factory-Wholesale-16-419x360.png 419w, https:\/\/pgvape.com\/wp-content\/uploads\/2025\/11\/Bang-Blaze-60000-60k-Puffs-4-in-1-Flavors-Disposable-Vape-With-Digital-Screen-Vape-Factory-Wholesale-16-595x511.png 595w, https:\/\/pgvape.com\/wp-content\/uploads\/2025\/11\/Bang-Blaze-60000-60k-Puffs-4-in-1-Flavors-Disposable-Vape-With-Digital-Screen-Vape-Factory-Wholesale-16-400x344.png 400w, https:\/\/pgvape.com\/wp-content\/uploads\/2025\/11\/Bang-Blaze-60000-60k-Puffs-4-in-1-Flavors-Disposable-Vape-With-Digital-Screen-Vape-Factory-Wholesale-16-768x660.png 768w, https:\/\/pgvape.com\/wp-content\/uploads\/2025\/11\/Bang-Blaze-60000-60k-Puffs-4-in-1-Flavors-Disposable-Vape-With-Digital-Screen-Vape-Factory-Wholesale-16-1536x1319.png 1536w, https:\/\/pgvape.com\/wp-content\/uploads\/2025\/11\/Bang-Blaze-60000-60k-Puffs-4-in-1-Flavors-Disposable-Vape-With-Digital-Screen-Vape-Factory-Wholesale-16-14x12.png 14w, https:\/\/pgvape.com\/wp-content\/uploads\/2025\/11\/Bang-Blaze-60000-60k-Puffs-4-in-1-Flavors-Disposable-Vape-With-Digital-Screen-Vape-Factory-Wholesale-16-600x515.png 600w, https:\/\/pgvape.com\/wp-content\/uploads\/2025\/11\/Bang-Blaze-60000-60k-Puffs-4-in-1-Flavors-Disposable-Vape-With-Digital-Screen-Vape-Factory-Wholesale-16-47x40.png 47w\" sizes=\"auto, (max-width: 1800px) 100vw, 1800px\" \/><\/p>\n<p>&nbsp;<\/p>\n<h3><span style=\"font-size: 90%;\">Bang Blaze 60000 | 60k Puffs 4 w 1 Smaki Jednorazowy Vape <strong>Wideo:<\/strong><\/span><\/h3>\n<p>&nbsp;<\/p>\n<p><iframe loading=\"lazy\" title=\"Bang Blaze 60k Puffs 4 w 1 Smaki Jednorazowy Vape z cyfrowym ekranem Vape Factory Direct pgvape\" width=\"1020\" height=\"574\" src=\"https:\/\/www.youtube.com\/embed\/BCQx90cI-OI?feature=oembed\" frameborder=\"0\" allow=\"accelerometer; autoplay; clipboard-write; encrypted-media; gyroscope; picture-in-picture; web-share\" referrerpolicy=\"strict-origin-when-cross-origin\" allowfullscreen><\/iframe><\/p>\n<p>&nbsp;<\/p>\n<h3 class=\"auto-hide-last-sibling-br paragraph-pP9ZLC paragraph-element br-paragraph-space\"><span style=\"font-size: 90%;\">Dlaczego warto wybra\u0107 europejski magazyn PGVape?<\/span><\/h3>\n<p>Szybka wysy\u0142ka: Dostawa do wi\u0119kszo\u015bci kraj\u00f3w UE w ci\u0105gu 3-7 dni roboczych.<\/p>\n<p>Dostawa bezc\u0142owa: Lokalne zapasy w UE zapewniaj\u0105 p\u0142ynn\u0105 i bezc\u0142ow\u0105 wysy\u0142k\u0119.<\/p>\n<p>100% Autentyczna gwarancja: Oryginalna <strong>Bang Blaze 60000<\/strong> e-papierosy od certyfikowanych dostawc\u00f3w.<\/p>\n<p>\u015awie\u017ce zapasy: Przechowywane w kontrolowanych warunkach, aby zapewni\u0107 optymaln\u0105 jako\u015b\u0107.<\/p>\n<p>Zaufali Europejczycy: Tysi\u0105ce klient\u00f3w korzysta z szybkich i bezpiecznych us\u0142ug e-papieros\u00f3w od <span style=\"background-color: #c0c0c0; color: #0000ff;\"><a style=\"background-color: #c0c0c0; color: #0000ff;\" href=\"https:\/\/wa.me\/18128481258\">PGVape.<\/a><\/span><\/p>\n<p>&nbsp;<\/p>\n<h2><span style=\"font-size: 90%;\">Cz\u0119sto zadawane pytania na temat\u00a0 Bang Blaze 60000 | 60 tys. Puff\u00f3w 4 w 1 smaki Jednorazowy waporyzator<\/span><\/h2>\n<p dir=\"auto\"><strong>P1: Ile zaci\u0105gni\u0119\u0107 mog\u0119 uzyska\u0107 za pomoc\u0105 Bang Blaze 60000?<\/strong><br \/>\nA1: Do 60 000 zaci\u0105gni\u0119\u0107 na urz\u0105dzenie.<\/p>\n<p dir=\"auto\"><strong>P2: Jaki jest tryb smakowy 4 w 1?<\/strong><br \/>\nA2: Umo\u017cliwia prze\u0142\u0105czanie pomi\u0119dzy czterema r\u00f3\u017cnymi wbudowanymi smakami, zapewniaj\u0105c r\u00f3\u017cnorodne wra\u017cenia z waporyzacji.<\/p>\n<p dir=\"auto\"><strong>P3: Z jakiej cewki korzysta urz\u0105dzenie?<\/strong><br \/>\nA3: Cewka siatkowa o rezystancji 1,0 \u03a9, kt\u00f3ra wytwarza g\u0142adk\u0105 par\u0119 i bogaty smak.<\/p>\n<p dir=\"auto\"><strong>P4: Jak du\u017ca jest pojemno\u015b\u0107 e-liquidu?<\/strong><br \/>\nA4: Wst\u0119pnie nape\u0142niony zbiornik mie\u015bci 60 ml e-liquidu, co zmniejsza cz\u0119stotliwo\u015b\u0107 uzupe\u0142niania.<\/p>\n<p dir=\"auto\"><strong>P5: Czy akumulator mo\u017cna \u0142adowa\u0107?<\/strong><br \/>\nA5: Tak, ma akumulator 650 mAh z szybkim \u0142adowaniem typu C.<\/p>\n<p dir=\"auto\"><strong>P6: Jak mog\u0119 monitorowa\u0107 poziom baterii i e-p\u0142ynu?<\/strong><br \/>\nA6: Inteligentny ekran cyfrowy wy\u015bwietla w czasie rzeczywistym poziom na\u0142adowania baterii i cieczy.<\/p>\n<p dir=\"auto\"><strong>P7: Czy urz\u0105dzenie jest przeno\u015bne?<\/strong><br \/>\nOdpowied\u017a7: Tak, ma kompaktow\u0105 i ergonomiczn\u0105 konstrukcj\u0119, idealn\u0105 do wapowania w podr\u00f3\u017cy.<\/p>\n<p>&nbsp;<\/p>\n<h3 id=\"brxe-najhln\" class=\"brxe-heading\">Cz\u0119sto zadawane pytania (FAQ)<\/h3>\n<div id=\"brxe-rajiac\" class=\"brxe-text\">\n<p><strong>P: Jakie metody p\u0142atno\u015bci akceptujecie?<\/strong><br \/>\nOdp.: Akceptujemy PayPal, Stripe, przelewy bankowe (obs\u0142ugiwane SEPA), g\u0142\u00f3wne karty kredytowe (Visa, MasterCard, American Express) i p\u0142atno\u015bci w kryptowalutach.<\/p>\n<p><strong>P: Jak d\u0142ugo trwa przygotowanie zam\u00f3wienia?<\/strong><br \/>\nOdp.: Przygotowanie zam\u00f3wienia zajmuje 1-3 dni robocze.<\/p>\n<p><strong>P: Jaki jest czas wysy\u0142ki?<\/strong><br \/>\nOdp.: Czas wysy\u0142ki wynosi 7-14 dni roboczych, w zale\u017cno\u015bci od Twojej lokalizacji. Dostawa towar\u00f3w z europejskich magazyn\u00f3w trwa zazwyczaj 3-6 dni roboczych.<\/p>\n<p><strong>P: Jak mog\u0119 \u015bledzi\u0107 moje zam\u00f3wienie?<\/strong><br \/>\nOdp.: Po wysy\u0142ce otrzymasz wiadomo\u015b\u0107 e-mail z potwierdzeniem i numerem przesy\u0142ki umo\u017cliwiaj\u0105cym \u015bledzenie w czasie rzeczywistym.<\/p>\n<p><strong>P: Jaka jest Twoja polityka zwrot\u00f3w?<\/strong><br \/>\nOdp.: Oferujemy 30-dniow\u0105 polityk\u0119 zwrot\u00f3w lub wymiany. .<\/p>\n<p><strong>P: Czy wyst\u0105pi\u0105 jakie\u015b problemy celne?<br \/>\n<\/strong>Obs\u0142ugujemy wszystkie procedury odprawy celnej, aby zapewni\u0107 Ci bezproblemow\u0105 obs\u0142ug\u0119. .<\/p>\n<p><strong>P: Jakie metody wysy\u0142ki s\u0105 stosowane?<\/strong><br \/>\nWsp\u00f3\u0142pracujemy z firmami UPS\/DHL\/FEDEX\/DPD itp. W zale\u017cno\u015bci od kraju dostawy wybierzemy odpowiedni\u0105 opcj\u0119 wysy\u0142ki, tak aby produkty dotar\u0142y do \u200b\u200bPa\u0144stwa najszybciej jak to mo\u017cliwe.<\/p>\n<p><a href=\"https:\/\/pgvape.com\/pl\/czesto-zadawane-pytania\/\">Kliknij tutaj, aby uzyska\u0107 wi\u0119cej cz\u0119sto zadawanych pyta\u0144<\/a><\/p>\n<p>Szanowni klienci, je\u015bli masz jakiekolwiek pytania dotycz\u0105ce zam\u00f3wienia lub przybycia towaru, skontaktuj si\u0119 z naszym dzia\u0142em obs\u0142ugi klienta. Dzi\u0119kuj\u0119!<\/p>\n<h3 data-sourcepos=\"73:1-73:21\"><strong data-sourcepos=\"73:7-73:21\">Skontaktuj si\u0119 z nami<\/strong><\/h3>\n<div id=\"text-2419739398\" class=\"text\">\n<p><strong data-sourcepos=\"75:3-75:12\">E-mail<\/strong>:\u00a0<a href=\"mailto:support@pgvape.com\"><strong>support@pgvape.com<\/strong><\/a><\/p>\n<p><strong data-sourcepos=\"76:3-76:15\">WhatsApp<\/strong>:\u00a0<a href=\"https:\/\/wa.me\/+8618128481258\"><strong>+86 18128481258<\/strong><\/a><br \/>\n<strong>(Odpowied\u017a w ci\u0105gu 24 godzin w dni robocze)<\/strong><\/p>\n<\/div>\n<h3><strong>Dzi\u0119kujemy za wybranie pgvape.com! .<\/strong><\/h3>\n<\/div>","protected":false},"excerpt":{"rendered":"<p><strong>Bang Blaze 60000 Jednorazowy Vape<\/strong> Pi\u00f3ro oferuje do <strong>60 000 zaci\u0105gni\u0119\u0107<\/strong> I <strong>Smak 4 w 1<\/strong> wszechstronno\u015b\u0107 z <strong>60ml<\/strong> wst\u0119pnie nape\u0142niony zbiornik i a <strong>Cewka siatkowa 1,0 \u03a9<\/strong>. <strong>Akumulator o pojemno\u015bci 650 mAh<\/strong> bateria, <strong>Typ C<\/strong> \u0142adowanie i inteligentny ekran cyfrowy zapewnia p\u0142ynne, konfigurowalne wra\u017cenia z wapowania dzi\u0119ki 12 doskona\u0142ym kombinacjom smakowym i opcjom nikotynowym od 0% do 5%.<\/p>","protected":false},"featured_media":5867,"comment_status":"open","ping_status":"closed","template":"","meta":{"_seopress_robots_primary_cat":"none","_seopress_titles_title":"","_seopress_titles_desc":"","_seopress_robots_index":""},"product_brand":[49,516],"product_cat":[515,463,48],"product_tag":[53,315,50,90,459,203],"class_list":{"0":"post-5852","1":"product","2":"type-product","3":"status-publish","4":"has-post-thumbnail","6":"product_brand-bang-blaze-vape","7":"product_brand-disposable-vape","8":"product_cat-disposable-vape","9":"product_cat-bang-blaze-vape-eu","10":"product_cat-60k-puffs-vape","11":"product_tag-4-in-1-flavors","12":"product_tag-60k-puffs-vape","13":"product_tag-bang-blaze-60000","14":"product_tag-disposable-vape","15":"product_tag-free-shipping","16":"product_tag-shipment-from-eu","18":"first","19":"instock","20":"sale","21":"shipping-taxable","22":"purchasable","23":"product-type-variable"},"_links":{"self":[{"href":"https:\/\/pgvape.com\/pl\/wp-json\/wp\/v2\/product\/5852","targetHints":{"allow":["GET"]}}],"collection":[{"href":"https:\/\/pgvape.com\/pl\/wp-json\/wp\/v2\/product"}],"about":[{"href":"https:\/\/pgvape.com\/pl\/wp-json\/wp\/v2\/types\/product"}],"replies":[{"embeddable":true,"href":"https:\/\/pgvape.com\/pl\/wp-json\/wp\/v2\/comments?post=5852"}],"wp:featuredmedia":[{"embeddable":true,"href":"https:\/\/pgvape.com\/pl\/wp-json\/wp\/v2\/media\/5867"}],"wp:attachment":[{"href":"https:\/\/pgvape.com\/pl\/wp-json\/wp\/v2\/media?parent=5852"}],"wp:term":[{"taxonomy":"product_brand","embeddable":true,"href":"https:\/\/pgvape.com\/pl\/wp-json\/wp\/v2\/product_brand?post=5852"},{"taxonomy":"product_cat","embeddable":true,"href":"https:\/\/pgvape.com\/pl\/wp-json\/wp\/v2\/product_cat?post=5852"},{"taxonomy":"product_tag","embeddable":true,"href":"https:\/\/pgvape.com\/pl\/wp-json\/wp\/v2\/product_tag?post=5852"}],"curies":[{"name":"wp","href":"https:\/\/api.w.org\/{rel}","templated":true}]}}