{"id":5620,"date":"2025-11-05T07:19:55","date_gmt":"2025-11-05T07:19:55","guid":{"rendered":"https:\/\/pgvape.com\/?post_type=product&#038;p=5620"},"modified":"2026-03-24T08:24:32","modified_gmt":"2026-03-24T08:24:32","slug":"bang-25000-25k-zaciagniec-jednorazowy-vape-0-2-3-5-nikotyna-12-smakow-wyswietlacz-led-akumulator-vape-factory-direct","status":"publish","type":"product","link":"https:\/\/pgvape.com\/pl\/produkt\/bang-25000-25k-zaciagniec-jednorazowy-vape-0-2-3-5-nikotyna-12-smakow-wyswietlacz-led-akumulator-vape-factory-direct\/","title":{"rendered":"Bang 25000 | 25K Puffs Jednorazowy Vape | 0% 2% 3% 5% Nikotyna | 12 Smak\u00f3w | Wy\u015bwietlacz LED Mo\u017cliwo\u015b\u0107 \u0142adowania | Vape Factory Direct"},"content":{"rendered":"<p><strong data-sourcepos=\"6:5-6:19\">Wywal 25000<\/strong> dostarcza <strong data-sourcepos=\"6:29-6:56\">25 000 bardzo d\u0142ugich zaci\u0105gni\u0119\u0107<\/strong> z <strong data-sourcepos=\"6:62-6:90\">30 ml wst\u0119pnie nape\u0142nionego e-liquidu<\/strong> i a <strong data-sourcepos=\"6:97-6:128\">Akumulator o pojemno\u015bci 650 mAh<\/strong>. <strong data-sourcepos=\"6:140-6:169\">Technologia cewek siatkowych 1,0 \u03a9<\/strong>, <strong data-sourcepos=\"6:171-6:215\">regulowany poziom nikotyny (0%\/2%\/3%\/5%)<\/strong>, oraz <strong data-sourcepos=\"6:223-6:244\">inteligentny wy\u015bwietlacz LED<\/strong>, jakie oferuje to urz\u0105dzenie o du\u017cej pojemno\u015bci <strong data-sourcepos=\"6:279-6:306\">wyj\u0105tkowa wydajno\u015b\u0107<\/strong> I <strong data-sourcepos=\"6:311-6:334\">konfigurowalne wapowanie<\/strong>.<\/p>\n<p>&nbsp;<\/p>\n<h2><span style=\"font-size: 90%;\">Bang 25000 | 25K Puff\u00f3w Jednorazowy Vape <strong data-sourcepos=\"10:5-10:31\">Dane techniczne<\/strong><\/span><\/h2>\n<p><strong data-sourcepos=\"17:3-17:17\">Liczba puf\u00f3w<\/strong>: 25 000 zaci\u0105gni\u0119\u0107<\/p>\n<p><strong data-sourcepos=\"18:3-18:15\">E-ciecz<\/strong>: 30 ml wst\u0119pnie nape\u0142nione<\/p>\n<p><strong data-sourcepos=\"19:3-19:14\">Bateria<\/strong>: 650 mAh (\u0142adowalny akumulator typu C)<\/p>\n<p><strong data-sourcepos=\"20:3-20:11\">Cewka<\/strong>: siatka 1,0 \u03a9<\/p>\n<p><strong data-sourcepos=\"21:3-21:14\">Wy\u015bwietlacz<\/strong>: Wska\u017aniki LED<\/p>\n<p><strong data-sourcepos=\"22:3-22:15\">Nikotyna<\/strong>: 0%\/2%\/3%\/5%<\/p>\n<p>&nbsp;<\/p>\n<h3><span style=\"font-size: 90%;\">Bang 25000 | 25K\u00a0 Puffs Jednorazowy waporyzator <strong data-sourcepos=\"22:5-22:20\">Lista smak\u00f3w<\/strong><\/span><\/h3>\n<p><strong data-sourcepos=\"25:4-25:21\">1.L\u00f3d jagodowy<\/strong>\u00a0\u2013 Ch\u0142odne jagodowe orze\u017awienie<\/p>\n<p><strong data-sourcepos=\"26:4-26:23\">2.Truskawkowe Kiwi<\/strong>\u00a0\u2013 Pikantna mieszanka tropikalna<\/p>\n<p><strong data-sourcepos=\"27:4-27:29\">3. Arbuz Truskawkowy<\/strong>\u00a0\u2013 Klasyczne s\u0142odkie po\u0142\u0105czenie<\/p>\n<p><strong data-sourcepos=\"28:4-28:19\">4. Mieszane owoce<\/strong>\u00a0\u2013 Eksplozja owoc\u00f3w tropikalnych<\/p>\n<p><strong data-sourcepos=\"29:4-29:22\">5. Jagoda Mi\u0119ta<\/strong>\u00a0\u2013 Jagoda o lodowatej \u015bwie\u017co\u015bci<\/p>\n<p><strong data-sourcepos=\"30:4-30:19\">6. Krew tygrysa<\/strong>\u00a0\u2013 Egzotyczna mieszanka owocowa<\/p>\n<p><strong data-sourcepos=\"31:4-31:19\">7.Brzoskwinia Mango<\/strong>\u00a0\u2013 Tropikalny duet<\/p>\n<p><strong data-sourcepos=\"32:4-32:17\">8. L\u00f3d winogronowy<\/strong>\u00a0\u2013 Uczucie mro\u017anych winogron<\/p>\n<p><strong data-sourcepos=\"33:4-33:27\">9.Malina jagodowa<\/strong>\u00a0\u2013 Tarta i s\u0142odka fuzja<\/p>\n<p><strong data-sourcepos=\"34:5-34:23\">10.L\u00f3d arbuzowy<\/strong>\u00a0\u2013 Soczysty letni ch\u0142\u00f3d<\/p>\n<p><strong data-sourcepos=\"35:5-35:30\">11. Arbuzowa guma balonowa<\/strong>\u00a0\u2013 S\u0142odki, nostalgiczny smak<\/p>\n<p><strong data-sourcepos=\"36:5-36:23\">12.L\u00f3d truskawkowy<\/strong>\u00a0\u2013 Sch\u0142odzona rozkosz jagodowa<br \/>\n<img loading=\"lazy\" decoding=\"async\" class=\"alignnone wp-image-5624 size-full\" src=\"https:\/\/pgvape.com\/wp-content\/uploads\/2025\/11\/pgvape-Vape-25000-puffs-Bang-25000-3.png\" alt=\"Plakat promocyjny przedstawiaj\u0105cy dwana\u015bcie kolorowych, gradientowych jednorazowych urz\u0105dze\u0144 do waporyzacji u\u0142o\u017conych w trzech rz\u0119dach na neonowym geometrycznym tle, zatytu\u0142owanych \u201c12 SMAK\u00d3W Wysoce odrestaurowany zapach owocowy\u201d i oznaczonych nazwami smak\u00f3w pod ka\u017cdym urz\u0105dzeniem: Arbuz Ice, Strawberry Kiwi, Strawberry Ice, Mango Peach, Blueberry Raspberry, Blueberry Mint, Mix Fruit, Truskawkowy Arbuz, Grape Ice, Arbuzowa Guma Balonowa, Jagodowy Ice i Tygrysia Krew.\" width=\"1000\" height=\"1000\" srcset=\"https:\/\/pgvape.com\/wp-content\/uploads\/2025\/11\/pgvape-Vape-25000-puffs-Bang-25000-3.png 1000w, https:\/\/pgvape.com\/wp-content\/uploads\/2025\/11\/pgvape-Vape-25000-puffs-Bang-25000-3-360x360.png 360w, https:\/\/pgvape.com\/wp-content\/uploads\/2025\/11\/pgvape-Vape-25000-puffs-Bang-25000-3-595x595.png 595w, https:\/\/pgvape.com\/wp-content\/uploads\/2025\/11\/pgvape-Vape-25000-puffs-Bang-25000-3-400x400.png 400w, https:\/\/pgvape.com\/wp-content\/uploads\/2025\/11\/pgvape-Vape-25000-puffs-Bang-25000-3-768x768.png 768w, https:\/\/pgvape.com\/wp-content\/uploads\/2025\/11\/pgvape-Vape-25000-puffs-Bang-25000-3-12x12.png 12w, https:\/\/pgvape.com\/wp-content\/uploads\/2025\/11\/pgvape-Vape-25000-puffs-Bang-25000-3-300x300.png 300w, https:\/\/pgvape.com\/wp-content\/uploads\/2025\/11\/pgvape-Vape-25000-puffs-Bang-25000-3-600x600.png 600w, https:\/\/pgvape.com\/wp-content\/uploads\/2025\/11\/pgvape-Vape-25000-puffs-Bang-25000-3-100x100.png 100w, https:\/\/pgvape.com\/wp-content\/uploads\/2025\/11\/pgvape-Vape-25000-puffs-Bang-25000-3-40x40.png 40w\" sizes=\"auto, (max-width: 1000px) 100vw, 1000px\" \/><\/p>\n<p>&nbsp;<\/p>\n<h3><span style=\"font-size: 90%;\">Bang 25000 | 25K Puff\u00f3w Jednorazowy Vape <strong>Wideo<\/strong>:<\/span><\/h3>\n<p>&nbsp;<\/p>\n<h2>Cz\u0119sto zadawane pytania dotycz\u0105ce Bang 25000 | Jednorazowy waporyzator 25K Puffs<\/h2>\n<p data-sourcepos=\"39:1-40:89\">\u2753 <strong data-sourcepos=\"39:3-39:37\">W jaki spos\u00f3b wy\u015bwietlacz LED pomaga?<\/strong><br \/>\n\u2705 Pokazy <strong data-sourcepos=\"40:9-40:37\">dok\u0142adny procent baterii<\/strong> I <strong data-sourcepos=\"40:42-40:64\">pozosta\u0142y e-liquid<\/strong> do bezproblemowego wapowania.<\/p>\n<p data-sourcepos=\"42:1-43:77\">\u2753 <strong data-sourcepos=\"42:3-42:40\">Co sprawia, \u017ce \u200b\u200bcewka siatkowa jest wyj\u0105tkowa?<\/strong><br \/>\n\u2705 <strong data-sourcepos=\"43:7-43:25\">Cewka siatkowa 1,0 \u03a9<\/strong> zapewnia <strong data-sourcepos=\"43:35-43:54\">50% wi\u0119cej smaku<\/strong> ni\u017c standardowe cewki.<\/p>\n<p data-sourcepos=\"45:1-46:80\">\u2753 <strong data-sourcepos=\"45:3-45:38\">Jak d\u0142ugo wytrzymuje bateria?<\/strong><br \/>\n\u2705 <strong data-sourcepos=\"46:7-46:25\">Bateria 650 mAh<\/strong> obs\u0142uguje przed\u0142u\u017cone u\u017cytkowanie z <strong data-sourcepos=\"46:53-46:77\">Szybkie \u0142adowanie typu C<\/strong>.<\/p>\n<p data-sourcepos=\"48:1-49:87\">\u2753 <strong data-sourcepos=\"48:3-48:38\">Kt\u00f3re smaki ciesz\u0105 si\u0119 najwi\u0119ksz\u0105 popularno\u015bci\u0105?<\/strong><br \/>\n\u2705 <strong data-sourcepos=\"49:3-49:28\">Arbuz Truskawkowy<\/strong>, <strong data-sourcepos=\"49:30-49:47\">Lody jagodowe<\/strong>, I <strong data-sourcepos=\"49:53-49:68\">Krew Tygrysa<\/strong> s\u0105 bestsellerami.<\/p>\n<p data-sourcepos=\"51:1-52:88\">\u2753 <strong data-sourcepos=\"51:3-51:40\">Czy to urz\u0105dzenie jest przyjazne dla pocz\u0105tkuj\u0105cych?<\/strong><br \/>\n\u2705 Tak! <strong data-sourcepos=\"52:12-52:32\">prosta obs\u0142uga<\/strong> I <strong data-sourcepos=\"52:37-52:54\">wyra\u017any wy\u015bwietlacz<\/strong> sprawiaj\u0105, \u017ce jest idealny dla wszystkich vaper\u00f3w.<\/p>\n<p>&nbsp;<\/p>\n<h3 id=\"brxe-najhln\" class=\"brxe-heading\">Cz\u0119sto zadawane pytania (FAQ)<\/h3>\n<div id=\"brxe-rajiac\" class=\"brxe-text\">\n<p><strong>P: Jakie metody p\u0142atno\u015bci akceptujecie?<\/strong><br \/>\nOdp.: Akceptujemy PayPal, Stripe, przelewy bankowe (obs\u0142ugiwane SEPA), g\u0142\u00f3wne karty kredytowe (Visa, MasterCard, American Express) i p\u0142atno\u015bci w kryptowalutach.<\/p>\n<p><strong>P: Jak d\u0142ugo trwa przygotowanie zam\u00f3wienia?<\/strong><br \/>\nOdp.: Przygotowanie zam\u00f3wienia zajmuje 1-3 dni robocze.<\/p>\n<p><strong>P: Jaki jest czas wysy\u0142ki?<\/strong><br \/>\nOdp.: Czas wysy\u0142ki wynosi 7-14 dni roboczych, w zale\u017cno\u015bci od Twojej lokalizacji.<\/p>\n<p><strong>P: Jak mog\u0119 \u015bledzi\u0107 moje zam\u00f3wienie?<\/strong><br \/>\nOdp.: Po wysy\u0142ce otrzymasz wiadomo\u015b\u0107 e-mail z potwierdzeniem i numerem przesy\u0142ki umo\u017cliwiaj\u0105cym \u015bledzenie w czasie rzeczywistym.<\/p>\n<p><strong>P: Jaka jest Twoja polityka zwrot\u00f3w?<\/strong><br \/>\nOdp.: Oferujemy 30-dniow\u0105 polityk\u0119 zwrot\u00f3w lub wymiany. .<\/p>\n<p><strong>P: Czy wyst\u0105pi\u0105 jakie\u015b problemy celne?<br \/>\n<\/strong>Obs\u0142ugujemy wszystkie procedury odprawy celnej, aby zapewni\u0107 Ci bezproblemow\u0105 obs\u0142ug\u0119. .<\/p>\n<p><strong>P: Jakie metody wysy\u0142ki s\u0105 stosowane?<\/strong><br \/>\nWsp\u00f3\u0142pracujemy z firmami UPS\/DHL\/FEDEX\/DPD itp. W zale\u017cno\u015bci od kraju dostawy wybierzemy odpowiedni\u0105 opcj\u0119 wysy\u0142ki, tak aby produkty dotar\u0142y do \u200b\u200bPa\u0144stwa najszybciej jak to mo\u017cliwe.<\/p>\n<p><a href=\"https:\/\/pgvape.com\/pl\/czesto-zadawane-pytania\/\">Kliknij tutaj, aby uzyska\u0107 wi\u0119cej cz\u0119sto zadawanych pyta\u0144<\/a><\/p>\n<p>Szanowni klienci, je\u015bli masz jakiekolwiek pytania dotycz\u0105ce zam\u00f3wienia lub przybycia towaru, skontaktuj si\u0119 z naszym dzia\u0142em obs\u0142ugi klienta. Dzi\u0119kuj\u0119!<\/p>\n<h3 data-sourcepos=\"73:1-73:21\"><strong data-sourcepos=\"73:7-73:21\">Skontaktuj si\u0119 z nami<\/strong><\/h3>\n<div id=\"text-2419739398\" class=\"text\">\n<p><strong data-sourcepos=\"75:3-75:12\">E-mail<\/strong>:\u00a0<a href=\"mailto:support@pgvape.com\"><strong>support@pgvape.com<\/strong><\/a><\/p>\n<p><strong data-sourcepos=\"76:3-76:15\">WhatsApp<\/strong>:\u00a0<a href=\"https:\/\/wa.me\/+8618128481258\"><strong>+86 18128481258<\/strong><\/a><br \/>\n<strong>(Odpowied\u017a w ci\u0105gu 24 godzin w dni robocze)<\/strong><\/p>\n<\/div>\n<h3><strong>Dzi\u0119kujemy za wybranie pgvape.com! .<\/strong><\/h3>\n<\/div>","protected":false},"excerpt":{"rendered":"<p><strong data-sourcepos=\"55:5-55:19\">Wywal 25000<\/strong> \u0142\u0105czy <strong data-sourcepos=\"55:29-55:45\">25 000 zaci\u0105gni\u0119\u0107<\/strong>, <strong data-sourcepos=\"55:47-55:64\">Pojemno\u015b\u0107 30 ml<\/strong>, I <strong data-sourcepos=\"55:70-55:84\">12 smak\u00f3w<\/strong> w <strong data-sourcepos=\"55:90-55:115\">inteligentny jednorazowy waporyzator<\/strong> z <strong data-sourcepos=\"55:121-55:136\">Wy\u015bwietlacz LED<\/strong> \u2013 idealny dla <strong data-sourcepos=\"55:149-55:167\">poszukiwacze smaku<\/strong> I <strong data-sourcepos=\"55:172-55:188\">mi\u0142o\u015bnicy chmur<\/strong>.<\/p>","protected":false},"featured_media":5623,"comment_status":"open","ping_status":"closed","template":"","meta":{"_seopress_robots_primary_cat":"none","_seopress_titles_title":"%%post_title%% %%sep%% %%sitetitle%%","_seopress_titles_desc":"","_seopress_robots_index":""},"product_brand":[36,516],"product_cat":[94,25,515],"product_tag":[351,448,79,259,204],"class_list":{"0":"post-5620","1":"product","2":"type-product","3":"status-publish","4":"has-post-thumbnail","6":"product_brand-bang-vape","7":"product_brand-disposable-vape","8":"product_cat-25k-puffs-vape","9":"product_cat-bang-vape","10":"product_cat-disposable-vape","11":"product_tag-25k-puffs-vape","12":"product_tag-bang-25000","13":"product_tag-led-display","14":"product_tag-rechargeable","15":"product_tag-vape-factory-direct","17":"first","18":"instock","19":"sale","20":"shipping-taxable","21":"purchasable","22":"product-type-variable"},"_links":{"self":[{"href":"https:\/\/pgvape.com\/pl\/wp-json\/wp\/v2\/product\/5620","targetHints":{"allow":["GET"]}}],"collection":[{"href":"https:\/\/pgvape.com\/pl\/wp-json\/wp\/v2\/product"}],"about":[{"href":"https:\/\/pgvape.com\/pl\/wp-json\/wp\/v2\/types\/product"}],"replies":[{"embeddable":true,"href":"https:\/\/pgvape.com\/pl\/wp-json\/wp\/v2\/comments?post=5620"}],"wp:featuredmedia":[{"embeddable":true,"href":"https:\/\/pgvape.com\/pl\/wp-json\/wp\/v2\/media\/5623"}],"wp:attachment":[{"href":"https:\/\/pgvape.com\/pl\/wp-json\/wp\/v2\/media?parent=5620"}],"wp:term":[{"taxonomy":"product_brand","embeddable":true,"href":"https:\/\/pgvape.com\/pl\/wp-json\/wp\/v2\/product_brand?post=5620"},{"taxonomy":"product_cat","embeddable":true,"href":"https:\/\/pgvape.com\/pl\/wp-json\/wp\/v2\/product_cat?post=5620"},{"taxonomy":"product_tag","embeddable":true,"href":"https:\/\/pgvape.com\/pl\/wp-json\/wp\/v2\/product_tag?post=5620"}],"curies":[{"name":"wp","href":"https:\/\/api.w.org\/{rel}","templated":true}]}}