{"id":5587,"date":"2025-11-04T13:05:35","date_gmt":"2025-11-04T13:05:35","guid":{"rendered":"https:\/\/pgvape.com\/?post_type=product&#038;p=5587"},"modified":"2026-03-31T06:09:59","modified_gmt":"2026-03-31T06:09:59","slug":"bang-blaze-bc-5000-5k-zaciagniec-jednorazowe-vape-typu-c-szybkie-ladowanie-vape-factory-direct","status":"publish","type":"product","link":"https:\/\/pgvape.com\/pl\/produkt\/bang-blaze-bc-5000-5k-zaciagniec-jednorazowe-vape-typu-c-szybkie-ladowanie-vape-factory-direct\/","title":{"rendered":"Bang Blaze BC 5000 | 5K Puffs Jednorazowy Vape Type-C Szybkie \u0142adowanie | Vape Factory Direct"},"content":{"rendered":"<p><strong data-sourcepos=\"6:5-6:26\">Bang Blaze BC5000<\/strong> dostarcza <strong data-sourcepos=\"6:36-6:59\">5000 zaci\u0105gni\u0119\u0107 premium<\/strong> z <strong data-sourcepos=\"6:65-6:93\">13 ml wst\u0119pnie nape\u0142nionego e-liquidu<\/strong> i a <strong data-sourcepos=\"6:100-6:131\">Akumulator o pojemno\u015bci 650 mAh<\/strong>. <strong data-sourcepos=\"6:143-6:172\">Technologia cewki siatkowej 1,2 \u03a9<\/strong> I <strong data-sourcepos=\"6:177-6:201\">Szybkie \u0142adowanie typu C<\/strong>, jakie oferuje to ulepszone urz\u0105dzenie <strong data-sourcepos=\"6:231-6:248\">g\u0142adki smak<\/strong> I <strong data-sourcepos=\"6:253-6:276\">ca\u0142odzienna wydajno\u015b\u0107<\/strong> w eleganckiej, przeno\u015bnej obudowie.<\/p>\n<p>&nbsp;<\/p>\n<h2><span style=\"font-size: 90%;\">Jednorazowy waporyzator Bang Blaze BC5000 Puffs <strong data-sourcepos=\"10:5-10:31\">Dane techniczne<\/strong><\/span><\/h2>\n<p><strong data-sourcepos=\"17:3-17:17\">Liczba puf\u00f3w<\/strong>: 5000 zaci\u0105gni\u0119\u0107<\/p>\n<p><strong data-sourcepos=\"18:3-18:15\">E-ciecz<\/strong>: 13ml (s\u00f3l nikotynowa 5%)<\/p>\n<p><strong data-sourcepos=\"19:3-19:14\">Bateria<\/strong>: 650 mAh (typ C)<\/p>\n<p><strong data-sourcepos=\"20:3-20:11\">Cewka<\/strong>: siatka 1,2 \u03a9<\/p>\n<p><strong data-sourcepos=\"21:3-21:13\">Waga<\/strong>: 52g<\/p>\n<p><strong data-sourcepos=\"22:3-22:18\">Rozmiar kartonu<\/strong>: 52,3\u00d738\u00d728,5 cm (300 sztuk\/16,5 kg)<\/p>\n<p>&nbsp;<\/p>\n<h3><span style=\"font-size: 90%;\">Jednorazowy waporyzator Bang Blaze BC5000 Puffs <strong data-sourcepos=\"22:5-22:20\">Lista smak\u00f3w<\/strong><\/span><\/h3>\n<p><strong data-sourcepos=\"25:4-25:24\">1. Truskawkowe Mango<\/strong>\u00a0\u2013 Mieszanka owoc\u00f3w tropikalnych<\/p>\n<p><strong data-sourcepos=\"26:4-26:28\">2.Lody Truskawkowe<\/strong>\u00a0\u2013 Kremowy deser<\/p>\n<p><strong data-sourcepos=\"27:4-27:22\">3. L\u00f3d arbuzowy<\/strong>\u00a0\u2013 Orze\u017awiaj\u0105cy letni ch\u0142\u00f3d<\/p>\n<p><strong data-sourcepos=\"28:4-28:31\">4.L\u00f3d jagodowo-malinowy<\/strong>\u00a0\u2013 Mr\u00f3z jagodowy<\/p>\n<p><strong data-sourcepos=\"29:4-29:23\">5.Truskawkowe Kiwi<\/strong>\u00a0\u2013 Pikantny duet<\/p>\n<p><strong data-sourcepos=\"30:4-30:20\">6. Nap\u00f3j energetyczny<\/strong>\u00a0\u2013 Odwa\u017cny cytrusowy zastrzyk<\/p>\n<p><strong data-sourcepos=\"31:4-31:30\">7. Arbuz brzoskwiniowo-mango<\/strong>\u00a0\u2013 Soczyste trio<\/p>\n<p><strong data-sourcepos=\"32:4-32:21\">8.L\u00f3d jagodowy<\/strong>\u00a0\u2013 Ch\u0142odny wybuch jag\u00f3d<\/p>\n<p><strong data-sourcepos=\"33:4-33:25\">9.Truskawkowy Banan<\/strong>\u00a0\u2013 Ulubiony krem<\/p>\n<p><strong data-sourcepos=\"34:5-34:33\">10.Kiwi Gujawa z marakuji<\/strong>\u00a0\u2013 Tropikalna mieszanka<\/p>\n<p><strong data-sourcepos=\"35:5-35:20\">11. Mieszane owoce<\/strong>\u00a0\u2013 Eksplozja owoc\u00f3w<\/p>\n<p><strong data-sourcepos=\"36:5-36:30\">12. Arbuz truskawkowy<\/strong>\u00a0\u2013 Kombinacja klasyczna<br \/>\n<img loading=\"lazy\" decoding=\"async\" class=\"alignnone wp-image-5603 size-full\" src=\"https:\/\/pgvape.com\/wp-content\/uploads\/2025\/11\/pgvape-Bang-Blaze-BC5000-Puffs-Disposable-Vape-14.png\" alt=\"Dwana\u015bcie kolorowych, gradientowych jednorazowych urz\u0105dze\u0144 do waporyzacji Bang Blaze BC 5000 u\u0142o\u017conych w siatk\u0119, ka\u017cde z pasuj\u0105cym t\u0142em owoc\u00f3w lub napoj\u00f3w i oznakowanymi smakami, takimi jak truskawkowe mango, lody truskawkowe, l\u00f3d arbuzowy, lody jagodowe i malinowe, truskawkowe kiwi, nap\u00f3j energetyczny, brzoskwiniowo-mango arbuz, l\u00f3d jagodowy, truskawkowo-bananowy, kiwi marakuja gujawa, owoce mieszane i arbuz truskawkowy.\" width=\"1200\" height=\"1411\" srcset=\"https:\/\/pgvape.com\/wp-content\/uploads\/2025\/11\/pgvape-Bang-Blaze-BC5000-Puffs-Disposable-Vape-14.png 1200w, https:\/\/pgvape.com\/wp-content\/uploads\/2025\/11\/pgvape-Bang-Blaze-BC5000-Puffs-Disposable-Vape-14-306x360.png 306w, https:\/\/pgvape.com\/wp-content\/uploads\/2025\/11\/pgvape-Bang-Blaze-BC5000-Puffs-Disposable-Vape-14-595x700.png 595w, https:\/\/pgvape.com\/wp-content\/uploads\/2025\/11\/pgvape-Bang-Blaze-BC5000-Puffs-Disposable-Vape-14-340x400.png 340w, https:\/\/pgvape.com\/wp-content\/uploads\/2025\/11\/pgvape-Bang-Blaze-BC5000-Puffs-Disposable-Vape-14-768x903.png 768w, https:\/\/pgvape.com\/wp-content\/uploads\/2025\/11\/pgvape-Bang-Blaze-BC5000-Puffs-Disposable-Vape-14-10x12.png 10w, https:\/\/pgvape.com\/wp-content\/uploads\/2025\/11\/pgvape-Bang-Blaze-BC5000-Puffs-Disposable-Vape-14-600x706.png 600w, https:\/\/pgvape.com\/wp-content\/uploads\/2025\/11\/pgvape-Bang-Blaze-BC5000-Puffs-Disposable-Vape-14-34x40.png 34w\" sizes=\"auto, (max-width: 1200px) 100vw, 1200px\" \/><\/p>\n<p>&nbsp;<\/p>\n<h3><span style=\"font-size: 90%;\">Jednorazowy waporyzator Bang Blaze BC5000 Puffs <strong>Wideo<\/strong>:<\/span><\/h3>\n<p>&nbsp;<\/p>\n<h2>Cz\u0119sto zadawane pytania dotycz\u0105ce jednorazowego waporyzatora Bang Blaze BC5000 Puffs<\/h2>\n<p data-sourcepos=\"39:1-40:76\">\u2753 <strong data-sourcepos=\"39:3-39:40\">Jak to si\u0119 ma do pierwszej generacji?<\/strong><br \/>\n\u2705 <strong data-sourcepos=\"40:3-40:28\">Poprawiona \u017cywotno\u015b\u0107 baterii<\/strong> I <strong data-sourcepos=\"40:33-40:52\">wzmocniony smak<\/strong> z ulepszonej cewki siatkowej<\/p>\n<p data-sourcepos=\"42:1-43:89\">\u2753 <strong data-sourcepos=\"42:3-42:36\">Jaka jest moc nikotyny?<br \/>\n<\/strong> \u2705 Zawiera <strong data-sourcepos=\"43:12-43:32\">S\u00f3l nikotynowa 5%<\/strong> dla satysfakcjonuj\u0105cych hit\u00f3w % s\u00f3l nikotynowa** dla satysfakcjonuj\u0105cych hit\u00f3w<\/p>\n<p data-sourcepos=\"45:1-46:67\">\u2753 <strong data-sourcepos=\"45:3-45:38\">Jak d\u0142ugo wytrzymuje bateria?<\/strong><br \/>\n\u2705 <strong data-sourcepos=\"46:3-46:21\">Bateria 650 mAh<\/strong> wspiera ca\u0142odzienne u\u017cytkowanie <strong data-sourcepos=\"46:48-46:67\">\u0141adowanie typu C<\/strong><\/p>\n<p data-sourcepos=\"48:1-49:81\">\u2753 <strong data-sourcepos=\"48:3-48:38\">Kt\u00f3re smaki ciesz\u0105 si\u0119 najwi\u0119ksz\u0105 popularno\u015bci\u0105?<\/strong><br \/>\n\u2705 <strong data-sourcepos=\"49:3-49:23\">Truskawkowe Mango<\/strong>, <strong data-sourcepos=\"49:25-49:43\">Arbuzowy l\u00f3d<\/strong>, I <strong data-sourcepos=\"49:49-49:65\">Nap\u00f3j energetyczny<\/strong> s\u0105 bestsellerami<\/p>\n<p data-sourcepos=\"51:1-52:56\">\u2753 <strong data-sourcepos=\"51:3-51:31\">Czy to urz\u0105dzenie jest przeno\u015bne?<br \/>\n<\/strong> \u2705 Ultralekki przy zaledwie <strong data-sourcepos=\"52:23-52:30\">52g<\/strong> z kieszonkowym rozmiarem<\/p>\n<p>&nbsp;<\/p>\n<h3 id=\"brxe-najhln\" class=\"brxe-heading\">Cz\u0119sto zadawane pytania (FAQ)<\/h3>\n<div id=\"brxe-rajiac\" class=\"brxe-text\">\n<p><strong>P: Jakie metody p\u0142atno\u015bci akceptujecie?<\/strong><br \/>\nOdp.: Akceptujemy PayPal, Stripe, przelewy bankowe (obs\u0142ugiwane SEPA), g\u0142\u00f3wne karty kredytowe (Visa, MasterCard, American Express) i p\u0142atno\u015bci w kryptowalutach.<\/p>\n<p><strong>P: Jak d\u0142ugo trwa przygotowanie zam\u00f3wienia?<\/strong><br \/>\nOdp.: Przygotowanie zam\u00f3wienia zajmuje 1-3 dni robocze.<\/p>\n<p><strong>P: Jaki jest czas wysy\u0142ki?<\/strong><br \/>\nOdp.: Czas wysy\u0142ki wynosi 7-14 dni roboczych, w zale\u017cno\u015bci od Twojej lokalizacji.<\/p>\n<p><strong>P: Jak mog\u0119 \u015bledzi\u0107 moje zam\u00f3wienie?<\/strong><br \/>\nOdp.: Po wysy\u0142ce otrzymasz wiadomo\u015b\u0107 e-mail z potwierdzeniem i numerem przesy\u0142ki umo\u017cliwiaj\u0105cym \u015bledzenie w czasie rzeczywistym.<\/p>\n<p><strong>P: Jaka jest Twoja polityka zwrot\u00f3w?<\/strong><br \/>\nOdp.: Oferujemy 30-dniow\u0105 polityk\u0119 zwrot\u00f3w lub wymiany. .<\/p>\n<p><strong>P: Czy wyst\u0105pi\u0105 jakie\u015b problemy celne?<br \/>\n<\/strong>Obs\u0142ugujemy wszystkie procedury odprawy celnej, aby zapewni\u0107 Ci bezproblemow\u0105 obs\u0142ug\u0119. .<\/p>\n<p><strong>P: Jakie metody wysy\u0142ki s\u0105 stosowane?<\/strong><br \/>\nWsp\u00f3\u0142pracujemy z firmami UPS\/DHL\/FEDEX\/DPD itp. W zale\u017cno\u015bci od kraju dostawy wybierzemy odpowiedni\u0105 opcj\u0119 wysy\u0142ki, tak aby produkty dotar\u0142y do \u200b\u200bPa\u0144stwa najszybciej jak to mo\u017cliwe.<\/p>\n<p><a href=\"https:\/\/pgvape.com\/pl\/czesto-zadawane-pytania\/\">Kliknij tutaj, aby uzyska\u0107 wi\u0119cej cz\u0119sto zadawanych pyta\u0144<\/a><\/p>\n<p>Szanowni klienci, je\u015bli masz jakiekolwiek pytania dotycz\u0105ce zam\u00f3wienia lub przybycia towaru, skontaktuj si\u0119 z naszym dzia\u0142em obs\u0142ugi klienta. Dzi\u0119kuj\u0119!<\/p>\n<h3 data-sourcepos=\"73:1-73:21\"><strong data-sourcepos=\"73:7-73:21\">Skontaktuj si\u0119 z nami<\/strong><\/h3>\n<div id=\"text-2419739398\" class=\"text\">\n<p><strong data-sourcepos=\"75:3-75:12\">E-mail<\/strong>:\u00a0<a href=\"mailto:support@pgvape.com\"><strong>support@pgvape.com<\/strong><\/a><\/p>\n<p><strong data-sourcepos=\"76:3-76:15\">WhatsApp<\/strong>:\u00a0<a href=\"https:\/\/wa.me\/+8618128481258\"><strong>+86 18128481258<\/strong><\/a><br \/>\n<strong>(Odpowied\u017a w ci\u0105gu 24 godzin w dni robocze)<\/strong><\/p>\n<\/div>\n<h3><strong>Dzi\u0119kujemy za wybranie pgvape.com! .<\/strong><\/h3>\n<\/div>","protected":false},"excerpt":{"rendered":"<p><strong data-sourcepos=\"57:5-57:36\">Bang Blaze BC5000 (2. generacji)<\/strong> dostarcza <strong data-sourcepos=\"57:46-57:61\">5000 zaci\u0105gni\u0119\u0107<\/strong>, <strong data-sourcepos=\"57:63-57:80\">Pojemno\u015b\u0107 13ml<\/strong>, I <strong data-sourcepos=\"57:86-57:100\">12 smak\u00f3w<\/strong> w <strong data-sourcepos=\"57:106-57:128\">kompaktowy jednorazowy<\/strong> z <strong data-sourcepos=\"57:134-57:153\">\u0141adowanie typu C<\/strong> \u2013 idealny dla <strong data-sourcepos=\"57:168-57:188\">waperzy w podr\u00f3\u017cy<\/strong>.<\/p>","protected":false},"featured_media":5602,"comment_status":"open","ping_status":"closed","template":"","meta":{"_seopress_robots_primary_cat":"none","_seopress_titles_title":"%%post_title%% %%sep%% %%sitetitle%%","_seopress_titles_desc":"","_seopress_robots_index":""},"product_brand":[49,516],"product_cat":[443,33,515],"product_tag":[447,445,444,90,446,204],"class_list":{"0":"post-5587","1":"product","2":"type-product","3":"status-publish","4":"has-post-thumbnail","6":"product_brand-bang-blaze-vape","7":"product_brand-disposable-vape","8":"product_cat-5k-puffs-vape","9":"product_cat-bang-blaze-vape","10":"product_cat-disposable-vape","11":"product_tag-1-2-mesh-coil","12":"product_tag-5k-puffs-vape","13":"product_tag-bang-blaze-bc-5000","14":"product_tag-disposable-vape","15":"product_tag-type-c-fast-charging","16":"product_tag-vape-factory-direct","18":"first","19":"instock","20":"sale","21":"shipping-taxable","22":"purchasable","23":"product-type-variable"},"_links":{"self":[{"href":"https:\/\/pgvape.com\/pl\/wp-json\/wp\/v2\/product\/5587","targetHints":{"allow":["GET"]}}],"collection":[{"href":"https:\/\/pgvape.com\/pl\/wp-json\/wp\/v2\/product"}],"about":[{"href":"https:\/\/pgvape.com\/pl\/wp-json\/wp\/v2\/types\/product"}],"replies":[{"embeddable":true,"href":"https:\/\/pgvape.com\/pl\/wp-json\/wp\/v2\/comments?post=5587"}],"wp:featuredmedia":[{"embeddable":true,"href":"https:\/\/pgvape.com\/pl\/wp-json\/wp\/v2\/media\/5602"}],"wp:attachment":[{"href":"https:\/\/pgvape.com\/pl\/wp-json\/wp\/v2\/media?parent=5587"}],"wp:term":[{"taxonomy":"product_brand","embeddable":true,"href":"https:\/\/pgvape.com\/pl\/wp-json\/wp\/v2\/product_brand?post=5587"},{"taxonomy":"product_cat","embeddable":true,"href":"https:\/\/pgvape.com\/pl\/wp-json\/wp\/v2\/product_cat?post=5587"},{"taxonomy":"product_tag","embeddable":true,"href":"https:\/\/pgvape.com\/pl\/wp-json\/wp\/v2\/product_tag?post=5587"}],"curies":[{"name":"wp","href":"https:\/\/api.w.org\/{rel}","templated":true}]}}