{"id":5491,"date":"2025-11-04T08:07:24","date_gmt":"2025-11-04T08:07:24","guid":{"rendered":"https:\/\/pgvape.com\/?post_type=product&#038;p=5491"},"modified":"2026-03-15T13:09:58","modified_gmt":"2026-03-15T13:09:58","slug":"bang-36000-power-36k-zaciagniec-jednorazowy-vape-inteligentny-wyswietlacz-pelnoekranowy-vape-factory-direct","status":"publish","type":"product","link":"https:\/\/pgvape.com\/pl\/produkt\/bang-36000-power-36k-zaciagniec-jednorazowy-vape-inteligentny-wyswietlacz-pelnoekranowy-vape-factory-direct\/","title":{"rendered":"Bang 36000 Power 36K Puffs Jednorazowy Vape Inteligentny wy\u015bwietlacz pe\u0142noekranowy Vape Factory Direct"},"content":{"rendered":"<p><strong data-sourcepos=\"4:5-4:34\">Bang 36000 Power Advanced<\/strong> na nowo definiuje wapowanie <strong data-sourcepos=\"4:57-4:84\">36 000 bardzo d\u0142ugich zaci\u0105gni\u0119\u0107<\/strong>, <strong data-sourcepos=\"4:86-4:115\">kontrola mocy za pomoc\u0105 linii papilarnych<\/strong>, oraz <strong data-sourcepos=\"4:123-4:152\">inteligentny wy\u015bwietlacz pe\u0142noekranowy<\/strong>. <strong data-sourcepos=\"4:166-4:189\">Cewka z podw\u00f3jn\u0105 siatk\u0105 1,0 \u03a9<\/strong>, <strong data-sourcepos=\"4:191-4:217\">Pojemno\u015b\u0107 e-liquidu 36 ml<\/strong>, I <strong data-sourcepos=\"4:223-4:241\">Bateria 850 mAh<\/strong>, to najnowocze\u015bniejsze urz\u0105dzenie zapewnia <strong data-sourcepos=\"4:277-4:305\">konfigurowalna wydajno\u015b\u0107<\/strong> I <strong data-sourcepos=\"4:310-4:325\">bogaty smak<\/strong> w eleganckim, innowacyjnym stylu.<\/p>\n<p>&nbsp;<\/p>\n<h2><span style=\"font-size: 90%;\">Bang 36000 Power | 36K Puffs Jednorazowy Vape <strong data-sourcepos=\"10:5-10:31\">Dane techniczne<\/strong><\/span><\/h2>\n<p><strong data-sourcepos=\"16:3-16:17\">Liczba puf\u00f3w<\/strong>: 36 000 zaci\u0105gni\u0119\u0107<\/p>\n<p><strong data-sourcepos=\"17:3-17:15\">E-ciecz<\/strong>: 36 ml wst\u0119pnie nape\u0142nione<\/p>\n<p><strong data-sourcepos=\"18:3-18:14\">Bateria<\/strong>: 850 mAh (\u0142adowalny akumulator typu C)<\/p>\n<p><strong data-sourcepos=\"19:3-19:11\">Cewka<\/strong>: Podw\u00f3jna siatka 1,0 \u03a9<\/p>\n<p><strong data-sourcepos=\"20:3-20:14\">Wy\u015bwietlacz<\/strong>: Inteligentny interfejs na pe\u0142nym ekranie<\/p>\n<p><strong data-sourcepos=\"21:3-21:15\">Nikotyna<\/strong>: 0% \/ 2% \/ 3% \/ 5%<\/p>\n<p>&nbsp;<\/p>\n<h3><span style=\"font-size: 90%;\">Bang 36000 Power | 36K Puffs Jednorazowy Vape <strong data-sourcepos=\"22:5-22:20\">Lista smak\u00f3w<\/strong><\/span><\/h3>\n<p><strong data-sourcepos=\"24:4-24:17\">1.Wymieszaj owoce<\/strong>\u00a0\u2013 Mieszanka owoc\u00f3w tropikalnych<\/p>\n<p><strong data-sourcepos=\"25:4-25:20\">2.Potr\u00f3jna jagoda<\/strong>\u00a0\u2013 Mieszanka s\u0142odkich jag\u00f3d<\/p>\n<p><strong data-sourcepos=\"26:4-26:30\">3. Arbuz brzoskwiniowo-mango<\/strong>\u00a0\u2013 Soczyste letnie trio<\/p>\n<p><strong data-sourcepos=\"27:4-27:27\">4.Malina jagodowa<\/strong>\u00a0\u2013 Tarta i s\u0142odka fuzja<\/p>\n<p><strong data-sourcepos=\"28:4-28:24\">5. L\u00f3d Czarnego Smoka<\/strong>\u00a0\u2013 Odwa\u017cny lodowy owoc smoka<\/p>\n<p><strong data-sourcepos=\"29:4-29:17\">6. L\u00f3d winogronowy<\/strong>\u00a0\u2013 P\u0119kni\u0119cie mro\u017anych winogron<\/p>\n<p><strong data-sourcepos=\"30:4-30:21\">7.L\u00f3d jagodowy<\/strong>\u00a0\u2013 Ch\u0142odne jagodowe orze\u017awienie<\/p>\n<p><strong data-sourcepos=\"31:4-31:29\">8. Arbuz Truskawkowy<\/strong>\u00a0\u2013 Klasyczne s\u0142odkie po\u0142\u0105czenie<\/p>\n<p><strong data-sourcepos=\"32:4-32:25\">9.Truskawkowy Banan<\/strong>\u00a0\u2013 Kremowa harmonia owocowa<\/p>\n<p><strong data-sourcepos=\"33:5-33:24\">10.Truskawkowe Kiwi<\/strong>\u00a0\u2013 Pikantny tropikalny akcent<\/p>\n<p><strong data-sourcepos=\"34:5-34:25\">11. Truskawkowe Mango<\/strong>\u00a0\u2013 Bogaty owocowy duet<\/p>\n<p><strong data-sourcepos=\"35:5-35:23\">12.L\u00f3d arbuzowy<\/strong>\u00a0\u2013 Ostry, nawil\u017caj\u0105cy ch\u0142\u00f3d<br \/>\n<img loading=\"lazy\" decoding=\"async\" class=\"alignnone wp-image-5510 size-full\" src=\"https:\/\/pgvape.com\/wp-content\/uploads\/2025\/11\/pgvape-Bang-36000-Power-36k-Puffs-Disposable-Vape-17.jpg\" alt=\"Siatka 15 kolorowych, prostok\u0105tnych jednorazowych urz\u0105dze\u0144 do waporyzacji &quot;Bang 36000&quot; w trzech rz\u0119dach, ka\u017cde z ma\u0142ym cyfrowym wy\u015bwietlaczem, unikaln\u0105 grafik\u0105 owoc\u00f3w lub czaszek oraz etykietami smakowymi na ciemnoniebieskim promienistym tle.\" width=\"1500\" height=\"1265\" srcset=\"https:\/\/pgvape.com\/wp-content\/uploads\/2025\/11\/pgvape-Bang-36000-Power-36k-Puffs-Disposable-Vape-17.jpg 1500w, https:\/\/pgvape.com\/wp-content\/uploads\/2025\/11\/pgvape-Bang-36000-Power-36k-Puffs-Disposable-Vape-17-427x360.jpg 427w, https:\/\/pgvape.com\/wp-content\/uploads\/2025\/11\/pgvape-Bang-36000-Power-36k-Puffs-Disposable-Vape-17-595x502.jpg 595w, https:\/\/pgvape.com\/wp-content\/uploads\/2025\/11\/pgvape-Bang-36000-Power-36k-Puffs-Disposable-Vape-17-400x337.jpg 400w, https:\/\/pgvape.com\/wp-content\/uploads\/2025\/11\/pgvape-Bang-36000-Power-36k-Puffs-Disposable-Vape-17-768x648.jpg 768w, https:\/\/pgvape.com\/wp-content\/uploads\/2025\/11\/pgvape-Bang-36000-Power-36k-Puffs-Disposable-Vape-17-14x12.jpg 14w, https:\/\/pgvape.com\/wp-content\/uploads\/2025\/11\/pgvape-Bang-36000-Power-36k-Puffs-Disposable-Vape-17-600x506.jpg 600w, https:\/\/pgvape.com\/wp-content\/uploads\/2025\/11\/pgvape-Bang-36000-Power-36k-Puffs-Disposable-Vape-17-47x40.jpg 47w\" sizes=\"auto, (max-width: 1500px) 100vw, 1500px\" \/><\/p>\n<p>&nbsp;<\/p>\n<h3><span style=\"font-size: 90%;\">Bang 36000 Power | 36K Puffs Jednorazowy Vape <strong>Wideo<\/strong>:<\/span><\/h3>\n<p>&nbsp;<\/p>\n<h2>Cz\u0119sto zadawane pytania dotycz\u0105ce Bang 36000 Power | Jednorazowy waporyzator 36K Puffs<\/h2>\n<p data-sourcepos=\"38:1-39:77\">\u2753 <strong data-sourcepos=\"38:3-38:50\">Jak dzia\u0142a regulacja mocy linii papilarnych?<\/strong><br \/>\n\u2705 <strong data-sourcepos=\"39:3-39:33\">Spersonalizowane sterowanie dotykowe<\/strong> dostosowuje moc wyj\u015bciow\u0105 do niestandardowych trafie\u0144.<\/p>\n<p data-sourcepos=\"41:1-42:72\">\u2753 <strong data-sourcepos=\"41:3-41:45\">Co sprawia, \u017ce \u200b\u200bcewka z podw\u00f3jn\u0105 siatk\u0105 jest wyj\u0105tkowa?<\/strong><br \/>\n\u2705 <strong data-sourcepos=\"42:3-42:21\">Dwie cewki siatkowe<\/strong> dostarcza\u0107 <strong data-sourcepos=\"42:30-42:49\">50% wi\u0119cej smaku<\/strong> ni\u017c standardowe cewki.<\/p>\n<p data-sourcepos=\"44:1-45:80\">\u2753 <strong data-sourcepos=\"44:3-44:38\">Jak d\u0142ugo wytrzymuje bateria?<br \/>\n<\/strong> \u2705 <strong data-sourcepos=\"45:7-45:25\">Bateria 850 mAh<\/strong> obs\u0142uguje przed\u0142u\u017cone u\u017cytkowanie z <strong data-sourcepos=\"45:53-45:77\">Szybkie \u0142adowanie typu C<\/strong>.<\/p>\n<p data-sourcepos=\"47:1-48:79\">\u2753 <strong data-sourcepos=\"47:3-47:29\">Czy wy\u015bwietlacz jest przydatny?<br \/>\n<\/strong> \u2705 <strong data-sourcepos=\"48:7-48:30\">wy\u015bwietlanie na pe\u0142nym ekranie<\/strong> wida\u0107 <strong data-sourcepos=\"48:37-48:76\">dok\u0142adny poziom baterii % i e-liquidu<\/strong>.<\/p>\n<p data-sourcepos=\"50:1-51:92\">\u2753 <strong data-sourcepos=\"50:3-50:38\">Kt\u00f3re smaki ciesz\u0105 si\u0119 najwi\u0119ksz\u0105 popularno\u015bci\u0105?<br \/>\n<\/strong> \u2705 <strong data-sourcepos=\"51:3-51:28\">Arbuz Truskawkowy<\/strong>, <strong data-sourcepos=\"51:30-51:47\">Lody jagodowe<\/strong>, I <strong data-sourcepos=\"51:53-51:73\">L\u00f3d Czarnego Smoka<\/strong> s\u0105 bestsellerami.<\/p>\n<p>&nbsp;<\/p>\n<h3 id=\"brxe-najhln\" class=\"brxe-heading\">Cz\u0119sto zadawane pytania (FAQ)<\/h3>\n<div id=\"brxe-rajiac\" class=\"brxe-text\">\n<p><strong>P: Jakie metody p\u0142atno\u015bci akceptujecie?<\/strong><br \/>\nOdp.: Akceptujemy PayPal, Stripe, przelewy bankowe (obs\u0142ugiwane SEPA), g\u0142\u00f3wne karty kredytowe (Visa, MasterCard, American Express) i p\u0142atno\u015bci w kryptowalutach.<\/p>\n<p><strong>P: Jak d\u0142ugo trwa przygotowanie zam\u00f3wienia?<\/strong><br \/>\nOdp.: Przygotowanie zam\u00f3wienia zajmuje 1-3 dni robocze.<\/p>\n<p><strong>P: Jaki jest czas wysy\u0142ki?<\/strong><br \/>\nOdp.: Czas wysy\u0142ki wynosi 7-14 dni roboczych, w zale\u017cno\u015bci od Twojej lokalizacji.<\/p>\n<p><strong>P: Jak mog\u0119 \u015bledzi\u0107 moje zam\u00f3wienie?<\/strong><br \/>\nOdp.: Po wysy\u0142ce otrzymasz wiadomo\u015b\u0107 e-mail z potwierdzeniem i numerem przesy\u0142ki umo\u017cliwiaj\u0105cym \u015bledzenie w czasie rzeczywistym.<\/p>\n<p><strong>P: Jaka jest Twoja polityka zwrot\u00f3w?<\/strong><br \/>\nOdp.: Oferujemy 30-dniow\u0105 polityk\u0119 zwrot\u00f3w lub wymiany. .<\/p>\n<p><strong>P: Czy wyst\u0105pi\u0105 jakie\u015b problemy celne?<br \/>\n<\/strong>Obs\u0142ugujemy wszystkie procedury odprawy celnej, aby zapewni\u0107 Ci bezproblemow\u0105 obs\u0142ug\u0119. .<\/p>\n<p><strong>P: Jakie metody wysy\u0142ki s\u0105 stosowane?<\/strong><br \/>\nWsp\u00f3\u0142pracujemy z firmami UPS\/DHL\/FEDEX\/DPD itp. W zale\u017cno\u015bci od kraju dostawy wybierzemy odpowiedni\u0105 opcj\u0119 wysy\u0142ki, tak aby produkty dotar\u0142y do \u200b\u200bPa\u0144stwa najszybciej jak to mo\u017cliwe.<\/p>\n<p><a href=\"https:\/\/pgvape.com\/pl\/czesto-zadawane-pytania\/\">Kliknij tutaj, aby uzyska\u0107 wi\u0119cej cz\u0119sto zadawanych pyta\u0144<\/a><\/p>\n<p>Szanowni klienci, je\u015bli masz jakiekolwiek pytania dotycz\u0105ce zam\u00f3wienia lub przybycia towaru, skontaktuj si\u0119 z naszym dzia\u0142em obs\u0142ugi klienta. Dzi\u0119kuj\u0119!<\/p>\n<h3 data-sourcepos=\"73:1-73:21\"><strong data-sourcepos=\"73:7-73:21\">Skontaktuj si\u0119 z nami<\/strong><\/h3>\n<div id=\"text-2419739398\" class=\"text\">\n<p><strong data-sourcepos=\"75:3-75:12\">E-mail<\/strong>:\u00a0<a href=\"mailto:support@pgvape.com\"><strong>support@pgvape.com<\/strong><\/a><\/p>\n<p><strong data-sourcepos=\"76:3-76:15\">WhatsApp<\/strong>:\u00a0<a href=\"https:\/\/wa.me\/+8618128481258\"><strong>+86 18128481258<\/strong><\/a><br \/>\n<strong>(Odpowied\u017a w ci\u0105gu 24 godzin w dni robocze)<\/strong><\/p>\n<\/div>\n<h3><strong>Dzi\u0119kujemy za wybranie pgvape.com! .<\/strong><\/h3>\n<\/div>","protected":false},"excerpt":{"rendered":"<p><strong data-sourcepos=\"54:5-54:34\">Bang 36000 Power Advanced<\/strong> \u0142\u0105czy <strong data-sourcepos=\"54:44-54:60\">36 000 zaci\u0105gni\u0119\u0107<\/strong>, <strong data-sourcepos=\"54:62-54:85\">kontrola odcisk\u00f3w palc\u00f3w<\/strong>, I <strong data-sourcepos=\"54:91-54:113\">12 smak\u00f3w premium<\/strong> w <strong data-sourcepos=\"54:119-54:148\">zaawansowany technologicznie jednorazowy waporyzator<\/strong> z <strong data-sourcepos=\"54:154-54:171\">inteligentny wy\u015bwietlacz<\/strong> \u2013 idealny dla <strong data-sourcepos=\"54:186-54:207\">wymagaj\u0105cy vaperzy<\/strong>.<\/p>","protected":false},"featured_media":5495,"comment_status":"open","ping_status":"closed","template":"","meta":{"_seopress_robots_primary_cat":"none","_seopress_titles_title":"%%post_title%% %%sep%% %%sitetitle%%","_seopress_titles_desc":"","_seopress_robots_index":""},"product_brand":[36,516],"product_cat":[398,25,515],"product_tag":[400,439,90,243,440,204],"class_list":{"0":"post-5491","1":"product","2":"type-product","3":"status-publish","4":"has-post-thumbnail","6":"product_brand-bang-vape","7":"product_brand-disposable-vape","8":"product_cat-36k-puffs-vape","9":"product_cat-bang-vape","10":"product_cat-disposable-vape","11":"product_tag-36k-puffs-vape","12":"product_tag-bang-36000-power","13":"product_tag-disposable-vape","14":"product_tag-dual-mesh","15":"product_tag-smart-full-screen-display","16":"product_tag-vape-factory-direct","18":"first","19":"instock","20":"sale","21":"shipping-taxable","22":"purchasable","23":"product-type-variable"},"_links":{"self":[{"href":"https:\/\/pgvape.com\/pl\/wp-json\/wp\/v2\/product\/5491","targetHints":{"allow":["GET"]}}],"collection":[{"href":"https:\/\/pgvape.com\/pl\/wp-json\/wp\/v2\/product"}],"about":[{"href":"https:\/\/pgvape.com\/pl\/wp-json\/wp\/v2\/types\/product"}],"replies":[{"embeddable":true,"href":"https:\/\/pgvape.com\/pl\/wp-json\/wp\/v2\/comments?post=5491"}],"wp:featuredmedia":[{"embeddable":true,"href":"https:\/\/pgvape.com\/pl\/wp-json\/wp\/v2\/media\/5495"}],"wp:attachment":[{"href":"https:\/\/pgvape.com\/pl\/wp-json\/wp\/v2\/media?parent=5491"}],"wp:term":[{"taxonomy":"product_brand","embeddable":true,"href":"https:\/\/pgvape.com\/pl\/wp-json\/wp\/v2\/product_brand?post=5491"},{"taxonomy":"product_cat","embeddable":true,"href":"https:\/\/pgvape.com\/pl\/wp-json\/wp\/v2\/product_cat?post=5491"},{"taxonomy":"product_tag","embeddable":true,"href":"https:\/\/pgvape.com\/pl\/wp-json\/wp\/v2\/product_tag?post=5491"}],"curies":[{"name":"wp","href":"https:\/\/api.w.org\/{rel}","templated":true}]}}