{"id":5459,"date":"2025-11-04T07:49:11","date_gmt":"2025-11-04T07:49:11","guid":{"rendered":"https:\/\/pgvape.com\/?post_type=product&#038;p=5459"},"modified":"2026-03-15T13:09:58","modified_gmt":"2026-03-15T13:09:58","slug":"bang-gold-42000-42k-zaciagniec-jednorazowe-vape-e-glowa-sziszy-0-2-3-5-nikotyna-12-smakow-ekran-dotykowy-tft-wskazniki-led-vape-factory-direct","status":"publish","type":"product","link":"https:\/\/pgvape.com\/pl\/produkt\/bang-gold-42000-42k-zaciagniec-jednorazowe-vape-e-glowa-sziszy-0-2-3-5-nikotyna-12-smakow-ekran-dotykowy-tft-wskazniki-led-vape-factory-direct\/","title":{"rendered":"Bang Gold 42000 | 42K Puffs Jednorazowy Vape | G\u0142owica E-Shisha | 0% 2% 3% 5% Nikotyna | 12 Smak\u00f3w | Ekran Dotykowy TFT + Wska\u017aniki LED | Vape Factory Direct"},"content":{"rendered":"<p><strong data-sourcepos=\"6:5-6:30\">Bang Z\u0142oto 42000<\/strong> na nowo definiuje waporyzacj\u0119 premium <strong data-sourcepos=\"6:61-6:88\">42 000 bardzo d\u0142ugich zaci\u0105gni\u0119\u0107<\/strong> I <strong data-sourcepos=\"6:93-6:128\">innowacyjne zabezpieczenie odcisk\u00f3w palc\u00f3w<\/strong>. <strong data-sourcepos=\"6:142-6:160\">cewka z podw\u00f3jn\u0105 siatk\u0105<\/strong>, <strong data-sourcepos=\"6:162-6:181\">Ekran dotykowy TFT<\/strong>, I <strong data-sourcepos=\"6:187-6:206\">Bateria 1000 mAh<\/strong>, to urz\u0105dzenie zapewnia <strong data-sourcepos=\"6:229-6:260\">konfigurowalne ustawienia mocy<\/strong> I <strong data-sourcepos=\"6:265-6:293\">wska\u017aniki waporyzacji w czasie rzeczywistym<\/strong> dla niezr\u00f3wnanej kontroli.<\/p>\n<p>&nbsp;<\/p>\n<h2><span style=\"font-size: 90%;\">Bang Gold 42000 | 42K Puffs Jednorazowy Vape <strong data-sourcepos=\"10:5-10:31\">Dane techniczne<\/strong><\/span><\/h2>\n<p><strong data-sourcepos=\"19:3-19:17\">Liczba puf\u00f3w<\/strong>: 42 000 zaci\u0105gni\u0119\u0107<\/p>\n<p><strong data-sourcepos=\"20:3-20:14\">Bateria<\/strong>: 1000 mAh (\u0142adowalny akumulator typu C)<\/p>\n<p><strong data-sourcepos=\"21:3-21:11\">Cewka<\/strong>: Technologia podw\u00f3jnej siatki<\/p>\n<p><strong data-sourcepos=\"22:3-22:14\">Wy\u015bwietlacz<\/strong>: Ekran dotykowy TFT + wska\u017aniki LED<\/p>\n<p><strong data-sourcepos=\"23:3-23:15\">Nikotyna<\/strong>: 0%\/2%\/3%\/5%<\/p>\n<p><strong data-sourcepos=\"24:3-24:15\">Bezpiecze\u0144stwo<\/strong>: Rozpoznawanie odcisk\u00f3w palc\u00f3w<\/p>\n<p><strong data-sourcepos=\"12:3-12:23\">Regulacja mocy<\/strong>: Konfigurowalne wyj\u015bcie 3-klikni\u0119ciem<\/p>\n<p>&nbsp;<\/p>\n<h3><span style=\"font-size: 90%;\">Bang Gold 42000 | 42K Puffs Jednorazowy Vape <strong data-sourcepos=\"22:5-22:20\">Lista smak\u00f3w<\/strong><\/span><\/h3>\n<p><strong data-sourcepos=\"27:4-27:12\">1.Mi\u0119ta<\/strong><\/p>\n<p><strong data-sourcepos=\"28:4-28:22\">2. Jagoda Mi\u0119towa<\/strong><\/p>\n<p><strong data-sourcepos=\"29:4-29:21\">3.Podw\u00f3jne jab\u0142ka<\/strong><\/p>\n<p><strong data-sourcepos=\"30:4-30:17\">4.Brzoskwiniowy l\u00f3d<\/strong><\/p>\n<p><strong data-sourcepos=\"31:4-31:27\">5.Malina jagodowa<\/strong><\/p>\n<p><strong data-sourcepos=\"32:4-32:21\">6.L\u00f3d jagodowy<\/strong><\/p>\n<p><strong data-sourcepos=\"33:4-33:23\">7.Brzoskwinia jagodowa<\/strong><\/p>\n<p><strong data-sourcepos=\"34:4-34:18\">8.Arbuz<\/strong><\/p>\n<p><strong data-sourcepos=\"35:4-35:29\">9. Arbuz Truskawkowy<\/strong><\/p>\n<p><strong data-sourcepos=\"36:5-36:26\">10. Liczi truskawkowe<\/strong><\/p>\n<p><strong data-sourcepos=\"37:5-37:19\">11.Mi\u0119ta winogronowa<\/strong><\/p>\n<p><strong data-sourcepos=\"38:5-38:20\">12. Mieszane owoce<br \/>\n<img loading=\"lazy\" decoding=\"async\" class=\"alignnone wp-image-5463 size-full\" src=\"https:\/\/pgvape.com\/wp-content\/uploads\/2025\/11\/pgvape-Bang-Gold-42000-Puffs-Disposable-Vape-3.jpg\" alt=\"Dwana\u015bcie z\u0142otych e-sziszy w kszta\u0142cie cylindra z czarnymi ustnikami, rozmieszczonymi w dw\u00f3ch rz\u0119dach i oznaczonych smakami (mi\u0119ta, jagoda mi\u0119towa, podw\u00f3jne jab\u0142ka, brzoskwinia lodowa, jagoda malina, jagoda lodowa, jagoda brzoskwinia, arbuz, truskawka arbuz, truskawka liczi, winogrono mi\u0119ta, mieszane owoce) pod nag\u0142\u00f3wkiem z napisem \u201cE-Shisha Head 12 smak\u00f3w\u201d i \u201c42000 PUFFS\u201d z napisem \u201eE-Shisha Head 12 smak\u00f3w\u201d .\" width=\"1200\" height=\"1469\" srcset=\"https:\/\/pgvape.com\/wp-content\/uploads\/2025\/11\/pgvape-Bang-Gold-42000-Puffs-Disposable-Vape-3.jpg 1200w, https:\/\/pgvape.com\/wp-content\/uploads\/2025\/11\/pgvape-Bang-Gold-42000-Puffs-Disposable-Vape-3-294x360.jpg 294w, https:\/\/pgvape.com\/wp-content\/uploads\/2025\/11\/pgvape-Bang-Gold-42000-Puffs-Disposable-Vape-3-595x728.jpg 595w, https:\/\/pgvape.com\/wp-content\/uploads\/2025\/11\/pgvape-Bang-Gold-42000-Puffs-Disposable-Vape-3-327x400.jpg 327w, https:\/\/pgvape.com\/wp-content\/uploads\/2025\/11\/pgvape-Bang-Gold-42000-Puffs-Disposable-Vape-3-768x940.jpg 768w, https:\/\/pgvape.com\/wp-content\/uploads\/2025\/11\/pgvape-Bang-Gold-42000-Puffs-Disposable-Vape-3-10x12.jpg 10w, https:\/\/pgvape.com\/wp-content\/uploads\/2025\/11\/pgvape-Bang-Gold-42000-Puffs-Disposable-Vape-3-600x735.jpg 600w, https:\/\/pgvape.com\/wp-content\/uploads\/2025\/11\/pgvape-Bang-Gold-42000-Puffs-Disposable-Vape-3-33x40.jpg 33w\" sizes=\"auto, (max-width: 1200px) 100vw, 1200px\" \/><br \/>\n<\/strong><\/p>\n<p>&nbsp;<\/p>\n<h3><span style=\"font-size: 90%;\">Bang Gold 42000 | 42K Puffs Jednorazowy Vape <strong>Wideo<\/strong>:<\/span><\/h3>\n<p>&nbsp;<\/p>\n<h2>Cz\u0119sto zadawane pytania dotycz\u0105ce Bang Gold 42000 | 42K Puffs Jednorazowy Vape<\/h2>\n<p data-sourcepos=\"41:1-42:58\">\u2753 <strong data-sourcepos=\"41:3-41:44\">Jak dzia\u0142a czujnik odcisk\u00f3w palc\u00f3w?<\/strong><br \/>\n\u2705Zapewnia <strong data-sourcepos=\"42:12-42:37\">spersonalizowane bezpiecze\u0144stwo<\/strong> i szybk\u0105 aktywacj\u0119<\/p>\n<p data-sourcepos=\"44:1-45:51\">\u2753 <strong data-sourcepos=\"44:3-44:45\">Co sprawia, \u017ce \u200b\u200bcewka z podw\u00f3jn\u0105 siatk\u0105 jest wyj\u0105tkowa?<\/strong><br \/>\n\u2705 Dostarcza <strong data-sourcepos=\"45:12-45:31\">50% wi\u0119cej smaku<\/strong> ni\u017c standardowe cewki<\/p>\n<p data-sourcepos=\"47:1-48:63\">\u2753 <strong data-sourcepos=\"47:3-47:41\">Czy mog\u0119 regulowa\u0107 produkcj\u0119 pary?<br \/>\n<\/strong> \u2705 Tak! <strong data-sourcepos=\"48:8-48:36\">Regulacja mocy za pomoc\u0105 3 klikni\u0119\u0107<\/strong> dostosowuje Twoje do\u015bwiadczenie<\/p>\n<p data-sourcepos=\"50:1-51:78\">\u2753 <strong data-sourcepos=\"50:3-50:38\">Jak d\u0142ugo wytrzymuje bateria?<br \/>\n<\/strong> \u2705 <strong data-sourcepos=\"51:7-51:26\">Bateria 1000 mAh<\/strong> obs\u0142uguje przed\u0142u\u017cone u\u017cytkowanie z <strong data-sourcepos=\"51:54-51:78\">Szybkie \u0142adowanie typu C<\/strong><\/p>\n<p data-sourcepos=\"53:1-54:82\">\u2753 <strong data-sourcepos=\"53:3-53:38\">Kt\u00f3re smaki ciesz\u0105 si\u0119 najwi\u0119ksz\u0105 popularno\u015bci\u0105?<br \/>\n<\/strong> \u2705 <strong data-sourcepos=\"54:3-54:28\">Arbuz Truskawkowy<\/strong>, <strong data-sourcepos=\"54:30-54:47\">Lody jagodowe<\/strong>, I <strong data-sourcepos=\"54:53-54:66\">Brzoskwiniowy l\u00f3d<\/strong> s\u0105 bestsellerami<\/p>\n<p>&nbsp;<\/p>\n<h3 id=\"brxe-najhln\" class=\"brxe-heading\">Cz\u0119sto zadawane pytania (FAQ)<\/h3>\n<div id=\"brxe-rajiac\" class=\"brxe-text\">\n<p><strong>P: Jakie metody p\u0142atno\u015bci akceptujecie?<\/strong><br \/>\nOdp.: Akceptujemy PayPal, Stripe, przelewy bankowe (obs\u0142ugiwane SEPA), g\u0142\u00f3wne karty kredytowe (Visa, MasterCard, American Express) i p\u0142atno\u015bci w kryptowalutach.<\/p>\n<p><strong>P: Jak d\u0142ugo trwa przygotowanie zam\u00f3wienia?<\/strong><br \/>\nOdp.: Przygotowanie zam\u00f3wienia zajmuje 1-3 dni robocze.<\/p>\n<p><strong>P: Jaki jest czas wysy\u0142ki?<\/strong><br \/>\nOdp.: Czas wysy\u0142ki wynosi 7-14 dni roboczych, w zale\u017cno\u015bci od Twojej lokalizacji.<\/p>\n<p><strong>P: Jak mog\u0119 \u015bledzi\u0107 moje zam\u00f3wienie?<\/strong><br \/>\nOdp.: Po wysy\u0142ce otrzymasz wiadomo\u015b\u0107 e-mail z potwierdzeniem i numerem przesy\u0142ki umo\u017cliwiaj\u0105cym \u015bledzenie w czasie rzeczywistym.<\/p>\n<p><strong>P: Jaka jest Twoja polityka zwrot\u00f3w?<\/strong><br \/>\nOdp.: Oferujemy 30-dniow\u0105 polityk\u0119 zwrot\u00f3w lub wymiany. .<\/p>\n<p><strong>P: Czy wyst\u0105pi\u0105 jakie\u015b problemy celne?<br \/>\n<\/strong>Obs\u0142ugujemy wszystkie procedury odprawy celnej, aby zapewni\u0107 Ci bezproblemow\u0105 obs\u0142ug\u0119. .<\/p>\n<p><strong>P: Jakie metody wysy\u0142ki s\u0105 stosowane?<\/strong><br \/>\nWsp\u00f3\u0142pracujemy z firmami UPS\/DHL\/FEDEX\/DPD itp. W zale\u017cno\u015bci od kraju dostawy wybierzemy odpowiedni\u0105 opcj\u0119 wysy\u0142ki, tak aby produkty dotar\u0142y do \u200b\u200bPa\u0144stwa najszybciej jak to mo\u017cliwe.<\/p>\n<p><a href=\"https:\/\/pgvape.com\/pl\/czesto-zadawane-pytania\/\">Kliknij tutaj, aby uzyska\u0107 wi\u0119cej cz\u0119sto zadawanych pyta\u0144<\/a><\/p>\n<p>Szanowni klienci, je\u015bli masz jakiekolwiek pytania dotycz\u0105ce zam\u00f3wienia lub przybycia towaru, skontaktuj si\u0119 z naszym dzia\u0142em obs\u0142ugi klienta. Dzi\u0119kuj\u0119!<\/p>\n<h3 data-sourcepos=\"73:1-73:21\"><strong data-sourcepos=\"73:7-73:21\">Skontaktuj si\u0119 z nami<\/strong><\/h3>\n<div id=\"text-2419739398\" class=\"text\">\n<p><strong data-sourcepos=\"75:3-75:12\">E-mail<\/strong>:\u00a0<a href=\"mailto:support@pgvape.com\"><strong>support@pgvape.com<\/strong><\/a><\/p>\n<p><strong data-sourcepos=\"76:3-76:15\">WhatsApp<\/strong>:\u00a0<a href=\"https:\/\/wa.me\/+8618128481258\"><strong>+86 18128481258<\/strong><\/a><br \/>\n<strong>(Odpowied\u017a w ci\u0105gu 24 godzin w dni robocze)<\/strong><\/p>\n<\/div>\n<h3><strong>Dzi\u0119kujemy za wybranie pgvape.com! .<\/strong><\/h3>\n<\/div>","protected":false},"excerpt":{"rendered":"<p><strong data-sourcepos=\"57:5-57:30\">Bang Gold 42000<\/strong> \u0142\u0105czy <strong data-sourcepos=\"57:40-57:71\">niezr\u00f3wnana wydajno\u015b\u0107 zaci\u0105gni\u0119\u0107 wynosz\u0105ca 42 tys<\/strong>, <strong data-sourcepos=\"57:73-57:97\">bezpiecze\u0144stwo odcisk\u00f3w palc\u00f3w<\/strong>, I <strong data-sourcepos=\"57:103-57:133\">inteligentne sterowanie za pomoc\u0105 ekranu dotykowego<\/strong> w <strong data-sourcepos=\"57:139-57:166\">jednorazowy waporyzator premium<\/strong> z <strong data-sourcepos=\"57:172-57:193\">12 opcji smakowych<\/strong>.<\/p>","protected":false},"featured_media":5476,"comment_status":"open","ping_status":"closed","template":"","meta":{"_seopress_robots_primary_cat":"none","_seopress_titles_title":"%%post_title%% %%sep%% %%sitetitle%%","_seopress_titles_desc":"","_seopress_robots_index":""},"product_brand":[36,516],"product_cat":[433,25,515],"product_tag":[435,434,90,436,438,437,204],"class_list":{"0":"post-5459","1":"product","2":"type-product","3":"status-publish","4":"has-post-thumbnail","6":"product_brand-bang-vape","7":"product_brand-disposable-vape","8":"product_cat-42k-puffs-vape","9":"product_cat-bang-vape","10":"product_cat-disposable-vape","11":"product_tag-42k-puffs-vape","12":"product_tag-bang-gold-42000","13":"product_tag-disposable-vape","14":"product_tag-e-shisha-head","15":"product_tag-led-indicators","16":"product_tag-tft-touchscreen","17":"product_tag-vape-factory-direct","19":"first","20":"instock","21":"sale","22":"shipping-taxable","23":"purchasable","24":"product-type-variable"},"_links":{"self":[{"href":"https:\/\/pgvape.com\/pl\/wp-json\/wp\/v2\/product\/5459","targetHints":{"allow":["GET"]}}],"collection":[{"href":"https:\/\/pgvape.com\/pl\/wp-json\/wp\/v2\/product"}],"about":[{"href":"https:\/\/pgvape.com\/pl\/wp-json\/wp\/v2\/types\/product"}],"replies":[{"embeddable":true,"href":"https:\/\/pgvape.com\/pl\/wp-json\/wp\/v2\/comments?post=5459"}],"wp:featuredmedia":[{"embeddable":true,"href":"https:\/\/pgvape.com\/pl\/wp-json\/wp\/v2\/media\/5476"}],"wp:attachment":[{"href":"https:\/\/pgvape.com\/pl\/wp-json\/wp\/v2\/media?parent=5459"}],"wp:term":[{"taxonomy":"product_brand","embeddable":true,"href":"https:\/\/pgvape.com\/pl\/wp-json\/wp\/v2\/product_brand?post=5459"},{"taxonomy":"product_cat","embeddable":true,"href":"https:\/\/pgvape.com\/pl\/wp-json\/wp\/v2\/product_cat?post=5459"},{"taxonomy":"product_tag","embeddable":true,"href":"https:\/\/pgvape.com\/pl\/wp-json\/wp\/v2\/product_tag?post=5459"}],"curies":[{"name":"wp","href":"https:\/\/api.w.org\/{rel}","templated":true}]}}