{"id":5392,"date":"2025-11-03T10:30:41","date_gmt":"2025-11-03T10:30:41","guid":{"rendered":"https:\/\/pgvape.com\/?post_type=product&#038;p=5392"},"modified":"2026-03-15T13:09:58","modified_gmt":"2026-03-15T13:09:58","slug":"bang-32000-32-tys-zaciagniec-jednorazowy-ekran-ledowy-vape-vape-bezposrednio-z-fabryki","status":"publish","type":"product","link":"https:\/\/pgvape.com\/pl\/produkt\/bang-32000-32-tys-zaciagniec-jednorazowy-ekran-ledowy-vape-vape-bezposrednio-z-fabryki\/","title":{"rendered":"Bang 32000 32K Puffs Jednorazowy ekran LED Vape Vape Factory Direct"},"content":{"rendered":"<p><strong data-sourcepos=\"4:5-4:19\">Uderz 32000<\/strong> dostarcza <strong data-sourcepos=\"4:29-4:56\">32 000 bardzo d\u0142ugich zaci\u0105gni\u0119\u0107<\/strong> z <strong data-sourcepos=\"4:62-4:90\">32 ml wst\u0119pnie nape\u0142nionego e-liquidu<\/strong> I <strong data-sourcepos=\"4:95-4:126\">Akumulator o pojemno\u015bci 650 mAh<\/strong>. <strong data-sourcepos=\"4:138-4:167\">Technologia cewek siatkowych 1,0 \u03a9<\/strong> I <strong data-sourcepos=\"4:172-4:216\">regulowany poziom nikotyny (0%\/2%\/3%\/5%)<\/strong>, jakie oferuje to urz\u0105dzenie <strong data-sourcepos=\"4:237-4:264\">g\u0142adka, aromatyczna para<\/strong> z <strong data-sourcepos=\"4:270-4:298\">Monitorowanie LED w czasie rzeczywistym<\/strong>.<\/p>\n<p>&nbsp;<\/p>\n<h2><span style=\"font-size: 90%;\">Bang 32000 | 32K Puffs Jednorazowy Vape <strong data-sourcepos=\"10:5-10:31\">Dane techniczne<\/strong><\/span><\/h2>\n<p><strong data-sourcepos=\"7:3-7:17\">Liczba zaci\u0105gni\u0119\u0107<\/strong>:\u00a0<strong data-sourcepos=\"7:19-7:35\">32 000 zaci\u0105gni\u0119\u0107<\/strong><\/p>\n<p><strong data-sourcepos=\"8:3-8:15\">E-ciecz<\/strong>:\u00a0<strong data-sourcepos=\"8:17-8:45\">Wst\u0119pnie nape\u0142niona pojemno\u015b\u0107 32 ml<\/strong><\/p>\n<p><strong data-sourcepos=\"9:3-9:14\">Bateria<\/strong>:\u00a0<strong data-sourcepos=\"9:16-9:48\">Akumulator 650 mAh (typ C)<\/strong><\/p>\n<p><strong data-sourcepos=\"10:3-10:11\">Cewka<\/strong>:\u00a0<strong data-sourcepos=\"10:13-10:37\">Technologia siatki 1,0 \u03a9<\/strong><\/p>\n<p><strong data-sourcepos=\"11:3-11:15\">Nikotyna<\/strong>:\u00a0<strong data-sourcepos=\"11:17-11:38\">0% \/ 2% \/ 3% \/ 5%<\/strong><\/p>\n<p><strong data-sourcepos=\"12:3-12:14\">Wy\u015bwietlacz<\/strong>:\u00a0<strong data-sourcepos=\"12:16-12:62\">Ekran LED (wska\u017aniki baterii i e-liquidu)<\/strong><\/p>\n<p>&nbsp;<\/p>\n<h3><span style=\"font-size: 90%;\">Bang 32000 | 32K Puffs Jednorazowy Vape <strong data-sourcepos=\"22:5-22:20\">Lista smak\u00f3w<\/strong><\/span><\/h3>\n<p><strong data-sourcepos=\"15:4-15:27\">1.Malina jagodowa<\/strong><\/p>\n<p><strong data-sourcepos=\"16:4-16:25\">2.Wi\u015bnia arbuzowa<\/strong><\/p>\n<p><strong data-sourcepos=\"17:4-17:21\">3.L\u00f3d jagodowy<\/strong><\/p>\n<p><strong data-sourcepos=\"18:4-18:22\">4.L\u00f3d arbuzowy<\/strong><\/p>\n<p><strong data-sourcepos=\"19:4-19:29\">5. Arbuz truskawkowy<\/strong><\/p>\n<p><strong data-sourcepos=\"20:4-20:23\">6.Kiwi truskawkowe<\/strong><\/p>\n<p><strong data-sourcepos=\"21:4-21:16\">7. Czerwony byk<\/strong><\/p>\n<p><strong data-sourcepos=\"22:4-22:28\">8.Arbuzowa guma balonowa<\/strong><\/p>\n<p><strong data-sourcepos=\"23:4-23:17\">9. L\u00f3d winogronowy<\/strong><\/p>\n<p><strong data-sourcepos=\"24:5-24:20\">10.Brzoskwiniowe mango<\/strong><\/p>\n<p><strong data-sourcepos=\"25:5-25:18\">11.L\u00f3d brzoskwiniowy<\/strong><\/p>\n<p><strong data-sourcepos=\"26:5-26:20\">12.Mieszane owoce<br \/>\n<img loading=\"lazy\" decoding=\"async\" class=\"alignnone wp-image-5410 size-full\" src=\"https:\/\/pgvape.com\/wp-content\/uploads\/2025\/11\/pgvape-Bang-32000-Puffs-Disposable-Vape-4.png\" alt=\"Obraz promocyjny z nag\u0142\u00f3wkiem \u201cDost\u0119pne niestandardowe smaki w 12 KOLORACH\u201d przedstawiaj\u0105cy dwana\u015bcie prostok\u0105tnych urz\u0105dze\u0144 do waporyzacji w jaskrawych kolorach u\u0142o\u017conych w siatk\u0119, ka\u017cde z unikaln\u0105 naklejk\u0105 z kresk\u00f3wki i etykiet\u0105 smaku (np. Arbuz Wi\u015bnia, Jagoda Ice, Grape Ice, Mango Peach, Strawberry Kiwi, Mix Fruit, Strawberry Watermelon, Peach Ice, Red Bull) na jasnoniebieskim tle.\" width=\"1060\" height=\"901\" srcset=\"https:\/\/pgvape.com\/wp-content\/uploads\/2025\/11\/pgvape-Bang-32000-Puffs-Disposable-Vape-4.png 1060w, https:\/\/pgvape.com\/wp-content\/uploads\/2025\/11\/pgvape-Bang-32000-Puffs-Disposable-Vape-4-424x360.png 424w, https:\/\/pgvape.com\/wp-content\/uploads\/2025\/11\/pgvape-Bang-32000-Puffs-Disposable-Vape-4-595x506.png 595w, https:\/\/pgvape.com\/wp-content\/uploads\/2025\/11\/pgvape-Bang-32000-Puffs-Disposable-Vape-4-400x340.png 400w, https:\/\/pgvape.com\/wp-content\/uploads\/2025\/11\/pgvape-Bang-32000-Puffs-Disposable-Vape-4-768x653.png 768w, https:\/\/pgvape.com\/wp-content\/uploads\/2025\/11\/pgvape-Bang-32000-Puffs-Disposable-Vape-4-14x12.png 14w, https:\/\/pgvape.com\/wp-content\/uploads\/2025\/11\/pgvape-Bang-32000-Puffs-Disposable-Vape-4-600x510.png 600w, https:\/\/pgvape.com\/wp-content\/uploads\/2025\/11\/pgvape-Bang-32000-Puffs-Disposable-Vape-4-47x40.png 47w\" sizes=\"auto, (max-width: 1060px) 100vw, 1060px\" \/><br \/>\n<\/strong><\/p>\n<p>&nbsp;<\/p>\n<h3><span style=\"font-size: 90%;\">Bang 32000 | 32K Puffs Jednorazowy Vape <strong>Wideo<\/strong>:<\/span><\/h3>\n<p>&nbsp;<\/p>\n<h2>Cz\u0119sto zadawane pytania dotycz\u0105ce Bang 32000 | Jednorazowy waporyzator 32K Puffs<\/h2>\n<p data-sourcepos=\"29:1-30:82\">\u2753 <strong data-sourcepos=\"29:3-29:50\">W jaki spos\u00f3b cewka o oczku 1,0 \u03a9 poprawia smak?<\/strong><br \/>\n\u2705 <strong data-sourcepos=\"30:7-30:30\">precyzyjna cewka siatkowa<\/strong> zapewnia <strong data-sourcepos=\"30:40-30:59\">50% wi\u0119cej smaku<\/strong> ni\u017c standardowe cewki.<\/p>\n<p data-sourcepos=\"32:1-33:83\">\u2753 <strong data-sourcepos=\"32:3-32:43\">Jakie opcje nikotyny s\u0105 dost\u0119pne?<\/strong><br \/>\n\u2705 Wybierz z <strong data-sourcepos=\"33:15-33:32\">0% (bez kart sieciowych)<\/strong>, <strong data-sourcepos=\"33:34-33:47\">2% (20 mg)<\/strong>, <strong data-sourcepos=\"33:49-33:62\">3% (30 mg)<\/strong>, Lub <strong data-sourcepos=\"33:67-33:80\">5% (50 mg)<\/strong>.<\/p>\n<p data-sourcepos=\"35:1-36:80\">\u2753 <strong data-sourcepos=\"35:3-35:38\">Jak d\u0142ugo wytrzymuje bateria?<\/strong><br \/>\n\u2705 <strong data-sourcepos=\"36:7-36:25\">Bateria 650 mAh<\/strong> obs\u0142uguje przed\u0142u\u017cone u\u017cytkowanie z <strong data-sourcepos=\"36:53-36:77\">Szybkie \u0142adowanie typu C<\/strong>.<\/p>\n<p data-sourcepos=\"38:1-39:74\">\u2753 <strong data-sourcepos=\"38:3-38:30\">Czy wy\u015bwietlacz jest pomocny?<\/strong><br \/>\n\u2705 <strong data-sourcepos=\"39:7-39:21\">Ekran LED<\/strong> wida\u0107 <strong data-sourcepos=\"39:28-39:71\">poziom na\u0142adowania baterii % i e-liquidu w czasie rzeczywistym<\/strong>.<\/p>\n<p data-sourcepos=\"41:1-42:85\">\u2753 <strong data-sourcepos=\"41:3-41:38\">Kt\u00f3re smaki ciesz\u0105 si\u0119 najwi\u0119ksz\u0105 popularno\u015bci\u0105?<br \/>\n<\/strong> \u2705 <strong data-sourcepos=\"42:3-42:28\">Arbuz truskawkowy<\/strong>, <strong data-sourcepos=\"42:30-42:42\">Czerwony byk<\/strong>, I <strong data-sourcepos=\"42:48-42:66\">Arbuzowy l\u00f3d<\/strong> s\u0105 bestsellerami.<\/p>\n<p>&nbsp;<\/p>\n<h3 id=\"brxe-najhln\" class=\"brxe-heading\">Cz\u0119sto zadawane pytania (FAQ)<\/h3>\n<div id=\"brxe-rajiac\" class=\"brxe-text\">\n<p><strong>P: Jakie metody p\u0142atno\u015bci akceptujecie?<\/strong><br \/>\nOdp.: Akceptujemy PayPal, Stripe, przelewy bankowe (obs\u0142ugiwane SEPA), g\u0142\u00f3wne karty kredytowe (Visa, MasterCard, American Express) i p\u0142atno\u015bci w kryptowalutach.<\/p>\n<p><strong>P: Jak d\u0142ugo trwa przygotowanie zam\u00f3wienia?<\/strong><br \/>\nOdp.: Przygotowanie zam\u00f3wienia zajmuje 1-3 dni robocze.<\/p>\n<p><strong>P: Jaki jest czas wysy\u0142ki?<\/strong><br \/>\nOdp.: Czas wysy\u0142ki wynosi 7-14 dni roboczych, w zale\u017cno\u015bci od Twojej lokalizacji.<\/p>\n<p><strong>P: Jak mog\u0119 \u015bledzi\u0107 moje zam\u00f3wienie?<\/strong><br \/>\nOdp.: Po wysy\u0142ce otrzymasz wiadomo\u015b\u0107 e-mail z potwierdzeniem i numerem przesy\u0142ki umo\u017cliwiaj\u0105cym \u015bledzenie w czasie rzeczywistym.<\/p>\n<p><strong>P: Jaka jest Twoja polityka zwrot\u00f3w?<\/strong><br \/>\nOdp.: Oferujemy 30-dniow\u0105 polityk\u0119 zwrot\u00f3w lub wymiany. .<\/p>\n<p><strong>P: Czy wyst\u0105pi\u0105 jakie\u015b problemy celne?<br \/>\n<\/strong>Obs\u0142ugujemy wszystkie procedury odprawy celnej, aby zapewni\u0107 Ci bezproblemow\u0105 obs\u0142ug\u0119. .<\/p>\n<p><strong>P: Jakie metody wysy\u0142ki s\u0105 stosowane?<\/strong><br \/>\nWsp\u00f3\u0142pracujemy z firmami UPS\/DHL\/FEDEX\/DPD itp. W zale\u017cno\u015bci od kraju dostawy wybierzemy odpowiedni\u0105 opcj\u0119 wysy\u0142ki, tak aby produkty dotar\u0142y do \u200b\u200bPa\u0144stwa najszybciej jak to mo\u017cliwe.<\/p>\n<p><a href=\"https:\/\/pgvape.com\/pl\/czesto-zadawane-pytania\/\">Kliknij tutaj, aby uzyska\u0107 wi\u0119cej cz\u0119sto zadawanych pyta\u0144<\/a><\/p>\n<p>Szanowni klienci, je\u015bli masz jakiekolwiek pytania dotycz\u0105ce zam\u00f3wienia lub przybycia towaru, skontaktuj si\u0119 z naszym dzia\u0142em obs\u0142ugi klienta. Dzi\u0119kuj\u0119!<\/p>\n<h3 data-sourcepos=\"73:1-73:21\"><strong data-sourcepos=\"73:7-73:21\">Skontaktuj si\u0119 z nami<\/strong><\/h3>\n<div id=\"text-2419739398\" class=\"text\">\n<p><strong data-sourcepos=\"75:3-75:12\">E-mail<\/strong>:\u00a0<a href=\"mailto:support@pgvape.com\"><strong>support@pgvape.com<\/strong><\/a><\/p>\n<p><strong data-sourcepos=\"76:3-76:15\">WhatsApp<\/strong>:\u00a0<a href=\"https:\/\/wa.me\/+8618128481258\"><strong>+86 18128481258<\/strong><\/a><br \/>\n<strong>(Odpowied\u017a w ci\u0105gu 24 godzin w dni robocze)<\/strong><\/p>\n<\/div>\n<h3><strong>Dzi\u0119kujemy za wybranie pgvape.com! .<\/strong><\/h3>\n<\/div>","protected":false},"excerpt":{"rendered":"<p><strong data-sourcepos=\"45:5-45:19\">Uderz 32000<\/strong> \u0142\u0105czy <strong data-sourcepos=\"45:29-45:45\">32 000 zaci\u0105gni\u0119\u0107<\/strong>, <strong data-sourcepos=\"45:47-45:65\">Cewka siatkowa 1,0 \u03a9<\/strong>, I <strong data-sourcepos=\"45:71-45:85\">12 smak\u00f3w<\/strong> w <strong data-sourcepos=\"45:91-45:123\">Jednorazowy waporyzator wielokrotnego \u0142adowania<\/strong> z <strong data-sourcepos=\"45:129-45:150\">inteligentny wy\u015bwietlacz LED<\/strong>.<\/p>","protected":false},"featured_media":5409,"comment_status":"open","ping_status":"closed","template":"","meta":{"_seopress_robots_primary_cat":"none","_seopress_titles_title":"%%post_title%% %%sep%% %%sitetitle%%","_seopress_titles_desc":"","_seopress_robots_index":""},"product_brand":[36,516],"product_cat":[362,25,515],"product_tag":[364,431,90,284,204],"class_list":{"0":"post-5392","1":"product","2":"type-product","3":"status-publish","4":"has-post-thumbnail","6":"product_brand-bang-vape","7":"product_brand-disposable-vape","8":"product_cat-32k-puffs-vape","9":"product_cat-bang-vape","10":"product_cat-disposable-vape","11":"product_tag-32k-puffs-vape","12":"product_tag-bang-32000","13":"product_tag-disposable-vape","14":"product_tag-led-screen","15":"product_tag-vape-factory-direct","17":"first","18":"instock","19":"sale","20":"shipping-taxable","21":"purchasable","22":"product-type-variable"},"_links":{"self":[{"href":"https:\/\/pgvape.com\/pl\/wp-json\/wp\/v2\/product\/5392","targetHints":{"allow":["GET"]}}],"collection":[{"href":"https:\/\/pgvape.com\/pl\/wp-json\/wp\/v2\/product"}],"about":[{"href":"https:\/\/pgvape.com\/pl\/wp-json\/wp\/v2\/types\/product"}],"replies":[{"embeddable":true,"href":"https:\/\/pgvape.com\/pl\/wp-json\/wp\/v2\/comments?post=5392"}],"wp:featuredmedia":[{"embeddable":true,"href":"https:\/\/pgvape.com\/pl\/wp-json\/wp\/v2\/media\/5409"}],"wp:attachment":[{"href":"https:\/\/pgvape.com\/pl\/wp-json\/wp\/v2\/media?parent=5392"}],"wp:term":[{"taxonomy":"product_brand","embeddable":true,"href":"https:\/\/pgvape.com\/pl\/wp-json\/wp\/v2\/product_brand?post=5392"},{"taxonomy":"product_cat","embeddable":true,"href":"https:\/\/pgvape.com\/pl\/wp-json\/wp\/v2\/product_cat?post=5392"},{"taxonomy":"product_tag","embeddable":true,"href":"https:\/\/pgvape.com\/pl\/wp-json\/wp\/v2\/product_tag?post=5392"}],"curies":[{"name":"wp","href":"https:\/\/api.w.org\/{rel}","templated":true}]}}