{"id":5375,"date":"2025-11-03T09:09:42","date_gmt":"2025-11-03T09:09:42","guid":{"rendered":"https:\/\/pgvape.com\/?post_type=product&#038;p=5375"},"modified":"2026-03-15T13:09:58","modified_gmt":"2026-03-15T13:09:58","slug":"bang-36000-poziom-lce-36k-zaciagniec-jednorazowy-vape-inteligentny-pelnoekranowy-vape-factory-direct","status":"publish","type":"product","link":"https:\/\/pgvape.com\/pl\/produkt\/bang-36000-poziom-lce-36k-zaciagniec-jednorazowy-vape-inteligentny-pelnoekranowy-vape-factory-direct\/","title":{"rendered":"Bang 36000 Lce Level 36K Puffs Jednorazowy Vape Inteligentny pe\u0142noekranowy Vape Factory Direct"},"content":{"rendered":"<p><strong data-sourcepos=\"6:5-6:29\">Uderz w poziom lodu 36000<\/strong> na nowo definiuje wapowanie <strong data-sourcepos=\"6:52-6:79\">36 000 bardzo d\u0142ugich zaci\u0105gni\u0119\u0107<\/strong> I <strong data-sourcepos=\"6:84-6:113\">regulowana technologia lodu<\/strong>. <strong data-sourcepos=\"6:127-6:153\">Pojemno\u015b\u0107 e-liquidu 36 ml<\/strong> I <strong data-sourcepos=\"6:158-6:189\">Akumulator o pojemno\u015bci 850 mAh<\/strong>, to urz\u0105dzenie zapewnia <strong data-sourcepos=\"6:212-6:246\">konfigurowalna intensywno\u015b\u0107 ch\u0142odzenia<\/strong> I <strong data-sourcepos=\"6:251-6:275\">bogate profile smakowe<\/strong>. <strong data-sourcepos=\"6:281-6:310\">inteligentny wy\u015bwietlacz na pe\u0142nym ekranie<\/strong> zapewnia monitorowanie w czasie rzeczywistym, co czyni go idealnym dla vaper\u00f3w, kt\u00f3rzy chc\u0105 <strong data-sourcepos=\"6:380-6:407\">kontrol\u0119 i wygod\u0119<\/strong>.<\/p>\n<p>&nbsp;<\/p>\n<h2><span style=\"font-size: 90%;\">Bang 36000 Lce Level | 36K Puffs Jednorazowy Vape <strong data-sourcepos=\"10:5-10:31\">Dane techniczne<\/strong><\/span><\/h2>\n<p><strong data-sourcepos=\"18:3-18:17\">Liczba puf\u00f3w<\/strong>: 36 000 zaci\u0105gni\u0119\u0107<\/p>\n<p><strong data-sourcepos=\"19:3-19:15\">E-ciecz<\/strong>: 36 ml wst\u0119pnie nape\u0142nione<\/p>\n<p><strong data-sourcepos=\"20:3-20:14\">Bateria<\/strong>: 850 mAh (akumulator)<\/p>\n<p><strong data-sourcepos=\"21:3-21:15\">Nikotyna<\/strong>: 0%\/2%\/3%\/5%<\/p>\n<p><strong data-sourcepos=\"22:3-22:14\">Wy\u015bwietlacz<\/strong>: Inteligentny wy\u015bwietlacz pe\u0142noekranowy<\/p>\n<p><strong data-sourcepos=\"23:3-23:16\">Opakowanie<\/strong>: 10 urz\u0105dze\u0144 w pude\u0142ku<\/p>\n<p>&nbsp;<\/p>\n<h3><span style=\"font-size: 90%;\">Bang 36000 Lce Level | 36K Puffs Jednorazowy Vape <strong data-sourcepos=\"22:5-22:20\">Lista smak\u00f3w<\/strong><\/span><\/h3>\n<p>1. Arbuz truskawkowy<\/p>\n<p>2. L\u00f3d arbuzowy<\/p>\n<p>3. Mi\u0142o\u015b\u0107 66<\/p>\n<p>4. Kokos ananasowy<\/p>\n<p>5.Malina jagodowa<\/p>\n<p>6. Arbuz Truskawkowy<\/p>\n<p>7. L\u00f3d truskawkowy<\/p>\n<p>8.L\u00f3d jagodowy<\/p>\n<p>9.Potr\u00f3jna jagoda<\/p>\n<p>10.Truskawkowe Kiwi<\/p>\n<p>11. Truskawkowe Mango<\/p>\n<p>12. Czerwony Byk<br \/>\n<img loading=\"lazy\" decoding=\"async\" class=\"alignnone wp-image-5359 size-full\" src=\"https:\/\/pgvape.com\/wp-content\/uploads\/2025\/11\/pgvape-Bang-36000-Lce-Level-36K-Puffs-Disposable-Vape-2.jpg\" alt=\"Szereg kolorowych jednorazowych urz\u0105dze\u0144 do waporyzacji marki &#039;Bang&#039; u\u0142o\u017conych w rz\u0119dach, ka\u017cdy z ma\u0142ym cyfrowym wy\u015bwietlaczem, grafik\u0105 postaci z kresk\u00f3wek i etykietami smakowymi, takimi jak Strawberry Banana, Love66, Pineapple Coconut, Blueberry Raspberry, Strawberry Watermelon, Strawberry Ice, Blueberry Ice, Triple Berry, Strawberry Kiwi, Strawberry Mango, Red Bull i Watermelon Ice na niebieskim, zachmurzonym tle.\" width=\"1500\" height=\"1232\" srcset=\"https:\/\/pgvape.com\/wp-content\/uploads\/2025\/11\/pgvape-Bang-36000-Lce-Level-36K-Puffs-Disposable-Vape-2.jpg 1500w, https:\/\/pgvape.com\/wp-content\/uploads\/2025\/11\/pgvape-Bang-36000-Lce-Level-36K-Puffs-Disposable-Vape-2-438x360.jpg 438w, https:\/\/pgvape.com\/wp-content\/uploads\/2025\/11\/pgvape-Bang-36000-Lce-Level-36K-Puffs-Disposable-Vape-2-595x489.jpg 595w, https:\/\/pgvape.com\/wp-content\/uploads\/2025\/11\/pgvape-Bang-36000-Lce-Level-36K-Puffs-Disposable-Vape-2-400x329.jpg 400w, https:\/\/pgvape.com\/wp-content\/uploads\/2025\/11\/pgvape-Bang-36000-Lce-Level-36K-Puffs-Disposable-Vape-2-768x631.jpg 768w, https:\/\/pgvape.com\/wp-content\/uploads\/2025\/11\/pgvape-Bang-36000-Lce-Level-36K-Puffs-Disposable-Vape-2-15x12.jpg 15w, https:\/\/pgvape.com\/wp-content\/uploads\/2025\/11\/pgvape-Bang-36000-Lce-Level-36K-Puffs-Disposable-Vape-2-600x493.jpg 600w, https:\/\/pgvape.com\/wp-content\/uploads\/2025\/11\/pgvape-Bang-36000-Lce-Level-36K-Puffs-Disposable-Vape-2-49x40.jpg 49w\" sizes=\"auto, (max-width: 1500px) 100vw, 1500px\" \/><\/p>\n<p>&nbsp;<\/p>\n<h3><span style=\"font-size: 90%;\">Bang 36000 Lce Level | 36K Puffs Jednorazowy Vape <strong>Wideo<\/strong>:<\/span><\/h3>\n<p>&nbsp;<\/p>\n<h2>Cz\u0119sto zadawane pytania dotycz\u0105ce Bang 36000 Lce Level | 36K Puffs Jednorazowy Vape<\/h2>\n<p data-sourcepos=\"39:1-40:96\">\u2753 <strong data-sourcepos=\"39:3-39:46\">Jak dzia\u0142a regulowany poziom lodu?<\/strong><br \/>\n\u2705 Wybierz preferowan\u0105 intensywno\u015b\u0107 ch\u0142odzenia z <strong data-sourcepos=\"40:48-40:67\">od \u0142agodnego do ekstremalnego<\/strong> dla indywidualnej satysfakcji.<\/p>\n<p data-sourcepos=\"42:1-43:81\">\u2753 <strong data-sourcepos=\"42:3-42:43\">Jakie opcje nikotyny s\u0105 dost\u0119pne?<\/strong><br \/>\n\u2705Wybierz z <strong data-sourcepos=\"43:15-43:32\">0% (bez kart sieciowych)<\/strong>, <strong data-sourcepos=\"43:34-43:47\">2% (20 mg)<\/strong>, <strong data-sourcepos=\"43:49-43:62\">3% (30 mg)<\/strong>, Lub <strong data-sourcepos=\"43:67-43:80\">5% (50 mg)<\/strong>.<\/p>\n<p data-sourcepos=\"45:1-46:64\">\u2753 <strong data-sourcepos=\"45:3-45:38\">Jak d\u0142ugo wytrzymuje bateria?<\/strong><br \/>\n\u2705 <strong data-sourcepos=\"46:7-46:25\">Bateria 850 mAh<\/strong> zapewnia d\u0142u\u017csze u\u017cytkowanie pomi\u0119dzy \u0142adowaniami.<\/p>\n<p data-sourcepos=\"48:1-49:86\">\u2753 <strong data-sourcepos=\"48:3-48:30\">Czy wy\u015bwietlacz jest pomocny?<br \/>\n<\/strong> \u2705 <strong data-sourcepos=\"49:7-49:30\">wy\u015bwietlanie na pe\u0142nym ekranie<\/strong> wyra\u017anie pokazuje <strong data-sourcepos=\"49:45-49:61\">\u017cywotno\u015b\u0107 baterii<\/strong> I <strong data-sourcepos=\"49:66-49:85\">poziom e-p\u0142ynu<\/strong>.<\/p>\n<p data-sourcepos=\"51:1-52:90\">\u2753 <strong data-sourcepos=\"51:3-51:38\">Kt\u00f3re smaki ciesz\u0105 si\u0119 najwi\u0119ksz\u0105 popularno\u015bci\u0105?<br \/>\n<\/strong> \u2705 <strong data-sourcepos=\"52:3-52:28\">Arbuz Truskawkowy<\/strong>, <strong data-sourcepos=\"52:30-52:48\">Arbuzowy l\u00f3d<\/strong>, I <strong data-sourcepos=\"52:54-52:66\">Red Bulla<\/strong> s\u0105 ulubie\u0144cami klient\u00f3w.<\/p>\n<p>&nbsp;<\/p>\n<h3 id=\"brxe-najhln\" class=\"brxe-heading\">Cz\u0119sto zadawane pytania (FAQ)<\/h3>\n<div id=\"brxe-rajiac\" class=\"brxe-text\">\n<p><strong>P: Jakie metody p\u0142atno\u015bci akceptujecie?<\/strong><br \/>\nOdp.: Akceptujemy PayPal, Stripe, przelewy bankowe (obs\u0142ugiwane SEPA), g\u0142\u00f3wne karty kredytowe (Visa, MasterCard, American Express) i p\u0142atno\u015bci w kryptowalutach.<\/p>\n<p><strong>P: Jak d\u0142ugo trwa przygotowanie zam\u00f3wienia?<\/strong><br \/>\nOdp.: Przygotowanie zam\u00f3wienia zajmuje 1-3 dni robocze.<\/p>\n<p><strong>P: Jaki jest czas wysy\u0142ki?<\/strong><br \/>\nOdp.: Czas wysy\u0142ki wynosi 7-14 dni roboczych, w zale\u017cno\u015bci od Twojej lokalizacji.<\/p>\n<p><strong>P: Jak mog\u0119 \u015bledzi\u0107 moje zam\u00f3wienie?<\/strong><br \/>\nOdp.: Po wysy\u0142ce otrzymasz wiadomo\u015b\u0107 e-mail z potwierdzeniem i numerem przesy\u0142ki umo\u017cliwiaj\u0105cym \u015bledzenie w czasie rzeczywistym.<\/p>\n<p><strong>P: Jaka jest Twoja polityka zwrot\u00f3w?<\/strong><br \/>\nOdp.: Oferujemy 30-dniow\u0105 polityk\u0119 zwrot\u00f3w lub wymiany. .<\/p>\n<p><strong>P: Czy wyst\u0105pi\u0105 jakie\u015b problemy celne?<br \/>\n<\/strong>Obs\u0142ugujemy wszystkie procedury odprawy celnej, aby zapewni\u0107 Ci bezproblemow\u0105 obs\u0142ug\u0119. .<\/p>\n<p><strong>P: Jakie metody wysy\u0142ki s\u0105 stosowane?<\/strong><br \/>\nWsp\u00f3\u0142pracujemy z firmami UPS\/DHL\/FEDEX\/DPD itp. W zale\u017cno\u015bci od kraju dostawy wybierzemy odpowiedni\u0105 opcj\u0119 wysy\u0142ki, tak aby produkty dotar\u0142y do \u200b\u200bPa\u0144stwa najszybciej jak to mo\u017cliwe.<\/p>\n<p><a href=\"https:\/\/pgvape.com\/pl\/czesto-zadawane-pytania\/\">Kliknij tutaj, aby uzyska\u0107 wi\u0119cej cz\u0119sto zadawanych pyta\u0144<\/a><\/p>\n<p>Szanowni klienci, je\u015bli masz jakiekolwiek pytania dotycz\u0105ce zam\u00f3wienia lub przybycia towaru, skontaktuj si\u0119 z naszym dzia\u0142em obs\u0142ugi klienta. Dzi\u0119kuj\u0119!<\/p>\n<h3 data-sourcepos=\"73:1-73:21\"><strong data-sourcepos=\"73:7-73:21\">Skontaktuj si\u0119 z nami<\/strong><\/h3>\n<div id=\"text-2419739398\" class=\"text\">\n<p><strong data-sourcepos=\"75:3-75:12\">E-mail<\/strong>:\u00a0<a href=\"mailto:support@pgvape.com\"><strong>support@pgvape.com<\/strong><\/a><\/p>\n<p><strong data-sourcepos=\"76:3-76:15\">WhatsApp<\/strong>:\u00a0<a href=\"https:\/\/wa.me\/+8618128481258\"><strong>+86 18128481258<\/strong><\/a><br \/>\n<strong>(Odpowied\u017a w ci\u0105gu 24 godzin w dni robocze)<\/strong><\/p>\n<\/div>\n<h3><strong>Dzi\u0119kujemy za wybranie pgvape.com! .<\/strong><\/h3>\n<\/div>","protected":false},"excerpt":{"rendered":"<p><strong data-sourcepos=\"55:5-55:29\">Uderz w poziom lodu 36000<\/strong> oferty <strong data-sourcepos=\"55:37-55:64\">niezr\u00f3wnana personalizacja<\/strong> z <strong data-sourcepos=\"55:70-55:92\">regulowane ch\u0142odzenie<\/strong>, <strong data-sourcepos=\"55:94-55:110\">36 000 zaci\u0105gni\u0119\u0107<\/strong>, I <strong data-sourcepos=\"55:116-55:138\">11 smak\u00f3w premium<\/strong> \u2013 idealny dla chc\u0105cych vaper\u00f3w <strong data-sourcepos=\"55:169-55:194\">kontrola i d\u0142ugowieczno\u015b\u0107<\/strong>.<\/p>","protected":false},"featured_media":5360,"comment_status":"open","ping_status":"closed","template":"","meta":{"_seopress_robots_primary_cat":"none","_seopress_titles_title":"%%post_title%% %%sep%% %%sitetitle%%","_seopress_titles_desc":"","_seopress_robots_index":""},"product_brand":[36,516],"product_cat":[398,25,515],"product_tag":[400,429,90,430,264,204],"class_list":{"0":"post-5375","1":"product","2":"type-product","3":"status-publish","4":"has-post-thumbnail","6":"product_brand-bang-vape","7":"product_brand-disposable-vape","8":"product_cat-36k-puffs-vape","9":"product_cat-bang-vape","10":"product_cat-disposable-vape","11":"product_tag-36k-puffs-vape","12":"product_tag-bang-36000","13":"product_tag-disposable-vape","14":"product_tag-lce-level","15":"product_tag-smart-full-screen","16":"product_tag-vape-factory-direct","18":"first","19":"instock","20":"sale","21":"shipping-taxable","22":"purchasable","23":"product-type-variable"},"_links":{"self":[{"href":"https:\/\/pgvape.com\/pl\/wp-json\/wp\/v2\/product\/5375","targetHints":{"allow":["GET"]}}],"collection":[{"href":"https:\/\/pgvape.com\/pl\/wp-json\/wp\/v2\/product"}],"about":[{"href":"https:\/\/pgvape.com\/pl\/wp-json\/wp\/v2\/types\/product"}],"replies":[{"embeddable":true,"href":"https:\/\/pgvape.com\/pl\/wp-json\/wp\/v2\/comments?post=5375"}],"wp:featuredmedia":[{"embeddable":true,"href":"https:\/\/pgvape.com\/pl\/wp-json\/wp\/v2\/media\/5360"}],"wp:attachment":[{"href":"https:\/\/pgvape.com\/pl\/wp-json\/wp\/v2\/media?parent=5375"}],"wp:term":[{"taxonomy":"product_brand","embeddable":true,"href":"https:\/\/pgvape.com\/pl\/wp-json\/wp\/v2\/product_brand?post=5375"},{"taxonomy":"product_cat","embeddable":true,"href":"https:\/\/pgvape.com\/pl\/wp-json\/wp\/v2\/product_cat?post=5375"},{"taxonomy":"product_tag","embeddable":true,"href":"https:\/\/pgvape.com\/pl\/wp-json\/wp\/v2\/product_tag?post=5375"}],"curies":[{"name":"wp","href":"https:\/\/api.w.org\/{rel}","templated":true}]}}