{"id":5322,"date":"2025-11-03T07:41:22","date_gmt":"2025-11-03T07:41:22","guid":{"rendered":"https:\/\/pgvape.com\/?post_type=product&#038;p=5322"},"modified":"2026-03-15T13:09:58","modified_gmt":"2026-03-15T13:09:58","slug":"bang-tornado-40000-40k-zaciagniec-jednorazowy-vape-inteligentny-wyswietlacz-led-vape-factory-direct","status":"publish","type":"product","link":"https:\/\/pgvape.com\/pl\/produkt\/bang-tornado-40000-40k-zaciagniec-jednorazowy-vape-inteligentny-wyswietlacz-led-vape-factory-direct\/","title":{"rendered":"Bang Tornado 40000 40k Puffs Jednorazowy inteligentny wy\u015bwietlacz LED Vape | Vape Factory Direct"},"content":{"rendered":"<p><strong data-sourcepos=\"4:5-4:25\">Bang Tornado 40 tys<\/strong> na nowo definiuje jednorazowe wapowanie za pomoc\u0105 <strong data-sourcepos=\"4:59-4:86\">40 000 bardzo d\u0142ugich zaci\u0105gni\u0119\u0107<\/strong> I <strong data-sourcepos=\"4:91-4:122\">Technologia cewek z potr\u00f3jn\u0105 siatk\u0105<\/strong>. <strong data-sourcepos=\"4:136-4:162\">Pojemno\u015b\u0107 e-liquidu 40 ml<\/strong> I <strong data-sourcepos=\"4:167-4:198\">Akumulator o pojemno\u015bci 850 mAh<\/strong>, to urz\u0105dzenie zapewnia <strong data-sourcepos=\"4:221-4:239\">masywne chmury<\/strong> I <strong data-sourcepos=\"4:244-4:262\">intensywny smak<\/strong>. <strong data-sourcepos=\"4:268-4:289\">inteligentny wy\u015bwietlacz LED<\/strong> zapewnia monitorowanie w czasie rzeczywistym, podczas gdy <strong data-sourcepos=\"4:327-4:351\">Szybkie \u0142adowanie typu C<\/strong> zapewnia nieprzerwan\u0105 przyjemno\u015b\u0107 z wapowania.<\/p>\n<p>&nbsp;<\/p>\n<h2><span style=\"font-size: 90%;\">Bang Tornado 40000 | 40k Puffs Jednorazowy Vape <strong data-sourcepos=\"10:5-10:31\">Dane techniczne<\/strong><\/span><\/h2>\n<p><strong data-sourcepos=\"16:3-16:17\">Liczba puf\u00f3w<\/strong>: 40 000 zaci\u0105gni\u0119\u0107<\/p>\n<p><strong data-sourcepos=\"17:3-17:15\">E-ciecz<\/strong>: 40 ml fabrycznie nape\u0142nione<\/p>\n<p><strong data-sourcepos=\"18:3-18:14\">Bateria<\/strong>: 850 mAh (\u0142adowalny akumulator typu C)<\/p>\n<p><strong data-sourcepos=\"19:3-19:11\">Cewka<\/strong>: Technologia potr\u00f3jnej siatki<\/p>\n<p><strong data-sourcepos=\"20:3-20:15\">Nikotyna<\/strong>: 0%\/2%\/3%\/5%<\/p>\n<p><strong data-sourcepos=\"21:3-21:14\">Wy\u015bwietlacz<\/strong>: Inteligentny ekran LED<\/p>\n<p><strong data-sourcepos=\"22:3-22:16\">Opakowanie<\/strong>: 8 urz\u0105dze\u0144\/pude\u0142ko wystawowe<\/p>\n<p>&nbsp;<\/p>\n<h3><span style=\"font-size: 90%;\">Bang Tornado 40000 | 40k Puffs Jednorazowy Vape <strong data-sourcepos=\"22:5-22:20\">Lista smak\u00f3w<\/strong><\/span><\/h3>\n<p><strong data-sourcepos=\"25:4-25:17\">1.Brzoskwiniowy l\u00f3d<\/strong><\/p>\n<p><strong data-sourcepos=\"26:4-26:15\">2. Mi\u0142o\u015b\u0107 66<\/strong><\/p>\n<p><strong data-sourcepos=\"27:4-27:20\">3.Potr\u00f3jna jagoda<\/strong><\/p>\n<p><strong data-sourcepos=\"28:4-28:23\">4.Jagodowa Cytryna<\/strong><\/p>\n<p><strong data-sourcepos=\"29:4-29:20\">5. Nap\u00f3j energetyczny<\/strong><\/p>\n<p><strong data-sourcepos=\"30:4-30:20\">6.Podw\u00f3jne jab\u0142ko<\/strong><\/p>\n<p><strong data-sourcepos=\"31:4-31:19\">7.Brzoskwinia Mango<\/strong><\/p>\n<p><strong data-sourcepos=\"32:4-32:23\">8. Winogrona jagodowe<\/strong><\/p>\n<p><strong data-sourcepos=\"33:4-33:29\">9. Arbuz Truskawkowy<\/strong><\/p>\n<p><strong data-sourcepos=\"34:5-34:24\">10.Truskawkowe Kiwi<\/strong><\/p>\n<p><strong data-sourcepos=\"35:5-35:28\">11.Malina jagodowa<\/strong><\/p>\n<p><strong data-sourcepos=\"36:5-36:19\">12.Arbuz<br \/>\n<img loading=\"lazy\" decoding=\"async\" class=\"alignnone wp-image-5327 size-full\" src=\"https:\/\/pgvape.com\/wp-content\/uploads\/2025\/11\/pgvape-Bang-Tornado-40000-40k-Puffs-Disposable-Vape-2.jpg\" alt=\"\" width=\"1500\" height=\"1220\" srcset=\"https:\/\/pgvape.com\/wp-content\/uploads\/2025\/11\/pgvape-Bang-Tornado-40000-40k-Puffs-Disposable-Vape-2.jpg 1500w, https:\/\/pgvape.com\/wp-content\/uploads\/2025\/11\/pgvape-Bang-Tornado-40000-40k-Puffs-Disposable-Vape-2-443x360.jpg 443w, https:\/\/pgvape.com\/wp-content\/uploads\/2025\/11\/pgvape-Bang-Tornado-40000-40k-Puffs-Disposable-Vape-2-595x484.jpg 595w, https:\/\/pgvape.com\/wp-content\/uploads\/2025\/11\/pgvape-Bang-Tornado-40000-40k-Puffs-Disposable-Vape-2-400x325.jpg 400w, https:\/\/pgvape.com\/wp-content\/uploads\/2025\/11\/pgvape-Bang-Tornado-40000-40k-Puffs-Disposable-Vape-2-768x625.jpg 768w, https:\/\/pgvape.com\/wp-content\/uploads\/2025\/11\/pgvape-Bang-Tornado-40000-40k-Puffs-Disposable-Vape-2-15x12.jpg 15w, https:\/\/pgvape.com\/wp-content\/uploads\/2025\/11\/pgvape-Bang-Tornado-40000-40k-Puffs-Disposable-Vape-2-600x488.jpg 600w, https:\/\/pgvape.com\/wp-content\/uploads\/2025\/11\/pgvape-Bang-Tornado-40000-40k-Puffs-Disposable-Vape-2-49x40.jpg 49w\" sizes=\"auto, (max-width: 1500px) 100vw, 1500px\" \/><br \/>\n<\/strong><\/p>\n<p>&nbsp;<\/p>\n<h3><span style=\"font-size: 90%;\">Bang Tornado 40000 | 40k Puffs Jednorazowy Vape <strong>Wideo<\/strong>:<\/span><\/h3>\n<p>&nbsp;<\/p>\n<h2>Cz\u0119sto zadawane pytania dotycz\u0105ce Bang Tornado 40000 | 40k Puffs Jednorazowy Vap<\/h2>\n<p data-sourcepos=\"39:1-40:99\">\u2753 <strong data-sourcepos=\"39:3-39:48\">W jaki spos\u00f3b cewka z potr\u00f3jn\u0105 siatk\u0105 poprawia waporyzacj\u0119?<\/strong><br \/>\n\u2705 <strong data-sourcepos=\"40:3-40:18\">Trzy cewki<\/strong> wsp\u00f3\u0142pracowa\u0107 przy produkcji <strong data-sourcepos=\"40:44-40:65\">50% g\u0119stsze chmury<\/strong> I <strong data-sourcepos=\"40:70-40:96\">zwi\u0119kszona czysto\u015b\u0107 smaku<\/strong>.<\/p>\n<p data-sourcepos=\"42:1-43:83\">\u2753 <strong data-sourcepos=\"42:3-42:45\">Jakie moce nikotyny s\u0105 dost\u0119pne?<\/strong><br \/>\n\u2705 Wybierz z <strong data-sourcepos=\"43:15-43:32\">0% (bez kart sieciowych)<\/strong>, <strong data-sourcepos=\"43:34-43:47\">2% (20 mg)<\/strong>, <strong data-sourcepos=\"43:49-43:62\">3% (30 mg)<\/strong>, Lub <strong data-sourcepos=\"43:67-43:80\">5% (50 mg)<\/strong>.<\/p>\n<p data-sourcepos=\"45:1-46:91\">\u2753 <strong data-sourcepos=\"45:3-45:38\">Jak d\u0142ugo wytrzymuje bateria?<\/strong><br \/>\n\u2705 <strong data-sourcepos=\"46:7-46:25\">Bateria 850 mAh<\/strong> obs\u0142uguje przed\u0142u\u017cone u\u017cytkowanie z <strong data-sourcepos=\"46:53-46:77\">Szybkie \u0142adowanie typu C<\/strong> zdolno\u015b\u0107.<\/p>\n<p data-sourcepos=\"48:1-49:85\">\u2753 <strong data-sourcepos=\"48:3-48:29\">Czy wy\u015bwietlacz jest przydatny?<\/strong><br \/>\n\u2705 <strong data-sourcepos=\"49:7-49:20\">inteligentna dioda LED<\/strong> wida\u0107 <strong data-sourcepos=\"49:27-49:55\">dok\u0142adny procent baterii<\/strong> I <strong data-sourcepos=\"49:60-49:82\">pozosta\u0142o\u015b\u0107 e-liquidu<\/strong>.<\/p>\n<p data-sourcepos=\"51:1-52:91\">\u2753 <strong data-sourcepos=\"51:3-51:38\">Kt\u00f3re smaki ciesz\u0105 si\u0119 najwi\u0119ksz\u0105 popularno\u015bci\u0105?<\/strong><br \/>\n\u2705 <strong data-sourcepos=\"52:3-52:28\">Arbuz Truskawkowy<\/strong>, <strong data-sourcepos=\"52:30-52:43\">Brzoskwiniowy l\u00f3d<\/strong>, I <strong data-sourcepos=\"52:49-52:65\">Nap\u00f3j energetyczny<\/strong> s\u0105 ulubie\u0144cami klient\u00f3w.<\/p>\n<p>&nbsp;<\/p>\n<h3 id=\"brxe-najhln\" class=\"brxe-heading\">Cz\u0119sto zadawane pytania (FAQ)<\/h3>\n<div id=\"brxe-rajiac\" class=\"brxe-text\">\n<p><strong>P: Jakie metody p\u0142atno\u015bci akceptujecie?<\/strong><br \/>\nOdp.: Akceptujemy PayPal, Stripe, przelewy bankowe (obs\u0142ugiwane SEPA), g\u0142\u00f3wne karty kredytowe (Visa, MasterCard, American Express) i p\u0142atno\u015bci w kryptowalutach.<\/p>\n<p><strong>P: Jak d\u0142ugo trwa przygotowanie zam\u00f3wienia?<\/strong><br \/>\nOdp.: Przygotowanie zam\u00f3wienia zajmuje 1-3 dni robocze.<\/p>\n<p><strong>P: Jaki jest czas wysy\u0142ki?<\/strong><br \/>\nOdp.: Czas wysy\u0142ki wynosi 7-14 dni roboczych, w zale\u017cno\u015bci od Twojej lokalizacji.<\/p>\n<p><strong>P: Jak mog\u0119 \u015bledzi\u0107 moje zam\u00f3wienie?<\/strong><br \/>\nOdp.: Po wysy\u0142ce otrzymasz wiadomo\u015b\u0107 e-mail z potwierdzeniem i numerem przesy\u0142ki umo\u017cliwiaj\u0105cym \u015bledzenie w czasie rzeczywistym.<\/p>\n<p><strong>P: Jaka jest Twoja polityka zwrot\u00f3w?<\/strong><br \/>\nOdp.: Oferujemy 30-dniow\u0105 polityk\u0119 zwrot\u00f3w lub wymiany. .<\/p>\n<p><strong>P: Czy wyst\u0105pi\u0105 jakie\u015b problemy celne?<br \/>\n<\/strong>Obs\u0142ugujemy wszystkie procedury odprawy celnej, aby zapewni\u0107 Ci bezproblemow\u0105 obs\u0142ug\u0119. .<\/p>\n<p><strong>P: Jakie metody wysy\u0142ki s\u0105 stosowane?<\/strong><br \/>\nWsp\u00f3\u0142pracujemy z firmami UPS\/DHL\/FEDEX\/DPD itp. W zale\u017cno\u015bci od kraju dostawy wybierzemy odpowiedni\u0105 opcj\u0119 wysy\u0142ki, tak aby produkty dotar\u0142y do \u200b\u200bPa\u0144stwa najszybciej jak to mo\u017cliwe.<\/p>\n<p><a href=\"https:\/\/pgvape.com\/pl\/czesto-zadawane-pytania\/\">Kliknij tutaj, aby uzyska\u0107 wi\u0119cej cz\u0119sto zadawanych pyta\u0144<\/a><\/p>\n<p>Szanowni klienci, je\u015bli masz jakiekolwiek pytania dotycz\u0105ce zam\u00f3wienia lub przybycia towaru, skontaktuj si\u0119 z naszym dzia\u0142em obs\u0142ugi klienta. Dzi\u0119kuj\u0119!<\/p>\n<h3 data-sourcepos=\"73:1-73:21\"><strong data-sourcepos=\"73:7-73:21\">Skontaktuj si\u0119 z nami<\/strong><\/h3>\n<div id=\"text-2419739398\" class=\"text\">\n<p><strong data-sourcepos=\"75:3-75:12\">E-mail<\/strong>:\u00a0<a href=\"mailto:support@pgvape.com\"><strong>support@pgvape.com<\/strong><\/a><\/p>\n<p><strong data-sourcepos=\"76:3-76:15\">WhatsApp<\/strong>:\u00a0<a href=\"https:\/\/wa.me\/+8618128481258\"><strong>+86 18128481258<\/strong><\/a><br \/>\n<strong>(Odpowied\u017a w ci\u0105gu 24 godzin w dni robocze)<\/strong><\/p>\n<\/div>\n<h3><strong>Dzi\u0119kujemy za wybranie pgvape.com! .<\/strong><\/h3>\n<\/div>","protected":false},"excerpt":{"rendered":"<p><strong data-sourcepos=\"55:5-55:25\">Bang Tornado 40 tys<\/strong> \u0142\u0105czy <strong data-sourcepos=\"55:35-55:69\">niezr\u00f3wnana pojemno\u015b\u0107 40 000 zaci\u0105gni\u0119\u0107<\/strong>, <strong data-sourcepos=\"55:71-55:97\">technologia potr\u00f3jnej cewki<\/strong>, I <strong data-sourcepos=\"55:103-55:125\">12 smak\u00f3w premium<\/strong> w <strong data-sourcepos=\"55:131-55:165\">inteligentne, jednorazowe urz\u0105dzenie z mo\u017cliwo\u015bci\u0105 \u0142adowania<\/strong> \u2013 najlepszy wyb\u00f3r dla \u0142owc\u00f3w chmur.<\/p>","protected":false},"featured_media":5326,"comment_status":"open","ping_status":"closed","template":"","meta":{"_seopress_robots_primary_cat":"none","_seopress_titles_title":"%%post_title%% %%sep%% %%sitetitle%%","_seopress_titles_desc":"","_seopress_robots_index":""},"product_brand":[36,516],"product_cat":[103,25,515],"product_tag":[413,428,90,143,204],"class_list":{"0":"post-5322","1":"product","2":"type-product","3":"status-publish","4":"has-post-thumbnail","6":"product_brand-bang-vape","7":"product_brand-disposable-vape","8":"product_cat-40k-puffs-vape","9":"product_cat-bang-vape","10":"product_cat-disposable-vape","11":"product_tag-40k-puffs-vape","12":"product_tag-bang-tornado-40000","13":"product_tag-disposable-vape","14":"product_tag-smart-led-display","15":"product_tag-vape-factory-direct","17":"first","18":"instock","19":"sale","20":"shipping-taxable","21":"purchasable","22":"product-type-variable"},"_links":{"self":[{"href":"https:\/\/pgvape.com\/pl\/wp-json\/wp\/v2\/product\/5322","targetHints":{"allow":["GET"]}}],"collection":[{"href":"https:\/\/pgvape.com\/pl\/wp-json\/wp\/v2\/product"}],"about":[{"href":"https:\/\/pgvape.com\/pl\/wp-json\/wp\/v2\/types\/product"}],"replies":[{"embeddable":true,"href":"https:\/\/pgvape.com\/pl\/wp-json\/wp\/v2\/comments?post=5322"}],"wp:featuredmedia":[{"embeddable":true,"href":"https:\/\/pgvape.com\/pl\/wp-json\/wp\/v2\/media\/5326"}],"wp:attachment":[{"href":"https:\/\/pgvape.com\/pl\/wp-json\/wp\/v2\/media?parent=5322"}],"wp:term":[{"taxonomy":"product_brand","embeddable":true,"href":"https:\/\/pgvape.com\/pl\/wp-json\/wp\/v2\/product_brand?post=5322"},{"taxonomy":"product_cat","embeddable":true,"href":"https:\/\/pgvape.com\/pl\/wp-json\/wp\/v2\/product_cat?post=5322"},{"taxonomy":"product_tag","embeddable":true,"href":"https:\/\/pgvape.com\/pl\/wp-json\/wp\/v2\/product_tag?post=5322"}],"curies":[{"name":"wp","href":"https:\/\/api.w.org\/{rel}","templated":true}]}}