{"id":5271,"date":"2025-11-02T11:17:07","date_gmt":"2025-11-02T11:17:07","guid":{"rendered":"https:\/\/pgvape.com\/?post_type=product&#038;p=5271"},"modified":"2025-12-15T12:06:05","modified_gmt":"2025-12-15T12:06:05","slug":"vozol-neon-45000-45-tys-zaciagniec-regulowany-4-poziom-lodu-jednorazowy-inteligentny-wyswietlacz-vape-vape-factory-direct","status":"publish","type":"product","link":"https:\/\/pgvape.com\/pl\/produkt\/vozol-neon-45000-45-tys-zaciagniec-regulowany-4-poziom-lodu-jednorazowy-inteligentny-wyswietlacz-vape-vape-factory-direct\/","title":{"rendered":"Vozol Neon 45000 45K Puffs Regulowany 4 Poziom lodu Jednorazowy inteligentny wy\u015bwietlacz Vape Vape Factory Direct"},"content":{"rendered":"<p><strong><span style=\"font-size: 90%;\">Vozol Neon <\/span><\/strong><strong style=\"font-size: 14.4px;\" data-sourcepos=\"4:5-4:23\">45 tys<\/strong><span style=\"font-size: 14.4px;\"> Na nowo definiuje waporyzacj\u0119 <\/span><strong style=\"font-size: 14.4px;\" data-sourcepos=\"4:46-4:73\">45 000 bardzo d\u0142ugich zaci\u0105gni\u0119\u0107<\/strong><span style=\"font-size: 14.4px;\">, <\/span><strong style=\"font-size: 14.4px;\" data-sourcepos=\"4:75-4:100\">Regulowane poziomy lodu<\/strong><span style=\"font-size: 14.4px;\">, I <\/span><strong style=\"font-size: 14.4px;\" data-sourcepos=\"4:106-4:136\">Podw\u00f3jna kontrola mocy\/przep\u0142ywu powietrza<\/strong><span style=\"font-size: 14.4px;\">. <\/span><strong style=\"font-size: 14.4px;\" data-sourcepos=\"4:151-4:182\">Akumulator 800 MAH<\/strong><span style=\"font-size: 14.4px;\">, <\/span><strong style=\"font-size: 14.4px;\" data-sourcepos=\"4:184-4:208\">Technologia cewki siatkowej<\/strong><span style=\"font-size: 14.4px;\">, I <\/span><strong style=\"font-size: 14.4px;\" data-sourcepos=\"4:214-4:231\">Inteligentny wy\u015bwietlacz<\/strong><span style=\"font-size: 14.4px;\">, To urz\u0105dzenie zapewnia <\/span><strong style=\"font-size: 14.4px;\" data-sourcepos=\"4:254-4:297\">Mo\u017cliwo\u015b\u0107 dostosowania intensywno\u015bci ch\u0142odzenia i smaku<\/strong><span style=\"font-size: 14.4px;\"> Prawdziwie spersonalizowane do\u015bwiadczenie.<img loading=\"lazy\" decoding=\"async\" class=\"alignnone wp-image-5294 size-full\" src=\"https:\/\/pgvape.com\/wp-content\/uploads\/2025\/11\/pgvape-Vozol-Neon-45000-45K-Puffs-Adjustable-4-Ice-Level-Disposable-Vape-5.jpg\" alt=\"\" width=\"1800\" height=\"742\" srcset=\"https:\/\/pgvape.com\/wp-content\/uploads\/2025\/11\/pgvape-Vozol-Neon-45000-45K-Puffs-Adjustable-4-Ice-Level-Disposable-Vape-5.jpg 1800w, https:\/\/pgvape.com\/wp-content\/uploads\/2025\/11\/pgvape-Vozol-Neon-45000-45K-Puffs-Adjustable-4-Ice-Level-Disposable-Vape-5-555x229.jpg 555w, https:\/\/pgvape.com\/wp-content\/uploads\/2025\/11\/pgvape-Vozol-Neon-45000-45K-Puffs-Adjustable-4-Ice-Level-Disposable-Vape-5-595x245.jpg 595w, https:\/\/pgvape.com\/wp-content\/uploads\/2025\/11\/pgvape-Vozol-Neon-45000-45K-Puffs-Adjustable-4-Ice-Level-Disposable-Vape-5-400x165.jpg 400w, https:\/\/pgvape.com\/wp-content\/uploads\/2025\/11\/pgvape-Vozol-Neon-45000-45K-Puffs-Adjustable-4-Ice-Level-Disposable-Vape-5-768x317.jpg 768w, https:\/\/pgvape.com\/wp-content\/uploads\/2025\/11\/pgvape-Vozol-Neon-45000-45K-Puffs-Adjustable-4-Ice-Level-Disposable-Vape-5-1536x633.jpg 1536w, https:\/\/pgvape.com\/wp-content\/uploads\/2025\/11\/pgvape-Vozol-Neon-45000-45K-Puffs-Adjustable-4-Ice-Level-Disposable-Vape-5-18x7.jpg 18w, https:\/\/pgvape.com\/wp-content\/uploads\/2025\/11\/pgvape-Vozol-Neon-45000-45K-Puffs-Adjustable-4-Ice-Level-Disposable-Vape-5-600x247.jpg 600w, https:\/\/pgvape.com\/wp-content\/uploads\/2025\/11\/pgvape-Vozol-Neon-45000-45K-Puffs-Adjustable-4-Ice-Level-Disposable-Vape-5-60x25.jpg 60w\" sizes=\"auto, (max-width: 1800px) 100vw, 1800px\" \/><\/span><\/p>\n<p>&nbsp;<\/p>\n<h2><span style=\"font-size: 90%;\">Vozol Neon 45000 45K Puffs Jednorazowy waporyzator z regulowanym poziomem lodu i 4 poziomami <strong data-sourcepos=\"10:5-10:31\">Dane techniczne<\/strong><\/span><\/h2>\n<p><strong data-sourcepos=\"7:3-7:17\">Liczba puf\u00f3w<\/strong>:\u00a0<strong data-sourcepos=\"7:19-7:35\">45 000 zaci\u0105gni\u0119\u0107<\/strong>\u00a0(Wiod\u0105ca w bran\u017cy wydajno\u015b\u0107)<\/p>\n<p><strong data-sourcepos=\"8:3-8:15\">E-ciecz<\/strong>:\u00a0<strong data-sourcepos=\"8:17-8:31\">Wst\u0119pnie nape\u0142nione<\/strong>\u00a0(Dok\u0142adny poziom ML nie zosta\u0142 okre\u015blony)<\/p>\n<p><strong data-sourcepos=\"9:3-9:14\">Bateria<\/strong>:\u00a0<strong data-sourcepos=\"9:16-9:48\">Akumulator 800 MAH (typ C)<\/strong><\/p>\n<p><strong data-sourcepos=\"10:3-10:11\">Cewka<\/strong>:\u00a0<strong data-sourcepos=\"10:13-10:32\">Technologia siatki<\/strong>\u00a0(wzmocniony smak i para)<\/p>\n<p><strong data-sourcepos=\"11:3-11:15\">Nikotyna<\/strong>:\u00a0<strong data-sourcepos=\"11:17-11:30\">5% (50MG)<\/strong><\/p>\n<p><strong data-sourcepos=\"12:3-12:22\">Kontrola ch\u0142odzenia<\/strong>:\u00a0<strong data-sourcepos=\"12:24-12:51\">4 regulowane poziomy lodu<\/strong><\/p>\n<p><strong data-sourcepos=\"13:3-13:20\">Personalizacja<\/strong>:\u00a0<strong data-sourcepos=\"13:22-13:61\">3 poziomy mocy + regulacja przep\u0142ywu powietrza<\/strong><\/p>\n<p><strong data-sourcepos=\"14:3-14:14\">Wy\u015bwietlacz<\/strong>:\u00a0<strong data-sourcepos=\"14:16-14:32\">Inteligentny ekran<\/strong>\u00a0(Monitorowanie baterii i e-cieczy)<\/p>\n<p>&nbsp;<\/p>\n<h3><span style=\"font-size: 90%;\">Vozol Neon 45000 45K Puffs Jednorazowy waporyzator z regulowanym poziomem lodu i 4 poziomami <strong data-sourcepos=\"22:5-22:20\">Lista smak\u00f3w<\/strong><\/span><\/h3>\n<p><strong data-sourcepos=\"17:4-17:25\">1. Jagoda Wi\u015bnia Limonka<\/strong><\/p>\n<p><strong data-sourcepos=\"18:4-18:18\">2. Jagoda Mi\u0119towa<\/strong><\/p>\n<p><strong data-sourcepos=\"19:4-19:21\">3. Niebieski Razz L\u00f3d<\/strong><\/p>\n<p><strong data-sourcepos=\"20:4-20:28\">4. Arbuz jagodowy<\/strong><\/p>\n<p><strong data-sourcepos=\"21:4-21:19\">5. Wi\u015bniowa Cola<\/strong><\/p>\n<p><strong data-sourcepos=\"22:4-22:21\">6. Wi\u015bniowy Strazz<\/strong><\/p>\n<p><strong data-sourcepos=\"23:4-23:21\">7. L\u00f3d \u017curawinowy<\/strong><\/p>\n<p><strong data-sourcepos=\"24:4-24:34\">8. Smoczy Owoc Banana Wi\u015bnia<\/strong><\/p>\n<p><strong data-sourcepos=\"25:4-25:30\">9.Mro\u017cone kiwi truskawkowe<\/strong><\/p>\n<p><strong data-sourcepos=\"26:5-26:18\">10. L\u00f3d winogronowy<\/strong><\/p>\n<p><strong data-sourcepos=\"27:5-27:36\">11.Hawajski Ananasowy Raj<\/strong><\/p>\n<p><strong data-sourcepos=\"28:5-28:17\">12. Mi\u0142o\u015b\u0107 777<\/strong><\/p>\n<p><strong data-sourcepos=\"29:5-29:36\">13. Marakuja pomara\u0144czowa liczi<\/strong><\/p>\n<p><strong data-sourcepos=\"30:5-30:22\">14. Dziewiczy zab\u00f3jca<\/strong><\/p>\n<p><strong data-sourcepos=\"31:5-31:18\">15. L\u00f3d z mango<\/strong><\/p>\n<p><strong data-sourcepos=\"32:5-32:19\">16. Mennica w Miami<\/strong><\/p>\n<p><strong data-sourcepos=\"33:5-33:22\">17. Mieszane jagody<\/strong><\/p>\n<p><strong data-sourcepos=\"34:5-34:18\">18.Brzoskwiniowy l\u00f3d<\/strong><\/p>\n<p><strong data-sourcepos=\"35:5-35:23\">19. Kwa\u015bny l\u00f3d jab\u0142kowy<\/strong><\/p>\n<p><strong data-sourcepos=\"36:5-36:29\">20. Kwa\u015bny Ananas Mango<\/strong><\/p>\n<p><strong data-sourcepos=\"37:5-37:26\">21. Truskawkowy Banan<\/strong><\/p>\n<p><strong data-sourcepos=\"38:5-38:29\">22.Truskawkowa Margarita<\/strong><\/p>\n<p><strong data-sourcepos=\"39:5-39:15\">23.VZbull<\/strong><\/p>\n<p><strong data-sourcepos=\"40:5-40:23\">24. L\u00f3d arbuzowy<\/strong><\/p>\n<p><strong data-sourcepos=\"41:5-41:32\">25. Ranczer Razz z Arbuza<\/strong><\/p>\n<p><strong data-sourcepos=\"42:5-42:30\">26. Arbuz Kwa\u015bna Brzoskwinia<br \/>\n<img loading=\"lazy\" decoding=\"async\" class=\"alignnone wp-image-5293 size-full\" src=\"https:\/\/pgvape.com\/wp-content\/uploads\/2025\/11\/pgvape-Vozol-Neon-45000-45K-Puffs-Adjustable-4-Ice-Level-Disposable-Vape-4.jpg\" alt=\"Siatka w stylu plakatu przedstawiaj\u0105ca jednorazowe urz\u0105dzenia do waporyzacji Vozol Neon 45000 z pop\u0119kanym niebieskim wzorem w wielu kolorach, ka\u017cdy oznaczony smakiem owocowym lub lodowym (np. l\u00f3d \u017curawinowy, mi\u0119ta jagodowa, mro\u017cone kiwi truskawkowe, l\u00f3d mango, l\u00f3d wi\u015bniowy, l\u00f3d Blue Razz, owoc liczi, pomara\u0144cza, marakuja, smoczy owoc, banan wi\u015bnia, l\u00f3d winogronowy, kwa\u015bne jab\u0142ko, l\u00f3d brzoskwiniowy i wiele innych) .\" width=\"1280\" height=\"1810\" srcset=\"https:\/\/pgvape.com\/wp-content\/uploads\/2025\/11\/pgvape-Vozol-Neon-45000-45K-Puffs-Adjustable-4-Ice-Level-Disposable-Vape-4.jpg 1280w, https:\/\/pgvape.com\/wp-content\/uploads\/2025\/11\/pgvape-Vozol-Neon-45000-45K-Puffs-Adjustable-4-Ice-Level-Disposable-Vape-4-255x360.jpg 255w, https:\/\/pgvape.com\/wp-content\/uploads\/2025\/11\/pgvape-Vozol-Neon-45000-45K-Puffs-Adjustable-4-Ice-Level-Disposable-Vape-4-595x841.jpg 595w, https:\/\/pgvape.com\/wp-content\/uploads\/2025\/11\/pgvape-Vozol-Neon-45000-45K-Puffs-Adjustable-4-Ice-Level-Disposable-Vape-4-283x400.jpg 283w, https:\/\/pgvape.com\/wp-content\/uploads\/2025\/11\/pgvape-Vozol-Neon-45000-45K-Puffs-Adjustable-4-Ice-Level-Disposable-Vape-4-768x1086.jpg 768w, https:\/\/pgvape.com\/wp-content\/uploads\/2025\/11\/pgvape-Vozol-Neon-45000-45K-Puffs-Adjustable-4-Ice-Level-Disposable-Vape-4-1086x1536.jpg 1086w, https:\/\/pgvape.com\/wp-content\/uploads\/2025\/11\/pgvape-Vozol-Neon-45000-45K-Puffs-Adjustable-4-Ice-Level-Disposable-Vape-4-8x12.jpg 8w, https:\/\/pgvape.com\/wp-content\/uploads\/2025\/11\/pgvape-Vozol-Neon-45000-45K-Puffs-Adjustable-4-Ice-Level-Disposable-Vape-4-600x848.jpg 600w, https:\/\/pgvape.com\/wp-content\/uploads\/2025\/11\/pgvape-Vozol-Neon-45000-45K-Puffs-Adjustable-4-Ice-Level-Disposable-Vape-4-28x40.jpg 28w\" sizes=\"auto, (max-width: 1280px) 100vw, 1280px\" \/><br \/>\n<\/strong><\/p>\n<p>&nbsp;<\/p>\n<h3><span style=\"font-size: 90%;\">Vozol Neon 45000 45K Puffs Jednorazowy waporyzator z regulowanym poziomem lodu i 4 poziomami <strong>Wideo<\/strong>:<\/span><\/h3>\n<p>&nbsp;<\/p>\n<h2>Cz\u0119sto zadawane pytania dotycz\u0105ce jednorazowego waporyzatora Vozol Neon 45000 45K z regulowanym poziomem lodu i 4 poziomami<\/h2>\n<p data-sourcepos=\"45:1-46:78\">\u2753 <strong data-sourcepos=\"45:3-45:40\">Jak dzia\u0142a regulowany l\u00f3d?<\/strong><br \/>\n\u2705 Wybierz z <strong data-sourcepos=\"46:15-46:35\">4 poziomy ch\u0142odzenia<\/strong> Aby dostosowa\u0107 sw\u00f3j <strong data-sourcepos=\"46:54-46:75\">Uczucie mentolu<\/strong>.<\/p>\n<p data-sourcepos=\"48:1-49:79\">\u2753 <strong data-sourcepos=\"48:3-48:40\">Co umo\u017cliwia wykonanie 45 000 zaci\u0105gni\u0119\u0107?<\/strong><br \/>\n\u2705 <strong data-sourcepos=\"49:3-49:29\">E-P\u0142yn o du\u017cej pojemno\u015bci<\/strong> + <strong data-sourcepos=\"49:32-49:55\">Wydajna cewka siatkowa<\/strong> + <strong data-sourcepos=\"49:58-49:76\">Bateria 800 MAH<\/strong>.<\/p>\n<p data-sourcepos=\"51:1-52:81\">\u2753 <strong data-sourcepos=\"51:3-51:37\">Czy mog\u0119 dostosowa\u0107 produkcj\u0119 pary?<\/strong><br \/>\n\u2705 Tak! <strong data-sourcepos=\"52:8-52:26\">3 poziomy mocy<\/strong> + <strong data-sourcepos=\"52:29-52:48\">Kontrola przep\u0142ywu powietrza<\/strong> Dla <strong data-sourcepos=\"52:53-52:78\">Personalizacja MTL\/DTL<\/strong>.<\/p>\n<p data-sourcepos=\"54:1-55:77\">\u2753 <strong data-sourcepos=\"54:3-54:30\">Czy wy\u015bwietlacz jest pomocny?<br \/>\n<\/strong> \u2705 <strong data-sourcepos=\"55:7-55:23\">Inteligentny ekran<\/strong> Wida\u0107 <strong data-sourcepos=\"55:30-55:74\">Pozosta\u0142a bateria % i e-liquid w czasie rzeczywistym<\/strong>.<\/p>\n<p data-sourcepos=\"57:1-58:82\">\u2753 <strong data-sourcepos=\"57:3-57:38\">Kt\u00f3re smaki s\u0105 najpopularniejsze?<\/strong><br \/>\n\u2705 <strong data-sourcepos=\"58:3-58:20\">Niebieski Razz L\u00f3d<\/strong>, <strong data-sourcepos=\"58:22-58:40\">Arbuzowy l\u00f3d<\/strong>, I <strong data-sourcepos=\"58:46-58:56\">VZbull<\/strong> S\u0105 ulubie\u0144cami klient\u00f3w.<\/p>\n<p>&nbsp;<\/p>\n<h3 id=\"brxe-najhln\" class=\"brxe-heading\">Cz\u0119sto zadawane pytania (FAQ)<\/h3>\n<div id=\"brxe-rajiac\" class=\"brxe-text\">\n<p><strong>P: Jakie metody p\u0142atno\u015bci akceptujecie?<\/strong><br \/>\nOdp.: Akceptujemy PayPal, Stripe, przelewy bankowe (obs\u0142ugiwane SEPA), g\u0142\u00f3wne karty kredytowe (Visa, MasterCard, American Express) i p\u0142atno\u015bci w kryptowalutach.<\/p>\n<p><strong>P: Jak d\u0142ugo trwa przygotowanie zam\u00f3wienia?<\/strong><br \/>\nOdp.: Przygotowanie zam\u00f3wienia zajmuje 1-3 dni robocze.<\/p>\n<p><strong>P: Jaki jest czas wysy\u0142ki?<\/strong><br \/>\nOdp.: Czas wysy\u0142ki wynosi 7-14 dni roboczych, w zale\u017cno\u015bci od Twojej lokalizacji.<\/p>\n<p><strong>P: Jak mog\u0119 \u015bledzi\u0107 moje zam\u00f3wienie?<\/strong><br \/>\nOdp.: Po wysy\u0142ce otrzymasz wiadomo\u015b\u0107 e-mail z potwierdzeniem i numerem przesy\u0142ki umo\u017cliwiaj\u0105cym \u015bledzenie w czasie rzeczywistym.<\/p>\n<p><strong>P: Jaka jest Twoja polityka zwrot\u00f3w?<\/strong><br \/>\nOdp.: Oferujemy 30-dniow\u0105 polityk\u0119 zwrot\u00f3w lub wymiany. .<\/p>\n<p><strong>P: Czy wyst\u0105pi\u0105 jakie\u015b problemy celne?<br \/>\n<\/strong>Obs\u0142ugujemy wszystkie procedury odprawy celnej, aby zapewni\u0107 Ci bezproblemow\u0105 obs\u0142ug\u0119. .<\/p>\n<p><strong>P: Jakie metody wysy\u0142ki s\u0105 stosowane?<\/strong><br \/>\nWsp\u00f3\u0142pracujemy z firmami UPS\/DHL\/FEDEX\/DPD itp. W zale\u017cno\u015bci od kraju dostawy wybierzemy odpowiedni\u0105 opcj\u0119 wysy\u0142ki, tak aby produkty dotar\u0142y do \u200b\u200bPa\u0144stwa najszybciej jak to mo\u017cliwe.<\/p>\n<p><a href=\"https:\/\/pgvape.com\/pl\/czesto-zadawane-pytania\/\">Kliknij tutaj, aby uzyska\u0107 wi\u0119cej cz\u0119sto zadawanych pyta\u0144<\/a><\/p>\n<p>Szanowni klienci, je\u015bli masz jakiekolwiek pytania dotycz\u0105ce zam\u00f3wienia lub przybycia towaru, skontaktuj si\u0119 z naszym dzia\u0142em obs\u0142ugi klienta. Dzi\u0119kuj\u0119!<\/p>\n<h3 data-sourcepos=\"73:1-73:21\"><strong data-sourcepos=\"73:7-73:21\">Skontaktuj si\u0119 z nami<\/strong><\/h3>\n<div id=\"text-2419739398\" class=\"text\">\n<p><strong data-sourcepos=\"75:3-75:12\">E-mail<\/strong>:\u00a0<a href=\"mailto:support@pgvape.com\"><strong>support@pgvape.com<\/strong><\/a><\/p>\n<p><strong data-sourcepos=\"76:3-76:15\">WhatsApp<\/strong>:\u00a0<a href=\"https:\/\/wa.me\/+8618128481258\"><strong>+86 18128481258<\/strong><\/a><br \/>\n<strong>(Odpowied\u017a w ci\u0105gu 24 godzin w dni robocze)<\/strong><\/p>\n<\/div>\n<h3><strong>Dzi\u0119kujemy za wybranie pgvape.com! .<\/strong><\/h3>\n<\/div>","protected":false},"excerpt":{"rendered":"<p><strong data-sourcepos=\"61:5-61:23\">Vozol Neon 45K<\/strong> Oferty <strong data-sourcepos=\"61:31-61:58\">Niezr\u00f3wnana personalizacja<\/strong> Z <strong data-sourcepos=\"61:64-61:96\">Regulowany przep\u0142yw lodu\/mocy\/powietrza<\/strong>, <strong data-sourcepos=\"61:98-61:114\">45 000 zaci\u0105gni\u0119\u0107<\/strong>, I <strong data-sourcepos=\"61:120-61:134\">25 smak\u00f3w<\/strong> \u2013 Idealny dla wymagaj\u0105cych waper\u00f3w <strong data-sourcepos=\"61:167-61:192\">Precyzja i trwa\u0142o\u015b\u0107<\/strong>.<\/p>","protected":false},"featured_media":5292,"comment_status":"open","ping_status":"closed","template":"","meta":{"_seopress_robots_primary_cat":"none","_seopress_titles_title":"%%post_title%% %%sep%% %%sitetitle%%","_seopress_titles_desc":"","_seopress_robots_index":""},"product_brand":[516,411],"product_cat":[308,515,410],"product_tag":[310,426,90,203,136,204,427],"class_list":{"0":"post-5271","1":"product","2":"type-product","3":"status-publish","4":"has-post-thumbnail","6":"product_brand-disposable-vape","7":"product_brand-vozol-vape","8":"product_cat-45k-puffs-vape","9":"product_cat-disposable-vape","10":"product_cat-vozol-vape","11":"product_tag-45k-puffs-vape","12":"product_tag-adjustable-4-ice-level","13":"product_tag-disposable-vape","14":"product_tag-shipment-from-eu","15":"product_tag-smart-screen","16":"product_tag-vape-factory-direct","17":"product_tag-vozol-neon-45000","19":"first","20":"instock","21":"sale","22":"shipping-taxable","23":"purchasable","24":"product-type-variable"},"_links":{"self":[{"href":"https:\/\/pgvape.com\/pl\/wp-json\/wp\/v2\/product\/5271","targetHints":{"allow":["GET"]}}],"collection":[{"href":"https:\/\/pgvape.com\/pl\/wp-json\/wp\/v2\/product"}],"about":[{"href":"https:\/\/pgvape.com\/pl\/wp-json\/wp\/v2\/types\/product"}],"replies":[{"embeddable":true,"href":"https:\/\/pgvape.com\/pl\/wp-json\/wp\/v2\/comments?post=5271"}],"wp:featuredmedia":[{"embeddable":true,"href":"https:\/\/pgvape.com\/pl\/wp-json\/wp\/v2\/media\/5292"}],"wp:attachment":[{"href":"https:\/\/pgvape.com\/pl\/wp-json\/wp\/v2\/media?parent=5271"}],"wp:term":[{"taxonomy":"product_brand","embeddable":true,"href":"https:\/\/pgvape.com\/pl\/wp-json\/wp\/v2\/product_brand?post=5271"},{"taxonomy":"product_cat","embeddable":true,"href":"https:\/\/pgvape.com\/pl\/wp-json\/wp\/v2\/product_cat?post=5271"},{"taxonomy":"product_tag","embeddable":true,"href":"https:\/\/pgvape.com\/pl\/wp-json\/wp\/v2\/product_tag?post=5271"}],"curies":[{"name":"wp","href":"https:\/\/api.w.org\/{rel}","templated":true}]}}