{"id":5231,"date":"2025-11-02T09:49:42","date_gmt":"2025-11-02T09:49:42","guid":{"rendered":"https:\/\/pgvape.com\/?post_type=product&#038;p=5231"},"modified":"2025-12-15T12:06:23","modified_gmt":"2025-12-15T12:06:23","slug":"vozol-gear-power-20000-20k-zaciagniec-jednorazowy-vape-pelnoekranowy-inteligentny-wyswietlacz-vape-factory-direct","status":"publish","type":"product","link":"https:\/\/pgvape.com\/pl\/produkt\/vozol-gear-power-20000-20k-zaciagniec-jednorazowy-vape-pelnoekranowy-inteligentny-wyswietlacz-vape-factory-direct\/","title":{"rendered":"Vozol Gear Power 20000 20K Puffs Jednorazowy Vape Pe\u0142noekranowy Inteligentny Wy\u015bwietlacz Vape Factory Direct"},"content":{"rendered":"<p><strong data-sourcepos=\"4:5-4:29\">Vozol Gear Power 20K<\/strong> Dostarcza <strong data-sourcepos=\"4:39-4:66\">20 000 bardzo d\u0142ugich zaci\u0105gni\u0119\u0107<\/strong> Z <strong data-sourcepos=\"4:72-4:100\">20 ml wst\u0119pnie nape\u0142nionego e-p\u0142ynu<\/strong> i A <strong data-sourcepos=\"4:107-4:138\">Akumulator 650 MAH<\/strong>. <strong data-sourcepos=\"4:150-4:170\">Tryby podw\u00f3jnego zasilania<\/strong>, <strong data-sourcepos=\"4:172-4:190\">Podw\u00f3jna cewka siatkowa<\/strong>, I <strong data-sourcepos=\"4:196-4:225\">Inteligentny wy\u015bwietlacz pe\u0142noekranowy<\/strong>, To urz\u0105dzenie oferuje <strong data-sourcepos=\"4:246-4:275\">G\u0142adki, sp\u00f3jny smak<\/strong> Dla niezr\u00f3wnanego do\u015bwiadczenia wapowania.<\/p>\n<p>&nbsp;<\/p>\n<h2><span style=\"font-size: 90%;\">Vozol Gear Power 20000 | 20K Puffs Jednorazowy Vape <strong data-sourcepos=\"10:5-10:31\">Dane techniczne<\/strong><\/span><\/h2>\n<p><strong data-sourcepos=\"7:3-7:17\">Liczba puf\u00f3w<\/strong>:\u00a0<strong data-sourcepos=\"7:19-7:40\">20 000 (tryb ekologiczny)<\/strong>\u00a0\/\u00a0<strong data-sourcepos=\"7:43-7:66\">12 000 (tryb zasilania)<\/strong><\/p>\n<p><strong data-sourcepos=\"8:3-8:15\">E-ciecz<\/strong>:\u00a0<strong data-sourcepos=\"8:17-8:45\">Wst\u0119pnie nape\u0142niona pojemno\u015b\u0107 20 ml<\/strong><\/p>\n<p><strong data-sourcepos=\"9:3-9:14\">Bateria<\/strong>:\u00a0<strong data-sourcepos=\"9:16-9:48\">Akumulator 650 MAH (typ C)<\/strong><\/p>\n<p><strong data-sourcepos=\"10:3-10:11\">Cewka<\/strong>:\u00a0<strong data-sourcepos=\"10:13-10:37\">Technologia podw\u00f3jnej siatki<\/strong><\/p>\n<p><strong data-sourcepos=\"11:3-11:15\">Nikotyna<\/strong>:\u00a0<strong data-sourcepos=\"11:17-11:30\">5% (50MG)<\/strong><\/p>\n<p><strong data-sourcepos=\"12:3-12:14\">Wy\u015bwietlacz<\/strong>:\u00a0<strong data-sourcepos=\"12:16-12:45\">Inteligentny wy\u015bwietlacz pe\u0142noekranowy<\/strong><\/p>\n<p><strong data-sourcepos=\"13:3-13:17\">Technologia<\/strong>:\u00a0<strong data-sourcepos=\"13:19-13:76\">S.I.L.C Tech (g\u0142adka, identyczna, d\u0142ugotrwa\u0142a, czysta)<\/strong><\/p>\n<p>&nbsp;<\/p>\n<h3><span style=\"font-size: 90%;\">Vozol Gear Power 20000 | 20K Puffs Jednorazowy Vape <strong data-sourcepos=\"22:5-22:20\">Lista smak\u00f3w<\/strong><\/span><\/h3>\n<p><strong data-sourcepos=\"16:4-16:22\">1.L\u00f3d arbuzowy<\/strong><\/p>\n<p><strong data-sourcepos=\"17:4-17:17\">2. L\u00f3d winogronowy<\/strong><\/p>\n<p><strong data-sourcepos=\"18:4-18:17\">3.L\u00f3d z mango<\/strong><\/p>\n<p><strong data-sourcepos=\"19:4-19:24\">4.Podw\u00f3jny l\u00f3d jab\u0142kowy<\/strong><\/p>\n<p><strong data-sourcepos=\"20:4-20:16\">5. Ogie\u0144 lawy<\/strong><\/p>\n<p><strong data-sourcepos=\"21:4-21:28\">6. Arbuz malinowy<\/strong><\/p>\n<p><strong data-sourcepos=\"22:4-22:23\">7.Truskawkowe Kiwi<\/strong><\/p>\n<p><strong data-sourcepos=\"23:4-23:34\">8.Mango Ananas Grejpfrut<\/strong><\/p>\n<p><strong data-sourcepos=\"24:4-24:19\">9. Niebieskie Mojito<\/strong><\/p>\n<p><strong data-sourcepos=\"25:5-25:24\">10. Burza jagodowa<\/strong><\/p>\n<p><strong data-sourcepos=\"26:5-26:22\">11. Niebieski l\u00f3d Razz<\/strong><\/p>\n<p><strong data-sourcepos=\"27:5-27:25\">12.Truskawkowe Mango<\/strong><\/p>\n<p><strong data-sourcepos=\"28:5-28:19\">13. Cytryna Limonka<\/strong><\/p>\n<p><strong data-sourcepos=\"29:5-29:24\">14.Lemoniada Wi\u015bniowa<\/strong><\/p>\n<p><strong data-sourcepos=\"30:5-30:22\">15. Mieszane jagody<\/strong><\/p>\n<p><strong data-sourcepos=\"31:5-31:30\">16. Arbuz truskawkowy<\/strong><\/p>\n<p><strong data-sourcepos=\"32:5-32:18\">17.Brzoskwiniowy l\u00f3d<\/strong><\/p>\n<p><strong data-sourcepos=\"33:5-33:16\">18. Tyto\u0144<\/strong><\/p>\n<p><strong data-sourcepos=\"34:5-34:19\">19. Cytryna Mi\u0119ta<\/strong><\/p>\n<p><strong data-sourcepos=\"35:5-35:35\">20. Smoczy Owoc Banana Wi\u015bnia<br \/>\n<img loading=\"lazy\" decoding=\"async\" class=\"alignnone wp-image-5236 size-full\" src=\"https:\/\/pgvape.com\/wp-content\/uploads\/2025\/11\/pgvape-Vozol-Gear-Power-20000-Puffs-Disposable-Vape-3.jpg\" alt=\"Kolorowy plakat dla Vozol &#039;Gear Power 20000 Puffs&#039; przedstawiaj\u0105cy 20 jednorazowych urz\u0105dze\u0144 do waporyzacji u\u0142o\u017conych w rz\u0119dach z ikonami smak\u00f3w (owocowy, lodowy, mi\u0119towy, tytoniowy), ma\u0142e notatki dotycz\u0105ce tryb\u00f3w ECO\/POWER, etykiety 650 mAh i 0\/20\/50 mg\/ml oraz logo marki.\" width=\"1500\" height=\"1608\" srcset=\"https:\/\/pgvape.com\/wp-content\/uploads\/2025\/11\/pgvape-Vozol-Gear-Power-20000-Puffs-Disposable-Vape-3.jpg 1500w, https:\/\/pgvape.com\/wp-content\/uploads\/2025\/11\/pgvape-Vozol-Gear-Power-20000-Puffs-Disposable-Vape-3-336x360.jpg 336w, https:\/\/pgvape.com\/wp-content\/uploads\/2025\/11\/pgvape-Vozol-Gear-Power-20000-Puffs-Disposable-Vape-3-595x638.jpg 595w, https:\/\/pgvape.com\/wp-content\/uploads\/2025\/11\/pgvape-Vozol-Gear-Power-20000-Puffs-Disposable-Vape-3-373x400.jpg 373w, https:\/\/pgvape.com\/wp-content\/uploads\/2025\/11\/pgvape-Vozol-Gear-Power-20000-Puffs-Disposable-Vape-3-768x823.jpg 768w, https:\/\/pgvape.com\/wp-content\/uploads\/2025\/11\/pgvape-Vozol-Gear-Power-20000-Puffs-Disposable-Vape-3-1433x1536.jpg 1433w, https:\/\/pgvape.com\/wp-content\/uploads\/2025\/11\/pgvape-Vozol-Gear-Power-20000-Puffs-Disposable-Vape-3-11x12.jpg 11w, https:\/\/pgvape.com\/wp-content\/uploads\/2025\/11\/pgvape-Vozol-Gear-Power-20000-Puffs-Disposable-Vape-3-600x643.jpg 600w, https:\/\/pgvape.com\/wp-content\/uploads\/2025\/11\/pgvape-Vozol-Gear-Power-20000-Puffs-Disposable-Vape-3-37x40.jpg 37w\" sizes=\"auto, (max-width: 1500px) 100vw, 1500px\" \/><br \/>\n<\/strong><\/p>\n<p>&nbsp;<\/p>\n<h3><span style=\"font-size: 90%;\">Vozol Gear Power 20000 | 20K Puffs Jednorazowy Vape <strong>Wideo<\/strong>:<\/span><\/h3>\n<p>&nbsp;<\/p>\n<h2>Cz\u0119sto zadawane pytania dotycz\u0105ce Vozol Gear Power 20000 | 20K Puffs Jednorazowy waporyzator<\/h2>\n<p data-sourcepos=\"38:1-39:60\">\u2753 <strong data-sourcepos=\"38:3-38:38\">Ile zaci\u0105gni\u0119\u0107 zapewnia?<\/strong><br \/>\n\u2705 <strong data-sourcepos=\"39:3-39:31\">20 000 zaci\u0105gni\u0119\u0107 w trybie Eco<\/strong>, <strong data-sourcepos=\"39:33-39:57\">12 000 w trybie zasilania<\/strong>.<\/p>\n<p data-sourcepos=\"41:1-42:50\">\u2753 <strong data-sourcepos=\"41:3-41:35\">Czy akumulator mo\u017cna \u0142adowa\u0107?<\/strong><br \/>\n\u2705 Tak, <strong data-sourcepos=\"42:8-42:47\">Bateria 650 MAH z \u0142adowaniem typu C<\/strong>.<\/p>\n<p data-sourcepos=\"44:1-45:79\">\u2753 <strong data-sourcepos=\"44:3-44:44\">Co sprawia, \u017ce \u200b\u200bjako\u015b\u0107 pary jest wyj\u0105tkowa?<\/strong><br \/>\n\u2705 <strong data-sourcepos=\"45:3-45:22\">Podw\u00f3jne cewki siatkowe<\/strong> Dostarcza\u0107 <strong data-sourcepos=\"45:31-45:50\">50% Wi\u0119cej smaku<\/strong> Ni\u017c standardowe artyku\u0142y jednorazowe.<\/p>\n<p data-sourcepos=\"47:1-48:76\">\u2753 <strong data-sourcepos=\"47:3-47:32\">Czy mog\u0119 \u0142atwo \u015bledzi\u0107 wykorzystanie?<\/strong><br \/>\n\u2705 Tak, <strong data-sourcepos=\"48:8-48:37\">Inteligentny wy\u015bwietlacz pe\u0142noekranowy<\/strong> Wida\u0107 <strong data-sourcepos=\"48:44-48:73\">Poziomy baterii i p\u0142ynu E<\/strong>.<\/p>\n<p data-sourcepos=\"50:1-51:84\">\u2753 <strong data-sourcepos=\"50:3-50:38\">Kt\u00f3re smaki s\u0105 najpopularniejsze?<br \/>\n<\/strong> \u2705 <strong data-sourcepos=\"51:3-51:21\">Arbuzowy l\u00f3d<\/strong>, <strong data-sourcepos=\"51:23-51:40\">Niebieski Razz L\u00f3d<\/strong>, I <strong data-sourcepos=\"51:46-51:65\">Truskawkowe Kiwi<\/strong> S\u0105 bestsellerami.<\/p>\n<p>&nbsp;<\/p>\n<h3 id=\"brxe-najhln\" class=\"brxe-heading\">Cz\u0119sto zadawane pytania (FAQ)<\/h3>\n<div id=\"brxe-rajiac\" class=\"brxe-text\">\n<p><strong>P: Jakie metody p\u0142atno\u015bci akceptujecie?<\/strong><br \/>\nOdp.: Akceptujemy PayPal, Stripe, przelewy bankowe (obs\u0142ugiwane SEPA), g\u0142\u00f3wne karty kredytowe (Visa, MasterCard, American Express) i p\u0142atno\u015bci w kryptowalutach.<\/p>\n<p><strong>P: Jak d\u0142ugo trwa przygotowanie zam\u00f3wienia?<\/strong><br \/>\nOdp.: Przygotowanie zam\u00f3wienia zajmuje 1-3 dni robocze.<\/p>\n<p><strong>P: Jaki jest czas wysy\u0142ki?<\/strong><br \/>\nOdp.: Czas wysy\u0142ki wynosi 7-14 dni roboczych, w zale\u017cno\u015bci od Twojej lokalizacji.<\/p>\n<p><strong>P: Jak mog\u0119 \u015bledzi\u0107 moje zam\u00f3wienie?<\/strong><br \/>\nOdp.: Po wysy\u0142ce otrzymasz wiadomo\u015b\u0107 e-mail z potwierdzeniem i numerem przesy\u0142ki umo\u017cliwiaj\u0105cym \u015bledzenie w czasie rzeczywistym.<\/p>\n<p><strong>P: Jaka jest Twoja polityka zwrot\u00f3w?<\/strong><br \/>\nOdp.: Oferujemy 30-dniow\u0105 polityk\u0119 zwrot\u00f3w lub wymiany. .<\/p>\n<p><strong>P: Czy wyst\u0105pi\u0105 jakie\u015b problemy celne?<br \/>\n<\/strong>Obs\u0142ugujemy wszystkie procedury odprawy celnej, aby zapewni\u0107 Ci bezproblemow\u0105 obs\u0142ug\u0119. .<\/p>\n<p><strong>P: Jakie metody wysy\u0142ki s\u0105 stosowane?<\/strong><br \/>\nWsp\u00f3\u0142pracujemy z firmami UPS\/DHL\/FEDEX\/DPD itp. W zale\u017cno\u015bci od kraju dostawy wybierzemy odpowiedni\u0105 opcj\u0119 wysy\u0142ki, tak aby produkty dotar\u0142y do \u200b\u200bPa\u0144stwa najszybciej jak to mo\u017cliwe.<\/p>\n<p><a href=\"https:\/\/pgvape.com\/pl\/czesto-zadawane-pytania\/\">Kliknij tutaj, aby uzyska\u0107 wi\u0119cej cz\u0119sto zadawanych pyta\u0144<\/a><\/p>\n<p>Szanowni klienci, je\u015bli masz jakiekolwiek pytania dotycz\u0105ce zam\u00f3wienia lub przybycia towaru, skontaktuj si\u0119 z naszym dzia\u0142em obs\u0142ugi klienta. Dzi\u0119kuj\u0119!<\/p>\n<h3 data-sourcepos=\"73:1-73:21\"><strong data-sourcepos=\"73:7-73:21\">Skontaktuj si\u0119 z nami<\/strong><\/h3>\n<div id=\"text-2419739398\" class=\"text\">\n<p><strong data-sourcepos=\"75:3-75:12\">E-mail<\/strong>:\u00a0<a href=\"mailto:support@pgvape.com\"><strong>support@pgvape.com<\/strong><\/a><\/p>\n<p><strong data-sourcepos=\"76:3-76:15\">WhatsApp<\/strong>:\u00a0<a href=\"https:\/\/wa.me\/+8618128481258\"><strong>+86 18128481258<\/strong><\/a><br \/>\n<strong>(Odpowied\u017a w ci\u0105gu 24 godzin w dni robocze)<\/strong><\/p>\n<\/div>\n<h3><strong>Dzi\u0119kujemy za wybranie pgvape.com! .<\/strong><\/h3>\n<\/div>","protected":false},"excerpt":{"rendered":"<p><strong data-sourcepos=\"4:5-4:29\">Vozol Gear Power 20K<\/strong> \u0141\u0105czy <strong data-sourcepos=\"54:39-54:55\">20 000 zaci\u0105gni\u0119\u0107<\/strong>, <strong data-sourcepos=\"54:57-54:77\">Tryby podw\u00f3jnego zasilania<\/strong>, I <strong data-sourcepos=\"54:83-54:97\">20 smak\u00f3w<\/strong> w A <strong data-sourcepos=\"54:103-54:139\">Wysokowydajny jednorazowy waporyzator<\/strong> Z <strong data-sourcepos=\"54:145-54:177\">Inteligentny wy\u015bwietlacz i technologia S.I.L.C<\/strong>.<\/p>","protected":false},"featured_media":5234,"comment_status":"open","ping_status":"closed","template":"","meta":{"_seopress_robots_primary_cat":"none","_seopress_titles_title":"%%post_title%% %%sep%% %%sitetitle%%","_seopress_titles_desc":"","_seopress_robots_index":""},"product_brand":[516,411],"product_cat":[84,515,410],"product_tag":[367,90,424,203,204,423],"class_list":{"0":"post-5231","1":"product","2":"type-product","3":"status-publish","4":"has-post-thumbnail","6":"product_brand-disposable-vape","7":"product_brand-vozol-vape","8":"product_cat-20k-puffs-vape","9":"product_cat-disposable-vape","10":"product_cat-vozol-vape","11":"product_tag-20k-puffs-vape","12":"product_tag-disposable-vape","13":"product_tag-full-screen-smart-display","14":"product_tag-shipment-from-eu","15":"product_tag-vape-factory-direct","16":"product_tag-vozol-gear-power-20000","17":"product_shipping_class-overseas-warehouse","19":"first","20":"outofstock","21":"sale","22":"shipping-taxable","23":"purchasable","24":"product-type-variable"},"_links":{"self":[{"href":"https:\/\/pgvape.com\/pl\/wp-json\/wp\/v2\/product\/5231","targetHints":{"allow":["GET"]}}],"collection":[{"href":"https:\/\/pgvape.com\/pl\/wp-json\/wp\/v2\/product"}],"about":[{"href":"https:\/\/pgvape.com\/pl\/wp-json\/wp\/v2\/types\/product"}],"replies":[{"embeddable":true,"href":"https:\/\/pgvape.com\/pl\/wp-json\/wp\/v2\/comments?post=5231"}],"wp:featuredmedia":[{"embeddable":true,"href":"https:\/\/pgvape.com\/pl\/wp-json\/wp\/v2\/media\/5234"}],"wp:attachment":[{"href":"https:\/\/pgvape.com\/pl\/wp-json\/wp\/v2\/media?parent=5231"}],"wp:term":[{"taxonomy":"product_brand","embeddable":true,"href":"https:\/\/pgvape.com\/pl\/wp-json\/wp\/v2\/product_brand?post=5231"},{"taxonomy":"product_cat","embeddable":true,"href":"https:\/\/pgvape.com\/pl\/wp-json\/wp\/v2\/product_cat?post=5231"},{"taxonomy":"product_tag","embeddable":true,"href":"https:\/\/pgvape.com\/pl\/wp-json\/wp\/v2\/product_tag?post=5231"}],"curies":[{"name":"wp","href":"https:\/\/api.w.org\/{rel}","templated":true}]}}