{"id":521,"date":"2025-07-16T11:57:14","date_gmt":"2025-07-16T11:57:14","guid":{"rendered":"https:\/\/pgvape.com\/?post_type=product&#038;p=521"},"modified":"2025-12-15T13:40:41","modified_gmt":"2025-12-15T13:40:41","slug":"bang-lider-80000-80-tys-zaciagniec-3-w-1-potrojne-smaki-jednorazowy-waporyzator-z-akumulatorem-hurtownia-fabryczna","status":"publish","type":"product","link":"https:\/\/pgvape.com\/pl\/produkt\/bang-lider-80000-80-tys-zaciagniec-3-w-1-potrojne-smaki-jednorazowy-waporyzator-z-akumulatorem-hurtownia-fabryczna\/","title":{"rendered":"Bang Leader 80000 | 80K Ptysi 3 w 1 Potr\u00f3jne Smaki Jednorazowy Vape Z Akumulatorem | Fabryczna Hurtownia Vape"},"content":{"rendered":"<p><strong>Bang Leader 80000 80K Puffs Jednorazowy Vape<\/strong> to najlepszy wyb\u00f3r dla os\u00f3b poszukuj\u0105cych r\u00f3\u017cnorodno\u015bci, trwa\u0142o\u015bci i wydajno\u015bci na najwy\u017cszym poziomie. .<\/p>\n<p>&nbsp;<\/p>\n<h2><span style=\"font-size: 90%;\">Bang Leader 80000 | 80K Ptysi 3 w 1 Potr\u00f3jne Smaki Jednorazowy Vape Dane techniczne produktu:<\/span><\/h2>\n<p><strong>Pojemno\u015b\u0107 zaci\u0105gni\u0119cia:<\/strong>\u00a0Do 80 000 zaci\u0105gni\u0119\u0107<\/p>\n<p><strong>Pojemno\u015b\u0107 e-cieczy:<\/strong>\u00a078 ml fabrycznie nape\u0142nione (3 saszetki po 26 ml ka\u017cda)<\/p>\n<p><strong>Typ cewki:<\/strong>\u00a0Cewka siatkowa 1,0 \u03a9<\/p>\n<p><strong>Pojemno\u015b\u0107 baterii:<\/strong>\u00a0Akumulator o pojemno\u015bci 850 mAh<\/p>\n<p><strong>Port \u0142adowania:<\/strong>\u00a0Szybkie \u0142adowanie typu C<\/p>\n<p><strong>Opcje nikotyny:<\/strong>\u00a00%, 2%, 3%, 5%<\/p>\n<p><strong>System smakowy:<\/strong>\u00a0Konfiguracja potr\u00f3jnego smaku 3 w 1<\/p>\n<p><strong>Dost\u0119pne smaki:<\/strong>\u00a012 dynamicznych kombinacji smakowych<\/p>\n<p><strong>Ruchliwo\u015b\u0107:<\/strong>\u00a0Kompaktowa i ergonomiczna konstrukcja do u\u017cytku w podr\u00f3\u017cy<\/p>\n<p>&nbsp;<\/p>\n<h3><span style=\"font-size: 90%;\">Bang Leader 80000 | 80K Ptysi 3 w 1 Potr\u00f3jne Smaki Jednorazowe Vape Lista Smak\u00f3w:<\/span><\/h3>\n<p><strong>1.L\u00f3d Arbuzowy + Truskawka I Mango + Banan<\/strong><\/p>\n<p><strong>2.Malinowy Mojito Brzoskwiniowy L\u00f3d + Truskawka I Arbuz Kiwi Marakuja Gujawa<\/strong><\/p>\n<p><strong>3.Truskawka i arbuz + l\u00f3d winogronowy + t\u0119czowe cukierki<\/strong><\/p>\n<p><strong>4.Cola Ice + Jagoda Malina + Peach Mango Arbuz<\/strong><\/p>\n<p><strong>5.Arbuz Bor\u00f3wkowy + Mango Truskawkowe + Czarna Porzeczka<\/strong><\/p>\n<p><strong>6.L\u00f3d jagodowy + l\u00f3d czarnego smoka + brzoskwinia mango<\/strong><\/p>\n<p><strong>7. L\u00f3d Jagodowy + Truskawka I Banan + Mieszanka Jag\u00f3d<\/strong><\/p>\n<p><strong>8.Red Bull + Jagoda Arbuz Jab\u0142ko Gruszka<\/strong><\/p>\n<p><strong>9Red Bull + Arbuzowe Cukierki B\u0105belkowe + Lody Truskawkowe<\/strong><\/p>\n<p><strong>10.Truskawkowe Kiwi + L\u00f3d Brzoskwiniowy + Wi\u015bniowa Cola<\/strong><\/p>\n<p><strong>11.Kiwi Passion + L\u00f3d z Liczi + Mango Peach Sosna<\/strong><\/p>\n<p><strong>12.L\u00f3d Awokado +Limonka Cytrynowa +Malina Arbuzowa<img loading=\"lazy\" decoding=\"async\" class=\"alignnone wp-image-531 size-full\" src=\"https:\/\/pgvape.com\/wp-content\/uploads\/2025\/07\/Bang-Leader-80000-80K-Puffs-3-in-1-Triple-Flavors-Disposable-Vape-With-Rechargeable-Vape-Factory-Wholesale-8.png\" alt=\"\" width=\"1900\" height=\"1900\" srcset=\"https:\/\/pgvape.com\/wp-content\/uploads\/2025\/07\/Bang-Leader-80000-80K-Puffs-3-in-1-Triple-Flavors-Disposable-Vape-With-Rechargeable-Vape-Factory-Wholesale-8.png 1900w, https:\/\/pgvape.com\/wp-content\/uploads\/2025\/07\/Bang-Leader-80000-80K-Puffs-3-in-1-Triple-Flavors-Disposable-Vape-With-Rechargeable-Vape-Factory-Wholesale-8-360x360.png 360w, https:\/\/pgvape.com\/wp-content\/uploads\/2025\/07\/Bang-Leader-80000-80K-Puffs-3-in-1-Triple-Flavors-Disposable-Vape-With-Rechargeable-Vape-Factory-Wholesale-8-595x595.png 595w, https:\/\/pgvape.com\/wp-content\/uploads\/2025\/07\/Bang-Leader-80000-80K-Puffs-3-in-1-Triple-Flavors-Disposable-Vape-With-Rechargeable-Vape-Factory-Wholesale-8-400x400.png 400w, https:\/\/pgvape.com\/wp-content\/uploads\/2025\/07\/Bang-Leader-80000-80K-Puffs-3-in-1-Triple-Flavors-Disposable-Vape-With-Rechargeable-Vape-Factory-Wholesale-8-768x768.png 768w, https:\/\/pgvape.com\/wp-content\/uploads\/2025\/07\/Bang-Leader-80000-80K-Puffs-3-in-1-Triple-Flavors-Disposable-Vape-With-Rechargeable-Vape-Factory-Wholesale-8-1536x1536.png 1536w, https:\/\/pgvape.com\/wp-content\/uploads\/2025\/07\/Bang-Leader-80000-80K-Puffs-3-in-1-Triple-Flavors-Disposable-Vape-With-Rechargeable-Vape-Factory-Wholesale-8-12x12.png 12w, https:\/\/pgvape.com\/wp-content\/uploads\/2025\/07\/Bang-Leader-80000-80K-Puffs-3-in-1-Triple-Flavors-Disposable-Vape-With-Rechargeable-Vape-Factory-Wholesale-8-300x300.png 300w, https:\/\/pgvape.com\/wp-content\/uploads\/2025\/07\/Bang-Leader-80000-80K-Puffs-3-in-1-Triple-Flavors-Disposable-Vape-With-Rechargeable-Vape-Factory-Wholesale-8-600x600.png 600w, https:\/\/pgvape.com\/wp-content\/uploads\/2025\/07\/Bang-Leader-80000-80K-Puffs-3-in-1-Triple-Flavors-Disposable-Vape-With-Rechargeable-Vape-Factory-Wholesale-8-100x100.png 100w, https:\/\/pgvape.com\/wp-content\/uploads\/2025\/07\/Bang-Leader-80000-80K-Puffs-3-in-1-Triple-Flavors-Disposable-Vape-With-Rechargeable-Vape-Factory-Wholesale-8-32x32.png 32w, https:\/\/pgvape.com\/wp-content\/uploads\/2025\/07\/Bang-Leader-80000-80K-Puffs-3-in-1-Triple-Flavors-Disposable-Vape-With-Rechargeable-Vape-Factory-Wholesale-8-40x40.png 40w\" sizes=\"auto, (max-width: 1900px) 100vw, 1900px\" \/><\/strong><\/p>\n<h3><span style=\"font-size: 90%;\">Bang Leader 80000 | 80K Puffs 3 w 1 Potr\u00f3jne Smaki Jednorazowy Vape <\/span><strong>Wideo:<br \/>\n<iframe loading=\"lazy\" title=\"Bang Leader 80K Puffs 3 w 1 smaki Jednorazowy Vape z akumulatorowym Vape Hurtownia fabryczna pgvape\" width=\"563\" height=\"1000\" src=\"https:\/\/www.youtube.com\/embed\/-_eUSKzsdRY?feature=oembed\" frameborder=\"0\" allow=\"accelerometer; autoplay; clipboard-write; encrypted-media; gyroscope; picture-in-picture; web-share\" referrerpolicy=\"strict-origin-when-cross-origin\" allowfullscreen><\/iframe><br \/>\n<\/strong><\/h3>\n<p>&nbsp;<\/p>\n<h2><span style=\"font-size: 90%;\">Cz\u0119sto zadawane pytania dotycz\u0105ce Bang Leader 80000 | 80K Puffs Jednorazowy waporyzator 3 w 1 o potr\u00f3jnych smakach<\/span><\/h2>\n<p dir=\"auto\"><strong>P1: Ile zaci\u0105gni\u0119\u0107 oferuje Bang Leader 80000?<\/strong><br \/>\nA1: Do 80 000 zaci\u0105gni\u0119\u0107 na urz\u0105dzenie, co zapewnia d\u0142ugotrwa\u0142e u\u017cytkowanie.<\/p>\n<p dir=\"auto\"><strong>P2: Jaka jest konfiguracja smakowa 3 w 1?<\/strong><br \/>\nOdpowied\u017a 2: Urz\u0105dzenie zawiera trzy r\u00f3\u017cne kapsu\u0142ki, ka\u017cda mieszcz\u0105ca 26 ml e-liquidu, dzi\u0119ki czemu mo\u017cesz cieszy\u0107 si\u0119 trzema r\u00f3\u017cnymi smakami w jednym urz\u0105dzeniu.<\/p>\n<p dir=\"auto\"><strong>P3: Jaki typ cewki jest zastosowany w urz\u0105dzeniu?<\/strong><br \/>\nA3: Wykorzystuje cewk\u0119 o oczku 1,0 \u03a9, zapewniaj\u0105c\u0105 g\u0142adk\u0105 par\u0119 i bogaty smak przy ka\u017cdym zaci\u0105gni\u0119ciu.<\/p>\n<p dir=\"auto\"><strong>P4: Jak d\u0142ugo wytrzymuje bateria?<\/strong><br \/>\nA4: Akumulator 850 mAh zapewnia d\u0142ugotrwa\u0142\u0105 moc, a szybkie \u0142adowanie typu C minimalizuje przestoje.<\/p>\n<p dir=\"auto\"><strong>P5: Jakie smaki s\u0105 dost\u0119pne?<\/strong><br \/>\nOdpowied\u017a 5: Dost\u0119pnych jest 12 unikalnych i ekscytuj\u0105cych kombinacji smakowych, w tym opcje takie jak l\u00f3d arbuzowy + truskawka i mango + banan.<\/p>\n<p dir=\"auto\"><strong>P6: Czy urz\u0105dzenie mo\u017cna na\u0142adowa\u0107?<\/strong><br \/>\nOdpowied\u017a 6: Tak, urz\u0105dzenie ma akumulator 850 mAh i obs\u0142uguje szybkie \u0142adowanie typu C.<\/p>\n<p dir=\"auto\"><strong>P7: Jakie moce nikotyny s\u0105 dost\u0119pne?<\/strong><br \/>\nO7: Bang Leader 80000 jest dost\u0119pny w mocach nikotyny 0%, 2%, 3% i 5%, aby dopasowa\u0107 je do Twoich preferencji.<\/p>\n<p>&nbsp;<\/p>\n<h3 id=\"brxe-najhln\" class=\"brxe-heading\">Cz\u0119sto zadawane pytania (FAQ)<\/h3>\n<div id=\"brxe-rajiac\" class=\"brxe-text\">\n<p><strong>P: Jakie metody p\u0142atno\u015bci akceptujecie?<\/strong><br \/>\nOdp.: Akceptujemy PayPal, Stripe, przelewy bankowe (obs\u0142ugiwane SEPA), g\u0142\u00f3wne karty kredytowe (Visa, MasterCard, American Express) i p\u0142atno\u015bci w kryptowalutach.<\/p>\n<p><strong>P: Jak d\u0142ugo trwa przygotowanie zam\u00f3wienia?<\/strong><br \/>\nOdp.: Przygotowanie zam\u00f3wienia zajmuje 1-3 dni robocze.<\/p>\n<p><strong>P: Jaki jest czas wysy\u0142ki?<\/strong><br \/>\nOdp.: Czas wysy\u0142ki wynosi 7-14 dni roboczych, w zale\u017cno\u015bci od Twojej lokalizacji.<\/p>\n<p><strong>P: Jak mog\u0119 \u015bledzi\u0107 moje zam\u00f3wienie?<\/strong><br \/>\nOdp.: Po wysy\u0142ce otrzymasz wiadomo\u015b\u0107 e-mail z potwierdzeniem i numerem przesy\u0142ki umo\u017cliwiaj\u0105cym \u015bledzenie w czasie rzeczywistym.<\/p>\n<p><strong>P: Jaka jest Twoja polityka zwrot\u00f3w?<\/strong><br \/>\nOdp.: Oferujemy 30-dniow\u0105 polityk\u0119 zwrot\u00f3w lub wymiany. .<\/p>\n<p><strong>P: Czy wyst\u0105pi\u0105 jakie\u015b problemy celne?<br \/>\n<\/strong>Obs\u0142ugujemy wszystkie procedury odprawy celnej, aby zapewni\u0107 Ci bezproblemow\u0105 obs\u0142ug\u0119. .<\/p>\n<p><strong>P: Jakie metody wysy\u0142ki s\u0105 stosowane?<\/strong><br \/>\nWsp\u00f3\u0142pracujemy z firmami UPS\/DHL\/FEDEX\/DPD itp. W zale\u017cno\u015bci od kraju dostawy wybierzemy odpowiedni\u0105 opcj\u0119 wysy\u0142ki, tak aby produkty dotar\u0142y do \u200b\u200bPa\u0144stwa najszybciej jak to mo\u017cliwe.<\/p>\n<p><a href=\"https:\/\/pgvape.com\/pl\/czesto-zadawane-pytania\/\"><span style=\"font-size: 100%;\">Kliknij tutaj, aby uzyska\u0107 wi\u0119cej cz\u0119sto zadawanych pyta\u0144<\/span><\/a><\/p>\n<p>Szanowni klienci, je\u015bli masz jakiekolwiek pytania dotycz\u0105ce zam\u00f3wienia lub przybycia towaru, skontaktuj si\u0119 z naszym dzia\u0142em obs\u0142ugi klienta. Dzi\u0119kuj\u0119!<\/p>\n<h3 data-sourcepos=\"73:1-73:21\"><span style=\"font-size: 90%;\"><strong data-sourcepos=\"73:7-73:21\">Skontaktuj si\u0119 z nami<\/strong><\/span><\/h3>\n<div id=\"text-2419739398\" class=\"text\">\n<p><strong data-sourcepos=\"75:3-75:12\">E-mail<\/strong>:\u00a0<a href=\"mailto:support@pgvape.com\"><strong>support@pgvape.com<\/strong><\/a><\/p>\n<p><strong data-sourcepos=\"76:3-76:15\">WhatsApp<\/strong>: <a href=\"https:\/\/wa.me\/+8618128481258\"><strong>+86 18128481258<\/strong><\/a><br \/>\n<strong>(Odpowied\u017a w ci\u0105gu 24 godzin w dni robocze)<\/strong><\/p>\n<\/div>\n<h3><strong><span style=\"font-size: 80%;\">Dzi\u0119kujemy za wybranie pgvape.com! .<\/span><\/strong><\/h3>\n<\/div>","protected":false},"excerpt":{"rendered":"<p><strong>Jednorazowy Vape Bang Leader 80000<\/strong> dostarcza do <strong>80 000 zaci\u0105gni\u0119\u0107<\/strong> i a <strong>Potr\u00f3jny smak 3 w 1<\/strong> do\u015bwiadczenie. <strong>78 ml wst\u0119pnie nape\u0142nionego e-liquidu<\/strong>, A <strong>Cewka siatkowa 1,0 \u03a9<\/strong>, <strong>Akumulator o pojemno\u015bci 850 mAh<\/strong> akumulator i <strong>Typ C<\/strong> szybkie \u0142adowanie zapewnia p\u0142ynn\u0105, bogat\u0105 par\u0119 i d\u0142u\u017csze u\u017cytkowanie.<strong>0%, 2%, 3%, 5%<\/strong>) dla spersonalizowanego do\u015bwiadczenia wapowania.<\/p>","protected":false},"featured_media":524,"comment_status":"open","ping_status":"closed","template":"","meta":{"_seopress_robots_primary_cat":"none","_seopress_titles_title":"","_seopress_titles_desc":"","_seopress_robots_index":""},"product_brand":[54,516],"product_cat":[41,32,515],"product_tag":[56,44,45,55,490],"class_list":{"0":"post-521","1":"product","2":"type-product","3":"status-publish","4":"has-post-thumbnail","6":"product_brand-bang-leader-vape","7":"product_brand-disposable-vape","8":"product_cat-80k-puffs-vape","9":"product_cat-bang-leader-vape","10":"product_cat-disposable-vape","11":"product_tag-3-in-1-triple-flavors","12":"product_tag-80k-puffs","13":"product_tag-80k-vape","14":"product_tag-bang-leader-80000","15":"product_tag-minimum-2-pieces","17":"first","18":"instock","19":"sale","20":"shipping-taxable","21":"purchasable","22":"product-type-variable"},"_links":{"self":[{"href":"https:\/\/pgvape.com\/pl\/wp-json\/wp\/v2\/product\/521","targetHints":{"allow":["GET"]}}],"collection":[{"href":"https:\/\/pgvape.com\/pl\/wp-json\/wp\/v2\/product"}],"about":[{"href":"https:\/\/pgvape.com\/pl\/wp-json\/wp\/v2\/types\/product"}],"replies":[{"embeddable":true,"href":"https:\/\/pgvape.com\/pl\/wp-json\/wp\/v2\/comments?post=521"}],"wp:featuredmedia":[{"embeddable":true,"href":"https:\/\/pgvape.com\/pl\/wp-json\/wp\/v2\/media\/524"}],"wp:attachment":[{"href":"https:\/\/pgvape.com\/pl\/wp-json\/wp\/v2\/media?parent=521"}],"wp:term":[{"taxonomy":"product_brand","embeddable":true,"href":"https:\/\/pgvape.com\/pl\/wp-json\/wp\/v2\/product_brand?post=521"},{"taxonomy":"product_cat","embeddable":true,"href":"https:\/\/pgvape.com\/pl\/wp-json\/wp\/v2\/product_cat?post=521"},{"taxonomy":"product_tag","embeddable":true,"href":"https:\/\/pgvape.com\/pl\/wp-json\/wp\/v2\/product_tag?post=521"}],"curies":[{"name":"wp","href":"https:\/\/api.w.org\/{rel}","templated":true}]}}