{"id":5190,"date":"2025-11-02T08:14:02","date_gmt":"2025-11-02T08:14:02","guid":{"rendered":"https:\/\/pgvape.com\/?post_type=product&#038;p=5190"},"modified":"2026-03-26T06:39:46","modified_gmt":"2026-03-26T06:39:46","slug":"vozol-rave-40000-40k-zaciagniec-jednorazowy-vape-3d-zakrzywiony-ekran-270-beat-sensing-led-vape-factory-direct","status":"publish","type":"product","link":"https:\/\/pgvape.com\/pl\/produkt\/vozol-rave-40000-40k-zaciagniec-jednorazowy-vape-3d-zakrzywiony-ekran-270-beat-sensing-led-vape-factory-direct\/","title":{"rendered":"Vozol Rave 40000 40K Puffs Jednorazowy Vape Zakrzywiony ekran 3D + 270\u00b0 LED z czujnikiem uderze\u0144 Vape Factory Direct"},"content":{"rendered":"<p><strong data-sourcepos=\"4:5-4:45\">Jednorazowy waporyzator VOZOL RAVE 40K Puffs<\/strong> na nowo definiuje wygod\u0119 dzi\u0119ki <strong data-sourcepos=\"4:76-4:109\">wiod\u0105ce w bran\u017cy 40 000 zaci\u0105gni\u0119\u0107<\/strong> I <strong data-sourcepos=\"4:114-4:151\">Pojemno\u015b\u0107 20 ml wst\u0119pnie nape\u0142nionego e-liquidu<\/strong>, zasilany przez A <strong data-sourcepos=\"4:166-4:198\">Akumulator o pojemno\u015bci 1000 mAh<\/strong>. <strong data-sourcepos=\"4:210-4:231\">podw\u00f3jne tryby strzelania<\/strong>, <strong data-sourcepos=\"4:233-4:255\">regulowany przep\u0142yw powietrza<\/strong>, I <strong data-sourcepos=\"4:261-4:285\">technologia cewek siatkowych<\/strong>, dostarcza <strong data-sourcepos=\"4:299-4:322\">bogaty, g\u0142adki smak<\/strong> bez kompromis\u00f3w. <strong data-sourcepos=\"4:356-4:385\">Wy\u015bwietlacz wykrywaj\u0105cy rytm 270\u00b0<\/strong> I <strong data-sourcepos=\"4:390-4:410\">Zakrzywiony ekran 3D<\/strong> zapewni\u0107 <strong data-sourcepos=\"4:421-4:471\">w pe\u0142ni wci\u0105gaj\u0105ce, interaktywne do\u015bwiadczenie wapowania<\/strong> \u2013 co czyni go idealnym wyborem dla pragn\u0105cych vaper\u00f3w <strong data-sourcepos=\"4:524-4:561\">trwa\u0142o\u015b\u0107, wydajno\u015b\u0107 i styl<\/strong>.<\/p>\n<p>&nbsp;<\/p>\n<h2><span style=\"font-size: 90%;\">Vozol Rave 40000 | 40K Puffs Jednorazowy waporyzator <strong data-sourcepos=\"10:5-10:31\">Dane techniczne<\/strong><\/span><\/h2>\n<p><strong data-sourcepos=\"24:3-24:17\">Liczba puf\u00f3w<\/strong>: 40 000 (zwyk\u0142y) \/ 25 000 (wzrost)<\/p>\n<p><strong data-sourcepos=\"25:3-25:14\">Bateria<\/strong>:\u00a0<strong data-sourcepos=\"25:16-25:27\">1000 mAh<\/strong>\u00a0(Akumulator typu C)<\/p>\n<p><strong data-sourcepos=\"26:3-26:15\">E-ciecz<\/strong>:\u00a0<strong data-sourcepos=\"26:17-26:36\">20 ml wst\u0119pnie nape\u0142nione<\/strong><\/p>\n<p><strong data-sourcepos=\"27:3-27:11\">Cewka<\/strong>:\u00a0<strong data-sourcepos=\"27:13-27:32\">Technologia siatki<\/strong>\u00a0(Zoptymalizowany smak i para)<\/p>\n<p><strong data-sourcepos=\"28:3-28:15\">Nikotyna<\/strong>:\u00a0<strong data-sourcepos=\"28:17-28:30\">5% (50 mg)<\/strong>\u00a0(G\u0142adki, ale mocny)<\/p>\n<p><strong data-sourcepos=\"29:3-29:14\">Wy\u015bwietlacz<\/strong>:\u00a0<strong data-sourcepos=\"29:16-29:60\">Zakrzywiony ekran 3D + dioda LED wykrywaj\u0105ca rytm 270\u00b0<\/strong><\/p>\n<p><strong data-sourcepos=\"30:3-30:14\">Przep\u0142yw powietrza<\/strong>:\u00a0<strong data-sourcepos=\"30:16-30:30\">Nastawny<\/strong>\u00a0(Konfigurowalny rysunek)<\/p>\n<p>&nbsp;<\/p>\n<h3><span style=\"font-size: 90%;\">Vozol Rave 40000 | 40K Puffs Jednorazowy waporyzator <strong data-sourcepos=\"22:5-22:20\">Lista smak\u00f3w<\/strong><\/span><\/h3>\n<p><strong>1. Niebieski l\u00f3d Razz<\/strong><\/p>\n<p><strong>2. L\u00f3d jagodowy<\/strong><\/p>\n<p><strong>3. Arbuz jagodowy<\/strong><\/p>\n<p><strong>4. Wi\u015bniowa Cola<\/strong><\/p>\n<p><strong>5. Wi\u015bnia Truskawka<\/strong><\/p>\n<p><strong>6. Ch\u0142odna mi\u0119ta<\/strong><\/p>\n<p><strong>7. Podw\u00f3jne jab\u0142ko<\/strong><\/p>\n<p><strong>8. Banan ze smoczym owocem<\/strong><\/p>\n<p><strong>9. L\u00f3d winogronowy<\/strong><\/p>\n<p><strong>10. Kiwi marakuja<\/strong><\/p>\n<p><strong>11. Mi\u0142o\u015b\u0107 777<\/strong><\/p>\n<p><strong>12. L\u00f3d z mango<\/strong><\/p>\n<p><strong>13. Mango Brzoskwinia<\/strong><\/p>\n<p><strong>14. L\u00f3d brzoskwiniowy<\/strong><\/p>\n<p><strong>15. Lemoniada brzoskwiniowo-malinowa<\/strong><\/p>\n<p><strong>16. L\u00f3d truskawkowy<\/strong><\/p>\n<p><strong>17. Truskawkowe Kiwi<\/strong><\/p>\n<p><strong>18. Truskawkowe Mango<\/strong><\/p>\n<p><strong>19. Arbuz truskawkowy<\/strong><\/p>\n<p><strong>20. Brzoskwinia truskawkowa<\/strong><\/p>\n<p><strong>21. Arbuzowa guma balonowa<\/strong><\/p>\n<p><strong>22. L\u00f3d arbuzowy<\/strong><\/p>\n<p><strong>23. Rancher Razz z arbuzem<\/strong><\/p>\n<p><strong data-sourcepos=\"54:5-54:22\"><img loading=\"lazy\" decoding=\"async\" class=\"alignnone wp-image-5201 size-full\" src=\"https:\/\/pgvape.com\/wp-content\/uploads\/2025\/11\/pgvape-Vozol-Rave-40000-Puffs-Disposable-Vape-9.jpg\" alt=\"Siatka dwudziestu kolorowych jednorazowych urz\u0105dze\u0144 do waporyzacji VOZOL RAVE 40000-puff na fioletowym tle, ka\u017cde z nazw\u0105 smaku i pasuj\u0105cymi ilustracjami owoc\u00f3w i lodu (arbuz, winogrona, mango, truskawka, jagoda, brzoskwinia, kiwi, mi\u0119ta, jab\u0142ko, guma balonowa i mieszanki) oraz ma\u0142e gwiazdki pod ka\u017cdym urz\u0105dzeniem.\" width=\"1200\" height=\"1200\" srcset=\"https:\/\/pgvape.com\/wp-content\/uploads\/2025\/11\/pgvape-Vozol-Rave-40000-Puffs-Disposable-Vape-9.jpg 1200w, https:\/\/pgvape.com\/wp-content\/uploads\/2025\/11\/pgvape-Vozol-Rave-40000-Puffs-Disposable-Vape-9-360x360.jpg 360w, https:\/\/pgvape.com\/wp-content\/uploads\/2025\/11\/pgvape-Vozol-Rave-40000-Puffs-Disposable-Vape-9-595x595.jpg 595w, https:\/\/pgvape.com\/wp-content\/uploads\/2025\/11\/pgvape-Vozol-Rave-40000-Puffs-Disposable-Vape-9-400x400.jpg 400w, https:\/\/pgvape.com\/wp-content\/uploads\/2025\/11\/pgvape-Vozol-Rave-40000-Puffs-Disposable-Vape-9-768x768.jpg 768w, https:\/\/pgvape.com\/wp-content\/uploads\/2025\/11\/pgvape-Vozol-Rave-40000-Puffs-Disposable-Vape-9-12x12.jpg 12w, https:\/\/pgvape.com\/wp-content\/uploads\/2025\/11\/pgvape-Vozol-Rave-40000-Puffs-Disposable-Vape-9-300x300.jpg 300w, https:\/\/pgvape.com\/wp-content\/uploads\/2025\/11\/pgvape-Vozol-Rave-40000-Puffs-Disposable-Vape-9-600x600.jpg 600w, https:\/\/pgvape.com\/wp-content\/uploads\/2025\/11\/pgvape-Vozol-Rave-40000-Puffs-Disposable-Vape-9-100x100.jpg 100w, https:\/\/pgvape.com\/wp-content\/uploads\/2025\/11\/pgvape-Vozol-Rave-40000-Puffs-Disposable-Vape-9-40x40.jpg 40w\" sizes=\"auto, (max-width: 1200px) 100vw, 1200px\" \/><br \/>\n<\/strong><\/p>\n<p>&nbsp;<\/p>\n<h3><span style=\"font-size: 90%;\">Vozol Rave 40000 | 40K Puffs Jednorazowy waporyzator <strong>Wideo<\/strong>:<\/span><\/h3>\n<p>&nbsp;<\/p>\n<h2>Cz\u0119sto zadawane pytania dotycz\u0105ce Vozol Rave 40000 | 40K Puffs Jednorazowy waporyzator<\/h2>\n<p data-sourcepos=\"59:1-60:80\">\u2753 <strong data-sourcepos=\"59:3-59:47\">Co wyr\u00f3\u017cnia VOZOL RAVE 40K?<\/strong><br \/>\n\u2705 <strong data-sourcepos=\"60:3-60:78\">40 000 zaci\u0105gni\u0119\u0107 + 20 ml e-liquidu = najtrwalszy jednorazowy produkt na rynku<\/strong><\/p>\n<p data-sourcepos=\"62:1-63:102\">\u2753 <strong data-sourcepos=\"62:3-62:38\">Jak dzia\u0142a wy\u015bwietlacz 270\u00b0?<\/strong><br \/>\n\u2705 <strong data-sourcepos=\"63:7-63:69\">Beat-Sensing LED reaguje w czasie rzeczywistym na rytm wapowania<\/strong> \u2013 <strong data-sourcepos=\"63:72-63:100\">nowo\u015b\u0107 w kategorii wyrob\u00f3w jednorazowych!<\/strong><\/p>\n<p data-sourcepos=\"65:1-66:72\">\u2753 <strong data-sourcepos=\"65:3-65:32\">Czy mog\u0119 regulowa\u0107 przep\u0142yw powietrza?<\/strong><br \/>\n\u2705 Tak! <strong data-sourcepos=\"66:8-66:48\">Prze\u0142\u0105czaj pomi\u0119dzy ciasnym MTL lub przewiewnym DTL<\/strong> dla idealnego losowania.<\/p>\n<p data-sourcepos=\"68:1-69:94\">\u2753 <strong data-sourcepos=\"68:3-68:58\">Jaka jest r\u00f3\u017cnica mi\u0119dzy trybem zwyk\u0142ym i impulsowym?<br \/>\n<\/strong> \u2705 <strong data-sourcepos=\"69:3-69:15\">Regularny:<\/strong> G\u0142adkie, d\u0142ugotrwa\u0142e (40 tys. zaci\u0105gni\u0119\u0107) | <strong data-sourcepos=\"69:51-69:61\">Wzrost:<\/strong> Bardziej intensywna para (25 tys. zaci\u0105gni\u0119\u0107)<\/p>\n<p data-sourcepos=\"71:1-72:79\">\u2753 <strong data-sourcepos=\"71:3-71:44\">Kt\u00f3re smaki s\u0105 ulubie\u0144cami klient\u00f3w?<br \/>\n<\/strong> \u2705 <strong data-sourcepos=\"72:3-72:56\">Truskawkowa Brzoskwinia, Niebieski Razz Ice i Arbuzowy L\u00f3d<\/strong> Czy <strong data-sourcepos=\"72:61-72:76\">bestsellery<\/strong>!<\/p>\n<p>&nbsp;<\/p>\n<h3 id=\"brxe-najhln\" class=\"brxe-heading\">Cz\u0119sto zadawane pytania (FAQ)<\/h3>\n<div id=\"brxe-rajiac\" class=\"brxe-text\">\n<p><strong>P: Jakie metody p\u0142atno\u015bci akceptujecie?<\/strong><br \/>\nOdp.: Akceptujemy PayPal, Stripe, przelewy bankowe (obs\u0142ugiwane SEPA), g\u0142\u00f3wne karty kredytowe (Visa, MasterCard, American Express) i p\u0142atno\u015bci w kryptowalutach.<\/p>\n<p><strong>P: Jak d\u0142ugo trwa przygotowanie zam\u00f3wienia?<\/strong><br \/>\nOdp.: Przygotowanie zam\u00f3wienia zajmuje 1-3 dni robocze.<\/p>\n<p><strong>P: Jaki jest czas wysy\u0142ki?<\/strong><br \/>\nOdp.: Czas wysy\u0142ki wynosi 7-14 dni roboczych, w zale\u017cno\u015bci od Twojej lokalizacji.<\/p>\n<p><strong>P: Jak mog\u0119 \u015bledzi\u0107 moje zam\u00f3wienie?<\/strong><br \/>\nOdp.: Po wysy\u0142ce otrzymasz wiadomo\u015b\u0107 e-mail z potwierdzeniem i numerem przesy\u0142ki umo\u017cliwiaj\u0105cym \u015bledzenie w czasie rzeczywistym.<\/p>\n<p><strong>P: Jaka jest Twoja polityka zwrot\u00f3w?<\/strong><br \/>\nOdp.: Oferujemy 30-dniow\u0105 polityk\u0119 zwrot\u00f3w lub wymiany. .<\/p>\n<p><strong>P: Czy wyst\u0105pi\u0105 jakie\u015b problemy celne?<br \/>\n<\/strong>Obs\u0142ugujemy wszystkie procedury odprawy celnej, aby zapewni\u0107 Ci bezproblemow\u0105 obs\u0142ug\u0119. .<\/p>\n<p><strong>P: Jakie metody wysy\u0142ki s\u0105 stosowane?<\/strong><br \/>\nWsp\u00f3\u0142pracujemy z firmami UPS\/DHL\/FEDEX\/DPD itp. W zale\u017cno\u015bci od kraju dostawy wybierzemy odpowiedni\u0105 opcj\u0119 wysy\u0142ki, tak aby produkty dotar\u0142y do \u200b\u200bPa\u0144stwa najszybciej jak to mo\u017cliwe.<\/p>\n<p><a href=\"https:\/\/pgvape.com\/pl\/czesto-zadawane-pytania\/\">Kliknij tutaj, aby uzyska\u0107 wi\u0119cej cz\u0119sto zadawanych pyta\u0144<\/a><\/p>\n<p>Szanowni klienci, je\u015bli masz jakiekolwiek pytania dotycz\u0105ce zam\u00f3wienia lub przybycia towaru, skontaktuj si\u0119 z naszym dzia\u0142em obs\u0142ugi klienta. Dzi\u0119kuj\u0119!<\/p>\n<h3 data-sourcepos=\"73:1-73:21\"><strong data-sourcepos=\"73:7-73:21\">Skontaktuj si\u0119 z nami<\/strong><\/h3>\n<div id=\"text-2419739398\" class=\"text\">\n<p><strong data-sourcepos=\"75:3-75:12\">E-mail<\/strong>:\u00a0<a href=\"mailto:support@pgvape.com\"><strong>support@pgvape.com<\/strong><\/a><\/p>\n<p><strong data-sourcepos=\"76:3-76:15\">WhatsApp<\/strong>:\u00a0<a href=\"https:\/\/wa.me\/+8618128481258\"><strong>+86 18128481258<\/strong><\/a><br \/>\n<strong>(Odpowied\u017a w ci\u0105gu 24 godzin w dni robocze)<\/strong><\/p>\n<\/div>\n<h3><strong>Dzi\u0119kujemy za wybranie pgvape.com! .<\/strong><\/h3>\n<\/div>","protected":false},"excerpt":{"rendered":"<p><strong data-sourcepos=\"56:5-56:23\">VOZOL RAVE 40K<\/strong> \u0141\u0105czy <strong data-sourcepos=\"56:33-56:49\">40 000 zaci\u0105gni\u0119\u0107<\/strong>, <strong data-sourcepos=\"56:51-56:74\">Interaktywny wy\u015bwietlacz<\/strong>, I <strong data-sourcepos=\"56:80-56:94\">20 smak\u00f3w<\/strong> w A <strong data-sourcepos=\"56:100-56:136\">Wysokowydajny jednorazowy waporyzator<\/strong> Z <strong data-sourcepos=\"56:142-56:179\">Podw\u00f3jne tryby i regulowany przep\u0142yw powietrza<\/strong>. <strong data-sourcepos=\"56:5-56:23\">VOZOL RAVE 40K<\/strong> \u0141\u0105czy <strong data-sourcepos=\"56:33-56:49\">40 000 zaci\u0105gni\u0119\u0107<\/strong>, <strong data-sourcepos=\"56:51-56:74\">Interaktywny wy\u015bwietlacz<\/strong>, I <strong data-sourcepos=\"56:80-56:94\">20 smak\u00f3w<\/strong> w A <strong data-sourcepos=\"56:100-56:136\">Wysokowydajny jednorazowy waporyzator<\/strong> Z <strong data-sourcepos=\"56:142-56:179\">Podw\u00f3jne tryby i regulowany przep\u0142yw powietrza<\/strong>.<\/p>","protected":false},"featured_media":5199,"comment_status":"open","ping_status":"closed","template":"","meta":{"_seopress_robots_primary_cat":"none","_seopress_titles_title":"%%post_title%% %%sep%% %%sitetitle%%","_seopress_titles_desc":"","_seopress_robots_index":""},"product_brand":[516,411],"product_cat":[103,515,410],"product_tag":[422,421,413,135,90,203,204,420],"class_list":{"0":"post-5190","1":"product","2":"type-product","3":"status-publish","4":"has-post-thumbnail","6":"product_brand-disposable-vape","7":"product_brand-vozol-vape","8":"product_cat-40k-puffs-vape","9":"product_cat-disposable-vape","10":"product_cat-vozol-vape","11":"product_tag-270-beat-sensing-led","12":"product_tag-3d-curved-screen","13":"product_tag-40k-puffs-vape","14":"product_tag-adjustable-airflow","15":"product_tag-disposable-vape","16":"product_tag-shipment-from-eu","17":"product_tag-vape-factory-direct","18":"product_tag-vozol-rave-40000","20":"first","21":"instock","22":"sale","23":"shipping-taxable","24":"purchasable","25":"product-type-variable"},"_links":{"self":[{"href":"https:\/\/pgvape.com\/pl\/wp-json\/wp\/v2\/product\/5190","targetHints":{"allow":["GET"]}}],"collection":[{"href":"https:\/\/pgvape.com\/pl\/wp-json\/wp\/v2\/product"}],"about":[{"href":"https:\/\/pgvape.com\/pl\/wp-json\/wp\/v2\/types\/product"}],"replies":[{"embeddable":true,"href":"https:\/\/pgvape.com\/pl\/wp-json\/wp\/v2\/comments?post=5190"}],"wp:featuredmedia":[{"embeddable":true,"href":"https:\/\/pgvape.com\/pl\/wp-json\/wp\/v2\/media\/5199"}],"wp:attachment":[{"href":"https:\/\/pgvape.com\/pl\/wp-json\/wp\/v2\/media?parent=5190"}],"wp:term":[{"taxonomy":"product_brand","embeddable":true,"href":"https:\/\/pgvape.com\/pl\/wp-json\/wp\/v2\/product_brand?post=5190"},{"taxonomy":"product_cat","embeddable":true,"href":"https:\/\/pgvape.com\/pl\/wp-json\/wp\/v2\/product_cat?post=5190"},{"taxonomy":"product_tag","embeddable":true,"href":"https:\/\/pgvape.com\/pl\/wp-json\/wp\/v2\/product_tag?post=5190"}],"curies":[{"name":"wp","href":"https:\/\/api.w.org\/{rel}","templated":true}]}}