{"id":5151,"date":"2025-11-02T06:49:26","date_gmt":"2025-11-02T06:49:26","guid":{"rendered":"https:\/\/pgvape.com\/?post_type=product&#038;p=5151"},"modified":"2025-12-29T11:20:29","modified_gmt":"2025-12-29T11:20:29","slug":"vozol-star-20000-20k-zaciagniec-jednorazowy-vape-tryb-podwojnego-zasilania-lustrzany-ekran-vape-factory-direct","status":"publish","type":"product","link":"https:\/\/pgvape.com\/pl\/produkt\/vozol-star-20000-20k-zaciagniec-jednorazowy-vape-tryb-podwojnego-zasilania-lustrzany-ekran-vape-factory-direct\/","title":{"rendered":"Vozol Star 20000 20K Puffs Jednorazowy Vape Podw\u00f3jny tryb zasilania Lustrzany ekran Vape Factory Direct"},"content":{"rendered":"<p><strong data-sourcepos=\"6:5-6:45\">Jednorazowy waporyzator Vozol Star 20K Puffs<\/strong> dostarcza <strong data-sourcepos=\"6:55-6:80\">niezr\u00f3wnana wszechstronno\u015b\u0107<\/strong> z <strong data-sourcepos=\"6:86-6:106\">tryby podw\u00f3jnego zasilania<\/strong> ofiara <strong data-sourcepos=\"6:116-6:143\">20 000 zaci\u0105gni\u0119\u0107 (tryb Eco)<\/strong> Lub <strong data-sourcepos=\"6:147-6:176\">15 000 zaci\u0105gni\u0119\u0107 (tryb mocy)<\/strong>. <strong data-sourcepos=\"6:190-6:215\">Ekran lustrzany HD o przek\u0105tnej 2,2 cala<\/strong> dla statystyk w czasie rzeczywistym i <strong data-sourcepos=\"6:240-6:266\">Pojemno\u015b\u0107 e-liquidu 24 ml<\/strong>, jest zasilany przez <strong data-sourcepos=\"6:286-6:304\">Bateria 650 mAh<\/strong> z <strong data-sourcepos=\"6:310-6:339\">Technologia podw\u00f3jnej cewki siatkowej<\/strong> dla bogatego smaku. <strong data-sourcepos=\"6:369-6:391\">21 smak\u00f3w premium<\/strong> Na <strong data-sourcepos=\"6:395-6:419\">Si\u0142a nikotyny 5%<\/strong> w eleganckim, <strong data-sourcepos=\"6:432-6:453\">futurystyczny projekt<\/strong> kt\u00f3ry dzia\u0142a tak dobrze, jak wygl\u0105da.<\/p>\n<p>&nbsp;<\/p>\n<h2><span style=\"font-size: 90%;\">Vozol Star 20000 | 20K Ptysi Jednorazowy Vape <strong data-sourcepos=\"10:5-10:31\">Dane techniczne<\/strong><\/span><\/h2>\n<p><strong data-sourcepos=\"9:3-9:23\">Tryby podw\u00f3jnego zasilania<\/strong>:<\/p>\n<p><strong data-sourcepos=\"10:5-10:17\">Tryb ekologiczny<\/strong>: 20 000 zaci\u0105gni\u0119\u0107 (maksymalna wydajno\u015b\u0107)<\/p>\n<p><strong data-sourcepos=\"11:5-11:19\">Tryb zasilania<\/strong>: 15 000 zaci\u0105gni\u0119\u0107 (intensywne uderzenia)<\/p>\n<p><strong data-sourcepos=\"12:3-12:28\">Ekran lustrzany HD o przek\u0105tnej 2,2 cala<\/strong>: Wy\u015bwietla bateri\u0119, liczb\u0119 zaci\u0105gni\u0119\u0107 i tryb<\/p>\n<p><strong data-sourcepos=\"13:3-13:29\">Pojemno\u015b\u0107 24 ml e-p\u0142ynu<\/strong>: Przed\u0142u\u017cone sesje wapowania<\/p>\n<p><strong data-sourcepos=\"14:3-14:21\">Podw\u00f3jna cewka siatkowa<\/strong>: Zwi\u0119kszona produkcja smaku i pary<\/p>\n<p><strong data-sourcepos=\"15:3-15:34\">Akumulator 650 mAh<\/strong>: Niezawodna moc przez ca\u0142y dzie\u0144<\/p>\n<p><strong data-sourcepos=\"16:3-16:27\">5% Si\u0142a nikotyny<\/strong>: Satysfakcjonuj\u0105ce uderzenie w gard\u0142o<\/p>\n<p><strong data-sourcepos=\"17:3-17:24\">21 opcji smakowych<\/strong>: R\u00f3\u017cnorodne profile smakowe<\/p>\n<p><strong data-sourcepos=\"18:3-18:30\">Elegancki futurystyczny design<\/strong>: Stylowy i ergonomiczny<\/p>\n<p>&nbsp;<\/p>\n<h3><span style=\"font-size: 90%;\">Vozol Star 20000 | 20K Ptysi Jednorazowy Vape <strong data-sourcepos=\"22:5-22:20\">Lista smak\u00f3w<\/strong><\/span><\/h3>\n<p><strong data-sourcepos=\"30:4-30:21\">1. Niebieski Razz L\u00f3d<\/strong>\u00a0\u2013 Tarta jagodowa mro\u017cona<\/p>\n<p><strong data-sourcepos=\"31:4-31:23\">2. Burza jagodowa<\/strong>\u00a0\u2013 Intensywny podmuch jag\u00f3d<\/p>\n<p><strong data-sourcepos=\"32:4-32:19\">3. Wi\u015bniowa Cola<\/strong>\u00a0\u2013 Klasyczny skr\u0119t sodowy<\/p>\n<p><strong data-sourcepos=\"33:4-33:24\">4.Podw\u00f3jny l\u00f3d jab\u0142kowy<\/strong>\u00a0\u2013 Wyra\u017any chill o podw\u00f3jnym jab\u0142ku<\/p>\n<p><strong data-sourcepos=\"34:4-34:24\">5.Smok Strawnana<\/strong>\u00a0\u2013 Mieszanka owoc\u00f3w egzotycznych<\/p>\n<p><strong data-sourcepos=\"35:4-35:17\">6. L\u00f3d winogronowy<\/strong>\u00a0\u2013 Ch\u0142odny fioletowy wybuch<\/p>\n<p><strong data-sourcepos=\"36:4-36:23\">7. Soczysty l\u00f3d brzoskwiniowy<\/strong>\u00a0\u2013 S\u0142odki ch\u0142\u00f3d pestkowy<\/p>\n<p><strong data-sourcepos=\"37:4-37:18\">8. Cytryna Limonka<\/strong>\u00a0\u2013 Cytrusowy zing<\/p>\n<p><strong data-sourcepos=\"38:4-38:16\">9. Mi\u0142o\u015b\u0107 777<\/strong>\u00a0\u2013 Charakterystyczna owocowa mieszanka<\/p>\n<p><strong data-sourcepos=\"39:5-39:18\">10. L\u00f3d z mango<\/strong>\u00a0\u2013 Tropikalny mr\u00f3z<\/p>\n<p><strong data-sourcepos=\"40:5-40:22\">11. Mieszane jagody<\/strong>\u00a0\u2013 Mieszanka jagodowa<\/p>\n<p><strong data-sourcepos=\"41:5-41:32\">12. Pomara\u0144czowe liczi ananasowe<\/strong>\u00a0\u2013 Tropikalne trio<\/p>\n<p><strong data-sourcepos=\"42:5-42:31\">13. Arbuz brzoskwiniowo-mango<\/strong>\u00a0\u2013 Letnie owoce<\/p>\n<p><strong data-sourcepos=\"43:5-43:22\">14. Perfumy cytrynowe<\/strong>\u00a0\u2013 Jasne cytrusy<\/p>\n<p><strong data-sourcepos=\"44:5-44:45\">15.Malinowe Jab\u0142ko Arbuz Ananas<\/strong>\u00a0\u2013 Eksplozja owoc\u00f3w<\/p>\n<p><strong data-sourcepos=\"45:5-45:29\">16. Arbuz malinowy<\/strong>\u00a0\u2013 Kombinacja od\u015bwie\u017cenia jag\u00f3d<\/p>\n<p><strong data-sourcepos=\"46:5-46:24\">17.Truskawkowe Kiwi<\/strong>\u00a0\u2013 Klasyczny duet<\/p>\n<p><strong data-sourcepos=\"47:5-47:25\">18.Truskawkowe Mango<\/strong>\u00a0\u2013 Kremowo-s\u0142odka fuzja<\/p>\n<p><strong data-sourcepos=\"48:5-48:23\">19. Tropikalny wybuch<\/strong>\u00a0\u2013 Mieszanka inspirowana wysp\u0105<\/p>\n<p><strong data-sourcepos=\"49:5-49:23\">20. L\u00f3d arbuzowy<\/strong>\u00a0\u2013 Soczyste orze\u017awienie<br \/>\n<img loading=\"lazy\" decoding=\"async\" class=\"alignnone wp-image-5163 size-full\" src=\"https:\/\/pgvape.com\/wp-content\/uploads\/2025\/11\/pgvape-Vozol-Star-20000-20K-Puffs-Disposable-Vape-10.jpg\" alt=\"Plakat promocyjny VOZOL zatytu\u0142owany &#039;20 pysznych smak\u00f3w&#039; przedstawiaj\u0105cy dwadzie\u015bcia jednorazowych urz\u0105dze\u0144 do waporyzacji u\u0142o\u017conych w siatk\u0119 z nazwami smak\u00f3w i ilustracjami owoc\u00f3w lub napoj\u00f3w (przyk\u0142ady: guma do \u017cucia z arbuza, czarny l\u00f3d, l\u00f3d z mango, truskawka kiwi), zdj\u0119cia produkt\u00f3w z kolorowymi nakr\u0119tkami i ma\u0142ymi ikonami informuj\u0105cymi o trybach ECO i POWER z liczb\u0105 zaci\u0105gni\u0119\u0107 (Eco ~20 000, Moc ~15 000).\" width=\"1053\" height=\"1500\" srcset=\"https:\/\/pgvape.com\/wp-content\/uploads\/2025\/11\/pgvape-Vozol-Star-20000-20K-Puffs-Disposable-Vape-10.jpg 1053w, https:\/\/pgvape.com\/wp-content\/uploads\/2025\/11\/pgvape-Vozol-Star-20000-20K-Puffs-Disposable-Vape-10-253x360.jpg 253w, https:\/\/pgvape.com\/wp-content\/uploads\/2025\/11\/pgvape-Vozol-Star-20000-20K-Puffs-Disposable-Vape-10-595x848.jpg 595w, https:\/\/pgvape.com\/wp-content\/uploads\/2025\/11\/pgvape-Vozol-Star-20000-20K-Puffs-Disposable-Vape-10-281x400.jpg 281w, https:\/\/pgvape.com\/wp-content\/uploads\/2025\/11\/pgvape-Vozol-Star-20000-20K-Puffs-Disposable-Vape-10-768x1094.jpg 768w, https:\/\/pgvape.com\/wp-content\/uploads\/2025\/11\/pgvape-Vozol-Star-20000-20K-Puffs-Disposable-Vape-10-8x12.jpg 8w, https:\/\/pgvape.com\/wp-content\/uploads\/2025\/11\/pgvape-Vozol-Star-20000-20K-Puffs-Disposable-Vape-10-600x855.jpg 600w, https:\/\/pgvape.com\/wp-content\/uploads\/2025\/11\/pgvape-Vozol-Star-20000-20K-Puffs-Disposable-Vape-10-28x40.jpg 28w\" sizes=\"auto, (max-width: 1053px) 100vw, 1053px\" \/><\/p>\n<p>&nbsp;<\/p>\n<h3><span style=\"font-size: 90%;\">Vozol Star 20000 | 20K Ptysi Jednorazowy Vape <strong>Wideo<\/strong>:<\/span><\/h3>\n<p>&nbsp;<\/p>\n<h2>Cz\u0119sto zadawane pytania dotycz\u0105ce Vozol Star 20000 | Jednorazowy waporyzator 20K Puffs<\/h2>\n<p data-sourcepos=\"53:1-54:85\">\u2753 <strong data-sourcepos=\"53:3-53:35\">Jak dzia\u0142aj\u0105 tryby zasilania?<\/strong><br \/>\n\u2705 <strong data-sourcepos=\"54:3-54:15\">Tryb ekologiczny<\/strong> zwi\u0119ksza liczb\u0119 zaci\u0105gni\u0119\u0107 (20 tys.), podczas gdy <strong data-sourcepos=\"54:48-54:62\">Tryb zasilania<\/strong> zwi\u0119ksza intensywno\u015b\u0107 (15K)<\/p>\n<p data-sourcepos=\"56:1-57:84\">\u2753 <strong data-sourcepos=\"56:3-56:28\">Czy ekran jest przydatny?<\/strong><br \/>\n\u2705 <strong data-sourcepos=\"57:7-57:26\">Wy\u015bwietlacz HD o przek\u0105tnej 2,2 cala<\/strong> pokazuje bateri\u0119 w czasie rzeczywistym, pozosta\u0142\u0105 ilo\u015b\u0107 zaci\u0105gni\u0119\u0107 i tryb aktywny<\/p>\n<p data-sourcepos=\"59:1-60:76\">\u2753 <strong data-sourcepos=\"59:3-59:32\">Jaka jest jako\u015b\u0107 smaku?<\/strong><br \/>\n\u2705 <strong data-sourcepos=\"60:3-60:22\">Podw\u00f3jne cewki siatkowe<\/strong> dostarcza\u0107 <strong data-sourcepos=\"60:31-60:50\">40% wi\u0119cej smaku<\/strong> ni\u017c standardowe jednorazowe<\/p>\n<p data-sourcepos=\"62:1-63:67\">\u2753 <strong data-sourcepos=\"62:3-62:29\">Dla kogo jest to idealne rozwi\u0105zanie?<br \/>\n<\/strong> \u2705 Ch\u0119tni na waper\u00f3w <strong data-sourcepos=\"63:18-63:47\">d\u0142ugowieczno\u015b\u0107 + personalizacja<\/strong> w stylowym urz\u0105dzeniu<\/p>\n<p data-sourcepos=\"65:1-66:88\">\u2753 <strong data-sourcepos=\"65:3-65:38\">Kt\u00f3re smaki ciesz\u0105 si\u0119 najwi\u0119ksz\u0105 popularno\u015bci\u0105?<\/strong><br \/>\n\u2705 <strong data-sourcepos=\"66:3-66:20\">Niebieski Razz L\u00f3d<\/strong>, <strong data-sourcepos=\"66:22-66:40\">Arbuzowy l\u00f3d<\/strong>, I <strong data-sourcepos=\"66:46-66:65\">Truskawkowe Kiwi<\/strong> s\u0105 ulubie\u0144cami klient\u00f3w<\/p>\n<div class=\"woocommerce-tabs wc-tabs-wrapper container tabbed-content\">\n<div class=\"tab-panels\">\n<div id=\"tab-description\" class=\"woocommerce-Tabs-panel woocommerce-Tabs-panel--description panel entry-content active\" role=\"tabpanel\" aria-labelledby=\"tab-title-description\">\n<p>&nbsp;<\/p>\n<h3 id=\"brxe-najhln\" class=\"brxe-heading\">Cz\u0119sto zadawane pytania (FAQ)<\/h3>\n<div id=\"brxe-rajiac\" class=\"brxe-text\">\n<p><strong>P: Jakie metody p\u0142atno\u015bci akceptujecie?<\/strong><br \/>\nOdp.: Akceptujemy PayPal, Stripe, przelewy bankowe (obs\u0142ugiwane SEPA), g\u0142\u00f3wne karty kredytowe (Visa, MasterCard, American Express) i p\u0142atno\u015bci w kryptowalutach.<\/p>\n<p><strong>P: Jak d\u0142ugo trwa przygotowanie zam\u00f3wienia?<\/strong><br \/>\nOdp.: Przygotowanie zam\u00f3wienia zajmuje 1-3 dni robocze.<\/p>\n<p><strong>P: Jaki jest czas wysy\u0142ki?<\/strong><br \/>\nOdp.: Czas wysy\u0142ki wynosi 7-14 dni roboczych, w zale\u017cno\u015bci od Twojej lokalizacji.<\/p>\n<p><strong>P: Jak mog\u0119 \u015bledzi\u0107 moje zam\u00f3wienie?<\/strong><br \/>\nOdp.: Po wysy\u0142ce otrzymasz wiadomo\u015b\u0107 e-mail z potwierdzeniem i numerem przesy\u0142ki umo\u017cliwiaj\u0105cym \u015bledzenie w czasie rzeczywistym.<\/p>\n<p><strong>P: Jaka jest Twoja polityka zwrot\u00f3w?<\/strong><br \/>\nOdp.: Oferujemy 30-dniow\u0105 polityk\u0119 zwrot\u00f3w lub wymiany. .<\/p>\n<p><strong>P: Czy wyst\u0105pi\u0105 jakie\u015b problemy celne?<br \/>\n<\/strong>Obs\u0142ugujemy wszystkie procedury odprawy celnej, aby zapewni\u0107 Ci bezproblemow\u0105 obs\u0142ug\u0119. .<\/p>\n<p><strong>P: Jakie metody wysy\u0142ki s\u0105 stosowane?<\/strong><br \/>\nWsp\u00f3\u0142pracujemy z firmami UPS\/DHL\/FEDEX\/DPD itp. W zale\u017cno\u015bci od kraju dostawy wybierzemy odpowiedni\u0105 opcj\u0119 wysy\u0142ki, tak aby produkty dotar\u0142y do \u200b\u200bPa\u0144stwa najszybciej jak to mo\u017cliwe.<\/p>\n<p><a href=\"https:\/\/pgvape.com\/pl\/czesto-zadawane-pytania\/\">Kliknij tutaj, aby uzyska\u0107 wi\u0119cej cz\u0119sto zadawanych pyta\u0144<\/a><\/p>\n<p>Szanowni klienci, je\u015bli masz jakiekolwiek pytania dotycz\u0105ce zam\u00f3wienia lub przybycia towaru, skontaktuj si\u0119 z naszym dzia\u0142em obs\u0142ugi klienta. Dzi\u0119kuj\u0119!<\/p>\n<h3 data-sourcepos=\"73:1-73:21\"><strong data-sourcepos=\"73:7-73:21\">Skontaktuj si\u0119 z nami<\/strong><\/h3>\n<div id=\"text-2419739398\" class=\"text\">\n<p><strong data-sourcepos=\"75:3-75:12\">E-mail<\/strong>:\u00a0<a href=\"mailto:support@pgvape.com\"><strong>support@pgvape.com<\/strong><\/a><\/p>\n<p><strong data-sourcepos=\"76:3-76:15\">WhatsApp<\/strong>:\u00a0<a href=\"https:\/\/wa.me\/+8618128481258\"><strong>+86 18128481258<\/strong><\/a><br \/>\n<strong>(Odpowied\u017a w ci\u0105gu 24 godzin w dni robocze)<\/strong><\/p>\n<\/div>\n<h3><strong>Dzi\u0119kujemy za wybranie pgvape.com! .<\/strong><\/h3>\n<\/div>\n<\/div>\n<div id=\"tab-reviews\" class=\"woocommerce-Tabs-panel woocommerce-Tabs-panel--reviews panel entry-content\" role=\"tabpanel\" aria-labelledby=\"tab-title-reviews\">\n<div id=\"reviews\" class=\"woocommerce-Reviews row\">\n<div id=\"review_form_wrapper\" class=\"large-12 col\">\n<div id=\"review_form\" class=\"col-inner\">\n<div class=\"review-form-inner has-border\">\n<div id=\"respond\" class=\"comment-respond\">\n<form id=\"commentform\" class=\"comment-form\" action=\"https:\/\/pgvape.com\/wp-comments-post.php\" enctype=\"multipart\/form-data\" method=\"post\" data-trp-original-action=\"https:\/\/pgvape.com\/wp-comments-post.php\">\n<p class=\"comment-form-comment\">\n<input type=\"hidden\" name=\"trp-form-language\" value=\"pl\"\/><\/form>\n<\/div>\n<\/div>\n<\/div>\n<\/div>\n<\/div>\n<\/div>\n<\/div>\n<\/div>","protected":false},"excerpt":{"rendered":"<p><strong data-sourcepos=\"69:5-69:23\">Vozol Gwiazda 20K<\/strong> \u0142\u0105czy <strong data-sourcepos=\"69:33-69:58\">wydajno\u015b\u0107 w dw\u00f3ch trybach<\/strong>, <strong data-sourcepos=\"69:60-69:80\">Inteligentny wy\u015bwietlacz HD<\/strong>, I <strong data-sourcepos=\"69:86-69:107\">21 opcji smakowych<\/strong> w futurystycznym jednorazowym waporyzatorze <strong data-sourcepos=\"69:145-69:172\">niezr\u00f3wnana pojemno\u015b\u0107 24 ml<\/strong>.<\/p>","protected":false},"featured_media":5164,"comment_status":"open","ping_status":"closed","template":"","meta":{"_seopress_robots_primary_cat":"none","_seopress_titles_title":"%%post_title%% %%sep%% %%sitetitle%%","_seopress_titles_desc":"","_seopress_robots_index":""},"product_brand":[411],"product_cat":[84,410],"product_tag":[367,418,419,203,204,417],"class_list":{"0":"post-5151","1":"product","2":"type-product","3":"status-publish","4":"has-post-thumbnail","6":"product_brand-vozol-vape","7":"product_cat-20k-puffs-vape","8":"product_cat-vozol-vape","9":"product_tag-20k-puffs-vape","10":"product_tag-dual-power-mode","11":"product_tag-mirror-screen","12":"product_tag-shipment-from-eu","13":"product_tag-vape-factory-direct","14":"product_tag-vozol-star-20","15":"product_shipping_class-overseas-warehouse","17":"first","18":"outofstock","19":"sale","20":"shipping-taxable","21":"purchasable","22":"product-type-variable"},"_links":{"self":[{"href":"https:\/\/pgvape.com\/pl\/wp-json\/wp\/v2\/product\/5151","targetHints":{"allow":["GET"]}}],"collection":[{"href":"https:\/\/pgvape.com\/pl\/wp-json\/wp\/v2\/product"}],"about":[{"href":"https:\/\/pgvape.com\/pl\/wp-json\/wp\/v2\/types\/product"}],"replies":[{"embeddable":true,"href":"https:\/\/pgvape.com\/pl\/wp-json\/wp\/v2\/comments?post=5151"}],"wp:featuredmedia":[{"embeddable":true,"href":"https:\/\/pgvape.com\/pl\/wp-json\/wp\/v2\/media\/5164"}],"wp:attachment":[{"href":"https:\/\/pgvape.com\/pl\/wp-json\/wp\/v2\/media?parent=5151"}],"wp:term":[{"taxonomy":"product_brand","embeddable":true,"href":"https:\/\/pgvape.com\/pl\/wp-json\/wp\/v2\/product_brand?post=5151"},{"taxonomy":"product_cat","embeddable":true,"href":"https:\/\/pgvape.com\/pl\/wp-json\/wp\/v2\/product_cat?post=5151"},{"taxonomy":"product_tag","embeddable":true,"href":"https:\/\/pgvape.com\/pl\/wp-json\/wp\/v2\/product_tag?post=5151"}],"curies":[{"name":"wp","href":"https:\/\/api.w.org\/{rel}","templated":true}]}}