{"id":5086,"date":"2025-11-02T05:03:19","date_gmt":"2025-11-02T05:03:19","guid":{"rendered":"https:\/\/pgvape.com\/?post_type=product&#038;p=5086"},"modified":"2026-01-27T07:58:26","modified_gmt":"2026-01-27T07:58:26","slug":"vozol-star-40000-40k-zaciagniec-podwojny-tryb-jednorazowy-vape-zakrzywiony-ekran-led-vape-factory-direct","status":"publish","type":"product","link":"https:\/\/pgvape.com\/pl\/produkt\/vozol-star-40000-40k-zaciagniec-podwojny-tryb-jednorazowy-vape-zakrzywiony-ekran-led-vape-factory-direct\/","title":{"rendered":"Vozol Star 40000 40K Puffs Podw\u00f3jny tryb Jednorazowy zakrzywiony ekran LED Vape Vape Factory Direct"},"content":{"rendered":"<p><strong data-sourcepos=\"8:5-8:39\">Jednorazowy waporyzator Vozol Star 40K<\/strong> jest <strong data-sourcepos=\"8:47-8:93\">ostateczny wyb\u00f3r hurtowy dla dostawc\u00f3w z UE<\/strong>, ofiara <strong data-sourcepos=\"8:104-8:120\">40 000 zaci\u0105gni\u0119\u0107<\/strong> (Tryb Eco) i <strong data-sourcepos=\"8:136-8:152\">20 000 zaci\u0105gni\u0119\u0107<\/strong> (Tryb zasilania). <strong data-sourcepos=\"8:180-8:212\">Akumulator o pojemno\u015bci 1000 MAH<\/strong> z <strong data-sourcepos=\"8:218-8:242\">Szybkie \u0142adowanie typu C<\/strong>, charakteryzuje si\u0119 <strong data-sourcepos=\"8:256-8:275\">podw\u00f3jne cewki siatkowe<\/strong> z <strong data-sourcepos=\"8:281-8:300\">Technologia VAMT<\/strong> Do <strong data-sourcepos=\"8:305-8:323\">intensywny smak<\/strong> I <strong data-sourcepos=\"8:328-8:344\">g\u0142adka para<\/strong>. <strong data-sourcepos=\"8:350-8:372\">regulowany przep\u0142yw powietrza<\/strong> I <strong data-sourcepos=\"8:377-8:403\">falisty, zakrzywiony ekran LED<\/strong> (pokazuje bateri\u0119, liczb\u0119 zaci\u0105gni\u0119\u0107 i tryb) sprawia, \u017ce \u200b\u200bjest to a <strong data-sourcepos=\"8:454-8:480\">najlepiej sprzedaj\u0105ce si\u0119 produkty jednorazowe<\/strong> dla sprzedawc\u00f3w detalicznych.<img loading=\"lazy\" decoding=\"async\" class=\"alignnone wp-image-5114 size-full\" src=\"https:\/\/pgvape.com\/wp-content\/uploads\/2025\/11\/pgvape-Vozol-Star-40000-Puffs-Dual-Mode-Disposable-Vape-8.jpg\" alt=\"Rz\u0105d kolorowych urz\u0105dze\u0144 przeno\u015bnych Vozol Star 40000 z charakterystycznymi pionowymi, falistymi, pod\u015bwietlanymi ekranami i p\u0119telkowymi uchwytami, odbitymi na faluj\u0105cej powierzchni przypominaj\u0105cej wod\u0119 na futurystycznym, niebieskim, falistym tle architektonicznym i du\u017cym nag\u0142\u00f3wkiem z napisem \u201cPierwszy falisty ekran w historii\u201d.\" width=\"1800\" height=\"899\" srcset=\"https:\/\/pgvape.com\/wp-content\/uploads\/2025\/11\/pgvape-Vozol-Star-40000-Puffs-Dual-Mode-Disposable-Vape-8.jpg 1800w, https:\/\/pgvape.com\/wp-content\/uploads\/2025\/11\/pgvape-Vozol-Star-40000-Puffs-Dual-Mode-Disposable-Vape-8-555x277.jpg 555w, https:\/\/pgvape.com\/wp-content\/uploads\/2025\/11\/pgvape-Vozol-Star-40000-Puffs-Dual-Mode-Disposable-Vape-8-595x297.jpg 595w, https:\/\/pgvape.com\/wp-content\/uploads\/2025\/11\/pgvape-Vozol-Star-40000-Puffs-Dual-Mode-Disposable-Vape-8-400x200.jpg 400w, https:\/\/pgvape.com\/wp-content\/uploads\/2025\/11\/pgvape-Vozol-Star-40000-Puffs-Dual-Mode-Disposable-Vape-8-768x384.jpg 768w, https:\/\/pgvape.com\/wp-content\/uploads\/2025\/11\/pgvape-Vozol-Star-40000-Puffs-Dual-Mode-Disposable-Vape-8-1536x767.jpg 1536w, https:\/\/pgvape.com\/wp-content\/uploads\/2025\/11\/pgvape-Vozol-Star-40000-Puffs-Dual-Mode-Disposable-Vape-8-18x9.jpg 18w, https:\/\/pgvape.com\/wp-content\/uploads\/2025\/11\/pgvape-Vozol-Star-40000-Puffs-Dual-Mode-Disposable-Vape-8-600x300.jpg 600w, https:\/\/pgvape.com\/wp-content\/uploads\/2025\/11\/pgvape-Vozol-Star-40000-Puffs-Dual-Mode-Disposable-Vape-8-60x30.jpg 60w\" sizes=\"auto, (max-width: 1800px) 100vw, 1800px\" \/><\/p>\n<p>&nbsp;<\/p>\n<h2><span style=\"font-size: 90%;\">Jednorazowy waporyzator Vozol Star 40000 Puffs Dual Mode <strong data-sourcepos=\"10:5-10:31\">Dane techniczne<\/strong><\/span><\/h2>\n<p><strong data-sourcepos=\"18:3-18:17\">Liczba puf\u00f3w<\/strong>:\u00a0<strong data-sourcepos=\"18:19-18:40\">40 000 (tryb ekologiczny)<\/strong>\u00a0\/\u00a0<strong data-sourcepos=\"18:43-18:66\">20 000 (tryb zasilania)<\/strong><\/p>\n<p><strong data-sourcepos=\"19:3-19:14\">Bateria<\/strong>:\u00a0<strong data-sourcepos=\"19:16-19:40\">Akumulator 1000 MAH<\/strong>\u00a0(<strong data-sourcepos=\"19:42-19:66\">Szybkie \u0142adowanie typu C<\/strong>)<\/p>\n<p><strong data-sourcepos=\"20:3-20:11\">Cewka<\/strong>:\u00a0<strong data-sourcepos=\"20:13-20:39\">Podw\u00f3jna siatka z technologi\u0105 VAMT<\/strong>\u00a0(wzmocniony smak i para)<\/p>\n<p><strong data-sourcepos=\"21:3-21:14\">Przep\u0142yw powietrza<\/strong>:\u00a0<strong data-sourcepos=\"21:16-21:30\">Nastawny<\/strong>\u00a0(Dostosowanie MTL\/DTL)<\/p>\n<p><strong data-sourcepos=\"22:3-22:14\">Wy\u015bwietlacz<\/strong>:\u00a0<strong data-sourcepos=\"22:16-22:37\">Zakrzywiony ekran LED<\/strong>\u00a0(Bateria %, liczba zaci\u0105gni\u0119\u0107, tryb)<\/p>\n<p><strong data-sourcepos=\"23:3-23:15\">Nikotyna<\/strong>:\u00a0<strong data-sourcepos=\"23:17-23:30\">5% (50MG)<\/strong>\u00a0Lub\u00a0<strong data-sourcepos=\"23:34-23:47\">2% (20MG)<\/strong><\/p>\n<p><strong data-sourcepos=\"24:3-24:14\">Smaki<\/strong>:\u00a0<strong data-sourcepos=\"24:16-24:38\">25 opcji premium<\/strong>\u00a0(Owocowy, Mentolowy, Deser)<\/p>\n<p>&nbsp;<\/p>\n<h3><span style=\"font-size: 90%;\">Jednorazowy waporyzator Vozol Star 40000 Puffs Dual Mode <strong data-sourcepos=\"22:5-22:20\">Lista smak\u00f3w<\/strong><\/span><\/h3>\n<p><strong data-sourcepos=\"29:4-29:21\">1. Niebieski Razz L\u00f3d<\/strong><\/p>\n<p><strong data-sourcepos=\"30:4-30:21\">2.L\u00f3d jagodowy<\/strong><\/p>\n<p><strong data-sourcepos=\"31:4-31:22\">3. Jagoda Mi\u0119ta<\/strong><\/p>\n<p><strong data-sourcepos=\"32:4-32:28\">4. Arbuz jagodowy<\/strong><\/p>\n<p><strong data-sourcepos=\"33:4-33:36\">5. Jagody grejpfrutowe Cherimoya<\/strong><\/p>\n<p><strong data-sourcepos=\"34:4-34:19\">6. Wi\u015bniowa Cola<\/strong><\/p>\n<p><strong data-sourcepos=\"35:4-35:17\">7. Fajna mi\u0119ta<\/strong><\/p>\n<p><strong data-sourcepos=\"36:4-36:17\">8. L\u00f3d winogronowy<\/strong><\/p>\n<p><strong data-sourcepos=\"37:4-37:17\">9. L\u00f3d z mango<\/strong><\/p>\n<p><strong data-sourcepos=\"38:5-38:20\">10.Brzoskwinia Mango<\/strong><\/p>\n<p><strong data-sourcepos=\"39:5-39:18\">11. Guma Melonowa<\/strong><\/p>\n<p><strong data-sourcepos=\"40:5-40:18\">12.L\u00f3d Melonowy<\/strong><\/p>\n<p><strong data-sourcepos=\"41:5-41:18\">13.Brzoskwiniowy l\u00f3d<\/strong><\/p>\n<p><strong data-sourcepos=\"42:5-42:23\">14. Kwa\u015bny l\u00f3d jab\u0142kowy<\/strong><\/p>\n<p><strong data-sourcepos=\"43:5-43:23\">15.L\u00f3d truskawkowy<\/strong><\/p>\n<p><strong data-sourcepos=\"44:5-44:24\">16.Truskawkowe Kiwi<\/strong><\/p>\n<p><strong data-sourcepos=\"45:5-45:30\">17. Arbuz Truskawkowy<\/strong><\/p>\n<p><strong data-sourcepos=\"46:5-46:25\">18. Brzoskwinia truskawkowa<\/strong><\/p>\n<p><strong data-sourcepos=\"47:5-47:23\">19. Tyto\u0144<\/strong><\/p>\n<p><strong data-sourcepos=\"48:5-48:15\">20.Vzbull<\/strong>\u00a0(nap\u00f3j energetyczny)<\/p>\n<p><strong data-sourcepos=\"49:5-49:30\">21. Arbuzowa guma balonowa<\/strong><\/p>\n<p><strong data-sourcepos=\"50:5-50:37\">22.Arbuz winogronowy Boysenberry<\/strong><\/p>\n<p><strong data-sourcepos=\"51:5-51:23\">23. L\u00f3d arbuzowy<\/strong><\/p>\n<p><strong data-sourcepos=\"52:5-52:30\">24. Arbuz Kwa\u015bna Brzoskwinia<\/strong><\/p>\n<p><strong data-sourcepos=\"53:5-53:30\">25. Bia\u0142a Brzoskwinia Malina<img loading=\"lazy\" decoding=\"async\" class=\"alignnone wp-image-5112 size-full\" src=\"https:\/\/pgvape.com\/wp-content\/uploads\/2025\/11\/pgvape-Vozol-Star-40000-Puffs-Dual-Mode-Disposable-Vape-6.jpg\" alt=\"Plakat promocyjny jednorazowych urz\u0105dze\u0144 do waporyzacji VOZOL STAR 40000 przedstawiaj\u0105cy rz\u0119dy bia\u0142ych prostok\u0105tnych urz\u0105dze\u0144 z kolorowymi ustnikami i nazwami smak\u00f3w (np. Watermelon Ice, Grape Ice, Mango Ice, Peach Ice, Strawberry Ice, Sour Apple, Blueberry Ice, Cool Mint, Cherry Cola, Tobacco, Melon Gum) oraz najlepsze specyfikacje z falowanym zakrzywionym ekranem, podw\u00f3jn\u0105 siatkow\u0105 cewk\u0105, .\" width=\"1800\" height=\"873\" srcset=\"https:\/\/pgvape.com\/wp-content\/uploads\/2025\/11\/pgvape-Vozol-Star-40000-Puffs-Dual-Mode-Disposable-Vape-6.jpg 1800w, https:\/\/pgvape.com\/wp-content\/uploads\/2025\/11\/pgvape-Vozol-Star-40000-Puffs-Dual-Mode-Disposable-Vape-6-555x269.jpg 555w, https:\/\/pgvape.com\/wp-content\/uploads\/2025\/11\/pgvape-Vozol-Star-40000-Puffs-Dual-Mode-Disposable-Vape-6-595x289.jpg 595w, https:\/\/pgvape.com\/wp-content\/uploads\/2025\/11\/pgvape-Vozol-Star-40000-Puffs-Dual-Mode-Disposable-Vape-6-400x194.jpg 400w, https:\/\/pgvape.com\/wp-content\/uploads\/2025\/11\/pgvape-Vozol-Star-40000-Puffs-Dual-Mode-Disposable-Vape-6-768x372.jpg 768w, https:\/\/pgvape.com\/wp-content\/uploads\/2025\/11\/pgvape-Vozol-Star-40000-Puffs-Dual-Mode-Disposable-Vape-6-1536x745.jpg 1536w, https:\/\/pgvape.com\/wp-content\/uploads\/2025\/11\/pgvape-Vozol-Star-40000-Puffs-Dual-Mode-Disposable-Vape-6-18x9.jpg 18w, https:\/\/pgvape.com\/wp-content\/uploads\/2025\/11\/pgvape-Vozol-Star-40000-Puffs-Dual-Mode-Disposable-Vape-6-600x291.jpg 600w, https:\/\/pgvape.com\/wp-content\/uploads\/2025\/11\/pgvape-Vozol-Star-40000-Puffs-Dual-Mode-Disposable-Vape-6-60x29.jpg 60w\" sizes=\"auto, (max-width: 1800px) 100vw, 1800px\" \/><\/strong><\/p>\n<p>&nbsp;<\/p>\n<h3><span style=\"font-size: 90%;\">Jednorazowy waporyzator Vozol Star 40000 Puffs Dual Mode <strong>Wideo<\/strong>:<\/span><\/h3>\n<p>&nbsp;<\/p>\n<h2>Cz\u0119sto zadawane pytania dotycz\u0105ce jednorazowego waporyzatora Vozol Star 40000 Puffs Dual Mode<\/h2>\n<p data-sourcepos=\"58:1-61:72\">\u2753 <strong data-sourcepos=\"58:3-58:35\">Dlaczego wybra\u0107 to dla mojego sklepu?<\/strong><br \/>\n\u2705 <strong data-sourcepos=\"59:3-59:26\">Wysokie mar\u017ce zysku<\/strong> \u2013 D\u0142ugotrwa\u0142e artyku\u0142y jednorazowego u\u017cytku = stali klienci<br \/>\n\u2705 <strong data-sourcepos=\"60:3-60:27\">Zapasy w UE = brak op\u00f3\u017anie\u0144<\/strong> \u2013 Unikaj podatk\u00f3w importowych i problem\u00f3w z wysy\u0142k\u0105<br \/>\n\u2705 <strong data-sourcepos=\"61:3-61:17\">25 smak\u00f3w<\/strong> przyci\u0105gn\u0105\u0107 r\u00f3\u017cnorodnych nabywc\u00f3w (mi\u0142o\u015bnik\u00f3w owoc\u00f3w, lod\u00f3w, deser\u00f3w)<\/p>\n<p data-sourcepos=\"63:1-64:91\">\u2753 <strong data-sourcepos=\"63:3-63:40\">W jaki spos\u00f3b technologia VAMT poprawia sprzeda\u017c?<br \/>\n<\/strong> \u2705 <strong data-sourcepos=\"64:3-64:42\">Podw\u00f3jne cewki siatkowe + zoptymalizowane ogrzewanie<\/strong> = <strong data-sourcepos=\"64:45-64:74\">30% wi\u0119ksza trwa\u0142o\u015b\u0107 smaku<\/strong> vs konkurenci<\/p>\n<p data-sourcepos=\"66:1-67:73\">\u2753 <strong data-sourcepos=\"66:3-66:36\">Czy zakrzywiony wy\u015bwietlacz pomaga?<br \/>\n<\/strong> \u2705 Klienci uwielbiaj\u0105 <strong data-sourcepos=\"67:22-67:38\">wygl\u0105d premium<\/strong> I <strong data-sourcepos=\"67:43-67:71\">\u015bledzenie u\u017cytkowania w czasie rzeczywistym<\/strong><\/p>\n<p data-sourcepos=\"69:1-70:80\">\u2753 <strong data-sourcepos=\"69:3-69:34\">Kt\u00f3re smaki sprzedaj\u0105 si\u0119 najszybciej?<br \/>\n<\/strong> \u2705 <strong data-sourcepos=\"70:3-70:20\">3 najlepszych sprzedawc\u00f3w<\/strong>: <strong data-sourcepos=\"70:22-70:39\">Niebieski Razz L\u00f3d<\/strong>, <strong data-sourcepos=\"70:41-70:66\">Arbuz Truskawkowy<\/strong>, <strong data-sourcepos=\"70:68-70:78\">Vzbull<\/strong><\/p>\n<p>&nbsp;<\/p>\n<h3 id=\"brxe-najhln\" class=\"brxe-heading\">Cz\u0119sto zadawane pytania (FAQ)<\/h3>\n<div id=\"brxe-rajiac\" class=\"brxe-text\">\n<p><strong>P: Jakie metody p\u0142atno\u015bci akceptujecie?<\/strong><br \/>\nOdp.: Akceptujemy PayPal, Stripe, przelewy bankowe (obs\u0142ugiwane SEPA), g\u0142\u00f3wne karty kredytowe (Visa, MasterCard, American Express) i p\u0142atno\u015bci w kryptowalutach.<\/p>\n<p><strong>P: Jak d\u0142ugo trwa przygotowanie zam\u00f3wienia?<\/strong><br \/>\nOdp.: Przygotowanie zam\u00f3wienia zajmuje 1-3 dni robocze.<\/p>\n<p><strong>P: Jaki jest czas wysy\u0142ki?<\/strong><br \/>\nOdp.: Czas wysy\u0142ki wynosi 7-14 dni roboczych, w zale\u017cno\u015bci od Twojej lokalizacji.<\/p>\n<p><strong>P: Jak mog\u0119 \u015bledzi\u0107 moje zam\u00f3wienie?<\/strong><br \/>\nOdp.: Po wysy\u0142ce otrzymasz wiadomo\u015b\u0107 e-mail z potwierdzeniem i numerem przesy\u0142ki umo\u017cliwiaj\u0105cym \u015bledzenie w czasie rzeczywistym.<\/p>\n<p><strong>P: Jaka jest Twoja polityka zwrot\u00f3w?<\/strong><br \/>\nOdp.: Oferujemy 30-dniow\u0105 polityk\u0119 zwrot\u00f3w lub wymiany. .<\/p>\n<p><strong>P: Czy wyst\u0105pi\u0105 jakie\u015b problemy celne?<br \/>\n<\/strong>Obs\u0142ugujemy wszystkie procedury odprawy celnej, aby zapewni\u0107 Ci bezproblemow\u0105 obs\u0142ug\u0119. .<\/p>\n<p><strong>P: Jakie metody wysy\u0142ki s\u0105 stosowane?<\/strong><br \/>\nWsp\u00f3\u0142pracujemy z firmami UPS\/DHL\/FEDEX\/DPD itp. W zale\u017cno\u015bci od kraju dostawy wybierzemy odpowiedni\u0105 opcj\u0119 wysy\u0142ki, tak aby produkty dotar\u0142y do \u200b\u200bPa\u0144stwa najszybciej jak to mo\u017cliwe.<\/p>\n<p><a href=\"https:\/\/pgvape.com\/pl\/czesto-zadawane-pytania\/\">Kliknij tutaj, aby uzyska\u0107 wi\u0119cej cz\u0119sto zadawanych pyta\u0144<\/a><\/p>\n<p>Szanowni klienci, je\u015bli masz jakiekolwiek pytania dotycz\u0105ce zam\u00f3wienia lub przybycia towaru, skontaktuj si\u0119 z naszym dzia\u0142em obs\u0142ugi klienta. Dzi\u0119kuj\u0119!<\/p>\n<h3 data-sourcepos=\"73:1-73:21\"><strong data-sourcepos=\"73:7-73:21\">Skontaktuj si\u0119 z nami<\/strong><\/h3>\n<div id=\"text-2419739398\" class=\"text\">\n<p><strong data-sourcepos=\"75:3-75:12\">E-mail<\/strong>:\u00a0<a href=\"mailto:support@pgvape.com\"><strong>support@pgvape.com<\/strong><\/a><\/p>\n<p><strong data-sourcepos=\"76:3-76:15\">WhatsApp<\/strong>:\u00a0<a href=\"https:\/\/wa.me\/+8618128481258\"><strong>+86 18128481258<\/strong><\/a><br \/>\n<strong>(Odpowied\u017a w ci\u0105gu 24 godzin w dni robocze)<\/strong><\/p>\n<\/div>\n<h3><strong>Dzi\u0119kujemy za wybranie pgvape.com! .<\/strong><\/h3>\n<\/div>","protected":false},"excerpt":{"rendered":"<p data-sourcepos=\"75:1-75:221\"><strong data-sourcepos=\"75:5-75:23\">Vozol Gwiazda 40K<\/strong> jest <strong data-sourcepos=\"75:29-75:53\">hurtowa pot\u0119ga<\/strong>, \u0142\u0105cz\u0105c <strong data-sourcepos=\"75:65-75:78\">40 tys. zaci\u0105gni\u0119\u0107<\/strong>, <strong data-sourcepos=\"75:80-75:105\">technologia smaku z podw\u00f3jn\u0105 siatk\u0105<\/strong>, I <strong data-sourcepos=\"75:111-75:134\">25 odmian smakowych<\/strong> w eleganckim, jednorazowym urz\u0105dzeniu z mo\u017cliwo\u015bci\u0105 \u0142adowania. <strong data-sourcepos=\"75:172-75:219\">Zapasy w UE = szybka dostawa i zadowoleni sprzedawcy!<\/strong><\/p>","protected":false},"featured_media":5107,"comment_status":"open","ping_status":"closed","template":"","meta":{"_seopress_robots_primary_cat":"none","_seopress_titles_title":"%%post_title%% %%sep%% %%sitetitle%%","_seopress_titles_desc":"","_seopress_robots_index":""},"product_brand":[516,411],"product_cat":[103,515,410],"product_tag":[413,416,90,415,203,204,414],"class_list":{"0":"post-5086","1":"product","2":"type-product","3":"status-publish","4":"has-post-thumbnail","6":"product_brand-disposable-vape","7":"product_brand-vozol-vape","8":"product_cat-40k-puffs-vape","9":"product_cat-disposable-vape","10":"product_cat-vozol-vape","11":"product_tag-40k-puffs-vape","12":"product_tag-curved-led-screen","13":"product_tag-disposable-vape","14":"product_tag-dual-mode","15":"product_tag-shipment-from-eu","16":"product_tag-vape-factory-direct","17":"product_tag-vozol-star-40000","19":"first","20":"instock","21":"sale","22":"shipping-taxable","23":"purchasable","24":"product-type-variable"},"_links":{"self":[{"href":"https:\/\/pgvape.com\/pl\/wp-json\/wp\/v2\/product\/5086","targetHints":{"allow":["GET"]}}],"collection":[{"href":"https:\/\/pgvape.com\/pl\/wp-json\/wp\/v2\/product"}],"about":[{"href":"https:\/\/pgvape.com\/pl\/wp-json\/wp\/v2\/types\/product"}],"replies":[{"embeddable":true,"href":"https:\/\/pgvape.com\/pl\/wp-json\/wp\/v2\/comments?post=5086"}],"wp:featuredmedia":[{"embeddable":true,"href":"https:\/\/pgvape.com\/pl\/wp-json\/wp\/v2\/media\/5107"}],"wp:attachment":[{"href":"https:\/\/pgvape.com\/pl\/wp-json\/wp\/v2\/media?parent=5086"}],"wp:term":[{"taxonomy":"product_brand","embeddable":true,"href":"https:\/\/pgvape.com\/pl\/wp-json\/wp\/v2\/product_brand?post=5086"},{"taxonomy":"product_cat","embeddable":true,"href":"https:\/\/pgvape.com\/pl\/wp-json\/wp\/v2\/product_cat?post=5086"},{"taxonomy":"product_tag","embeddable":true,"href":"https:\/\/pgvape.com\/pl\/wp-json\/wp\/v2\/product_tag?post=5086"}],"curies":[{"name":"wp","href":"https:\/\/api.w.org\/{rel}","templated":true}]}}