{"id":5013,"date":"2025-11-01T10:34:36","date_gmt":"2025-11-01T10:34:36","guid":{"rendered":"https:\/\/pgvape.com\/?post_type=product&#038;p=5013"},"modified":"2026-01-27T15:36:10","modified_gmt":"2026-01-27T15:36:10","slug":"fihp-multi-120000-120k-zaciagniec-6-w-1-smaki-jednorazowe-vape-podwojna-cewka-siatkowa-2-5-nikotyna-6-smakow-inteligentny-ekran-vape-factory-direct","status":"publish","type":"product","link":"https:\/\/pgvape.com\/pl\/produkt\/fihp-multi-120000-120k-zaciagniec-6-w-1-smaki-jednorazowe-vape-podwojna-cewka-siatkowa-2-5-nikotyna-6-smakow-inteligentny-ekran-vape-factory-direct\/","title":{"rendered":"FIHP MULTI 120000 | 120K Puffs 6 w 1 Smaki Jednorazowy Vape | Podw\u00f3jna cewka siatkowa | 2% 5% Nikotyna | 6 Smak\u00f3w | Inteligentny ekran | Vape Factory Direct"},"content":{"rendered":"<p><strong data-sourcepos=\"4:5-4:48\">Jednorazowy waporyzator FIHP MULTI 120000 Puffs<\/strong> Na nowo definiuje waporyzacj\u0119 <strong data-sourcepos=\"4:71-4:99\">120 000 bardzo d\u0142ugich zaci\u0105gni\u0119\u0107<\/strong> I <strong data-sourcepos=\"4:104-4:142\">6 regulowanych smak\u00f3w w jednym urz\u0105dzeniu<\/strong>. <strong data-sourcepos=\"4:157-4:188\">Akumulator 650 MAH<\/strong> Z <strong data-sourcepos=\"4:194-4:218\">Szybkie \u0142adowanie typu C<\/strong>, Zawiera A <strong data-sourcepos=\"4:234-4:252\">Podw\u00f3jna cewka siatkowa<\/strong> Dla <strong data-sourcepos=\"4:257-4:279\">Bogata, g\u0142adka para<\/strong> i A <strong data-sourcepos=\"4:286-4:312\">Pojemno\u015b\u0107 64 ml e-p\u0142ynu<\/strong> Dla d\u0142u\u017cszej przyjemno\u015bci. <strong data-sourcepos=\"4:341-4:362\">Inteligentny wy\u015bwietlacz LED<\/strong> \u015aledzi stan baterii i zaci\u0105gni\u0119cia, gdy jest <strong data-sourcepos=\"4:403-4:421\">Kompaktowa konstrukcja<\/strong> Zapewnia przeno\u015bno\u015b\u0107.<img loading=\"lazy\" decoding=\"async\" class=\"alignnone wp-image-5023 size-full\" src=\"https:\/\/pgvape.com\/wp-content\/uploads\/2025\/11\/pgvape-FIHP-MULTI-120000-Puffs-6-in-1-Flavors-Disposable-Vape-8.jpg\" alt=\"Sze\u015b\u0107 kolorowych prostok\u0105tnych urz\u0105dze\u0144 do waporyzacji (zielony, niebieski, r\u00f3\u017cowy, pomara\u0144czowy, \u017c\u00f3\u0142ty, fioletowy) z etykietami z kresk\u00f3wkowymi ma\u0142pami i logo FIHP Multi z napisem \u201c6 w 1\u201d i \u201c12000 PUFFS\u201d, ustawionych na r\u00f3\u017cowym pr\u0105\u017ckowanym tle z ma\u0142ym ozdobnym kaktusem w doniczce po lewej stronie.\" width=\"1800\" height=\"595\" srcset=\"https:\/\/pgvape.com\/wp-content\/uploads\/2025\/11\/pgvape-FIHP-MULTI-120000-Puffs-6-in-1-Flavors-Disposable-Vape-8.jpg 1800w, https:\/\/pgvape.com\/wp-content\/uploads\/2025\/11\/pgvape-FIHP-MULTI-120000-Puffs-6-in-1-Flavors-Disposable-Vape-8-555x183.jpg 555w, https:\/\/pgvape.com\/wp-content\/uploads\/2025\/11\/pgvape-FIHP-MULTI-120000-Puffs-6-in-1-Flavors-Disposable-Vape-8-595x197.jpg 595w, https:\/\/pgvape.com\/wp-content\/uploads\/2025\/11\/pgvape-FIHP-MULTI-120000-Puffs-6-in-1-Flavors-Disposable-Vape-8-400x132.jpg 400w, https:\/\/pgvape.com\/wp-content\/uploads\/2025\/11\/pgvape-FIHP-MULTI-120000-Puffs-6-in-1-Flavors-Disposable-Vape-8-768x254.jpg 768w, https:\/\/pgvape.com\/wp-content\/uploads\/2025\/11\/pgvape-FIHP-MULTI-120000-Puffs-6-in-1-Flavors-Disposable-Vape-8-1536x508.jpg 1536w, https:\/\/pgvape.com\/wp-content\/uploads\/2025\/11\/pgvape-FIHP-MULTI-120000-Puffs-6-in-1-Flavors-Disposable-Vape-8-18x6.jpg 18w, https:\/\/pgvape.com\/wp-content\/uploads\/2025\/11\/pgvape-FIHP-MULTI-120000-Puffs-6-in-1-Flavors-Disposable-Vape-8-600x198.jpg 600w, https:\/\/pgvape.com\/wp-content\/uploads\/2025\/11\/pgvape-FIHP-MULTI-120000-Puffs-6-in-1-Flavors-Disposable-Vape-8-60x20.jpg 60w\" sizes=\"auto, (max-width: 1800px) 100vw, 1800px\" \/><\/p>\n<p>&nbsp;<\/p>\n<h2><span style=\"font-size: 90%;\">FIHP MULTI 120000 120K Puffs 6 w 1 Smaki Jednorazowy Vape <strong data-sourcepos=\"10:5-10:31\">Dane techniczne<\/strong><\/span><\/h2>\n<p><strong data-sourcepos=\"7:3-7:20\">120 000 zaci\u0105gni\u0119\u0107<\/strong>\u00a0\u2013 Wiod\u0105ca w bran\u017cy trwa\u0142o\u015b\u0107<\/p>\n<p><strong data-sourcepos=\"8:3-8:25\">6 Prze\u0142\u0105czanie smak\u00f3w<\/strong>\u00a0- Natychmiastowe prze\u0142\u0105czanie pomi\u0119dzy\u00a0<strong data-sourcepos=\"8:52-8:73\">6 smak\u00f3w premium<\/strong><\/p>\n<p><strong data-sourcepos=\"9:3-9:21\">Podw\u00f3jna cewka siatkowa<\/strong>\u00a0\u2013\u00a0<strong data-sourcepos=\"9:24-9:61\">50% Wi\u0119cej smaku i g\u0142adsza chmura<\/strong><\/p>\n<p><strong data-sourcepos=\"10:3-10:20\">64ML e-p\u0142ynu<\/strong>\u00a0\u2013 Ogromna, wst\u0119pnie nape\u0142niona pojemno\u015b\u0107<\/p>\n<p><strong data-sourcepos=\"11:3-11:21\">Bateria 650 MAH<\/strong>\u00a0\u2013\u00a0<strong data-sourcepos=\"11:24-11:48\">Szybkie \u0142adowanie typu C<\/strong>\u00a0Do szybkiego zwi\u0119kszania mocy<\/p>\n<p><strong data-sourcepos=\"12:3-12:18\">Wy\u015bwietlacz LED<\/strong>\u00a0\u2013 W czasie rzeczywistym\u00a0<strong data-sourcepos=\"12:31-12:58\">\u015aledzenie baterii i zaci\u0105gni\u0119\u0107<\/strong><\/p>\n<p><strong data-sourcepos=\"13:3-13:23\">Opcje nikotynowe<\/strong>:\u00a0<strong data-sourcepos=\"13:25-13:50\">2% (20MG) i 5% (50MG)<\/strong><\/p>\n<p><strong data-sourcepos=\"14:3-14:16\">Opakowanie<\/strong>:\u00a0<strong data-sourcepos=\"14:18-14:36\">10 urz\u0105dze\u0144\/pude\u0142ko<\/strong>\u00a0\u2013 Idealny do sprzeda\u017cy detalicznej i hurtowej<\/p>\n<p>&nbsp;<\/p>\n<h3><span style=\"font-size: 90%;\">FIHP MULTI 120000 120K Puffs 6 w 1 Smaki Jednorazowy Vape <strong data-sourcepos=\"22:5-22:20\">Lista smak\u00f3w<\/strong><\/span><\/h3>\n<p><strong data-sourcepos=\"17:4-17:104\">1. Arbuz Truskawkowy + L\u00f3d Arbuzowy + Red Bull + Kiwi Truskawkowe + L\u00f3d Jagodowy + Limonka Cytrynowa<\/strong><\/p>\n<p><strong data-sourcepos=\"18:4-18:117\">2. Cytrynowa Brzoskwinia + Truskawka Banan + Podw\u00f3jne Jab\u0142ko + Malinowy Arbuz + Kwa\u015bny Ananas Mango + Owoc Tropikalny<\/strong><\/p>\n<p><strong data-sourcepos=\"19:4-19:115\">3. Koks truskawkowo-waniliowy + kokos ananasowy + Blue Razz + mieszane jagody + brzoskwinia mango + malina jagodowa<\/strong><\/p>\n<p><strong data-sourcepos=\"20:4-20:97\">4. \u017belek Mi\u015b + Jagoda Brzoskwiniowa + Potr\u00f3jny Melon + L\u00f3d Winogronowy + L\u00f3d Czarnego Smoka + Musuj\u0105cy L\u00f3d Wi\u015bniowy<\/strong><\/p>\n<p><strong data-sourcepos=\"21:4-21:99\">5. L\u00f3d brzoskwiniowy + T\u0119czowy cukierek + Wi\u015bniowy l\u00f3d cola + Mi\u0142o\u015b\u0107 666 + L\u00f3d mango + Jagodowa wata cukrowa<\/strong><\/p>\n<p><strong data-sourcepos=\"22:4-22:108\">6. Cytryna arbuzowa + L\u00f3d z liczi i aloesu + R\u00f3\u017cowa cytryna + L\u00f3d z lodowca + Mi\u0119ta z igie\u0142 sosnowych + L\u00f3d z czarnej porzeczki<br \/>\n<img loading=\"lazy\" decoding=\"async\" class=\"alignnone wp-image-5020 size-full\" src=\"https:\/\/pgvape.com\/wp-content\/uploads\/2025\/11\/pgvape-FIHP-MULTI-120000-Puffs-6-in-1-Flavors-Disposable-Vape-5.png\" alt=\"\" width=\"1058\" height=\"1500\" srcset=\"https:\/\/pgvape.com\/wp-content\/uploads\/2025\/11\/pgvape-FIHP-MULTI-120000-Puffs-6-in-1-Flavors-Disposable-Vape-5.png 1058w, https:\/\/pgvape.com\/wp-content\/uploads\/2025\/11\/pgvape-FIHP-MULTI-120000-Puffs-6-in-1-Flavors-Disposable-Vape-5-254x360.png 254w, https:\/\/pgvape.com\/wp-content\/uploads\/2025\/11\/pgvape-FIHP-MULTI-120000-Puffs-6-in-1-Flavors-Disposable-Vape-5-595x844.png 595w, https:\/\/pgvape.com\/wp-content\/uploads\/2025\/11\/pgvape-FIHP-MULTI-120000-Puffs-6-in-1-Flavors-Disposable-Vape-5-282x400.png 282w, https:\/\/pgvape.com\/wp-content\/uploads\/2025\/11\/pgvape-FIHP-MULTI-120000-Puffs-6-in-1-Flavors-Disposable-Vape-5-768x1089.png 768w, https:\/\/pgvape.com\/wp-content\/uploads\/2025\/11\/pgvape-FIHP-MULTI-120000-Puffs-6-in-1-Flavors-Disposable-Vape-5-8x12.png 8w, https:\/\/pgvape.com\/wp-content\/uploads\/2025\/11\/pgvape-FIHP-MULTI-120000-Puffs-6-in-1-Flavors-Disposable-Vape-5-600x851.png 600w, https:\/\/pgvape.com\/wp-content\/uploads\/2025\/11\/pgvape-FIHP-MULTI-120000-Puffs-6-in-1-Flavors-Disposable-Vape-5-28x40.png 28w\" sizes=\"auto, (max-width: 1058px) 100vw, 1058px\" \/><br \/>\n<\/strong><\/p>\n<p>&nbsp;<\/p>\n<h3><span style=\"font-size: 90%;\">FIHP MULTI 120000 120K Puffs 6 w 1 Smaki Jednorazowy Vape <strong>Wideo<\/strong>:<\/span><\/h3>\n<p>&nbsp;<\/p>\n<h2>Cz\u0119sto zadawane pytania dotycz\u0105ce FIHP MULTI 120000 120K Puffs Jednorazowy waporyzator o smakach 6 w 1<\/h2>\n<p data-sourcepos=\"25:1-26:110\">\u2753 <strong data-sourcepos=\"25:3-25:40\">Jak dzia\u0142a prze\u0142\u0105czanie 6 smak\u00f3w?<\/strong><br \/>\n\u2705 <strong data-sourcepos=\"26:3-26:23\">Przycisk jednodotykowy<\/strong> Umo\u017cliwia natychmiastowe prze\u0142\u0105czanie pomi\u0119dzy <strong data-sourcepos=\"26:58-26:80\">6 wbudowanych smak\u00f3w<\/strong> \u2013 Nie s\u0105 potrzebne \u017cadne zmiany urz\u0105dzenia.<\/p>\n<p data-sourcepos=\"28:1-29:85\">\u2753 <strong data-sourcepos=\"28:3-28:38\">Co sprawia, \u017ce \u200b\u200bzaci\u0105gni\u0119cia 120 tys. s\u0105 mo\u017cliwe?<br \/>\n<\/strong> \u2705 <strong data-sourcepos=\"29:3-29:30\">Zbiornik na p\u0142yn do e-liquidu o pojemno\u015bci 64 ml<\/strong> + <strong data-sourcepos=\"29:33-29:62\">Podw\u00f3jna cewka o wysokiej wydajno\u015bci<\/strong> Maksymalizuje d\u0142ugowieczno\u015b\u0107.<\/p>\n<p data-sourcepos=\"31:1-32:92\">\u2753 <strong data-sourcepos=\"31:3-31:36\">Czy jako\u015b\u0107 pary jest premium?<\/strong><br \/>\n\u2705 <strong data-sourcepos=\"32:3-32:22\">Podw\u00f3jne cewki siatkowe<\/strong> Dostarcza\u0107 <strong data-sourcepos=\"32:31-32:63\">G\u0119stsze chmury i bogatszy smak<\/strong> Ni\u017c standardowe artyku\u0142y jednorazowe.<\/p>\n<p data-sourcepos=\"34:1-35:66\">\u2753 <strong data-sourcepos=\"34:3-34:35\">Jak d\u0142ugo trwa \u0142adowanie?<\/strong><br \/>\n\u2705 <strong data-sourcepos=\"35:3-35:18\">Port typu C<\/strong> Zapewnia pe\u0142ne \u0142adowanie <strong data-sourcepos=\"35:43-35:63\">Poni\u017cej 60 minut<\/strong>.<\/p>\n<p data-sourcepos=\"37:1-38:87\">\u2753 <strong data-sourcepos=\"37:3-37:29\">Dla kogo jest to idealne rozwi\u0105zanie?<br \/>\n<\/strong> \u2705 Vaperzy, kt\u00f3rzy chc\u0105 <strong data-sourcepos=\"38:19-38:70\">Maksymalna ilo\u015b\u0107 zaci\u0105gni\u0119\u0107, r\u00f3\u017cnorodno\u015b\u0107 smak\u00f3w i inteligentne funkcje<\/strong> W jednym urz\u0105dzeniu.<\/p>\n<p>&nbsp;<\/p>\n<h3 id=\"brxe-najhln\" class=\"brxe-heading\">Cz\u0119sto zadawane pytania (FAQ)<\/h3>\n<div id=\"brxe-rajiac\" class=\"brxe-text\">\n<p><strong>P: Jakie metody p\u0142atno\u015bci akceptujecie?<\/strong><br \/>\nOdp.: Akceptujemy PayPal, Stripe, przelewy bankowe (obs\u0142ugiwane SEPA), g\u0142\u00f3wne karty kredytowe (Visa, MasterCard, American Express) i p\u0142atno\u015bci w kryptowalutach.<\/p>\n<p><strong>P: Jak d\u0142ugo trwa przygotowanie zam\u00f3wienia?<\/strong><br \/>\nOdp.: Przygotowanie zam\u00f3wienia zajmuje 1-3 dni robocze.<\/p>\n<p><strong>P: Jaki jest czas wysy\u0142ki?<\/strong><br \/>\nOdp.: Czas wysy\u0142ki wynosi 7-14 dni roboczych, w zale\u017cno\u015bci od Twojej lokalizacji.<\/p>\n<p><strong>P: Jak mog\u0119 \u015bledzi\u0107 moje zam\u00f3wienie?<\/strong><br \/>\nOdp.: Po wysy\u0142ce otrzymasz wiadomo\u015b\u0107 e-mail z potwierdzeniem i numerem przesy\u0142ki umo\u017cliwiaj\u0105cym \u015bledzenie w czasie rzeczywistym.<\/p>\n<p><strong>P: Jaka jest Twoja polityka zwrot\u00f3w?<\/strong><br \/>\nOdp.: Oferujemy 30-dniow\u0105 polityk\u0119 zwrot\u00f3w lub wymiany. .<\/p>\n<p><strong>P: Czy wyst\u0105pi\u0105 jakie\u015b problemy celne?<br \/>\n<\/strong>Obs\u0142ugujemy wszystkie procedury odprawy celnej, aby zapewni\u0107 Ci bezproblemow\u0105 obs\u0142ug\u0119. .<\/p>\n<p><strong>P: Jakie metody wysy\u0142ki s\u0105 stosowane?<\/strong><br \/>\nWsp\u00f3\u0142pracujemy z firmami UPS\/DHL\/FEDEX\/DPD itp. W zale\u017cno\u015bci od kraju dostawy wybierzemy odpowiedni\u0105 opcj\u0119 wysy\u0142ki, tak aby produkty dotar\u0142y do \u200b\u200bPa\u0144stwa najszybciej jak to mo\u017cliwe.<\/p>\n<p><a href=\"https:\/\/pgvape.com\/pl\/czesto-zadawane-pytania\/\">Kliknij tutaj, aby uzyska\u0107 wi\u0119cej cz\u0119sto zadawanych pyta\u0144<\/a><\/p>\n<p>Szanowni klienci, je\u015bli masz jakiekolwiek pytania dotycz\u0105ce zam\u00f3wienia lub przybycia towaru, skontaktuj si\u0119 z naszym dzia\u0142em obs\u0142ugi klienta. Dzi\u0119kuj\u0119!<\/p>\n<h3 data-sourcepos=\"73:1-73:21\"><strong data-sourcepos=\"73:7-73:21\">Skontaktuj si\u0119 z nami<\/strong><\/h3>\n<div id=\"text-2419739398\" class=\"text\">\n<p><strong data-sourcepos=\"75:3-75:12\">E-mail<\/strong>:\u00a0<a href=\"mailto:support@pgvape.com\"><strong>support@pgvape.com<\/strong><\/a><\/p>\n<p><strong data-sourcepos=\"76:3-76:15\">WhatsApp<\/strong>:\u00a0<a href=\"https:\/\/wa.me\/+8618128481258\"><strong>+86 18128481258<\/strong><\/a><br \/>\n<strong>(Odpowied\u017a w ci\u0105gu 24 godzin w dni robocze)<\/strong><\/p>\n<\/div>\n<h3><strong>Dzi\u0119kujemy za wybranie pgvape.com! .<\/strong><\/h3>\n<\/div>","protected":false},"excerpt":{"rendered":"<p><strong data-sourcepos=\"41:5-41:30\">Zaci\u0105gni\u0119cia FIHP MULTI 120K<\/strong> \u0141\u0105czy <strong data-sourcepos=\"41:40-41:117\">Rekordowa wydajno\u015b\u0107, elastyczno\u015b\u0107 6 smak\u00f3w i wydajno\u015b\u0107 podw\u00f3jnej cewki<\/strong> \u2013 Najlepszy wyb\u00f3r dla <strong data-sourcepos=\"41:144-41:182\">\u0141owcy smak\u00f3w i entuzja\u015bci chmur<\/strong>.<\/p>","protected":false},"featured_media":5017,"comment_status":"open","ping_status":"closed","template":"","meta":{"_seopress_robots_primary_cat":"none","_seopress_titles_title":"%%post_title%% %%sep%% %%sitetitle%%","_seopress_titles_desc":"","_seopress_robots_index":""},"product_brand":[516,275],"product_cat":[69,515,274],"product_tag":[354,253,90,257,408,136,204],"class_list":{"0":"post-5013","1":"product","2":"type-product","3":"status-publish","4":"has-post-thumbnail","6":"product_brand-disposable-vape","7":"product_brand-fihp-vape","8":"product_cat-120k-puffs-vape","9":"product_cat-disposable-vape","10":"product_cat-fihp-vape","11":"product_tag-120k-puffs-vape","12":"product_tag-6-in-1-flavors","13":"product_tag-disposable-vape","14":"product_tag-dual-mesh-coil","15":"product_tag-fihp-multi-120000","16":"product_tag-smart-screen","17":"product_tag-vape-factory-direct","19":"first","20":"instock","21":"sale","22":"shipping-taxable","23":"purchasable","24":"product-type-variable"},"_links":{"self":[{"href":"https:\/\/pgvape.com\/pl\/wp-json\/wp\/v2\/product\/5013","targetHints":{"allow":["GET"]}}],"collection":[{"href":"https:\/\/pgvape.com\/pl\/wp-json\/wp\/v2\/product"}],"about":[{"href":"https:\/\/pgvape.com\/pl\/wp-json\/wp\/v2\/types\/product"}],"replies":[{"embeddable":true,"href":"https:\/\/pgvape.com\/pl\/wp-json\/wp\/v2\/comments?post=5013"}],"wp:featuredmedia":[{"embeddable":true,"href":"https:\/\/pgvape.com\/pl\/wp-json\/wp\/v2\/media\/5017"}],"wp:attachment":[{"href":"https:\/\/pgvape.com\/pl\/wp-json\/wp\/v2\/media?parent=5013"}],"wp:term":[{"taxonomy":"product_brand","embeddable":true,"href":"https:\/\/pgvape.com\/pl\/wp-json\/wp\/v2\/product_brand?post=5013"},{"taxonomy":"product_cat","embeddable":true,"href":"https:\/\/pgvape.com\/pl\/wp-json\/wp\/v2\/product_cat?post=5013"},{"taxonomy":"product_tag","embeddable":true,"href":"https:\/\/pgvape.com\/pl\/wp-json\/wp\/v2\/product_tag?post=5013"}],"curies":[{"name":"wp","href":"https:\/\/api.w.org\/{rel}","templated":true}]}}