{"id":4966,"date":"2025-11-01T09:22:16","date_gmt":"2025-11-01T09:22:16","guid":{"rendered":"https:\/\/pgvape.com\/?post_type=product&#038;p=4966"},"modified":"2026-01-27T15:37:51","modified_gmt":"2026-01-27T15:37:51","slug":"zoy-rainbow-16000-16k-zaciagniec-jednorazowy-vape-system-z-podwojna-cewka-vape-factory-direct","status":"publish","type":"product","link":"https:\/\/pgvape.com\/pl\/produkt\/zoy-rainbow-16000-16k-zaciagniec-jednorazowy-vape-system-z-podwojna-cewka-vape-factory-direct\/","title":{"rendered":"ZOOY Rainbow 16000 16K Puffs Jednorazowy system Vape z podw\u00f3jn\u0105 cewk\u0105 Vape Factory Direct"},"content":{"rendered":"<p><strong data-sourcepos=\"4:5-4:53\">Zooy Rainbow Box 16000 Puffs Jednorazowy Vape<\/strong> dostarcza <strong data-sourcepos=\"4:63-4:95\">przed\u0142u\u017cona satysfakcja z wapowania<\/strong> z <strong data-sourcepos=\"4:101-4:128\">16 000 bardzo d\u0142ugich zaci\u0105gni\u0119\u0107<\/strong> I <strong data-sourcepos=\"4:133-4:170\">Pojemno\u015b\u0107 26 ml wst\u0119pnie nape\u0142nionego e-liquidu<\/strong>. <strong data-sourcepos=\"4:182-4:206\">technologia podw\u00f3jnej cewki<\/strong> Do <strong data-sourcepos=\"4:211-4:241\">ulepszona produkcja smaku<\/strong>, oferuje <strong data-sourcepos=\"4:253-4:286\">Opcje soli nikotyny 2% i 5%<\/strong> zgodnie z Twoimi preferencjami. <strong data-sourcepos=\"4:316-4:347\">Akumulator o pojemno\u015bci 650 mAh<\/strong> z <strong data-sourcepos=\"4:353-4:372\">\u0141adowanie typu C<\/strong> zapewnia nieprzerwan\u0105 prac\u0119, podczas gdy <strong data-sourcepos=\"4:418-4:438\">elegancki wygl\u0105d pude\u0142ka<\/strong> zapewnia jedno i drugie <strong data-sourcepos=\"4:453-4:478\">styl i przeno\u015bno\u015b\u0107<\/strong>.<\/p>\n<p>&nbsp;<\/p>\n<h2><span style=\"font-size: 90%;\">ZOOY Rainbow 16000 | 16K Ptysi Jednorazowy Vape <strong data-sourcepos=\"10:5-10:31\">Dane techniczne<\/strong><\/span><\/h2>\n<p><strong data-sourcepos=\"7:3-7:30\">16 000 bardzo d\u0142ugich zaci\u0105gni\u0119\u0107<\/strong>\u00a0na d\u0142u\u017csze sesje wapowania<\/p>\n<p><strong data-sourcepos=\"8:3-8:29\">Pojemno\u015b\u0107 26 ml e-p\u0142ynu<\/strong>\u00a0\u2013 masywny, wst\u0119pnie nape\u0142niony zbiornik<\/p>\n<p><strong data-sourcepos=\"9:3-9:23\">System podw\u00f3jnej cewki<\/strong>\u00a0\u2013 bogatszy smak i g\u0142adsza para<\/p>\n<p><strong data-sourcepos=\"10:3-10:36\">Opcje soli nikotyny 2% i 5%<\/strong>\u00a0\u2013 satysfakcjonuj\u0105ce uderzenie w gard\u0142o<\/p>\n<p><strong data-sourcepos=\"11:3-11:34\">Akumulator 650 mAh<\/strong>\u00a0\u2013 d\u0142ugotrwa\u0142a moc<\/p>\n<p><strong data-sourcepos=\"12:3-12:27\">Szybkie \u0142adowanie typu C<\/strong>\u00a0\u2013 szybkie power-upy<\/p>\n<p><strong data-sourcepos=\"13:3-13:23\">Elegancki wygl\u0105d pude\u0142ka<\/strong>\u00a0\u2013 wygodny chwyt i stylowy wygl\u0105d<\/p>\n<p>&nbsp;<\/p>\n<h3><span style=\"font-size: 90%;\">ZOOY Rainbow 16000 | 16K Ptysi Jednorazowy Vape <strong data-sourcepos=\"22:5-22:20\">Lista smak\u00f3w<\/strong><\/span><\/h3>\n<p><strong data-sourcepos=\"16:4-16:25\">1. Truskawkowy Banan<\/strong>\u00a0\u2013 kremowa mieszanka owocowa<\/p>\n<p><strong data-sourcepos=\"17:4-17:30\">2. Arbuz brzoskwiniowo-mango<\/strong>\u00a0\u2013 tropikalne trio<\/p>\n<p><strong data-sourcepos=\"18:4-18:19\">3. Cytrynowo-brzoskwiniowa<\/strong>\u00a0\u2013 cytrusowa s\u0142odycz<\/p>\n<p><strong data-sourcepos=\"19:4-19:28\">4. Zooy Bull (Red Bull)<\/strong>\u00a0\u2013 smak napoju energetycznego<\/p>\n<p><strong data-sourcepos=\"20:4-20:27\">5.Malina jagodowa<\/strong>\u00a0\u2013 mieszanka jagodowa<\/p>\n<p><strong data-sourcepos=\"21:4-21:24\">6. Niebieska wi\u015bnia Razz<\/strong>\u00a0\u2013 cierpki i s\u0142odki<\/p>\n<p><strong data-sourcepos=\"22:4-22:35\">7.Truskawka Malina Wi\u015bnia<\/strong>\u00a0\u2013 potr\u00f3jna jagodowa rozkosz<\/p>\n<p><strong data-sourcepos=\"23:4-23:22\">8. L\u00f3d arbuzowy<\/strong>\u00a0\u2013 orze\u017awiaj\u0105cy, letni smak<\/p>\n<p><strong data-sourcepos=\"24:4-24:23\">9.Truskawkowe Kiwi<\/strong>\u00a0\u2013 klasyczne po\u0142\u0105czenie owoc\u00f3w<\/p>\n<p><strong data-sourcepos=\"25:5-25:30\">10. Arbuz truskawkowy<\/strong>\u00a0\u2013 soczysta s\u0142odycz<\/p>\n<p><strong data-sourcepos=\"26:5-26:25\">11. L\u00f3d Czarnego Smoka<\/strong>\u00a0\u2013 tajemnicza, fajna mieszanka<\/p>\n<p><strong data-sourcepos=\"27:5-27:20\">12. Mieszane jagody<\/strong>\u00a0\u2013 owocowa eksplozja<br \/>\n<img loading=\"lazy\" decoding=\"async\" class=\"alignnone wp-image-4987 size-full\" src=\"https:\/\/pgvape.com\/wp-content\/uploads\/2025\/11\/pgvape-ZOOY-Rainbow-16000-Puffs-Disposable-Vape-16.png\" alt=\"Obraz promocyjny zatytu\u0142owany &#039;ZOOY VAPE RAINBOW BOX 16000 PUFFS&#039; przedstawiaj\u0105cy trzy kolorowe jednorazowe urz\u0105dzenia do waporyzacji (czerwony, \u017c\u00f3\u0142ty, turkusowy) z ma\u0142ym cyfrowym wy\u015bwietlaczem, list\u0105 nazw smak\u00f3w po prawej stronie (w tym truskawkowo-bananowy, brzoskwiniowo-mango, arbuzowy, cytrynowo-brzoskwiniowy, jagodowo-malinowy i inne) oraz rz\u0105d ma\u0142ych kolorowych ikon urz\u0105dze\u0144 u do\u0142u.\" width=\"800\" height=\"800\" srcset=\"https:\/\/pgvape.com\/wp-content\/uploads\/2025\/11\/pgvape-ZOOY-Rainbow-16000-Puffs-Disposable-Vape-16.png 800w, https:\/\/pgvape.com\/wp-content\/uploads\/2025\/11\/pgvape-ZOOY-Rainbow-16000-Puffs-Disposable-Vape-16-360x360.png 360w, https:\/\/pgvape.com\/wp-content\/uploads\/2025\/11\/pgvape-ZOOY-Rainbow-16000-Puffs-Disposable-Vape-16-595x595.png 595w, https:\/\/pgvape.com\/wp-content\/uploads\/2025\/11\/pgvape-ZOOY-Rainbow-16000-Puffs-Disposable-Vape-16-400x400.png 400w, https:\/\/pgvape.com\/wp-content\/uploads\/2025\/11\/pgvape-ZOOY-Rainbow-16000-Puffs-Disposable-Vape-16-768x768.png 768w, https:\/\/pgvape.com\/wp-content\/uploads\/2025\/11\/pgvape-ZOOY-Rainbow-16000-Puffs-Disposable-Vape-16-12x12.png 12w, https:\/\/pgvape.com\/wp-content\/uploads\/2025\/11\/pgvape-ZOOY-Rainbow-16000-Puffs-Disposable-Vape-16-300x300.png 300w, https:\/\/pgvape.com\/wp-content\/uploads\/2025\/11\/pgvape-ZOOY-Rainbow-16000-Puffs-Disposable-Vape-16-600x600.png 600w, https:\/\/pgvape.com\/wp-content\/uploads\/2025\/11\/pgvape-ZOOY-Rainbow-16000-Puffs-Disposable-Vape-16-100x100.png 100w, https:\/\/pgvape.com\/wp-content\/uploads\/2025\/11\/pgvape-ZOOY-Rainbow-16000-Puffs-Disposable-Vape-16-40x40.png 40w\" sizes=\"auto, (max-width: 800px) 100vw, 800px\" \/><\/p>\n<p>&nbsp;<\/p>\n<h3><span style=\"font-size: 90%;\">ZOOY Rainbow 16000 | 16K Ptysi Jednorazowy Vape <strong>Wideo<\/strong>:<\/span><\/h3>\n<p>&nbsp;<\/p>\n<h2>Cz\u0119sto zadawane pytania dotycz\u0105ce ZOOY Rainbow 16000 | Jednorazowy waporyzator 16K Puffs<\/h2>\n<p data-sourcepos=\"30:1-31:72\">\u2753 <strong data-sourcepos=\"30:3-30:45\">W jaki spos\u00f3b podw\u00f3jna cewka poprawia waporyzacj\u0119?<\/strong><br \/>\n\u2705Zapewnia <strong data-sourcepos=\"31:12-31:31\">50% wi\u0119cej smaku<\/strong> I <strong data-sourcepos=\"31:36-31:54\">g\u0142adsza para<\/strong> ni\u017c pojedyncze cewki<\/p>\n<p data-sourcepos=\"33:1-34:74\">\u2753 <strong data-sourcepos=\"33:3-33:38\">Jak d\u0142ugo wytrzymuje bateria?<\/strong><br \/>\n\u2705 <strong data-sourcepos=\"34:3-34:22\">Pojemno\u015b\u0107 650 mAh<\/strong> obs\u0142uguje przed\u0142u\u017cone u\u017cytkowanie z <strong data-sourcepos=\"34:50-34:74\">Szybkie \u0142adowanie typu C<\/strong><\/p>\n<p data-sourcepos=\"36:1-37:59\">\u2753 <strong data-sourcepos=\"36:3-36:45\">Jakie moce nikotyny s\u0105 dost\u0119pne?<\/strong><br \/>\n\u2705 Wybierz pomi\u0119dzy <strong data-sourcepos=\"37:18-37:44\">2% (20 mg) lub 5% (50 mg)<\/strong> sole nikotyny<\/p>\n<p data-sourcepos=\"39:1-40:61\">\u2753 <strong data-sourcepos=\"39:3-39:30\">Czy urz\u0105dzenie jest przeno\u015bne?<\/strong><br \/>\n\u2705 <strong data-sourcepos=\"40:3-40:25\">Kompaktowa konstrukcja pude\u0142ka<\/strong> wygodnie mie\u015bci si\u0119 w d\u0142oni i kieszeni<\/p>\n<p data-sourcepos=\"42:1-43:59\">\u2753 <strong data-sourcepos=\"42:3-42:41\">Ile jest opcji smakowych?<br \/>\n<\/strong> \u2705 <strong data-sourcepos=\"43:3-43:25\">12 smak\u00f3w premium<\/strong> od mieszanek owocowych po lodowe<\/p>\n<p>&nbsp;<\/p>\n<h3 id=\"brxe-najhln\" class=\"brxe-heading\">Cz\u0119sto zadawane pytania (FAQ)<\/h3>\n<div id=\"brxe-rajiac\" class=\"brxe-text\">\n<p><strong>P: Jakie metody p\u0142atno\u015bci akceptujecie?<\/strong><br \/>\nOdp.: Akceptujemy PayPal, Stripe, przelewy bankowe (obs\u0142ugiwane SEPA), g\u0142\u00f3wne karty kredytowe (Visa, MasterCard, American Express) i p\u0142atno\u015bci w kryptowalutach.<\/p>\n<p><strong>P: Jak d\u0142ugo trwa przygotowanie zam\u00f3wienia?<\/strong><br \/>\nOdp.: Przygotowanie zam\u00f3wienia zajmuje 1-3 dni robocze.<\/p>\n<p><strong>P: Jaki jest czas wysy\u0142ki?<\/strong><br \/>\nOdp.: Czas wysy\u0142ki wynosi 7-14 dni roboczych, w zale\u017cno\u015bci od Twojej lokalizacji.<\/p>\n<p><strong>P: Jak mog\u0119 \u015bledzi\u0107 moje zam\u00f3wienie?<\/strong><br \/>\nOdp.: Po wysy\u0142ce otrzymasz wiadomo\u015b\u0107 e-mail z potwierdzeniem i numerem przesy\u0142ki umo\u017cliwiaj\u0105cym \u015bledzenie w czasie rzeczywistym.<\/p>\n<p><strong>P: Jaka jest Twoja polityka zwrot\u00f3w?<\/strong><br \/>\nOdp.: Oferujemy 30-dniow\u0105 polityk\u0119 zwrot\u00f3w lub wymiany. .<\/p>\n<p><strong>P: Czy wyst\u0105pi\u0105 jakie\u015b problemy celne?<br \/>\n<\/strong>Obs\u0142ugujemy wszystkie procedury odprawy celnej, aby zapewni\u0107 Ci bezproblemow\u0105 obs\u0142ug\u0119. .<\/p>\n<p><strong>P: Jakie metody wysy\u0142ki s\u0105 stosowane?<\/strong><br \/>\nWsp\u00f3\u0142pracujemy z firmami UPS\/DHL\/FEDEX\/DPD itp. W zale\u017cno\u015bci od kraju dostawy wybierzemy odpowiedni\u0105 opcj\u0119 wysy\u0142ki, tak aby produkty dotar\u0142y do \u200b\u200bPa\u0144stwa najszybciej jak to mo\u017cliwe.<\/p>\n<p><a href=\"https:\/\/pgvape.com\/pl\/czesto-zadawane-pytania\/\">Kliknij tutaj, aby uzyska\u0107 wi\u0119cej cz\u0119sto zadawanych pyta\u0144<\/a><\/p>\n<p>Szanowni klienci, je\u015bli masz jakiekolwiek pytania dotycz\u0105ce zam\u00f3wienia lub przybycia towaru, skontaktuj si\u0119 z naszym dzia\u0142em obs\u0142ugi klienta. Dzi\u0119kuj\u0119!<\/p>\n<h3 data-sourcepos=\"73:1-73:21\"><strong data-sourcepos=\"73:7-73:21\">Skontaktuj si\u0119 z nami<\/strong><\/h3>\n<div id=\"text-2419739398\" class=\"text\">\n<p><strong data-sourcepos=\"75:3-75:12\">E-mail<\/strong>:\u00a0<a href=\"mailto:support@pgvape.com\"><strong>support@pgvape.com<\/strong><\/a><\/p>\n<p><strong data-sourcepos=\"76:3-76:15\">WhatsApp<\/strong>:\u00a0<a href=\"https:\/\/wa.me\/+8618128481258\"><strong>+86 18128481258<\/strong><\/a><br \/>\n<strong>(Odpowied\u017a w ci\u0105gu 24 godzin w dni robocze)<\/strong><\/p>\n<\/div>\n<h3><strong>Dzi\u0119kujemy za wybranie pgvape.com! .<\/strong><\/h3>\n<\/div>","protected":false},"excerpt":{"rendered":"<p><strong data-sourcepos=\"46:5-46:37\">Zooy Rainbow Box 16000 puf\u00f3w<\/strong> \u0142\u0105czy <strong data-sourcepos=\"46:47-46:87\">wysoka wydajno\u015b\u0107, wydajno\u015b\u0107 z podw\u00f3jn\u0105 cewk\u0105<\/strong>, I <strong data-sourcepos=\"46:93-46:122\">wiele opcji nikotynowych<\/strong> w <strong data-sourcepos=\"46:128-46:156\">stylowa, przeno\u015bna konstrukcja<\/strong> \u2013 idealny dla chc\u0105cych vaper\u00f3w <strong data-sourcepos=\"46:187-46:226\">d\u0142ugotrwa\u0142y smak i wygoda<\/strong>.<\/p>","protected":false},"featured_media":4972,"comment_status":"open","ping_status":"closed","template":"","meta":{"_seopress_robots_primary_cat":"none","_seopress_titles_title":"%%post_title%% %%sep%% %%sitetitle%%","_seopress_titles_desc":"","_seopress_robots_index":""},"product_brand":[516,291],"product_cat":[229,515,290],"product_tag":[406,90,407,397,204,405],"class_list":{"0":"post-4966","1":"product","2":"type-product","3":"status-publish","4":"has-post-thumbnail","6":"product_brand-disposable-vape","7":"product_brand-zooy-vape","8":"product_cat-16k-puffs-vape","9":"product_cat-disposable-vape","10":"product_cat-zooy-vape","11":"product_tag-16k-puffs-vape","12":"product_tag-disposable-vape","13":"product_tag-dual-coil-system","14":"product_tag-smart-display","15":"product_tag-vape-factory-direct","16":"product_tag-zooy-rainbow-16000","18":"first","19":"instock","20":"sale","21":"shipping-taxable","22":"purchasable","23":"product-type-variable"},"_links":{"self":[{"href":"https:\/\/pgvape.com\/pl\/wp-json\/wp\/v2\/product\/4966","targetHints":{"allow":["GET"]}}],"collection":[{"href":"https:\/\/pgvape.com\/pl\/wp-json\/wp\/v2\/product"}],"about":[{"href":"https:\/\/pgvape.com\/pl\/wp-json\/wp\/v2\/types\/product"}],"replies":[{"embeddable":true,"href":"https:\/\/pgvape.com\/pl\/wp-json\/wp\/v2\/comments?post=4966"}],"wp:featuredmedia":[{"embeddable":true,"href":"https:\/\/pgvape.com\/pl\/wp-json\/wp\/v2\/media\/4972"}],"wp:attachment":[{"href":"https:\/\/pgvape.com\/pl\/wp-json\/wp\/v2\/media?parent=4966"}],"wp:term":[{"taxonomy":"product_brand","embeddable":true,"href":"https:\/\/pgvape.com\/pl\/wp-json\/wp\/v2\/product_brand?post=4966"},{"taxonomy":"product_cat","embeddable":true,"href":"https:\/\/pgvape.com\/pl\/wp-json\/wp\/v2\/product_cat?post=4966"},{"taxonomy":"product_tag","embeddable":true,"href":"https:\/\/pgvape.com\/pl\/wp-json\/wp\/v2\/product_tag?post=4966"}],"curies":[{"name":"wp","href":"https:\/\/api.w.org\/{rel}","templated":true}]}}