{"id":4916,"date":"2025-10-31T09:58:46","date_gmt":"2025-10-31T09:58:46","guid":{"rendered":"https:\/\/pgvape.com\/?post_type=product&#038;p=4916"},"modified":"2026-01-27T15:38:36","modified_gmt":"2026-01-27T15:38:36","slug":"zooy-king-15000-15k-zaciagniec-jednorazowy-vape-0-2-3-5-nikotyny-12-smakow-ekran-led-vape-factory-direct","status":"publish","type":"product","link":"https:\/\/pgvape.com\/pl\/produkt\/zooy-king-15000-15k-zaciagniec-jednorazowy-vape-0-2-3-5-nikotyny-12-smakow-ekran-led-vape-factory-direct\/","title":{"rendered":"ZOOY King 15000 | 15K Puffs Jednorazowy Vape | 0% 2% 3% 5% Nikotyna | 12 Smak\u00f3w | Ekran LED | Vape Factory Direct"},"content":{"rendered":"<p><strong data-sourcepos=\"4:5-4:35\">Waporyzator ZOOY KING 15000<\/strong> Jest przeznaczony dla <strong data-sourcepos=\"4:52-4:72\">Waperzy w ruchu<\/strong> Kto chce <strong data-sourcepos=\"4:82-4:105\">Moc i przeno\u015bno\u015b\u0107<\/strong>. <strong data-sourcepos=\"4:112-4:128\">15 000 zaci\u0105gni\u0119\u0107<\/strong>, A <strong data-sourcepos=\"4:132-4:158\">Pojemno\u015b\u0107 26 ml e-p\u0142ynu<\/strong>, I A <strong data-sourcepos=\"4:166-4:197\">Akumulator 650 MAH<\/strong>, Dostarcza <strong data-sourcepos=\"4:211-4:239\">D\u0142ugotrwa\u0142a wydajno\u015b\u0107<\/strong> w A <strong data-sourcepos=\"4:245-4:271\">Kompaktowa, trwa\u0142a konstrukcja<\/strong>. <strong data-sourcepos=\"4:277-4:290\">Cewka siatkowa<\/strong> Zapewnia <strong data-sourcepos=\"4:299-4:316\">G\u0142adki smak<\/strong>, Podczas gdy <strong data-sourcepos=\"4:328-4:342\">Ekran LED<\/strong> \u015aledzi poziom baterii i e-liquidu. <strong data-sourcepos=\"4:389-4:403\">12 smak\u00f3w<\/strong> I <strong data-sourcepos=\"4:408-4:440\">0%\/2%\/3%\/5% Opcje nikotynowe<\/strong> Dla spersonalizowanego do\u015bwiadczenia.<\/p>\n<p>&nbsp;<\/p>\n<h2><span style=\"font-size: 90%;\">ZOOY King 15000 | 15K Puff\u00f3w Jednorazowy Vape <strong data-sourcepos=\"10:5-10:31\">Dane techniczne<\/strong><\/span><\/h2>\n<p><strong data-sourcepos=\"7:3-7:19\">15 000 zaci\u0105gni\u0119\u0107<\/strong>\u00a0\u2013 D\u0142ugotrwa\u0142e u\u017cytkowanie bez cz\u0119stych wymian<\/p>\n<p><strong data-sourcepos=\"8:3-8:20\">26 ml e-p\u0142ynu<\/strong>\u00a0\u2013 Du\u017ca pojemno\u015b\u0107 zapewniaj\u0105ca d\u0142ugotrwa\u0142y smak<\/p>\n<p><strong data-sourcepos=\"9:3-9:34\">Akumulator 650 MAH<\/strong>\u00a0\u2013\u00a0<strong data-sourcepos=\"9:37-9:61\">Szybkie \u0142adowanie typu C<\/strong><\/p>\n<p><strong data-sourcepos=\"10:3-10:16\">Cewka siatkowa<\/strong>\u00a0\u2013\u00a0<strong data-sourcepos=\"10:19-10:50\">G\u0142adka, bogata para i smak<\/strong><\/p>\n<p><strong data-sourcepos=\"11:3-11:18\">Wy\u015bwietlacz LED<\/strong>\u00a0\u2013 Pokazy\u00a0<strong data-sourcepos=\"11:27-11:56\">Poziomy baterii i p\u0142ynu E<\/strong><\/p>\n<p><strong data-sourcepos=\"12:3-12:24\">Kompaktowy i trwa\u0142y<\/strong>\u00a0- Idealny do podr\u00f3\u017cy<\/p>\n<p><strong data-sourcepos=\"13:3-13:23\">Opcje nikotynowe<\/strong>:\u00a0<strong data-sourcepos=\"13:25-13:46\">0% \/ 2% \/ 3% \/ 5%<\/strong><\/p>\n<p>&nbsp;<\/p>\n<h3><span style=\"font-size: 90%;\">ZOOY King 15000 | 15K Puff\u00f3w Jednorazowy Vape <strong data-sourcepos=\"22:5-22:20\">Lista smak\u00f3w<\/strong><\/span><\/h3>\n<p><strong data-sourcepos=\"16:4-16:24\">1. Sok Truskawkowy<\/strong><\/p>\n<p><strong data-sourcepos=\"17:4-17:21\">2.L\u00f3d jagodowy<\/strong><\/p>\n<p><strong data-sourcepos=\"18:4-18:23\">3. Winogrono \u017curawinowe<\/strong><\/p>\n<p><strong data-sourcepos=\"19:4-19:22\">4. L\u00f3d arbuzowy<\/strong><\/p>\n<p><strong data-sourcepos=\"20:4-20:23\">5.Truskawkowe Kiwi<\/strong><\/p>\n<p><strong data-sourcepos=\"21:4-21:21\">6. Niebieski Razz L\u00f3d<\/strong><\/p>\n<p><strong data-sourcepos=\"22:4-22:29\">7. Arbuz Truskawkowy<\/strong><\/p>\n<p><strong data-sourcepos=\"23:4-23:24\">8. Jagoda Truskawkowa<\/strong><\/p>\n<p><strong data-sourcepos=\"24:4-24:17\">9. Szalona Jagoda<\/strong><\/p>\n<p><strong data-sourcepos=\"25:5-25:20\">10. Cytrynowa krew<\/strong><\/p>\n<p><strong data-sourcepos=\"26:5-26:31\">11. Arbuz brzoskwiniowo-mango<\/strong><\/p>\n<p><strong data-sourcepos=\"27:5-27:19\">12.Gumowy Mi\u015b<br \/>\n<img loading=\"lazy\" decoding=\"async\" class=\"alignnone wp-image-4922 size-full\" src=\"https:\/\/pgvape.com\/wp-content\/uploads\/2025\/10\/pgvape-ZOOY-King-15000-Puffs-Disposable-Vape-0-2-3-5-Nicotines-12Tastes-LED-Screen-Vape-Factory-Direct-4.png\" alt=\"Plakat promocyjny zatytu\u0142owany &#039;ZOOY KING 15000 Puffs&#039; przedstawiaj\u0105cy siatk\u0119 dwunastu kolorowych jednorazowych urz\u0105dze\u0144 do waporyzacji z ilustracjami czaszek i potwor\u00f3w oraz nazwami smak\u00f3w etykietami pod ka\u017cdym urz\u0105dzeniem.\" width=\"800\" height=\"800\" srcset=\"https:\/\/pgvape.com\/wp-content\/uploads\/2025\/10\/pgvape-ZOOY-King-15000-Puffs-Disposable-Vape-0-2-3-5-Nicotines-12Tastes-LED-Screen-Vape-Factory-Direct-4.png 800w, https:\/\/pgvape.com\/wp-content\/uploads\/2025\/10\/pgvape-ZOOY-King-15000-Puffs-Disposable-Vape-0-2-3-5-Nicotines-12Tastes-LED-Screen-Vape-Factory-Direct-4-360x360.png 360w, https:\/\/pgvape.com\/wp-content\/uploads\/2025\/10\/pgvape-ZOOY-King-15000-Puffs-Disposable-Vape-0-2-3-5-Nicotines-12Tastes-LED-Screen-Vape-Factory-Direct-4-595x595.png 595w, https:\/\/pgvape.com\/wp-content\/uploads\/2025\/10\/pgvape-ZOOY-King-15000-Puffs-Disposable-Vape-0-2-3-5-Nicotines-12Tastes-LED-Screen-Vape-Factory-Direct-4-400x400.png 400w, https:\/\/pgvape.com\/wp-content\/uploads\/2025\/10\/pgvape-ZOOY-King-15000-Puffs-Disposable-Vape-0-2-3-5-Nicotines-12Tastes-LED-Screen-Vape-Factory-Direct-4-768x768.png 768w, https:\/\/pgvape.com\/wp-content\/uploads\/2025\/10\/pgvape-ZOOY-King-15000-Puffs-Disposable-Vape-0-2-3-5-Nicotines-12Tastes-LED-Screen-Vape-Factory-Direct-4-12x12.png 12w, https:\/\/pgvape.com\/wp-content\/uploads\/2025\/10\/pgvape-ZOOY-King-15000-Puffs-Disposable-Vape-0-2-3-5-Nicotines-12Tastes-LED-Screen-Vape-Factory-Direct-4-300x300.png 300w, https:\/\/pgvape.com\/wp-content\/uploads\/2025\/10\/pgvape-ZOOY-King-15000-Puffs-Disposable-Vape-0-2-3-5-Nicotines-12Tastes-LED-Screen-Vape-Factory-Direct-4-600x600.png 600w, https:\/\/pgvape.com\/wp-content\/uploads\/2025\/10\/pgvape-ZOOY-King-15000-Puffs-Disposable-Vape-0-2-3-5-Nicotines-12Tastes-LED-Screen-Vape-Factory-Direct-4-100x100.png 100w, https:\/\/pgvape.com\/wp-content\/uploads\/2025\/10\/pgvape-ZOOY-King-15000-Puffs-Disposable-Vape-0-2-3-5-Nicotines-12Tastes-LED-Screen-Vape-Factory-Direct-4-40x40.png 40w\" sizes=\"auto, (max-width: 800px) 100vw, 800px\" \/><br \/>\n<\/strong><\/p>\n<p>&nbsp;<\/p>\n<h3><span style=\"font-size: 90%;\">ZOOY King 15000 | 15K Puff\u00f3w Jednorazowy Vape <strong>Wideo<\/strong>:<\/span><\/h3>\n<p>&nbsp;<\/p>\n<h2>Cz\u0119sto zadawane pytania dotycz\u0105ce ZOOY King 15000 | 15K Puffs Jednorazowy waporyzator<\/h2>\n<p data-sourcepos=\"30:1-31:87\">\u2753 <strong data-sourcepos=\"30:3-30:38\">Jak d\u0142ugo wytrzymuje bateria?<\/strong><br \/>\n\u2705 <strong data-sourcepos=\"31:7-31:25\">Bateria 650 MAH<\/strong> Obs\u0142uguje <strong data-sourcepos=\"31:35-31:51\">Rozszerzone u\u017cytkowanie<\/strong> &amp; \u0141aduje szybko przez <strong data-sourcepos=\"31:74-31:84\">Typ C<\/strong>.<\/p>\n<p data-sourcepos=\"33:1-34:81\">\u2753 <strong data-sourcepos=\"33:3-33:27\">Czy para jest g\u0142adka?<\/strong><br \/>\n\u2705 <strong data-sourcepos=\"34:7-34:20\">Cewka siatkowa<\/strong> Zapewnia <strong data-sourcepos=\"34:30-34:60\">Sp\u00f3jne, aromatyczne hity<\/strong> Bez surowo\u015bci.<\/p>\n<p data-sourcepos=\"36:1-37:68\">\u2753 <strong data-sourcepos=\"36:3-36:35\">Czy mog\u0119 \u015bledzi\u0107 poziomy e-liquidu?<\/strong><br \/>\n\u2705 Tak! <strong data-sourcepos=\"37:12-37:27\">Wy\u015bwietlacz LED<\/strong> Wida\u0107 <strong data-sourcepos=\"37:34-37:65\">Pozosta\u0142y sok i bateria %<\/strong>.<\/p>\n<p data-sourcepos=\"39:1-40:87\">\u2753 <strong data-sourcepos=\"39:3-39:33\">Dla kogo ten Vape jest najlepszy?<br \/>\n<\/strong> \u2705 Vaperzy, kt\u00f3rzy chc\u0105 <strong data-sourcepos=\"40:19-40:70\">Przeno\u015bno\u015b\u0107, trwa\u0142o\u015b\u0107 i konfigurowalna nikotyna<\/strong> W jednym urz\u0105dzeniu.<\/p>\n<p data-sourcepos=\"42:1-43:84\">\u2753 <strong data-sourcepos=\"42:3-42:28\">Czy smaki s\u0105 odwa\u017cne?<br \/>\n<\/strong> \u2705 <strong data-sourcepos=\"43:3-43:17\">12 opcji<\/strong> Zakres od <strong data-sourcepos=\"43:29-43:39\">Owocowy<\/strong> Do <strong data-sourcepos=\"43:43-43:57\">Cukierkowy<\/strong> Dla r\u00f3\u017cnorodnych preferencji.<\/p>\n<p>&nbsp;<\/p>\n<h3 id=\"brxe-najhln\" class=\"brxe-heading\">Cz\u0119sto zadawane pytania (FAQ)<\/h3>\n<div id=\"brxe-rajiac\" class=\"brxe-text\">\n<p><strong>P: Jakie metody p\u0142atno\u015bci akceptujecie?<\/strong><br \/>\nOdp.: Akceptujemy PayPal, Stripe, przelewy bankowe (obs\u0142ugiwane SEPA), g\u0142\u00f3wne karty kredytowe (Visa, MasterCard, American Express) i p\u0142atno\u015bci w kryptowalutach.<\/p>\n<p><strong>P: Jak d\u0142ugo trwa przygotowanie zam\u00f3wienia?<\/strong><br \/>\nOdp.: Przygotowanie zam\u00f3wienia zajmuje 1-3 dni robocze.<\/p>\n<p><strong>P: Jaki jest czas wysy\u0142ki?<\/strong><br \/>\nOdp.: Czas wysy\u0142ki wynosi 7-14 dni roboczych, w zale\u017cno\u015bci od Twojej lokalizacji.<\/p>\n<p><strong>P: Jak mog\u0119 \u015bledzi\u0107 moje zam\u00f3wienie?<\/strong><br \/>\nOdp.: Po wysy\u0142ce otrzymasz wiadomo\u015b\u0107 e-mail z potwierdzeniem i numerem przesy\u0142ki umo\u017cliwiaj\u0105cym \u015bledzenie w czasie rzeczywistym.<\/p>\n<p><strong>P: Jaka jest Twoja polityka zwrot\u00f3w?<\/strong><br \/>\nOdp.: Oferujemy 30-dniow\u0105 polityk\u0119 zwrot\u00f3w lub wymiany. .<\/p>\n<p><strong>P: Czy wyst\u0105pi\u0105 jakie\u015b problemy celne?<br \/>\n<\/strong>Obs\u0142ugujemy wszystkie procedury odprawy celnej, aby zapewni\u0107 Ci bezproblemow\u0105 obs\u0142ug\u0119. .<\/p>\n<p><strong>P: Jakie metody wysy\u0142ki s\u0105 stosowane?<\/strong><br \/>\nWsp\u00f3\u0142pracujemy z firmami UPS\/DHL\/FEDEX\/DPD itp. W zale\u017cno\u015bci od kraju dostawy wybierzemy odpowiedni\u0105 opcj\u0119 wysy\u0142ki, tak aby produkty dotar\u0142y do \u200b\u200bPa\u0144stwa najszybciej jak to mo\u017cliwe.<\/p>\n<p><a href=\"https:\/\/pgvape.com\/pl\/czesto-zadawane-pytania\/\">Kliknij tutaj, aby uzyska\u0107 wi\u0119cej cz\u0119sto zadawanych pyta\u0144<\/a><\/p>\n<p>Szanowni klienci, je\u015bli masz jakiekolwiek pytania dotycz\u0105ce zam\u00f3wienia lub przybycia towaru, skontaktuj si\u0119 z naszym dzia\u0142em obs\u0142ugi klienta. Dzi\u0119kuj\u0119!<\/p>\n<h3 data-sourcepos=\"73:1-73:21\"><strong data-sourcepos=\"73:7-73:21\">Skontaktuj si\u0119 z nami<\/strong><\/h3>\n<div id=\"text-2419739398\" class=\"text\">\n<p><strong data-sourcepos=\"75:3-75:12\">E-mail<\/strong>:\u00a0<a href=\"mailto:support@pgvape.com\"><strong>support@pgvape.com<\/strong><\/a><\/p>\n<p><strong data-sourcepos=\"76:3-76:15\">WhatsApp<\/strong>:\u00a0<a href=\"https:\/\/wa.me\/+8618128481258\"><strong>+86 18128481258<\/strong><\/a><br \/>\n<strong>(Odpowied\u017a w ci\u0105gu 24 godzin w dni robocze)<\/strong><\/p>\n<\/div>\n<h3><strong>Dzi\u0119kujemy za wybranie pgvape.com! .<\/strong><\/h3>\n<\/div>","protected":false},"excerpt":{"rendered":"<p><strong data-sourcepos=\"46:5-46:30\">ZOOY KING 15000 zaci\u0105gni\u0119\u0107<\/strong> \u0141\u0105czy <strong data-sourcepos=\"46:40-46:102\">Wysoka pojemno\u015b\u0107, mo\u017cliwo\u015b\u0107 ponownego \u0142adowania i doskona\u0142y smak cewki siatkowej<\/strong> w A <strong data-sourcepos=\"46:108-46:134\">Projekt przyjazny dla kieszeni<\/strong> \u2013 Idealny dla waper\u00f3w, kt\u00f3rzy chc\u0105 <strong data-sourcepos=\"46:165-46:190\">Wydajno\u015b\u0107 w podr\u00f3\u017cy<\/strong>.<\/p>","protected":false},"featured_media":4920,"comment_status":"open","ping_status":"closed","template":"","meta":{"_seopress_robots_primary_cat":"none","_seopress_titles_title":"%%post_title%% %%sep%% %%sitetitle%%","_seopress_titles_desc":"","_seopress_robots_index":""},"product_brand":[516,291],"product_cat":[113,515,290],"product_tag":[373,284,204,404],"class_list":{"0":"post-4916","1":"product","2":"type-product","3":"status-publish","4":"has-post-thumbnail","6":"product_brand-disposable-vape","7":"product_brand-zooy-vape","8":"product_cat-15k-puffs-vape","9":"product_cat-disposable-vape","10":"product_cat-zooy-vape","11":"product_tag-15k-puffs-vape","12":"product_tag-led-screen","13":"product_tag-vape-factory-direct","14":"product_tag-zooy-king-15000","16":"first","17":"instock","18":"sale","19":"shipping-taxable","20":"purchasable","21":"product-type-variable"},"_links":{"self":[{"href":"https:\/\/pgvape.com\/pl\/wp-json\/wp\/v2\/product\/4916","targetHints":{"allow":["GET"]}}],"collection":[{"href":"https:\/\/pgvape.com\/pl\/wp-json\/wp\/v2\/product"}],"about":[{"href":"https:\/\/pgvape.com\/pl\/wp-json\/wp\/v2\/types\/product"}],"replies":[{"embeddable":true,"href":"https:\/\/pgvape.com\/pl\/wp-json\/wp\/v2\/comments?post=4916"}],"wp:featuredmedia":[{"embeddable":true,"href":"https:\/\/pgvape.com\/pl\/wp-json\/wp\/v2\/media\/4920"}],"wp:attachment":[{"href":"https:\/\/pgvape.com\/pl\/wp-json\/wp\/v2\/media?parent=4916"}],"wp:term":[{"taxonomy":"product_brand","embeddable":true,"href":"https:\/\/pgvape.com\/pl\/wp-json\/wp\/v2\/product_brand?post=4916"},{"taxonomy":"product_cat","embeddable":true,"href":"https:\/\/pgvape.com\/pl\/wp-json\/wp\/v2\/product_cat?post=4916"},{"taxonomy":"product_tag","embeddable":true,"href":"https:\/\/pgvape.com\/pl\/wp-json\/wp\/v2\/product_tag?post=4916"}],"curies":[{"name":"wp","href":"https:\/\/api.w.org\/{rel}","templated":true}]}}