{"id":4889,"date":"2025-10-31T08:41:16","date_gmt":"2025-10-31T08:41:16","guid":{"rendered":"https:\/\/pgvape.com\/?post_type=product&#038;p=4889"},"modified":"2025-12-15T12:19:02","modified_gmt":"2025-12-15T12:19:02","slug":"zooy-vapor-22000-22-tys-zaciagniec-jednorazowy-vape-regulowany-przeplyw-powietrza-inteligentny-wyswietlacz-vape-factory-direct","status":"publish","type":"product","link":"https:\/\/pgvape.com\/pl\/produkt\/zooy-vapor-22000-22-tys-zaciagniec-jednorazowy-vape-regulowany-przeplyw-powietrza-inteligentny-wyswietlacz-vape-factory-direct\/","title":{"rendered":"ZOOY Vapor 22000 22K Puffs Jednorazowy Vape Regulowany przep\u0142yw powietrza Inteligentny wy\u015bwietlacz Vape Factory Direct"},"content":{"rendered":"<p><strong data-sourcepos=\"4:5-4:47\">Jednorazowy waporyzator ZOOY Vapor 22000 Puffs<\/strong> Dostarcza <strong data-sourcepos=\"4:57-4:85\">D\u0142ugotrwa\u0142a wydajno\u015b\u0107<\/strong> Z <strong data-sourcepos=\"4:91-4:113\">22 000 Ultra Puff\u00f3w<\/strong>, A <strong data-sourcepos=\"4:117-4:148\">Akumulator 650 MAH<\/strong>, I <strong data-sourcepos=\"4:154-4:176\">Regulowany przep\u0142yw powietrza<\/strong> Dla spersonalizowanego do\u015bwiadczenia. <strong data-sourcepos=\"4:218-4:238\">Cewka z podw\u00f3jn\u0105 siatk\u0105<\/strong> Dla <strong data-sourcepos=\"4:243-4:274\">Bogaty smak i g\u0142adkie chmury<\/strong>, Plus A <strong data-sourcepos=\"4:283-4:300\">Inteligentny wy\u015bwietlacz<\/strong> Do \u015bledzenia baterii i zaci\u0105gni\u0119\u0107 w czasie rzeczywistym jest idealny dla vaper\u00f3w, kt\u00f3rzy chc\u0105 <strong data-sourcepos=\"4:373-4:396\">Moc i wygoda<\/strong> W jednym kompaktowym urz\u0105dzeniu.<\/p>\n<p>&nbsp;<\/p>\n<h2><span style=\"font-size: 90%;\">ZOOY Vapor 22000 | 22K Ptysi Jednorazowy Vape <strong data-sourcepos=\"10:5-10:31\">Dane techniczne<\/strong><\/span><\/h2>\n<p><strong data-sourcepos=\"7:3-7:19\">22 000 zaci\u0105gni\u0119\u0107<\/strong>\u00a0\u2013 Przed\u0142u\u017cone wapowanie bez cz\u0119stych wymian<\/p>\n<p><strong data-sourcepos=\"8:3-8:23\">Cewka z podw\u00f3jn\u0105 siatk\u0105<\/strong>\u00a0\u2013\u00a0<strong data-sourcepos=\"8:26-8:59\">Ulepszony smak i g\u0119sta para<\/strong><\/p>\n<p><strong data-sourcepos=\"9:3-9:20\">Inteligentny wy\u015bwietlacz<\/strong>\u00a0\u2013 Utwory\u00a0<strong data-sourcepos=\"9:30-9:59\">\u017bywotno\u015b\u0107 baterii i liczba zaci\u0105gni\u0119\u0107<\/strong><\/p>\n<p><strong data-sourcepos=\"10:3-10:34\">Akumulator 650 MAH<\/strong>\u00a0\u2013\u00a0<strong data-sourcepos=\"10:37-10:61\">Szybkie \u0142adowanie typu C<\/strong><\/p>\n<p><strong data-sourcepos=\"11:3-11:25\">Regulowany przep\u0142yw powietrza<\/strong>\u00a0\u2013 Dostosuj sw\u00f3j fason (ciasny lub przewiewny)<\/p>\n<p><strong data-sourcepos=\"12:3-12:25\">Kompaktowy i przeno\u015bny<\/strong>\u00a0\u2013 Idealny do u\u017cytku w podr\u00f3\u017cy<\/p>\n<p>&nbsp;<\/p>\n<h3><span style=\"font-size: 90%;\">ZOOY Vapor 22000 | 22K Ptysi Jednorazowy Vape <strong data-sourcepos=\"22:5-22:20\">Lista smak\u00f3w<\/strong><\/span><\/h3>\n<p><strong data-sourcepos=\"15:4-15:23\">1.Malina Jab\u0142kowa<\/strong>\u00a0\u2013 Po\u0142\u0105czenie S\u0142odko-Tarta<\/p>\n<p><strong data-sourcepos=\"16:4-16:22\">2. L\u00f3d arbuzowy<\/strong>\u00a0\u2013 Soczysty i orze\u017awiaj\u0105cy<\/p>\n<p><strong data-sourcepos=\"17:4-17:24\">3. Truskawkowe Mango<\/strong>\u00a0\u2013 Mieszanka jag\u00f3d tropikalnych<\/p>\n<p><strong data-sourcepos=\"18:4-18:16\">4. L\u00f3d z Col\u0105<\/strong>\u00a0\u2013 Klasyczna Soda Z Ch\u0142odem<\/p>\n<p><strong data-sourcepos=\"19:4-19:21\">5. Niebieski Razz L\u00f3d<\/strong>\u00a0\u2013 Odwa\u017cny mr\u00f3z jagodowy<\/p>\n<p><strong data-sourcepos=\"20:4-20:25\">6. Truskawkowy Banan<\/strong>\u00a0\u2013 Kremowo-Owocowa Mieszanka<\/p>\n<p><strong data-sourcepos=\"21:4-21:21\">7.L\u00f3d jagodowy<\/strong>\u00a0\u2013 Fajne i s\u0142odkie<\/p>\n<p><strong data-sourcepos=\"22:4-22:32\">8.Kiwi Gujawa z marakuji<\/strong>\u00a0\u2013 Egzotyczny akcent<\/p>\n<p><strong data-sourcepos=\"23:4-23:23\">9.Truskawkowe Kiwi<\/strong>\u00a0\u2013 Jasne i pikantne<\/p>\n<p><strong data-sourcepos=\"24:5-24:31\">10. Arbuz brzoskwiniowo-mango<\/strong>\u00a0\u2013 Potr\u00f3jna owocowa rozkosz<br \/>\n<img loading=\"lazy\" decoding=\"async\" class=\"alignnone wp-image-4905 size-full\" src=\"https:\/\/pgvape.com\/wp-content\/uploads\/2025\/10\/pgvape-ZOOY-Vapor-22000-Puffs-Disposable-Vape-14.png\" alt=\"Dziesi\u0119\u0107 kolorowych jednorazowych urz\u0105dze\u0144 do waporyzacji u\u0142o\u017conych w dw\u00f3ch rz\u0119dach, ka\u017cdy sparowany z grafik\u0105 owoc\u00f3w lub lodu i oznaczony smakami takimi jak jab\u0142ko, malina, jagoda, truskawka, banan, truskawka, mango, dwa jab\u0142ka, truskawka kiwi, Blue Razz Ice, kiwi marakuja gujawa, arbuz Ice i Cola Ice.\" width=\"1500\" height=\"781\" srcset=\"https:\/\/pgvape.com\/wp-content\/uploads\/2025\/10\/pgvape-ZOOY-Vapor-22000-Puffs-Disposable-Vape-14.png 1500w, https:\/\/pgvape.com\/wp-content\/uploads\/2025\/10\/pgvape-ZOOY-Vapor-22000-Puffs-Disposable-Vape-14-555x289.png 555w, https:\/\/pgvape.com\/wp-content\/uploads\/2025\/10\/pgvape-ZOOY-Vapor-22000-Puffs-Disposable-Vape-14-595x310.png 595w, https:\/\/pgvape.com\/wp-content\/uploads\/2025\/10\/pgvape-ZOOY-Vapor-22000-Puffs-Disposable-Vape-14-400x208.png 400w, https:\/\/pgvape.com\/wp-content\/uploads\/2025\/10\/pgvape-ZOOY-Vapor-22000-Puffs-Disposable-Vape-14-768x400.png 768w, https:\/\/pgvape.com\/wp-content\/uploads\/2025\/10\/pgvape-ZOOY-Vapor-22000-Puffs-Disposable-Vape-14-18x9.png 18w, https:\/\/pgvape.com\/wp-content\/uploads\/2025\/10\/pgvape-ZOOY-Vapor-22000-Puffs-Disposable-Vape-14-600x312.png 600w, https:\/\/pgvape.com\/wp-content\/uploads\/2025\/10\/pgvape-ZOOY-Vapor-22000-Puffs-Disposable-Vape-14-60x31.png 60w\" sizes=\"auto, (max-width: 1500px) 100vw, 1500px\" \/><\/p>\n<p>&nbsp;<\/p>\n<h3><span style=\"font-size: 90%;\">ZOOY Vapor 22000 | 22K Ptysi Jednorazowy Vape <strong>Wideo<\/strong>:<\/span><\/h3>\n<p>&nbsp;<\/p>\n<h2>Cz\u0119sto zadawane pytania dotycz\u0105ce ZOOY Vapor 22000 | Jednorazowy waporyzator 22K Puffs<\/h2>\n<p data-sourcepos=\"27:1-28:101\">\u2753 <strong data-sourcepos=\"27:3-27:52\">W jaki spos\u00f3b cewka z podw\u00f3jn\u0105 siatk\u0105 poprawia waporyzacj\u0119?<\/strong><br \/>\n\u2705 <strong data-sourcepos=\"28:3-28:28\">Podw\u00f3jne elementy grzejne<\/strong> Dostarcza\u0107 <strong data-sourcepos=\"28:37-28:56\">50% Wi\u0119cej smaku<\/strong> &amp; <strong data-sourcepos=\"28:59-28:78\">G\u0142adsze chmury<\/strong> Ni\u017c standardowe cewki.<\/p>\n<p data-sourcepos=\"30:1-31:84\">\u2753 <strong data-sourcepos=\"30:3-30:32\">Czy mog\u0119 regulowa\u0107 przep\u0142yw powietrza?<\/strong><br \/>\n\u2705 Tak! <strong data-sourcepos=\"31:8-31:27\">Obr\u00f3\u0107 podstaw\u0119<\/strong> Aby prze\u0142\u0105cza\u0107 si\u0119 mi\u0119dzy <strong data-sourcepos=\"31:46-31:59\">Ciasne MTL<\/strong> Lub <strong data-sourcepos=\"31:63-31:75\">Przewiewny DTL<\/strong> Rysuje.<\/p>\n<p data-sourcepos=\"33:1-34:83\">\u2753 <strong data-sourcepos=\"33:3-33:38\">Jak d\u0142ugo wytrzymuje bateria?<br \/>\n<\/strong> \u2705 <strong data-sourcepos=\"34:7-34:25\">Bateria 650 MAH<\/strong> Obs\u0142uguje rozszerzone u\u017cytkowanie i szybkie \u0142adowanie za po\u015brednictwem <strong data-sourcepos=\"34:70-34:80\">Typ C<\/strong>.<\/p>\n<p data-sourcepos=\"36:1-37:89\">\u2753 <strong data-sourcepos=\"36:3-36:30\">Czy wy\u015bwietlacz jest pomocny?<\/strong><br \/>\n\u2705 <strong data-sourcepos=\"37:7-37:23\">Inteligentny ekran<\/strong> Wida\u0107 <strong data-sourcepos=\"37:30-37:66\">Liczba zaci\u0105gni\u0119\u0107 w czasie rzeczywistym i bateria %<\/strong> Dla \u0142atwego monitorowania.<\/p>\n<p data-sourcepos=\"39:1-40:92\">\u2753 <strong data-sourcepos=\"39:3-39:33\">Dla kogo ten Vape jest najlepszy?<\/strong><br \/>\n\u2705 Vaperzy, kt\u00f3rzy chc\u0105 <strong data-sourcepos=\"40:19-40:65\">D\u0142ugowieczno\u015b\u0107, personalizacja i doskona\u0142y smak<\/strong> w A <strong data-sourcepos=\"40:71-40:89\">Kompaktowa konstrukcja<\/strong>.<\/p>\n<p>&nbsp;<\/p>\n<h3 id=\"brxe-najhln\" class=\"brxe-heading\">Cz\u0119sto zadawane pytania (FAQ)<\/h3>\n<div id=\"brxe-rajiac\" class=\"brxe-text\">\n<p><strong>P: Jakie metody p\u0142atno\u015bci akceptujecie?<\/strong><br \/>\nOdp.: Akceptujemy PayPal, Stripe, przelewy bankowe (obs\u0142ugiwane SEPA), g\u0142\u00f3wne karty kredytowe (Visa, MasterCard, American Express) i p\u0142atno\u015bci w kryptowalutach.<\/p>\n<p><strong>P: Jak d\u0142ugo trwa przygotowanie zam\u00f3wienia?<\/strong><br \/>\nOdp.: Przygotowanie zam\u00f3wienia zajmuje 1-3 dni robocze.<\/p>\n<p><strong>P: Jaki jest czas wysy\u0142ki?<\/strong><br \/>\nOdp.: Czas wysy\u0142ki wynosi 7-14 dni roboczych, w zale\u017cno\u015bci od Twojej lokalizacji.<\/p>\n<p><strong>P: Jak mog\u0119 \u015bledzi\u0107 moje zam\u00f3wienie?<\/strong><br \/>\nOdp.: Po wysy\u0142ce otrzymasz wiadomo\u015b\u0107 e-mail z potwierdzeniem i numerem przesy\u0142ki umo\u017cliwiaj\u0105cym \u015bledzenie w czasie rzeczywistym.<\/p>\n<p><strong>P: Jaka jest Twoja polityka zwrot\u00f3w?<\/strong><br \/>\nOdp.: Oferujemy 30-dniow\u0105 polityk\u0119 zwrot\u00f3w lub wymiany. .<\/p>\n<p><strong>P: Czy wyst\u0105pi\u0105 jakie\u015b problemy celne?<br \/>\n<\/strong>Obs\u0142ugujemy wszystkie procedury odprawy celnej, aby zapewni\u0107 Ci bezproblemow\u0105 obs\u0142ug\u0119. .<\/p>\n<p><strong>P: Jakie metody wysy\u0142ki s\u0105 stosowane?<\/strong><br \/>\nWsp\u00f3\u0142pracujemy z firmami UPS\/DHL\/FEDEX\/DPD itp. W zale\u017cno\u015bci od kraju dostawy wybierzemy odpowiedni\u0105 opcj\u0119 wysy\u0142ki, tak aby produkty dotar\u0142y do \u200b\u200bPa\u0144stwa najszybciej jak to mo\u017cliwe.<\/p>\n<p><a href=\"https:\/\/pgvape.com\/pl\/czesto-zadawane-pytania\/\">Kliknij tutaj, aby uzyska\u0107 wi\u0119cej cz\u0119sto zadawanych pyta\u0144<\/a><\/p>\n<p>Szanowni klienci, je\u015bli masz jakiekolwiek pytania dotycz\u0105ce zam\u00f3wienia lub przybycia towaru, skontaktuj si\u0119 z naszym dzia\u0142em obs\u0142ugi klienta. Dzi\u0119kuj\u0119!<\/p>\n<h3 data-sourcepos=\"73:1-73:21\"><strong data-sourcepos=\"73:7-73:21\">Skontaktuj si\u0119 z nami<\/strong><\/h3>\n<div id=\"text-2419739398\" class=\"text\">\n<p><strong data-sourcepos=\"75:3-75:12\">E-mail<\/strong>:\u00a0<a href=\"mailto:support@pgvape.com\"><strong>support@pgvape.com<\/strong><\/a><\/p>\n<p><strong data-sourcepos=\"76:3-76:15\">WhatsApp<\/strong>:\u00a0<a href=\"https:\/\/wa.me\/+8618128481258\"><strong>+86 18128481258<\/strong><\/a><br \/>\n<strong>(Odpowied\u017a w ci\u0105gu 24 godzin w dni robocze)<\/strong><\/p>\n<\/div>\n<h3><strong>Dzi\u0119kujemy za wybranie pgvape.com! .<\/strong><\/h3>\n<\/div>","protected":false},"excerpt":{"rendered":"<p><strong data-sourcepos=\"43:5-43:31\">ZOOY Vapor 22000 zaci\u0105gni\u0119\u0107<\/strong> \u0141\u0105czy <strong data-sourcepos=\"43:41-43:110\">Wysoka wydajno\u015b\u0107, regulowany przep\u0142yw powietrza i wydajno\u015b\u0107 cewki z podw\u00f3jn\u0105 siatk\u0105<\/strong> Z <strong data-sourcepos=\"43:116-43:137\">10 wybor\u00f3w smakowych<\/strong> \u2013 Idealna r\u00f3wnowaga <strong data-sourcepos=\"43:163-43:186\">Moc i przeno\u015bno\u015b\u0107<\/strong>.<\/p>","protected":false},"featured_media":4894,"comment_status":"open","ping_status":"closed","template":"","meta":{"_seopress_robots_primary_cat":"none","_seopress_titles_title":"%%post_title%% %%sep%% %%sitetitle%%","_seopress_titles_desc":"","_seopress_robots_index":""},"product_brand":[516,291],"product_cat":[381,515,290],"product_tag":[383,135,90,397,204,403],"class_list":{"0":"post-4889","1":"product","2":"type-product","3":"status-publish","4":"has-post-thumbnail","6":"product_brand-disposable-vape","7":"product_brand-zooy-vape","8":"product_cat-22k-puffs-vape","9":"product_cat-disposable-vape","10":"product_cat-zooy-vape","11":"product_tag-22k-puffs-vape","12":"product_tag-adjustable-airflow","13":"product_tag-disposable-vape","14":"product_tag-smart-display","15":"product_tag-vape-factory-direct","16":"product_tag-zooy-vapor-22000","18":"first","19":"instock","20":"sale","21":"shipping-taxable","22":"purchasable","23":"product-type-variable"},"_links":{"self":[{"href":"https:\/\/pgvape.com\/pl\/wp-json\/wp\/v2\/product\/4889","targetHints":{"allow":["GET"]}}],"collection":[{"href":"https:\/\/pgvape.com\/pl\/wp-json\/wp\/v2\/product"}],"about":[{"href":"https:\/\/pgvape.com\/pl\/wp-json\/wp\/v2\/types\/product"}],"replies":[{"embeddable":true,"href":"https:\/\/pgvape.com\/pl\/wp-json\/wp\/v2\/comments?post=4889"}],"wp:featuredmedia":[{"embeddable":true,"href":"https:\/\/pgvape.com\/pl\/wp-json\/wp\/v2\/media\/4894"}],"wp:attachment":[{"href":"https:\/\/pgvape.com\/pl\/wp-json\/wp\/v2\/media?parent=4889"}],"wp:term":[{"taxonomy":"product_brand","embeddable":true,"href":"https:\/\/pgvape.com\/pl\/wp-json\/wp\/v2\/product_brand?post=4889"},{"taxonomy":"product_cat","embeddable":true,"href":"https:\/\/pgvape.com\/pl\/wp-json\/wp\/v2\/product_cat?post=4889"},{"taxonomy":"product_tag","embeddable":true,"href":"https:\/\/pgvape.com\/pl\/wp-json\/wp\/v2\/product_tag?post=4889"}],"curies":[{"name":"wp","href":"https:\/\/api.w.org\/{rel}","templated":true}]}}