{"id":4855,"date":"2025-10-31T07:39:25","date_gmt":"2025-10-31T07:39:25","guid":{"rendered":"https:\/\/pgvape.com\/?post_type=product&#038;p=4855"},"modified":"2025-12-15T12:19:23","modified_gmt":"2025-12-15T12:19:23","slug":"fihp-36000-36k-zaciagniec-podwojne-smaki-jednorazowy-vape-led-inteligentny-wyswietlacz-vape-factory-direct","status":"publish","type":"product","link":"https:\/\/pgvape.com\/pl\/produkt\/fihp-36000-36k-zaciagniec-podwojne-smaki-jednorazowy-vape-led-inteligentny-wyswietlacz-vape-factory-direct\/","title":{"rendered":"FIHP 36000 36K Puffs Double Flavorss Jednorazowy inteligentny wy\u015bwietlacz Vape LED Vape Factory Direct"},"content":{"rendered":"<p><strong data-sourcepos=\"4:5-4:48\">Jednorazowy e-papieros FIHP 36000 Puffs<\/strong> Dostarcza <strong data-sourcepos=\"4:58-4:86\">Przed\u0142u\u017cona przyjemno\u015b\u0107 z wapowania<\/strong> Z <strong data-sourcepos=\"4:92-4:119\">36 000 bardzo d\u0142ugich zaci\u0105gni\u0119\u0107<\/strong> i A <strong data-sourcepos=\"4:126-4:158\">System prze\u0142\u0105czania dw\u00f3ch smak\u00f3w<\/strong>. <strong data-sourcepos=\"4:174-4:205\">Akumulator 850 MAH<\/strong> Z <strong data-sourcepos=\"4:211-4:235\">Szybkie \u0142adowanie typu C<\/strong>, Zawiera A <strong data-sourcepos=\"4:251-4:269\">Podw\u00f3jna cewka siatkowa<\/strong> Dla <strong data-sourcepos=\"4:274-4:301\">G\u0142adka, aromatyczna para<\/strong> i A <strong data-sourcepos=\"4:308-4:330\">Zbiornik na e-p\u0142yn o pojemno\u015bci 32 ml<\/strong> Dla d\u0142ugotrwa\u0142ej przyjemno\u015bci. <strong data-sourcepos=\"4:363-4:384\">Inteligentny wy\u015bwietlacz LED<\/strong> Informuje Ci\u0119 o poziomie baterii i e-liquidu, gdy jest <strong data-sourcepos=\"4:446-4:481\">Kompaktowa, przyjazna w podr\u00f3\u017cy konstrukcja<\/strong> Zapewnia wygod\u0119 w podr\u00f3\u017cy.<img loading=\"lazy\" decoding=\"async\" class=\"alignnone wp-image-4863 size-full\" src=\"https:\/\/pgvape.com\/wp-content\/uploads\/2025\/10\/pgvape-FIHP-36000-Puffs-Double-Flavors-Disposable-Vape-6.png\" alt=\"Zestaw kolorowych, prostok\u0105tnych urz\u0105dze\u0144 do waporyzacji z okr\u0105g\u0142ymi cyfrowymi wy\u015bwietlaczami i g\u00f3rnymi ustnikami rozmieszczonymi na odblaskowej powierzchni na tle mi\u0119kkiego pastelowego gradientu, z jedn\u0105 jednostk\u0105 le\u017c\u0105c\u0105 na boku i ma\u0142\u0105 ro\u015blin\u0105 doniczkow\u0105 i zielonym li\u015bciem akcentuj\u0105cymi scen\u0119.\" width=\"1600\" height=\"332\" srcset=\"https:\/\/pgvape.com\/wp-content\/uploads\/2025\/10\/pgvape-FIHP-36000-Puffs-Double-Flavors-Disposable-Vape-6.png 1600w, https:\/\/pgvape.com\/wp-content\/uploads\/2025\/10\/pgvape-FIHP-36000-Puffs-Double-Flavors-Disposable-Vape-6-555x115.png 555w, https:\/\/pgvape.com\/wp-content\/uploads\/2025\/10\/pgvape-FIHP-36000-Puffs-Double-Flavors-Disposable-Vape-6-595x123.png 595w, https:\/\/pgvape.com\/wp-content\/uploads\/2025\/10\/pgvape-FIHP-36000-Puffs-Double-Flavors-Disposable-Vape-6-400x83.png 400w, https:\/\/pgvape.com\/wp-content\/uploads\/2025\/10\/pgvape-FIHP-36000-Puffs-Double-Flavors-Disposable-Vape-6-768x159.png 768w, https:\/\/pgvape.com\/wp-content\/uploads\/2025\/10\/pgvape-FIHP-36000-Puffs-Double-Flavors-Disposable-Vape-6-1536x319.png 1536w, https:\/\/pgvape.com\/wp-content\/uploads\/2025\/10\/pgvape-FIHP-36000-Puffs-Double-Flavors-Disposable-Vape-6-18x4.png 18w, https:\/\/pgvape.com\/wp-content\/uploads\/2025\/10\/pgvape-FIHP-36000-Puffs-Double-Flavors-Disposable-Vape-6-600x125.png 600w, https:\/\/pgvape.com\/wp-content\/uploads\/2025\/10\/pgvape-FIHP-36000-Puffs-Double-Flavors-Disposable-Vape-6-60x12.png 60w\" sizes=\"auto, (max-width: 1600px) 100vw, 1600px\" \/><\/p>\n<p>&nbsp;<\/p>\n<h2><span style=\"font-size: 90%;\">FIHP 36000 | 36K Puffs Double Favours Jednorazowy waporyzator <strong data-sourcepos=\"10:5-10:31\">Dane techniczne<\/strong><\/span><\/h2>\n<p><strong data-sourcepos=\"7:3-7:19\">36 000 zaci\u0105gni\u0119\u0107<\/strong>\u00a0\u2013 Wiod\u0105ca w bran\u017cy trwa\u0142o\u015b\u0107<\/p>\n<p><strong data-sourcepos=\"8:3-8:25\">System podw\u00f3jnego smaku<\/strong>\u00a0\u2013 Natychmiastowe prze\u0142\u0105czanie pomi\u0119dzy dwoma smakami**<\/p>\n<p><strong data-sourcepos=\"9:3-9:32\">Opcje nikotyny: 2% i 5%<\/strong>\u00a0\u2013 Dla indywidualnej satysfakcji<\/p>\n<p><strong data-sourcepos=\"10:3-10:29\">Pojemno\u015b\u0107 32 ml e-p\u0142ynu<\/strong>\u00a0\u2013 Ogromny zbiornik na sok**<\/p>\n<p><strong data-sourcepos=\"11:3-11:54\">Podw\u00f3jna cewka siatkowa \u2013 bogatszy smak i g\u0142adsza para<\/strong><\/p>\n<p><strong data-sourcepos=\"12:3-12:55\">Akumulator 850MAH \u2013 d\u0142ugotrwa\u0142a moc<\/strong><\/p>\n<p><strong data-sourcepos=\"13:3-13:47\">Szybkie \u0142adowanie typu C \u2013 szybkie i wydajne<\/strong><\/p>\n<p><strong data-sourcepos=\"14:3-14:47\">Inteligentny wy\u015bwietlacz LED \u2013 monitorowanie w czasie rzeczywistym<\/strong><\/p>\n<p><strong data-sourcepos=\"15:3-15:44\">Kompaktowy i lekki \u2013 \u0142atwy do przenoszenia<\/strong><\/p>\n<p><strong data-sourcepos=\"16:3-16:56\">Dost\u0119pne us\u0142ugi ODM\/OEM \u2013 idealne dla firm<\/strong><\/p>\n<p>&nbsp;<\/p>\n<h3><span style=\"font-size: 90%;\">FIHP 36000 | 36K Puffs Double Favours Jednorazowy waporyzator <strong data-sourcepos=\"22:5-22:20\">Lista smak\u00f3w<\/strong><\/span><\/h3>\n<p><strong data-sourcepos=\"19:4-19:44\">1. Brzoskwinia, jagoda i arbuz, mango, brzoskwinia<\/strong><\/p>\n<p><strong data-sourcepos=\"20:4-20:45\">2. Arbuzowa guma balonowa i l\u00f3d truskawkowy<\/strong><\/p>\n<p><strong data-sourcepos=\"21:4-21:33\">3. Mieszane jagody i l\u00f3d winogronowy<\/strong><\/p>\n<p><strong data-sourcepos=\"22:4-22:37\">4.Brzoskwiniowy l\u00f3d i truskawkowy banan<\/strong><\/p>\n<p><strong data-sourcepos=\"23:4-23:35\">5. Wi\u015bniowa Cola Ice &amp; Blue Razz<\/strong><\/p>\n<p><strong data-sourcepos=\"24:4-24:51\">6. L\u00f3d jagodowy i truskawka, malina, wi\u015bnia<\/strong><\/p>\n<p><strong data-sourcepos=\"25:4-25:41\">7. L\u00f3d arbuzowy i podw\u00f3jny l\u00f3d jab\u0142kowy<\/strong><\/p>\n<p><strong data-sourcepos=\"26:4-26:48\">8.Truskawkowy arbuz i truskawkowe mango<\/strong><\/p>\n<p><strong data-sourcepos=\"27:4-27:45\">9.Truskawkowy Red Bull i Truskawkowy Kiwi<\/strong><\/p>\n<p><strong data-sourcepos=\"28:5-28:45\">10.Lemoniada malinowo-cytrynowo-bor\u00f3wkowa<\/strong><\/p>\n<p><strong data-sourcepos=\"29:5-29:41\">11.Red Bull Ice i Wi\u015bnia Truskawkowa<\/strong><\/p>\n<p><strong data-sourcepos=\"30:5-30:37\">12. Wi\u015bnia i Bor\u00f3wka Malina<br \/>\n<img loading=\"lazy\" decoding=\"async\" class=\"alignnone wp-image-4864 size-full\" src=\"https:\/\/pgvape.com\/wp-content\/uploads\/2025\/10\/pgvape-FIHP-36000-Puffs-Double-Flavors-Disposable-Vape-7.jpg\" alt=\"Reklama przedstawiaj\u0105ca logo FIHP i nag\u0142\u00f3wek \u201c12X2 FLAVORS\u201d nad siatk\u0105 4x3 zawieraj\u0105c\u0105 12 kolorowych, prostok\u0105tnych urz\u0105dze\u0144 do waporyzacji z ma\u0142ymi ustnikami i frontami w stylu ekranu dotykowego, ka\u017cde po\u0142\u0105czone z etykiet\u0105 o dw\u00f3ch smakach poni\u017cej i logo pgvape na dole.\" width=\"1500\" height=\"1500\" srcset=\"https:\/\/pgvape.com\/wp-content\/uploads\/2025\/10\/pgvape-FIHP-36000-Puffs-Double-Flavors-Disposable-Vape-7.jpg 1500w, https:\/\/pgvape.com\/wp-content\/uploads\/2025\/10\/pgvape-FIHP-36000-Puffs-Double-Flavors-Disposable-Vape-7-360x360.jpg 360w, https:\/\/pgvape.com\/wp-content\/uploads\/2025\/10\/pgvape-FIHP-36000-Puffs-Double-Flavors-Disposable-Vape-7-595x595.jpg 595w, https:\/\/pgvape.com\/wp-content\/uploads\/2025\/10\/pgvape-FIHP-36000-Puffs-Double-Flavors-Disposable-Vape-7-400x400.jpg 400w, https:\/\/pgvape.com\/wp-content\/uploads\/2025\/10\/pgvape-FIHP-36000-Puffs-Double-Flavors-Disposable-Vape-7-768x768.jpg 768w, https:\/\/pgvape.com\/wp-content\/uploads\/2025\/10\/pgvape-FIHP-36000-Puffs-Double-Flavors-Disposable-Vape-7-12x12.jpg 12w, https:\/\/pgvape.com\/wp-content\/uploads\/2025\/10\/pgvape-FIHP-36000-Puffs-Double-Flavors-Disposable-Vape-7-300x300.jpg 300w, https:\/\/pgvape.com\/wp-content\/uploads\/2025\/10\/pgvape-FIHP-36000-Puffs-Double-Flavors-Disposable-Vape-7-600x600.jpg 600w, https:\/\/pgvape.com\/wp-content\/uploads\/2025\/10\/pgvape-FIHP-36000-Puffs-Double-Flavors-Disposable-Vape-7-100x100.jpg 100w, https:\/\/pgvape.com\/wp-content\/uploads\/2025\/10\/pgvape-FIHP-36000-Puffs-Double-Flavors-Disposable-Vape-7-40x40.jpg 40w\" sizes=\"auto, (max-width: 1500px) 100vw, 1500px\" \/><br \/>\n<\/strong><\/p>\n<p>&nbsp;<\/p>\n<h3><span style=\"font-size: 90%;\">FIHP 36000 | 36K Puffs Double Favours Jednorazowy waporyzator <strong>Wideo<\/strong>:<\/span><\/h3>\n<p>&nbsp;<\/p>\n<h2>Cz\u0119sto zadawane pytania dotycz\u0105ce FIHP 36000 | Jednorazowy waporyzator 36K Puffs Double Flavours<\/h2>\n<p data-sourcepos=\"33:1-34:79\">\u2753 <strong data-sourcepos=\"33:3-33:44\">Jak dzia\u0142a system podw\u00f3jnego smaku?<\/strong><br \/>\n\u2705 \u0141atwe prze\u0142\u0105czanie pomi\u0119dzy <strong data-sourcepos=\"34:25-34:49\">Dwa wbudowane smaki<\/strong> Za pomoc\u0105 prostego naci\u015bni\u0119cia przycisku.<\/p>\n<p data-sourcepos=\"36:1-37:84\">\u2753 <strong data-sourcepos=\"36:3-36:40\">Co umo\u017cliwia wykonanie 36 000 zaci\u0105gni\u0119\u0107?<br \/>\n<\/strong> \u2705 <strong data-sourcepos=\"37:3-37:29\">Pojemno\u015b\u0107 32 ml e-p\u0142ynu<\/strong> + <strong data-sourcepos=\"37:32-37:61\">Podw\u00f3jna cewka o wysokiej wydajno\u015bci<\/strong> Maksymalizuje d\u0142ugowieczno\u015b\u0107.<\/p>\n<p data-sourcepos=\"39:1-40:79\">\u2753 <strong data-sourcepos=\"39:3-39:35\">Czy jako\u015b\u0107 pary jest p\u0142ynna?<br \/>\n<\/strong> \u2705 <strong data-sourcepos=\"40:3-40:22\">Podw\u00f3jne cewki siatkowe<\/strong> Dostarcza\u0107 <strong data-sourcepos=\"40:31-40:50\">50% Wi\u0119cej smaku<\/strong> Ni\u017c standardowe artyku\u0142y jednorazowe.<\/p>\n<p data-sourcepos=\"42:1-43:73\">\u2753 <strong data-sourcepos=\"42:3-42:38\">Jak d\u0142ugo wytrzymuje bateria?<br \/>\n<\/strong> \u2705 <strong data-sourcepos=\"43:3-43:21\">Bateria 850 MAH<\/strong> Obs\u0142uguje rozszerzone u\u017cytkowanie i <strong data-sourcepos=\"43:46-43:70\">Szybkie \u0142adowanie typu C<\/strong>.<\/p>\n<p data-sourcepos=\"45:1-46:62\">\u2753 <strong data-sourcepos=\"45:3-45:29\">Czy jest przyjazny w podr\u00f3\u017cy?<br \/>\n<\/strong> \u2705 <strong data-sourcepos=\"46:3-46:28\">Kompaktowy i lekki<\/strong> - Idealny do wapowania w ruchu.<\/p>\n<p>&nbsp;<\/p>\n<h3 id=\"brxe-najhln\" class=\"brxe-heading\">Cz\u0119sto zadawane pytania (FAQ)<\/h3>\n<div id=\"brxe-rajiac\" class=\"brxe-text\">\n<p><strong>P: Jakie metody p\u0142atno\u015bci akceptujecie?<\/strong><br \/>\nOdp.: Akceptujemy PayPal, Stripe, przelewy bankowe (obs\u0142ugiwane SEPA), g\u0142\u00f3wne karty kredytowe (Visa, MasterCard, American Express) i p\u0142atno\u015bci w kryptowalutach.<\/p>\n<p><strong>P: Jak d\u0142ugo trwa przygotowanie zam\u00f3wienia?<\/strong><br \/>\nOdp.: Przygotowanie zam\u00f3wienia zajmuje 1-3 dni robocze.<\/p>\n<p><strong>P: Jaki jest czas wysy\u0142ki?<\/strong><br \/>\nOdp.: Czas wysy\u0142ki wynosi 7-14 dni roboczych, w zale\u017cno\u015bci od Twojej lokalizacji.<\/p>\n<p><strong>P: Jak mog\u0119 \u015bledzi\u0107 moje zam\u00f3wienie?<\/strong><br \/>\nOdp.: Po wysy\u0142ce otrzymasz wiadomo\u015b\u0107 e-mail z potwierdzeniem i numerem przesy\u0142ki umo\u017cliwiaj\u0105cym \u015bledzenie w czasie rzeczywistym.<\/p>\n<p><strong>P: Jaka jest Twoja polityka zwrot\u00f3w?<\/strong><br \/>\nOdp.: Oferujemy 30-dniow\u0105 polityk\u0119 zwrot\u00f3w lub wymiany. .<\/p>\n<p><strong>P: Czy wyst\u0105pi\u0105 jakie\u015b problemy celne?<br \/>\n<\/strong>Obs\u0142ugujemy wszystkie procedury odprawy celnej, aby zapewni\u0107 Ci bezproblemow\u0105 obs\u0142ug\u0119. .<\/p>\n<p><strong>P: Jakie metody wysy\u0142ki s\u0105 stosowane?<\/strong><br \/>\nWsp\u00f3\u0142pracujemy z firmami UPS\/DHL\/FEDEX\/DPD itp. W zale\u017cno\u015bci od kraju dostawy wybierzemy odpowiedni\u0105 opcj\u0119 wysy\u0142ki, tak aby produkty dotar\u0142y do \u200b\u200bPa\u0144stwa najszybciej jak to mo\u017cliwe.<\/p>\n<p><a href=\"https:\/\/pgvape.com\/pl\/czesto-zadawane-pytania\/\">Kliknij tutaj, aby uzyska\u0107 wi\u0119cej cz\u0119sto zadawanych pyta\u0144<\/a><\/p>\n<p>Szanowni klienci, je\u015bli masz jakiekolwiek pytania dotycz\u0105ce zam\u00f3wienia lub przybycia towaru, skontaktuj si\u0119 z naszym dzia\u0142em obs\u0142ugi klienta. Dzi\u0119kuj\u0119!<\/p>\n<h3 data-sourcepos=\"73:1-73:21\"><strong data-sourcepos=\"73:7-73:21\">Skontaktuj si\u0119 z nami<\/strong><\/h3>\n<div id=\"text-2419739398\" class=\"text\">\n<p><strong data-sourcepos=\"75:3-75:12\">E-mail<\/strong>:\u00a0<a href=\"mailto:support@pgvape.com\"><strong>support@pgvape.com<\/strong><\/a><\/p>\n<p><strong data-sourcepos=\"76:3-76:15\">WhatsApp<\/strong>:\u00a0<a href=\"https:\/\/wa.me\/+8618128481258\"><strong>+86 18128481258<\/strong><\/a><br \/>\n<strong>(Odpowied\u017a w ci\u0105gu 24 godzin w dni robocze)<\/strong><\/p>\n<\/div>\n<h3><strong>Dzi\u0119kujemy za wybranie pgvape.com! .<\/strong><\/h3>\n<\/div>","protected":false},"excerpt":{"rendered":"<p data-sourcepos=\"49:1-49:222\">\u00a0<strong data-sourcepos=\"49:5-49:25\">Zaci\u0105gni\u0119cia FIHP 36000<\/strong> \u0141\u0105czy <strong data-sourcepos=\"49:35-49:59\">Niezr\u00f3wnana liczba zaci\u0105gni\u0119\u0107<\/strong>, <strong data-sourcepos=\"49:61-49:88\">Elastyczno\u015b\u0107 w dw\u00f3ch smakach<\/strong>, I <strong data-sourcepos=\"49:94-49:127\">Najwy\u017csza wydajno\u015b\u0107 z podw\u00f3jn\u0105 cewk\u0105<\/strong> w A <strong data-sourcepos=\"49:133-49:159\">Elegancka, przeno\u015bna konstrukcja<\/strong> \u2013 Najlepszy jednorazowy waporyzator dla poszukiwaczy smak\u00f3w i chmur**.<\/p>","protected":false},"featured_media":4859,"comment_status":"open","ping_status":"closed","template":"","meta":{"_seopress_robots_primary_cat":"none","_seopress_titles_title":"%%post_title%% %%sep%% %%sitetitle%%","_seopress_titles_desc":"","_seopress_robots_index":""},"product_brand":[516,275],"product_cat":[398,515,274],"product_tag":[400,90,401,399,402,204],"class_list":{"0":"post-4855","1":"product","2":"type-product","3":"status-publish","4":"has-post-thumbnail","6":"product_brand-disposable-vape","7":"product_brand-fihp-vape","8":"product_cat-36k-puffs-vape","9":"product_cat-disposable-vape","10":"product_cat-fihp-vape","11":"product_tag-36k-puffs-vape","12":"product_tag-disposable-vape","13":"product_tag-double-flavorss","14":"product_tag-fihp-36000","15":"product_tag-led-smart-display","16":"product_tag-vape-factory-direct","18":"first","19":"instock","20":"sale","21":"shipping-taxable","22":"purchasable","23":"product-type-variable"},"_links":{"self":[{"href":"https:\/\/pgvape.com\/pl\/wp-json\/wp\/v2\/product\/4855","targetHints":{"allow":["GET"]}}],"collection":[{"href":"https:\/\/pgvape.com\/pl\/wp-json\/wp\/v2\/product"}],"about":[{"href":"https:\/\/pgvape.com\/pl\/wp-json\/wp\/v2\/types\/product"}],"replies":[{"embeddable":true,"href":"https:\/\/pgvape.com\/pl\/wp-json\/wp\/v2\/comments?post=4855"}],"wp:featuredmedia":[{"embeddable":true,"href":"https:\/\/pgvape.com\/pl\/wp-json\/wp\/v2\/media\/4859"}],"wp:attachment":[{"href":"https:\/\/pgvape.com\/pl\/wp-json\/wp\/v2\/media?parent=4855"}],"wp:term":[{"taxonomy":"product_brand","embeddable":true,"href":"https:\/\/pgvape.com\/pl\/wp-json\/wp\/v2\/product_brand?post=4855"},{"taxonomy":"product_cat","embeddable":true,"href":"https:\/\/pgvape.com\/pl\/wp-json\/wp\/v2\/product_cat?post=4855"},{"taxonomy":"product_tag","embeddable":true,"href":"https:\/\/pgvape.com\/pl\/wp-json\/wp\/v2\/product_tag?post=4855"}],"curies":[{"name":"wp","href":"https:\/\/api.w.org\/{rel}","templated":true}]}}