{"id":4823,"date":"2025-10-30T12:57:08","date_gmt":"2025-10-30T12:57:08","guid":{"rendered":"https:\/\/pgvape.com\/?post_type=product&#038;p=4823"},"modified":"2025-12-15T12:20:47","modified_gmt":"2025-12-15T12:20:47","slug":"uzy-cztery-smaki-100000-100k-puffs-krysztal-4-w-1-smaki-jednorazowy-vape-inteligentny-wyswietlacz-vape-factory-direct","status":"publish","type":"product","link":"https:\/\/pgvape.com\/pl\/produkt\/uzy-cztery-smaki-100000-100k-puffs-krysztal-4-w-1-smaki-jednorazowy-vape-inteligentny-wyswietlacz-vape-factory-direct\/","title":{"rendered":"UZY Cztery Smaki 100000 100K Puffs Kryszta\u0142 4 w 1 Smaki Jednorazowy Vape Inteligentny Wy\u015bwietlacz Vape Factory Direct"},"content":{"rendered":"<p><strong data-sourcepos=\"4:5-4:60\">UZY Four Flavours 100K Puffs Crystal Jednorazowy waporyzator<\/strong> Rewolucjonizuje Vaping <strong data-sourcepos=\"4:88-4:116\">100 000 bardzo d\u0142ugich zaci\u0105gni\u0119\u0107<\/strong> I <strong data-sourcepos=\"4:121-4:149\">Technologia smaku 4 w 1<\/strong>. <strong data-sourcepos=\"4:161-4:193\">Cztery zbiorniki 14 ml (\u0142\u0105cznie 60 ml)<\/strong>, Oferuje <strong data-sourcepos=\"4:205-4:234\">Opcje nikotyny 2%\/3%\/5%<\/strong> i A <strong data-sourcepos=\"4:241-4:259\">Cewka z czterema siatkami<\/strong> Dla maksymalnej intensywno\u015bci smaku. <strong data-sourcepos=\"4:294-4:325\">Akumulator 650 MAH<\/strong> Z <strong data-sourcepos=\"4:331-4:350\">\u0141adowanie typu C<\/strong> I <strong data-sourcepos=\"4:355-4:370\">Wy\u015bwietlacz LED<\/strong> Zapewnia nieprzerwan\u0105 wydajno\u015b\u0107 w ca\u0142ym zakresie <strong data-sourcepos=\"4:412-4:446\">10 doskona\u0142ych kombinacji smakowych<\/strong>.<img loading=\"lazy\" decoding=\"async\" class=\"alignnone wp-image-4829 size-full\" src=\"https:\/\/pgvape.com\/wp-content\/uploads\/2025\/10\/pgvape-UZY-Four-Flavors-100K-Puffs-Disposable-Vape-4.jpg\" alt=\"Rz\u0105d kolorowych jednorazowych urz\u0105dze\u0144 do waporyzacji 4 w 1 UZY Crystal z grafik\u0105 astronauty na niebieskim tle, pokazany przed du\u017cym tekstem \u201c10000 PUFFS\u201d i nazw\u0105 marki, z ikonami wskazuj\u0105cymi cewk\u0119 z czterema siatkami, 56 ml, 650 mAh, smak 4 w 1 i port typu C\" width=\"1800\" height=\"1001\" srcset=\"https:\/\/pgvape.com\/wp-content\/uploads\/2025\/10\/pgvape-UZY-Four-Flavors-100K-Puffs-Disposable-Vape-4.jpg 1800w, https:\/\/pgvape.com\/wp-content\/uploads\/2025\/10\/pgvape-UZY-Four-Flavors-100K-Puffs-Disposable-Vape-4-555x309.jpg 555w, https:\/\/pgvape.com\/wp-content\/uploads\/2025\/10\/pgvape-UZY-Four-Flavors-100K-Puffs-Disposable-Vape-4-595x331.jpg 595w, https:\/\/pgvape.com\/wp-content\/uploads\/2025\/10\/pgvape-UZY-Four-Flavors-100K-Puffs-Disposable-Vape-4-400x222.jpg 400w, https:\/\/pgvape.com\/wp-content\/uploads\/2025\/10\/pgvape-UZY-Four-Flavors-100K-Puffs-Disposable-Vape-4-768x427.jpg 768w, https:\/\/pgvape.com\/wp-content\/uploads\/2025\/10\/pgvape-UZY-Four-Flavors-100K-Puffs-Disposable-Vape-4-1536x854.jpg 1536w, https:\/\/pgvape.com\/wp-content\/uploads\/2025\/10\/pgvape-UZY-Four-Flavors-100K-Puffs-Disposable-Vape-4-18x10.jpg 18w, https:\/\/pgvape.com\/wp-content\/uploads\/2025\/10\/pgvape-UZY-Four-Flavors-100K-Puffs-Disposable-Vape-4-600x334.jpg 600w, https:\/\/pgvape.com\/wp-content\/uploads\/2025\/10\/pgvape-UZY-Four-Flavors-100K-Puffs-Disposable-Vape-4-60x33.jpg 60w\" sizes=\"auto, (max-width: 1800px) 100vw, 1800px\" \/><\/p>\n<p>&nbsp;<\/p>\n<h2><span style=\"font-size: 90%;\">UZY Cztery Smaki 100000 | 100K Puffs Kryszta\u0142owy 4 w 1 Smaki Jednorazowy Vape <strong data-sourcepos=\"10:5-10:31\">Dane techniczne<\/strong><\/span><\/h2>\n<p><strong data-sourcepos=\"7:3-7:17\">Liczba puf\u00f3w<\/strong>:\u00a0<strong data-sourcepos=\"7:19-7:36\">100 000 zaci\u0105gni\u0119\u0107<\/strong><\/p>\n<p><strong data-sourcepos=\"8:3-8:15\">E-ciecz<\/strong>:\u00a0<strong data-sourcepos=\"8:17-8:48\">Zbiorniki 14 ML \u00d7 4 (\u0142\u0105cznie 60 ML)<\/strong><\/p>\n<p><strong data-sourcepos=\"9:3-9:15\">Nikotyna<\/strong>:\u00a0<strong data-sourcepos=\"9:17-9:33\">2% \/ 3% \/ 5%<\/strong><\/p>\n<p><strong data-sourcepos=\"10:3-10:14\">Bateria<\/strong>:\u00a0<strong data-sourcepos=\"10:16-10:39\">Akumulator 650 MAH<\/strong><\/p>\n<p><strong data-sourcepos=\"11:3-11:11\">Cewka<\/strong>:\u00a0<strong data-sourcepos=\"11:13-11:38\">System czterech cewek siatkowych<\/strong><\/p>\n<p><strong data-sourcepos=\"12:3-12:15\">\u0141adowanie<\/strong>:\u00a0<strong data-sourcepos=\"12:17-12:39\">Szybkie \u0142adowanie typu C<\/strong><\/p>\n<p><strong data-sourcepos=\"13:3-13:14\">Wy\u015bwietlacz<\/strong>:\u00a0<strong data-sourcepos=\"13:16-13:30\">Ekran LED<\/strong><\/p>\n<p><strong data-sourcepos=\"14:3-14:19\">Tryby smakowe<\/strong>:\u00a0<strong data-sourcepos=\"14:21-14:41\">Prze\u0142\u0105czanie 4 w 1<\/strong><\/p>\n<p><strong data-sourcepos=\"15:3-15:16\">Opakowanie<\/strong>:\u00a0<strong data-sourcepos=\"15:18-15:36\">10 urz\u0105dze\u0144\/pude\u0142ko<\/strong><\/p>\n<p>&nbsp;<\/p>\n<h3><span style=\"font-size: 90%;\">UZY Cztery Smaki 100000 | 100K Puffs Kryszta\u0142owy 4 w 1 Smaki Jednorazowy Vape <strong data-sourcepos=\"22:5-22:20\">Lista smak\u00f3w<\/strong><\/span><\/h3>\n<p>1.Truskawkowy Arbuz i Niebieski Razz Ice i Bor\u00f3wka Malina Wi\u015bnia i Gazowana Wi\u015bnia Ice<\/p>\n<p>2. L\u00f3d brzoskwiniowy, wi\u015bnia jagodowa, nap\u00f3j energetyczny i liczi arbuzowe<\/p>\n<p>3. Lody jagodowe i truskawki, banany i dwa jab\u0142ka i kr\u0119gle<\/p>\n<p>4.L\u00f3d wi\u015bniowy i l\u00f3d winogronowy oraz marakuja, mango i mi\u0142o\u015b\u0107 66<\/p>\n<p>5. L\u00f3d jagodowy i mango, brzoskwinia, morela i kiwi, marakuja, gujawa i bia\u0142a brzoskwinia Razz<\/p>\n<p>6.Brzoskwinia Mango Ananas i Jagoda Malina i Cytryna Limonka i Arbuz Guma balonowa<\/p>\n<p>7. Mieszanka jag\u00f3d i marakuji, kiwi, limonki i \u017curawiny, winogron i truskawek, kiwi<\/p>\n<p>8. Truskawkowy l\u00f3d i \u017celkowy mi\u015b, arbuzowy smoczy owoc i jagoda kiwi<\/p>\n<p>9. Arbuz L\u00f3d i Blue Razz Wi\u015bnia i Arbuz Kwa\u015bna Brzoskwinia i Marakuja Kiwi<\/p>\n<p>10.Truskawkowe Mango i Mr Blue oraz letni l\u00f3d brzoskwiniowy i czarny l\u00f3d<br \/>\n<img loading=\"lazy\" decoding=\"async\" class=\"alignnone wp-image-4830 size-full\" src=\"https:\/\/pgvape.com\/wp-content\/uploads\/2025\/10\/pgvape-UZY-Four-Flavors-100K-Puffs-Disposable-Vape-5.jpg\" alt=\"Plakat reklamowy z pogrubionym tekstem &#039;CRYSTAL 4IN1 100000 Puffs&#039; przedstawiaj\u0105cy rz\u0119dy kolorowych jednorazowych urz\u0105dze\u0144 do waporyzacji UZY i opakowa\u0144 w pude\u0142kach oraz listy wielu smak\u00f3w na t\u0119czowym gradientowym tle.\" width=\"1200\" height=\"1199\" srcset=\"https:\/\/pgvape.com\/wp-content\/uploads\/2025\/10\/pgvape-UZY-Four-Flavors-100K-Puffs-Disposable-Vape-5.jpg 1200w, https:\/\/pgvape.com\/wp-content\/uploads\/2025\/10\/pgvape-UZY-Four-Flavors-100K-Puffs-Disposable-Vape-5-360x360.jpg 360w, https:\/\/pgvape.com\/wp-content\/uploads\/2025\/10\/pgvape-UZY-Four-Flavors-100K-Puffs-Disposable-Vape-5-595x595.jpg 595w, https:\/\/pgvape.com\/wp-content\/uploads\/2025\/10\/pgvape-UZY-Four-Flavors-100K-Puffs-Disposable-Vape-5-400x400.jpg 400w, https:\/\/pgvape.com\/wp-content\/uploads\/2025\/10\/pgvape-UZY-Four-Flavors-100K-Puffs-Disposable-Vape-5-768x767.jpg 768w, https:\/\/pgvape.com\/wp-content\/uploads\/2025\/10\/pgvape-UZY-Four-Flavors-100K-Puffs-Disposable-Vape-5-12x12.jpg 12w, https:\/\/pgvape.com\/wp-content\/uploads\/2025\/10\/pgvape-UZY-Four-Flavors-100K-Puffs-Disposable-Vape-5-300x300.jpg 300w, https:\/\/pgvape.com\/wp-content\/uploads\/2025\/10\/pgvape-UZY-Four-Flavors-100K-Puffs-Disposable-Vape-5-600x600.jpg 600w, https:\/\/pgvape.com\/wp-content\/uploads\/2025\/10\/pgvape-UZY-Four-Flavors-100K-Puffs-Disposable-Vape-5-100x100.jpg 100w, https:\/\/pgvape.com\/wp-content\/uploads\/2025\/10\/pgvape-UZY-Four-Flavors-100K-Puffs-Disposable-Vape-5-40x40.jpg 40w\" sizes=\"auto, (max-width: 1200px) 100vw, 1200px\" \/><\/p>\n<p>&nbsp;<\/p>\n<h3><span style=\"font-size: 90%;\">UZY Cztery Smaki 100000 | 100K Puffs Kryszta\u0142owy 4 w 1 Smaki Jednorazowy Vape <strong>Wideo<\/strong>:<\/span><\/h3>\n<p>&nbsp;<\/p>\n<h2>Cz\u0119sto zadawane pytania na temat UZY Four Flavours 100000 | 100K Puffs Crystal Jednorazowy Vape o smakach 4 w 1<\/h2>\n<p data-sourcepos=\"25:1-26:85\">\u2753 <strong data-sourcepos=\"25:3-25:45\">Jak dzia\u0142a prze\u0142\u0105czanie smak\u00f3w 4 w 1?<\/strong><br \/>\n\u2705 Natychmiast prze\u0142\u0105czaj si\u0119 pomi\u0119dzy <strong data-sourcepos=\"26:27-26:54\">Cztery fabrycznie za\u0142adowane smaki<\/strong> Z prostymi przyciskami steruj\u0105cymi.<\/p>\n<p data-sourcepos=\"28:1-29:80\">\u2753 <strong data-sourcepos=\"28:3-28:38\">Co umo\u017cliwia zaci\u0105gni\u0119cie si\u0119 za 100 tys.?<\/strong><br \/>\n\u2705 <strong data-sourcepos=\"29:3-29:38\">\u0141\u0105czna pojemno\u015b\u0107 e-liquidu 60 ml<\/strong> + <strong data-sourcepos=\"29:41-29:77\">Wysokowydajny system z czterema cewkami<\/strong>.<\/p>\n<p data-sourcepos=\"31:1-32:81\">\u2753 <strong data-sourcepos=\"31:3-31:38\">Czy produkcja pary jest imponuj\u0105ca?<\/strong><br \/>\n\u2705 <strong data-sourcepos=\"32:3-32:22\">Cztery cewki siatkowe<\/strong> Dostarcza\u0107 <strong data-sourcepos=\"32:31-32:52\">50% G\u0119stsze chmury<\/strong> Ni\u017c standardowe artyku\u0142y jednorazowe.<\/p>\n<p data-sourcepos=\"34:1-35:66\">\u2753 <strong data-sourcepos=\"34:3-34:34\">Jak wygodne jest \u0142adowanie?<\/strong><br \/>\n\u2705 <strong data-sourcepos=\"35:3-35:18\">Port typu C<\/strong> Zapewnia pe\u0142ne \u0142adowanie poni\u017cej <strong data-sourcepos=\"35:49-35:63\">45 minut<\/strong>.<\/p>\n<p data-sourcepos=\"37:1-38:73\">\u2753 <strong data-sourcepos=\"37:3-37:29\">Dla kogo jest to idealne rozwi\u0105zanie?<\/strong><br \/>\n\u2705 Pragniemy waper\u00f3w <strong data-sourcepos=\"38:18-38:37\">Maksymalna r\u00f3\u017cnorodno\u015b\u0107<\/strong> + <strong data-sourcepos=\"38:40-38:56\">Rozszerzone u\u017cytkowanie<\/strong> W jednym urz\u0105dzeniu.<\/p>\n<p>&nbsp;<\/p>\n<h3 id=\"brxe-najhln\" class=\"brxe-heading\">Cz\u0119sto zadawane pytania (FAQ)<\/h3>\n<div id=\"brxe-rajiac\" class=\"brxe-text\">\n<p><strong>P: Jakie metody p\u0142atno\u015bci akceptujecie?<\/strong><br \/>\nOdp.: Akceptujemy PayPal, Stripe, przelewy bankowe (obs\u0142ugiwane SEPA), g\u0142\u00f3wne karty kredytowe (Visa, MasterCard, American Express) i p\u0142atno\u015bci w kryptowalutach.<\/p>\n<p><strong>P: Jak d\u0142ugo trwa przygotowanie zam\u00f3wienia?<\/strong><br \/>\nOdp.: Przygotowanie zam\u00f3wienia zajmuje 1-3 dni robocze.<\/p>\n<p><strong>P: Jaki jest czas wysy\u0142ki?<\/strong><br \/>\nOdp.: Czas wysy\u0142ki wynosi 7-14 dni roboczych, w zale\u017cno\u015bci od Twojej lokalizacji.<\/p>\n<p><strong>P: Jak mog\u0119 \u015bledzi\u0107 moje zam\u00f3wienie?<\/strong><br \/>\nOdp.: Po wysy\u0142ce otrzymasz wiadomo\u015b\u0107 e-mail z potwierdzeniem i numerem przesy\u0142ki umo\u017cliwiaj\u0105cym \u015bledzenie w czasie rzeczywistym.<\/p>\n<p><strong>P: Jaka jest Twoja polityka zwrot\u00f3w?<\/strong><br \/>\nOdp.: Oferujemy 30-dniow\u0105 polityk\u0119 zwrot\u00f3w lub wymiany. .<\/p>\n<p><strong>P: Czy wyst\u0105pi\u0105 jakie\u015b problemy celne?<br \/>\n<\/strong>Obs\u0142ugujemy wszystkie procedury odprawy celnej, aby zapewni\u0107 Ci bezproblemow\u0105 obs\u0142ug\u0119. .<\/p>\n<p><strong>P: Jakie metody wysy\u0142ki s\u0105 stosowane?<\/strong><br \/>\nWsp\u00f3\u0142pracujemy z firmami UPS\/DHL\/FEDEX\/DPD itp. W zale\u017cno\u015bci od kraju dostawy wybierzemy odpowiedni\u0105 opcj\u0119 wysy\u0142ki, tak aby produkty dotar\u0142y do \u200b\u200bPa\u0144stwa najszybciej jak to mo\u017cliwe.<\/p>\n<p><a href=\"https:\/\/pgvape.com\/pl\/czesto-zadawane-pytania\/\">Kliknij tutaj, aby uzyska\u0107 wi\u0119cej cz\u0119sto zadawanych pyta\u0144<\/a><\/p>\n<p>Szanowni klienci, je\u015bli masz jakiekolwiek pytania dotycz\u0105ce zam\u00f3wienia lub przybycia towaru, skontaktuj si\u0119 z naszym dzia\u0142em obs\u0142ugi klienta. Dzi\u0119kuj\u0119!<\/p>\n<h3 data-sourcepos=\"73:1-73:21\"><strong data-sourcepos=\"73:7-73:21\">Skontaktuj si\u0119 z nami<\/strong><\/h3>\n<div id=\"text-2419739398\" class=\"text\">\n<p><strong data-sourcepos=\"75:3-75:12\">E-mail<\/strong>:\u00a0<a href=\"mailto:support@pgvape.com\"><strong>support@pgvape.com<\/strong><\/a><\/p>\n<p><strong data-sourcepos=\"76:3-76:15\">WhatsApp<\/strong>:\u00a0<a href=\"https:\/\/wa.me\/+8618128481258\"><strong>+86 18128481258<\/strong><\/a><br \/>\n<strong>(Odpowied\u017a w ci\u0105gu 24 godzin w dni robocze)<\/strong><\/p>\n<\/div>\n<h3><strong>Dzi\u0119kujemy za wybranie pgvape.com! .<\/strong><\/h3>\n<\/div>","protected":false},"excerpt":{"rendered":"<p><strong data-sourcepos=\"41:5-41:36\">Ptysie UZY Cztery Smaki 100 tys<\/strong> Ustanawia nowy standard dzi\u0119ki <strong data-sourcepos=\"41:64-41:92\">Bezprecedensowa liczba zaci\u0105gni\u0119\u0107<\/strong>, <strong data-sourcepos=\"41:94-41:121\">Elastyczno\u015b\u0107 w czterech smakach<\/strong>, I <strong data-sourcepos=\"41:127-41:160\">Zaawansowana technologia czterech cewek<\/strong> Dla najlepszego jednorazowego do\u015bwiadczenia Vape.<\/p>","protected":false},"featured_media":4827,"comment_status":"open","ping_status":"closed","template":"","meta":{"_seopress_robots_primary_cat":"none","_seopress_titles_title":"%%post_title%% %%sep%% %%sitetitle%%","_seopress_titles_desc":"","_seopress_robots_index":""},"product_brand":[516,138],"product_cat":[170,515,27],"product_tag":[395,396,90,397,394,204],"class_list":{"0":"post-4823","1":"product","2":"type-product","3":"status-publish","4":"has-post-thumbnail","6":"product_brand-disposable-vape","7":"product_brand-uzy-crystal-twin-vape","8":"product_cat-100k-puffs-vape","9":"product_cat-disposable-vape","10":"product_cat-uzy-vape","11":"product_tag-100k-puffs-vape","12":"product_tag-crystal-4-in-1-flavors","13":"product_tag-disposable-vape","14":"product_tag-smart-display","15":"product_tag-uzy-four-flavors-100000","16":"product_tag-vape-factory-direct","18":"first","19":"instock","20":"sale","21":"shipping-taxable","22":"purchasable","23":"product-type-variable"},"_links":{"self":[{"href":"https:\/\/pgvape.com\/pl\/wp-json\/wp\/v2\/product\/4823","targetHints":{"allow":["GET"]}}],"collection":[{"href":"https:\/\/pgvape.com\/pl\/wp-json\/wp\/v2\/product"}],"about":[{"href":"https:\/\/pgvape.com\/pl\/wp-json\/wp\/v2\/types\/product"}],"replies":[{"embeddable":true,"href":"https:\/\/pgvape.com\/pl\/wp-json\/wp\/v2\/comments?post=4823"}],"wp:featuredmedia":[{"embeddable":true,"href":"https:\/\/pgvape.com\/pl\/wp-json\/wp\/v2\/media\/4827"}],"wp:attachment":[{"href":"https:\/\/pgvape.com\/pl\/wp-json\/wp\/v2\/media?parent=4823"}],"wp:term":[{"taxonomy":"product_brand","embeddable":true,"href":"https:\/\/pgvape.com\/pl\/wp-json\/wp\/v2\/product_brand?post=4823"},{"taxonomy":"product_cat","embeddable":true,"href":"https:\/\/pgvape.com\/pl\/wp-json\/wp\/v2\/product_cat?post=4823"},{"taxonomy":"product_tag","embeddable":true,"href":"https:\/\/pgvape.com\/pl\/wp-json\/wp\/v2\/product_tag?post=4823"}],"curies":[{"name":"wp","href":"https:\/\/api.w.org\/{rel}","templated":true}]}}